{"id":1221,"date":"2023-10-04T01:04:11","date_gmt":"2023-10-03T23:04:11","guid":{"rendered":"https:\/\/nuevaweb.cpl.es\/producto\/el-sentido-espiritual-de-la-liturgia-9788491652366\/"},"modified":"2024-02-06T13:58:09","modified_gmt":"2024-02-06T12:58:09","slug":"el-sentido-espiritual-de-la-liturgia-9788491652366","status":"publish","type":"product","link":"https:\/\/www.cpl.es\/ca\/producto\/el-sentido-espiritual-de-la-liturgia-9788491652366\/","title":{"rendered":"El sentido espiritual de la liturgia"},"content":{"rendered":"<p>La pregunta que en los Hechos de los Ap\u00f3stoles Felipe hace al et\u00edope funcionario de Candace cuando intentaba leer al profeta Isa\u00edas -\u00ab\u00bfEntiendes lo que est\u00e1s leyendo?\u00bb (Hch 8,30)- tambi\u00e9n vale para la liturgia: \u00ab\u00bfEntiendes lo que est\u00e1s celebrando?\u00bb. La respuesta es la misma del et\u00edope: \u00ab\u00bfY c\u00f3mo puedo entender, si nadie me gu\u00eda?\u00bb (Hch 8,31). La mistagog\u00eda es el m\u00e9todo y el instrumento que la Iglesia antigua nos ha legado para guiar hacia el misterio, para hacer que los creyentes vivan de lo que celebran. Lo que la lectio divina es para las Escrituras, es la mistagog\u00eda para la liturgia, aunque as\u00ed como en las \u00faltimas d\u00e9cadas los creyentes han crecido grandemente en el conocimiento de la Biblia, que se ha convertido en verdadero alimento de su vida espiritual, no ha ocurrido lo mismo con la liturgia. Por esta raz\u00f3n, Boselli, a trav\u00e9s de diversos art\u00edculos, propone una lectura mistag\u00f3gica de algunas partes de la celebraci\u00f3n eucar\u00edstica y al mismo tiempo actualiza el sentido de la liturgia como modo de ser Iglesia y como manantial de \u00e9tica social y evangelizadora.<\/p>\n<p>Goffredo Boselli es monje del Monasterio de Bose (Italia). Es doctor en teolog\u00eda por el Instituto Cat\u00f3lico de Par\u00eds y M\u00e1ster en Historia de las religiones y antropolog\u00eda religiosa por la Universidad de la Sorbona Par\u00eds IV. Desde el a\u00f1o 2000 es responsable de la liturgia del monasterio de Bose. Es miembro del Comit\u00e9 cient\u00edfico de las Conferencias Internacionales Lit\u00fargicas de Bose, del que es comisario. Desde 2003 colabora con la Comisi\u00f3n Episcopal de Liturgia de la Conferencia Episcopal Italiana de la que es consultor. <\/p>\n","protected":false},"excerpt":{"rendered":"<p>Boselli, Goffredo <\/p>\n","protected":false},"featured_media":1222,"template":"","meta":{"_acf_changed":false,"inline_featured_image":false},"product_brand":[],"product_cat":[46,74,84,61],"product_tag":[],"class_list":{"0":"post-1221","1":"product","2":"type-product","3":"status-publish","4":"has-post-thumbnail","6":"product_cat-biblioteca-liturgica","7":"product_cat-biblioteca-liturgica-colleccions-catala","8":"product_cat-liturgia-i-teologia","9":"product_cat-liturgia-y-teologia","11":"first","12":"instock","13":"taxable","14":"shipping-taxable","15":"purchasable","16":"product-type-simple"},"acf":{"autor":"Boselli, Goffredo ","codart":"111059","ediciones":"1","encuadernacion":"Cartone","fecha_de_publicacion":"10\/10\/2019","novedad":false,"paginas":"188","subtitulo":"","orden":"999","portada":false,"idioma":"spa","editorial":[{"ID":6736,"post_author":"2","post_date":"2023-10-06 08:35:24","post_date_gmt":"2023-10-06 06:35:24","post_content":"","post_title":"CPL","post_excerpt":"","post_status":"publish","comment_status":"closed","ping_status":"closed","post_password":"","post_name":"cpl","to_ping":"","pinged":"","post_modified":"2023-10-06 08:35:24","post_modified_gmt":"2023-10-06 06:35:24","post_content_filtered":"","post_parent":0,"guid":"https:\/\/nuevaweb.cpl.es\/editorial\/cpl\/","menu_order":0,"post_type":"editorial","post_mime_type":"","comment_count":"0","filter":"raw"}]},"yoast_head":"<!-- This site is optimized with the Yoast SEO plugin v27.3 - https:\/\/yoast.com\/product\/yoast-seo-wordpress\/ -->\n<title>El sentido espiritual de la liturgia - CPL<\/title>\n<meta name=\"robots\" content=\"index, follow, max-snippet:-1, max-image-preview:large, max-video-preview:-1\" \/>\n<link rel=\"canonical\" href=\"https:\/\/www.cpl.es\/producto\/el-sentido-espiritual-de-la-liturgia-9788491652366\/\" \/>\n<meta property=\"og:locale\" content=\"ca_ES\" \/>\n<meta property=\"og:type\" content=\"article\" \/>\n<meta property=\"og:title\" content=\"El sentido espiritual de la liturgia - CPL\" \/>\n<meta property=\"og:description\" content=\"Boselli, Goffredo\" \/>\n<meta property=\"og:url\" content=\"https:\/\/www.cpl.es\/producto\/el-sentido-espiritual-de-la-liturgia-9788491652366\/\" \/>\n<meta property=\"og:site_name\" content=\"CPL\" \/>\n<meta property=\"article:modified_time\" content=\"2024-02-06T12:58:09+00:00\" \/>\n<meta property=\"og:image\" content=\"https:\/\/www.cpl.es\/wp-content\/uploads\/111059.jpg\" \/>\n\t<meta property=\"og:image:width\" content=\"280\" \/>\n\t<meta property=\"og:image:height\" content=\"385\" \/>\n\t<meta property=\"og:image:type\" content=\"image\/jpeg\" \/>\n<meta name=\"twitter:card\" content=\"summary_large_image\" \/>\n<meta name=\"twitter:label1\" content=\"Temps estimat de lectura\" \/>\n\t<meta name=\"twitter:data1\" content=\"1 minut\" \/>\n<script type=\"application\/ld+json\" class=\"yoast-schema-graph\">{\"@context\":\"https:\\\/\\\/schema.org\",\"@graph\":[{\"@type\":\"WebPage\",\"@id\":\"https:\\\/\\\/www.cpl.es\\\/producto\\\/el-sentido-espiritual-de-la-liturgia-9788491652366\\\/\",\"url\":\"https:\\\/\\\/www.cpl.es\\\/producto\\\/el-sentido-espiritual-de-la-liturgia-9788491652366\\\/\",\"name\":\"El sentido espiritual de la liturgia - CPL\",\"isPartOf\":{\"@id\":\"https:\\\/\\\/www.cpl.es\\\/#website\"},\"primaryImageOfPage\":{\"@id\":\"https:\\\/\\\/www.cpl.es\\\/producto\\\/el-sentido-espiritual-de-la-liturgia-9788491652366\\\/#primaryimage\"},\"image\":{\"@id\":\"https:\\\/\\\/www.cpl.es\\\/producto\\\/el-sentido-espiritual-de-la-liturgia-9788491652366\\\/#primaryimage\"},\"thumbnailUrl\":\"https:\\\/\\\/www.cpl.es\\\/wp-content\\\/uploads\\\/111059.jpg\",\"datePublished\":\"2023-10-03T23:04:11+00:00\",\"dateModified\":\"2024-02-06T12:58:09+00:00\",\"breadcrumb\":{\"@id\":\"https:\\\/\\\/www.cpl.es\\\/producto\\\/el-sentido-espiritual-de-la-liturgia-9788491652366\\\/#breadcrumb\"},\"inLanguage\":\"ca\",\"potentialAction\":[{\"@type\":\"ReadAction\",\"target\":[\"https:\\\/\\\/www.cpl.es\\\/producto\\\/el-sentido-espiritual-de-la-liturgia-9788491652366\\\/\"]}]},{\"@type\":\"ImageObject\",\"inLanguage\":\"ca\",\"@id\":\"https:\\\/\\\/www.cpl.es\\\/producto\\\/el-sentido-espiritual-de-la-liturgia-9788491652366\\\/#primaryimage\",\"url\":\"https:\\\/\\\/www.cpl.es\\\/wp-content\\\/uploads\\\/111059.jpg\",\"contentUrl\":\"https:\\\/\\\/www.cpl.es\\\/wp-content\\\/uploads\\\/111059.jpg\",\"width\":280,\"height\":385,\"caption\":\"111059.jpg\"},{\"@type\":\"BreadcrumbList\",\"@id\":\"https:\\\/\\\/www.cpl.es\\\/producto\\\/el-sentido-espiritual-de-la-liturgia-9788491652366\\\/#breadcrumb\",\"itemListElement\":[{\"@type\":\"ListItem\",\"position\":1,\"name\":\"Portada\",\"item\":\"https:\\\/\\\/www.cpl.es\\\/ca\\\/\"},{\"@type\":\"ListItem\",\"position\":2,\"name\":\"Cat\u00e0leg\",\"item\":\"https:\\\/\\\/www.cpl.es\\\/ca\\\/cataleg\\\/\"},{\"@type\":\"ListItem\",\"position\":3,\"name\":\"El sentido espiritual de la liturgia\"}]},{\"@type\":\"WebSite\",\"@id\":\"https:\\\/\\\/www.cpl.es\\\/#website\",\"url\":\"https:\\\/\\\/www.cpl.es\\\/\",\"name\":\"CPL\",\"description\":\"Centre de Pastoral Lit\u00fargica de Barcelona\",\"publisher\":{\"@id\":\"https:\\\/\\\/www.cpl.es\\\/#organization\"},\"alternateName\":\"Centre de Pastoral Lit\u00fargica\",\"potentialAction\":[{\"@type\":\"SearchAction\",\"target\":{\"@type\":\"EntryPoint\",\"urlTemplate\":\"https:\\\/\\\/www.cpl.es\\\/?s={search_term_string}\"},\"query-input\":{\"@type\":\"PropertyValueSpecification\",\"valueRequired\":true,\"valueName\":\"search_term_string\"}}],\"inLanguage\":\"ca\"},{\"@type\":\"Organization\",\"@id\":\"https:\\\/\\\/www.cpl.es\\\/#organization\",\"name\":\"Centre de Pastoral Lit\u00fargica\",\"alternateName\":\"Centre de Pastoral Lit\u00fargica de Barcelona\",\"url\":\"https:\\\/\\\/www.cpl.es\\\/\",\"logo\":{\"@type\":\"ImageObject\",\"inLanguage\":\"ca\",\"@id\":\"https:\\\/\\\/www.cpl.es\\\/#\\\/schema\\\/logo\\\/image\\\/\",\"url\":\"https:\\\/\\\/www.cpl.es\\\/wp-content\\\/uploads\\\/logo-cpl.svg\",\"contentUrl\":\"https:\\\/\\\/www.cpl.es\\\/wp-content\\\/uploads\\\/logo-cpl.svg\",\"caption\":\"Centre de Pastoral Lit\u00fargica\"},\"image\":{\"@id\":\"https:\\\/\\\/www.cpl.es\\\/#\\\/schema\\\/logo\\\/image\\\/\"}}]}<\/script>\n<!-- \/ Yoast SEO plugin. -->","yoast_head_json":{"title":"El sentido espiritual de la liturgia - CPL","robots":{"index":"index","follow":"follow","max-snippet":"max-snippet:-1","max-image-preview":"max-image-preview:large","max-video-preview":"max-video-preview:-1"},"canonical":"https:\/\/www.cpl.es\/producto\/el-sentido-espiritual-de-la-liturgia-9788491652366\/","og_locale":"ca_ES","og_type":"article","og_title":"El sentido espiritual de la liturgia - CPL","og_description":"Boselli, Goffredo","og_url":"https:\/\/www.cpl.es\/producto\/el-sentido-espiritual-de-la-liturgia-9788491652366\/","og_site_name":"CPL","article_modified_time":"2024-02-06T12:58:09+00:00","og_image":[{"width":280,"height":385,"url":"https:\/\/www.cpl.es\/wp-content\/uploads\/111059.jpg","type":"image\/jpeg"}],"twitter_card":"summary_large_image","twitter_misc":{"Temps estimat de lectura":"1 minut"},"schema":{"@context":"https:\/\/schema.org","@graph":[{"@type":"WebPage","@id":"https:\/\/www.cpl.es\/producto\/el-sentido-espiritual-de-la-liturgia-9788491652366\/","url":"https:\/\/www.cpl.es\/producto\/el-sentido-espiritual-de-la-liturgia-9788491652366\/","name":"El sentido espiritual de la liturgia - CPL","isPartOf":{"@id":"https:\/\/www.cpl.es\/#website"},"primaryImageOfPage":{"@id":"https:\/\/www.cpl.es\/producto\/el-sentido-espiritual-de-la-liturgia-9788491652366\/#primaryimage"},"image":{"@id":"https:\/\/www.cpl.es\/producto\/el-sentido-espiritual-de-la-liturgia-9788491652366\/#primaryimage"},"thumbnailUrl":"https:\/\/www.cpl.es\/wp-content\/uploads\/111059.jpg","datePublished":"2023-10-03T23:04:11+00:00","dateModified":"2024-02-06T12:58:09+00:00","breadcrumb":{"@id":"https:\/\/www.cpl.es\/producto\/el-sentido-espiritual-de-la-liturgia-9788491652366\/#breadcrumb"},"inLanguage":"ca","potentialAction":[{"@type":"ReadAction","target":["https:\/\/www.cpl.es\/producto\/el-sentido-espiritual-de-la-liturgia-9788491652366\/"]}]},{"@type":"ImageObject","inLanguage":"ca","@id":"https:\/\/www.cpl.es\/producto\/el-sentido-espiritual-de-la-liturgia-9788491652366\/#primaryimage","url":"https:\/\/www.cpl.es\/wp-content\/uploads\/111059.jpg","contentUrl":"https:\/\/www.cpl.es\/wp-content\/uploads\/111059.jpg","width":280,"height":385,"caption":"111059.jpg"},{"@type":"BreadcrumbList","@id":"https:\/\/www.cpl.es\/producto\/el-sentido-espiritual-de-la-liturgia-9788491652366\/#breadcrumb","itemListElement":[{"@type":"ListItem","position":1,"name":"Portada","item":"https:\/\/www.cpl.es\/ca\/"},{"@type":"ListItem","position":2,"name":"Cat\u00e0leg","item":"https:\/\/www.cpl.es\/ca\/cataleg\/"},{"@type":"ListItem","position":3,"name":"El sentido espiritual de la liturgia"}]},{"@type":"WebSite","@id":"https:\/\/www.cpl.es\/#website","url":"https:\/\/www.cpl.es\/","name":"CPL","description":"Centre de Pastoral Lit\u00fargica de Barcelona","publisher":{"@id":"https:\/\/www.cpl.es\/#organization"},"alternateName":"Centre de Pastoral Lit\u00fargica","potentialAction":[{"@type":"SearchAction","target":{"@type":"EntryPoint","urlTemplate":"https:\/\/www.cpl.es\/?s={search_term_string}"},"query-input":{"@type":"PropertyValueSpecification","valueRequired":true,"valueName":"search_term_string"}}],"inLanguage":"ca"},{"@type":"Organization","@id":"https:\/\/www.cpl.es\/#organization","name":"Centre de Pastoral Lit\u00fargica","alternateName":"Centre de Pastoral Lit\u00fargica de Barcelona","url":"https:\/\/www.cpl.es\/","logo":{"@type":"ImageObject","inLanguage":"ca","@id":"https:\/\/www.cpl.es\/#\/schema\/logo\/image\/","url":"https:\/\/www.cpl.es\/wp-content\/uploads\/logo-cpl.svg","contentUrl":"https:\/\/www.cpl.es\/wp-content\/uploads\/logo-cpl.svg","caption":"Centre de Pastoral Lit\u00fargica"},"image":{"@id":"https:\/\/www.cpl.es\/#\/schema\/logo\/image\/"}}]}},"_links":{"self":[{"href":"https:\/\/www.cpl.es\/ca\/wp-json\/wp\/v2\/product\/1221","targetHints":{"allow":["GET"]}}],"collection":[{"href":"https:\/\/www.cpl.es\/ca\/wp-json\/wp\/v2\/product"}],"about":[{"href":"https:\/\/www.cpl.es\/ca\/wp-json\/wp\/v2\/types\/product"}],"wp:featuredmedia":[{"embeddable":true,"href":"https:\/\/www.cpl.es\/ca\/wp-json\/wp\/v2\/media\/1222"}],"wp:attachment":[{"href":"https:\/\/www.cpl.es\/ca\/wp-json\/wp\/v2\/media?parent=1221"}],"wp:term":[{"taxonomy":"product_brand","embeddable":true,"href":"https:\/\/www.cpl.es\/ca\/wp-json\/wp\/v2\/product_brand?post=1221"},{"taxonomy":"product_cat","embeddable":true,"href":"https:\/\/www.cpl.es\/ca\/wp-json\/wp\/v2\/product_cat?post=1221"},{"taxonomy":"product_tag","embeddable":true,"href":"https:\/\/www.cpl.es\/ca\/wp-json\/wp\/v2\/product_tag?post=1221"}],"curies":[{"name":"wp","href":"https:\/\/api.w.org\/{rel}","templated":true}]}}