{"id":1206,"date":"2023-10-04T01:03:44","date_gmt":"2023-10-03T23:03:44","guid":{"rendered":"https:\/\/nuevaweb.cpl.es\/producto\/rut-y-jonas-la-ternura-frente-a-los-integrismos-9788491652427\/"},"modified":"2026-02-12T17:47:52","modified_gmt":"2026-02-12T16:47:52","slug":"rut-y-jonas-la-ternura-frente-a-los-integrismos-9788491652427","status":"publish","type":"product","link":"https:\/\/www.cpl.es\/ca\/producto\/rut-y-jonas-la-ternura-frente-a-los-integrismos-9788491652427\/","title":{"rendered":"Rut y Jon\u00e1s, la ternura frente a los integrismos"},"content":{"rendered":"<p>Dos libritos amables escritos en una \u00e9poca poco amable, dice el autor. Una \u00e9poca de afirmaci\u00f3n del pueblo de Israel al volver del exilio, cuando era necesario restablecer las propias instituciones, cohesionar la convivencia y reconstruir la identidad nacional y religiosa despu\u00e9s de un largo per\u00edodo de disgregaci\u00f3n. Un momento poco favorable, en definitiva, para la acogida del extranjero, que era visto como un elemento contaminante y distorsionador, y un momento en el que el celo religioso corr\u00eda el riesgo de levantar barreras infranqueables. Los libros de Rut y de Jon\u00e1s son un buen ant\u00eddoto contra el recelo frente al extranjero o a quien no piensa como nosotros, de una oportuna actualidad en los tiempos que corren, cuando en lugar de puentes entre las personas se construyen muros. La dulzura y determinaci\u00f3n de Rut y la historia, no exenta de buen humor, del malhumorado profeta Jon\u00e1s expresan bien otra forma de entender las relaciones humanas y el Amor de Dios.<\/p>\n<p>Josep Lligadas Vendrell naci\u00f3 en Viladecans en 1950. Estudi\u00f3 Teolog\u00eda en la Facultad de Teolog\u00eda de Catalu\u00f1a y obtuvo el doctorado en la Pontificia Universidad Gregoriana de Roma, con una tesis sobre la eficacia sacramental seg\u00fan el Concilio de Trento. Vinculado al CPL desde muy joven, ha sido director de la revista Misa Dominical, ha dirigido tambi\u00e9n varias colecciones del mismo CPL, y ha publicado un n\u00famero notable de libros y materiales de tema lit\u00fargico, teol\u00f3gico, espiritual y pastoral. Es, adem\u00e1s, autor de diversos libros de historia local de Viladecans y de Matar\u00f3, y dirige las revistas L\u2019Agulla y Viladecans Punt de Trobada.<\/p>\n","protected":false},"excerpt":{"rendered":"<p>Lligadas Vendrell, Josep<\/p>\n","protected":false},"featured_media":1207,"template":"","meta":{"_acf_changed":false,"inline_featured_image":false},"product_brand":[],"product_cat":[82,59,73,49],"product_tag":[],"class_list":{"0":"post-1206","1":"product","2":"type-product","3":"status-publish","4":"has-post-thumbnail","6":"product_cat-biblia-per-temes-catala","7":"product_cat-biblia","8":"product_cat-emaus-colleccions-catala","9":"product_cat-emaus","11":"first","12":"instock","13":"taxable","14":"shipping-taxable","15":"purchasable","16":"product-type-simple"},"acf":{"autor":"Lligadas Vendrell, Josep","codart":"108159","ediciones":"1","encuadernacion":"R\u00fastica","fecha_de_publicacion":"28\/10\/2019","novedad":false,"paginas":"104","subtitulo":"","orden":"999","portada":false,"idioma":"spa","editorial":[{"ID":6736,"post_author":"2","post_date":"2023-10-06 08:35:24","post_date_gmt":"2023-10-06 06:35:24","post_content":"","post_title":"CPL","post_excerpt":"","post_status":"publish","comment_status":"closed","ping_status":"closed","post_password":"","post_name":"cpl","to_ping":"","pinged":"","post_modified":"2023-10-06 08:35:24","post_modified_gmt":"2023-10-06 06:35:24","post_content_filtered":"","post_parent":0,"guid":"https:\/\/nuevaweb.cpl.es\/editorial\/cpl\/","menu_order":0,"post_type":"editorial","post_mime_type":"","comment_count":"0","filter":"raw"}],"coleccion_num":"159"},"yoast_head":"<!-- This site is optimized with the Yoast SEO plugin v27.3 - https:\/\/yoast.com\/product\/yoast-seo-wordpress\/ -->\n<title>Rut y Jon\u00e1s, la ternura frente a los integrismos - CPL<\/title>\n<meta name=\"robots\" content=\"index, follow, max-snippet:-1, max-image-preview:large, max-video-preview:-1\" \/>\n<link rel=\"canonical\" href=\"https:\/\/www.cpl.es\/producto\/rut-y-jonas-la-ternura-frente-a-los-integrismos-9788491652427\/\" \/>\n<meta property=\"og:locale\" content=\"ca_ES\" \/>\n<meta property=\"og:type\" content=\"article\" \/>\n<meta property=\"og:title\" content=\"Rut y Jon\u00e1s, la ternura frente a los integrismos - CPL\" \/>\n<meta property=\"og:description\" content=\"Lligadas Vendrell, Josep\" \/>\n<meta property=\"og:url\" content=\"https:\/\/www.cpl.es\/producto\/rut-y-jonas-la-ternura-frente-a-los-integrismos-9788491652427\/\" \/>\n<meta property=\"og:site_name\" content=\"CPL\" \/>\n<meta property=\"article:modified_time\" content=\"2026-02-12T16:47:52+00:00\" \/>\n<meta property=\"og:image\" content=\"https:\/\/www.cpl.es\/wp-content\/uploads\/108159.jpg\" \/>\n\t<meta property=\"og:image:width\" content=\"280\" \/>\n\t<meta property=\"og:image:height\" content=\"443\" \/>\n\t<meta property=\"og:image:type\" content=\"image\/jpeg\" \/>\n<meta name=\"twitter:card\" content=\"summary_large_image\" \/>\n<meta name=\"twitter:label1\" content=\"Temps estimat de lectura\" \/>\n\t<meta name=\"twitter:data1\" content=\"1 minut\" \/>\n<script type=\"application\/ld+json\" class=\"yoast-schema-graph\">{\"@context\":\"https:\\\/\\\/schema.org\",\"@graph\":[{\"@type\":\"WebPage\",\"@id\":\"https:\\\/\\\/www.cpl.es\\\/producto\\\/rut-y-jonas-la-ternura-frente-a-los-integrismos-9788491652427\\\/\",\"url\":\"https:\\\/\\\/www.cpl.es\\\/producto\\\/rut-y-jonas-la-ternura-frente-a-los-integrismos-9788491652427\\\/\",\"name\":\"Rut y Jon\u00e1s, la ternura frente a los integrismos - CPL\",\"isPartOf\":{\"@id\":\"https:\\\/\\\/www.cpl.es\\\/#website\"},\"primaryImageOfPage\":{\"@id\":\"https:\\\/\\\/www.cpl.es\\\/producto\\\/rut-y-jonas-la-ternura-frente-a-los-integrismos-9788491652427\\\/#primaryimage\"},\"image\":{\"@id\":\"https:\\\/\\\/www.cpl.es\\\/producto\\\/rut-y-jonas-la-ternura-frente-a-los-integrismos-9788491652427\\\/#primaryimage\"},\"thumbnailUrl\":\"https:\\\/\\\/www.cpl.es\\\/wp-content\\\/uploads\\\/108159.jpg\",\"datePublished\":\"2023-10-03T23:03:44+00:00\",\"dateModified\":\"2026-02-12T16:47:52+00:00\",\"breadcrumb\":{\"@id\":\"https:\\\/\\\/www.cpl.es\\\/producto\\\/rut-y-jonas-la-ternura-frente-a-los-integrismos-9788491652427\\\/#breadcrumb\"},\"inLanguage\":\"ca\",\"potentialAction\":[{\"@type\":\"ReadAction\",\"target\":[\"https:\\\/\\\/www.cpl.es\\\/producto\\\/rut-y-jonas-la-ternura-frente-a-los-integrismos-9788491652427\\\/\"]}]},{\"@type\":\"ImageObject\",\"inLanguage\":\"ca\",\"@id\":\"https:\\\/\\\/www.cpl.es\\\/producto\\\/rut-y-jonas-la-ternura-frente-a-los-integrismos-9788491652427\\\/#primaryimage\",\"url\":\"https:\\\/\\\/www.cpl.es\\\/wp-content\\\/uploads\\\/108159.jpg\",\"contentUrl\":\"https:\\\/\\\/www.cpl.es\\\/wp-content\\\/uploads\\\/108159.jpg\",\"width\":280,\"height\":443,\"caption\":\"108159.jpg\"},{\"@type\":\"BreadcrumbList\",\"@id\":\"https:\\\/\\\/www.cpl.es\\\/producto\\\/rut-y-jonas-la-ternura-frente-a-los-integrismos-9788491652427\\\/#breadcrumb\",\"itemListElement\":[{\"@type\":\"ListItem\",\"position\":1,\"name\":\"Portada\",\"item\":\"https:\\\/\\\/www.cpl.es\\\/ca\\\/\"},{\"@type\":\"ListItem\",\"position\":2,\"name\":\"Cat\u00e0leg\",\"item\":\"https:\\\/\\\/www.cpl.es\\\/ca\\\/cataleg\\\/\"},{\"@type\":\"ListItem\",\"position\":3,\"name\":\"Rut y Jon\u00e1s, la ternura frente a los integrismos\"}]},{\"@type\":\"WebSite\",\"@id\":\"https:\\\/\\\/www.cpl.es\\\/#website\",\"url\":\"https:\\\/\\\/www.cpl.es\\\/\",\"name\":\"CPL\",\"description\":\"Centre de Pastoral Lit\u00fargica de Barcelona\",\"publisher\":{\"@id\":\"https:\\\/\\\/www.cpl.es\\\/#organization\"},\"alternateName\":\"Centre de Pastoral Lit\u00fargica\",\"potentialAction\":[{\"@type\":\"SearchAction\",\"target\":{\"@type\":\"EntryPoint\",\"urlTemplate\":\"https:\\\/\\\/www.cpl.es\\\/?s={search_term_string}\"},\"query-input\":{\"@type\":\"PropertyValueSpecification\",\"valueRequired\":true,\"valueName\":\"search_term_string\"}}],\"inLanguage\":\"ca\"},{\"@type\":\"Organization\",\"@id\":\"https:\\\/\\\/www.cpl.es\\\/#organization\",\"name\":\"Centre de Pastoral Lit\u00fargica\",\"alternateName\":\"Centre de Pastoral Lit\u00fargica de Barcelona\",\"url\":\"https:\\\/\\\/www.cpl.es\\\/\",\"logo\":{\"@type\":\"ImageObject\",\"inLanguage\":\"ca\",\"@id\":\"https:\\\/\\\/www.cpl.es\\\/#\\\/schema\\\/logo\\\/image\\\/\",\"url\":\"https:\\\/\\\/www.cpl.es\\\/wp-content\\\/uploads\\\/logo-cpl.svg\",\"contentUrl\":\"https:\\\/\\\/www.cpl.es\\\/wp-content\\\/uploads\\\/logo-cpl.svg\",\"caption\":\"Centre de Pastoral Lit\u00fargica\"},\"image\":{\"@id\":\"https:\\\/\\\/www.cpl.es\\\/#\\\/schema\\\/logo\\\/image\\\/\"}}]}<\/script>\n<!-- \/ Yoast SEO plugin. -->","yoast_head_json":{"title":"Rut y Jon\u00e1s, la ternura frente a los integrismos - CPL","robots":{"index":"index","follow":"follow","max-snippet":"max-snippet:-1","max-image-preview":"max-image-preview:large","max-video-preview":"max-video-preview:-1"},"canonical":"https:\/\/www.cpl.es\/producto\/rut-y-jonas-la-ternura-frente-a-los-integrismos-9788491652427\/","og_locale":"ca_ES","og_type":"article","og_title":"Rut y Jon\u00e1s, la ternura frente a los integrismos - CPL","og_description":"Lligadas Vendrell, Josep","og_url":"https:\/\/www.cpl.es\/producto\/rut-y-jonas-la-ternura-frente-a-los-integrismos-9788491652427\/","og_site_name":"CPL","article_modified_time":"2026-02-12T16:47:52+00:00","og_image":[{"width":280,"height":443,"url":"https:\/\/www.cpl.es\/wp-content\/uploads\/108159.jpg","type":"image\/jpeg"}],"twitter_card":"summary_large_image","twitter_misc":{"Temps estimat de lectura":"1 minut"},"schema":{"@context":"https:\/\/schema.org","@graph":[{"@type":"WebPage","@id":"https:\/\/www.cpl.es\/producto\/rut-y-jonas-la-ternura-frente-a-los-integrismos-9788491652427\/","url":"https:\/\/www.cpl.es\/producto\/rut-y-jonas-la-ternura-frente-a-los-integrismos-9788491652427\/","name":"Rut y Jon\u00e1s, la ternura frente a los integrismos - CPL","isPartOf":{"@id":"https:\/\/www.cpl.es\/#website"},"primaryImageOfPage":{"@id":"https:\/\/www.cpl.es\/producto\/rut-y-jonas-la-ternura-frente-a-los-integrismos-9788491652427\/#primaryimage"},"image":{"@id":"https:\/\/www.cpl.es\/producto\/rut-y-jonas-la-ternura-frente-a-los-integrismos-9788491652427\/#primaryimage"},"thumbnailUrl":"https:\/\/www.cpl.es\/wp-content\/uploads\/108159.jpg","datePublished":"2023-10-03T23:03:44+00:00","dateModified":"2026-02-12T16:47:52+00:00","breadcrumb":{"@id":"https:\/\/www.cpl.es\/producto\/rut-y-jonas-la-ternura-frente-a-los-integrismos-9788491652427\/#breadcrumb"},"inLanguage":"ca","potentialAction":[{"@type":"ReadAction","target":["https:\/\/www.cpl.es\/producto\/rut-y-jonas-la-ternura-frente-a-los-integrismos-9788491652427\/"]}]},{"@type":"ImageObject","inLanguage":"ca","@id":"https:\/\/www.cpl.es\/producto\/rut-y-jonas-la-ternura-frente-a-los-integrismos-9788491652427\/#primaryimage","url":"https:\/\/www.cpl.es\/wp-content\/uploads\/108159.jpg","contentUrl":"https:\/\/www.cpl.es\/wp-content\/uploads\/108159.jpg","width":280,"height":443,"caption":"108159.jpg"},{"@type":"BreadcrumbList","@id":"https:\/\/www.cpl.es\/producto\/rut-y-jonas-la-ternura-frente-a-los-integrismos-9788491652427\/#breadcrumb","itemListElement":[{"@type":"ListItem","position":1,"name":"Portada","item":"https:\/\/www.cpl.es\/ca\/"},{"@type":"ListItem","position":2,"name":"Cat\u00e0leg","item":"https:\/\/www.cpl.es\/ca\/cataleg\/"},{"@type":"ListItem","position":3,"name":"Rut y Jon\u00e1s, la ternura frente a los integrismos"}]},{"@type":"WebSite","@id":"https:\/\/www.cpl.es\/#website","url":"https:\/\/www.cpl.es\/","name":"CPL","description":"Centre de Pastoral Lit\u00fargica de Barcelona","publisher":{"@id":"https:\/\/www.cpl.es\/#organization"},"alternateName":"Centre de Pastoral Lit\u00fargica","potentialAction":[{"@type":"SearchAction","target":{"@type":"EntryPoint","urlTemplate":"https:\/\/www.cpl.es\/?s={search_term_string}"},"query-input":{"@type":"PropertyValueSpecification","valueRequired":true,"valueName":"search_term_string"}}],"inLanguage":"ca"},{"@type":"Organization","@id":"https:\/\/www.cpl.es\/#organization","name":"Centre de Pastoral Lit\u00fargica","alternateName":"Centre de Pastoral Lit\u00fargica de Barcelona","url":"https:\/\/www.cpl.es\/","logo":{"@type":"ImageObject","inLanguage":"ca","@id":"https:\/\/www.cpl.es\/#\/schema\/logo\/image\/","url":"https:\/\/www.cpl.es\/wp-content\/uploads\/logo-cpl.svg","contentUrl":"https:\/\/www.cpl.es\/wp-content\/uploads\/logo-cpl.svg","caption":"Centre de Pastoral Lit\u00fargica"},"image":{"@id":"https:\/\/www.cpl.es\/#\/schema\/logo\/image\/"}}]}},"_links":{"self":[{"href":"https:\/\/www.cpl.es\/ca\/wp-json\/wp\/v2\/product\/1206","targetHints":{"allow":["GET"]}}],"collection":[{"href":"https:\/\/www.cpl.es\/ca\/wp-json\/wp\/v2\/product"}],"about":[{"href":"https:\/\/www.cpl.es\/ca\/wp-json\/wp\/v2\/types\/product"}],"wp:featuredmedia":[{"embeddable":true,"href":"https:\/\/www.cpl.es\/ca\/wp-json\/wp\/v2\/media\/1207"}],"wp:attachment":[{"href":"https:\/\/www.cpl.es\/ca\/wp-json\/wp\/v2\/media?parent=1206"}],"wp:term":[{"taxonomy":"product_brand","embeddable":true,"href":"https:\/\/www.cpl.es\/ca\/wp-json\/wp\/v2\/product_brand?post=1206"},{"taxonomy":"product_cat","embeddable":true,"href":"https:\/\/www.cpl.es\/ca\/wp-json\/wp\/v2\/product_cat?post=1206"},{"taxonomy":"product_tag","embeddable":true,"href":"https:\/\/www.cpl.es\/ca\/wp-json\/wp\/v2\/product_tag?post=1206"}],"curies":[{"name":"wp","href":"https:\/\/api.w.org\/{rel}","templated":true}]}}