{"id":1179,"date":"2023-10-04T01:02:54","date_gmt":"2023-10-03T23:02:54","guid":{"rendered":"https:\/\/nuevaweb.cpl.es\/producto\/la-belleza-de-la-liturgia-9788491652816\/"},"modified":"2024-02-06T13:58:14","modified_gmt":"2024-02-06T12:58:14","slug":"la-belleza-de-la-liturgia-9788491652816","status":"publish","type":"product","link":"https:\/\/www.cpl.es\/ca\/producto\/la-belleza-de-la-liturgia-9788491652816\/","title":{"rendered":"La Belleza de la liturgia"},"content":{"rendered":"<p>Corr\u00eda el a\u00f1o 1578 o 1579. Un d\u00eda san Juan de la Cruz le pregunt\u00f3 a bocajarro a una monja carmelita descalza del convento de Beas de Segura (Ja\u00e9n): \u00ab\u00bfEn qu\u00e9 trae la oraci\u00f3n?\u00bb. La monja respondi\u00f3: \u00abEn mirar la hermosura de Dios y holgarme de que la tenga\u00bb. Fray Juan, entusiasmado con este pensamiento, comienza a decir maravillas de la belleza increada, que ser\u00e1 el tema preferido durante esos d\u00edas, terminando por componer las cinco \u00faltimas estrofas de su C\u00e1ntico Espiritual, que hab\u00eda iniciado en la c\u00e1rcel de Toledo. Aunque pueda parecer extra\u00f1o, esa frase de una humilde y escondida monja de clausura, del tiempo de la devotio moderna, nos sirve muy bien de hilo conductor para la presentaci\u00f3n de este libro de liturgia que pretende iniciarnos y familiarizarnos con la hermosura de Dios, con la belleza increada y celebrada.<\/p>\n<p>Juan Javier Flores Arcas naci\u00f3 en Linares (Ja\u00e9n) en 1951 y es monje benedictino de la Abad\u00eda de Santo Domingo de Silos (Burgos), donde profes\u00f3 en 1978, orden\u00e1ndose de presb\u00edtero en 1981. Licenciado en Filolog\u00eda Hisp\u00e1nica por la Universidad Complutense (1973) y Doctor en Sagrada Liturgia por el Instituto Pontificio de Liturgia de Roma (1995) del que ha sido durante ocho a\u00f1os presidente (2000-2008). Fue Rector Magn\u00edfico del Pontificio Ateneo de San Anselmo (2009-2017) y es profesor de dicha universidad.  Es consultor de la Congregaci\u00f3n del Culto Divino y la Disciplina de los Sacramentos y miembro del Comit\u00e9 Pontificio para los Congresos Eucar\u00edsticos Internacionales. El Centre de Pastoral Lit\u00fargica le ha concedido el Memorial Pere Tena de Pastoral Lit\u00fargica 2020.<\/p>\n","protected":false},"excerpt":{"rendered":"<p>Flores Arcas, Juan Javier<\/p>\n","protected":false},"featured_media":1180,"template":"","meta":{"_acf_changed":false,"inline_featured_image":false},"product_brand":[],"product_cat":[74,46,65,88,84,61,152,150],"product_tag":[],"class_list":{"0":"post-1179","1":"product","2":"type-product","3":"status-publish","4":"has-post-thumbnail","6":"product_cat-biblioteca-liturgica-colleccions-catala","7":"product_cat-biblioteca-liturgica","8":"product_cat-espiritualidad","9":"product_cat-espiritualitat","10":"product_cat-liturgia-i-teologia","11":"product_cat-liturgia-y-teologia","12":"product_cat-sacramentos-sacramentos-por-temas","13":"product_cat-sagraments-sagraments-per-temes","15":"first","16":"instock","17":"taxable","18":"shipping-taxable","19":"purchasable","20":"product-type-simple"},"acf":{"autor":"Flores Arcas, Juan Javier","codart":"111060","ediciones":"1","encuadernacion":"Cartone","fecha_de_publicacion":"10\/01\/2020","novedad":false,"paginas":"112","subtitulo":"Contemplar la hermosura de Dios","orden":"999","portada":false,"idioma":"spa","editorial":[{"ID":6736,"post_author":"2","post_date":"2023-10-06 08:35:24","post_date_gmt":"2023-10-06 06:35:24","post_content":"","post_title":"CPL","post_excerpt":"","post_status":"publish","comment_status":"closed","ping_status":"closed","post_password":"","post_name":"cpl","to_ping":"","pinged":"","post_modified":"2023-10-06 08:35:24","post_modified_gmt":"2023-10-06 06:35:24","post_content_filtered":"","post_parent":0,"guid":"https:\/\/nuevaweb.cpl.es\/editorial\/cpl\/","menu_order":0,"post_type":"editorial","post_mime_type":"","comment_count":"0","filter":"raw"}]},"yoast_head":"<!-- This site is optimized with the Yoast SEO plugin v27.5 - https:\/\/yoast.com\/product\/yoast-seo-wordpress\/ -->\n<title>La Belleza de la liturgia - CPL<\/title>\n<meta name=\"robots\" content=\"index, follow, max-snippet:-1, max-image-preview:large, max-video-preview:-1\" \/>\n<link rel=\"canonical\" href=\"https:\/\/www.cpl.es\/producto\/la-belleza-de-la-liturgia-9788491652816\/\" \/>\n<meta property=\"og:locale\" content=\"ca_ES\" \/>\n<meta property=\"og:type\" content=\"article\" \/>\n<meta property=\"og:title\" content=\"La Belleza de la liturgia - CPL\" \/>\n<meta property=\"og:description\" content=\"Flores Arcas, Juan Javier\" \/>\n<meta property=\"og:url\" content=\"https:\/\/www.cpl.es\/producto\/la-belleza-de-la-liturgia-9788491652816\/\" \/>\n<meta property=\"og:site_name\" content=\"CPL\" \/>\n<meta property=\"article:modified_time\" content=\"2024-02-06T12:58:14+00:00\" \/>\n<meta property=\"og:image\" content=\"https:\/\/www.cpl.es\/wp-content\/uploads\/111060.jpg\" \/>\n\t<meta property=\"og:image:width\" content=\"280\" \/>\n\t<meta property=\"og:image:height\" content=\"392\" \/>\n\t<meta property=\"og:image:type\" content=\"image\/jpeg\" \/>\n<meta name=\"twitter:card\" content=\"summary_large_image\" \/>\n<meta name=\"twitter:label1\" content=\"Temps estimat de lectura\" \/>\n\t<meta name=\"twitter:data1\" content=\"1 minut\" \/>\n<script type=\"application\/ld+json\" class=\"yoast-schema-graph\">{\"@context\":\"https:\\\/\\\/schema.org\",\"@graph\":[{\"@type\":\"WebPage\",\"@id\":\"https:\\\/\\\/www.cpl.es\\\/producto\\\/la-belleza-de-la-liturgia-9788491652816\\\/\",\"url\":\"https:\\\/\\\/www.cpl.es\\\/producto\\\/la-belleza-de-la-liturgia-9788491652816\\\/\",\"name\":\"La Belleza de la liturgia - CPL\",\"isPartOf\":{\"@id\":\"https:\\\/\\\/www.cpl.es\\\/#website\"},\"primaryImageOfPage\":{\"@id\":\"https:\\\/\\\/www.cpl.es\\\/producto\\\/la-belleza-de-la-liturgia-9788491652816\\\/#primaryimage\"},\"image\":{\"@id\":\"https:\\\/\\\/www.cpl.es\\\/producto\\\/la-belleza-de-la-liturgia-9788491652816\\\/#primaryimage\"},\"thumbnailUrl\":\"https:\\\/\\\/www.cpl.es\\\/wp-content\\\/uploads\\\/111060.jpg\",\"datePublished\":\"2023-10-03T23:02:54+00:00\",\"dateModified\":\"2024-02-06T12:58:14+00:00\",\"breadcrumb\":{\"@id\":\"https:\\\/\\\/www.cpl.es\\\/producto\\\/la-belleza-de-la-liturgia-9788491652816\\\/#breadcrumb\"},\"inLanguage\":\"ca\",\"potentialAction\":[{\"@type\":\"ReadAction\",\"target\":[\"https:\\\/\\\/www.cpl.es\\\/producto\\\/la-belleza-de-la-liturgia-9788491652816\\\/\"]}]},{\"@type\":\"ImageObject\",\"inLanguage\":\"ca\",\"@id\":\"https:\\\/\\\/www.cpl.es\\\/producto\\\/la-belleza-de-la-liturgia-9788491652816\\\/#primaryimage\",\"url\":\"https:\\\/\\\/www.cpl.es\\\/wp-content\\\/uploads\\\/111060.jpg\",\"contentUrl\":\"https:\\\/\\\/www.cpl.es\\\/wp-content\\\/uploads\\\/111060.jpg\",\"width\":280,\"height\":392,\"caption\":\"111060.jpg\"},{\"@type\":\"BreadcrumbList\",\"@id\":\"https:\\\/\\\/www.cpl.es\\\/producto\\\/la-belleza-de-la-liturgia-9788491652816\\\/#breadcrumb\",\"itemListElement\":[{\"@type\":\"ListItem\",\"position\":1,\"name\":\"Portada\",\"item\":\"https:\\\/\\\/www.cpl.es\\\/ca\\\/\"},{\"@type\":\"ListItem\",\"position\":2,\"name\":\"Cat\u00e0leg\",\"item\":\"https:\\\/\\\/www.cpl.es\\\/ca\\\/cataleg\\\/\"},{\"@type\":\"ListItem\",\"position\":3,\"name\":\"La Belleza de la liturgia\"}]},{\"@type\":\"WebSite\",\"@id\":\"https:\\\/\\\/www.cpl.es\\\/#website\",\"url\":\"https:\\\/\\\/www.cpl.es\\\/\",\"name\":\"CPL\",\"description\":\"Centre de Pastoral Lit\u00fargica de Barcelona\",\"publisher\":{\"@id\":\"https:\\\/\\\/www.cpl.es\\\/#organization\"},\"alternateName\":\"Centre de Pastoral Lit\u00fargica\",\"potentialAction\":[{\"@type\":\"SearchAction\",\"target\":{\"@type\":\"EntryPoint\",\"urlTemplate\":\"https:\\\/\\\/www.cpl.es\\\/?s={search_term_string}\"},\"query-input\":{\"@type\":\"PropertyValueSpecification\",\"valueRequired\":true,\"valueName\":\"search_term_string\"}}],\"inLanguage\":\"ca\"},{\"@type\":\"Organization\",\"@id\":\"https:\\\/\\\/www.cpl.es\\\/#organization\",\"name\":\"Centre de Pastoral Lit\u00fargica\",\"alternateName\":\"Centre de Pastoral Lit\u00fargica de Barcelona\",\"url\":\"https:\\\/\\\/www.cpl.es\\\/\",\"logo\":{\"@type\":\"ImageObject\",\"inLanguage\":\"ca\",\"@id\":\"https:\\\/\\\/www.cpl.es\\\/#\\\/schema\\\/logo\\\/image\\\/\",\"url\":\"https:\\\/\\\/www.cpl.es\\\/wp-content\\\/uploads\\\/logo-cpl.svg\",\"contentUrl\":\"https:\\\/\\\/www.cpl.es\\\/wp-content\\\/uploads\\\/logo-cpl.svg\",\"caption\":\"Centre de Pastoral Lit\u00fargica\"},\"image\":{\"@id\":\"https:\\\/\\\/www.cpl.es\\\/#\\\/schema\\\/logo\\\/image\\\/\"}}]}<\/script>\n<!-- \/ Yoast SEO plugin. -->","yoast_head_json":{"title":"La Belleza de la liturgia - CPL","robots":{"index":"index","follow":"follow","max-snippet":"max-snippet:-1","max-image-preview":"max-image-preview:large","max-video-preview":"max-video-preview:-1"},"canonical":"https:\/\/www.cpl.es\/producto\/la-belleza-de-la-liturgia-9788491652816\/","og_locale":"ca_ES","og_type":"article","og_title":"La Belleza de la liturgia - CPL","og_description":"Flores Arcas, Juan Javier","og_url":"https:\/\/www.cpl.es\/producto\/la-belleza-de-la-liturgia-9788491652816\/","og_site_name":"CPL","article_modified_time":"2024-02-06T12:58:14+00:00","og_image":[{"width":280,"height":392,"url":"https:\/\/www.cpl.es\/wp-content\/uploads\/111060.jpg","type":"image\/jpeg"}],"twitter_card":"summary_large_image","twitter_misc":{"Temps estimat de lectura":"1 minut"},"schema":{"@context":"https:\/\/schema.org","@graph":[{"@type":"WebPage","@id":"https:\/\/www.cpl.es\/producto\/la-belleza-de-la-liturgia-9788491652816\/","url":"https:\/\/www.cpl.es\/producto\/la-belleza-de-la-liturgia-9788491652816\/","name":"La Belleza de la liturgia - CPL","isPartOf":{"@id":"https:\/\/www.cpl.es\/#website"},"primaryImageOfPage":{"@id":"https:\/\/www.cpl.es\/producto\/la-belleza-de-la-liturgia-9788491652816\/#primaryimage"},"image":{"@id":"https:\/\/www.cpl.es\/producto\/la-belleza-de-la-liturgia-9788491652816\/#primaryimage"},"thumbnailUrl":"https:\/\/www.cpl.es\/wp-content\/uploads\/111060.jpg","datePublished":"2023-10-03T23:02:54+00:00","dateModified":"2024-02-06T12:58:14+00:00","breadcrumb":{"@id":"https:\/\/www.cpl.es\/producto\/la-belleza-de-la-liturgia-9788491652816\/#breadcrumb"},"inLanguage":"ca","potentialAction":[{"@type":"ReadAction","target":["https:\/\/www.cpl.es\/producto\/la-belleza-de-la-liturgia-9788491652816\/"]}]},{"@type":"ImageObject","inLanguage":"ca","@id":"https:\/\/www.cpl.es\/producto\/la-belleza-de-la-liturgia-9788491652816\/#primaryimage","url":"https:\/\/www.cpl.es\/wp-content\/uploads\/111060.jpg","contentUrl":"https:\/\/www.cpl.es\/wp-content\/uploads\/111060.jpg","width":280,"height":392,"caption":"111060.jpg"},{"@type":"BreadcrumbList","@id":"https:\/\/www.cpl.es\/producto\/la-belleza-de-la-liturgia-9788491652816\/#breadcrumb","itemListElement":[{"@type":"ListItem","position":1,"name":"Portada","item":"https:\/\/www.cpl.es\/ca\/"},{"@type":"ListItem","position":2,"name":"Cat\u00e0leg","item":"https:\/\/www.cpl.es\/ca\/cataleg\/"},{"@type":"ListItem","position":3,"name":"La Belleza de la liturgia"}]},{"@type":"WebSite","@id":"https:\/\/www.cpl.es\/#website","url":"https:\/\/www.cpl.es\/","name":"CPL","description":"Centre de Pastoral Lit\u00fargica de Barcelona","publisher":{"@id":"https:\/\/www.cpl.es\/#organization"},"alternateName":"Centre de Pastoral Lit\u00fargica","potentialAction":[{"@type":"SearchAction","target":{"@type":"EntryPoint","urlTemplate":"https:\/\/www.cpl.es\/?s={search_term_string}"},"query-input":{"@type":"PropertyValueSpecification","valueRequired":true,"valueName":"search_term_string"}}],"inLanguage":"ca"},{"@type":"Organization","@id":"https:\/\/www.cpl.es\/#organization","name":"Centre de Pastoral Lit\u00fargica","alternateName":"Centre de Pastoral Lit\u00fargica de Barcelona","url":"https:\/\/www.cpl.es\/","logo":{"@type":"ImageObject","inLanguage":"ca","@id":"https:\/\/www.cpl.es\/#\/schema\/logo\/image\/","url":"https:\/\/www.cpl.es\/wp-content\/uploads\/logo-cpl.svg","contentUrl":"https:\/\/www.cpl.es\/wp-content\/uploads\/logo-cpl.svg","caption":"Centre de Pastoral Lit\u00fargica"},"image":{"@id":"https:\/\/www.cpl.es\/#\/schema\/logo\/image\/"}}]}},"_links":{"self":[{"href":"https:\/\/www.cpl.es\/ca\/wp-json\/wp\/v2\/product\/1179","targetHints":{"allow":["GET"]}}],"collection":[{"href":"https:\/\/www.cpl.es\/ca\/wp-json\/wp\/v2\/product"}],"about":[{"href":"https:\/\/www.cpl.es\/ca\/wp-json\/wp\/v2\/types\/product"}],"wp:featuredmedia":[{"embeddable":true,"href":"https:\/\/www.cpl.es\/ca\/wp-json\/wp\/v2\/media\/1180"}],"wp:attachment":[{"href":"https:\/\/www.cpl.es\/ca\/wp-json\/wp\/v2\/media?parent=1179"}],"wp:term":[{"taxonomy":"product_brand","embeddable":true,"href":"https:\/\/www.cpl.es\/ca\/wp-json\/wp\/v2\/product_brand?post=1179"},{"taxonomy":"product_cat","embeddable":true,"href":"https:\/\/www.cpl.es\/ca\/wp-json\/wp\/v2\/product_cat?post=1179"},{"taxonomy":"product_tag","embeddable":true,"href":"https:\/\/www.cpl.es\/ca\/wp-json\/wp\/v2\/product_tag?post=1179"}],"curies":[{"name":"wp","href":"https:\/\/api.w.org\/{rel}","templated":true}]}}