{"id":1158,"date":"2023-10-04T01:02:16","date_gmt":"2023-10-03T23:02:16","guid":{"rendered":"https:\/\/nuevaweb.cpl.es\/producto\/les-celebracions-dominicals-en-absencia-de-prevere-9788491652892\/"},"modified":"2025-05-30T10:23:13","modified_gmt":"2025-05-30T08:23:13","slug":"les-celebracions-dominicals-en-absencia-de-prevere-9788491652892","status":"publish","type":"product","link":"https:\/\/www.cpl.es\/ca\/producto\/les-celebracions-dominicals-en-absencia-de-prevere-9788491652892\/","title":{"rendered":"Les Celebracions dominicals en abs\u00e8ncia de prevere"},"content":{"rendered":"<p>La reforma lit\u00fargica del Vatic\u00e0 II ha at\u00e8s la realitat de les Esgl\u00e9sies joves, dels anomenats pa\u00efsos de missi\u00f3. Les comunitats cristianes, escampades per \u00e0mplies \u00e0rees sense capell\u00e0 resident, amb les Celebracions dominicals en abs\u00e8ncia de prevere (ADAP), mantenen la seva vida cristiana a partir de l\u2019Eucaristia, encara que aquesta no pugui ser celebrada cada diumenge. R\u00e0pidament aquesta realitat s\u2019ha invertit i ara s\u00f3n les comunitats ancianes les que es veuen embolicades en una situaci\u00f3 de falta de preveres per celebrar l\u2019Eucaristia cada diumenge en cada comunitat.<br \/>Ens felicitem que hi hagi hagut una abundant i rigorosa reflexi\u00f3 sobre aquests temes, perqu\u00e8 no es pretengui donar solucions espont\u00e0nies a problemes que s\u00f3n molt de fons perqu\u00e8 toquen elements essencials de la vida cristiana. Per aix\u00f2, des del Centre de Pastoral Lit\u00fargica estem satisfets de poder oferir un veritable Dossier de documents, reflexions i materials sobre les ADAP.<\/p>\n","protected":false},"excerpt":{"rendered":"<p>vv.aa.<\/p>\n","protected":false},"featured_media":19325,"template":"","meta":{"_acf_changed":false,"inline_featured_image":false},"product_brand":[],"product_cat":[145,151,75,165],"product_tag":[],"class_list":{"0":"post-1158","1":"product","2":"type-product","3":"status-publish","4":"has-post-thumbnail","6":"product_cat-assemblees-en-absencia-de-prevere","7":"product_cat-celebracio-de-la-missa-celebracio-de-la-missa-per-temes","8":"product_cat-dossiers-cpl-colleccions-catala","9":"product_cat-lassemblea-liturgica-celebracio-de-la-missa-per-temes","11":"first","12":"instock","13":"taxable","14":"shipping-taxable","15":"purchasable","16":"product-type-simple"},"acf":{"autor":"vv.aa.","codart":"201153","ediciones":"1","encuadernacion":"R\u00fastica","fecha_de_publicacion":"17\/05\/2024","novedad":false,"paginas":"196","subtitulo":"ADAP. Documents, reflexions i materials","orden":"999","portada":false,"idioma":"cat","editorial":[{"ID":6736,"post_author":"2","post_date":"2023-10-06 08:35:24","post_date_gmt":"2023-10-06 06:35:24","post_content":"","post_title":"CPL","post_excerpt":"","post_status":"publish","comment_status":"closed","ping_status":"closed","post_password":"","post_name":"cpl","to_ping":"","pinged":"","post_modified":"2023-10-06 08:35:24","post_modified_gmt":"2023-10-06 06:35:24","post_content_filtered":"","post_parent":0,"guid":"https:\/\/nuevaweb.cpl.es\/editorial\/cpl\/","menu_order":0,"post_type":"editorial","post_mime_type":"","comment_count":"0","filter":"raw"}],"coleccion_num":"153"},"yoast_head":"<!-- This site is optimized with the Yoast SEO plugin v27.5 - https:\/\/yoast.com\/product\/yoast-seo-wordpress\/ -->\n<title>Les Celebracions dominicals en abs\u00e8ncia de prevere - CPL<\/title>\n<meta name=\"robots\" content=\"index, follow, max-snippet:-1, max-image-preview:large, max-video-preview:-1\" \/>\n<link rel=\"canonical\" href=\"https:\/\/www.cpl.es\/producto\/les-celebracions-dominicals-en-absencia-de-prevere-9788491652892\/\" \/>\n<meta property=\"og:locale\" content=\"ca_ES\" \/>\n<meta property=\"og:type\" content=\"article\" \/>\n<meta property=\"og:title\" content=\"Les Celebracions dominicals en abs\u00e8ncia de prevere - CPL\" \/>\n<meta property=\"og:description\" content=\"vv.aa.\" \/>\n<meta property=\"og:url\" content=\"https:\/\/www.cpl.es\/producto\/les-celebracions-dominicals-en-absencia-de-prevere-9788491652892\/\" \/>\n<meta property=\"og:site_name\" content=\"CPL\" \/>\n<meta property=\"article:modified_time\" content=\"2025-05-30T08:23:13+00:00\" \/>\n<meta property=\"og:image\" content=\"https:\/\/www.cpl.es\/wp-content\/uploads\/201153-2.jpg\" \/>\n\t<meta property=\"og:image:width\" content=\"280\" \/>\n\t<meta property=\"og:image:height\" content=\"391\" \/>\n\t<meta property=\"og:image:type\" content=\"image\/jpeg\" \/>\n<meta name=\"twitter:card\" content=\"summary_large_image\" \/>\n<meta name=\"twitter:label1\" content=\"Temps estimat de lectura\" \/>\n\t<meta name=\"twitter:data1\" content=\"1 minut\" \/>\n<script type=\"application\/ld+json\" class=\"yoast-schema-graph\">{\"@context\":\"https:\\\/\\\/schema.org\",\"@graph\":[{\"@type\":\"WebPage\",\"@id\":\"https:\\\/\\\/www.cpl.es\\\/producto\\\/les-celebracions-dominicals-en-absencia-de-prevere-9788491652892\\\/\",\"url\":\"https:\\\/\\\/www.cpl.es\\\/producto\\\/les-celebracions-dominicals-en-absencia-de-prevere-9788491652892\\\/\",\"name\":\"Les Celebracions dominicals en abs\u00e8ncia de prevere - CPL\",\"isPartOf\":{\"@id\":\"https:\\\/\\\/www.cpl.es\\\/#website\"},\"primaryImageOfPage\":{\"@id\":\"https:\\\/\\\/www.cpl.es\\\/producto\\\/les-celebracions-dominicals-en-absencia-de-prevere-9788491652892\\\/#primaryimage\"},\"image\":{\"@id\":\"https:\\\/\\\/www.cpl.es\\\/producto\\\/les-celebracions-dominicals-en-absencia-de-prevere-9788491652892\\\/#primaryimage\"},\"thumbnailUrl\":\"https:\\\/\\\/www.cpl.es\\\/wp-content\\\/uploads\\\/201153-2.jpg\",\"datePublished\":\"2023-10-03T23:02:16+00:00\",\"dateModified\":\"2025-05-30T08:23:13+00:00\",\"breadcrumb\":{\"@id\":\"https:\\\/\\\/www.cpl.es\\\/producto\\\/les-celebracions-dominicals-en-absencia-de-prevere-9788491652892\\\/#breadcrumb\"},\"inLanguage\":\"ca\",\"potentialAction\":[{\"@type\":\"ReadAction\",\"target\":[\"https:\\\/\\\/www.cpl.es\\\/producto\\\/les-celebracions-dominicals-en-absencia-de-prevere-9788491652892\\\/\"]}]},{\"@type\":\"ImageObject\",\"inLanguage\":\"ca\",\"@id\":\"https:\\\/\\\/www.cpl.es\\\/producto\\\/les-celebracions-dominicals-en-absencia-de-prevere-9788491652892\\\/#primaryimage\",\"url\":\"https:\\\/\\\/www.cpl.es\\\/wp-content\\\/uploads\\\/201153-2.jpg\",\"contentUrl\":\"https:\\\/\\\/www.cpl.es\\\/wp-content\\\/uploads\\\/201153-2.jpg\",\"width\":280,\"height\":391,\"caption\":\"201153.jpg\"},{\"@type\":\"BreadcrumbList\",\"@id\":\"https:\\\/\\\/www.cpl.es\\\/producto\\\/les-celebracions-dominicals-en-absencia-de-prevere-9788491652892\\\/#breadcrumb\",\"itemListElement\":[{\"@type\":\"ListItem\",\"position\":1,\"name\":\"Portada\",\"item\":\"https:\\\/\\\/www.cpl.es\\\/ca\\\/\"},{\"@type\":\"ListItem\",\"position\":2,\"name\":\"Cat\u00e0leg\",\"item\":\"https:\\\/\\\/www.cpl.es\\\/ca\\\/cataleg\\\/\"},{\"@type\":\"ListItem\",\"position\":3,\"name\":\"Les Celebracions dominicals en abs\u00e8ncia de prevere\"}]},{\"@type\":\"WebSite\",\"@id\":\"https:\\\/\\\/www.cpl.es\\\/#website\",\"url\":\"https:\\\/\\\/www.cpl.es\\\/\",\"name\":\"CPL\",\"description\":\"Centre de Pastoral Lit\u00fargica de Barcelona\",\"publisher\":{\"@id\":\"https:\\\/\\\/www.cpl.es\\\/#organization\"},\"alternateName\":\"Centre de Pastoral Lit\u00fargica\",\"potentialAction\":[{\"@type\":\"SearchAction\",\"target\":{\"@type\":\"EntryPoint\",\"urlTemplate\":\"https:\\\/\\\/www.cpl.es\\\/?s={search_term_string}\"},\"query-input\":{\"@type\":\"PropertyValueSpecification\",\"valueRequired\":true,\"valueName\":\"search_term_string\"}}],\"inLanguage\":\"ca\"},{\"@type\":\"Organization\",\"@id\":\"https:\\\/\\\/www.cpl.es\\\/#organization\",\"name\":\"Centre de Pastoral Lit\u00fargica\",\"alternateName\":\"Centre de Pastoral Lit\u00fargica de Barcelona\",\"url\":\"https:\\\/\\\/www.cpl.es\\\/\",\"logo\":{\"@type\":\"ImageObject\",\"inLanguage\":\"ca\",\"@id\":\"https:\\\/\\\/www.cpl.es\\\/#\\\/schema\\\/logo\\\/image\\\/\",\"url\":\"https:\\\/\\\/www.cpl.es\\\/wp-content\\\/uploads\\\/logo-cpl.svg\",\"contentUrl\":\"https:\\\/\\\/www.cpl.es\\\/wp-content\\\/uploads\\\/logo-cpl.svg\",\"caption\":\"Centre de Pastoral Lit\u00fargica\"},\"image\":{\"@id\":\"https:\\\/\\\/www.cpl.es\\\/#\\\/schema\\\/logo\\\/image\\\/\"}}]}<\/script>\n<!-- \/ Yoast SEO plugin. -->","yoast_head_json":{"title":"Les Celebracions dominicals en abs\u00e8ncia de prevere - CPL","robots":{"index":"index","follow":"follow","max-snippet":"max-snippet:-1","max-image-preview":"max-image-preview:large","max-video-preview":"max-video-preview:-1"},"canonical":"https:\/\/www.cpl.es\/producto\/les-celebracions-dominicals-en-absencia-de-prevere-9788491652892\/","og_locale":"ca_ES","og_type":"article","og_title":"Les Celebracions dominicals en abs\u00e8ncia de prevere - CPL","og_description":"vv.aa.","og_url":"https:\/\/www.cpl.es\/producto\/les-celebracions-dominicals-en-absencia-de-prevere-9788491652892\/","og_site_name":"CPL","article_modified_time":"2025-05-30T08:23:13+00:00","og_image":[{"width":280,"height":391,"url":"https:\/\/www.cpl.es\/wp-content\/uploads\/201153-2.jpg","type":"image\/jpeg"}],"twitter_card":"summary_large_image","twitter_misc":{"Temps estimat de lectura":"1 minut"},"schema":{"@context":"https:\/\/schema.org","@graph":[{"@type":"WebPage","@id":"https:\/\/www.cpl.es\/producto\/les-celebracions-dominicals-en-absencia-de-prevere-9788491652892\/","url":"https:\/\/www.cpl.es\/producto\/les-celebracions-dominicals-en-absencia-de-prevere-9788491652892\/","name":"Les Celebracions dominicals en abs\u00e8ncia de prevere - CPL","isPartOf":{"@id":"https:\/\/www.cpl.es\/#website"},"primaryImageOfPage":{"@id":"https:\/\/www.cpl.es\/producto\/les-celebracions-dominicals-en-absencia-de-prevere-9788491652892\/#primaryimage"},"image":{"@id":"https:\/\/www.cpl.es\/producto\/les-celebracions-dominicals-en-absencia-de-prevere-9788491652892\/#primaryimage"},"thumbnailUrl":"https:\/\/www.cpl.es\/wp-content\/uploads\/201153-2.jpg","datePublished":"2023-10-03T23:02:16+00:00","dateModified":"2025-05-30T08:23:13+00:00","breadcrumb":{"@id":"https:\/\/www.cpl.es\/producto\/les-celebracions-dominicals-en-absencia-de-prevere-9788491652892\/#breadcrumb"},"inLanguage":"ca","potentialAction":[{"@type":"ReadAction","target":["https:\/\/www.cpl.es\/producto\/les-celebracions-dominicals-en-absencia-de-prevere-9788491652892\/"]}]},{"@type":"ImageObject","inLanguage":"ca","@id":"https:\/\/www.cpl.es\/producto\/les-celebracions-dominicals-en-absencia-de-prevere-9788491652892\/#primaryimage","url":"https:\/\/www.cpl.es\/wp-content\/uploads\/201153-2.jpg","contentUrl":"https:\/\/www.cpl.es\/wp-content\/uploads\/201153-2.jpg","width":280,"height":391,"caption":"201153.jpg"},{"@type":"BreadcrumbList","@id":"https:\/\/www.cpl.es\/producto\/les-celebracions-dominicals-en-absencia-de-prevere-9788491652892\/#breadcrumb","itemListElement":[{"@type":"ListItem","position":1,"name":"Portada","item":"https:\/\/www.cpl.es\/ca\/"},{"@type":"ListItem","position":2,"name":"Cat\u00e0leg","item":"https:\/\/www.cpl.es\/ca\/cataleg\/"},{"@type":"ListItem","position":3,"name":"Les Celebracions dominicals en abs\u00e8ncia de prevere"}]},{"@type":"WebSite","@id":"https:\/\/www.cpl.es\/#website","url":"https:\/\/www.cpl.es\/","name":"CPL","description":"Centre de Pastoral Lit\u00fargica de Barcelona","publisher":{"@id":"https:\/\/www.cpl.es\/#organization"},"alternateName":"Centre de Pastoral Lit\u00fargica","potentialAction":[{"@type":"SearchAction","target":{"@type":"EntryPoint","urlTemplate":"https:\/\/www.cpl.es\/?s={search_term_string}"},"query-input":{"@type":"PropertyValueSpecification","valueRequired":true,"valueName":"search_term_string"}}],"inLanguage":"ca"},{"@type":"Organization","@id":"https:\/\/www.cpl.es\/#organization","name":"Centre de Pastoral Lit\u00fargica","alternateName":"Centre de Pastoral Lit\u00fargica de Barcelona","url":"https:\/\/www.cpl.es\/","logo":{"@type":"ImageObject","inLanguage":"ca","@id":"https:\/\/www.cpl.es\/#\/schema\/logo\/image\/","url":"https:\/\/www.cpl.es\/wp-content\/uploads\/logo-cpl.svg","contentUrl":"https:\/\/www.cpl.es\/wp-content\/uploads\/logo-cpl.svg","caption":"Centre de Pastoral Lit\u00fargica"},"image":{"@id":"https:\/\/www.cpl.es\/#\/schema\/logo\/image\/"}}]}},"_links":{"self":[{"href":"https:\/\/www.cpl.es\/ca\/wp-json\/wp\/v2\/product\/1158","targetHints":{"allow":["GET"]}}],"collection":[{"href":"https:\/\/www.cpl.es\/ca\/wp-json\/wp\/v2\/product"}],"about":[{"href":"https:\/\/www.cpl.es\/ca\/wp-json\/wp\/v2\/types\/product"}],"wp:featuredmedia":[{"embeddable":true,"href":"https:\/\/www.cpl.es\/ca\/wp-json\/wp\/v2\/media\/19325"}],"wp:attachment":[{"href":"https:\/\/www.cpl.es\/ca\/wp-json\/wp\/v2\/media?parent=1158"}],"wp:term":[{"taxonomy":"product_brand","embeddable":true,"href":"https:\/\/www.cpl.es\/ca\/wp-json\/wp\/v2\/product_brand?post=1158"},{"taxonomy":"product_cat","embeddable":true,"href":"https:\/\/www.cpl.es\/ca\/wp-json\/wp\/v2\/product_cat?post=1158"},{"taxonomy":"product_tag","embeddable":true,"href":"https:\/\/www.cpl.es\/ca\/wp-json\/wp\/v2\/product_tag?post=1158"}],"curies":[{"name":"wp","href":"https:\/\/api.w.org\/{rel}","templated":true}]}}