{"id":1140,"date":"2023-10-04T01:01:41","date_gmt":"2023-10-03T23:01:41","guid":{"rendered":"https:\/\/nuevaweb.cpl.es\/producto\/historia-del-breviario-romano-9788491652908\/"},"modified":"2026-02-12T17:39:57","modified_gmt":"2026-02-12T16:39:57","slug":"historia-del-breviario-romano-9788491652908","status":"publish","type":"product","link":"https:\/\/www.cpl.es\/ca\/producto\/historia-del-breviario-romano-9788491652908\/","title":{"rendered":"Historia del Breviario Romano"},"content":{"rendered":"<p>El autor escribi\u00f3 esta obra para sus hermanos sacerdotes que les resultaba dif\u00edcil cumplir con &#8216;el rezo del Breviario'. Este texto tuvo una gran importancia y fue tomado como fuente de la vida espiritual de los cl\u00e9rigos de los a\u00f1os 50 del siglo pasado.<\/p>\n<p>Casimiro S\u00e1nchez Aliseda, naci\u00f3 en Zarza Capilla (Badajoz) en 1914. Curs\u00f3 los estudios eclesi\u00e1sticos en Toledo y los culmin\u00f3 en la Universidad Gregoriana de Roma. Recibi\u00f3 el presbiterado en 1937. De 1937 a 1940 fue secretario particular del provicario general castrense, D. Gregorio Modrego Casaus. En 1940 fue nombrado profesor del seminario de Toledo. Complet\u00f3 su formaci\u00f3n en la Facultad de Teolog\u00eda de Granada y all\u00ed obtuvo el doctorado en teolog\u00eda. En 1944 fund\u00f3 la revista Liturgia, de la que luego se responsabilizaron los benedictinos de Silos. Fue incansable promotor del Movimiento Lit\u00fargico en las di\u00f3cesis espa\u00f1olas. Public\u00f3 diversos libros y una notable cantidad de art\u00edculos, de contenido lit\u00fargico, catequ\u00e9tico y pastoral, guiado por el af\u00e1n de la formaci\u00f3n tanto de los sacerdotes como de los laicos. El Breviario Romano lo escribi\u00f3 a modo de obsequio a sus hermanos presb\u00edteros, para que amaran la oraci\u00f3n de la Iglesia y la recitaran dignamente a pesar del cansancio al que pod\u00eda llevarles su intensa dedicaci\u00f3n diaria en el campo de la pastoral. Muri\u00f3 en un accidente de carretera, cerca de Madrid, el 12 de marzo de 1960.<\/p>\n<p><\/p>\n","protected":false},"excerpt":{"rendered":"<p>Sanchez Aliseda, Casimiro<\/p>\n","protected":false},"featured_media":1141,"template":"","meta":{"_acf_changed":false,"inline_featured_image":false},"product_brand":[],"product_cat":[69,54,85,62,58,81],"product_tag":[],"class_list":{"0":"post-1140","1":"product","2":"type-product","3":"status-publish","4":"has-post-thumbnail","6":"product_cat-cuadernos-phase-colleccions-catala","7":"product_cat-cuadernos-phase","8":"product_cat-historia-de-la-liturgia-per-temes-catala","9":"product_cat-historia-de-la-liturgia","10":"product_cat-liturgia-de-las-horas","11":"product_cat-liturgia-de-les-hores","13":"first","14":"instock","15":"taxable","16":"shipping-taxable","17":"purchasable","18":"product-type-simple"},"acf":{"autor":"Sanchez Aliseda, Casimiro","codart":"110253","ediciones":"1","encuadernacion":"R\u00fastica","fecha_de_publicacion":"11\/02\/2020","novedad":false,"paginas":"88","subtitulo":"","orden":"999","portada":false,"idioma":"spa","editorial":[{"ID":6736,"post_author":"2","post_date":"2023-10-06 08:35:24","post_date_gmt":"2023-10-06 06:35:24","post_content":"","post_title":"CPL","post_excerpt":"","post_status":"publish","comment_status":"closed","ping_status":"closed","post_password":"","post_name":"cpl","to_ping":"","pinged":"","post_modified":"2023-10-06 08:35:24","post_modified_gmt":"2023-10-06 06:35:24","post_content_filtered":"","post_parent":0,"guid":"https:\/\/nuevaweb.cpl.es\/editorial\/cpl\/","menu_order":0,"post_type":"editorial","post_mime_type":"","comment_count":"0","filter":"raw"}],"coleccion_num":"253"},"yoast_head":"<!-- This site is optimized with the Yoast SEO plugin v27.3 - https:\/\/yoast.com\/product\/yoast-seo-wordpress\/ -->\n<title>Historia del Breviario Romano - CPL<\/title>\n<meta name=\"robots\" content=\"index, follow, max-snippet:-1, max-image-preview:large, max-video-preview:-1\" \/>\n<link rel=\"canonical\" href=\"https:\/\/www.cpl.es\/producto\/historia-del-breviario-romano-9788491652908\/\" \/>\n<meta property=\"og:locale\" content=\"ca_ES\" \/>\n<meta property=\"og:type\" content=\"article\" \/>\n<meta property=\"og:title\" content=\"Historia del Breviario Romano - CPL\" \/>\n<meta property=\"og:description\" content=\"Sanchez Aliseda, Casimiro\" \/>\n<meta property=\"og:url\" content=\"https:\/\/www.cpl.es\/producto\/historia-del-breviario-romano-9788491652908\/\" \/>\n<meta property=\"og:site_name\" content=\"CPL\" \/>\n<meta property=\"article:modified_time\" content=\"2026-02-12T16:39:57+00:00\" \/>\n<meta property=\"og:image\" content=\"https:\/\/www.cpl.es\/wp-content\/uploads\/110253.jpg\" \/>\n\t<meta property=\"og:image:width\" content=\"280\" \/>\n\t<meta property=\"og:image:height\" content=\"420\" \/>\n\t<meta property=\"og:image:type\" content=\"image\/jpeg\" \/>\n<meta name=\"twitter:card\" content=\"summary_large_image\" \/>\n<meta name=\"twitter:label1\" content=\"Temps estimat de lectura\" \/>\n\t<meta name=\"twitter:data1\" content=\"1 minut\" \/>\n<script type=\"application\/ld+json\" class=\"yoast-schema-graph\">{\"@context\":\"https:\\\/\\\/schema.org\",\"@graph\":[{\"@type\":\"WebPage\",\"@id\":\"https:\\\/\\\/www.cpl.es\\\/producto\\\/historia-del-breviario-romano-9788491652908\\\/\",\"url\":\"https:\\\/\\\/www.cpl.es\\\/producto\\\/historia-del-breviario-romano-9788491652908\\\/\",\"name\":\"Historia del Breviario Romano - CPL\",\"isPartOf\":{\"@id\":\"https:\\\/\\\/www.cpl.es\\\/#website\"},\"primaryImageOfPage\":{\"@id\":\"https:\\\/\\\/www.cpl.es\\\/producto\\\/historia-del-breviario-romano-9788491652908\\\/#primaryimage\"},\"image\":{\"@id\":\"https:\\\/\\\/www.cpl.es\\\/producto\\\/historia-del-breviario-romano-9788491652908\\\/#primaryimage\"},\"thumbnailUrl\":\"https:\\\/\\\/www.cpl.es\\\/wp-content\\\/uploads\\\/110253.jpg\",\"datePublished\":\"2023-10-03T23:01:41+00:00\",\"dateModified\":\"2026-02-12T16:39:57+00:00\",\"breadcrumb\":{\"@id\":\"https:\\\/\\\/www.cpl.es\\\/producto\\\/historia-del-breviario-romano-9788491652908\\\/#breadcrumb\"},\"inLanguage\":\"ca\",\"potentialAction\":[{\"@type\":\"ReadAction\",\"target\":[\"https:\\\/\\\/www.cpl.es\\\/producto\\\/historia-del-breviario-romano-9788491652908\\\/\"]}]},{\"@type\":\"ImageObject\",\"inLanguage\":\"ca\",\"@id\":\"https:\\\/\\\/www.cpl.es\\\/producto\\\/historia-del-breviario-romano-9788491652908\\\/#primaryimage\",\"url\":\"https:\\\/\\\/www.cpl.es\\\/wp-content\\\/uploads\\\/110253.jpg\",\"contentUrl\":\"https:\\\/\\\/www.cpl.es\\\/wp-content\\\/uploads\\\/110253.jpg\",\"width\":280,\"height\":420,\"caption\":\"110253.jpg\"},{\"@type\":\"BreadcrumbList\",\"@id\":\"https:\\\/\\\/www.cpl.es\\\/producto\\\/historia-del-breviario-romano-9788491652908\\\/#breadcrumb\",\"itemListElement\":[{\"@type\":\"ListItem\",\"position\":1,\"name\":\"Portada\",\"item\":\"https:\\\/\\\/www.cpl.es\\\/ca\\\/\"},{\"@type\":\"ListItem\",\"position\":2,\"name\":\"Cat\u00e0leg\",\"item\":\"https:\\\/\\\/www.cpl.es\\\/ca\\\/cataleg\\\/\"},{\"@type\":\"ListItem\",\"position\":3,\"name\":\"Historia del Breviario Romano\"}]},{\"@type\":\"WebSite\",\"@id\":\"https:\\\/\\\/www.cpl.es\\\/#website\",\"url\":\"https:\\\/\\\/www.cpl.es\\\/\",\"name\":\"CPL\",\"description\":\"Centre de Pastoral Lit\u00fargica de Barcelona\",\"publisher\":{\"@id\":\"https:\\\/\\\/www.cpl.es\\\/#organization\"},\"alternateName\":\"Centre de Pastoral Lit\u00fargica\",\"potentialAction\":[{\"@type\":\"SearchAction\",\"target\":{\"@type\":\"EntryPoint\",\"urlTemplate\":\"https:\\\/\\\/www.cpl.es\\\/?s={search_term_string}\"},\"query-input\":{\"@type\":\"PropertyValueSpecification\",\"valueRequired\":true,\"valueName\":\"search_term_string\"}}],\"inLanguage\":\"ca\"},{\"@type\":\"Organization\",\"@id\":\"https:\\\/\\\/www.cpl.es\\\/#organization\",\"name\":\"Centre de Pastoral Lit\u00fargica\",\"alternateName\":\"Centre de Pastoral Lit\u00fargica de Barcelona\",\"url\":\"https:\\\/\\\/www.cpl.es\\\/\",\"logo\":{\"@type\":\"ImageObject\",\"inLanguage\":\"ca\",\"@id\":\"https:\\\/\\\/www.cpl.es\\\/#\\\/schema\\\/logo\\\/image\\\/\",\"url\":\"https:\\\/\\\/www.cpl.es\\\/wp-content\\\/uploads\\\/logo-cpl.svg\",\"contentUrl\":\"https:\\\/\\\/www.cpl.es\\\/wp-content\\\/uploads\\\/logo-cpl.svg\",\"caption\":\"Centre de Pastoral Lit\u00fargica\"},\"image\":{\"@id\":\"https:\\\/\\\/www.cpl.es\\\/#\\\/schema\\\/logo\\\/image\\\/\"}}]}<\/script>\n<!-- \/ Yoast SEO plugin. -->","yoast_head_json":{"title":"Historia del Breviario Romano - CPL","robots":{"index":"index","follow":"follow","max-snippet":"max-snippet:-1","max-image-preview":"max-image-preview:large","max-video-preview":"max-video-preview:-1"},"canonical":"https:\/\/www.cpl.es\/producto\/historia-del-breviario-romano-9788491652908\/","og_locale":"ca_ES","og_type":"article","og_title":"Historia del Breviario Romano - CPL","og_description":"Sanchez Aliseda, Casimiro","og_url":"https:\/\/www.cpl.es\/producto\/historia-del-breviario-romano-9788491652908\/","og_site_name":"CPL","article_modified_time":"2026-02-12T16:39:57+00:00","og_image":[{"width":280,"height":420,"url":"https:\/\/www.cpl.es\/wp-content\/uploads\/110253.jpg","type":"image\/jpeg"}],"twitter_card":"summary_large_image","twitter_misc":{"Temps estimat de lectura":"1 minut"},"schema":{"@context":"https:\/\/schema.org","@graph":[{"@type":"WebPage","@id":"https:\/\/www.cpl.es\/producto\/historia-del-breviario-romano-9788491652908\/","url":"https:\/\/www.cpl.es\/producto\/historia-del-breviario-romano-9788491652908\/","name":"Historia del Breviario Romano - CPL","isPartOf":{"@id":"https:\/\/www.cpl.es\/#website"},"primaryImageOfPage":{"@id":"https:\/\/www.cpl.es\/producto\/historia-del-breviario-romano-9788491652908\/#primaryimage"},"image":{"@id":"https:\/\/www.cpl.es\/producto\/historia-del-breviario-romano-9788491652908\/#primaryimage"},"thumbnailUrl":"https:\/\/www.cpl.es\/wp-content\/uploads\/110253.jpg","datePublished":"2023-10-03T23:01:41+00:00","dateModified":"2026-02-12T16:39:57+00:00","breadcrumb":{"@id":"https:\/\/www.cpl.es\/producto\/historia-del-breviario-romano-9788491652908\/#breadcrumb"},"inLanguage":"ca","potentialAction":[{"@type":"ReadAction","target":["https:\/\/www.cpl.es\/producto\/historia-del-breviario-romano-9788491652908\/"]}]},{"@type":"ImageObject","inLanguage":"ca","@id":"https:\/\/www.cpl.es\/producto\/historia-del-breviario-romano-9788491652908\/#primaryimage","url":"https:\/\/www.cpl.es\/wp-content\/uploads\/110253.jpg","contentUrl":"https:\/\/www.cpl.es\/wp-content\/uploads\/110253.jpg","width":280,"height":420,"caption":"110253.jpg"},{"@type":"BreadcrumbList","@id":"https:\/\/www.cpl.es\/producto\/historia-del-breviario-romano-9788491652908\/#breadcrumb","itemListElement":[{"@type":"ListItem","position":1,"name":"Portada","item":"https:\/\/www.cpl.es\/ca\/"},{"@type":"ListItem","position":2,"name":"Cat\u00e0leg","item":"https:\/\/www.cpl.es\/ca\/cataleg\/"},{"@type":"ListItem","position":3,"name":"Historia del Breviario Romano"}]},{"@type":"WebSite","@id":"https:\/\/www.cpl.es\/#website","url":"https:\/\/www.cpl.es\/","name":"CPL","description":"Centre de Pastoral Lit\u00fargica de Barcelona","publisher":{"@id":"https:\/\/www.cpl.es\/#organization"},"alternateName":"Centre de Pastoral Lit\u00fargica","potentialAction":[{"@type":"SearchAction","target":{"@type":"EntryPoint","urlTemplate":"https:\/\/www.cpl.es\/?s={search_term_string}"},"query-input":{"@type":"PropertyValueSpecification","valueRequired":true,"valueName":"search_term_string"}}],"inLanguage":"ca"},{"@type":"Organization","@id":"https:\/\/www.cpl.es\/#organization","name":"Centre de Pastoral Lit\u00fargica","alternateName":"Centre de Pastoral Lit\u00fargica de Barcelona","url":"https:\/\/www.cpl.es\/","logo":{"@type":"ImageObject","inLanguage":"ca","@id":"https:\/\/www.cpl.es\/#\/schema\/logo\/image\/","url":"https:\/\/www.cpl.es\/wp-content\/uploads\/logo-cpl.svg","contentUrl":"https:\/\/www.cpl.es\/wp-content\/uploads\/logo-cpl.svg","caption":"Centre de Pastoral Lit\u00fargica"},"image":{"@id":"https:\/\/www.cpl.es\/#\/schema\/logo\/image\/"}}]}},"_links":{"self":[{"href":"https:\/\/www.cpl.es\/ca\/wp-json\/wp\/v2\/product\/1140","targetHints":{"allow":["GET"]}}],"collection":[{"href":"https:\/\/www.cpl.es\/ca\/wp-json\/wp\/v2\/product"}],"about":[{"href":"https:\/\/www.cpl.es\/ca\/wp-json\/wp\/v2\/types\/product"}],"wp:featuredmedia":[{"embeddable":true,"href":"https:\/\/www.cpl.es\/ca\/wp-json\/wp\/v2\/media\/1141"}],"wp:attachment":[{"href":"https:\/\/www.cpl.es\/ca\/wp-json\/wp\/v2\/media?parent=1140"}],"wp:term":[{"taxonomy":"product_brand","embeddable":true,"href":"https:\/\/www.cpl.es\/ca\/wp-json\/wp\/v2\/product_brand?post=1140"},{"taxonomy":"product_cat","embeddable":true,"href":"https:\/\/www.cpl.es\/ca\/wp-json\/wp\/v2\/product_cat?post=1140"},{"taxonomy":"product_tag","embeddable":true,"href":"https:\/\/www.cpl.es\/ca\/wp-json\/wp\/v2\/product_tag?post=1140"}],"curies":[{"name":"wp","href":"https:\/\/api.w.org\/{rel}","templated":true}]}}