{"id":1122,"date":"2023-10-04T01:01:08","date_gmt":"2023-10-03T23:01:08","guid":{"rendered":"https:\/\/nuevaweb.cpl.es\/producto\/maria-en-el-culto-del-pueblo-de-dios-9788491653325\/"},"modified":"2026-02-12T17:43:00","modified_gmt":"2026-02-12T16:43:00","slug":"maria-en-el-culto-del-pueblo-de-dios-9788491653325","status":"publish","type":"product","link":"https:\/\/www.cpl.es\/ca\/producto\/maria-en-el-culto-del-pueblo-de-dios-9788491653325\/","title":{"rendered":"Mar\u00eda en el culto del pueblo de Dios"},"content":{"rendered":"<p>El deseo del presente volumen es contribuir con una aportaci\u00f3n investigadora, profundizando en la presencia de Mar\u00eda en la relaci\u00f3n entre liturgia y piedad, y, en cuanto el modo en que ha sido recibido y desarrollado por el magisterio dicho v\u00ednculo a partir del Concilio Vaticano II. Es necesario proponer, bajo la luz magisterial y la ciencia lit\u00fargica, herramientas que faciliten la comprensi\u00f3n de esta sana y necesaria relaci\u00f3n. Al mismo tiempo, a\u00fan hoy, a m\u00e1s de 50 a\u00f1os de Sacrosanctum Concilium, sigue siendo importante entregar a los pastores de la Iglesia un marco teol\u00f3gico referencial para comprender de manera sana el porqu\u00e9 y la riqueza de la persona de Mar\u00eda en el culto cristiano.<\/p>\n<p>Gonzalo Gum\u00e1n Karadima, naci\u00f3 en 1975, en el 2004 fue ordenado sacerdote en la Arquidi\u00f3cesis de Santiago de Chile. Sus estudios de Bachillerato en Teolog\u00eda los realiz\u00f3 en el Seminario Pontificio de Santiago (Pontificia Universidad Cat\u00f3lica de Chile). En el 2014 se licenci\u00f3 en Sagrada Liturgia en el Pontificio Ateneo Sant'Anselmo. Dos a\u00f1os m\u00e1s tarde, obtuvo el grado de doctor en la misma ciencia lit\u00fargica con la tesis &#8216;Lo popular' como un lugar teol\u00f3gico de encuentro entre la liturgia y la piedad. Entre los a\u00f1os 2004 y 2011 sirvi\u00f3 pastoralmente como Vicario parroquial. Actualmente es p\u00e1rroco en Santiago de Chile, profesor de la Facultad de Teolog\u00eda de la Pontificia Universidad Cat\u00f3lica de Chile, profesor del Instituto Superior de Liturgia de Barcelona, miembro de la Comisi\u00f3n Nacional de Liturgia y presta asesor\u00edas lit\u00fargicas en el CELAM.<\/p>\n","protected":false},"excerpt":{"rendered":"<p>G\u00fazman, Gonzalo<\/p>\n","protected":false},"featured_media":1123,"template":"","meta":{"_acf_changed":false,"inline_featured_image":false},"product_brand":[],"product_cat":[74,46,84,61,160,63,86,64,87],"product_tag":[],"class_list":{"0":"post-1122","1":"product","2":"type-product","3":"status-publish","4":"has-post-thumbnail","6":"product_cat-biblioteca-liturgica-colleccions-catala","7":"product_cat-biblioteca-liturgica","8":"product_cat-liturgia-i-teologia","9":"product_cat-liturgia-y-teologia","10":"product_cat-mes-de-maria-ano-liturgico-por-temas","11":"product_cat-oracion","12":"product_cat-pregaria","13":"product_cat-religiosidad-popular","14":"product_cat-religiositat-popular","16":"first","17":"instock","18":"taxable","19":"shipping-taxable","20":"purchasable","21":"product-type-simple"},"acf":{"autor":"G\u00fazman, Gonzalo","codart":"111061","ediciones":"1","encuadernacion":"Cartone","fecha_de_publicacion":"17\/06\/2020","novedad":false,"paginas":"132","subtitulo":"Una aproximaci\u00f3n desde la Teolog\u00eda Lit\u00fargica al Magisterio","orden":"5","portada":false,"idioma":"spa","editorial":[{"ID":6736,"post_author":"2","post_date":"2023-10-06 08:35:24","post_date_gmt":"2023-10-06 06:35:24","post_content":"","post_title":"CPL","post_excerpt":"","post_status":"publish","comment_status":"closed","ping_status":"closed","post_password":"","post_name":"cpl","to_ping":"","pinged":"","post_modified":"2023-10-06 08:35:24","post_modified_gmt":"2023-10-06 06:35:24","post_content_filtered":"","post_parent":0,"guid":"https:\/\/nuevaweb.cpl.es\/editorial\/cpl\/","menu_order":0,"post_type":"editorial","post_mime_type":"","comment_count":"0","filter":"raw"}],"coleccion_num":"61"},"yoast_head":"<!-- This site is optimized with the Yoast SEO plugin v27.3 - https:\/\/yoast.com\/product\/yoast-seo-wordpress\/ -->\n<title>Mar\u00eda en el culto del pueblo de Dios - CPL<\/title>\n<meta name=\"robots\" content=\"index, follow, max-snippet:-1, max-image-preview:large, max-video-preview:-1\" \/>\n<link rel=\"canonical\" href=\"https:\/\/www.cpl.es\/producto\/maria-en-el-culto-del-pueblo-de-dios-9788491653325\/\" \/>\n<meta property=\"og:locale\" content=\"ca_ES\" \/>\n<meta property=\"og:type\" content=\"article\" \/>\n<meta property=\"og:title\" content=\"Mar\u00eda en el culto del pueblo de Dios - CPL\" \/>\n<meta property=\"og:description\" content=\"G\u00fazman, Gonzalo\" \/>\n<meta property=\"og:url\" content=\"https:\/\/www.cpl.es\/producto\/maria-en-el-culto-del-pueblo-de-dios-9788491653325\/\" \/>\n<meta property=\"og:site_name\" content=\"CPL\" \/>\n<meta property=\"article:modified_time\" content=\"2026-02-12T16:43:00+00:00\" \/>\n<meta property=\"og:image\" content=\"https:\/\/www.cpl.es\/wp-content\/uploads\/111061.jpg\" \/>\n\t<meta property=\"og:image:width\" content=\"280\" \/>\n\t<meta property=\"og:image:height\" content=\"382\" \/>\n\t<meta property=\"og:image:type\" content=\"image\/jpeg\" \/>\n<meta name=\"twitter:card\" content=\"summary_large_image\" \/>\n<meta name=\"twitter:label1\" content=\"Temps estimat de lectura\" \/>\n\t<meta name=\"twitter:data1\" content=\"1 minut\" \/>\n<script type=\"application\/ld+json\" class=\"yoast-schema-graph\">{\"@context\":\"https:\\\/\\\/schema.org\",\"@graph\":[{\"@type\":\"WebPage\",\"@id\":\"https:\\\/\\\/www.cpl.es\\\/producto\\\/maria-en-el-culto-del-pueblo-de-dios-9788491653325\\\/\",\"url\":\"https:\\\/\\\/www.cpl.es\\\/producto\\\/maria-en-el-culto-del-pueblo-de-dios-9788491653325\\\/\",\"name\":\"Mar\u00eda en el culto del pueblo de Dios - CPL\",\"isPartOf\":{\"@id\":\"https:\\\/\\\/www.cpl.es\\\/#website\"},\"primaryImageOfPage\":{\"@id\":\"https:\\\/\\\/www.cpl.es\\\/producto\\\/maria-en-el-culto-del-pueblo-de-dios-9788491653325\\\/#primaryimage\"},\"image\":{\"@id\":\"https:\\\/\\\/www.cpl.es\\\/producto\\\/maria-en-el-culto-del-pueblo-de-dios-9788491653325\\\/#primaryimage\"},\"thumbnailUrl\":\"https:\\\/\\\/www.cpl.es\\\/wp-content\\\/uploads\\\/111061.jpg\",\"datePublished\":\"2023-10-03T23:01:08+00:00\",\"dateModified\":\"2026-02-12T16:43:00+00:00\",\"breadcrumb\":{\"@id\":\"https:\\\/\\\/www.cpl.es\\\/producto\\\/maria-en-el-culto-del-pueblo-de-dios-9788491653325\\\/#breadcrumb\"},\"inLanguage\":\"ca\",\"potentialAction\":[{\"@type\":\"ReadAction\",\"target\":[\"https:\\\/\\\/www.cpl.es\\\/producto\\\/maria-en-el-culto-del-pueblo-de-dios-9788491653325\\\/\"]}]},{\"@type\":\"ImageObject\",\"inLanguage\":\"ca\",\"@id\":\"https:\\\/\\\/www.cpl.es\\\/producto\\\/maria-en-el-culto-del-pueblo-de-dios-9788491653325\\\/#primaryimage\",\"url\":\"https:\\\/\\\/www.cpl.es\\\/wp-content\\\/uploads\\\/111061.jpg\",\"contentUrl\":\"https:\\\/\\\/www.cpl.es\\\/wp-content\\\/uploads\\\/111061.jpg\",\"width\":280,\"height\":382,\"caption\":\"111061.jpg\"},{\"@type\":\"BreadcrumbList\",\"@id\":\"https:\\\/\\\/www.cpl.es\\\/producto\\\/maria-en-el-culto-del-pueblo-de-dios-9788491653325\\\/#breadcrumb\",\"itemListElement\":[{\"@type\":\"ListItem\",\"position\":1,\"name\":\"Portada\",\"item\":\"https:\\\/\\\/www.cpl.es\\\/ca\\\/\"},{\"@type\":\"ListItem\",\"position\":2,\"name\":\"Cat\u00e0leg\",\"item\":\"https:\\\/\\\/www.cpl.es\\\/ca\\\/cataleg\\\/\"},{\"@type\":\"ListItem\",\"position\":3,\"name\":\"Mar\u00eda en el culto del pueblo de Dios\"}]},{\"@type\":\"WebSite\",\"@id\":\"https:\\\/\\\/www.cpl.es\\\/#website\",\"url\":\"https:\\\/\\\/www.cpl.es\\\/\",\"name\":\"CPL\",\"description\":\"Centre de Pastoral Lit\u00fargica de Barcelona\",\"publisher\":{\"@id\":\"https:\\\/\\\/www.cpl.es\\\/#organization\"},\"alternateName\":\"Centre de Pastoral Lit\u00fargica\",\"potentialAction\":[{\"@type\":\"SearchAction\",\"target\":{\"@type\":\"EntryPoint\",\"urlTemplate\":\"https:\\\/\\\/www.cpl.es\\\/?s={search_term_string}\"},\"query-input\":{\"@type\":\"PropertyValueSpecification\",\"valueRequired\":true,\"valueName\":\"search_term_string\"}}],\"inLanguage\":\"ca\"},{\"@type\":\"Organization\",\"@id\":\"https:\\\/\\\/www.cpl.es\\\/#organization\",\"name\":\"Centre de Pastoral Lit\u00fargica\",\"alternateName\":\"Centre de Pastoral Lit\u00fargica de Barcelona\",\"url\":\"https:\\\/\\\/www.cpl.es\\\/\",\"logo\":{\"@type\":\"ImageObject\",\"inLanguage\":\"ca\",\"@id\":\"https:\\\/\\\/www.cpl.es\\\/#\\\/schema\\\/logo\\\/image\\\/\",\"url\":\"https:\\\/\\\/www.cpl.es\\\/wp-content\\\/uploads\\\/logo-cpl.svg\",\"contentUrl\":\"https:\\\/\\\/www.cpl.es\\\/wp-content\\\/uploads\\\/logo-cpl.svg\",\"caption\":\"Centre de Pastoral Lit\u00fargica\"},\"image\":{\"@id\":\"https:\\\/\\\/www.cpl.es\\\/#\\\/schema\\\/logo\\\/image\\\/\"}}]}<\/script>\n<!-- \/ Yoast SEO plugin. -->","yoast_head_json":{"title":"Mar\u00eda en el culto del pueblo de Dios - CPL","robots":{"index":"index","follow":"follow","max-snippet":"max-snippet:-1","max-image-preview":"max-image-preview:large","max-video-preview":"max-video-preview:-1"},"canonical":"https:\/\/www.cpl.es\/producto\/maria-en-el-culto-del-pueblo-de-dios-9788491653325\/","og_locale":"ca_ES","og_type":"article","og_title":"Mar\u00eda en el culto del pueblo de Dios - CPL","og_description":"G\u00fazman, Gonzalo","og_url":"https:\/\/www.cpl.es\/producto\/maria-en-el-culto-del-pueblo-de-dios-9788491653325\/","og_site_name":"CPL","article_modified_time":"2026-02-12T16:43:00+00:00","og_image":[{"width":280,"height":382,"url":"https:\/\/www.cpl.es\/wp-content\/uploads\/111061.jpg","type":"image\/jpeg"}],"twitter_card":"summary_large_image","twitter_misc":{"Temps estimat de lectura":"1 minut"},"schema":{"@context":"https:\/\/schema.org","@graph":[{"@type":"WebPage","@id":"https:\/\/www.cpl.es\/producto\/maria-en-el-culto-del-pueblo-de-dios-9788491653325\/","url":"https:\/\/www.cpl.es\/producto\/maria-en-el-culto-del-pueblo-de-dios-9788491653325\/","name":"Mar\u00eda en el culto del pueblo de Dios - CPL","isPartOf":{"@id":"https:\/\/www.cpl.es\/#website"},"primaryImageOfPage":{"@id":"https:\/\/www.cpl.es\/producto\/maria-en-el-culto-del-pueblo-de-dios-9788491653325\/#primaryimage"},"image":{"@id":"https:\/\/www.cpl.es\/producto\/maria-en-el-culto-del-pueblo-de-dios-9788491653325\/#primaryimage"},"thumbnailUrl":"https:\/\/www.cpl.es\/wp-content\/uploads\/111061.jpg","datePublished":"2023-10-03T23:01:08+00:00","dateModified":"2026-02-12T16:43:00+00:00","breadcrumb":{"@id":"https:\/\/www.cpl.es\/producto\/maria-en-el-culto-del-pueblo-de-dios-9788491653325\/#breadcrumb"},"inLanguage":"ca","potentialAction":[{"@type":"ReadAction","target":["https:\/\/www.cpl.es\/producto\/maria-en-el-culto-del-pueblo-de-dios-9788491653325\/"]}]},{"@type":"ImageObject","inLanguage":"ca","@id":"https:\/\/www.cpl.es\/producto\/maria-en-el-culto-del-pueblo-de-dios-9788491653325\/#primaryimage","url":"https:\/\/www.cpl.es\/wp-content\/uploads\/111061.jpg","contentUrl":"https:\/\/www.cpl.es\/wp-content\/uploads\/111061.jpg","width":280,"height":382,"caption":"111061.jpg"},{"@type":"BreadcrumbList","@id":"https:\/\/www.cpl.es\/producto\/maria-en-el-culto-del-pueblo-de-dios-9788491653325\/#breadcrumb","itemListElement":[{"@type":"ListItem","position":1,"name":"Portada","item":"https:\/\/www.cpl.es\/ca\/"},{"@type":"ListItem","position":2,"name":"Cat\u00e0leg","item":"https:\/\/www.cpl.es\/ca\/cataleg\/"},{"@type":"ListItem","position":3,"name":"Mar\u00eda en el culto del pueblo de Dios"}]},{"@type":"WebSite","@id":"https:\/\/www.cpl.es\/#website","url":"https:\/\/www.cpl.es\/","name":"CPL","description":"Centre de Pastoral Lit\u00fargica de Barcelona","publisher":{"@id":"https:\/\/www.cpl.es\/#organization"},"alternateName":"Centre de Pastoral Lit\u00fargica","potentialAction":[{"@type":"SearchAction","target":{"@type":"EntryPoint","urlTemplate":"https:\/\/www.cpl.es\/?s={search_term_string}"},"query-input":{"@type":"PropertyValueSpecification","valueRequired":true,"valueName":"search_term_string"}}],"inLanguage":"ca"},{"@type":"Organization","@id":"https:\/\/www.cpl.es\/#organization","name":"Centre de Pastoral Lit\u00fargica","alternateName":"Centre de Pastoral Lit\u00fargica de Barcelona","url":"https:\/\/www.cpl.es\/","logo":{"@type":"ImageObject","inLanguage":"ca","@id":"https:\/\/www.cpl.es\/#\/schema\/logo\/image\/","url":"https:\/\/www.cpl.es\/wp-content\/uploads\/logo-cpl.svg","contentUrl":"https:\/\/www.cpl.es\/wp-content\/uploads\/logo-cpl.svg","caption":"Centre de Pastoral Lit\u00fargica"},"image":{"@id":"https:\/\/www.cpl.es\/#\/schema\/logo\/image\/"}}]}},"_links":{"self":[{"href":"https:\/\/www.cpl.es\/ca\/wp-json\/wp\/v2\/product\/1122","targetHints":{"allow":["GET"]}}],"collection":[{"href":"https:\/\/www.cpl.es\/ca\/wp-json\/wp\/v2\/product"}],"about":[{"href":"https:\/\/www.cpl.es\/ca\/wp-json\/wp\/v2\/types\/product"}],"wp:featuredmedia":[{"embeddable":true,"href":"https:\/\/www.cpl.es\/ca\/wp-json\/wp\/v2\/media\/1123"}],"wp:attachment":[{"href":"https:\/\/www.cpl.es\/ca\/wp-json\/wp\/v2\/media?parent=1122"}],"wp:term":[{"taxonomy":"product_brand","embeddable":true,"href":"https:\/\/www.cpl.es\/ca\/wp-json\/wp\/v2\/product_brand?post=1122"},{"taxonomy":"product_cat","embeddable":true,"href":"https:\/\/www.cpl.es\/ca\/wp-json\/wp\/v2\/product_cat?post=1122"},{"taxonomy":"product_tag","embeddable":true,"href":"https:\/\/www.cpl.es\/ca\/wp-json\/wp\/v2\/product_tag?post=1122"}],"curies":[{"name":"wp","href":"https:\/\/api.w.org\/{rel}","templated":true}]}}