{"id":1107,"date":"2023-10-04T01:00:40","date_gmt":"2023-10-03T23:00:40","guid":{"rendered":"https:\/\/nuevaweb.cpl.es\/producto\/reverendo-que-maneras-9788491653424\/"},"modified":"2026-02-12T16:56:36","modified_gmt":"2026-02-12T15:56:36","slug":"reverendo-que-maneras-9788491653424","status":"publish","type":"product","link":"https:\/\/www.cpl.es\/ca\/producto\/reverendo-que-maneras-9788491653424\/","title":{"rendered":"\u00a1Reverendo, qu\u00e9 maneras!"},"content":{"rendered":"<p>&#8216;Faltan curas. Lo dicen los obispos, lo dicen los peri\u00f3dicos, lo dicen los sondeos. [&#8230;] Despu\u00e9s, se habla mucho de los sacerdotes, en general mal: se comenta c\u00f3mo y de qu\u00e9 hablan; lo que hacen o lo que dejan de hacer; de qu\u00e9 se ocupan y de qu\u00e9 dejan de ocuparse. [&#8230;] Tal vez alguien llegar\u00e1 a la conclusi\u00f3n de que los curas son un gran problema para la Iglesia. No me parece que este sea un gran est\u00edmulo, ni para quien quiera ser sacerdote ni para quien intenta ayudar a los dem\u00e1s a serlo'. As\u00ed empieza esta serie de peque\u00f1os art\u00edculos en forma de exhortaci\u00f3n a los sacerdotes, con el estilo de un supuesto texto ap\u00f3crifo sobre el ministerio sacerdotal. Como si el propio san Ambrosio se dirigiera al clero milan\u00e9s. Con delicadeza y sentido del humor, y un buen conocimiento de la vida cotidiana de un cura de parroquia, Delpini va esbozando un modelo de sacerdote, de comunidad y de Iglesia acogedores y cercanos a la gente, buenos transmisores del Evangelio y sin clericalismos.<\/p>\n<p>Mario Delpini (Gallarate, Lombard\u00eda, 1951) es arzobispo de Mil\u00e1n desde julio de 2017. Estudi\u00f3 literatura, teolog\u00eda y patr\u00edstica y fue rector del Seminario y profesor de la Facultad de Teolog\u00eda del Norte de Italia. Adem\u00e1s de la investigaci\u00f3n cient\u00edfica dedicada a la literatura antigua y a la teolog\u00eda de los Padres de la Iglesia, Mario Delpini es autor de diversas obras sobre la vida cristiana, dirigidas en particular a los j\u00f3venes, con un estilo agudo e ir\u00f3nico. El CPL le ha publicado en la colecci\u00f3n Dossiers CPL Y la mariposa vol\u00f3.<\/p>\n","protected":false},"excerpt":{"rendered":"<p>Delpini, Mario<\/p>\n","protected":false},"featured_media":1108,"template":"","meta":{"_acf_changed":false,"inline_featured_image":false},"product_brand":[],"product_cat":[83,60,49,73,65,88],"product_tag":[],"class_list":{"0":"post-1107","1":"product","2":"type-product","3":"status-publish","4":"has-post-thumbnail","6":"product_cat-catequesi-liturgica","7":"product_cat-catequesis-liturgica","8":"product_cat-emaus","9":"product_cat-emaus-colleccions-catala","10":"product_cat-espiritualidad","11":"product_cat-espiritualitat","13":"first","14":"instock","15":"taxable","16":"shipping-taxable","17":"purchasable","18":"product-type-simple"},"acf":{"autor":"Delpini, Mario","codart":"108164","ediciones":"1","encuadernacion":"R\u00fastica","fecha_de_publicacion":"11\/04\/2023","novedad":false,"paginas":"136","subtitulo":"Peque\u00f1o manual pastoral de buenas costumbres","orden":"15","portada":false,"idioma":"spa","editorial":[{"ID":6736,"post_author":"2","post_date":"2023-10-06 08:35:24","post_date_gmt":"2023-10-06 06:35:24","post_content":"","post_title":"CPL","post_excerpt":"","post_status":"publish","comment_status":"closed","ping_status":"closed","post_password":"","post_name":"cpl","to_ping":"","pinged":"","post_modified":"2023-10-06 08:35:24","post_modified_gmt":"2023-10-06 06:35:24","post_content_filtered":"","post_parent":0,"guid":"https:\/\/nuevaweb.cpl.es\/editorial\/cpl\/","menu_order":0,"post_type":"editorial","post_mime_type":"","comment_count":"0","filter":"raw"}],"coleccion_num":"164"},"yoast_head":"<!-- This site is optimized with the Yoast SEO plugin v27.0 - https:\/\/yoast.com\/product\/yoast-seo-wordpress\/ -->\n<title>\u00a1Reverendo, qu\u00e9 maneras! - CPL<\/title>\n<meta name=\"robots\" content=\"index, follow, max-snippet:-1, max-image-preview:large, max-video-preview:-1\" \/>\n<link rel=\"canonical\" href=\"https:\/\/www.cpl.es\/producto\/reverendo-que-maneras-9788491653424\/\" \/>\n<meta property=\"og:locale\" content=\"ca_ES\" \/>\n<meta property=\"og:type\" content=\"article\" \/>\n<meta property=\"og:title\" content=\"\u00a1Reverendo, qu\u00e9 maneras! - CPL\" \/>\n<meta property=\"og:description\" content=\"Delpini, Mario\" \/>\n<meta property=\"og:url\" content=\"https:\/\/www.cpl.es\/producto\/reverendo-que-maneras-9788491653424\/\" \/>\n<meta property=\"og:site_name\" content=\"CPL\" \/>\n<meta property=\"article:modified_time\" content=\"2026-02-12T15:56:36+00:00\" \/>\n<meta property=\"og:image\" content=\"https:\/\/www.cpl.es\/wp-content\/uploads\/108164.jpg\" \/>\n\t<meta property=\"og:image:width\" content=\"280\" \/>\n\t<meta property=\"og:image:height\" content=\"443\" \/>\n\t<meta property=\"og:image:type\" content=\"image\/jpeg\" \/>\n<meta name=\"twitter:card\" content=\"summary_large_image\" \/>\n<meta name=\"twitter:label1\" content=\"Temps estimat de lectura\" \/>\n\t<meta name=\"twitter:data1\" content=\"1 minut\" \/>\n<script type=\"application\/ld+json\" class=\"yoast-schema-graph\">{\"@context\":\"https:\/\/schema.org\",\"@graph\":[{\"@type\":\"WebPage\",\"@id\":\"https:\/\/www.cpl.es\/producto\/reverendo-que-maneras-9788491653424\/\",\"url\":\"https:\/\/www.cpl.es\/producto\/reverendo-que-maneras-9788491653424\/\",\"name\":\"\u00a1Reverendo, qu\u00e9 maneras! - CPL\",\"isPartOf\":{\"@id\":\"https:\/\/www.cpl.es\/#website\"},\"primaryImageOfPage\":{\"@id\":\"https:\/\/www.cpl.es\/producto\/reverendo-que-maneras-9788491653424\/#primaryimage\"},\"image\":{\"@id\":\"https:\/\/www.cpl.es\/producto\/reverendo-que-maneras-9788491653424\/#primaryimage\"},\"thumbnailUrl\":\"https:\/\/www.cpl.es\/wp-content\/uploads\/108164.jpg\",\"datePublished\":\"2023-10-03T23:00:40+00:00\",\"dateModified\":\"2026-02-12T15:56:36+00:00\",\"breadcrumb\":{\"@id\":\"https:\/\/www.cpl.es\/producto\/reverendo-que-maneras-9788491653424\/#breadcrumb\"},\"inLanguage\":\"ca\",\"potentialAction\":[{\"@type\":\"ReadAction\",\"target\":[\"https:\/\/www.cpl.es\/producto\/reverendo-que-maneras-9788491653424\/\"]}]},{\"@type\":\"ImageObject\",\"inLanguage\":\"ca\",\"@id\":\"https:\/\/www.cpl.es\/producto\/reverendo-que-maneras-9788491653424\/#primaryimage\",\"url\":\"https:\/\/www.cpl.es\/wp-content\/uploads\/108164.jpg\",\"contentUrl\":\"https:\/\/www.cpl.es\/wp-content\/uploads\/108164.jpg\",\"width\":280,\"height\":443,\"caption\":\"108164.jpg\"},{\"@type\":\"BreadcrumbList\",\"@id\":\"https:\/\/www.cpl.es\/producto\/reverendo-que-maneras-9788491653424\/#breadcrumb\",\"itemListElement\":[{\"@type\":\"ListItem\",\"position\":1,\"name\":\"Portada\",\"item\":\"https:\/\/www.cpl.es\/ca\/\"},{\"@type\":\"ListItem\",\"position\":2,\"name\":\"Cat\u00e0leg\",\"item\":\"https:\/\/www.cpl.es\/ca\/cataleg\/\"},{\"@type\":\"ListItem\",\"position\":3,\"name\":\"\u00a1Reverendo, qu\u00e9 maneras!\"}]},{\"@type\":\"WebSite\",\"@id\":\"https:\/\/www.cpl.es\/#website\",\"url\":\"https:\/\/www.cpl.es\/\",\"name\":\"CPL\",\"description\":\"Centre de Pastoral Lit\u00fargica de Barcelona\",\"publisher\":{\"@id\":\"https:\/\/www.cpl.es\/#organization\"},\"alternateName\":\"Centre de Pastoral Lit\u00fargica\",\"potentialAction\":[{\"@type\":\"SearchAction\",\"target\":{\"@type\":\"EntryPoint\",\"urlTemplate\":\"https:\/\/www.cpl.es\/?s={search_term_string}\"},\"query-input\":{\"@type\":\"PropertyValueSpecification\",\"valueRequired\":true,\"valueName\":\"search_term_string\"}}],\"inLanguage\":\"ca\"},{\"@type\":\"Organization\",\"@id\":\"https:\/\/www.cpl.es\/#organization\",\"name\":\"Centre de Pastoral Lit\u00fargica\",\"alternateName\":\"Centre de Pastoral Lit\u00fargica de Barcelona\",\"url\":\"https:\/\/www.cpl.es\/\",\"logo\":{\"@type\":\"ImageObject\",\"inLanguage\":\"ca\",\"@id\":\"https:\/\/www.cpl.es\/#\/schema\/logo\/image\/\",\"url\":\"https:\/\/www.cpl.es\/wp-content\/uploads\/logo-cpl.svg\",\"contentUrl\":\"https:\/\/www.cpl.es\/wp-content\/uploads\/logo-cpl.svg\",\"caption\":\"Centre de Pastoral Lit\u00fargica\"},\"image\":{\"@id\":\"https:\/\/www.cpl.es\/#\/schema\/logo\/image\/\"}}]}<\/script>\n<!-- \/ Yoast SEO plugin. -->","yoast_head_json":{"title":"\u00a1Reverendo, qu\u00e9 maneras! - CPL","robots":{"index":"index","follow":"follow","max-snippet":"max-snippet:-1","max-image-preview":"max-image-preview:large","max-video-preview":"max-video-preview:-1"},"canonical":"https:\/\/www.cpl.es\/producto\/reverendo-que-maneras-9788491653424\/","og_locale":"ca_ES","og_type":"article","og_title":"\u00a1Reverendo, qu\u00e9 maneras! - CPL","og_description":"Delpini, Mario","og_url":"https:\/\/www.cpl.es\/producto\/reverendo-que-maneras-9788491653424\/","og_site_name":"CPL","article_modified_time":"2026-02-12T15:56:36+00:00","og_image":[{"width":280,"height":443,"url":"https:\/\/www.cpl.es\/wp-content\/uploads\/108164.jpg","type":"image\/jpeg"}],"twitter_card":"summary_large_image","twitter_misc":{"Temps estimat de lectura":"1 minut"},"schema":{"@context":"https:\/\/schema.org","@graph":[{"@type":"WebPage","@id":"https:\/\/www.cpl.es\/producto\/reverendo-que-maneras-9788491653424\/","url":"https:\/\/www.cpl.es\/producto\/reverendo-que-maneras-9788491653424\/","name":"\u00a1Reverendo, qu\u00e9 maneras! - CPL","isPartOf":{"@id":"https:\/\/www.cpl.es\/#website"},"primaryImageOfPage":{"@id":"https:\/\/www.cpl.es\/producto\/reverendo-que-maneras-9788491653424\/#primaryimage"},"image":{"@id":"https:\/\/www.cpl.es\/producto\/reverendo-que-maneras-9788491653424\/#primaryimage"},"thumbnailUrl":"https:\/\/www.cpl.es\/wp-content\/uploads\/108164.jpg","datePublished":"2023-10-03T23:00:40+00:00","dateModified":"2026-02-12T15:56:36+00:00","breadcrumb":{"@id":"https:\/\/www.cpl.es\/producto\/reverendo-que-maneras-9788491653424\/#breadcrumb"},"inLanguage":"ca","potentialAction":[{"@type":"ReadAction","target":["https:\/\/www.cpl.es\/producto\/reverendo-que-maneras-9788491653424\/"]}]},{"@type":"ImageObject","inLanguage":"ca","@id":"https:\/\/www.cpl.es\/producto\/reverendo-que-maneras-9788491653424\/#primaryimage","url":"https:\/\/www.cpl.es\/wp-content\/uploads\/108164.jpg","contentUrl":"https:\/\/www.cpl.es\/wp-content\/uploads\/108164.jpg","width":280,"height":443,"caption":"108164.jpg"},{"@type":"BreadcrumbList","@id":"https:\/\/www.cpl.es\/producto\/reverendo-que-maneras-9788491653424\/#breadcrumb","itemListElement":[{"@type":"ListItem","position":1,"name":"Portada","item":"https:\/\/www.cpl.es\/ca\/"},{"@type":"ListItem","position":2,"name":"Cat\u00e0leg","item":"https:\/\/www.cpl.es\/ca\/cataleg\/"},{"@type":"ListItem","position":3,"name":"\u00a1Reverendo, qu\u00e9 maneras!"}]},{"@type":"WebSite","@id":"https:\/\/www.cpl.es\/#website","url":"https:\/\/www.cpl.es\/","name":"CPL","description":"Centre de Pastoral Lit\u00fargica de Barcelona","publisher":{"@id":"https:\/\/www.cpl.es\/#organization"},"alternateName":"Centre de Pastoral Lit\u00fargica","potentialAction":[{"@type":"SearchAction","target":{"@type":"EntryPoint","urlTemplate":"https:\/\/www.cpl.es\/?s={search_term_string}"},"query-input":{"@type":"PropertyValueSpecification","valueRequired":true,"valueName":"search_term_string"}}],"inLanguage":"ca"},{"@type":"Organization","@id":"https:\/\/www.cpl.es\/#organization","name":"Centre de Pastoral Lit\u00fargica","alternateName":"Centre de Pastoral Lit\u00fargica de Barcelona","url":"https:\/\/www.cpl.es\/","logo":{"@type":"ImageObject","inLanguage":"ca","@id":"https:\/\/www.cpl.es\/#\/schema\/logo\/image\/","url":"https:\/\/www.cpl.es\/wp-content\/uploads\/logo-cpl.svg","contentUrl":"https:\/\/www.cpl.es\/wp-content\/uploads\/logo-cpl.svg","caption":"Centre de Pastoral Lit\u00fargica"},"image":{"@id":"https:\/\/www.cpl.es\/#\/schema\/logo\/image\/"}}]}},"_links":{"self":[{"href":"https:\/\/www.cpl.es\/ca\/wp-json\/wp\/v2\/product\/1107","targetHints":{"allow":["GET"]}}],"collection":[{"href":"https:\/\/www.cpl.es\/ca\/wp-json\/wp\/v2\/product"}],"about":[{"href":"https:\/\/www.cpl.es\/ca\/wp-json\/wp\/v2\/types\/product"}],"wp:featuredmedia":[{"embeddable":true,"href":"https:\/\/www.cpl.es\/ca\/wp-json\/wp\/v2\/media\/1108"}],"wp:attachment":[{"href":"https:\/\/www.cpl.es\/ca\/wp-json\/wp\/v2\/media?parent=1107"}],"wp:term":[{"taxonomy":"product_brand","embeddable":true,"href":"https:\/\/www.cpl.es\/ca\/wp-json\/wp\/v2\/product_brand?post=1107"},{"taxonomy":"product_cat","embeddable":true,"href":"https:\/\/www.cpl.es\/ca\/wp-json\/wp\/v2\/product_cat?post=1107"},{"taxonomy":"product_tag","embeddable":true,"href":"https:\/\/www.cpl.es\/ca\/wp-json\/wp\/v2\/product_tag?post=1107"}],"curies":[{"name":"wp","href":"https:\/\/api.w.org\/{rel}","templated":true}]}}