{"id":1092,"date":"2023-10-04T01:00:11","date_gmt":"2023-10-03T23:00:11","guid":{"rendered":"https:\/\/nuevaweb.cpl.es\/producto\/mi-vida-sin-recato-9788491653752\/"},"modified":"2026-02-12T17:48:08","modified_gmt":"2026-02-12T16:48:08","slug":"mi-vida-sin-recato-9788491653752","status":"publish","type":"product","link":"https:\/\/www.cpl.es\/ca\/producto\/mi-vida-sin-recato-9788491653752\/","title":{"rendered":"Mi vida, sin recato"},"content":{"rendered":"<p>No es una autobiograf\u00eda, nos dice el autor. &#8216;Dios escribe recto con renglones torcidos; porque los caminos emprendidos se dibujan torcidos y disparatados; porque todo escapa a las normas acreditadas de la cordura, del buen sentido y la compostura convencional. Y, sin embargo, en el horizonte final, todo toma cuerpo y se esclarece. Lo disparatado se torna coherente, lo turbio se hace luz y la locura se convierte en cordura. Desde la atalaya final todo cobra sentido. Eso es precisamente lo que intento aclarar en este libro'.<br \/>Jos\u00e9 Manuel Bernal, tras una vida como dominico dedicada al estudio y a la docencia de la liturgia en las instituciones m\u00e1s prestigiosas, decide casarse y emprender una vida familiar. Un nuevo inicio, no sin padecimientos, que, no obstante, no le aparta de la fe, ni de la Iglesia, ni de su inter\u00e9s por la liturgia, ni de su estima por la Orden de Predicadores, y que lo lleva a vivir intensamente la familia y el compromiso laboral, pol\u00edtico y ciudadano. Como una unidad, como un camino de respuesta a la llamada de Dios. Una buena aportaci\u00f3n, sin duda, a la imprescindible reflexi\u00f3n de nuestra Iglesia sobre el sacramento del orden y el servicio a las comunidades<\/p>\n<p><\/p>\n","protected":false},"excerpt":{"rendered":"<p>Bernal Llorente, Jos\u00e9 Manuel<\/p>\n","protected":false},"featured_media":1093,"template":"","meta":{"_acf_changed":false,"inline_featured_image":false},"product_brand":[],"product_cat":[49,73],"product_tag":[],"class_list":{"0":"post-1092","1":"product","2":"type-product","3":"status-publish","4":"has-post-thumbnail","6":"product_cat-emaus","7":"product_cat-emaus-colleccions-catala","9":"first","10":"instock","11":"taxable","12":"shipping-taxable","13":"purchasable","14":"product-type-simple"},"acf":{"autor":"Bernal Llorente, Jos\u00e9 Manuel","codart":"108165","ediciones":"1","encuadernacion":"R\u00fastica","fecha_de_publicacion":"13\/11\/2020","novedad":false,"paginas":"152","subtitulo":"","orden":"45","portada":false,"idioma":"spa","editorial":[{"ID":6736,"post_author":"2","post_date":"2023-10-06 08:35:24","post_date_gmt":"2023-10-06 06:35:24","post_content":"","post_title":"CPL","post_excerpt":"","post_status":"publish","comment_status":"closed","ping_status":"closed","post_password":"","post_name":"cpl","to_ping":"","pinged":"","post_modified":"2023-10-06 08:35:24","post_modified_gmt":"2023-10-06 06:35:24","post_content_filtered":"","post_parent":0,"guid":"https:\/\/nuevaweb.cpl.es\/editorial\/cpl\/","menu_order":0,"post_type":"editorial","post_mime_type":"","comment_count":"0","filter":"raw"}],"coleccion_num":"165"},"yoast_head":"<!-- This site is optimized with the Yoast SEO plugin v27.3 - https:\/\/yoast.com\/product\/yoast-seo-wordpress\/ -->\n<title>Mi vida, sin recato - CPL<\/title>\n<meta name=\"robots\" content=\"index, follow, max-snippet:-1, max-image-preview:large, max-video-preview:-1\" \/>\n<link rel=\"canonical\" href=\"https:\/\/www.cpl.es\/producto\/mi-vida-sin-recato-9788491653752\/\" \/>\n<meta property=\"og:locale\" content=\"ca_ES\" \/>\n<meta property=\"og:type\" content=\"article\" \/>\n<meta property=\"og:title\" content=\"Mi vida, sin recato - CPL\" \/>\n<meta property=\"og:description\" content=\"Bernal Llorente, Jos\u00e9 Manuel\" \/>\n<meta property=\"og:url\" content=\"https:\/\/www.cpl.es\/producto\/mi-vida-sin-recato-9788491653752\/\" \/>\n<meta property=\"og:site_name\" content=\"CPL\" \/>\n<meta property=\"article:modified_time\" content=\"2026-02-12T16:48:08+00:00\" \/>\n<meta property=\"og:image\" content=\"https:\/\/www.cpl.es\/wp-content\/uploads\/108165.jpg\" \/>\n\t<meta property=\"og:image:width\" content=\"280\" \/>\n\t<meta property=\"og:image:height\" content=\"443\" \/>\n\t<meta property=\"og:image:type\" content=\"image\/jpeg\" \/>\n<meta name=\"twitter:card\" content=\"summary_large_image\" \/>\n<meta name=\"twitter:label1\" content=\"Temps estimat de lectura\" \/>\n\t<meta name=\"twitter:data1\" content=\"1 minut\" \/>\n<script type=\"application\/ld+json\" class=\"yoast-schema-graph\">{\"@context\":\"https:\\\/\\\/schema.org\",\"@graph\":[{\"@type\":\"WebPage\",\"@id\":\"https:\\\/\\\/www.cpl.es\\\/producto\\\/mi-vida-sin-recato-9788491653752\\\/\",\"url\":\"https:\\\/\\\/www.cpl.es\\\/producto\\\/mi-vida-sin-recato-9788491653752\\\/\",\"name\":\"Mi vida, sin recato - CPL\",\"isPartOf\":{\"@id\":\"https:\\\/\\\/www.cpl.es\\\/#website\"},\"primaryImageOfPage\":{\"@id\":\"https:\\\/\\\/www.cpl.es\\\/producto\\\/mi-vida-sin-recato-9788491653752\\\/#primaryimage\"},\"image\":{\"@id\":\"https:\\\/\\\/www.cpl.es\\\/producto\\\/mi-vida-sin-recato-9788491653752\\\/#primaryimage\"},\"thumbnailUrl\":\"https:\\\/\\\/www.cpl.es\\\/wp-content\\\/uploads\\\/108165.jpg\",\"datePublished\":\"2023-10-03T23:00:11+00:00\",\"dateModified\":\"2026-02-12T16:48:08+00:00\",\"breadcrumb\":{\"@id\":\"https:\\\/\\\/www.cpl.es\\\/producto\\\/mi-vida-sin-recato-9788491653752\\\/#breadcrumb\"},\"inLanguage\":\"ca\",\"potentialAction\":[{\"@type\":\"ReadAction\",\"target\":[\"https:\\\/\\\/www.cpl.es\\\/producto\\\/mi-vida-sin-recato-9788491653752\\\/\"]}]},{\"@type\":\"ImageObject\",\"inLanguage\":\"ca\",\"@id\":\"https:\\\/\\\/www.cpl.es\\\/producto\\\/mi-vida-sin-recato-9788491653752\\\/#primaryimage\",\"url\":\"https:\\\/\\\/www.cpl.es\\\/wp-content\\\/uploads\\\/108165.jpg\",\"contentUrl\":\"https:\\\/\\\/www.cpl.es\\\/wp-content\\\/uploads\\\/108165.jpg\",\"width\":280,\"height\":443,\"caption\":\"108165.jpg\"},{\"@type\":\"BreadcrumbList\",\"@id\":\"https:\\\/\\\/www.cpl.es\\\/producto\\\/mi-vida-sin-recato-9788491653752\\\/#breadcrumb\",\"itemListElement\":[{\"@type\":\"ListItem\",\"position\":1,\"name\":\"Portada\",\"item\":\"https:\\\/\\\/www.cpl.es\\\/ca\\\/\"},{\"@type\":\"ListItem\",\"position\":2,\"name\":\"Cat\u00e0leg\",\"item\":\"https:\\\/\\\/www.cpl.es\\\/ca\\\/cataleg\\\/\"},{\"@type\":\"ListItem\",\"position\":3,\"name\":\"Mi vida, sin recato\"}]},{\"@type\":\"WebSite\",\"@id\":\"https:\\\/\\\/www.cpl.es\\\/#website\",\"url\":\"https:\\\/\\\/www.cpl.es\\\/\",\"name\":\"CPL\",\"description\":\"Centre de Pastoral Lit\u00fargica de Barcelona\",\"publisher\":{\"@id\":\"https:\\\/\\\/www.cpl.es\\\/#organization\"},\"alternateName\":\"Centre de Pastoral Lit\u00fargica\",\"potentialAction\":[{\"@type\":\"SearchAction\",\"target\":{\"@type\":\"EntryPoint\",\"urlTemplate\":\"https:\\\/\\\/www.cpl.es\\\/?s={search_term_string}\"},\"query-input\":{\"@type\":\"PropertyValueSpecification\",\"valueRequired\":true,\"valueName\":\"search_term_string\"}}],\"inLanguage\":\"ca\"},{\"@type\":\"Organization\",\"@id\":\"https:\\\/\\\/www.cpl.es\\\/#organization\",\"name\":\"Centre de Pastoral Lit\u00fargica\",\"alternateName\":\"Centre de Pastoral Lit\u00fargica de Barcelona\",\"url\":\"https:\\\/\\\/www.cpl.es\\\/\",\"logo\":{\"@type\":\"ImageObject\",\"inLanguage\":\"ca\",\"@id\":\"https:\\\/\\\/www.cpl.es\\\/#\\\/schema\\\/logo\\\/image\\\/\",\"url\":\"https:\\\/\\\/www.cpl.es\\\/wp-content\\\/uploads\\\/logo-cpl.svg\",\"contentUrl\":\"https:\\\/\\\/www.cpl.es\\\/wp-content\\\/uploads\\\/logo-cpl.svg\",\"caption\":\"Centre de Pastoral Lit\u00fargica\"},\"image\":{\"@id\":\"https:\\\/\\\/www.cpl.es\\\/#\\\/schema\\\/logo\\\/image\\\/\"}}]}<\/script>\n<!-- \/ Yoast SEO plugin. -->","yoast_head_json":{"title":"Mi vida, sin recato - CPL","robots":{"index":"index","follow":"follow","max-snippet":"max-snippet:-1","max-image-preview":"max-image-preview:large","max-video-preview":"max-video-preview:-1"},"canonical":"https:\/\/www.cpl.es\/producto\/mi-vida-sin-recato-9788491653752\/","og_locale":"ca_ES","og_type":"article","og_title":"Mi vida, sin recato - CPL","og_description":"Bernal Llorente, Jos\u00e9 Manuel","og_url":"https:\/\/www.cpl.es\/producto\/mi-vida-sin-recato-9788491653752\/","og_site_name":"CPL","article_modified_time":"2026-02-12T16:48:08+00:00","og_image":[{"width":280,"height":443,"url":"https:\/\/www.cpl.es\/wp-content\/uploads\/108165.jpg","type":"image\/jpeg"}],"twitter_card":"summary_large_image","twitter_misc":{"Temps estimat de lectura":"1 minut"},"schema":{"@context":"https:\/\/schema.org","@graph":[{"@type":"WebPage","@id":"https:\/\/www.cpl.es\/producto\/mi-vida-sin-recato-9788491653752\/","url":"https:\/\/www.cpl.es\/producto\/mi-vida-sin-recato-9788491653752\/","name":"Mi vida, sin recato - CPL","isPartOf":{"@id":"https:\/\/www.cpl.es\/#website"},"primaryImageOfPage":{"@id":"https:\/\/www.cpl.es\/producto\/mi-vida-sin-recato-9788491653752\/#primaryimage"},"image":{"@id":"https:\/\/www.cpl.es\/producto\/mi-vida-sin-recato-9788491653752\/#primaryimage"},"thumbnailUrl":"https:\/\/www.cpl.es\/wp-content\/uploads\/108165.jpg","datePublished":"2023-10-03T23:00:11+00:00","dateModified":"2026-02-12T16:48:08+00:00","breadcrumb":{"@id":"https:\/\/www.cpl.es\/producto\/mi-vida-sin-recato-9788491653752\/#breadcrumb"},"inLanguage":"ca","potentialAction":[{"@type":"ReadAction","target":["https:\/\/www.cpl.es\/producto\/mi-vida-sin-recato-9788491653752\/"]}]},{"@type":"ImageObject","inLanguage":"ca","@id":"https:\/\/www.cpl.es\/producto\/mi-vida-sin-recato-9788491653752\/#primaryimage","url":"https:\/\/www.cpl.es\/wp-content\/uploads\/108165.jpg","contentUrl":"https:\/\/www.cpl.es\/wp-content\/uploads\/108165.jpg","width":280,"height":443,"caption":"108165.jpg"},{"@type":"BreadcrumbList","@id":"https:\/\/www.cpl.es\/producto\/mi-vida-sin-recato-9788491653752\/#breadcrumb","itemListElement":[{"@type":"ListItem","position":1,"name":"Portada","item":"https:\/\/www.cpl.es\/ca\/"},{"@type":"ListItem","position":2,"name":"Cat\u00e0leg","item":"https:\/\/www.cpl.es\/ca\/cataleg\/"},{"@type":"ListItem","position":3,"name":"Mi vida, sin recato"}]},{"@type":"WebSite","@id":"https:\/\/www.cpl.es\/#website","url":"https:\/\/www.cpl.es\/","name":"CPL","description":"Centre de Pastoral Lit\u00fargica de Barcelona","publisher":{"@id":"https:\/\/www.cpl.es\/#organization"},"alternateName":"Centre de Pastoral Lit\u00fargica","potentialAction":[{"@type":"SearchAction","target":{"@type":"EntryPoint","urlTemplate":"https:\/\/www.cpl.es\/?s={search_term_string}"},"query-input":{"@type":"PropertyValueSpecification","valueRequired":true,"valueName":"search_term_string"}}],"inLanguage":"ca"},{"@type":"Organization","@id":"https:\/\/www.cpl.es\/#organization","name":"Centre de Pastoral Lit\u00fargica","alternateName":"Centre de Pastoral Lit\u00fargica de Barcelona","url":"https:\/\/www.cpl.es\/","logo":{"@type":"ImageObject","inLanguage":"ca","@id":"https:\/\/www.cpl.es\/#\/schema\/logo\/image\/","url":"https:\/\/www.cpl.es\/wp-content\/uploads\/logo-cpl.svg","contentUrl":"https:\/\/www.cpl.es\/wp-content\/uploads\/logo-cpl.svg","caption":"Centre de Pastoral Lit\u00fargica"},"image":{"@id":"https:\/\/www.cpl.es\/#\/schema\/logo\/image\/"}}]}},"_links":{"self":[{"href":"https:\/\/www.cpl.es\/ca\/wp-json\/wp\/v2\/product\/1092","targetHints":{"allow":["GET"]}}],"collection":[{"href":"https:\/\/www.cpl.es\/ca\/wp-json\/wp\/v2\/product"}],"about":[{"href":"https:\/\/www.cpl.es\/ca\/wp-json\/wp\/v2\/types\/product"}],"wp:featuredmedia":[{"embeddable":true,"href":"https:\/\/www.cpl.es\/ca\/wp-json\/wp\/v2\/media\/1093"}],"wp:attachment":[{"href":"https:\/\/www.cpl.es\/ca\/wp-json\/wp\/v2\/media?parent=1092"}],"wp:term":[{"taxonomy":"product_brand","embeddable":true,"href":"https:\/\/www.cpl.es\/ca\/wp-json\/wp\/v2\/product_brand?post=1092"},{"taxonomy":"product_cat","embeddable":true,"href":"https:\/\/www.cpl.es\/ca\/wp-json\/wp\/v2\/product_cat?post=1092"},{"taxonomy":"product_tag","embeddable":true,"href":"https:\/\/www.cpl.es\/ca\/wp-json\/wp\/v2\/product_tag?post=1092"}],"curies":[{"name":"wp","href":"https:\/\/api.w.org\/{rel}","templated":true}]}}