{"id":1068,"date":"2023-10-04T00:59:25","date_gmt":"2023-10-03T22:59:25","guid":{"rendered":"https:\/\/nuevaweb.cpl.es\/producto\/liturgia-y-piedad-popular-9788491653820\/"},"modified":"2026-02-12T17:40:13","modified_gmt":"2026-02-12T16:40:13","slug":"liturgia-y-piedad-popular-9788491653820","status":"publish","type":"product","link":"https:\/\/www.cpl.es\/ca\/producto\/liturgia-y-piedad-popular-9788491653820\/","title":{"rendered":"Liturgia y piedad popular"},"content":{"rendered":"<p>Despu\u00e9s del Concilio Vaticano II ha habido una revalorizaci\u00f3n de la piedad popular en casi todos los niveles. Este Cuaderno recoge los estudios que sobre el tema realiz\u00f3 el Instituto Superior de Liturgia de Barcelona.<\/p>\n<p>Luis Rueda G\u00f3mez, sacerdote de la Archidi\u00f3cesis de Sevilla. Estudi\u00f3 Liturgia en el Pontificio Instituto Lit\u00fargico de San Anselmo en Roma, donde obtuvo la licencia. Actualmente es profesor de Liturgia Fundamental y Sacramentos de la Iniciaci\u00f3n Cristiana en la Facultad de Teolog\u00eda de San Isidoro de Sevilla, del Instituto Superior de Ciencias Religiosas, donde tambi\u00e9n imparte la asignatura de Religiosidad Popular, es director de la Escuela Diocesana de Liturgia San Isidoro para laicos. Adem\u00e1s es can\u00f3nigo  de la Catedral de Sevilla y Delegado Episcopal de Liturgia y para el Catecumenado Bautismal. <br \/>Gonzalo Gum\u00e1n Karadima, en el 2004 fue ordenado sacerdote en la Archidi\u00f3cesis de Santiago de Chile. En el 2014 se licenci\u00f3 en Sagrada Liturgia en el Pontificio Instituto Lit\u00fargico de San Anselmo en Roma. Dos a\u00f1os m\u00e1s tarde, obtuvo el grado de doctor con la tesis &#8216;Lo popular &#8216; como un lugar teol\u00f3gico de encuentro entre la liturgia y la piedad. Actualmente es p\u00e1rroco en Santiago de Chile, profesor de la Facultad de Teolog\u00eda de la Pontificia Universidad Cat\u00f3lica de Chile, profesor del Instituto de Liturgia ad instar facultatis de Barcelona, miembro de la Comisi\u00f3n Nacional de Liturgia y presta asesor\u00edas lit\u00fargicas en el CELAM.<\/p>\n","protected":false},"excerpt":{"rendered":"<p>Rueda G\u00f3mez, Luis; Guzm\u00e1n, Gonzalo<\/p>\n","protected":false},"featured_media":1069,"template":"","meta":{"_acf_changed":false,"inline_featured_image":false},"product_brand":[],"product_cat":[54,69,64,87],"product_tag":[],"class_list":{"0":"post-1068","1":"product","2":"type-product","3":"status-publish","4":"has-post-thumbnail","6":"product_cat-cuadernos-phase","7":"product_cat-cuadernos-phase-colleccions-catala","8":"product_cat-religiosidad-popular","9":"product_cat-religiositat-popular","11":"first","12":"instock","13":"taxable","14":"shipping-taxable","15":"purchasable","16":"product-type-simple"},"acf":{"autor":"Rueda G\u00f3mez, Luis; Guzm\u00e1n, Gonzalo","codart":"110258","ediciones":"1","encuadernacion":"R\u00fastica","fecha_de_publicacion":"09\/11\/2020","novedad":false,"paginas":"92","subtitulo":"Entre la teolog\u00eda y la pastoral","orden":"5","portada":false,"idioma":"spa","editorial":[{"ID":6736,"post_author":"2","post_date":"2023-10-06 08:35:24","post_date_gmt":"2023-10-06 06:35:24","post_content":"","post_title":"CPL","post_excerpt":"","post_status":"publish","comment_status":"closed","ping_status":"closed","post_password":"","post_name":"cpl","to_ping":"","pinged":"","post_modified":"2023-10-06 08:35:24","post_modified_gmt":"2023-10-06 06:35:24","post_content_filtered":"","post_parent":0,"guid":"https:\/\/nuevaweb.cpl.es\/editorial\/cpl\/","menu_order":0,"post_type":"editorial","post_mime_type":"","comment_count":"0","filter":"raw"}],"coleccion_num":"258"},"yoast_head":"<!-- This site is optimized with the Yoast SEO plugin v27.5 - https:\/\/yoast.com\/product\/yoast-seo-wordpress\/ -->\n<title>Liturgia y piedad popular - CPL<\/title>\n<meta name=\"robots\" content=\"index, follow, max-snippet:-1, max-image-preview:large, max-video-preview:-1\" \/>\n<link rel=\"canonical\" href=\"https:\/\/www.cpl.es\/producto\/liturgia-y-piedad-popular-9788491653820\/\" \/>\n<meta property=\"og:locale\" content=\"ca_ES\" \/>\n<meta property=\"og:type\" content=\"article\" \/>\n<meta property=\"og:title\" content=\"Liturgia y piedad popular - CPL\" \/>\n<meta property=\"og:description\" content=\"Rueda G\u00f3mez, Luis; Guzm\u00e1n, Gonzalo\" \/>\n<meta property=\"og:url\" content=\"https:\/\/www.cpl.es\/producto\/liturgia-y-piedad-popular-9788491653820\/\" \/>\n<meta property=\"og:site_name\" content=\"CPL\" \/>\n<meta property=\"article:modified_time\" content=\"2026-02-12T16:40:13+00:00\" \/>\n<meta property=\"og:image\" content=\"https:\/\/www.cpl.es\/wp-content\/uploads\/110258.jpg\" \/>\n\t<meta property=\"og:image:width\" content=\"282\" \/>\n\t<meta property=\"og:image:height\" content=\"353\" \/>\n\t<meta property=\"og:image:type\" content=\"image\/jpeg\" \/>\n<meta name=\"twitter:card\" content=\"summary_large_image\" \/>\n<meta name=\"twitter:label1\" content=\"Temps estimat de lectura\" \/>\n\t<meta name=\"twitter:data1\" content=\"1 minut\" \/>\n<script type=\"application\/ld+json\" class=\"yoast-schema-graph\">{\"@context\":\"https:\\\/\\\/schema.org\",\"@graph\":[{\"@type\":\"WebPage\",\"@id\":\"https:\\\/\\\/www.cpl.es\\\/producto\\\/liturgia-y-piedad-popular-9788491653820\\\/\",\"url\":\"https:\\\/\\\/www.cpl.es\\\/producto\\\/liturgia-y-piedad-popular-9788491653820\\\/\",\"name\":\"Liturgia y piedad popular - CPL\",\"isPartOf\":{\"@id\":\"https:\\\/\\\/www.cpl.es\\\/#website\"},\"primaryImageOfPage\":{\"@id\":\"https:\\\/\\\/www.cpl.es\\\/producto\\\/liturgia-y-piedad-popular-9788491653820\\\/#primaryimage\"},\"image\":{\"@id\":\"https:\\\/\\\/www.cpl.es\\\/producto\\\/liturgia-y-piedad-popular-9788491653820\\\/#primaryimage\"},\"thumbnailUrl\":\"https:\\\/\\\/www.cpl.es\\\/wp-content\\\/uploads\\\/110258.jpg\",\"datePublished\":\"2023-10-03T22:59:25+00:00\",\"dateModified\":\"2026-02-12T16:40:13+00:00\",\"breadcrumb\":{\"@id\":\"https:\\\/\\\/www.cpl.es\\\/producto\\\/liturgia-y-piedad-popular-9788491653820\\\/#breadcrumb\"},\"inLanguage\":\"ca\",\"potentialAction\":[{\"@type\":\"ReadAction\",\"target\":[\"https:\\\/\\\/www.cpl.es\\\/producto\\\/liturgia-y-piedad-popular-9788491653820\\\/\"]}]},{\"@type\":\"ImageObject\",\"inLanguage\":\"ca\",\"@id\":\"https:\\\/\\\/www.cpl.es\\\/producto\\\/liturgia-y-piedad-popular-9788491653820\\\/#primaryimage\",\"url\":\"https:\\\/\\\/www.cpl.es\\\/wp-content\\\/uploads\\\/110258.jpg\",\"contentUrl\":\"https:\\\/\\\/www.cpl.es\\\/wp-content\\\/uploads\\\/110258.jpg\",\"width\":282,\"height\":353,\"caption\":\"110258.jpg\"},{\"@type\":\"BreadcrumbList\",\"@id\":\"https:\\\/\\\/www.cpl.es\\\/producto\\\/liturgia-y-piedad-popular-9788491653820\\\/#breadcrumb\",\"itemListElement\":[{\"@type\":\"ListItem\",\"position\":1,\"name\":\"Portada\",\"item\":\"https:\\\/\\\/www.cpl.es\\\/ca\\\/\"},{\"@type\":\"ListItem\",\"position\":2,\"name\":\"Cat\u00e0leg\",\"item\":\"https:\\\/\\\/www.cpl.es\\\/ca\\\/cataleg\\\/\"},{\"@type\":\"ListItem\",\"position\":3,\"name\":\"Liturgia y piedad popular\"}]},{\"@type\":\"WebSite\",\"@id\":\"https:\\\/\\\/www.cpl.es\\\/#website\",\"url\":\"https:\\\/\\\/www.cpl.es\\\/\",\"name\":\"CPL\",\"description\":\"Centre de Pastoral Lit\u00fargica de Barcelona\",\"publisher\":{\"@id\":\"https:\\\/\\\/www.cpl.es\\\/#organization\"},\"alternateName\":\"Centre de Pastoral Lit\u00fargica\",\"potentialAction\":[{\"@type\":\"SearchAction\",\"target\":{\"@type\":\"EntryPoint\",\"urlTemplate\":\"https:\\\/\\\/www.cpl.es\\\/?s={search_term_string}\"},\"query-input\":{\"@type\":\"PropertyValueSpecification\",\"valueRequired\":true,\"valueName\":\"search_term_string\"}}],\"inLanguage\":\"ca\"},{\"@type\":\"Organization\",\"@id\":\"https:\\\/\\\/www.cpl.es\\\/#organization\",\"name\":\"Centre de Pastoral Lit\u00fargica\",\"alternateName\":\"Centre de Pastoral Lit\u00fargica de Barcelona\",\"url\":\"https:\\\/\\\/www.cpl.es\\\/\",\"logo\":{\"@type\":\"ImageObject\",\"inLanguage\":\"ca\",\"@id\":\"https:\\\/\\\/www.cpl.es\\\/#\\\/schema\\\/logo\\\/image\\\/\",\"url\":\"https:\\\/\\\/www.cpl.es\\\/wp-content\\\/uploads\\\/logo-cpl.svg\",\"contentUrl\":\"https:\\\/\\\/www.cpl.es\\\/wp-content\\\/uploads\\\/logo-cpl.svg\",\"caption\":\"Centre de Pastoral Lit\u00fargica\"},\"image\":{\"@id\":\"https:\\\/\\\/www.cpl.es\\\/#\\\/schema\\\/logo\\\/image\\\/\"}}]}<\/script>\n<!-- \/ Yoast SEO plugin. -->","yoast_head_json":{"title":"Liturgia y piedad popular - CPL","robots":{"index":"index","follow":"follow","max-snippet":"max-snippet:-1","max-image-preview":"max-image-preview:large","max-video-preview":"max-video-preview:-1"},"canonical":"https:\/\/www.cpl.es\/producto\/liturgia-y-piedad-popular-9788491653820\/","og_locale":"ca_ES","og_type":"article","og_title":"Liturgia y piedad popular - CPL","og_description":"Rueda G\u00f3mez, Luis; Guzm\u00e1n, Gonzalo","og_url":"https:\/\/www.cpl.es\/producto\/liturgia-y-piedad-popular-9788491653820\/","og_site_name":"CPL","article_modified_time":"2026-02-12T16:40:13+00:00","og_image":[{"width":282,"height":353,"url":"https:\/\/www.cpl.es\/wp-content\/uploads\/110258.jpg","type":"image\/jpeg"}],"twitter_card":"summary_large_image","twitter_misc":{"Temps estimat de lectura":"1 minut"},"schema":{"@context":"https:\/\/schema.org","@graph":[{"@type":"WebPage","@id":"https:\/\/www.cpl.es\/producto\/liturgia-y-piedad-popular-9788491653820\/","url":"https:\/\/www.cpl.es\/producto\/liturgia-y-piedad-popular-9788491653820\/","name":"Liturgia y piedad popular - CPL","isPartOf":{"@id":"https:\/\/www.cpl.es\/#website"},"primaryImageOfPage":{"@id":"https:\/\/www.cpl.es\/producto\/liturgia-y-piedad-popular-9788491653820\/#primaryimage"},"image":{"@id":"https:\/\/www.cpl.es\/producto\/liturgia-y-piedad-popular-9788491653820\/#primaryimage"},"thumbnailUrl":"https:\/\/www.cpl.es\/wp-content\/uploads\/110258.jpg","datePublished":"2023-10-03T22:59:25+00:00","dateModified":"2026-02-12T16:40:13+00:00","breadcrumb":{"@id":"https:\/\/www.cpl.es\/producto\/liturgia-y-piedad-popular-9788491653820\/#breadcrumb"},"inLanguage":"ca","potentialAction":[{"@type":"ReadAction","target":["https:\/\/www.cpl.es\/producto\/liturgia-y-piedad-popular-9788491653820\/"]}]},{"@type":"ImageObject","inLanguage":"ca","@id":"https:\/\/www.cpl.es\/producto\/liturgia-y-piedad-popular-9788491653820\/#primaryimage","url":"https:\/\/www.cpl.es\/wp-content\/uploads\/110258.jpg","contentUrl":"https:\/\/www.cpl.es\/wp-content\/uploads\/110258.jpg","width":282,"height":353,"caption":"110258.jpg"},{"@type":"BreadcrumbList","@id":"https:\/\/www.cpl.es\/producto\/liturgia-y-piedad-popular-9788491653820\/#breadcrumb","itemListElement":[{"@type":"ListItem","position":1,"name":"Portada","item":"https:\/\/www.cpl.es\/ca\/"},{"@type":"ListItem","position":2,"name":"Cat\u00e0leg","item":"https:\/\/www.cpl.es\/ca\/cataleg\/"},{"@type":"ListItem","position":3,"name":"Liturgia y piedad popular"}]},{"@type":"WebSite","@id":"https:\/\/www.cpl.es\/#website","url":"https:\/\/www.cpl.es\/","name":"CPL","description":"Centre de Pastoral Lit\u00fargica de Barcelona","publisher":{"@id":"https:\/\/www.cpl.es\/#organization"},"alternateName":"Centre de Pastoral Lit\u00fargica","potentialAction":[{"@type":"SearchAction","target":{"@type":"EntryPoint","urlTemplate":"https:\/\/www.cpl.es\/?s={search_term_string}"},"query-input":{"@type":"PropertyValueSpecification","valueRequired":true,"valueName":"search_term_string"}}],"inLanguage":"ca"},{"@type":"Organization","@id":"https:\/\/www.cpl.es\/#organization","name":"Centre de Pastoral Lit\u00fargica","alternateName":"Centre de Pastoral Lit\u00fargica de Barcelona","url":"https:\/\/www.cpl.es\/","logo":{"@type":"ImageObject","inLanguage":"ca","@id":"https:\/\/www.cpl.es\/#\/schema\/logo\/image\/","url":"https:\/\/www.cpl.es\/wp-content\/uploads\/logo-cpl.svg","contentUrl":"https:\/\/www.cpl.es\/wp-content\/uploads\/logo-cpl.svg","caption":"Centre de Pastoral Lit\u00fargica"},"image":{"@id":"https:\/\/www.cpl.es\/#\/schema\/logo\/image\/"}}]}},"_links":{"self":[{"href":"https:\/\/www.cpl.es\/ca\/wp-json\/wp\/v2\/product\/1068","targetHints":{"allow":["GET"]}}],"collection":[{"href":"https:\/\/www.cpl.es\/ca\/wp-json\/wp\/v2\/product"}],"about":[{"href":"https:\/\/www.cpl.es\/ca\/wp-json\/wp\/v2\/types\/product"}],"wp:featuredmedia":[{"embeddable":true,"href":"https:\/\/www.cpl.es\/ca\/wp-json\/wp\/v2\/media\/1069"}],"wp:attachment":[{"href":"https:\/\/www.cpl.es\/ca\/wp-json\/wp\/v2\/media?parent=1068"}],"wp:term":[{"taxonomy":"product_brand","embeddable":true,"href":"https:\/\/www.cpl.es\/ca\/wp-json\/wp\/v2\/product_brand?post=1068"},{"taxonomy":"product_cat","embeddable":true,"href":"https:\/\/www.cpl.es\/ca\/wp-json\/wp\/v2\/product_cat?post=1068"},{"taxonomy":"product_tag","embeddable":true,"href":"https:\/\/www.cpl.es\/ca\/wp-json\/wp\/v2\/product_tag?post=1068"}],"curies":[{"name":"wp","href":"https:\/\/api.w.org\/{rel}","templated":true}]}}