{"id":1038,"date":"2023-10-04T00:58:28","date_gmt":"2023-10-03T22:58:28","guid":{"rendered":"https:\/\/nuevaweb.cpl.es\/producto\/benediccions-per-a-la-vida-quotidiana-9788491653868\/"},"modified":"2023-10-04T00:58:31","modified_gmt":"2023-10-03T22:58:31","slug":"benediccions-per-a-la-vida-quotidiana-9788491653868","status":"publish","type":"product","link":"https:\/\/www.cpl.es\/ca\/producto\/benediccions-per-a-la-vida-quotidiana-9788491653868\/","title":{"rendered":"Benediccions per a la vida quotidiana"},"content":{"rendered":"<p>Recull de benediccions creades per l\u2019autor per a diverses ocasions. Totes aquestes oracions expressen el desig de rebre la benedicci\u00f3 de D\u00e9u. Estan pensades per ser dirigides per laics, per tant, no s\u00f3n exactament una benedicci\u00f3 que presideixi un ministre ordenat.<\/p>\n","protected":false},"excerpt":{"rendered":"<p>Grane Calvo, Jaume<\/p>\n","protected":false},"featured_media":1039,"template":"","meta":{"_acf_changed":false,"inline_featured_image":false},"product_brand":[],"product_cat":[77],"product_tag":[],"class_list":{"0":"post-1038","1":"product","2":"type-product","3":"status-publish","4":"has-post-thumbnail","6":"product_cat-celebrar-colleccions-catala","8":"first","9":"instock","10":"taxable","11":"shipping-taxable","12":"purchasable","13":"product-type-simple"},"acf":{"autor":"Grane Calvo, Jaume","codart":"202104","ediciones":"1","encuadernacion":"R\u00fastica","fecha_de_publicacion":"13\/11\/2020","novedad":false,"paginas":"104","subtitulo":"","orden":"999","portada":false,"idioma":"cat","editorial":[{"ID":6736,"post_author":"2","post_date":"2023-10-06 08:35:24","post_date_gmt":"2023-10-06 06:35:24","post_content":"","post_title":"CPL","post_excerpt":"","post_status":"publish","comment_status":"closed","ping_status":"closed","post_password":"","post_name":"cpl","to_ping":"","pinged":"","post_modified":"2023-10-06 08:35:24","post_modified_gmt":"2023-10-06 06:35:24","post_content_filtered":"","post_parent":0,"guid":"https:\/\/nuevaweb.cpl.es\/editorial\/cpl\/","menu_order":0,"post_type":"editorial","post_mime_type":"","comment_count":"0","filter":"raw"}]},"yoast_head":"<!-- This site is optimized with the Yoast SEO plugin v27.3 - https:\/\/yoast.com\/product\/yoast-seo-wordpress\/ -->\n<title>Benediccions per a la vida quotidiana - CPL<\/title>\n<meta name=\"robots\" content=\"index, follow, max-snippet:-1, max-image-preview:large, max-video-preview:-1\" \/>\n<link rel=\"canonical\" href=\"https:\/\/www.cpl.es\/ca\/producto\/benediccions-per-a-la-vida-quotidiana-9788491653868\/\" \/>\n<meta property=\"og:locale\" content=\"ca_ES\" \/>\n<meta property=\"og:type\" content=\"article\" \/>\n<meta property=\"og:title\" content=\"Benediccions per a la vida quotidiana - CPL\" \/>\n<meta property=\"og:description\" content=\"Grane Calvo, Jaume\" \/>\n<meta property=\"og:url\" content=\"https:\/\/www.cpl.es\/ca\/producto\/benediccions-per-a-la-vida-quotidiana-9788491653868\/\" \/>\n<meta property=\"og:site_name\" content=\"CPL\" \/>\n<meta property=\"article:modified_time\" content=\"2023-10-03T22:58:31+00:00\" \/>\n<meta property=\"og:image\" content=\"https:\/\/www.cpl.es\/wp-content\/uploads\/202104.jpg\" \/>\n\t<meta property=\"og:image:width\" content=\"280\" \/>\n\t<meta property=\"og:image:height\" content=\"397\" \/>\n\t<meta property=\"og:image:type\" content=\"image\/jpeg\" \/>\n<meta name=\"twitter:card\" content=\"summary_large_image\" \/>\n<script type=\"application\/ld+json\" class=\"yoast-schema-graph\">{\"@context\":\"https:\\\/\\\/schema.org\",\"@graph\":[{\"@type\":\"WebPage\",\"@id\":\"https:\\\/\\\/www.cpl.es\\\/ca\\\/producto\\\/benediccions-per-a-la-vida-quotidiana-9788491653868\\\/\",\"url\":\"https:\\\/\\\/www.cpl.es\\\/ca\\\/producto\\\/benediccions-per-a-la-vida-quotidiana-9788491653868\\\/\",\"name\":\"Benediccions per a la vida quotidiana - CPL\",\"isPartOf\":{\"@id\":\"https:\\\/\\\/www.cpl.es\\\/#website\"},\"primaryImageOfPage\":{\"@id\":\"https:\\\/\\\/www.cpl.es\\\/ca\\\/producto\\\/benediccions-per-a-la-vida-quotidiana-9788491653868\\\/#primaryimage\"},\"image\":{\"@id\":\"https:\\\/\\\/www.cpl.es\\\/ca\\\/producto\\\/benediccions-per-a-la-vida-quotidiana-9788491653868\\\/#primaryimage\"},\"thumbnailUrl\":\"https:\\\/\\\/www.cpl.es\\\/wp-content\\\/uploads\\\/202104.jpg\",\"datePublished\":\"2023-10-03T22:58:28+00:00\",\"dateModified\":\"2023-10-03T22:58:31+00:00\",\"breadcrumb\":{\"@id\":\"https:\\\/\\\/www.cpl.es\\\/ca\\\/producto\\\/benediccions-per-a-la-vida-quotidiana-9788491653868\\\/#breadcrumb\"},\"inLanguage\":\"ca\",\"potentialAction\":[{\"@type\":\"ReadAction\",\"target\":[\"https:\\\/\\\/www.cpl.es\\\/ca\\\/producto\\\/benediccions-per-a-la-vida-quotidiana-9788491653868\\\/\"]}]},{\"@type\":\"ImageObject\",\"inLanguage\":\"ca\",\"@id\":\"https:\\\/\\\/www.cpl.es\\\/ca\\\/producto\\\/benediccions-per-a-la-vida-quotidiana-9788491653868\\\/#primaryimage\",\"url\":\"https:\\\/\\\/www.cpl.es\\\/wp-content\\\/uploads\\\/202104.jpg\",\"contentUrl\":\"https:\\\/\\\/www.cpl.es\\\/wp-content\\\/uploads\\\/202104.jpg\",\"width\":280,\"height\":397,\"caption\":\"202104.jpg\"},{\"@type\":\"BreadcrumbList\",\"@id\":\"https:\\\/\\\/www.cpl.es\\\/ca\\\/producto\\\/benediccions-per-a-la-vida-quotidiana-9788491653868\\\/#breadcrumb\",\"itemListElement\":[{\"@type\":\"ListItem\",\"position\":1,\"name\":\"Portada\",\"item\":\"https:\\\/\\\/www.cpl.es\\\/ca\\\/\"},{\"@type\":\"ListItem\",\"position\":2,\"name\":\"Cat\u00e0leg\",\"item\":\"https:\\\/\\\/www.cpl.es\\\/ca\\\/cataleg\\\/\"},{\"@type\":\"ListItem\",\"position\":3,\"name\":\"Benediccions per a la vida quotidiana\"}]},{\"@type\":\"WebSite\",\"@id\":\"https:\\\/\\\/www.cpl.es\\\/#website\",\"url\":\"https:\\\/\\\/www.cpl.es\\\/\",\"name\":\"CPL\",\"description\":\"Centre de Pastoral Lit\u00fargica de Barcelona\",\"publisher\":{\"@id\":\"https:\\\/\\\/www.cpl.es\\\/#organization\"},\"alternateName\":\"Centre de Pastoral Lit\u00fargica\",\"potentialAction\":[{\"@type\":\"SearchAction\",\"target\":{\"@type\":\"EntryPoint\",\"urlTemplate\":\"https:\\\/\\\/www.cpl.es\\\/?s={search_term_string}\"},\"query-input\":{\"@type\":\"PropertyValueSpecification\",\"valueRequired\":true,\"valueName\":\"search_term_string\"}}],\"inLanguage\":\"ca\"},{\"@type\":\"Organization\",\"@id\":\"https:\\\/\\\/www.cpl.es\\\/#organization\",\"name\":\"Centre de Pastoral Lit\u00fargica\",\"alternateName\":\"Centre de Pastoral Lit\u00fargica de Barcelona\",\"url\":\"https:\\\/\\\/www.cpl.es\\\/\",\"logo\":{\"@type\":\"ImageObject\",\"inLanguage\":\"ca\",\"@id\":\"https:\\\/\\\/www.cpl.es\\\/#\\\/schema\\\/logo\\\/image\\\/\",\"url\":\"https:\\\/\\\/www.cpl.es\\\/wp-content\\\/uploads\\\/logo-cpl.svg\",\"contentUrl\":\"https:\\\/\\\/www.cpl.es\\\/wp-content\\\/uploads\\\/logo-cpl.svg\",\"caption\":\"Centre de Pastoral Lit\u00fargica\"},\"image\":{\"@id\":\"https:\\\/\\\/www.cpl.es\\\/#\\\/schema\\\/logo\\\/image\\\/\"}}]}<\/script>\n<!-- \/ Yoast SEO plugin. -->","yoast_head_json":{"title":"Benediccions per a la vida quotidiana - CPL","robots":{"index":"index","follow":"follow","max-snippet":"max-snippet:-1","max-image-preview":"max-image-preview:large","max-video-preview":"max-video-preview:-1"},"canonical":"https:\/\/www.cpl.es\/ca\/producto\/benediccions-per-a-la-vida-quotidiana-9788491653868\/","og_locale":"ca_ES","og_type":"article","og_title":"Benediccions per a la vida quotidiana - CPL","og_description":"Grane Calvo, Jaume","og_url":"https:\/\/www.cpl.es\/ca\/producto\/benediccions-per-a-la-vida-quotidiana-9788491653868\/","og_site_name":"CPL","article_modified_time":"2023-10-03T22:58:31+00:00","og_image":[{"width":280,"height":397,"url":"https:\/\/www.cpl.es\/wp-content\/uploads\/202104.jpg","type":"image\/jpeg"}],"twitter_card":"summary_large_image","schema":{"@context":"https:\/\/schema.org","@graph":[{"@type":"WebPage","@id":"https:\/\/www.cpl.es\/ca\/producto\/benediccions-per-a-la-vida-quotidiana-9788491653868\/","url":"https:\/\/www.cpl.es\/ca\/producto\/benediccions-per-a-la-vida-quotidiana-9788491653868\/","name":"Benediccions per a la vida quotidiana - CPL","isPartOf":{"@id":"https:\/\/www.cpl.es\/#website"},"primaryImageOfPage":{"@id":"https:\/\/www.cpl.es\/ca\/producto\/benediccions-per-a-la-vida-quotidiana-9788491653868\/#primaryimage"},"image":{"@id":"https:\/\/www.cpl.es\/ca\/producto\/benediccions-per-a-la-vida-quotidiana-9788491653868\/#primaryimage"},"thumbnailUrl":"https:\/\/www.cpl.es\/wp-content\/uploads\/202104.jpg","datePublished":"2023-10-03T22:58:28+00:00","dateModified":"2023-10-03T22:58:31+00:00","breadcrumb":{"@id":"https:\/\/www.cpl.es\/ca\/producto\/benediccions-per-a-la-vida-quotidiana-9788491653868\/#breadcrumb"},"inLanguage":"ca","potentialAction":[{"@type":"ReadAction","target":["https:\/\/www.cpl.es\/ca\/producto\/benediccions-per-a-la-vida-quotidiana-9788491653868\/"]}]},{"@type":"ImageObject","inLanguage":"ca","@id":"https:\/\/www.cpl.es\/ca\/producto\/benediccions-per-a-la-vida-quotidiana-9788491653868\/#primaryimage","url":"https:\/\/www.cpl.es\/wp-content\/uploads\/202104.jpg","contentUrl":"https:\/\/www.cpl.es\/wp-content\/uploads\/202104.jpg","width":280,"height":397,"caption":"202104.jpg"},{"@type":"BreadcrumbList","@id":"https:\/\/www.cpl.es\/ca\/producto\/benediccions-per-a-la-vida-quotidiana-9788491653868\/#breadcrumb","itemListElement":[{"@type":"ListItem","position":1,"name":"Portada","item":"https:\/\/www.cpl.es\/ca\/"},{"@type":"ListItem","position":2,"name":"Cat\u00e0leg","item":"https:\/\/www.cpl.es\/ca\/cataleg\/"},{"@type":"ListItem","position":3,"name":"Benediccions per a la vida quotidiana"}]},{"@type":"WebSite","@id":"https:\/\/www.cpl.es\/#website","url":"https:\/\/www.cpl.es\/","name":"CPL","description":"Centre de Pastoral Lit\u00fargica de Barcelona","publisher":{"@id":"https:\/\/www.cpl.es\/#organization"},"alternateName":"Centre de Pastoral Lit\u00fargica","potentialAction":[{"@type":"SearchAction","target":{"@type":"EntryPoint","urlTemplate":"https:\/\/www.cpl.es\/?s={search_term_string}"},"query-input":{"@type":"PropertyValueSpecification","valueRequired":true,"valueName":"search_term_string"}}],"inLanguage":"ca"},{"@type":"Organization","@id":"https:\/\/www.cpl.es\/#organization","name":"Centre de Pastoral Lit\u00fargica","alternateName":"Centre de Pastoral Lit\u00fargica de Barcelona","url":"https:\/\/www.cpl.es\/","logo":{"@type":"ImageObject","inLanguage":"ca","@id":"https:\/\/www.cpl.es\/#\/schema\/logo\/image\/","url":"https:\/\/www.cpl.es\/wp-content\/uploads\/logo-cpl.svg","contentUrl":"https:\/\/www.cpl.es\/wp-content\/uploads\/logo-cpl.svg","caption":"Centre de Pastoral Lit\u00fargica"},"image":{"@id":"https:\/\/www.cpl.es\/#\/schema\/logo\/image\/"}}]}},"_links":{"self":[{"href":"https:\/\/www.cpl.es\/ca\/wp-json\/wp\/v2\/product\/1038","targetHints":{"allow":["GET"]}}],"collection":[{"href":"https:\/\/www.cpl.es\/ca\/wp-json\/wp\/v2\/product"}],"about":[{"href":"https:\/\/www.cpl.es\/ca\/wp-json\/wp\/v2\/types\/product"}],"wp:featuredmedia":[{"embeddable":true,"href":"https:\/\/www.cpl.es\/ca\/wp-json\/wp\/v2\/media\/1039"}],"wp:attachment":[{"href":"https:\/\/www.cpl.es\/ca\/wp-json\/wp\/v2\/media?parent=1038"}],"wp:term":[{"taxonomy":"product_brand","embeddable":true,"href":"https:\/\/www.cpl.es\/ca\/wp-json\/wp\/v2\/product_brand?post=1038"},{"taxonomy":"product_cat","embeddable":true,"href":"https:\/\/www.cpl.es\/ca\/wp-json\/wp\/v2\/product_cat?post=1038"},{"taxonomy":"product_tag","embeddable":true,"href":"https:\/\/www.cpl.es\/ca\/wp-json\/wp\/v2\/product_tag?post=1038"}],"curies":[{"name":"wp","href":"https:\/\/api.w.org\/{rel}","templated":true}]}}