{"id":1032,"date":"2023-10-04T00:58:17","date_gmt":"2023-10-03T22:58:17","guid":{"rendered":"https:\/\/nuevaweb.cpl.es\/producto\/histories-damor-dun-capellanet-obrer-9788491654018\/"},"modified":"2024-06-21T09:13:07","modified_gmt":"2024-06-21T07:13:07","slug":"histories-damor-dun-capellanet-obrer-9788491654018","status":"publish","type":"product","link":"https:\/\/www.cpl.es\/ca\/producto\/histories-damor-dun-capellanet-obrer-9788491654018\/","title":{"rendered":"Hist\u00f2ries d\u2019amor d&#8217;un capellanet obrer"},"content":{"rendered":"<p>Aquest llibre vol ser un document vivencial, en el qual les persones protagonistes s\u00f3n, principalment, dones que ens hem trobat al llarg del cam\u00ed per aquesta vida i que m'han estat car\u00edcia de D\u00e9u i que jo he procurat correspondre-hi. <br \/>Es pret\u00e9n posar de relleu l'acci\u00f3 de les dones en el m\u00f3n i en l'Esgl\u00e9sia dins les petites hist\u00f2ries de la quotidianitat de l'exist\u00e8ncia.<br \/>Trenta-vuit dones de diferents llocs, marcs, anys&#8230; han respost al projecte de recordar, actualitzar i agrair. <br \/>Reflexions, Revisions de Vida, Estudis d'Evangeli, cartes, documents acreditatius&#8230; donen suport, s\u00f3n esquelet que sustenta tanta vida compartida.<br \/>El llibre ofereix, tot procurant esbrinar la voluntat de D\u00e9u, pistes per descobrir profetesses seves que assenyalen el cam\u00ed a seguir i qu\u00e8 cal fer en cada moment aqu\u00ed i ara.<\/p>\n<p>Emili\u00e0 Almod\u00f3var Molina (Villarta de San Juan, Ciudad Real, 1957) va venir a Cornell\u00e0 de Llobregat amb la seva fam\u00edlia quan tenia 5 anys. Ordenat prevere de la di\u00f2cesi de Barcelona l\u2019any 1984. Capell\u00e0 obrer, ha treballat en entitats d\u2019economia social i tamb\u00e9 com a educador social. Pastoralment est\u00e0 dedicat a parr\u00f2quies de barris obrers i moviments de pastoral obrera. \u00c9s membre de l\u2019Associaci\u00f3<br \/>de preveres del Prado.<\/p>\n","protected":false},"excerpt":{"rendered":"<p>Almod\u00f2var Molina, Emili\u00e0<\/p>\n","protected":false},"featured_media":15615,"template":"","meta":{"_acf_changed":false,"inline_featured_image":false},"product_brand":[],"product_cat":[15],"product_tag":[],"class_list":{"0":"post-1032","1":"product","2":"type-product","3":"status-publish","4":"has-post-thumbnail","6":"product_cat-sin-categorizar","8":"first","9":"instock","10":"taxable","11":"shipping-taxable","12":"purchasable","13":"product-type-simple"},"acf":{"autor":"Almod\u00f2var Molina, Emili\u00e0","codart":"250027","ediciones":"1","encuadernacion":"R\u00fastica","fecha_de_publicacion":"21\/06\/2024","novedad":false,"paginas":"400","subtitulo":"","orden":"999","portada":false,"idioma":"cat","editorial":[{"ID":6736,"post_author":"2","post_date":"2023-10-06 08:35:24","post_date_gmt":"2023-10-06 06:35:24","post_content":"","post_title":"CPL","post_excerpt":"","post_status":"publish","comment_status":"closed","ping_status":"closed","post_password":"","post_name":"cpl","to_ping":"","pinged":"","post_modified":"2023-10-06 08:35:24","post_modified_gmt":"2023-10-06 06:35:24","post_content_filtered":"","post_parent":0,"guid":"https:\/\/nuevaweb.cpl.es\/editorial\/cpl\/","menu_order":0,"post_type":"editorial","post_mime_type":"","comment_count":"0","filter":"raw"}],"coleccion_num":"27"},"yoast_head":"<!-- This site is optimized with the Yoast SEO plugin v27.3 - https:\/\/yoast.com\/product\/yoast-seo-wordpress\/ -->\n<title>Hist\u00f2ries d\u2019amor d&#039;un capellanet obrer - CPL<\/title>\n<meta name=\"robots\" content=\"index, follow, max-snippet:-1, max-image-preview:large, max-video-preview:-1\" \/>\n<link rel=\"canonical\" href=\"https:\/\/www.cpl.es\/ca\/producto\/histories-damor-dun-capellanet-obrer-9788491654018\/\" \/>\n<meta property=\"og:locale\" content=\"ca_ES\" \/>\n<meta property=\"og:type\" content=\"article\" \/>\n<meta property=\"og:title\" content=\"Hist\u00f2ries d\u2019amor d&#039;un capellanet obrer - CPL\" \/>\n<meta property=\"og:description\" content=\"Almod\u00f2var Molina, Emili\u00e0\" \/>\n<meta property=\"og:url\" content=\"https:\/\/www.cpl.es\/ca\/producto\/histories-damor-dun-capellanet-obrer-9788491654018\/\" \/>\n<meta property=\"og:site_name\" content=\"CPL\" \/>\n<meta property=\"article:modified_time\" content=\"2024-06-21T07:13:07+00:00\" \/>\n<meta property=\"og:image\" content=\"https:\/\/www.cpl.es\/wp-content\/uploads\/250027-1.jpg\" \/>\n\t<meta property=\"og:image:width\" content=\"280\" \/>\n\t<meta property=\"og:image:height\" content=\"441\" \/>\n\t<meta property=\"og:image:type\" content=\"image\/jpeg\" \/>\n<meta name=\"twitter:card\" content=\"summary_large_image\" \/>\n<meta name=\"twitter:label1\" content=\"Temps estimat de lectura\" \/>\n\t<meta name=\"twitter:data1\" content=\"1 minut\" \/>\n<script type=\"application\/ld+json\" class=\"yoast-schema-graph\">{\"@context\":\"https:\\\/\\\/schema.org\",\"@graph\":[{\"@type\":\"WebPage\",\"@id\":\"https:\\\/\\\/www.cpl.es\\\/ca\\\/producto\\\/histories-damor-dun-capellanet-obrer-9788491654018\\\/\",\"url\":\"https:\\\/\\\/www.cpl.es\\\/ca\\\/producto\\\/histories-damor-dun-capellanet-obrer-9788491654018\\\/\",\"name\":\"Hist\u00f2ries d\u2019amor d'un capellanet obrer - CPL\",\"isPartOf\":{\"@id\":\"https:\\\/\\\/www.cpl.es\\\/#website\"},\"primaryImageOfPage\":{\"@id\":\"https:\\\/\\\/www.cpl.es\\\/ca\\\/producto\\\/histories-damor-dun-capellanet-obrer-9788491654018\\\/#primaryimage\"},\"image\":{\"@id\":\"https:\\\/\\\/www.cpl.es\\\/ca\\\/producto\\\/histories-damor-dun-capellanet-obrer-9788491654018\\\/#primaryimage\"},\"thumbnailUrl\":\"https:\\\/\\\/www.cpl.es\\\/wp-content\\\/uploads\\\/250027-1.jpg\",\"datePublished\":\"2023-10-03T22:58:17+00:00\",\"dateModified\":\"2024-06-21T07:13:07+00:00\",\"breadcrumb\":{\"@id\":\"https:\\\/\\\/www.cpl.es\\\/ca\\\/producto\\\/histories-damor-dun-capellanet-obrer-9788491654018\\\/#breadcrumb\"},\"inLanguage\":\"ca\",\"potentialAction\":[{\"@type\":\"ReadAction\",\"target\":[\"https:\\\/\\\/www.cpl.es\\\/ca\\\/producto\\\/histories-damor-dun-capellanet-obrer-9788491654018\\\/\"]}]},{\"@type\":\"ImageObject\",\"inLanguage\":\"ca\",\"@id\":\"https:\\\/\\\/www.cpl.es\\\/ca\\\/producto\\\/histories-damor-dun-capellanet-obrer-9788491654018\\\/#primaryimage\",\"url\":\"https:\\\/\\\/www.cpl.es\\\/wp-content\\\/uploads\\\/250027-1.jpg\",\"contentUrl\":\"https:\\\/\\\/www.cpl.es\\\/wp-content\\\/uploads\\\/250027-1.jpg\",\"width\":280,\"height\":441,\"caption\":\"250027.jpg\"},{\"@type\":\"BreadcrumbList\",\"@id\":\"https:\\\/\\\/www.cpl.es\\\/ca\\\/producto\\\/histories-damor-dun-capellanet-obrer-9788491654018\\\/#breadcrumb\",\"itemListElement\":[{\"@type\":\"ListItem\",\"position\":1,\"name\":\"Portada\",\"item\":\"https:\\\/\\\/www.cpl.es\\\/ca\\\/\"},{\"@type\":\"ListItem\",\"position\":2,\"name\":\"Cat\u00e0leg\",\"item\":\"https:\\\/\\\/www.cpl.es\\\/ca\\\/cataleg\\\/\"},{\"@type\":\"ListItem\",\"position\":3,\"name\":\"Hist\u00f2ries d\u2019amor d&#8217;un capellanet obrer\"}]},{\"@type\":\"WebSite\",\"@id\":\"https:\\\/\\\/www.cpl.es\\\/#website\",\"url\":\"https:\\\/\\\/www.cpl.es\\\/\",\"name\":\"CPL\",\"description\":\"Centre de Pastoral Lit\u00fargica de Barcelona\",\"publisher\":{\"@id\":\"https:\\\/\\\/www.cpl.es\\\/#organization\"},\"alternateName\":\"Centre de Pastoral Lit\u00fargica\",\"potentialAction\":[{\"@type\":\"SearchAction\",\"target\":{\"@type\":\"EntryPoint\",\"urlTemplate\":\"https:\\\/\\\/www.cpl.es\\\/?s={search_term_string}\"},\"query-input\":{\"@type\":\"PropertyValueSpecification\",\"valueRequired\":true,\"valueName\":\"search_term_string\"}}],\"inLanguage\":\"ca\"},{\"@type\":\"Organization\",\"@id\":\"https:\\\/\\\/www.cpl.es\\\/#organization\",\"name\":\"Centre de Pastoral Lit\u00fargica\",\"alternateName\":\"Centre de Pastoral Lit\u00fargica de Barcelona\",\"url\":\"https:\\\/\\\/www.cpl.es\\\/\",\"logo\":{\"@type\":\"ImageObject\",\"inLanguage\":\"ca\",\"@id\":\"https:\\\/\\\/www.cpl.es\\\/#\\\/schema\\\/logo\\\/image\\\/\",\"url\":\"https:\\\/\\\/www.cpl.es\\\/wp-content\\\/uploads\\\/logo-cpl.svg\",\"contentUrl\":\"https:\\\/\\\/www.cpl.es\\\/wp-content\\\/uploads\\\/logo-cpl.svg\",\"caption\":\"Centre de Pastoral Lit\u00fargica\"},\"image\":{\"@id\":\"https:\\\/\\\/www.cpl.es\\\/#\\\/schema\\\/logo\\\/image\\\/\"}}]}<\/script>\n<!-- \/ Yoast SEO plugin. -->","yoast_head_json":{"title":"Hist\u00f2ries d\u2019amor d'un capellanet obrer - CPL","robots":{"index":"index","follow":"follow","max-snippet":"max-snippet:-1","max-image-preview":"max-image-preview:large","max-video-preview":"max-video-preview:-1"},"canonical":"https:\/\/www.cpl.es\/ca\/producto\/histories-damor-dun-capellanet-obrer-9788491654018\/","og_locale":"ca_ES","og_type":"article","og_title":"Hist\u00f2ries d\u2019amor d'un capellanet obrer - CPL","og_description":"Almod\u00f2var Molina, Emili\u00e0","og_url":"https:\/\/www.cpl.es\/ca\/producto\/histories-damor-dun-capellanet-obrer-9788491654018\/","og_site_name":"CPL","article_modified_time":"2024-06-21T07:13:07+00:00","og_image":[{"width":280,"height":441,"url":"https:\/\/www.cpl.es\/wp-content\/uploads\/250027-1.jpg","type":"image\/jpeg"}],"twitter_card":"summary_large_image","twitter_misc":{"Temps estimat de lectura":"1 minut"},"schema":{"@context":"https:\/\/schema.org","@graph":[{"@type":"WebPage","@id":"https:\/\/www.cpl.es\/ca\/producto\/histories-damor-dun-capellanet-obrer-9788491654018\/","url":"https:\/\/www.cpl.es\/ca\/producto\/histories-damor-dun-capellanet-obrer-9788491654018\/","name":"Hist\u00f2ries d\u2019amor d'un capellanet obrer - CPL","isPartOf":{"@id":"https:\/\/www.cpl.es\/#website"},"primaryImageOfPage":{"@id":"https:\/\/www.cpl.es\/ca\/producto\/histories-damor-dun-capellanet-obrer-9788491654018\/#primaryimage"},"image":{"@id":"https:\/\/www.cpl.es\/ca\/producto\/histories-damor-dun-capellanet-obrer-9788491654018\/#primaryimage"},"thumbnailUrl":"https:\/\/www.cpl.es\/wp-content\/uploads\/250027-1.jpg","datePublished":"2023-10-03T22:58:17+00:00","dateModified":"2024-06-21T07:13:07+00:00","breadcrumb":{"@id":"https:\/\/www.cpl.es\/ca\/producto\/histories-damor-dun-capellanet-obrer-9788491654018\/#breadcrumb"},"inLanguage":"ca","potentialAction":[{"@type":"ReadAction","target":["https:\/\/www.cpl.es\/ca\/producto\/histories-damor-dun-capellanet-obrer-9788491654018\/"]}]},{"@type":"ImageObject","inLanguage":"ca","@id":"https:\/\/www.cpl.es\/ca\/producto\/histories-damor-dun-capellanet-obrer-9788491654018\/#primaryimage","url":"https:\/\/www.cpl.es\/wp-content\/uploads\/250027-1.jpg","contentUrl":"https:\/\/www.cpl.es\/wp-content\/uploads\/250027-1.jpg","width":280,"height":441,"caption":"250027.jpg"},{"@type":"BreadcrumbList","@id":"https:\/\/www.cpl.es\/ca\/producto\/histories-damor-dun-capellanet-obrer-9788491654018\/#breadcrumb","itemListElement":[{"@type":"ListItem","position":1,"name":"Portada","item":"https:\/\/www.cpl.es\/ca\/"},{"@type":"ListItem","position":2,"name":"Cat\u00e0leg","item":"https:\/\/www.cpl.es\/ca\/cataleg\/"},{"@type":"ListItem","position":3,"name":"Hist\u00f2ries d\u2019amor d&#8217;un capellanet obrer"}]},{"@type":"WebSite","@id":"https:\/\/www.cpl.es\/#website","url":"https:\/\/www.cpl.es\/","name":"CPL","description":"Centre de Pastoral Lit\u00fargica de Barcelona","publisher":{"@id":"https:\/\/www.cpl.es\/#organization"},"alternateName":"Centre de Pastoral Lit\u00fargica","potentialAction":[{"@type":"SearchAction","target":{"@type":"EntryPoint","urlTemplate":"https:\/\/www.cpl.es\/?s={search_term_string}"},"query-input":{"@type":"PropertyValueSpecification","valueRequired":true,"valueName":"search_term_string"}}],"inLanguage":"ca"},{"@type":"Organization","@id":"https:\/\/www.cpl.es\/#organization","name":"Centre de Pastoral Lit\u00fargica","alternateName":"Centre de Pastoral Lit\u00fargica de Barcelona","url":"https:\/\/www.cpl.es\/","logo":{"@type":"ImageObject","inLanguage":"ca","@id":"https:\/\/www.cpl.es\/#\/schema\/logo\/image\/","url":"https:\/\/www.cpl.es\/wp-content\/uploads\/logo-cpl.svg","contentUrl":"https:\/\/www.cpl.es\/wp-content\/uploads\/logo-cpl.svg","caption":"Centre de Pastoral Lit\u00fargica"},"image":{"@id":"https:\/\/www.cpl.es\/#\/schema\/logo\/image\/"}}]}},"_links":{"self":[{"href":"https:\/\/www.cpl.es\/ca\/wp-json\/wp\/v2\/product\/1032","targetHints":{"allow":["GET"]}}],"collection":[{"href":"https:\/\/www.cpl.es\/ca\/wp-json\/wp\/v2\/product"}],"about":[{"href":"https:\/\/www.cpl.es\/ca\/wp-json\/wp\/v2\/types\/product"}],"wp:featuredmedia":[{"embeddable":true,"href":"https:\/\/www.cpl.es\/ca\/wp-json\/wp\/v2\/media\/15615"}],"wp:attachment":[{"href":"https:\/\/www.cpl.es\/ca\/wp-json\/wp\/v2\/media?parent=1032"}],"wp:term":[{"taxonomy":"product_brand","embeddable":true,"href":"https:\/\/www.cpl.es\/ca\/wp-json\/wp\/v2\/product_brand?post=1032"},{"taxonomy":"product_cat","embeddable":true,"href":"https:\/\/www.cpl.es\/ca\/wp-json\/wp\/v2\/product_cat?post=1032"},{"taxonomy":"product_tag","embeddable":true,"href":"https:\/\/www.cpl.es\/ca\/wp-json\/wp\/v2\/product_tag?post=1032"}],"curies":[{"name":"wp","href":"https:\/\/api.w.org\/{rel}","templated":true}]}}