{"id":1016,"date":"2023-10-04T00:57:47","date_gmt":"2023-10-03T22:57:47","guid":{"rendered":"https:\/\/nuevaweb.cpl.es\/producto\/obras-paciano-de-barcelona-9788491654087\/"},"modified":"2026-02-12T17:40:19","modified_gmt":"2026-02-12T16:40:19","slug":"obras-paciano-de-barcelona-9788491654087","status":"publish","type":"product","link":"https:\/\/www.cpl.es\/ca\/producto\/obras-paciano-de-barcelona-9788491654087\/","title":{"rendered":"Obras &#8211; Paciano de Barcelona"},"content":{"rendered":"<p>Paciano de Barcelona (s. iv) fue un destacado obispo, un escritor de gran categoria y un meritorio te\u00f3logo, aun sin necesidad de hacer grandes aportaciones, pero siendo \u00e9l mismo un muy valioso testigo del ordenamiento eclesial de aquellos primeros tiempos de la historia cristiana, Paciano es reconocido por derecho propio como Padre de la Iglesia universal.<br \/>El valor de Paciano es ser un testigo privilegiado de la praxis cristiana antigua de los sacramentos del bautismo y penitencia en la iglesia de Barcelona. \u00c9l es obispo. Sus escritos son, por lo tanto, pastorales; no tienen ninguna pretensi\u00f3n de ser elucubraciones teol\u00f3gicas, m\u00e1s all\u00e1 de lo necesario. Ante todo, buscan la comprensi\u00f3n de la gente sencilla de su comunidad; y en esto es un modelo de pastor, por el vigor y la fuerza que traslucen. Es normal que se mantenga en un esquema de pensamiento que pretende ser claro y quiere ser \u00fanico. De aqu\u00ed que no se pueda hacer un tratamiento del bautismo sin remitirse a la penitencia, y viceversa. La controversia &#8216;novaciana' a la cual se ver\u00e1 sometido, lo obligar\u00e1 a hacerlo de este modo.<\/p>\n","protected":false},"excerpt":{"rendered":"<p>Paciano de Barcelona<\/p>\n","protected":false},"featured_media":1017,"template":"","meta":{"_acf_changed":false,"inline_featured_image":false},"product_brand":[],"product_cat":[135,113,69,54,85,62,138,116],"product_tag":[],"class_list":{"0":"post-1016","1":"product","2":"type-product","3":"status-publish","4":"has-post-thumbnail","6":"product_cat-baptisme","7":"product_cat-bautismo","8":"product_cat-cuadernos-phase-colleccions-catala","9":"product_cat-cuadernos-phase","10":"product_cat-historia-de-la-liturgia-per-temes-catala","11":"product_cat-historia-de-la-liturgia","12":"product_cat-penitencia-reconciliacio","13":"product_cat-penitencia-reconciliacion","15":"first","16":"instock","17":"taxable","18":"shipping-taxable","19":"purchasable","20":"product-type-simple"},"acf":{"autor":"Paciano de Barcelona","codart":"110260","ediciones":"1","encuadernacion":"R\u00fastica","fecha_de_publicacion":"28\/01\/2021","novedad":false,"paginas":"172","subtitulo":"Tratado del bautismo. Exhortaci\u00f3n a la penitecia. Carta Primera-Carta Segunda. Contra el tratado de los novacianos","orden":"80","portada":false,"idioma":"spa","editorial":[{"ID":6736,"post_author":"2","post_date":"2023-10-06 08:35:24","post_date_gmt":"2023-10-06 06:35:24","post_content":"","post_title":"CPL","post_excerpt":"","post_status":"publish","comment_status":"closed","ping_status":"closed","post_password":"","post_name":"cpl","to_ping":"","pinged":"","post_modified":"2023-10-06 08:35:24","post_modified_gmt":"2023-10-06 06:35:24","post_content_filtered":"","post_parent":0,"guid":"https:\/\/nuevaweb.cpl.es\/editorial\/cpl\/","menu_order":0,"post_type":"editorial","post_mime_type":"","comment_count":"0","filter":"raw"}],"coleccion_num":"260"},"yoast_head":"<!-- This site is optimized with the Yoast SEO plugin v27.3 - https:\/\/yoast.com\/product\/yoast-seo-wordpress\/ -->\n<title>Obras - Paciano de Barcelona - CPL<\/title>\n<meta name=\"robots\" content=\"index, follow, max-snippet:-1, max-image-preview:large, max-video-preview:-1\" \/>\n<link rel=\"canonical\" href=\"https:\/\/www.cpl.es\/producto\/obras-paciano-de-barcelona-9788491654087\/\" \/>\n<meta property=\"og:locale\" content=\"ca_ES\" \/>\n<meta property=\"og:type\" content=\"article\" \/>\n<meta property=\"og:title\" content=\"Obras - Paciano de Barcelona - CPL\" \/>\n<meta property=\"og:description\" content=\"Paciano de Barcelona\" \/>\n<meta property=\"og:url\" content=\"https:\/\/www.cpl.es\/producto\/obras-paciano-de-barcelona-9788491654087\/\" \/>\n<meta property=\"og:site_name\" content=\"CPL\" \/>\n<meta property=\"article:modified_time\" content=\"2026-02-12T16:40:19+00:00\" \/>\n<meta property=\"og:image\" content=\"https:\/\/www.cpl.es\/wp-content\/uploads\/110260.jpg\" \/>\n\t<meta property=\"og:image:width\" content=\"281\" \/>\n\t<meta property=\"og:image:height\" content=\"422\" \/>\n\t<meta property=\"og:image:type\" content=\"image\/jpeg\" \/>\n<meta name=\"twitter:card\" content=\"summary_large_image\" \/>\n<meta name=\"twitter:label1\" content=\"Temps estimat de lectura\" \/>\n\t<meta name=\"twitter:data1\" content=\"1 minut\" \/>\n<script type=\"application\/ld+json\" class=\"yoast-schema-graph\">{\"@context\":\"https:\\\/\\\/schema.org\",\"@graph\":[{\"@type\":\"WebPage\",\"@id\":\"https:\\\/\\\/www.cpl.es\\\/producto\\\/obras-paciano-de-barcelona-9788491654087\\\/\",\"url\":\"https:\\\/\\\/www.cpl.es\\\/producto\\\/obras-paciano-de-barcelona-9788491654087\\\/\",\"name\":\"Obras - Paciano de Barcelona - CPL\",\"isPartOf\":{\"@id\":\"https:\\\/\\\/www.cpl.es\\\/#website\"},\"primaryImageOfPage\":{\"@id\":\"https:\\\/\\\/www.cpl.es\\\/producto\\\/obras-paciano-de-barcelona-9788491654087\\\/#primaryimage\"},\"image\":{\"@id\":\"https:\\\/\\\/www.cpl.es\\\/producto\\\/obras-paciano-de-barcelona-9788491654087\\\/#primaryimage\"},\"thumbnailUrl\":\"https:\\\/\\\/www.cpl.es\\\/wp-content\\\/uploads\\\/110260.jpg\",\"datePublished\":\"2023-10-03T22:57:47+00:00\",\"dateModified\":\"2026-02-12T16:40:19+00:00\",\"breadcrumb\":{\"@id\":\"https:\\\/\\\/www.cpl.es\\\/producto\\\/obras-paciano-de-barcelona-9788491654087\\\/#breadcrumb\"},\"inLanguage\":\"ca\",\"potentialAction\":[{\"@type\":\"ReadAction\",\"target\":[\"https:\\\/\\\/www.cpl.es\\\/producto\\\/obras-paciano-de-barcelona-9788491654087\\\/\"]}]},{\"@type\":\"ImageObject\",\"inLanguage\":\"ca\",\"@id\":\"https:\\\/\\\/www.cpl.es\\\/producto\\\/obras-paciano-de-barcelona-9788491654087\\\/#primaryimage\",\"url\":\"https:\\\/\\\/www.cpl.es\\\/wp-content\\\/uploads\\\/110260.jpg\",\"contentUrl\":\"https:\\\/\\\/www.cpl.es\\\/wp-content\\\/uploads\\\/110260.jpg\",\"width\":281,\"height\":422,\"caption\":\"110260.jpg\"},{\"@type\":\"BreadcrumbList\",\"@id\":\"https:\\\/\\\/www.cpl.es\\\/producto\\\/obras-paciano-de-barcelona-9788491654087\\\/#breadcrumb\",\"itemListElement\":[{\"@type\":\"ListItem\",\"position\":1,\"name\":\"Portada\",\"item\":\"https:\\\/\\\/www.cpl.es\\\/ca\\\/\"},{\"@type\":\"ListItem\",\"position\":2,\"name\":\"Cat\u00e0leg\",\"item\":\"https:\\\/\\\/www.cpl.es\\\/ca\\\/cataleg\\\/\"},{\"@type\":\"ListItem\",\"position\":3,\"name\":\"Obras &#8211; Paciano de Barcelona\"}]},{\"@type\":\"WebSite\",\"@id\":\"https:\\\/\\\/www.cpl.es\\\/#website\",\"url\":\"https:\\\/\\\/www.cpl.es\\\/\",\"name\":\"CPL\",\"description\":\"Centre de Pastoral Lit\u00fargica de Barcelona\",\"publisher\":{\"@id\":\"https:\\\/\\\/www.cpl.es\\\/#organization\"},\"alternateName\":\"Centre de Pastoral Lit\u00fargica\",\"potentialAction\":[{\"@type\":\"SearchAction\",\"target\":{\"@type\":\"EntryPoint\",\"urlTemplate\":\"https:\\\/\\\/www.cpl.es\\\/?s={search_term_string}\"},\"query-input\":{\"@type\":\"PropertyValueSpecification\",\"valueRequired\":true,\"valueName\":\"search_term_string\"}}],\"inLanguage\":\"ca\"},{\"@type\":\"Organization\",\"@id\":\"https:\\\/\\\/www.cpl.es\\\/#organization\",\"name\":\"Centre de Pastoral Lit\u00fargica\",\"alternateName\":\"Centre de Pastoral Lit\u00fargica de Barcelona\",\"url\":\"https:\\\/\\\/www.cpl.es\\\/\",\"logo\":{\"@type\":\"ImageObject\",\"inLanguage\":\"ca\",\"@id\":\"https:\\\/\\\/www.cpl.es\\\/#\\\/schema\\\/logo\\\/image\\\/\",\"url\":\"https:\\\/\\\/www.cpl.es\\\/wp-content\\\/uploads\\\/logo-cpl.svg\",\"contentUrl\":\"https:\\\/\\\/www.cpl.es\\\/wp-content\\\/uploads\\\/logo-cpl.svg\",\"caption\":\"Centre de Pastoral Lit\u00fargica\"},\"image\":{\"@id\":\"https:\\\/\\\/www.cpl.es\\\/#\\\/schema\\\/logo\\\/image\\\/\"}}]}<\/script>\n<!-- \/ Yoast SEO plugin. -->","yoast_head_json":{"title":"Obras - Paciano de Barcelona - CPL","robots":{"index":"index","follow":"follow","max-snippet":"max-snippet:-1","max-image-preview":"max-image-preview:large","max-video-preview":"max-video-preview:-1"},"canonical":"https:\/\/www.cpl.es\/producto\/obras-paciano-de-barcelona-9788491654087\/","og_locale":"ca_ES","og_type":"article","og_title":"Obras - Paciano de Barcelona - CPL","og_description":"Paciano de Barcelona","og_url":"https:\/\/www.cpl.es\/producto\/obras-paciano-de-barcelona-9788491654087\/","og_site_name":"CPL","article_modified_time":"2026-02-12T16:40:19+00:00","og_image":[{"width":281,"height":422,"url":"https:\/\/www.cpl.es\/wp-content\/uploads\/110260.jpg","type":"image\/jpeg"}],"twitter_card":"summary_large_image","twitter_misc":{"Temps estimat de lectura":"1 minut"},"schema":{"@context":"https:\/\/schema.org","@graph":[{"@type":"WebPage","@id":"https:\/\/www.cpl.es\/producto\/obras-paciano-de-barcelona-9788491654087\/","url":"https:\/\/www.cpl.es\/producto\/obras-paciano-de-barcelona-9788491654087\/","name":"Obras - Paciano de Barcelona - CPL","isPartOf":{"@id":"https:\/\/www.cpl.es\/#website"},"primaryImageOfPage":{"@id":"https:\/\/www.cpl.es\/producto\/obras-paciano-de-barcelona-9788491654087\/#primaryimage"},"image":{"@id":"https:\/\/www.cpl.es\/producto\/obras-paciano-de-barcelona-9788491654087\/#primaryimage"},"thumbnailUrl":"https:\/\/www.cpl.es\/wp-content\/uploads\/110260.jpg","datePublished":"2023-10-03T22:57:47+00:00","dateModified":"2026-02-12T16:40:19+00:00","breadcrumb":{"@id":"https:\/\/www.cpl.es\/producto\/obras-paciano-de-barcelona-9788491654087\/#breadcrumb"},"inLanguage":"ca","potentialAction":[{"@type":"ReadAction","target":["https:\/\/www.cpl.es\/producto\/obras-paciano-de-barcelona-9788491654087\/"]}]},{"@type":"ImageObject","inLanguage":"ca","@id":"https:\/\/www.cpl.es\/producto\/obras-paciano-de-barcelona-9788491654087\/#primaryimage","url":"https:\/\/www.cpl.es\/wp-content\/uploads\/110260.jpg","contentUrl":"https:\/\/www.cpl.es\/wp-content\/uploads\/110260.jpg","width":281,"height":422,"caption":"110260.jpg"},{"@type":"BreadcrumbList","@id":"https:\/\/www.cpl.es\/producto\/obras-paciano-de-barcelona-9788491654087\/#breadcrumb","itemListElement":[{"@type":"ListItem","position":1,"name":"Portada","item":"https:\/\/www.cpl.es\/ca\/"},{"@type":"ListItem","position":2,"name":"Cat\u00e0leg","item":"https:\/\/www.cpl.es\/ca\/cataleg\/"},{"@type":"ListItem","position":3,"name":"Obras &#8211; Paciano de Barcelona"}]},{"@type":"WebSite","@id":"https:\/\/www.cpl.es\/#website","url":"https:\/\/www.cpl.es\/","name":"CPL","description":"Centre de Pastoral Lit\u00fargica de Barcelona","publisher":{"@id":"https:\/\/www.cpl.es\/#organization"},"alternateName":"Centre de Pastoral Lit\u00fargica","potentialAction":[{"@type":"SearchAction","target":{"@type":"EntryPoint","urlTemplate":"https:\/\/www.cpl.es\/?s={search_term_string}"},"query-input":{"@type":"PropertyValueSpecification","valueRequired":true,"valueName":"search_term_string"}}],"inLanguage":"ca"},{"@type":"Organization","@id":"https:\/\/www.cpl.es\/#organization","name":"Centre de Pastoral Lit\u00fargica","alternateName":"Centre de Pastoral Lit\u00fargica de Barcelona","url":"https:\/\/www.cpl.es\/","logo":{"@type":"ImageObject","inLanguage":"ca","@id":"https:\/\/www.cpl.es\/#\/schema\/logo\/image\/","url":"https:\/\/www.cpl.es\/wp-content\/uploads\/logo-cpl.svg","contentUrl":"https:\/\/www.cpl.es\/wp-content\/uploads\/logo-cpl.svg","caption":"Centre de Pastoral Lit\u00fargica"},"image":{"@id":"https:\/\/www.cpl.es\/#\/schema\/logo\/image\/"}}]}},"_links":{"self":[{"href":"https:\/\/www.cpl.es\/ca\/wp-json\/wp\/v2\/product\/1016","targetHints":{"allow":["GET"]}}],"collection":[{"href":"https:\/\/www.cpl.es\/ca\/wp-json\/wp\/v2\/product"}],"about":[{"href":"https:\/\/www.cpl.es\/ca\/wp-json\/wp\/v2\/types\/product"}],"wp:featuredmedia":[{"embeddable":true,"href":"https:\/\/www.cpl.es\/ca\/wp-json\/wp\/v2\/media\/1017"}],"wp:attachment":[{"href":"https:\/\/www.cpl.es\/ca\/wp-json\/wp\/v2\/media?parent=1016"}],"wp:term":[{"taxonomy":"product_brand","embeddable":true,"href":"https:\/\/www.cpl.es\/ca\/wp-json\/wp\/v2\/product_brand?post=1016"},{"taxonomy":"product_cat","embeddable":true,"href":"https:\/\/www.cpl.es\/ca\/wp-json\/wp\/v2\/product_cat?post=1016"},{"taxonomy":"product_tag","embeddable":true,"href":"https:\/\/www.cpl.es\/ca\/wp-json\/wp\/v2\/product_tag?post=1016"}],"curies":[{"name":"wp","href":"https:\/\/api.w.org\/{rel}","templated":true}]}}