{"id":7060,"date":"2023-11-28T12:33:23","date_gmt":"2023-11-28T11:33:23","guid":{"rendered":"https:\/\/nuevaweb.cpl.es\/?page_id=7060"},"modified":"2026-04-27T08:18:54","modified_gmt":"2026-04-27T06:18:54","slug":"oracio-dels-fidels","status":"publish","type":"page","link":"https:\/\/www.cpl.es\/ca\/actualitat\/oracio-dels-fidels\/","title":{"rendered":"Preg\u00e0ria dels fidels i suggeriments per als cants"},"content":{"rendered":"<div id=\"pl-7060\"  class=\"panel-layout\" ><div id=\"pg-7060-0\"  class=\"panel-grid panel-has-style\" ><div class=\"cont-actualidad panel-row-style panel-row-style-for-7060-0\" ><div id=\"pgc-7060-0-0\"  class=\"panel-grid-cell\" ><div id=\"panel-7060-0-0-0\" class=\"so-panel widget widget_sow-editor panel-first-child\" data-index=\"0\" ><div\n\t\t\t\n\t\t\tclass=\"so-widget-sow-editor so-widget-sow-editor-base\"\n\t\t\t\n\t\t>\n<div class=\"siteorigin-widget-tinymce textwidget\">\n\t<h2>Descarregable i amb els suggeriments dels cants<\/h2>\n<\/div>\n<\/div><\/div><div id=\"panel-7060-0-0-1\" class=\"so-panel widget widget_sow-editor\" data-index=\"1\" ><div class=\"cont-oracion panel-widget-style panel-widget-style-for-7060-0-0-1\" ><div\n\t\t\t\n\t\t\tclass=\"so-widget-sow-editor so-widget-sow-editor-base\"\n\t\t\t\n\t\t>\n<div class=\"siteorigin-widget-tinymce textwidget\">\n\t<h3>Diumenge 5 de Pasqua \/ A (3 de maig de 2026)<\/h3>\n<p>Preg\u00e0ria dels fidels en format Word - <a href=\"https:\/\/www.cpl.es\/wp-content\/uploads\/formulari-MD-26-05-03.docx\">Descarregar &gt;<\/a><\/p>\n<p>Suggeriments per als cants - <a href=\"https:\/\/www.cpl.es\/wp-content\/uploads\/Cants-3-10-17-24-maig.pdf\" target=\"_blank\" rel=\"noopener\">Descarregar &gt;<\/a><\/p>\n<\/div>\n<\/div><\/div><\/div><div id=\"panel-7060-0-0-2\" class=\"so-panel widget widget_sow-editor\" data-index=\"2\" ><div class=\"cont-oracion panel-widget-style panel-widget-style-for-7060-0-0-2\" ><div\n\t\t\t\n\t\t\tclass=\"so-widget-sow-editor so-widget-sow-editor-base\"\n\t\t\t\n\t\t>\n<div class=\"siteorigin-widget-tinymce textwidget\">\n\t<h3>Diumenge 6 de Pasqua \/ A (10 de maig de 2026)<\/h3>\n<p>Preg\u00e0ria dels fidels en format Word - <a href=\"https:\/\/www.cpl.es\/wp-content\/uploads\/formulari-MD-26-05-10.docx\">Descarregar &gt;<\/a><\/p>\n<p>Suggeriments per als cants - <a href=\"https:\/\/www.cpl.es\/wp-content\/uploads\/Cants-3-10-17-24-maig.pdf\" target=\"_blank\" rel=\"noopener\">Descarregar &gt;<\/a><\/p>\n<\/div>\n<\/div><\/div><\/div><div id=\"panel-7060-0-0-3\" class=\"so-panel widget widget_sow-editor\" data-index=\"3\" ><div class=\"cont-oracion panel-widget-style panel-widget-style-for-7060-0-0-3\" ><div\n\t\t\t\n\t\t\tclass=\"so-widget-sow-editor so-widget-sow-editor-base\"\n\t\t\t\n\t\t>\n<div class=\"siteorigin-widget-tinymce textwidget\">\n\t<h3>Ascensi\u00f3 del Senyor \/ A (17 de maig de 2026)<\/h3>\n<p>Preg\u00e0ria dels fidels en format Word - <a href=\"https:\/\/www.cpl.es\/wp-content\/uploads\/formulari-MD-26-05-17.docx\">Descarregar &gt;<\/a><\/p>\n<p>Suggeriments per als cants - <a href=\"https:\/\/www.cpl.es\/wp-content\/uploads\/Cants-3-10-17-24-maig.pdf\" target=\"_blank\" rel=\"noopener\">Descarregar &gt;<\/a><\/p>\n<\/div>\n<\/div><\/div><\/div><div id=\"panel-7060-0-0-4\" class=\"so-panel widget widget_sow-editor panel-last-child\" data-index=\"4\" ><div class=\"cont-oracion panel-widget-style panel-widget-style-for-7060-0-0-4\" ><div\n\t\t\t\n\t\t\tclass=\"so-widget-sow-editor so-widget-sow-editor-base\"\n\t\t\t\n\t\t>\n<div class=\"siteorigin-widget-tinymce textwidget\">\n\t<h3>Diumenge de Pentecosta \/ A (24 de maig de 2026)<\/h3>\n<p>Preg\u00e0ria dels fidels en format Word - <a href=\"https:\/\/www.cpl.es\/wp-content\/uploads\/formulari-MD-26-05-24.docx\">Descarregar &gt;<\/a><\/p>\n<p>Suggeriments per als cants - <a href=\"https:\/\/www.cpl.es\/wp-content\/uploads\/Cants-3-10-17-24-maig.pdf\" target=\"_blank\" rel=\"noopener\">Descarregar &gt;<\/a><\/p>\n<\/div>\n<\/div><\/div><\/div><\/div><\/div><\/div><\/div>","protected":false},"excerpt":{"rendered":"<p>Descarregable i amb els suggeriments dels cants Diumenge 5 de Pasqua \/ A (3 de maig de 2026) Preg\u00e0ria dels fidels en format Word &#8211; Descarregar &gt; Suggeriments per als cants &#8211; Descarregar &gt; Diumenge 6 de Pasqua \/ A (10 de maig de 2026) Preg\u00e0ria dels fidels en format Word &#8211; Descarregar &gt; Suggeriments [&hellip;]<\/p>\n","protected":false},"author":1,"featured_media":0,"parent":7047,"menu_order":2,"comment_status":"closed","ping_status":"closed","template":"","meta":{"_acf_changed":false,"inline_featured_image":false,"footnotes":""},"class_list":["post-7060","page","type-page","status-publish","hentry"],"acf":[],"yoast_head":"<!-- This site is optimized with the Yoast SEO plugin v27.5 - https:\/\/yoast.com\/product\/yoast-seo-wordpress\/ -->\n<title>Preg\u00e0ria dels fidels i suggeriments per als cants - CPL<\/title>\n<meta name=\"description\" content=\"Aquestes s\u00f3n les preg\u00e0ries dels fidels i els suggeriments per als cants de la missa que la revista Missa dominical proposa.\" \/>\n<meta name=\"robots\" content=\"index, follow, max-snippet:-1, max-image-preview:large, max-video-preview:-1\" \/>\n<link rel=\"canonical\" href=\"https:\/\/www.cpl.es\/ca\/actualitat\/oracio-dels-fidels\/\" \/>\n<meta property=\"og:locale\" content=\"ca_ES\" \/>\n<meta property=\"og:type\" content=\"article\" \/>\n<meta property=\"og:title\" content=\"Preg\u00e0ria dels fidels i suggeriments per als cants - CPL\" \/>\n<meta property=\"og:description\" content=\"Aquestes s\u00f3n les preg\u00e0ries dels fidels i els suggeriments per als cants de la missa que la revista Missa dominical proposa.\" \/>\n<meta property=\"og:url\" content=\"https:\/\/www.cpl.es\/ca\/actualitat\/oracio-dels-fidels\/\" \/>\n<meta property=\"og:site_name\" content=\"CPL\" \/>\n<meta property=\"article:modified_time\" content=\"2026-04-27T06:18:54+00:00\" \/>\n<meta name=\"twitter:card\" content=\"summary_large_image\" \/>\n<meta name=\"twitter:label1\" content=\"Temps estimat de lectura\" \/>\n\t<meta name=\"twitter:data1\" content=\"1 minut\" \/>\n<script type=\"application\/ld+json\" class=\"yoast-schema-graph\">{\"@context\":\"https:\\\/\\\/schema.org\",\"@graph\":[{\"@type\":\"WebPage\",\"@id\":\"https:\\\/\\\/www.cpl.es\\\/ca\\\/actualitat\\\/oracio-dels-fidels\\\/\",\"url\":\"https:\\\/\\\/www.cpl.es\\\/ca\\\/actualitat\\\/oracio-dels-fidels\\\/\",\"name\":\"Preg\u00e0ria dels fidels i suggeriments per als cants - CPL\",\"isPartOf\":{\"@id\":\"https:\\\/\\\/www.cpl.es\\\/#website\"},\"datePublished\":\"2023-11-28T11:33:23+00:00\",\"dateModified\":\"2026-04-27T06:18:54+00:00\",\"description\":\"Aquestes s\u00f3n les preg\u00e0ries dels fidels i els suggeriments per als cants de la missa que la revista Missa dominical proposa.\",\"breadcrumb\":{\"@id\":\"https:\\\/\\\/www.cpl.es\\\/ca\\\/actualitat\\\/oracio-dels-fidels\\\/#breadcrumb\"},\"inLanguage\":\"ca\",\"potentialAction\":[{\"@type\":\"ReadAction\",\"target\":[\"https:\\\/\\\/www.cpl.es\\\/ca\\\/actualitat\\\/oracio-dels-fidels\\\/\"]}]},{\"@type\":\"BreadcrumbList\",\"@id\":\"https:\\\/\\\/www.cpl.es\\\/ca\\\/actualitat\\\/oracio-dels-fidels\\\/#breadcrumb\",\"itemListElement\":[{\"@type\":\"ListItem\",\"position\":1,\"name\":\"Portada\",\"item\":\"https:\\\/\\\/www.cpl.es\\\/ca\\\/\"},{\"@type\":\"ListItem\",\"position\":2,\"name\":\"Actualitat\",\"item\":\"https:\\\/\\\/www.cpl.es\\\/ca\\\/actualitat\\\/\"},{\"@type\":\"ListItem\",\"position\":3,\"name\":\"Preg\u00e0ria dels fidels i suggeriments per als cants\"}]},{\"@type\":\"WebSite\",\"@id\":\"https:\\\/\\\/www.cpl.es\\\/#website\",\"url\":\"https:\\\/\\\/www.cpl.es\\\/\",\"name\":\"CPL\",\"description\":\"Centre de Pastoral Lit\u00fargica de Barcelona\",\"publisher\":{\"@id\":\"https:\\\/\\\/www.cpl.es\\\/#organization\"},\"alternateName\":\"Centre de Pastoral Lit\u00fargica\",\"potentialAction\":[{\"@type\":\"SearchAction\",\"target\":{\"@type\":\"EntryPoint\",\"urlTemplate\":\"https:\\\/\\\/www.cpl.es\\\/?s={search_term_string}\"},\"query-input\":{\"@type\":\"PropertyValueSpecification\",\"valueRequired\":true,\"valueName\":\"search_term_string\"}}],\"inLanguage\":\"ca\"},{\"@type\":\"Organization\",\"@id\":\"https:\\\/\\\/www.cpl.es\\\/#organization\",\"name\":\"Centre de Pastoral Lit\u00fargica\",\"alternateName\":\"Centre de Pastoral Lit\u00fargica de Barcelona\",\"url\":\"https:\\\/\\\/www.cpl.es\\\/\",\"logo\":{\"@type\":\"ImageObject\",\"inLanguage\":\"ca\",\"@id\":\"https:\\\/\\\/www.cpl.es\\\/#\\\/schema\\\/logo\\\/image\\\/\",\"url\":\"https:\\\/\\\/www.cpl.es\\\/wp-content\\\/uploads\\\/logo-cpl.svg\",\"contentUrl\":\"https:\\\/\\\/www.cpl.es\\\/wp-content\\\/uploads\\\/logo-cpl.svg\",\"caption\":\"Centre de Pastoral Lit\u00fargica\"},\"image\":{\"@id\":\"https:\\\/\\\/www.cpl.es\\\/#\\\/schema\\\/logo\\\/image\\\/\"}}]}<\/script>\n<!-- \/ Yoast SEO plugin. -->","yoast_head_json":{"title":"Preg\u00e0ria dels fidels i suggeriments per als cants - CPL","description":"Aquestes s\u00f3n les preg\u00e0ries dels fidels i els suggeriments per als cants de la missa que la revista Missa dominical proposa.","robots":{"index":"index","follow":"follow","max-snippet":"max-snippet:-1","max-image-preview":"max-image-preview:large","max-video-preview":"max-video-preview:-1"},"canonical":"https:\/\/www.cpl.es\/ca\/actualitat\/oracio-dels-fidels\/","og_locale":"ca_ES","og_type":"article","og_title":"Preg\u00e0ria dels fidels i suggeriments per als cants - CPL","og_description":"Aquestes s\u00f3n les preg\u00e0ries dels fidels i els suggeriments per als cants de la missa que la revista Missa dominical proposa.","og_url":"https:\/\/www.cpl.es\/ca\/actualitat\/oracio-dels-fidels\/","og_site_name":"CPL","article_modified_time":"2026-04-27T06:18:54+00:00","twitter_card":"summary_large_image","twitter_misc":{"Temps estimat de lectura":"1 minut"},"schema":{"@context":"https:\/\/schema.org","@graph":[{"@type":"WebPage","@id":"https:\/\/www.cpl.es\/ca\/actualitat\/oracio-dels-fidels\/","url":"https:\/\/www.cpl.es\/ca\/actualitat\/oracio-dels-fidels\/","name":"Preg\u00e0ria dels fidels i suggeriments per als cants - CPL","isPartOf":{"@id":"https:\/\/www.cpl.es\/#website"},"datePublished":"2023-11-28T11:33:23+00:00","dateModified":"2026-04-27T06:18:54+00:00","description":"Aquestes s\u00f3n les preg\u00e0ries dels fidels i els suggeriments per als cants de la missa que la revista Missa dominical proposa.","breadcrumb":{"@id":"https:\/\/www.cpl.es\/ca\/actualitat\/oracio-dels-fidels\/#breadcrumb"},"inLanguage":"ca","potentialAction":[{"@type":"ReadAction","target":["https:\/\/www.cpl.es\/ca\/actualitat\/oracio-dels-fidels\/"]}]},{"@type":"BreadcrumbList","@id":"https:\/\/www.cpl.es\/ca\/actualitat\/oracio-dels-fidels\/#breadcrumb","itemListElement":[{"@type":"ListItem","position":1,"name":"Portada","item":"https:\/\/www.cpl.es\/ca\/"},{"@type":"ListItem","position":2,"name":"Actualitat","item":"https:\/\/www.cpl.es\/ca\/actualitat\/"},{"@type":"ListItem","position":3,"name":"Preg\u00e0ria dels fidels i suggeriments per als cants"}]},{"@type":"WebSite","@id":"https:\/\/www.cpl.es\/#website","url":"https:\/\/www.cpl.es\/","name":"CPL","description":"Centre de Pastoral Lit\u00fargica de Barcelona","publisher":{"@id":"https:\/\/www.cpl.es\/#organization"},"alternateName":"Centre de Pastoral Lit\u00fargica","potentialAction":[{"@type":"SearchAction","target":{"@type":"EntryPoint","urlTemplate":"https:\/\/www.cpl.es\/?s={search_term_string}"},"query-input":{"@type":"PropertyValueSpecification","valueRequired":true,"valueName":"search_term_string"}}],"inLanguage":"ca"},{"@type":"Organization","@id":"https:\/\/www.cpl.es\/#organization","name":"Centre de Pastoral Lit\u00fargica","alternateName":"Centre de Pastoral Lit\u00fargica de Barcelona","url":"https:\/\/www.cpl.es\/","logo":{"@type":"ImageObject","inLanguage":"ca","@id":"https:\/\/www.cpl.es\/#\/schema\/logo\/image\/","url":"https:\/\/www.cpl.es\/wp-content\/uploads\/logo-cpl.svg","contentUrl":"https:\/\/www.cpl.es\/wp-content\/uploads\/logo-cpl.svg","caption":"Centre de Pastoral Lit\u00fargica"},"image":{"@id":"https:\/\/www.cpl.es\/#\/schema\/logo\/image\/"}}]}},"_links":{"self":[{"href":"https:\/\/www.cpl.es\/ca\/wp-json\/wp\/v2\/pages\/7060","targetHints":{"allow":["GET"]}}],"collection":[{"href":"https:\/\/www.cpl.es\/ca\/wp-json\/wp\/v2\/pages"}],"about":[{"href":"https:\/\/www.cpl.es\/ca\/wp-json\/wp\/v2\/types\/page"}],"author":[{"embeddable":true,"href":"https:\/\/www.cpl.es\/ca\/wp-json\/wp\/v2\/users\/1"}],"replies":[{"embeddable":true,"href":"https:\/\/www.cpl.es\/ca\/wp-json\/wp\/v2\/comments?post=7060"}],"version-history":[{"count":5,"href":"https:\/\/www.cpl.es\/ca\/wp-json\/wp\/v2\/pages\/7060\/revisions"}],"predecessor-version":[{"id":28918,"href":"https:\/\/www.cpl.es\/ca\/wp-json\/wp\/v2\/pages\/7060\/revisions\/28918"}],"up":[{"embeddable":true,"href":"https:\/\/www.cpl.es\/ca\/wp-json\/wp\/v2\/pages\/7047"}],"wp:attachment":[{"href":"https:\/\/www.cpl.es\/ca\/wp-json\/wp\/v2\/media?parent=7060"}],"curies":[{"name":"wp","href":"https:\/\/api.w.org\/{rel}","templated":true}]}}