{"id":6771,"date":"2023-11-17T10:07:14","date_gmt":"2023-11-17T09:07:14","guid":{"rendered":"https:\/\/nuevaweb.cpl.es\/?page_id=6771"},"modified":"2023-11-17T10:07:39","modified_gmt":"2023-11-17T09:07:39","slug":"formes","status":"publish","type":"page","link":"https:\/\/www.cpl.es\/ca\/formes\/","title":{"rendered":"Formes"},"content":{"rendered":"<div id=\"pl-6771\"  class=\"panel-layout\" ><div id=\"pg-6771-0\"  class=\"panel-grid panel-no-style\" ><div id=\"pgc-6771-0-0\"  class=\"panel-grid-cell\" ><div class=\"cont-loop formas\"><ul class=\"products columns-4\"><li class=\"product type-product post-19009 status-publish first instock product_cat-castellano product_cat-catala product_cat-formas-y-gel product_cat-formes-i-gel has-post-thumbnail taxable shipping-taxable purchasable product-type-simple\">\n\t<a href=\"https:\/\/www.cpl.es\/ca\/producto\/lote-9-catequesis-del-papa-francisco-9788491659976\/\" class=\"woocommerce-LoopProduct-link woocommerce-loop-product__link\"><img decoding=\"async\" src=\"https:\/\/www.cpl.es\/wp-content\/uploads\/Z2-1.png\" alt=\"Lote 9 catequesis del Papa Francisco\" \/ fetchpriority=\"high\"><h3><\/h3><p class=\"contenido\"><\/p><p class=\"precio\"><span class=\"woocommerce-Price-amount amount\"><bdi>37,50&nbsp;<span class=\"woocommerce-Price-currencySymbol\">&euro;<\/span><\/bdi><\/span><\/p><\/li><\/a><span class=\"gtm4wp_productdata\" style=\"display:none; visibility:hidden;\" data-gtm4wp_product_data=\"{&quot;internal_id&quot;:19009,&quot;item_id&quot;:19009,&quot;item_name&quot;:&quot;Lote 9 catequesis del Papa Francisco&quot;,&quot;sku&quot;:&quot;9788491659976&quot;,&quot;price&quot;:37.5,&quot;stocklevel&quot;:null,&quot;stockstatus&quot;:&quot;instock&quot;,&quot;google_business_vertical&quot;:&quot;retail&quot;,&quot;item_category&quot;:&quot;Catal\\u00e0&quot;,&quot;item_category2&quot;:&quot;FORMES I GEL&quot;,&quot;id&quot;:19009,&quot;productlink&quot;:&quot;https:\\\/\\\/www.cpl.es\\\/ca\\\/producto\\\/lote-9-catequesis-del-papa-francisco-9788491659976\\\/&quot;,&quot;item_list_name&quot;:&quot;Llista general de productes&quot;,&quot;index&quot;:1,&quot;product_type&quot;:&quot;simple&quot;,&quot;item_brand&quot;:&quot;&quot;}\"><\/span><\/li>\n<li class=\"product type-product post-16667 status-publish instock product_cat-catala product_cat-formes-i-gel has-post-thumbnail taxable shipping-taxable purchasable product-type-simple\">\n\t<a href=\"https:\/\/www.cpl.es\/ca\/producto\/pack-jubileu-2025-9788491659990\/\" class=\"woocommerce-LoopProduct-link woocommerce-loop-product__link\"><img decoding=\"async\" src=\"https:\/\/www.cpl.es\/wp-content\/uploads\/9788491659990-8.jpg\" alt=\"Pack Jubileu 2025\" \/ loading=\"lazy\" fetchpriority=\"low\"><div class=\"novedad\">Novetat<\/div><h3><\/h3><p class=\"contenido\"><\/p><p class=\"precio\"><span class=\"woocommerce-Price-amount amount\"><bdi>22,07&nbsp;<span class=\"woocommerce-Price-currencySymbol\">&euro;<\/span><\/bdi><\/span><\/p><\/li><\/a><span class=\"gtm4wp_productdata\" style=\"display:none; visibility:hidden;\" data-gtm4wp_product_data=\"{&quot;internal_id&quot;:16667,&quot;item_id&quot;:16667,&quot;item_name&quot;:&quot;Pack Jubileu 2025&quot;,&quot;sku&quot;:&quot;9788491659990&quot;,&quot;price&quot;:22.07,&quot;stocklevel&quot;:null,&quot;stockstatus&quot;:&quot;instock&quot;,&quot;google_business_vertical&quot;:&quot;retail&quot;,&quot;item_category&quot;:&quot;Catal\\u00e0&quot;,&quot;item_category2&quot;:&quot;FORMES I GEL&quot;,&quot;id&quot;:16667,&quot;productlink&quot;:&quot;https:\\\/\\\/www.cpl.es\\\/ca\\\/producto\\\/pack-jubileu-2025-9788491659990\\\/&quot;,&quot;item_list_name&quot;:&quot;Llista general de productes&quot;,&quot;index&quot;:2,&quot;product_type&quot;:&quot;simple&quot;,&quot;item_brand&quot;:&quot;&quot;}\"><\/span><\/li>\n<li class=\"product type-product post-15211 status-publish last instock product_cat-formas-y-gel product_cat-formes-i-gel has-post-thumbnail taxable shipping-taxable purchasable product-type-simple\">\n\t<a href=\"https:\/\/www.cpl.es\/ca\/producto\/blanca-8-cm-25-unidades\/\" class=\"woocommerce-LoopProduct-link woocommerce-loop-product__link\"><img decoding=\"async\" src=\"https:\/\/www.cpl.es\/wp-content\/uploads\/Blanca-25-cast-scaled.jpg\" alt=\"Blanca 8 cm &#8211; 25 unidades\" \/ loading=\"lazy\" fetchpriority=\"low\"><h3>Morena 8 cm - 25 unitats<\/h3><p class=\"contenido\">Formes Celebrant: Forma Blanca. Pel seu di\u00e0metre tamb\u00e9 pot fer-se servir per a la cust\u00f2dia&hellip;<\/p><p class=\"precio\"><span class=\"woocommerce-Price-amount amount\"><bdi>4,09&nbsp;<span class=\"woocommerce-Price-currencySymbol\">&euro;<\/span><\/bdi><\/span><\/p><\/li><\/a><span class=\"gtm4wp_productdata\" style=\"display:none; visibility:hidden;\" data-gtm4wp_product_data=\"{&quot;internal_id&quot;:15211,&quot;item_id&quot;:15211,&quot;item_name&quot;:&quot;Blanca 8 cm - 25 unidades&quot;,&quot;sku&quot;:15211,&quot;price&quot;:4.09,&quot;stocklevel&quot;:null,&quot;stockstatus&quot;:&quot;instock&quot;,&quot;google_business_vertical&quot;:&quot;retail&quot;,&quot;item_category&quot;:&quot;Catal\\u00e0&quot;,&quot;item_category2&quot;:&quot;FORMES I GEL&quot;,&quot;id&quot;:15211,&quot;productlink&quot;:&quot;https:\\\/\\\/www.cpl.es\\\/ca\\\/producto\\\/blanca-8-cm-25-unidades\\\/&quot;,&quot;item_list_name&quot;:&quot;Llista general de productes&quot;,&quot;index&quot;:3,&quot;product_type&quot;:&quot;simple&quot;,&quot;item_brand&quot;:&quot;&quot;}\"><\/span><\/li>\n<li class=\"product type-product post-6791 status-publish first instock product_cat-formas-y-gel product_cat-formes-i-gel has-post-thumbnail taxable shipping-taxable purchasable product-type-simple\">\n\t<a href=\"https:\/\/www.cpl.es\/ca\/producto\/morena-8-cm-25-unidades\/\" class=\"woocommerce-LoopProduct-link woocommerce-loop-product__link\"><img decoding=\"async\" src=\"https:\/\/www.cpl.es\/wp-content\/uploads\/Morena-25-cast-scaled.jpg\" alt=\"Morena 8 cm &#8211; 25 unidades\" \/ loading=\"lazy\" fetchpriority=\"low\"><h3>Morena 8 cm - 25 unitats<\/h3><p class=\"contenido\">Forma celebrant. Forma torrada. Per el seu di\u00e0metre tamb\u00e9 pot utilitzar-se per a la cust\u00f2dia&hellip;<\/p><p class=\"precio\"><span class=\"woocommerce-Price-amount amount\"><bdi>4,09&nbsp;<span class=\"woocommerce-Price-currencySymbol\">&euro;<\/span><\/bdi><\/span><\/p><\/li><\/a><span class=\"gtm4wp_productdata\" style=\"display:none; visibility:hidden;\" data-gtm4wp_product_data=\"{&quot;internal_id&quot;:6791,&quot;item_id&quot;:6791,&quot;item_name&quot;:&quot;Morena 8 cm - 25 unidades&quot;,&quot;sku&quot;:6791,&quot;price&quot;:4.09,&quot;stocklevel&quot;:null,&quot;stockstatus&quot;:&quot;instock&quot;,&quot;google_business_vertical&quot;:&quot;retail&quot;,&quot;item_category&quot;:&quot;Catal\\u00e0&quot;,&quot;item_category2&quot;:&quot;FORMES I GEL&quot;,&quot;id&quot;:6791,&quot;productlink&quot;:&quot;https:\\\/\\\/www.cpl.es\\\/ca\\\/producto\\\/morena-8-cm-25-unidades\\\/&quot;,&quot;item_list_name&quot;:&quot;Llista general de productes&quot;,&quot;index&quot;:4,&quot;product_type&quot;:&quot;simple&quot;,&quot;item_brand&quot;:&quot;&quot;}\"><\/span><\/li>\n<li class=\"product type-product post-6789 status-publish instock product_cat-formas-y-gel product_cat-formes-i-gel has-post-thumbnail taxable shipping-taxable purchasable product-type-simple\">\n\t<a href=\"https:\/\/www.cpl.es\/ca\/producto\/morena-3-cm-500-unidades\/\" class=\"woocommerce-LoopProduct-link woocommerce-loop-product__link\"><img decoding=\"async\" src=\"https:\/\/www.cpl.es\/wp-content\/uploads\/Morena-500-cast-scaled.jpg\" alt=\"Morena 3 cm &#8211; 500 unidades\" \/ loading=\"lazy\" fetchpriority=\"low\"><h3>Morena 3 cm - 500 unitats<\/h3><p class=\"contenido\">Formes Fidels: Forma torrada per a la comuni\u00f3 dels fidels. Mesures 3 cm de di\u00e0metre&hellip;<\/p><p class=\"precio\"><span class=\"woocommerce-Price-amount amount\"><bdi>6,25&nbsp;<span class=\"woocommerce-Price-currencySymbol\">&euro;<\/span><\/bdi><\/span><\/p><\/li><\/a><span class=\"gtm4wp_productdata\" style=\"display:none; visibility:hidden;\" data-gtm4wp_product_data=\"{&quot;internal_id&quot;:6789,&quot;item_id&quot;:6789,&quot;item_name&quot;:&quot;Morena 3 cm - 500 unidades&quot;,&quot;sku&quot;:6789,&quot;price&quot;:6.25,&quot;stocklevel&quot;:null,&quot;stockstatus&quot;:&quot;instock&quot;,&quot;google_business_vertical&quot;:&quot;retail&quot;,&quot;item_category&quot;:&quot;Catal\\u00e0&quot;,&quot;item_category2&quot;:&quot;FORMES I GEL&quot;,&quot;id&quot;:6789,&quot;productlink&quot;:&quot;https:\\\/\\\/www.cpl.es\\\/ca\\\/producto\\\/morena-3-cm-500-unidades\\\/&quot;,&quot;item_list_name&quot;:&quot;Llista general de productes&quot;,&quot;index&quot;:5,&quot;product_type&quot;:&quot;simple&quot;,&quot;item_brand&quot;:&quot;&quot;}\"><\/span><\/li>\n<li class=\"product type-product post-6787 status-publish last instock product_cat-formas-y-gel product_cat-formes-i-gel has-post-thumbnail taxable shipping-taxable purchasable product-type-simple\">\n\t<a href=\"https:\/\/www.cpl.es\/ca\/producto\/morena-3-cm-250-unidades\/\" class=\"woocommerce-LoopProduct-link woocommerce-loop-product__link\"><img decoding=\"async\" src=\"https:\/\/www.cpl.es\/wp-content\/uploads\/morena-250-cast-scaled.jpg\" alt=\"Morena 3 cm &#8211; 250 unidades\" \/ loading=\"lazy\" fetchpriority=\"low\"><h3>Morena 3 cm - 250 unitats<\/h3><p class=\"contenido\">Formes Fidels: Forma torrada per a la comuni\u00f3 dels fidels. Mesures 3 cm de di\u00e0metre&hellip;<\/p><p class=\"precio\"><span class=\"woocommerce-Price-amount amount\"><bdi>3,61&nbsp;<span class=\"woocommerce-Price-currencySymbol\">&euro;<\/span><\/bdi><\/span><\/p><\/li><\/a><span class=\"gtm4wp_productdata\" style=\"display:none; visibility:hidden;\" data-gtm4wp_product_data=\"{&quot;internal_id&quot;:6787,&quot;item_id&quot;:6787,&quot;item_name&quot;:&quot;Morena 3 cm - 250 unidades&quot;,&quot;sku&quot;:6787,&quot;price&quot;:3.61,&quot;stocklevel&quot;:null,&quot;stockstatus&quot;:&quot;instock&quot;,&quot;google_business_vertical&quot;:&quot;retail&quot;,&quot;item_category&quot;:&quot;Catal\\u00e0&quot;,&quot;item_category2&quot;:&quot;FORMES I GEL&quot;,&quot;id&quot;:6787,&quot;productlink&quot;:&quot;https:\\\/\\\/www.cpl.es\\\/ca\\\/producto\\\/morena-3-cm-250-unidades\\\/&quot;,&quot;item_list_name&quot;:&quot;Llista general de productes&quot;,&quot;index&quot;:6,&quot;product_type&quot;:&quot;simple&quot;,&quot;item_brand&quot;:&quot;&quot;}\"><\/span><\/li>\n<li class=\"product type-product post-6785 status-publish first instock product_cat-formas-y-gel product_cat-formes-i-gel has-post-thumbnail taxable shipping-taxable purchasable product-type-simple\">\n\t<a href=\"https:\/\/www.cpl.es\/ca\/producto\/morena-12-cm-10-unidades\/\" class=\"woocommerce-LoopProduct-link woocommerce-loop-product__link\"><img decoding=\"async\" src=\"https:\/\/www.cpl.es\/wp-content\/uploads\/morena-10-cast-scaled.jpg\" alt=\"Morena 12 cm &#8211; 10 unidades\" \/ loading=\"lazy\" fetchpriority=\"low\"><h3>Morena 12 cm - 10 unitats<\/h3><p class=\"contenido\">Forma torrada per concelebraci\u00f3 o esgl\u00e9sies grans. Di\u00e0metre de 12 cm i 2'8 mm de&hellip;<\/p><p class=\"precio\"><span class=\"woocommerce-Price-amount amount\"><bdi>5,38&nbsp;<span class=\"woocommerce-Price-currencySymbol\">&euro;<\/span><\/bdi><\/span><\/p><\/li><\/a><span class=\"gtm4wp_productdata\" style=\"display:none; visibility:hidden;\" data-gtm4wp_product_data=\"{&quot;internal_id&quot;:6785,&quot;item_id&quot;:6785,&quot;item_name&quot;:&quot;Morena 12 cm - 10 unidades&quot;,&quot;sku&quot;:6785,&quot;price&quot;:5.38,&quot;stocklevel&quot;:null,&quot;stockstatus&quot;:&quot;instock&quot;,&quot;google_business_vertical&quot;:&quot;retail&quot;,&quot;item_category&quot;:&quot;Catal\\u00e0&quot;,&quot;item_category2&quot;:&quot;FORMES I GEL&quot;,&quot;id&quot;:6785,&quot;productlink&quot;:&quot;https:\\\/\\\/www.cpl.es\\\/ca\\\/producto\\\/morena-12-cm-10-unidades\\\/&quot;,&quot;item_list_name&quot;:&quot;Llista general de productes&quot;,&quot;index&quot;:7,&quot;product_type&quot;:&quot;simple&quot;,&quot;item_brand&quot;:&quot;&quot;}\"><\/span><\/li>\n<li class=\"product type-product post-6783 status-publish instock product_cat-formas-y-gel product_cat-formes-i-gel has-post-thumbnail taxable shipping-taxable purchasable product-type-simple\">\n\t<a href=\"https:\/\/www.cpl.es\/ca\/producto\/celiacos-3-cm-50-unidades\/\" class=\"woocommerce-LoopProduct-link woocommerce-loop-product__link\"><img decoding=\"async\" src=\"https:\/\/www.cpl.es\/wp-content\/uploads\/celiacs-cast-scaled.jpg\" alt=\"Cel\u00edacos 3 cm &#8211; 50 unidades\" \/ loading=\"lazy\" fetchpriority=\"low\"><h3>Cel\u00edacs 3 cm - 50 unitats<\/h3><p class=\"contenido\">Formes Fidels per a Cel\u00edacs.<\/p><p class=\"precio\"><span class=\"woocommerce-Price-amount amount\"><bdi>6,54&nbsp;<span class=\"woocommerce-Price-currencySymbol\">&euro;<\/span><\/bdi><\/span><\/p><\/li><\/a><span class=\"gtm4wp_productdata\" style=\"display:none; visibility:hidden;\" data-gtm4wp_product_data=\"{&quot;internal_id&quot;:6783,&quot;item_id&quot;:6783,&quot;item_name&quot;:&quot;Cel\\u00edacos 3 cm - 50 unidades&quot;,&quot;sku&quot;:6783,&quot;price&quot;:6.54,&quot;stocklevel&quot;:null,&quot;stockstatus&quot;:&quot;instock&quot;,&quot;google_business_vertical&quot;:&quot;retail&quot;,&quot;item_category&quot;:&quot;Catal\\u00e0&quot;,&quot;item_category2&quot;:&quot;FORMES I GEL&quot;,&quot;id&quot;:6783,&quot;productlink&quot;:&quot;https:\\\/\\\/www.cpl.es\\\/ca\\\/producto\\\/celiacos-3-cm-50-unidades\\\/&quot;,&quot;item_list_name&quot;:&quot;Llista general de productes&quot;,&quot;index&quot;:8,&quot;product_type&quot;:&quot;simple&quot;,&quot;item_brand&quot;:&quot;&quot;}\"><\/span><\/li>\n<li class=\"product type-product post-6781 status-publish last instock product_cat-formas-y-gel product_cat-formes-i-gel has-post-thumbnail taxable shipping-taxable purchasable product-type-simple\">\n\t<a href=\"https:\/\/www.cpl.es\/ca\/producto\/blanca-12-cm-10-unidades\/\" class=\"woocommerce-LoopProduct-link woocommerce-loop-product__link\"><img decoding=\"async\" src=\"https:\/\/www.cpl.es\/wp-content\/uploads\/Blanca-10-cast-scaled.jpg\" alt=\"Blanca 12 cm &#8211; 10 unidades\" \/ loading=\"lazy\" fetchpriority=\"low\"><h3>Blanca 12 cm - 10 unitats<\/h3><p class=\"contenido\">Formes Concelebraci\u00f3: Forma blanca per a concelebraci\u00f3 o esgl\u00e9sies grans. Di\u00e0metre de 12 cm i&hellip;<\/p><p class=\"precio\"><span class=\"woocommerce-Price-amount amount\"><bdi>5,38&nbsp;<span class=\"woocommerce-Price-currencySymbol\">&euro;<\/span><\/bdi><\/span><\/p><\/li><\/a><span class=\"gtm4wp_productdata\" style=\"display:none; visibility:hidden;\" data-gtm4wp_product_data=\"{&quot;internal_id&quot;:6781,&quot;item_id&quot;:6781,&quot;item_name&quot;:&quot;Blanca 12 cm - 10 unidades&quot;,&quot;sku&quot;:6781,&quot;price&quot;:5.38,&quot;stocklevel&quot;:null,&quot;stockstatus&quot;:&quot;instock&quot;,&quot;google_business_vertical&quot;:&quot;retail&quot;,&quot;item_category&quot;:&quot;Catal\\u00e0&quot;,&quot;item_category2&quot;:&quot;FORMES I GEL&quot;,&quot;id&quot;:6781,&quot;productlink&quot;:&quot;https:\\\/\\\/www.cpl.es\\\/ca\\\/producto\\\/blanca-12-cm-10-unidades\\\/&quot;,&quot;item_list_name&quot;:&quot;Llista general de productes&quot;,&quot;index&quot;:9,&quot;product_type&quot;:&quot;simple&quot;,&quot;item_brand&quot;:&quot;&quot;}\"><\/span><\/li>\n<li class=\"product type-product post-6779 status-publish first instock product_cat-formas-y-gel product_cat-formes-i-gel has-post-thumbnail taxable shipping-taxable purchasable product-type-simple\">\n\t<a href=\"https:\/\/www.cpl.es\/ca\/producto\/blanca-3-cm-250-unidades\/\" class=\"woocommerce-LoopProduct-link woocommerce-loop-product__link\"><img decoding=\"async\" src=\"https:\/\/www.cpl.es\/wp-content\/uploads\/Blanca-250-cast-scaled.jpg\" alt=\"Blanca 3 cm &#8211; 250 unidades\" \/ loading=\"lazy\" fetchpriority=\"low\"><h3>Blanca 3 cm - 250 unitats<\/h3><p class=\"contenido\">Forma blanca per a la comuni\u00f3 dels fidels. Mides 3 cm de di\u00e0metre i de&hellip;<\/p><p class=\"precio\"><span class=\"woocommerce-Price-amount amount\"><bdi>3,61&nbsp;<span class=\"woocommerce-Price-currencySymbol\">&euro;<\/span><\/bdi><\/span><\/p><\/li><\/a><span class=\"gtm4wp_productdata\" style=\"display:none; visibility:hidden;\" data-gtm4wp_product_data=\"{&quot;internal_id&quot;:6779,&quot;item_id&quot;:6779,&quot;item_name&quot;:&quot;Blanca 3 cm - 250 unidades&quot;,&quot;sku&quot;:6779,&quot;price&quot;:3.61,&quot;stocklevel&quot;:null,&quot;stockstatus&quot;:&quot;instock&quot;,&quot;google_business_vertical&quot;:&quot;retail&quot;,&quot;item_category&quot;:&quot;Catal\\u00e0&quot;,&quot;item_category2&quot;:&quot;FORMES I GEL&quot;,&quot;id&quot;:6779,&quot;productlink&quot;:&quot;https:\\\/\\\/www.cpl.es\\\/ca\\\/producto\\\/blanca-3-cm-250-unidades\\\/&quot;,&quot;item_list_name&quot;:&quot;Llista general de productes&quot;,&quot;index&quot;:10,&quot;product_type&quot;:&quot;simple&quot;,&quot;item_brand&quot;:&quot;&quot;}\"><\/span><\/li>\n<li class=\"product type-product post-6774 status-publish instock product_cat-formas-y-gel product_cat-formes-i-gel has-post-thumbnail taxable shipping-taxable purchasable product-type-simple\">\n\t<a href=\"https:\/\/www.cpl.es\/ca\/producto\/blanca-3-cm-500-unidades\/\" class=\"woocommerce-LoopProduct-link woocommerce-loop-product__link\"><img decoding=\"async\" src=\"https:\/\/www.cpl.es\/wp-content\/uploads\/Blanca-500-cast-scaled.jpg\" alt=\"Blanca 3 cm &#8211; 500 unidades\" \/ loading=\"lazy\" fetchpriority=\"low\"><h3>Blanca 3 cm - 500 unitats<\/h3><p class=\"contenido\">Formes Fidels: Forma blanca per a la comuni\u00f3 dels fidels. Mides 3 cm de di\u00e0metre&hellip;<\/p><p class=\"precio\"><span class=\"woocommerce-Price-amount amount\"><bdi>6,25&nbsp;<span class=\"woocommerce-Price-currencySymbol\">&euro;<\/span><\/bdi><\/span><\/p><\/li><\/a><span class=\"gtm4wp_productdata\" style=\"display:none; visibility:hidden;\" data-gtm4wp_product_data=\"{&quot;internal_id&quot;:6774,&quot;item_id&quot;:6774,&quot;item_name&quot;:&quot;Blanca 3 cm - 500 unidades&quot;,&quot;sku&quot;:6774,&quot;price&quot;:6.25,&quot;stocklevel&quot;:null,&quot;stockstatus&quot;:&quot;instock&quot;,&quot;google_business_vertical&quot;:&quot;retail&quot;,&quot;item_category&quot;:&quot;Catal\\u00e0&quot;,&quot;item_category2&quot;:&quot;FORMES I GEL&quot;,&quot;id&quot;:6774,&quot;productlink&quot;:&quot;https:\\\/\\\/www.cpl.es\\\/ca\\\/producto\\\/blanca-3-cm-500-unidades\\\/&quot;,&quot;item_list_name&quot;:&quot;Llista general de productes&quot;,&quot;index&quot;:11,&quot;product_type&quot;:&quot;simple&quot;,&quot;item_brand&quot;:&quot;&quot;}\"><\/span><\/li>\n<\/ul><\/div><div id=\"panel-6771-0-0-0\" class=\"so-panel widget widget_sow-editor panel-first-child panel-last-child\" data-index=\"0\" ><div\n\t\t\t\n\t\t\tclass=\"so-widget-sow-editor so-widget-sow-editor-base\"\n\t\t\t\n\t\t>\n<div class=\"siteorigin-widget-tinymce textwidget\">\n\t\n<\/div>\n<\/div><\/div><\/div><\/div><\/div>","protected":false},"excerpt":{"rendered":"<p>37,50&nbsp;&euro; Novetat22,07&nbsp;&euro; Morena 8 cm &#8211; 25 unitatsFormes Celebrant: Forma Blanca. Pel seu di\u00e0metre tamb\u00e9 pot fer-se servir per a la cust\u00f2dia&hellip;4,09&nbsp;&euro; Morena 8 cm &#8211; 25 unitatsForma celebrant. Forma torrada. Per el seu di\u00e0metre tamb\u00e9 pot utilitzar-se per a la cust\u00f2dia&hellip;4,09&nbsp;&euro; Morena 3 cm &#8211; 500 unitatsFormes Fidels: Forma torrada per a la comuni\u00f3 [&hellip;]<\/p>\n","protected":false},"author":1,"featured_media":0,"parent":0,"menu_order":4,"comment_status":"closed","ping_status":"closed","template":"template-fullwidth.php","meta":{"_acf_changed":false,"inline_featured_image":false,"footnotes":""},"class_list":["post-6771","page","type-page","status-publish","hentry"],"acf":[],"yoast_head":"<!-- This site is optimized with the Yoast SEO plugin v27.3 - https:\/\/yoast.com\/product\/yoast-seo-wordpress\/ -->\n<title>Formes - CPL<\/title>\n<meta name=\"robots\" content=\"index, follow, max-snippet:-1, max-image-preview:large, max-video-preview:-1\" \/>\n<link rel=\"canonical\" href=\"https:\/\/www.cpl.es\/ca\/formes\/\" \/>\n<meta property=\"og:locale\" content=\"ca_ES\" \/>\n<meta property=\"og:type\" content=\"article\" \/>\n<meta property=\"og:title\" content=\"Formes - CPL\" \/>\n<meta property=\"og:description\" content=\"37,50&nbsp;&euro; Novetat22,07&nbsp;&euro; Morena 8 cm - 25 unitatsFormes Celebrant: Forma Blanca. Pel seu di\u00e0metre tamb\u00e9 pot fer-se servir per a la cust\u00f2dia&hellip;4,09&nbsp;&euro; Morena 8 cm - 25 unitatsForma celebrant. Forma torrada. Per el seu di\u00e0metre tamb\u00e9 pot utilitzar-se per a la cust\u00f2dia&hellip;4,09&nbsp;&euro; Morena 3 cm - 500 unitatsFormes Fidels: Forma torrada per a la comuni\u00f3 [&hellip;]\" \/>\n<meta property=\"og:url\" content=\"https:\/\/www.cpl.es\/ca\/formes\/\" \/>\n<meta property=\"og:site_name\" content=\"CPL\" \/>\n<meta property=\"article:modified_time\" content=\"2023-11-17T09:07:39+00:00\" \/>\n<meta name=\"twitter:card\" content=\"summary_large_image\" \/>\n<script type=\"application\/ld+json\" class=\"yoast-schema-graph\">{\"@context\":\"https:\\\/\\\/schema.org\",\"@graph\":[{\"@type\":\"WebPage\",\"@id\":\"https:\\\/\\\/www.cpl.es\\\/ca\\\/formes\\\/\",\"url\":\"https:\\\/\\\/www.cpl.es\\\/ca\\\/formes\\\/\",\"name\":\"Formes - CPL\",\"isPartOf\":{\"@id\":\"https:\\\/\\\/www.cpl.es\\\/#website\"},\"datePublished\":\"2023-11-17T09:07:14+00:00\",\"dateModified\":\"2023-11-17T09:07:39+00:00\",\"breadcrumb\":{\"@id\":\"https:\\\/\\\/www.cpl.es\\\/ca\\\/formes\\\/#breadcrumb\"},\"inLanguage\":\"ca\",\"potentialAction\":[{\"@type\":\"ReadAction\",\"target\":[\"https:\\\/\\\/www.cpl.es\\\/ca\\\/formes\\\/\"]}]},{\"@type\":\"BreadcrumbList\",\"@id\":\"https:\\\/\\\/www.cpl.es\\\/ca\\\/formes\\\/#breadcrumb\",\"itemListElement\":[{\"@type\":\"ListItem\",\"position\":1,\"name\":\"Portada\",\"item\":\"https:\\\/\\\/www.cpl.es\\\/ca\\\/\"},{\"@type\":\"ListItem\",\"position\":2,\"name\":\"Formes\"}]},{\"@type\":\"WebSite\",\"@id\":\"https:\\\/\\\/www.cpl.es\\\/#website\",\"url\":\"https:\\\/\\\/www.cpl.es\\\/\",\"name\":\"CPL\",\"description\":\"Centre de Pastoral Lit\u00fargica de Barcelona\",\"publisher\":{\"@id\":\"https:\\\/\\\/www.cpl.es\\\/#organization\"},\"alternateName\":\"Centre de Pastoral Lit\u00fargica\",\"potentialAction\":[{\"@type\":\"SearchAction\",\"target\":{\"@type\":\"EntryPoint\",\"urlTemplate\":\"https:\\\/\\\/www.cpl.es\\\/?s={search_term_string}\"},\"query-input\":{\"@type\":\"PropertyValueSpecification\",\"valueRequired\":true,\"valueName\":\"search_term_string\"}}],\"inLanguage\":\"ca\"},{\"@type\":\"Organization\",\"@id\":\"https:\\\/\\\/www.cpl.es\\\/#organization\",\"name\":\"Centre de Pastoral Lit\u00fargica\",\"alternateName\":\"Centre de Pastoral Lit\u00fargica de Barcelona\",\"url\":\"https:\\\/\\\/www.cpl.es\\\/\",\"logo\":{\"@type\":\"ImageObject\",\"inLanguage\":\"ca\",\"@id\":\"https:\\\/\\\/www.cpl.es\\\/#\\\/schema\\\/logo\\\/image\\\/\",\"url\":\"https:\\\/\\\/www.cpl.es\\\/wp-content\\\/uploads\\\/logo-cpl.svg\",\"contentUrl\":\"https:\\\/\\\/www.cpl.es\\\/wp-content\\\/uploads\\\/logo-cpl.svg\",\"caption\":\"Centre de Pastoral Lit\u00fargica\"},\"image\":{\"@id\":\"https:\\\/\\\/www.cpl.es\\\/#\\\/schema\\\/logo\\\/image\\\/\"}}]}<\/script>\n<!-- \/ Yoast SEO plugin. -->","yoast_head_json":{"title":"Formes - CPL","robots":{"index":"index","follow":"follow","max-snippet":"max-snippet:-1","max-image-preview":"max-image-preview:large","max-video-preview":"max-video-preview:-1"},"canonical":"https:\/\/www.cpl.es\/ca\/formes\/","og_locale":"ca_ES","og_type":"article","og_title":"Formes - CPL","og_description":"37,50&nbsp;&euro; Novetat22,07&nbsp;&euro; Morena 8 cm - 25 unitatsFormes Celebrant: Forma Blanca. Pel seu di\u00e0metre tamb\u00e9 pot fer-se servir per a la cust\u00f2dia&hellip;4,09&nbsp;&euro; Morena 8 cm - 25 unitatsForma celebrant. Forma torrada. Per el seu di\u00e0metre tamb\u00e9 pot utilitzar-se per a la cust\u00f2dia&hellip;4,09&nbsp;&euro; Morena 3 cm - 500 unitatsFormes Fidels: Forma torrada per a la comuni\u00f3 [&hellip;]","og_url":"https:\/\/www.cpl.es\/ca\/formes\/","og_site_name":"CPL","article_modified_time":"2023-11-17T09:07:39+00:00","twitter_card":"summary_large_image","schema":{"@context":"https:\/\/schema.org","@graph":[{"@type":"WebPage","@id":"https:\/\/www.cpl.es\/ca\/formes\/","url":"https:\/\/www.cpl.es\/ca\/formes\/","name":"Formes - CPL","isPartOf":{"@id":"https:\/\/www.cpl.es\/#website"},"datePublished":"2023-11-17T09:07:14+00:00","dateModified":"2023-11-17T09:07:39+00:00","breadcrumb":{"@id":"https:\/\/www.cpl.es\/ca\/formes\/#breadcrumb"},"inLanguage":"ca","potentialAction":[{"@type":"ReadAction","target":["https:\/\/www.cpl.es\/ca\/formes\/"]}]},{"@type":"BreadcrumbList","@id":"https:\/\/www.cpl.es\/ca\/formes\/#breadcrumb","itemListElement":[{"@type":"ListItem","position":1,"name":"Portada","item":"https:\/\/www.cpl.es\/ca\/"},{"@type":"ListItem","position":2,"name":"Formes"}]},{"@type":"WebSite","@id":"https:\/\/www.cpl.es\/#website","url":"https:\/\/www.cpl.es\/","name":"CPL","description":"Centre de Pastoral Lit\u00fargica de Barcelona","publisher":{"@id":"https:\/\/www.cpl.es\/#organization"},"alternateName":"Centre de Pastoral Lit\u00fargica","potentialAction":[{"@type":"SearchAction","target":{"@type":"EntryPoint","urlTemplate":"https:\/\/www.cpl.es\/?s={search_term_string}"},"query-input":{"@type":"PropertyValueSpecification","valueRequired":true,"valueName":"search_term_string"}}],"inLanguage":"ca"},{"@type":"Organization","@id":"https:\/\/www.cpl.es\/#organization","name":"Centre de Pastoral Lit\u00fargica","alternateName":"Centre de Pastoral Lit\u00fargica de Barcelona","url":"https:\/\/www.cpl.es\/","logo":{"@type":"ImageObject","inLanguage":"ca","@id":"https:\/\/www.cpl.es\/#\/schema\/logo\/image\/","url":"https:\/\/www.cpl.es\/wp-content\/uploads\/logo-cpl.svg","contentUrl":"https:\/\/www.cpl.es\/wp-content\/uploads\/logo-cpl.svg","caption":"Centre de Pastoral Lit\u00fargica"},"image":{"@id":"https:\/\/www.cpl.es\/#\/schema\/logo\/image\/"}}]}},"_links":{"self":[{"href":"https:\/\/www.cpl.es\/ca\/wp-json\/wp\/v2\/pages\/6771","targetHints":{"allow":["GET"]}}],"collection":[{"href":"https:\/\/www.cpl.es\/ca\/wp-json\/wp\/v2\/pages"}],"about":[{"href":"https:\/\/www.cpl.es\/ca\/wp-json\/wp\/v2\/types\/page"}],"author":[{"embeddable":true,"href":"https:\/\/www.cpl.es\/ca\/wp-json\/wp\/v2\/users\/1"}],"replies":[{"embeddable":true,"href":"https:\/\/www.cpl.es\/ca\/wp-json\/wp\/v2\/comments?post=6771"}],"version-history":[{"count":1,"href":"https:\/\/www.cpl.es\/ca\/wp-json\/wp\/v2\/pages\/6771\/revisions"}],"predecessor-version":[{"id":6772,"href":"https:\/\/www.cpl.es\/ca\/wp-json\/wp\/v2\/pages\/6771\/revisions\/6772"}],"wp:attachment":[{"href":"https:\/\/www.cpl.es\/ca\/wp-json\/wp\/v2\/media?parent=6771"}],"curies":[{"name":"wp","href":"https:\/\/api.w.org\/{rel}","templated":true}]}}