{"id":12019,"date":"2023-11-30T10:43:28","date_gmt":"2023-11-30T09:43:28","guid":{"rendered":"https:\/\/nuevaweb.cpl.es\/?page_id=12019"},"modified":"2023-12-15T07:23:04","modified_gmt":"2023-12-15T06:23:04","slug":"acte-de-proclamacio-del-ix-memorial","status":"publish","type":"page","link":"https:\/\/www.cpl.es\/ca\/blog\/memorial-pere-tena\/memorials-atorgats\/memorial-2023-les-edicions-en-catala-del-missal-i-de-la-liturgia-de-les-hores\/acte-de-proclamacio-del-ix-memorial\/","title":{"rendered":"Acte de proclamaci\u00f3 del IX Memorial"},"content":{"rendered":"<div id=\"pl-12019\"  class=\"panel-layout\" ><div id=\"pg-12019-0\"  class=\"panel-grid panel-no-style\" ><div id=\"pgc-12019-0-0\"  class=\"panel-grid-cell\" ><div id=\"panel-12019-0-0-0\" class=\"so-panel widget widget_sow-editor panel-first-child panel-last-child\" data-index=\"0\" ><div\n\t\t\t\n\t\t\tclass=\"so-widget-sow-editor so-widget-sow-editor-base\"\n\t\t\t\n\t\t>\n<div class=\"siteorigin-widget-tinymce textwidget\">\n\t<h3><strong>El Missal i la Lit\u00fargia de les Hores tamb\u00e9 ajuden a promoure la llengua catalana<\/strong><\/h3>\n<p>El dimecres 8 de febrer, va tenir lloc la proclamaci\u00f3 i lliurament del\u00a0<a href=\"http:\/\/memorialperetena.cpl.es\/\">IX Memorial Pere Tena de Pastoral Lit\u00fargica<\/a>, concedit pel Centre de Pastoral Lit\u00fargica de Barcelona (CPL) a la tercera edici\u00f3 catalana del\u00a0<a href=\"https:\/\/www.tarraconense.cat\/una-nova-edicio-del-missal-en-catala\/\">Missal Rom\u00e0<\/a>\u00a0(2022) i a l\u2019edici\u00f3 catalana de la\u00a0<a href=\"https:\/\/www.cpl.es\/noticia\/detalle\/el_cpl_publica_l_edicio_ampliada_i_revisada_de_la_liturgia_de_les_hores\">Lit\u00fargia de les Hores<\/a>\u00a0(2016). L\u2019acte es va celebrar en l\u2019<a href=\"http:\/\/www.seminaribarcelona.net\/\">Aula Magna del Seminari Conciliar de Barcelona<\/a>\u00a0i es va poder seguir en\u00a0<a href=\"https:\/\/www.youtube.com\/watch?v=ZIPgTlNqQ7o&t=599s\">directe en l\u00ednia<\/a>.<\/p>\n<p><strong>Josep M. Romaguera<\/strong>, president del CPL, va posar en valor el treball, suvint silenci\u00f3s, de totes les persones que han fet possible la traducci\u00f3 a la llengua catalana de dos llibres lit\u00fargics essencials per a l\u2019oraci\u00f3 i la celebraci\u00f3 del Poble de D\u00e9u de Catalunya. Va ser Mn.\u00a0<strong>Joan Babur\u00e9s<\/strong>, delegat de lit\u00fargia del bisbat de Girona i coordinador de la\u00a0<a href=\"https:\/\/www.tarraconense.cat\/es\/quienes-somos\/organigrama-de-la-cet\/liturgia-cil\/\">Comissi\u00f3 Interdiocesana de Lit\u00fargia (CIL<\/a>), qui va explicitar l\u2019enc\u00e0rrec de la Confer\u00e8ncia Episcopal Tarraconense, les tasques i persones implicades a dur-la a terme.<\/p>\n<p>Mons.\u00a0<strong>Joan-Enric Vives<\/strong>, arquebisbe-bisbe d\u2019Urgell i president de la CIL, acompanyat per Mn.\u00a0<strong>Babur\u00e9s<\/strong>, va recollir el guard\u00f3 de mans del president del CPL. En les seves paraules d\u2019agra\u00efment va tenir una menci\u00f3 especial per a tots aquells que van iniciar la tasca de traducci\u00f3 del\u00a0<em>Missale Romanum<\/em>\u00a0i\u00a0<em>Liturgia Horarum<\/em>\u00a0al catal\u00e0 i els que han enllestit les edicions amb les quals podem pregar i celebrar: \u201cL\u2019edici\u00f3 dels llibres lit\u00fargics en catal\u00e0 han estat i s\u00f3n un instrument de cura i de promoci\u00f3 de la llengua per a determinades edats o b\u00e9 per a territoris allunyats\u201d.<\/p>\n<p><a>L<\/a>a\u00a0<em>Laudatio<\/em>, a c\u00e0rrec del P.\u00a0<strong>Bernab\u00e9 Dalmau<\/strong>, monjo de Montserrat i director de\u00a0<em>Documents d\u2019Esgl\u00e9sia<\/em>, va tractar del Missal com a llibre lit\u00fargic. En va dir: \u201cHa evolucionat, sobretot en la nostra generaci\u00f3, perqu\u00e8 la traducci\u00f3 ling\u00fc\u00edstica, com deia justament\u00a0<strong>Pere Tena<\/strong>, \u00e9s el primer pas, el m\u00e9s immediat, de la necess\u00e0ria inculturaci\u00f3\u201d. Aquest llibre lit\u00fargic cont\u00e9 oracions que s\u00f3n Paraula de D\u00e9u en clau de preg\u00e0ria. El P. Bernab\u00e9 va explicar que, f\u00e0cilment, diem que aquestes oracions ja no s\u00f3n actuals i les bescantem, cosa que, \u00f2bviament, no fem amb la Sagrada Escriptura. El nostre creixement com a cristians dep\u00e8n de l\u2019acollida que fem del Missal.<\/p>\n<p>Han assistit al lliurament del guard\u00f3 Mons.\u00a0<strong>Llu\u00eds Mart\u00ednez Sistach<\/strong>, cardenal em\u00e8rit de Barcelona; Mons.\u00a0<strong>Sergi Gordo<\/strong>, bisbe auxiliar de Barcelona i secretari general de la Confer\u00e8ncia Episcopal Tarraconense; aix\u00ed com tamb\u00e9 representants del m\u00f3n acad\u00e8mic: Dr.\u00a0<strong>Joan Torra<\/strong>, deg\u00e0 de la Facultat de Teologia, i Dr.\u00a0<strong>Gabriel Segu\u00ed<\/strong>, director de l\u2019Institut de Lit\u00fargia\u00a0<em>ad instar Facultatis<\/em>\u00a0de l\u2019AUSP.<\/p>\n<h3>Intervencions en el IX Memorial<\/h3>\n<ul>\n<li><strong><a href=\"https:\/\/www.cpl.es\/wp-content\/uploads\/IX-Memorial-Presentacio-Josep-Maria-Romaguera.pdf\">Obertura de l\u2019acte i motivaci\u00f3 de la concessi\u00f3<\/a><\/strong>, a c\u00e0rrec de Mn. Josep M. Romaguera, president del CPL<\/li>\n<li><strong><a href=\"https:\/\/www.cpl.es\/wp-content\/uploads\/Treball-i-proces-de-realitzacio-del-MR-LH-Joan-Babures.pdf\">\u201cTreball i proc\u00e9s de realitzaci\u00f3 del Missal Rom\u00e0 i la Lit\u00fargia de les Hores en catal\u00e0\u201d<\/a><\/strong>, a c\u00e0rrec de Mn. Joan Babur\u00e9s, delegat de lit\u00fargia del bisbat de Girona i coordinador de la CIL<\/li>\n<li><strong><a href=\"https:\/\/www.cpl.es\/wp-content\/uploads\/El-Missal-llibre-liturgic-Paraula-Deu-clau-pregaria-Bernabe-Dalmau.pdf\">\u201cEl Missal, llibre lit\u00fargic\u201d<\/a>,<\/strong>\u00a0a c\u00e0rrec del P. Bernab\u00e9 Dalmau, monjo de Montserrat i director de\u00a0<em>Documents d\u2019Esgl\u00e9sia<\/em><\/li>\n<\/ul>\n<style>.embed-container { position: relative; padding-bottom: 56.25%; height: 0; overflow: hidden; max-width: 100%; } .embed-container iframe, .embed-container object, .embed-container embed { position: absolute; top: 0; left: 0; width: 100%; height: 100%; }<\/style>\n<div class=\"embed-container\"><iframe src=\"https:\/\/www.youtube.com\/embed\/ZIPgTlNqQ7o\" frameborder=\"0\" allowfullscreen=\"allowfullscreen\"><\/iframe><\/div>\n<p>&nbsp;<\/p>\n<p>Acto completo de entrega del Memorial 2023<\/p>\n<\/div>\n<\/div><\/div><\/div><\/div><\/div>","protected":false},"excerpt":{"rendered":"<p>El Missal i la Lit\u00fargia de les Hores tamb\u00e9 ajuden a promoure la llengua catalana El dimecres 8 de febrer, va tenir lloc la proclamaci\u00f3 i lliurament del\u00a0IX Memorial Pere Tena de Pastoral Lit\u00fargica, concedit pel Centre de Pastoral Lit\u00fargica de Barcelona (CPL) a la tercera edici\u00f3 catalana del\u00a0Missal Rom\u00e0\u00a0(2022) i a l\u2019edici\u00f3 catalana de [&hellip;]<\/p>\n","protected":false},"author":1,"featured_media":0,"parent":12017,"menu_order":1,"comment_status":"closed","ping_status":"closed","template":"","meta":{"_acf_changed":false,"inline_featured_image":false,"footnotes":""},"class_list":["post-12019","page","type-page","status-publish","hentry"],"acf":[],"yoast_head":"<!-- This site is optimized with the Yoast SEO plugin v27.5 - https:\/\/yoast.com\/product\/yoast-seo-wordpress\/ -->\n<title>Acte de proclamaci\u00f3 del IX Memorial - CPL<\/title>\n<meta name=\"robots\" content=\"index, follow, max-snippet:-1, max-image-preview:large, max-video-preview:-1\" \/>\n<link rel=\"canonical\" href=\"https:\/\/www.cpl.es\/ca\/blog\/memorial-pere-tena\/memorials-atorgats\/memorial-2023-les-edicions-en-catala-del-missal-i-de-la-liturgia-de-les-hores\/acte-de-proclamacio-del-ix-memorial\/\" \/>\n<meta property=\"og:locale\" content=\"ca_ES\" \/>\n<meta property=\"og:type\" content=\"article\" \/>\n<meta property=\"og:title\" content=\"Acte de proclamaci\u00f3 del IX Memorial - CPL\" \/>\n<meta property=\"og:description\" content=\"El Missal i la Lit\u00fargia de les Hores tamb\u00e9 ajuden a promoure la llengua catalana El dimecres 8 de febrer, va tenir lloc la proclamaci\u00f3 i lliurament del\u00a0IX Memorial Pere Tena de Pastoral Lit\u00fargica, concedit pel Centre de Pastoral Lit\u00fargica de Barcelona (CPL) a la tercera edici\u00f3 catalana del\u00a0Missal Rom\u00e0\u00a0(2022) i a l\u2019edici\u00f3 catalana de [&hellip;]\" \/>\n<meta property=\"og:url\" content=\"https:\/\/www.cpl.es\/ca\/blog\/memorial-pere-tena\/memorials-atorgats\/memorial-2023-les-edicions-en-catala-del-missal-i-de-la-liturgia-de-les-hores\/acte-de-proclamacio-del-ix-memorial\/\" \/>\n<meta property=\"og:site_name\" content=\"CPL\" \/>\n<meta property=\"article:modified_time\" content=\"2023-12-15T06:23:04+00:00\" \/>\n<meta name=\"twitter:card\" content=\"summary_large_image\" \/>\n<meta name=\"twitter:label1\" content=\"Temps estimat de lectura\" \/>\n\t<meta name=\"twitter:data1\" content=\"3 minuts\" \/>\n<script type=\"application\/ld+json\" class=\"yoast-schema-graph\">{\"@context\":\"https:\\\/\\\/schema.org\",\"@graph\":[{\"@type\":\"WebPage\",\"@id\":\"https:\\\/\\\/www.cpl.es\\\/ca\\\/blog\\\/memorial-pere-tena\\\/memorials-atorgats\\\/memorial-2023-les-edicions-en-catala-del-missal-i-de-la-liturgia-de-les-hores\\\/acte-de-proclamacio-del-ix-memorial\\\/\",\"url\":\"https:\\\/\\\/www.cpl.es\\\/ca\\\/blog\\\/memorial-pere-tena\\\/memorials-atorgats\\\/memorial-2023-les-edicions-en-catala-del-missal-i-de-la-liturgia-de-les-hores\\\/acte-de-proclamacio-del-ix-memorial\\\/\",\"name\":\"Acte de proclamaci\u00f3 del IX Memorial - CPL\",\"isPartOf\":{\"@id\":\"https:\\\/\\\/www.cpl.es\\\/#website\"},\"datePublished\":\"2023-11-30T09:43:28+00:00\",\"dateModified\":\"2023-12-15T06:23:04+00:00\",\"breadcrumb\":{\"@id\":\"https:\\\/\\\/www.cpl.es\\\/ca\\\/blog\\\/memorial-pere-tena\\\/memorials-atorgats\\\/memorial-2023-les-edicions-en-catala-del-missal-i-de-la-liturgia-de-les-hores\\\/acte-de-proclamacio-del-ix-memorial\\\/#breadcrumb\"},\"inLanguage\":\"ca\",\"potentialAction\":[{\"@type\":\"ReadAction\",\"target\":[\"https:\\\/\\\/www.cpl.es\\\/ca\\\/blog\\\/memorial-pere-tena\\\/memorials-atorgats\\\/memorial-2023-les-edicions-en-catala-del-missal-i-de-la-liturgia-de-les-hores\\\/acte-de-proclamacio-del-ix-memorial\\\/\"]}]},{\"@type\":\"BreadcrumbList\",\"@id\":\"https:\\\/\\\/www.cpl.es\\\/ca\\\/blog\\\/memorial-pere-tena\\\/memorials-atorgats\\\/memorial-2023-les-edicions-en-catala-del-missal-i-de-la-liturgia-de-les-hores\\\/acte-de-proclamacio-del-ix-memorial\\\/#breadcrumb\",\"itemListElement\":[{\"@type\":\"ListItem\",\"position\":1,\"name\":\"Portada\",\"item\":\"https:\\\/\\\/www.cpl.es\\\/ca\\\/\"},{\"@type\":\"ListItem\",\"position\":2,\"name\":\"Blog\",\"item\":\"https:\\\/\\\/www.cpl.es\\\/ca\\\/blog\\\/\"},{\"@type\":\"ListItem\",\"position\":3,\"name\":\"Memorial Pere Tena\",\"item\":\"https:\\\/\\\/www.cpl.es\\\/ca\\\/blog\\\/memorial-pere-tena\\\/\"},{\"@type\":\"ListItem\",\"position\":4,\"name\":\"Memorials atorgats\",\"item\":\"https:\\\/\\\/www.cpl.es\\\/ca\\\/blog\\\/memorial-pere-tena\\\/memorials-atorgats\\\/\"},{\"@type\":\"ListItem\",\"position\":5,\"name\":\"Memorial 2023: Les edicions en catal\u00e0 del Missal i de la Lit\u00fargia de les Hores\",\"item\":\"https:\\\/\\\/www.cpl.es\\\/ca\\\/blog\\\/memorial-pere-tena\\\/memorials-atorgats\\\/memorial-2023-les-edicions-en-catala-del-missal-i-de-la-liturgia-de-les-hores\\\/\"},{\"@type\":\"ListItem\",\"position\":6,\"name\":\"Acte de proclamaci\u00f3 del IX Memorial\"}]},{\"@type\":\"WebSite\",\"@id\":\"https:\\\/\\\/www.cpl.es\\\/#website\",\"url\":\"https:\\\/\\\/www.cpl.es\\\/\",\"name\":\"CPL\",\"description\":\"Centre de Pastoral Lit\u00fargica de Barcelona\",\"publisher\":{\"@id\":\"https:\\\/\\\/www.cpl.es\\\/#organization\"},\"alternateName\":\"Centre de Pastoral Lit\u00fargica\",\"potentialAction\":[{\"@type\":\"SearchAction\",\"target\":{\"@type\":\"EntryPoint\",\"urlTemplate\":\"https:\\\/\\\/www.cpl.es\\\/?s={search_term_string}\"},\"query-input\":{\"@type\":\"PropertyValueSpecification\",\"valueRequired\":true,\"valueName\":\"search_term_string\"}}],\"inLanguage\":\"ca\"},{\"@type\":\"Organization\",\"@id\":\"https:\\\/\\\/www.cpl.es\\\/#organization\",\"name\":\"Centre de Pastoral Lit\u00fargica\",\"alternateName\":\"Centre de Pastoral Lit\u00fargica de Barcelona\",\"url\":\"https:\\\/\\\/www.cpl.es\\\/\",\"logo\":{\"@type\":\"ImageObject\",\"inLanguage\":\"ca\",\"@id\":\"https:\\\/\\\/www.cpl.es\\\/#\\\/schema\\\/logo\\\/image\\\/\",\"url\":\"https:\\\/\\\/www.cpl.es\\\/wp-content\\\/uploads\\\/logo-cpl.svg\",\"contentUrl\":\"https:\\\/\\\/www.cpl.es\\\/wp-content\\\/uploads\\\/logo-cpl.svg\",\"caption\":\"Centre de Pastoral Lit\u00fargica\"},\"image\":{\"@id\":\"https:\\\/\\\/www.cpl.es\\\/#\\\/schema\\\/logo\\\/image\\\/\"}}]}<\/script>\n<!-- \/ Yoast SEO plugin. -->","yoast_head_json":{"title":"Acte de proclamaci\u00f3 del IX Memorial - CPL","robots":{"index":"index","follow":"follow","max-snippet":"max-snippet:-1","max-image-preview":"max-image-preview:large","max-video-preview":"max-video-preview:-1"},"canonical":"https:\/\/www.cpl.es\/ca\/blog\/memorial-pere-tena\/memorials-atorgats\/memorial-2023-les-edicions-en-catala-del-missal-i-de-la-liturgia-de-les-hores\/acte-de-proclamacio-del-ix-memorial\/","og_locale":"ca_ES","og_type":"article","og_title":"Acte de proclamaci\u00f3 del IX Memorial - CPL","og_description":"El Missal i la Lit\u00fargia de les Hores tamb\u00e9 ajuden a promoure la llengua catalana El dimecres 8 de febrer, va tenir lloc la proclamaci\u00f3 i lliurament del\u00a0IX Memorial Pere Tena de Pastoral Lit\u00fargica, concedit pel Centre de Pastoral Lit\u00fargica de Barcelona (CPL) a la tercera edici\u00f3 catalana del\u00a0Missal Rom\u00e0\u00a0(2022) i a l\u2019edici\u00f3 catalana de [&hellip;]","og_url":"https:\/\/www.cpl.es\/ca\/blog\/memorial-pere-tena\/memorials-atorgats\/memorial-2023-les-edicions-en-catala-del-missal-i-de-la-liturgia-de-les-hores\/acte-de-proclamacio-del-ix-memorial\/","og_site_name":"CPL","article_modified_time":"2023-12-15T06:23:04+00:00","twitter_card":"summary_large_image","twitter_misc":{"Temps estimat de lectura":"3 minuts"},"schema":{"@context":"https:\/\/schema.org","@graph":[{"@type":"WebPage","@id":"https:\/\/www.cpl.es\/ca\/blog\/memorial-pere-tena\/memorials-atorgats\/memorial-2023-les-edicions-en-catala-del-missal-i-de-la-liturgia-de-les-hores\/acte-de-proclamacio-del-ix-memorial\/","url":"https:\/\/www.cpl.es\/ca\/blog\/memorial-pere-tena\/memorials-atorgats\/memorial-2023-les-edicions-en-catala-del-missal-i-de-la-liturgia-de-les-hores\/acte-de-proclamacio-del-ix-memorial\/","name":"Acte de proclamaci\u00f3 del IX Memorial - CPL","isPartOf":{"@id":"https:\/\/www.cpl.es\/#website"},"datePublished":"2023-11-30T09:43:28+00:00","dateModified":"2023-12-15T06:23:04+00:00","breadcrumb":{"@id":"https:\/\/www.cpl.es\/ca\/blog\/memorial-pere-tena\/memorials-atorgats\/memorial-2023-les-edicions-en-catala-del-missal-i-de-la-liturgia-de-les-hores\/acte-de-proclamacio-del-ix-memorial\/#breadcrumb"},"inLanguage":"ca","potentialAction":[{"@type":"ReadAction","target":["https:\/\/www.cpl.es\/ca\/blog\/memorial-pere-tena\/memorials-atorgats\/memorial-2023-les-edicions-en-catala-del-missal-i-de-la-liturgia-de-les-hores\/acte-de-proclamacio-del-ix-memorial\/"]}]},{"@type":"BreadcrumbList","@id":"https:\/\/www.cpl.es\/ca\/blog\/memorial-pere-tena\/memorials-atorgats\/memorial-2023-les-edicions-en-catala-del-missal-i-de-la-liturgia-de-les-hores\/acte-de-proclamacio-del-ix-memorial\/#breadcrumb","itemListElement":[{"@type":"ListItem","position":1,"name":"Portada","item":"https:\/\/www.cpl.es\/ca\/"},{"@type":"ListItem","position":2,"name":"Blog","item":"https:\/\/www.cpl.es\/ca\/blog\/"},{"@type":"ListItem","position":3,"name":"Memorial Pere Tena","item":"https:\/\/www.cpl.es\/ca\/blog\/memorial-pere-tena\/"},{"@type":"ListItem","position":4,"name":"Memorials atorgats","item":"https:\/\/www.cpl.es\/ca\/blog\/memorial-pere-tena\/memorials-atorgats\/"},{"@type":"ListItem","position":5,"name":"Memorial 2023: Les edicions en catal\u00e0 del Missal i de la Lit\u00fargia de les Hores","item":"https:\/\/www.cpl.es\/ca\/blog\/memorial-pere-tena\/memorials-atorgats\/memorial-2023-les-edicions-en-catala-del-missal-i-de-la-liturgia-de-les-hores\/"},{"@type":"ListItem","position":6,"name":"Acte de proclamaci\u00f3 del IX Memorial"}]},{"@type":"WebSite","@id":"https:\/\/www.cpl.es\/#website","url":"https:\/\/www.cpl.es\/","name":"CPL","description":"Centre de Pastoral Lit\u00fargica de Barcelona","publisher":{"@id":"https:\/\/www.cpl.es\/#organization"},"alternateName":"Centre de Pastoral Lit\u00fargica","potentialAction":[{"@type":"SearchAction","target":{"@type":"EntryPoint","urlTemplate":"https:\/\/www.cpl.es\/?s={search_term_string}"},"query-input":{"@type":"PropertyValueSpecification","valueRequired":true,"valueName":"search_term_string"}}],"inLanguage":"ca"},{"@type":"Organization","@id":"https:\/\/www.cpl.es\/#organization","name":"Centre de Pastoral Lit\u00fargica","alternateName":"Centre de Pastoral Lit\u00fargica de Barcelona","url":"https:\/\/www.cpl.es\/","logo":{"@type":"ImageObject","inLanguage":"ca","@id":"https:\/\/www.cpl.es\/#\/schema\/logo\/image\/","url":"https:\/\/www.cpl.es\/wp-content\/uploads\/logo-cpl.svg","contentUrl":"https:\/\/www.cpl.es\/wp-content\/uploads\/logo-cpl.svg","caption":"Centre de Pastoral Lit\u00fargica"},"image":{"@id":"https:\/\/www.cpl.es\/#\/schema\/logo\/image\/"}}]}},"_links":{"self":[{"href":"https:\/\/www.cpl.es\/ca\/wp-json\/wp\/v2\/pages\/12019","targetHints":{"allow":["GET"]}}],"collection":[{"href":"https:\/\/www.cpl.es\/ca\/wp-json\/wp\/v2\/pages"}],"about":[{"href":"https:\/\/www.cpl.es\/ca\/wp-json\/wp\/v2\/types\/page"}],"author":[{"embeddable":true,"href":"https:\/\/www.cpl.es\/ca\/wp-json\/wp\/v2\/users\/1"}],"replies":[{"embeddable":true,"href":"https:\/\/www.cpl.es\/ca\/wp-json\/wp\/v2\/comments?post=12019"}],"version-history":[{"count":1,"href":"https:\/\/www.cpl.es\/ca\/wp-json\/wp\/v2\/pages\/12019\/revisions"}],"predecessor-version":[{"id":12026,"href":"https:\/\/www.cpl.es\/ca\/wp-json\/wp\/v2\/pages\/12019\/revisions\/12026"}],"up":[{"embeddable":true,"href":"https:\/\/www.cpl.es\/ca\/wp-json\/wp\/v2\/pages\/12017"}],"wp:attachment":[{"href":"https:\/\/www.cpl.es\/ca\/wp-json\/wp\/v2\/media?parent=12019"}],"curies":[{"name":"wp","href":"https:\/\/api.w.org\/{rel}","templated":true}]}}