{"id":12017,"date":"2023-11-30T10:36:12","date_gmt":"2023-11-30T09:36:12","guid":{"rendered":"https:\/\/nuevaweb.cpl.es\/?page_id=12017"},"modified":"2023-12-15T07:19:16","modified_gmt":"2023-12-15T06:19:16","slug":"memorial-2023-les-edicions-en-catala-del-missal-i-de-la-liturgia-de-les-hores","status":"publish","type":"page","link":"https:\/\/www.cpl.es\/ca\/blog\/memorial-pere-tena\/memorials-atorgats\/memorial-2023-les-edicions-en-catala-del-missal-i-de-la-liturgia-de-les-hores\/","title":{"rendered":"Memorial 2023: Les edicions en catal\u00e0 del Missal i de la Lit\u00fargia de les Hores"},"content":{"rendered":"<div id=\"pl-12017\"  class=\"panel-layout\" ><div id=\"pg-12017-0\"  class=\"panel-grid panel-no-style\" ><div id=\"pgc-12017-0-0\"  class=\"panel-grid-cell\" ><div id=\"panel-12017-0-0-0\" class=\"so-panel widget widget_sow-editor panel-first-child\" data-index=\"0\" ><div\n\t\t\t\n\t\t\tclass=\"so-widget-sow-editor so-widget-sow-editor-base\"\n\t\t\t\n\t\t>\n<div class=\"siteorigin-widget-tinymce textwidget\">\n\t<p>El Centre de Pastoral Lit\u00fargica de Barcelona (CPL) ha atorgat el\u00a0<a href=\"http:\/\/memorialperetena.cpl.es\/\">IX Memorial Pere Tena de Pastoral Lit\u00fargica<\/a>\u00a0a la tercera edici\u00f3 catalana del\u00a0<a href=\"https:\/\/www.tarraconense.cat\/una-nova-edicio-del-missal-en-catala\/\">Missal Rom\u00e0<\/a>\u00a0(2022) i a l\u2019edici\u00f3 catalana de la\u00a0<a href=\"https:\/\/www.cpl.es\/noticia\/detalle\/el_cpl_publica_l_edicio_ampliada_i_revisada_de_la_liturgia_de_les_hores\">Lit\u00fargia de les Hores<\/a>\u00a0(2016)\u00a0pel gran esfor\u00e7, la ingent dedicaci\u00f3 i el treball abnegat que han representat aquests llibres lit\u00fargics,\u00a0que estan plenament al servei de la celebraci\u00f3 i la preg\u00e0ria del Poble de D\u00e9u a les di\u00f2cesis amb seu a Catalunya.<\/p>\n<p>El IX Memorial es lliurar\u00e0 a la\u00a0<a href=\"https:\/\/www.tarraconense.cat\/qui-som\/organigrama-de-la-cet\/liturgia-cil\/\">Comissi\u00f3 Interdiocesana de Lit\u00fargia<\/a>\u00a0(CIL) de la\u00a0<a href=\"https:\/\/www.tarraconense.cat\/es\/inicio\/\">Confer\u00e8ncia Episcopal Tarraconense<\/a>\u00a0(CET), presidida per Mons.\u00a0<strong>Joan-Enric Vives<\/strong>, arquebisbe-bisbe d\u2019Urgell, i formada pels delegats de lit\u00fargia i de m\u00fasica de les di\u00f2cesis catalanes.<\/p>\n<p>El treball que ha fet possible l\u2019aparici\u00f3 d\u2019aquestes obres es deu a la CIL\u00a0juntement amb totes les persones que durant tots aquests anys han estat elaborant l\u2019edici\u00f3, sovint de manera an\u00f2nima i discreta.\u00a0 El fet que aquestes obres hagin vist la llum \u00e9s un reflex ben fidel de l\u2019esperit\u00a0que va impregnar la vida i la labor en la pastoral lit\u00fargica del\u00a0<strong>bisbe Pere Tena<\/strong>, impulsor de l\u2019elaboraci\u00f3 d\u2019aquestes edicions catalanes.<\/p>\n<p><strong>El lliurament del IX Memorial<\/strong>\u00a0tindr\u00e0 lloc al Seminari Conciliar de Barcelona el dimecres 8 de febrer de 2023,\u00a0a les 17 hores, seguit de Vespres a les 18 hores.<\/p>\n<div id='gallery-1' class='gallery galleryid-12017 gallery-columns-3 gallery-size-medium'><figure class='gallery-item'>\n\t\t\t<div class='gallery-icon landscape'>\n\t\t\t\t<a href='https:\/\/www.cpl.es\/wp-content\/uploads\/Liturgia-Hores-A-xarxes.jpg'><img width=\"300\" height=\"169\" src=\"https:\/\/www.cpl.es\/wp-content\/uploads\/Liturgia-Hores-A-xarxes-300x169.jpg\" class=\"attachment-medium size-medium\" alt=\"\" srcset=\"https:\/\/www.cpl.es\/wp-content\/uploads\/Liturgia-Hores-A-xarxes-300x169.jpg 300w, https:\/\/www.cpl.es\/wp-content\/uploads\/Liturgia-Hores-A-xarxes-416x234.jpg 416w, https:\/\/www.cpl.es\/wp-content\/uploads\/Liturgia-Hores-A-xarxes.jpg 900w\" sizes=\"(max-width: 300px) 100vw, 300px\" decoding=\"async\" fetchpriority=\"high\" \/ loading=\"lazy\"><\/a>\n\t\t\t<\/div><\/figure><figure class='gallery-item'>\n\t\t\t<div class='gallery-icon landscape'>\n\t\t\t\t<a href='https:\/\/www.cpl.es\/wp-content\/uploads\/Liturgia-Hores-B-xarxes.jpg'><img width=\"300\" height=\"169\" src=\"https:\/\/www.cpl.es\/wp-content\/uploads\/Liturgia-Hores-B-xarxes-300x169.jpg\" class=\"attachment-medium size-medium\" alt=\"\" srcset=\"https:\/\/www.cpl.es\/wp-content\/uploads\/Liturgia-Hores-B-xarxes-300x169.jpg 300w, https:\/\/www.cpl.es\/wp-content\/uploads\/Liturgia-Hores-B-xarxes-416x234.jpg 416w, https:\/\/www.cpl.es\/wp-content\/uploads\/Liturgia-Hores-B-xarxes.jpg 900w\" sizes=\"auto, (max-width: 300px) 100vw, 300px\" loading=\"lazy\" decoding=\"async\" fetchpriority=\"low\" \/><\/a>\n\t\t\t<\/div><\/figure><figure class='gallery-item'>\n\t\t\t<div class='gallery-icon landscape'>\n\t\t\t\t<a href='https:\/\/www.cpl.es\/wp-content\/uploads\/Missal-Roma-2022-A-xarxes.jpg'><img width=\"300\" height=\"169\" src=\"https:\/\/www.cpl.es\/wp-content\/uploads\/Missal-Roma-2022-A-xarxes-300x169.jpg\" class=\"attachment-medium size-medium\" alt=\"\" srcset=\"https:\/\/www.cpl.es\/wp-content\/uploads\/Missal-Roma-2022-A-xarxes-300x169.jpg 300w, https:\/\/www.cpl.es\/wp-content\/uploads\/Missal-Roma-2022-A-xarxes-416x235.jpg 416w, https:\/\/www.cpl.es\/wp-content\/uploads\/Missal-Roma-2022-A-xarxes.jpg 900w\" sizes=\"auto, (max-width: 300px) 100vw, 300px\" loading=\"lazy\" decoding=\"async\" fetchpriority=\"low\" \/><\/a>\n\t\t\t<\/div><\/figure><figure class='gallery-item'>\n\t\t\t<div class='gallery-icon landscape'>\n\t\t\t\t<a href='https:\/\/www.cpl.es\/wp-content\/uploads\/Missal-Roma-2022-B-xarxes.jpg'><img width=\"300\" height=\"169\" src=\"https:\/\/www.cpl.es\/wp-content\/uploads\/Missal-Roma-2022-B-xarxes-300x169.jpg\" class=\"attachment-medium size-medium\" alt=\"\" aria-describedby=\"gallery-1-9978\" srcset=\"https:\/\/www.cpl.es\/wp-content\/uploads\/Missal-Roma-2022-B-xarxes-300x169.jpg 300w, https:\/\/www.cpl.es\/wp-content\/uploads\/Missal-Roma-2022-B-xarxes-416x235.jpg 416w, https:\/\/www.cpl.es\/wp-content\/uploads\/Missal-Roma-2022-B-xarxes.jpg 900w\" sizes=\"auto, (max-width: 300px) 100vw, 300px\" loading=\"lazy\" decoding=\"async\" fetchpriority=\"low\" \/><\/a>\n\t\t\t<\/div>\n\t\t\t\t<figcaption class='wp-caption-text gallery-caption' id='gallery-1-9978'>\n\t\t\t\tLa tercera edici\u00f3 del Missal Rom\u00e0 i la Lit\u00fargia de les Hores en catal\u00e0\n\t\t\t\t<\/figcaption><\/figure>\n\t\t<\/div>\n\n<\/div>\n<\/div><\/div><ul class=\"loop-paginas\"><li><a href=\"https:\/\/www.cpl.es\/ca\/blog\/memorial-pere-tena\/memorials-atorgats\/memorial-2023-les-edicions-en-catala-del-missal-i-de-la-liturgia-de-les-hores\/acte-de-proclamacio-del-ix-memorial\/\">Acte de proclamaci\u00f3 del IX Memorial<\/a><\/li><\/ul><div id=\"panel-12017-0-0-1\" class=\"so-panel widget widget_sow-editor panel-last-child\" data-index=\"1\" ><div\n\t\t\t\n\t\t\tclass=\"so-widget-sow-editor so-widget-sow-editor-base\"\n\t\t\t\n\t\t>\n<div class=\"siteorigin-widget-tinymce textwidget\">\n\t\n<\/div>\n<\/div><\/div><\/div><\/div><\/div>","protected":false},"excerpt":{"rendered":"<p>El Centre de Pastoral Lit\u00fargica de Barcelona (CPL) ha atorgat el\u00a0IX Memorial Pere Tena de Pastoral Lit\u00fargica\u00a0a la tercera edici\u00f3 catalana del\u00a0Missal Rom\u00e0\u00a0(2022) i a l\u2019edici\u00f3 catalana de la\u00a0Lit\u00fargia de les Hores\u00a0(2016)\u00a0pel gran esfor\u00e7, la ingent dedicaci\u00f3 i el treball abnegat que han representat aquests llibres lit\u00fargics,\u00a0que estan plenament al servei de la celebraci\u00f3 i [&hellip;]<\/p>\n","protected":false},"author":1,"featured_media":0,"parent":11934,"menu_order":9,"comment_status":"closed","ping_status":"closed","template":"","meta":{"_acf_changed":false,"inline_featured_image":false,"footnotes":""},"class_list":["post-12017","page","type-page","status-publish","hentry"],"acf":[],"yoast_head":"<!-- This site is optimized with the Yoast SEO plugin v27.5 - https:\/\/yoast.com\/product\/yoast-seo-wordpress\/ -->\n<title>Memorial 2023: Les edicions en catal\u00e0 del Missal i de la Lit\u00fargia de les Hores - CPL<\/title>\n<meta name=\"robots\" content=\"index, follow, max-snippet:-1, max-image-preview:large, max-video-preview:-1\" \/>\n<link rel=\"canonical\" href=\"https:\/\/www.cpl.es\/ca\/blog\/memorial-pere-tena\/memorials-atorgats\/memorial-2023-les-edicions-en-catala-del-missal-i-de-la-liturgia-de-les-hores\/\" \/>\n<meta property=\"og:locale\" content=\"ca_ES\" \/>\n<meta property=\"og:type\" content=\"article\" \/>\n<meta property=\"og:title\" content=\"Memorial 2023: Les edicions en catal\u00e0 del Missal i de la Lit\u00fargia de les Hores - CPL\" \/>\n<meta property=\"og:description\" content=\"El Centre de Pastoral Lit\u00fargica de Barcelona (CPL) ha atorgat el\u00a0IX Memorial Pere Tena de Pastoral Lit\u00fargica\u00a0a la tercera edici\u00f3 catalana del\u00a0Missal Rom\u00e0\u00a0(2022) i a l\u2019edici\u00f3 catalana de la\u00a0Lit\u00fargia de les Hores\u00a0(2016)\u00a0pel gran esfor\u00e7, la ingent dedicaci\u00f3 i el treball abnegat que han representat aquests llibres lit\u00fargics,\u00a0que estan plenament al servei de la celebraci\u00f3 i [&hellip;]\" \/>\n<meta property=\"og:url\" content=\"https:\/\/www.cpl.es\/ca\/blog\/memorial-pere-tena\/memorials-atorgats\/memorial-2023-les-edicions-en-catala-del-missal-i-de-la-liturgia-de-les-hores\/\" \/>\n<meta property=\"og:site_name\" content=\"CPL\" \/>\n<meta property=\"article:modified_time\" content=\"2023-12-15T06:19:16+00:00\" \/>\n<meta property=\"og:image\" content=\"https:\/\/www.cpl.es\/wp-content\/uploads\/Liturgia-Hores-A-xarxes-300x169.jpg\" \/>\n<meta name=\"twitter:card\" content=\"summary_large_image\" \/>\n<meta name=\"twitter:label1\" content=\"Temps estimat de lectura\" \/>\n\t<meta name=\"twitter:data1\" content=\"1 minut\" \/>\n<script type=\"application\/ld+json\" class=\"yoast-schema-graph\">{\"@context\":\"https:\\\/\\\/schema.org\",\"@graph\":[{\"@type\":\"WebPage\",\"@id\":\"https:\\\/\\\/www.cpl.es\\\/ca\\\/blog\\\/memorial-pere-tena\\\/memorials-atorgats\\\/memorial-2023-les-edicions-en-catala-del-missal-i-de-la-liturgia-de-les-hores\\\/\",\"url\":\"https:\\\/\\\/www.cpl.es\\\/ca\\\/blog\\\/memorial-pere-tena\\\/memorials-atorgats\\\/memorial-2023-les-edicions-en-catala-del-missal-i-de-la-liturgia-de-les-hores\\\/\",\"name\":\"Memorial 2023: Les edicions en catal\u00e0 del Missal i de la Lit\u00fargia de les Hores - CPL\",\"isPartOf\":{\"@id\":\"https:\\\/\\\/www.cpl.es\\\/#website\"},\"datePublished\":\"2023-11-30T09:36:12+00:00\",\"dateModified\":\"2023-12-15T06:19:16+00:00\",\"breadcrumb\":{\"@id\":\"https:\\\/\\\/www.cpl.es\\\/ca\\\/blog\\\/memorial-pere-tena\\\/memorials-atorgats\\\/memorial-2023-les-edicions-en-catala-del-missal-i-de-la-liturgia-de-les-hores\\\/#breadcrumb\"},\"inLanguage\":\"ca\",\"potentialAction\":[{\"@type\":\"ReadAction\",\"target\":[\"https:\\\/\\\/www.cpl.es\\\/ca\\\/blog\\\/memorial-pere-tena\\\/memorials-atorgats\\\/memorial-2023-les-edicions-en-catala-del-missal-i-de-la-liturgia-de-les-hores\\\/\"]}]},{\"@type\":\"BreadcrumbList\",\"@id\":\"https:\\\/\\\/www.cpl.es\\\/ca\\\/blog\\\/memorial-pere-tena\\\/memorials-atorgats\\\/memorial-2023-les-edicions-en-catala-del-missal-i-de-la-liturgia-de-les-hores\\\/#breadcrumb\",\"itemListElement\":[{\"@type\":\"ListItem\",\"position\":1,\"name\":\"Portada\",\"item\":\"https:\\\/\\\/www.cpl.es\\\/ca\\\/\"},{\"@type\":\"ListItem\",\"position\":2,\"name\":\"Blog\",\"item\":\"https:\\\/\\\/www.cpl.es\\\/ca\\\/blog\\\/\"},{\"@type\":\"ListItem\",\"position\":3,\"name\":\"Memorial Pere Tena\",\"item\":\"https:\\\/\\\/www.cpl.es\\\/ca\\\/blog\\\/memorial-pere-tena\\\/\"},{\"@type\":\"ListItem\",\"position\":4,\"name\":\"Memorials atorgats\",\"item\":\"https:\\\/\\\/www.cpl.es\\\/ca\\\/blog\\\/memorial-pere-tena\\\/memorials-atorgats\\\/\"},{\"@type\":\"ListItem\",\"position\":5,\"name\":\"Memorial 2023: Les edicions en catal\u00e0 del Missal i de la Lit\u00fargia de les Hores\"}]},{\"@type\":\"WebSite\",\"@id\":\"https:\\\/\\\/www.cpl.es\\\/#website\",\"url\":\"https:\\\/\\\/www.cpl.es\\\/\",\"name\":\"CPL\",\"description\":\"Centre de Pastoral Lit\u00fargica de Barcelona\",\"publisher\":{\"@id\":\"https:\\\/\\\/www.cpl.es\\\/#organization\"},\"alternateName\":\"Centre de Pastoral Lit\u00fargica\",\"potentialAction\":[{\"@type\":\"SearchAction\",\"target\":{\"@type\":\"EntryPoint\",\"urlTemplate\":\"https:\\\/\\\/www.cpl.es\\\/?s={search_term_string}\"},\"query-input\":{\"@type\":\"PropertyValueSpecification\",\"valueRequired\":true,\"valueName\":\"search_term_string\"}}],\"inLanguage\":\"ca\"},{\"@type\":\"Organization\",\"@id\":\"https:\\\/\\\/www.cpl.es\\\/#organization\",\"name\":\"Centre de Pastoral Lit\u00fargica\",\"alternateName\":\"Centre de Pastoral Lit\u00fargica de Barcelona\",\"url\":\"https:\\\/\\\/www.cpl.es\\\/\",\"logo\":{\"@type\":\"ImageObject\",\"inLanguage\":\"ca\",\"@id\":\"https:\\\/\\\/www.cpl.es\\\/#\\\/schema\\\/logo\\\/image\\\/\",\"url\":\"https:\\\/\\\/www.cpl.es\\\/wp-content\\\/uploads\\\/logo-cpl.svg\",\"contentUrl\":\"https:\\\/\\\/www.cpl.es\\\/wp-content\\\/uploads\\\/logo-cpl.svg\",\"caption\":\"Centre de Pastoral Lit\u00fargica\"},\"image\":{\"@id\":\"https:\\\/\\\/www.cpl.es\\\/#\\\/schema\\\/logo\\\/image\\\/\"}}]}<\/script>\n<!-- \/ Yoast SEO plugin. -->","yoast_head_json":{"title":"Memorial 2023: Les edicions en catal\u00e0 del Missal i de la Lit\u00fargia de les Hores - CPL","robots":{"index":"index","follow":"follow","max-snippet":"max-snippet:-1","max-image-preview":"max-image-preview:large","max-video-preview":"max-video-preview:-1"},"canonical":"https:\/\/www.cpl.es\/ca\/blog\/memorial-pere-tena\/memorials-atorgats\/memorial-2023-les-edicions-en-catala-del-missal-i-de-la-liturgia-de-les-hores\/","og_locale":"ca_ES","og_type":"article","og_title":"Memorial 2023: Les edicions en catal\u00e0 del Missal i de la Lit\u00fargia de les Hores - CPL","og_description":"El Centre de Pastoral Lit\u00fargica de Barcelona (CPL) ha atorgat el\u00a0IX Memorial Pere Tena de Pastoral Lit\u00fargica\u00a0a la tercera edici\u00f3 catalana del\u00a0Missal Rom\u00e0\u00a0(2022) i a l\u2019edici\u00f3 catalana de la\u00a0Lit\u00fargia de les Hores\u00a0(2016)\u00a0pel gran esfor\u00e7, la ingent dedicaci\u00f3 i el treball abnegat que han representat aquests llibres lit\u00fargics,\u00a0que estan plenament al servei de la celebraci\u00f3 i [&hellip;]","og_url":"https:\/\/www.cpl.es\/ca\/blog\/memorial-pere-tena\/memorials-atorgats\/memorial-2023-les-edicions-en-catala-del-missal-i-de-la-liturgia-de-les-hores\/","og_site_name":"CPL","article_modified_time":"2023-12-15T06:19:16+00:00","og_image":[{"url":"https:\/\/www.cpl.es\/wp-content\/uploads\/Liturgia-Hores-A-xarxes-300x169.jpg","type":"","width":"","height":""}],"twitter_card":"summary_large_image","twitter_misc":{"Temps estimat de lectura":"1 minut"},"schema":{"@context":"https:\/\/schema.org","@graph":[{"@type":"WebPage","@id":"https:\/\/www.cpl.es\/ca\/blog\/memorial-pere-tena\/memorials-atorgats\/memorial-2023-les-edicions-en-catala-del-missal-i-de-la-liturgia-de-les-hores\/","url":"https:\/\/www.cpl.es\/ca\/blog\/memorial-pere-tena\/memorials-atorgats\/memorial-2023-les-edicions-en-catala-del-missal-i-de-la-liturgia-de-les-hores\/","name":"Memorial 2023: Les edicions en catal\u00e0 del Missal i de la Lit\u00fargia de les Hores - CPL","isPartOf":{"@id":"https:\/\/www.cpl.es\/#website"},"datePublished":"2023-11-30T09:36:12+00:00","dateModified":"2023-12-15T06:19:16+00:00","breadcrumb":{"@id":"https:\/\/www.cpl.es\/ca\/blog\/memorial-pere-tena\/memorials-atorgats\/memorial-2023-les-edicions-en-catala-del-missal-i-de-la-liturgia-de-les-hores\/#breadcrumb"},"inLanguage":"ca","potentialAction":[{"@type":"ReadAction","target":["https:\/\/www.cpl.es\/ca\/blog\/memorial-pere-tena\/memorials-atorgats\/memorial-2023-les-edicions-en-catala-del-missal-i-de-la-liturgia-de-les-hores\/"]}]},{"@type":"BreadcrumbList","@id":"https:\/\/www.cpl.es\/ca\/blog\/memorial-pere-tena\/memorials-atorgats\/memorial-2023-les-edicions-en-catala-del-missal-i-de-la-liturgia-de-les-hores\/#breadcrumb","itemListElement":[{"@type":"ListItem","position":1,"name":"Portada","item":"https:\/\/www.cpl.es\/ca\/"},{"@type":"ListItem","position":2,"name":"Blog","item":"https:\/\/www.cpl.es\/ca\/blog\/"},{"@type":"ListItem","position":3,"name":"Memorial Pere Tena","item":"https:\/\/www.cpl.es\/ca\/blog\/memorial-pere-tena\/"},{"@type":"ListItem","position":4,"name":"Memorials atorgats","item":"https:\/\/www.cpl.es\/ca\/blog\/memorial-pere-tena\/memorials-atorgats\/"},{"@type":"ListItem","position":5,"name":"Memorial 2023: Les edicions en catal\u00e0 del Missal i de la Lit\u00fargia de les Hores"}]},{"@type":"WebSite","@id":"https:\/\/www.cpl.es\/#website","url":"https:\/\/www.cpl.es\/","name":"CPL","description":"Centre de Pastoral Lit\u00fargica de Barcelona","publisher":{"@id":"https:\/\/www.cpl.es\/#organization"},"alternateName":"Centre de Pastoral Lit\u00fargica","potentialAction":[{"@type":"SearchAction","target":{"@type":"EntryPoint","urlTemplate":"https:\/\/www.cpl.es\/?s={search_term_string}"},"query-input":{"@type":"PropertyValueSpecification","valueRequired":true,"valueName":"search_term_string"}}],"inLanguage":"ca"},{"@type":"Organization","@id":"https:\/\/www.cpl.es\/#organization","name":"Centre de Pastoral Lit\u00fargica","alternateName":"Centre de Pastoral Lit\u00fargica de Barcelona","url":"https:\/\/www.cpl.es\/","logo":{"@type":"ImageObject","inLanguage":"ca","@id":"https:\/\/www.cpl.es\/#\/schema\/logo\/image\/","url":"https:\/\/www.cpl.es\/wp-content\/uploads\/logo-cpl.svg","contentUrl":"https:\/\/www.cpl.es\/wp-content\/uploads\/logo-cpl.svg","caption":"Centre de Pastoral Lit\u00fargica"},"image":{"@id":"https:\/\/www.cpl.es\/#\/schema\/logo\/image\/"}}]}},"_links":{"self":[{"href":"https:\/\/www.cpl.es\/ca\/wp-json\/wp\/v2\/pages\/12017","targetHints":{"allow":["GET"]}}],"collection":[{"href":"https:\/\/www.cpl.es\/ca\/wp-json\/wp\/v2\/pages"}],"about":[{"href":"https:\/\/www.cpl.es\/ca\/wp-json\/wp\/v2\/types\/page"}],"author":[{"embeddable":true,"href":"https:\/\/www.cpl.es\/ca\/wp-json\/wp\/v2\/users\/1"}],"replies":[{"embeddable":true,"href":"https:\/\/www.cpl.es\/ca\/wp-json\/wp\/v2\/comments?post=12017"}],"version-history":[{"count":1,"href":"https:\/\/www.cpl.es\/ca\/wp-json\/wp\/v2\/pages\/12017\/revisions"}],"predecessor-version":[{"id":12018,"href":"https:\/\/www.cpl.es\/ca\/wp-json\/wp\/v2\/pages\/12017\/revisions\/12018"}],"up":[{"embeddable":true,"href":"https:\/\/www.cpl.es\/ca\/wp-json\/wp\/v2\/pages\/11934"}],"wp:attachment":[{"href":"https:\/\/www.cpl.es\/ca\/wp-json\/wp\/v2\/media?parent=12017"}],"curies":[{"name":"wp","href":"https:\/\/api.w.org\/{rel}","templated":true}]}}