{"id":11958,"date":"2023-11-30T09:05:32","date_gmt":"2023-11-30T08:05:32","guid":{"rendered":"https:\/\/nuevaweb.cpl.es\/?page_id=11958"},"modified":"2023-12-14T22:54:33","modified_gmt":"2023-12-14T21:54:33","slug":"acte-de-proclamacio-del-iii-memorial-pere-tena-2017","status":"publish","type":"page","link":"https:\/\/www.cpl.es\/ca\/blog\/memorial-pere-tena\/memorials-atorgats\/memorial-2017-mons-victor-sanchez-espinosa-arquebisbe-de-puebla-mexic\/acte-de-proclamacio-del-iii-memorial-pere-tena-2017\/","title":{"rendered":"Acte de proclamaci\u00f3 del III Memorial Pere Tena (2017)"},"content":{"rendered":"<div id=\"pl-11958\"  class=\"panel-layout\" ><div id=\"pg-11958-0\"  class=\"panel-grid panel-no-style\" ><div id=\"pgc-11958-0-0\"  class=\"panel-grid-cell\" ><div id=\"panel-11958-0-0-0\" class=\"so-panel widget widget_sow-editor panel-first-child panel-last-child\" data-index=\"0\" ><div\n\t\t\t\n\t\t\tclass=\"so-widget-sow-editor so-widget-sow-editor-base\"\n\t\t\t\n\t\t>\n<div class=\"siteorigin-widget-tinymce textwidget\">\n\t<p>El president del\u00a0<em>Centre de Pastoral Lit\u00fargica<\/em>,\u00a0<strong>Jaume Fontbona<\/strong>, ha lliurat el guard\u00f3 commemoratiu del\u00a0<strong>III Memorial Pere Tena de Pastoral Lit\u00fargica<\/strong>\u00a0a l\u2019arquebisbe de Puebla de los \u00c1ngeles, M\u00e8xic,\u00a0<strong>Mons. V\u00edctor S\u00e1nchez.<\/strong>\u00a0En el transcurs de l\u2019acte celebrat ahir al Seminari Conciliar de Barcelona, el Dr. Gabriel Segu\u00ed, director de l\u2019Institut Superior de Lit\u00fargia de Barcelona, va fer una aportaci\u00f3 als assistents sobre \u201cLa recepci\u00f3 de la reforma lit\u00fargica a l\u2019Am\u00e8rica Llatina i del Carib\u201d.<\/p>\n<p>El I Memorial va ser atorgat a l\u2019Abadia de Montserrat per la seva tasca realitzada i que continua realitzant tant en diferents \u00e0mbits de la lit\u00fargia. El II Memorial va ser atorgat conjuntament a Juli\u00e1n L\u00f3pez, bisbe de Le\u00f3n , i al pare clareti\u00e0 Joan Maria Canals, per la seva feina des de la Confer\u00e8ncia Episcopal Espanyola.<\/p>\n<p>Amb aquest III Memorial, el CPL reconeix i agraeix la tasca que Mons. V\u00edctor S\u00e1nchez ha desenvolupat a la Comissi\u00f3 Episcopal per a la Pastoral Lit\u00fargica de l\u2019episcopat mexic\u00e0. Aix\u00ed el CPL valora el seu servei pastoral per a una millor celebraci\u00f3 i viv\u00e8ncia de la lit\u00fargia en les Esgl\u00e9sies locals de M\u00e8xic i, des del CELAM \u2013quan va ser president del seu Departament de Missi\u00f3 i Espiritualitat\u2013, en les diverses Esgl\u00e9sies locals llatinoamericanes i del Carib, tenint cura que les celebracions lit\u00fargiques fossin realment el moment culminant de la vida de la comunitat cristiana.<\/p>\n<p>En paraules del president, Jaume Fontbona, \u201cun any m\u00e9s, amb el lliurament del Memorial Pere Tena de Pastoral Lit\u00fargica, el\u00a0<em>Centre de Pastoral Lit\u00fargica<\/em>\u00a0reviu la seva fidelitat a l\u2019Evangeli i a l\u2019Esgl\u00e9sia, i alhora mant\u00e9 viu el seu servei pastoral a la Lit\u00fargia, com a expressi\u00f3 del misteri pasqual\u201d.<\/p>\n<p>El guardonat va tenir paraules de record cap a Mons. Pere Tena amb el qual va impulsar la col\u00b7laboraci\u00f3 de cara a la formaci\u00f3 sobre lit\u00fargia de preveres d\u2019origen llatinoameric\u00e0 a l\u2019Institut Superior de Lit\u00fargia de Barcelona. Mons. S\u00e1nchez va expressar que rebia \u201camb gran comprom\u00eds i humilitat\u201d el reconeixement a la seva tasca de 37 anys al servei de la Comissi\u00f3 Episcopal per a la Pastoral Lit\u00fargica de la Confer\u00e8ncia de l\u2019episcopat mexic\u00e0.<\/p>\n<p>El concert d\u2019orgue, amb una selecci\u00f3 d\u2019obres de J.S. Bach, a c\u00e0rrec de Ricard Rovirosa, doctorand a la\u00a0<em>Guildhall School of Music and Drama de Londres,<\/em>\u00a0i la celebraci\u00f3 de Vespres solemnes a la capella del Seminari, presidides per Mons. Vives, van portar cap al tancament de l\u2019acte.<\/p>\n<p>L\u2019acte va comptar amb la pres\u00e8ncia de l\u2019arquebisbe\u00a0<strong>Joan-Enric Vives<\/strong>, representant dels bisbes catalans com a president de la Comissi\u00f3 Interdiocesana de Lit\u00fargia, i del cardenal arquebisbe em\u00e8rit\u00a0<strong>Llu\u00eds Mart\u00ednez Sistach<\/strong>.<\/p>\n<p><strong>Paraules de\u00a0<a href=\"https:\/\/www.cpl.es\/wp-content\/uploads\/Jaume-Fontbona-catala.pdf\">Jaume Fontbona<\/a>, president del CPL<\/strong><br \/>\n<strong>Paraules de\u00a0<a href=\"https:\/\/www.cpl.es\/wp-content\/uploads\/Victor-Sanchez.pdf\">Mons. V\u00edctor S\u00e1nchez<\/a>, guardonat<\/strong><\/p>\n<div id='gallery-1' class='gallery galleryid-11958 gallery-columns-3 gallery-size-medium'><figure class='gallery-item'>\n\t\t\t<div class='gallery-icon landscape'>\n\t\t\t\t<a href='https:\/\/www.cpl.es\/wp-content\/uploads\/17_Memorial_Antoni_MC_Canal-14.jpg'><img width=\"300\" height=\"200\" src=\"https:\/\/www.cpl.es\/wp-content\/uploads\/17_Memorial_Antoni_MC_Canal-14-300x200.jpg\" class=\"attachment-medium size-medium\" alt=\"\" srcset=\"https:\/\/www.cpl.es\/wp-content\/uploads\/17_Memorial_Antoni_MC_Canal-14-300x200.jpg 300w, https:\/\/www.cpl.es\/wp-content\/uploads\/17_Memorial_Antoni_MC_Canal-14-416x277.jpg 416w, https:\/\/www.cpl.es\/wp-content\/uploads\/17_Memorial_Antoni_MC_Canal-14.jpg 900w\" sizes=\"(max-width: 300px) 100vw, 300px\" decoding=\"async\" fetchpriority=\"high\" \/ loading=\"lazy\"><\/a>\n\t\t\t<\/div><\/figure><figure class='gallery-item'>\n\t\t\t<div class='gallery-icon landscape'>\n\t\t\t\t<a href='https:\/\/www.cpl.es\/wp-content\/uploads\/17_Memorial_CPL-7.jpg'><img width=\"300\" height=\"199\" src=\"https:\/\/www.cpl.es\/wp-content\/uploads\/17_Memorial_CPL-7-300x199.jpg\" class=\"attachment-medium size-medium\" alt=\"\" srcset=\"https:\/\/www.cpl.es\/wp-content\/uploads\/17_Memorial_CPL-7-300x199.jpg 300w, https:\/\/www.cpl.es\/wp-content\/uploads\/17_Memorial_CPL-7-416x276.jpg 416w, https:\/\/www.cpl.es\/wp-content\/uploads\/17_Memorial_CPL-7.jpg 900w\" sizes=\"auto, (max-width: 300px) 100vw, 300px\" loading=\"lazy\" decoding=\"async\" fetchpriority=\"low\" \/><\/a>\n\t\t\t<\/div><\/figure><figure class='gallery-item'>\n\t\t\t<div class='gallery-icon landscape'>\n\t\t\t\t<a href='https:\/\/www.cpl.es\/wp-content\/uploads\/17_Memorial_Antoni_MC_Canal-17.jpg'><img width=\"300\" height=\"200\" src=\"https:\/\/www.cpl.es\/wp-content\/uploads\/17_Memorial_Antoni_MC_Canal-17-300x200.jpg\" class=\"attachment-medium size-medium\" alt=\"\" srcset=\"https:\/\/www.cpl.es\/wp-content\/uploads\/17_Memorial_Antoni_MC_Canal-17-300x200.jpg 300w, https:\/\/www.cpl.es\/wp-content\/uploads\/17_Memorial_Antoni_MC_Canal-17-416x277.jpg 416w, https:\/\/www.cpl.es\/wp-content\/uploads\/17_Memorial_Antoni_MC_Canal-17.jpg 900w\" sizes=\"auto, (max-width: 300px) 100vw, 300px\" loading=\"lazy\" decoding=\"async\" fetchpriority=\"low\" \/><\/a>\n\t\t\t<\/div><\/figure><figure class='gallery-item'>\n\t\t\t<div class='gallery-icon landscape'>\n\t\t\t\t<a href='https:\/\/www.cpl.es\/wp-content\/uploads\/17_Memorial_Antoni_MC_Canal-20a.jpg'><img width=\"300\" height=\"200\" src=\"https:\/\/www.cpl.es\/wp-content\/uploads\/17_Memorial_Antoni_MC_Canal-20a-300x200.jpg\" class=\"attachment-medium size-medium\" alt=\"\" srcset=\"https:\/\/www.cpl.es\/wp-content\/uploads\/17_Memorial_Antoni_MC_Canal-20a-300x200.jpg 300w, https:\/\/www.cpl.es\/wp-content\/uploads\/17_Memorial_Antoni_MC_Canal-20a-416x277.jpg 416w, https:\/\/www.cpl.es\/wp-content\/uploads\/17_Memorial_Antoni_MC_Canal-20a.jpg 900w\" sizes=\"auto, (max-width: 300px) 100vw, 300px\" loading=\"lazy\" decoding=\"async\" fetchpriority=\"low\" \/><\/a>\n\t\t\t<\/div><\/figure>\n\t\t<\/div>\n\n<p><a href=\"https:\/\/www.facebook.com\/media\/set\/?set=a.1417504334951836.1073741834.184582024910746&type=1&l=5aef6db7cc\" target=\"_blank\" rel=\"noopener\">Fotos de Antoni M.C. Canal y del CPL<\/a><\/p>\n<p>Not\u00edcia a Esgl\u00e9sia de Barcelona (v\u00eddeo)<\/p>\n<style>.embed-container { position: relative; padding-bottom: 56.25%; height: 0; overflow: hidden; max-width: 100%; } .embed-container iframe, .embed-container object, .embed-container embed { position: absolute; top: 0; left: 0; width: 100%; height: 100%; }<\/style>\n<div class=\"embed-container\"><iframe src=\"https:\/\/www.youtube.com\/embed\/4yHLtdUTScQ\" frameborder=\"0\" allowfullscreen=\"allowfullscreen\"><\/iframe><\/div>\n<\/div>\n<\/div><\/div><\/div><\/div><\/div>","protected":false},"excerpt":{"rendered":"<p>El president del\u00a0Centre de Pastoral Lit\u00fargica,\u00a0Jaume Fontbona, ha lliurat el guard\u00f3 commemoratiu del\u00a0III Memorial Pere Tena de Pastoral Lit\u00fargica\u00a0a l\u2019arquebisbe de Puebla de los \u00c1ngeles, M\u00e8xic,\u00a0Mons. V\u00edctor S\u00e1nchez.\u00a0En el transcurs de l\u2019acte celebrat ahir al Seminari Conciliar de Barcelona, el Dr. Gabriel Segu\u00ed, director de l\u2019Institut Superior de Lit\u00fargia de Barcelona, va fer una aportaci\u00f3 [&hellip;]<\/p>\n","protected":false},"author":1,"featured_media":0,"parent":11956,"menu_order":1,"comment_status":"closed","ping_status":"closed","template":"","meta":{"_acf_changed":false,"inline_featured_image":false,"footnotes":""},"class_list":["post-11958","page","type-page","status-publish","hentry"],"acf":[],"yoast_head":"<!-- This site is optimized with the Yoast SEO plugin v27.5 - https:\/\/yoast.com\/product\/yoast-seo-wordpress\/ -->\n<title>Acte de proclamaci\u00f3 del III Memorial Pere Tena (2017) - CPL<\/title>\n<meta name=\"robots\" content=\"index, follow, max-snippet:-1, max-image-preview:large, max-video-preview:-1\" \/>\n<link rel=\"canonical\" href=\"https:\/\/www.cpl.es\/ca\/blog\/memorial-pere-tena\/memorials-atorgats\/memorial-2017-mons-victor-sanchez-espinosa-arquebisbe-de-puebla-mexic\/acte-de-proclamacio-del-iii-memorial-pere-tena-2017\/\" \/>\n<meta property=\"og:locale\" content=\"ca_ES\" \/>\n<meta property=\"og:type\" content=\"article\" \/>\n<meta property=\"og:title\" content=\"Acte de proclamaci\u00f3 del III Memorial Pere Tena (2017) - CPL\" \/>\n<meta property=\"og:description\" content=\"El president del\u00a0Centre de Pastoral Lit\u00fargica,\u00a0Jaume Fontbona, ha lliurat el guard\u00f3 commemoratiu del\u00a0III Memorial Pere Tena de Pastoral Lit\u00fargica\u00a0a l\u2019arquebisbe de Puebla de los \u00c1ngeles, M\u00e8xic,\u00a0Mons. V\u00edctor S\u00e1nchez.\u00a0En el transcurs de l\u2019acte celebrat ahir al Seminari Conciliar de Barcelona, el Dr. Gabriel Segu\u00ed, director de l\u2019Institut Superior de Lit\u00fargia de Barcelona, va fer una aportaci\u00f3 [&hellip;]\" \/>\n<meta property=\"og:url\" content=\"https:\/\/www.cpl.es\/ca\/blog\/memorial-pere-tena\/memorials-atorgats\/memorial-2017-mons-victor-sanchez-espinosa-arquebisbe-de-puebla-mexic\/acte-de-proclamacio-del-iii-memorial-pere-tena-2017\/\" \/>\n<meta property=\"og:site_name\" content=\"CPL\" \/>\n<meta property=\"article:modified_time\" content=\"2023-12-14T21:54:33+00:00\" \/>\n<meta property=\"og:image\" content=\"https:\/\/www.cpl.es\/wp-content\/uploads\/17_Memorial_Antoni_MC_Canal-14-300x200.jpg\" \/>\n<meta name=\"twitter:card\" content=\"summary_large_image\" \/>\n<meta name=\"twitter:label1\" content=\"Temps estimat de lectura\" \/>\n\t<meta name=\"twitter:data1\" content=\"3 minuts\" \/>\n<script type=\"application\/ld+json\" class=\"yoast-schema-graph\">{\"@context\":\"https:\\\/\\\/schema.org\",\"@graph\":[{\"@type\":\"WebPage\",\"@id\":\"https:\\\/\\\/www.cpl.es\\\/ca\\\/blog\\\/memorial-pere-tena\\\/memorials-atorgats\\\/memorial-2017-mons-victor-sanchez-espinosa-arquebisbe-de-puebla-mexic\\\/acte-de-proclamacio-del-iii-memorial-pere-tena-2017\\\/\",\"url\":\"https:\\\/\\\/www.cpl.es\\\/ca\\\/blog\\\/memorial-pere-tena\\\/memorials-atorgats\\\/memorial-2017-mons-victor-sanchez-espinosa-arquebisbe-de-puebla-mexic\\\/acte-de-proclamacio-del-iii-memorial-pere-tena-2017\\\/\",\"name\":\"Acte de proclamaci\u00f3 del III Memorial Pere Tena (2017) - CPL\",\"isPartOf\":{\"@id\":\"https:\\\/\\\/www.cpl.es\\\/#website\"},\"datePublished\":\"2023-11-30T08:05:32+00:00\",\"dateModified\":\"2023-12-14T21:54:33+00:00\",\"breadcrumb\":{\"@id\":\"https:\\\/\\\/www.cpl.es\\\/ca\\\/blog\\\/memorial-pere-tena\\\/memorials-atorgats\\\/memorial-2017-mons-victor-sanchez-espinosa-arquebisbe-de-puebla-mexic\\\/acte-de-proclamacio-del-iii-memorial-pere-tena-2017\\\/#breadcrumb\"},\"inLanguage\":\"ca\",\"potentialAction\":[{\"@type\":\"ReadAction\",\"target\":[\"https:\\\/\\\/www.cpl.es\\\/ca\\\/blog\\\/memorial-pere-tena\\\/memorials-atorgats\\\/memorial-2017-mons-victor-sanchez-espinosa-arquebisbe-de-puebla-mexic\\\/acte-de-proclamacio-del-iii-memorial-pere-tena-2017\\\/\"]}]},{\"@type\":\"BreadcrumbList\",\"@id\":\"https:\\\/\\\/www.cpl.es\\\/ca\\\/blog\\\/memorial-pere-tena\\\/memorials-atorgats\\\/memorial-2017-mons-victor-sanchez-espinosa-arquebisbe-de-puebla-mexic\\\/acte-de-proclamacio-del-iii-memorial-pere-tena-2017\\\/#breadcrumb\",\"itemListElement\":[{\"@type\":\"ListItem\",\"position\":1,\"name\":\"Portada\",\"item\":\"https:\\\/\\\/www.cpl.es\\\/ca\\\/\"},{\"@type\":\"ListItem\",\"position\":2,\"name\":\"Blog\",\"item\":\"https:\\\/\\\/www.cpl.es\\\/ca\\\/blog\\\/\"},{\"@type\":\"ListItem\",\"position\":3,\"name\":\"Memorial Pere Tena\",\"item\":\"https:\\\/\\\/www.cpl.es\\\/ca\\\/blog\\\/memorial-pere-tena\\\/\"},{\"@type\":\"ListItem\",\"position\":4,\"name\":\"Memorials atorgats\",\"item\":\"https:\\\/\\\/www.cpl.es\\\/ca\\\/blog\\\/memorial-pere-tena\\\/memorials-atorgats\\\/\"},{\"@type\":\"ListItem\",\"position\":5,\"name\":\"Memorial 2017: Mons. V\u00edctor S\u00e1nchez Espinosa, arquebisbe de Puebla (M\u00e8xic)\",\"item\":\"https:\\\/\\\/www.cpl.es\\\/ca\\\/blog\\\/memorial-pere-tena\\\/memorials-atorgats\\\/memorial-2017-mons-victor-sanchez-espinosa-arquebisbe-de-puebla-mexic\\\/\"},{\"@type\":\"ListItem\",\"position\":6,\"name\":\"Acte de proclamaci\u00f3 del III Memorial Pere Tena (2017)\"}]},{\"@type\":\"WebSite\",\"@id\":\"https:\\\/\\\/www.cpl.es\\\/#website\",\"url\":\"https:\\\/\\\/www.cpl.es\\\/\",\"name\":\"CPL\",\"description\":\"Centre de Pastoral Lit\u00fargica de Barcelona\",\"publisher\":{\"@id\":\"https:\\\/\\\/www.cpl.es\\\/#organization\"},\"alternateName\":\"Centre de Pastoral Lit\u00fargica\",\"potentialAction\":[{\"@type\":\"SearchAction\",\"target\":{\"@type\":\"EntryPoint\",\"urlTemplate\":\"https:\\\/\\\/www.cpl.es\\\/?s={search_term_string}\"},\"query-input\":{\"@type\":\"PropertyValueSpecification\",\"valueRequired\":true,\"valueName\":\"search_term_string\"}}],\"inLanguage\":\"ca\"},{\"@type\":\"Organization\",\"@id\":\"https:\\\/\\\/www.cpl.es\\\/#organization\",\"name\":\"Centre de Pastoral Lit\u00fargica\",\"alternateName\":\"Centre de Pastoral Lit\u00fargica de Barcelona\",\"url\":\"https:\\\/\\\/www.cpl.es\\\/\",\"logo\":{\"@type\":\"ImageObject\",\"inLanguage\":\"ca\",\"@id\":\"https:\\\/\\\/www.cpl.es\\\/#\\\/schema\\\/logo\\\/image\\\/\",\"url\":\"https:\\\/\\\/www.cpl.es\\\/wp-content\\\/uploads\\\/logo-cpl.svg\",\"contentUrl\":\"https:\\\/\\\/www.cpl.es\\\/wp-content\\\/uploads\\\/logo-cpl.svg\",\"caption\":\"Centre de Pastoral Lit\u00fargica\"},\"image\":{\"@id\":\"https:\\\/\\\/www.cpl.es\\\/#\\\/schema\\\/logo\\\/image\\\/\"}}]}<\/script>\n<!-- \/ Yoast SEO plugin. -->","yoast_head_json":{"title":"Acte de proclamaci\u00f3 del III Memorial Pere Tena (2017) - CPL","robots":{"index":"index","follow":"follow","max-snippet":"max-snippet:-1","max-image-preview":"max-image-preview:large","max-video-preview":"max-video-preview:-1"},"canonical":"https:\/\/www.cpl.es\/ca\/blog\/memorial-pere-tena\/memorials-atorgats\/memorial-2017-mons-victor-sanchez-espinosa-arquebisbe-de-puebla-mexic\/acte-de-proclamacio-del-iii-memorial-pere-tena-2017\/","og_locale":"ca_ES","og_type":"article","og_title":"Acte de proclamaci\u00f3 del III Memorial Pere Tena (2017) - CPL","og_description":"El president del\u00a0Centre de Pastoral Lit\u00fargica,\u00a0Jaume Fontbona, ha lliurat el guard\u00f3 commemoratiu del\u00a0III Memorial Pere Tena de Pastoral Lit\u00fargica\u00a0a l\u2019arquebisbe de Puebla de los \u00c1ngeles, M\u00e8xic,\u00a0Mons. V\u00edctor S\u00e1nchez.\u00a0En el transcurs de l\u2019acte celebrat ahir al Seminari Conciliar de Barcelona, el Dr. Gabriel Segu\u00ed, director de l\u2019Institut Superior de Lit\u00fargia de Barcelona, va fer una aportaci\u00f3 [&hellip;]","og_url":"https:\/\/www.cpl.es\/ca\/blog\/memorial-pere-tena\/memorials-atorgats\/memorial-2017-mons-victor-sanchez-espinosa-arquebisbe-de-puebla-mexic\/acte-de-proclamacio-del-iii-memorial-pere-tena-2017\/","og_site_name":"CPL","article_modified_time":"2023-12-14T21:54:33+00:00","og_image":[{"url":"https:\/\/www.cpl.es\/wp-content\/uploads\/17_Memorial_Antoni_MC_Canal-14-300x200.jpg","type":"","width":"","height":""}],"twitter_card":"summary_large_image","twitter_misc":{"Temps estimat de lectura":"3 minuts"},"schema":{"@context":"https:\/\/schema.org","@graph":[{"@type":"WebPage","@id":"https:\/\/www.cpl.es\/ca\/blog\/memorial-pere-tena\/memorials-atorgats\/memorial-2017-mons-victor-sanchez-espinosa-arquebisbe-de-puebla-mexic\/acte-de-proclamacio-del-iii-memorial-pere-tena-2017\/","url":"https:\/\/www.cpl.es\/ca\/blog\/memorial-pere-tena\/memorials-atorgats\/memorial-2017-mons-victor-sanchez-espinosa-arquebisbe-de-puebla-mexic\/acte-de-proclamacio-del-iii-memorial-pere-tena-2017\/","name":"Acte de proclamaci\u00f3 del III Memorial Pere Tena (2017) - CPL","isPartOf":{"@id":"https:\/\/www.cpl.es\/#website"},"datePublished":"2023-11-30T08:05:32+00:00","dateModified":"2023-12-14T21:54:33+00:00","breadcrumb":{"@id":"https:\/\/www.cpl.es\/ca\/blog\/memorial-pere-tena\/memorials-atorgats\/memorial-2017-mons-victor-sanchez-espinosa-arquebisbe-de-puebla-mexic\/acte-de-proclamacio-del-iii-memorial-pere-tena-2017\/#breadcrumb"},"inLanguage":"ca","potentialAction":[{"@type":"ReadAction","target":["https:\/\/www.cpl.es\/ca\/blog\/memorial-pere-tena\/memorials-atorgats\/memorial-2017-mons-victor-sanchez-espinosa-arquebisbe-de-puebla-mexic\/acte-de-proclamacio-del-iii-memorial-pere-tena-2017\/"]}]},{"@type":"BreadcrumbList","@id":"https:\/\/www.cpl.es\/ca\/blog\/memorial-pere-tena\/memorials-atorgats\/memorial-2017-mons-victor-sanchez-espinosa-arquebisbe-de-puebla-mexic\/acte-de-proclamacio-del-iii-memorial-pere-tena-2017\/#breadcrumb","itemListElement":[{"@type":"ListItem","position":1,"name":"Portada","item":"https:\/\/www.cpl.es\/ca\/"},{"@type":"ListItem","position":2,"name":"Blog","item":"https:\/\/www.cpl.es\/ca\/blog\/"},{"@type":"ListItem","position":3,"name":"Memorial Pere Tena","item":"https:\/\/www.cpl.es\/ca\/blog\/memorial-pere-tena\/"},{"@type":"ListItem","position":4,"name":"Memorials atorgats","item":"https:\/\/www.cpl.es\/ca\/blog\/memorial-pere-tena\/memorials-atorgats\/"},{"@type":"ListItem","position":5,"name":"Memorial 2017: Mons. V\u00edctor S\u00e1nchez Espinosa, arquebisbe de Puebla (M\u00e8xic)","item":"https:\/\/www.cpl.es\/ca\/blog\/memorial-pere-tena\/memorials-atorgats\/memorial-2017-mons-victor-sanchez-espinosa-arquebisbe-de-puebla-mexic\/"},{"@type":"ListItem","position":6,"name":"Acte de proclamaci\u00f3 del III Memorial Pere Tena (2017)"}]},{"@type":"WebSite","@id":"https:\/\/www.cpl.es\/#website","url":"https:\/\/www.cpl.es\/","name":"CPL","description":"Centre de Pastoral Lit\u00fargica de Barcelona","publisher":{"@id":"https:\/\/www.cpl.es\/#organization"},"alternateName":"Centre de Pastoral Lit\u00fargica","potentialAction":[{"@type":"SearchAction","target":{"@type":"EntryPoint","urlTemplate":"https:\/\/www.cpl.es\/?s={search_term_string}"},"query-input":{"@type":"PropertyValueSpecification","valueRequired":true,"valueName":"search_term_string"}}],"inLanguage":"ca"},{"@type":"Organization","@id":"https:\/\/www.cpl.es\/#organization","name":"Centre de Pastoral Lit\u00fargica","alternateName":"Centre de Pastoral Lit\u00fargica de Barcelona","url":"https:\/\/www.cpl.es\/","logo":{"@type":"ImageObject","inLanguage":"ca","@id":"https:\/\/www.cpl.es\/#\/schema\/logo\/image\/","url":"https:\/\/www.cpl.es\/wp-content\/uploads\/logo-cpl.svg","contentUrl":"https:\/\/www.cpl.es\/wp-content\/uploads\/logo-cpl.svg","caption":"Centre de Pastoral Lit\u00fargica"},"image":{"@id":"https:\/\/www.cpl.es\/#\/schema\/logo\/image\/"}}]}},"_links":{"self":[{"href":"https:\/\/www.cpl.es\/ca\/wp-json\/wp\/v2\/pages\/11958","targetHints":{"allow":["GET"]}}],"collection":[{"href":"https:\/\/www.cpl.es\/ca\/wp-json\/wp\/v2\/pages"}],"about":[{"href":"https:\/\/www.cpl.es\/ca\/wp-json\/wp\/v2\/types\/page"}],"author":[{"embeddable":true,"href":"https:\/\/www.cpl.es\/ca\/wp-json\/wp\/v2\/users\/1"}],"replies":[{"embeddable":true,"href":"https:\/\/www.cpl.es\/ca\/wp-json\/wp\/v2\/comments?post=11958"}],"version-history":[{"count":1,"href":"https:\/\/www.cpl.es\/ca\/wp-json\/wp\/v2\/pages\/11958\/revisions"}],"predecessor-version":[{"id":11963,"href":"https:\/\/www.cpl.es\/ca\/wp-json\/wp\/v2\/pages\/11958\/revisions\/11963"}],"up":[{"embeddable":true,"href":"https:\/\/www.cpl.es\/ca\/wp-json\/wp\/v2\/pages\/11956"}],"wp:attachment":[{"href":"https:\/\/www.cpl.es\/ca\/wp-json\/wp\/v2\/media?parent=11958"}],"curies":[{"name":"wp","href":"https:\/\/api.w.org\/{rel}","templated":true}]}}