{"id":11956,"date":"2023-11-30T09:04:54","date_gmt":"2023-11-30T08:04:54","guid":{"rendered":"https:\/\/nuevaweb.cpl.es\/?page_id=11956"},"modified":"2023-12-14T22:51:31","modified_gmt":"2023-12-14T21:51:31","slug":"memorial-2017-mons-victor-sanchez-espinosa-arquebisbe-de-puebla-mexic","status":"publish","type":"page","link":"https:\/\/www.cpl.es\/ca\/blog\/memorial-pere-tena\/memorials-atorgats\/memorial-2017-mons-victor-sanchez-espinosa-arquebisbe-de-puebla-mexic\/","title":{"rendered":"Memorial 2017: Mons. V\u00edctor S\u00e1nchez Espinosa, arquebisbe de Puebla (M\u00e8xic)"},"content":{"rendered":"<div id=\"pl-11956\"  class=\"panel-layout\" ><div id=\"pg-11956-0\"  class=\"panel-grid panel-no-style\" ><div id=\"pgc-11956-0-0\"  class=\"panel-grid-cell\" ><div id=\"panel-11956-0-0-0\" class=\"so-panel widget widget_sow-editor panel-first-child\" data-index=\"0\" ><div\n\t\t\t\n\t\t\tclass=\"so-widget-sow-editor so-widget-sow-editor-base\"\n\t\t\t\n\t\t>\n<div class=\"siteorigin-widget-tinymce textwidget\">\n\t<p><img decoding=\"async\" class=\"alignleft size-medium wp-image-9847\" src=\"https:\/\/www.cpl.es\/wp-content\/uploads\/Victor-sanchez-300x202.jpg\" alt=\"\" width=\"300\" height=\"202\" srcset=\"https:\/\/www.cpl.es\/wp-content\/uploads\/\/Victor-sanchez-300x202.jpg 300w, https:\/\/www.cpl.es\/wp-content\/uploads\/\/Victor-sanchez-1024x688.jpg 1024w, https:\/\/www.cpl.es\/wp-content\/uploads\/\/Victor-sanchez-416x280.jpg 416w, https:\/\/www.cpl.es\/wp-content\/uploads\/\/Victor-sanchez.jpg 1143w\" sizes=\"auto, (max-width: 300px) 100vw, 300px\" \/ fetchpriority=\"high\"><\/p>\n<p>El\u00a0<em>Memorial Pere Tena de Pastoral Lit\u00fargica<\/em>\u00a0t\u00e9 com a objectiu mantenir viva la mem\u00f2ria del bisbe Tena com a pedagog de la lit\u00fargia, posar en relleu tot all\u00f2 que ajuda a viure la lit\u00fargia de l\u2019Esgl\u00e9sia en el m\u00f3n actual, i recordar de manera constant la import\u00e0ncia de la pastoral lit\u00fargica en la vida cristiana. I aquest any, el\u00a0<em>Centre de Pastoral Lit\u00fargica de Barcelona<\/em>\u00a0(CPL) ha concedit la tercera edici\u00f3 del\u00a0<em>Memorial Pere Tena de Pastoral Lit\u00fargica<\/em>\u00a0a l\u2019arquebisbe de Puebla, Mons. V\u00edctor S\u00e1nchez Espinosa per la seva tasca en el camp de la pastoral lit\u00fargica al capdavant de la Comissi\u00f3 Episcopal per a la Pastoral Lit\u00fargica de l\u2019episcopat mexic\u00e0.<\/p>\n<p>El CPL vol destacar aix\u00ed el seu servei pastoral per a una millor celebraci\u00f3 i viv\u00e8ncia de la lit\u00fargia a les Esgl\u00e9sies locals de M\u00e8xic i, des del CELAM quan va ser president del Departament Missi\u00f3 i Espiritualitat, a les diverses Esgl\u00e9sies locals llatinoamericanes i del Carib, tenint cura que les celebracions lit\u00fargiques fossin realment el moment culminant de la vida de la comunitat cristiana.<\/p>\n<p>L\u2019acte de lliurament del\u00a0<em>III Memorial Pere Tena de Pastoral Lit\u00fargica<\/em>\u00a0tindr\u00e0 lloc dimecres 10 de maig de 2017, a les 6 de la tarda, al Seminari de Barcelona (Diputaci\u00f3, 231).<\/p>\n<p>Art\u00edculo de Mons. V\u00edctor S\u00e1nchez,\u00a0<a href=\"\/wp-content\/uploads\/La-liturgia-en-el-magisterio-latinoamericano-de-Medellin-a-Aparecida.pdf\" target=\"_blank\" rel=\"noopener\">\u00abLa liturgia en el magisterio latinoamericano de \u00abMedellin\u00bb a \u00abAparecida\u00bb\u00bb<\/a>, La liturgia en\u00a0Latinoam\u00e9rica\u00a0y en la Nueva Evangelizaci\u00f3n,\u00a0<em>Phase<\/em>\u00a053 (2013) 247-281.<\/p>\n<\/div>\n<\/div><\/div><ul class=\"loop-paginas\"><li><a href=\"https:\/\/www.cpl.es\/ca\/blog\/memorial-pere-tena\/memorials-atorgats\/memorial-2017-mons-victor-sanchez-espinosa-arquebisbe-de-puebla-mexic\/acte-de-proclamacio-del-iii-memorial-pere-tena-2017\/\">Acte de proclamaci\u00f3 del III Memorial Pere Tena (2017)<\/a><\/li><\/ul><div id=\"panel-11956-0-0-1\" class=\"so-panel widget widget_sow-editor panel-last-child\" data-index=\"1\" ><div\n\t\t\t\n\t\t\tclass=\"so-widget-sow-editor so-widget-sow-editor-base\"\n\t\t\t\n\t\t>\n<div class=\"siteorigin-widget-tinymce textwidget\">\n\t\n<\/div>\n<\/div><\/div><\/div><\/div><\/div>","protected":false},"excerpt":{"rendered":"<p>El\u00a0Memorial Pere Tena de Pastoral Lit\u00fargica\u00a0t\u00e9 com a objectiu mantenir viva la mem\u00f2ria del bisbe Tena com a pedagog de la lit\u00fargia, posar en relleu tot all\u00f2 que ajuda a viure la lit\u00fargia de l\u2019Esgl\u00e9sia en el m\u00f3n actual, i recordar de manera constant la import\u00e0ncia de la pastoral lit\u00fargica en la vida cristiana. I [&hellip;]<\/p>\n","protected":false},"author":1,"featured_media":0,"parent":11934,"menu_order":3,"comment_status":"closed","ping_status":"closed","template":"","meta":{"_acf_changed":false,"inline_featured_image":false,"footnotes":""},"class_list":["post-11956","page","type-page","status-publish","hentry"],"acf":[],"yoast_head":"<!-- This site is optimized with the Yoast SEO plugin v27.5 - https:\/\/yoast.com\/product\/yoast-seo-wordpress\/ -->\n<title>Memorial 2017: Mons. V\u00edctor S\u00e1nchez Espinosa, arquebisbe de Puebla (M\u00e8xic) - CPL<\/title>\n<meta name=\"robots\" content=\"index, follow, max-snippet:-1, max-image-preview:large, max-video-preview:-1\" \/>\n<link rel=\"canonical\" href=\"https:\/\/www.cpl.es\/ca\/blog\/memorial-pere-tena\/memorials-atorgats\/memorial-2017-mons-victor-sanchez-espinosa-arquebisbe-de-puebla-mexic\/\" \/>\n<meta property=\"og:locale\" content=\"ca_ES\" \/>\n<meta property=\"og:type\" content=\"article\" \/>\n<meta property=\"og:title\" content=\"Memorial 2017: Mons. V\u00edctor S\u00e1nchez Espinosa, arquebisbe de Puebla (M\u00e8xic) - CPL\" \/>\n<meta property=\"og:description\" content=\"El\u00a0Memorial Pere Tena de Pastoral Lit\u00fargica\u00a0t\u00e9 com a objectiu mantenir viva la mem\u00f2ria del bisbe Tena com a pedagog de la lit\u00fargia, posar en relleu tot all\u00f2 que ajuda a viure la lit\u00fargia de l\u2019Esgl\u00e9sia en el m\u00f3n actual, i recordar de manera constant la import\u00e0ncia de la pastoral lit\u00fargica en la vida cristiana. I [&hellip;]\" \/>\n<meta property=\"og:url\" content=\"https:\/\/www.cpl.es\/ca\/blog\/memorial-pere-tena\/memorials-atorgats\/memorial-2017-mons-victor-sanchez-espinosa-arquebisbe-de-puebla-mexic\/\" \/>\n<meta property=\"og:site_name\" content=\"CPL\" \/>\n<meta property=\"article:modified_time\" content=\"2023-12-14T21:51:31+00:00\" \/>\n<meta property=\"og:image\" content=\"https:\/\/www.cpl.es\/wp-content\/uploads\/Victor-sanchez.jpg\" \/>\n\t<meta property=\"og:image:width\" content=\"1143\" \/>\n\t<meta property=\"og:image:height\" content=\"768\" \/>\n\t<meta property=\"og:image:type\" content=\"image\/jpeg\" \/>\n<meta name=\"twitter:card\" content=\"summary_large_image\" \/>\n<meta name=\"twitter:label1\" content=\"Temps estimat de lectura\" \/>\n\t<meta name=\"twitter:data1\" content=\"1 minut\" \/>\n<script type=\"application\/ld+json\" class=\"yoast-schema-graph\">{\"@context\":\"https:\\\/\\\/schema.org\",\"@graph\":[{\"@type\":\"WebPage\",\"@id\":\"https:\\\/\\\/www.cpl.es\\\/ca\\\/blog\\\/memorial-pere-tena\\\/memorials-atorgats\\\/memorial-2017-mons-victor-sanchez-espinosa-arquebisbe-de-puebla-mexic\\\/\",\"url\":\"https:\\\/\\\/www.cpl.es\\\/ca\\\/blog\\\/memorial-pere-tena\\\/memorials-atorgats\\\/memorial-2017-mons-victor-sanchez-espinosa-arquebisbe-de-puebla-mexic\\\/\",\"name\":\"Memorial 2017: Mons. V\u00edctor S\u00e1nchez Espinosa, arquebisbe de Puebla (M\u00e8xic) - CPL\",\"isPartOf\":{\"@id\":\"https:\\\/\\\/www.cpl.es\\\/#website\"},\"primaryImageOfPage\":{\"@id\":\"https:\\\/\\\/www.cpl.es\\\/ca\\\/blog\\\/memorial-pere-tena\\\/memorials-atorgats\\\/memorial-2017-mons-victor-sanchez-espinosa-arquebisbe-de-puebla-mexic\\\/#primaryimage\"},\"image\":{\"@id\":\"https:\\\/\\\/www.cpl.es\\\/ca\\\/blog\\\/memorial-pere-tena\\\/memorials-atorgats\\\/memorial-2017-mons-victor-sanchez-espinosa-arquebisbe-de-puebla-mexic\\\/#primaryimage\"},\"thumbnailUrl\":\"https:\\\/\\\/www.cpl.es\\\/wp-content\\\/uploads\\\/Victor-sanchez-300x202.jpg\",\"datePublished\":\"2023-11-30T08:04:54+00:00\",\"dateModified\":\"2023-12-14T21:51:31+00:00\",\"breadcrumb\":{\"@id\":\"https:\\\/\\\/www.cpl.es\\\/ca\\\/blog\\\/memorial-pere-tena\\\/memorials-atorgats\\\/memorial-2017-mons-victor-sanchez-espinosa-arquebisbe-de-puebla-mexic\\\/#breadcrumb\"},\"inLanguage\":\"ca\",\"potentialAction\":[{\"@type\":\"ReadAction\",\"target\":[\"https:\\\/\\\/www.cpl.es\\\/ca\\\/blog\\\/memorial-pere-tena\\\/memorials-atorgats\\\/memorial-2017-mons-victor-sanchez-espinosa-arquebisbe-de-puebla-mexic\\\/\"]}]},{\"@type\":\"ImageObject\",\"inLanguage\":\"ca\",\"@id\":\"https:\\\/\\\/www.cpl.es\\\/ca\\\/blog\\\/memorial-pere-tena\\\/memorials-atorgats\\\/memorial-2017-mons-victor-sanchez-espinosa-arquebisbe-de-puebla-mexic\\\/#primaryimage\",\"url\":\"https:\\\/\\\/www.cpl.es\\\/wp-content\\\/uploads\\\/Victor-sanchez-300x202.jpg\",\"contentUrl\":\"https:\\\/\\\/www.cpl.es\\\/wp-content\\\/uploads\\\/Victor-sanchez-300x202.jpg\"},{\"@type\":\"BreadcrumbList\",\"@id\":\"https:\\\/\\\/www.cpl.es\\\/ca\\\/blog\\\/memorial-pere-tena\\\/memorials-atorgats\\\/memorial-2017-mons-victor-sanchez-espinosa-arquebisbe-de-puebla-mexic\\\/#breadcrumb\",\"itemListElement\":[{\"@type\":\"ListItem\",\"position\":1,\"name\":\"Portada\",\"item\":\"https:\\\/\\\/www.cpl.es\\\/ca\\\/\"},{\"@type\":\"ListItem\",\"position\":2,\"name\":\"Blog\",\"item\":\"https:\\\/\\\/www.cpl.es\\\/ca\\\/blog\\\/\"},{\"@type\":\"ListItem\",\"position\":3,\"name\":\"Memorial Pere Tena\",\"item\":\"https:\\\/\\\/www.cpl.es\\\/ca\\\/blog\\\/memorial-pere-tena\\\/\"},{\"@type\":\"ListItem\",\"position\":4,\"name\":\"Memorials atorgats\",\"item\":\"https:\\\/\\\/www.cpl.es\\\/ca\\\/blog\\\/memorial-pere-tena\\\/memorials-atorgats\\\/\"},{\"@type\":\"ListItem\",\"position\":5,\"name\":\"Memorial 2017: Mons. V\u00edctor S\u00e1nchez Espinosa, arquebisbe de Puebla (M\u00e8xic)\"}]},{\"@type\":\"WebSite\",\"@id\":\"https:\\\/\\\/www.cpl.es\\\/#website\",\"url\":\"https:\\\/\\\/www.cpl.es\\\/\",\"name\":\"CPL\",\"description\":\"Centre de Pastoral Lit\u00fargica de Barcelona\",\"publisher\":{\"@id\":\"https:\\\/\\\/www.cpl.es\\\/#organization\"},\"alternateName\":\"Centre de Pastoral Lit\u00fargica\",\"potentialAction\":[{\"@type\":\"SearchAction\",\"target\":{\"@type\":\"EntryPoint\",\"urlTemplate\":\"https:\\\/\\\/www.cpl.es\\\/?s={search_term_string}\"},\"query-input\":{\"@type\":\"PropertyValueSpecification\",\"valueRequired\":true,\"valueName\":\"search_term_string\"}}],\"inLanguage\":\"ca\"},{\"@type\":\"Organization\",\"@id\":\"https:\\\/\\\/www.cpl.es\\\/#organization\",\"name\":\"Centre de Pastoral Lit\u00fargica\",\"alternateName\":\"Centre de Pastoral Lit\u00fargica de Barcelona\",\"url\":\"https:\\\/\\\/www.cpl.es\\\/\",\"logo\":{\"@type\":\"ImageObject\",\"inLanguage\":\"ca\",\"@id\":\"https:\\\/\\\/www.cpl.es\\\/#\\\/schema\\\/logo\\\/image\\\/\",\"url\":\"https:\\\/\\\/www.cpl.es\\\/wp-content\\\/uploads\\\/logo-cpl.svg\",\"contentUrl\":\"https:\\\/\\\/www.cpl.es\\\/wp-content\\\/uploads\\\/logo-cpl.svg\",\"caption\":\"Centre de Pastoral Lit\u00fargica\"},\"image\":{\"@id\":\"https:\\\/\\\/www.cpl.es\\\/#\\\/schema\\\/logo\\\/image\\\/\"}}]}<\/script>\n<!-- \/ Yoast SEO plugin. -->","yoast_head_json":{"title":"Memorial 2017: Mons. V\u00edctor S\u00e1nchez Espinosa, arquebisbe de Puebla (M\u00e8xic) - CPL","robots":{"index":"index","follow":"follow","max-snippet":"max-snippet:-1","max-image-preview":"max-image-preview:large","max-video-preview":"max-video-preview:-1"},"canonical":"https:\/\/www.cpl.es\/ca\/blog\/memorial-pere-tena\/memorials-atorgats\/memorial-2017-mons-victor-sanchez-espinosa-arquebisbe-de-puebla-mexic\/","og_locale":"ca_ES","og_type":"article","og_title":"Memorial 2017: Mons. V\u00edctor S\u00e1nchez Espinosa, arquebisbe de Puebla (M\u00e8xic) - CPL","og_description":"El\u00a0Memorial Pere Tena de Pastoral Lit\u00fargica\u00a0t\u00e9 com a objectiu mantenir viva la mem\u00f2ria del bisbe Tena com a pedagog de la lit\u00fargia, posar en relleu tot all\u00f2 que ajuda a viure la lit\u00fargia de l\u2019Esgl\u00e9sia en el m\u00f3n actual, i recordar de manera constant la import\u00e0ncia de la pastoral lit\u00fargica en la vida cristiana. I [&hellip;]","og_url":"https:\/\/www.cpl.es\/ca\/blog\/memorial-pere-tena\/memorials-atorgats\/memorial-2017-mons-victor-sanchez-espinosa-arquebisbe-de-puebla-mexic\/","og_site_name":"CPL","article_modified_time":"2023-12-14T21:51:31+00:00","og_image":[{"width":1143,"height":768,"url":"https:\/\/www.cpl.es\/wp-content\/uploads\/Victor-sanchez.jpg","type":"image\/jpeg"}],"twitter_card":"summary_large_image","twitter_misc":{"Temps estimat de lectura":"1 minut"},"schema":{"@context":"https:\/\/schema.org","@graph":[{"@type":"WebPage","@id":"https:\/\/www.cpl.es\/ca\/blog\/memorial-pere-tena\/memorials-atorgats\/memorial-2017-mons-victor-sanchez-espinosa-arquebisbe-de-puebla-mexic\/","url":"https:\/\/www.cpl.es\/ca\/blog\/memorial-pere-tena\/memorials-atorgats\/memorial-2017-mons-victor-sanchez-espinosa-arquebisbe-de-puebla-mexic\/","name":"Memorial 2017: Mons. V\u00edctor S\u00e1nchez Espinosa, arquebisbe de Puebla (M\u00e8xic) - CPL","isPartOf":{"@id":"https:\/\/www.cpl.es\/#website"},"primaryImageOfPage":{"@id":"https:\/\/www.cpl.es\/ca\/blog\/memorial-pere-tena\/memorials-atorgats\/memorial-2017-mons-victor-sanchez-espinosa-arquebisbe-de-puebla-mexic\/#primaryimage"},"image":{"@id":"https:\/\/www.cpl.es\/ca\/blog\/memorial-pere-tena\/memorials-atorgats\/memorial-2017-mons-victor-sanchez-espinosa-arquebisbe-de-puebla-mexic\/#primaryimage"},"thumbnailUrl":"https:\/\/www.cpl.es\/wp-content\/uploads\/Victor-sanchez-300x202.jpg","datePublished":"2023-11-30T08:04:54+00:00","dateModified":"2023-12-14T21:51:31+00:00","breadcrumb":{"@id":"https:\/\/www.cpl.es\/ca\/blog\/memorial-pere-tena\/memorials-atorgats\/memorial-2017-mons-victor-sanchez-espinosa-arquebisbe-de-puebla-mexic\/#breadcrumb"},"inLanguage":"ca","potentialAction":[{"@type":"ReadAction","target":["https:\/\/www.cpl.es\/ca\/blog\/memorial-pere-tena\/memorials-atorgats\/memorial-2017-mons-victor-sanchez-espinosa-arquebisbe-de-puebla-mexic\/"]}]},{"@type":"ImageObject","inLanguage":"ca","@id":"https:\/\/www.cpl.es\/ca\/blog\/memorial-pere-tena\/memorials-atorgats\/memorial-2017-mons-victor-sanchez-espinosa-arquebisbe-de-puebla-mexic\/#primaryimage","url":"https:\/\/www.cpl.es\/wp-content\/uploads\/Victor-sanchez-300x202.jpg","contentUrl":"https:\/\/www.cpl.es\/wp-content\/uploads\/Victor-sanchez-300x202.jpg"},{"@type":"BreadcrumbList","@id":"https:\/\/www.cpl.es\/ca\/blog\/memorial-pere-tena\/memorials-atorgats\/memorial-2017-mons-victor-sanchez-espinosa-arquebisbe-de-puebla-mexic\/#breadcrumb","itemListElement":[{"@type":"ListItem","position":1,"name":"Portada","item":"https:\/\/www.cpl.es\/ca\/"},{"@type":"ListItem","position":2,"name":"Blog","item":"https:\/\/www.cpl.es\/ca\/blog\/"},{"@type":"ListItem","position":3,"name":"Memorial Pere Tena","item":"https:\/\/www.cpl.es\/ca\/blog\/memorial-pere-tena\/"},{"@type":"ListItem","position":4,"name":"Memorials atorgats","item":"https:\/\/www.cpl.es\/ca\/blog\/memorial-pere-tena\/memorials-atorgats\/"},{"@type":"ListItem","position":5,"name":"Memorial 2017: Mons. V\u00edctor S\u00e1nchez Espinosa, arquebisbe de Puebla (M\u00e8xic)"}]},{"@type":"WebSite","@id":"https:\/\/www.cpl.es\/#website","url":"https:\/\/www.cpl.es\/","name":"CPL","description":"Centre de Pastoral Lit\u00fargica de Barcelona","publisher":{"@id":"https:\/\/www.cpl.es\/#organization"},"alternateName":"Centre de Pastoral Lit\u00fargica","potentialAction":[{"@type":"SearchAction","target":{"@type":"EntryPoint","urlTemplate":"https:\/\/www.cpl.es\/?s={search_term_string}"},"query-input":{"@type":"PropertyValueSpecification","valueRequired":true,"valueName":"search_term_string"}}],"inLanguage":"ca"},{"@type":"Organization","@id":"https:\/\/www.cpl.es\/#organization","name":"Centre de Pastoral Lit\u00fargica","alternateName":"Centre de Pastoral Lit\u00fargica de Barcelona","url":"https:\/\/www.cpl.es\/","logo":{"@type":"ImageObject","inLanguage":"ca","@id":"https:\/\/www.cpl.es\/#\/schema\/logo\/image\/","url":"https:\/\/www.cpl.es\/wp-content\/uploads\/logo-cpl.svg","contentUrl":"https:\/\/www.cpl.es\/wp-content\/uploads\/logo-cpl.svg","caption":"Centre de Pastoral Lit\u00fargica"},"image":{"@id":"https:\/\/www.cpl.es\/#\/schema\/logo\/image\/"}}]}},"_links":{"self":[{"href":"https:\/\/www.cpl.es\/ca\/wp-json\/wp\/v2\/pages\/11956","targetHints":{"allow":["GET"]}}],"collection":[{"href":"https:\/\/www.cpl.es\/ca\/wp-json\/wp\/v2\/pages"}],"about":[{"href":"https:\/\/www.cpl.es\/ca\/wp-json\/wp\/v2\/types\/page"}],"author":[{"embeddable":true,"href":"https:\/\/www.cpl.es\/ca\/wp-json\/wp\/v2\/users\/1"}],"replies":[{"embeddable":true,"href":"https:\/\/www.cpl.es\/ca\/wp-json\/wp\/v2\/comments?post=11956"}],"version-history":[{"count":1,"href":"https:\/\/www.cpl.es\/ca\/wp-json\/wp\/v2\/pages\/11956\/revisions"}],"predecessor-version":[{"id":11957,"href":"https:\/\/www.cpl.es\/ca\/wp-json\/wp\/v2\/pages\/11956\/revisions\/11957"}],"up":[{"embeddable":true,"href":"https:\/\/www.cpl.es\/ca\/wp-json\/wp\/v2\/pages\/11934"}],"wp:attachment":[{"href":"https:\/\/www.cpl.es\/ca\/wp-json\/wp\/v2\/media?parent=11956"}],"curies":[{"name":"wp","href":"https:\/\/api.w.org\/{rel}","templated":true}]}}