{"id":11928,"date":"2023-11-30T08:00:24","date_gmt":"2023-11-30T07:00:24","guid":{"rendered":"https:\/\/nuevaweb.cpl.es\/?page_id=11928"},"modified":"2024-04-25T16:30:13","modified_gmt":"2024-04-25T14:30:13","slug":"memorial-pere-tena","status":"publish","type":"page","link":"https:\/\/www.cpl.es\/ca\/blog\/memorial-pere-tena\/memorial-pere-tena\/","title":{"rendered":"Memorial Pere Tena"},"content":{"rendered":"<div id=\"pl-11928\"  class=\"panel-layout\" ><div id=\"pg-11928-0\"  class=\"panel-grid panel-no-style\" ><div id=\"pgc-11928-0-0\"  class=\"panel-grid-cell\" ><div id=\"panel-11928-0-0-0\" class=\"so-panel widget widget_sow-editor panel-first-child panel-last-child\" data-index=\"0\" ><div\n\t\t\t\n\t\t\tclass=\"so-widget-sow-editor so-widget-sow-editor-base\"\n\t\t\t\n\t\t>\n<div class=\"siteorigin-widget-tinymce textwidget\">\n\t<h2>Per qu\u00e8 aquest Memorial?<\/h2>\n<figure id=\"attachment_9774\" aria-describedby=\"caption-attachment-9774\" style=\"width: 300px\" class=\"wp-caption alignnone\"><img decoding=\"async\" class=\"size-medium wp-image-9774\" src=\"https:\/\/www.cpl.es\/wp-content\/uploads\/DSCN1099-scaled-2-300x200.jpg\" alt=\"\" width=\"300\" height=\"200\" srcset=\"https:\/\/www.cpl.es\/wp-content\/uploads\/\/DSCN1099-scaled-2-300x200.jpg 300w, https:\/\/www.cpl.es\/wp-content\/uploads\/\/DSCN1099-scaled-2-416x277.jpg 416w, https:\/\/www.cpl.es\/wp-content\/uploads\/\/DSCN1099-scaled-2.jpg 600w\" sizes=\"auto, (max-width: 300px) 100vw, 300px\" \/ fetchpriority=\"high\"><figcaption id=\"caption-attachment-9774\" class=\"wp-caption-text\">Mons. Pere Tena celebrant missa a la catedral de Barcelona<\/figcaption><\/figure>\n<figure id=\"attachment_9778\" class=\"wp-caption alignnone\" aria-describedby=\"caption-attachment-9778\"><\/figure>\n<p>L\u2019any 2014 l\u2019Assemblea del Centre de Pastoral Lit\u00fargica de Barcelona va crear el Memorial Pere Tena de Pastoral Lit\u00fargica per dur a terme un reconeixement, una vegada a l\u2019any, a una persona, grup de persones, entitat, activitat, obra o publicaci\u00f3, que hagi estat o sigui significativa en la tasca de la pastoral lit\u00fargica, en la l\u00ednia oberta pel Concili Vatic\u00e0 II.<\/p>\n<p>Aquest Memorial pren el nom Pere Tena amb la voluntat de mantenir viva la mem\u00f2ria del bisbe Tena com a pedagog de la lit\u00fargia, donar relleu a tot all\u00f2 que ajuda a viure la lit\u00fargia de l\u2019Esgl\u00e9sia en el m\u00f3n actual, i recordar de manera constant la import\u00e0ncia de la pastoral lit\u00fargica en la vida cristiana.<\/p>\n<p><img loading=\"lazy\" decoding=\"async\" class=\"size-medium wp-image-9778\" src=\"https:\/\/www.cpl.es\/wp-content\/uploads\/02-01-Memorial-Pere-Tena-300x200.jpg\" sizes=\"auto, (max-width: 300px) 100vw, 300px\" srcset=\"https:\/\/www.cpl.es\/wp-content\/uploads\/\/02-01-Memorial-Pere-Tena-300x200.jpg 300w, https:\/\/www.cpl.es\/wp-content\/uploads\/\/02-01-Memorial-Pere-Tena-416x278.jpg 416w, https:\/\/www.cpl.es\/wp-content\/uploads\/\/02-01-Memorial-Pere-Tena.jpg 640w\" alt=\"\" width=\"300\" height=\"200\" \/ fetchpriority=\"low\">Benedicci\u00f3 de Mons. Pere Tena de la seu<br \/>\ndel Centre de Pastoral Lit\u00fargica (2013)<\/p>\n<h2>Procediment per a la concessi\u00f3 del Memorial<\/h2>\n<p>a) Durant els mesos d\u2019octubre i novembre els membres del Centre de Pastoral Lit\u00fargica podran presentar, al President del Centre, propostes de possibles candidats. Tamb\u00e9 podran presentar propostes les entitats d\u2019alguna manera vinculades amb la lit\u00fargia i la pastoral lit\u00fargica.<\/p>\n<p>b) Durant el mes de desembre el President i el Consell del Centre de Pastoral Lit\u00fargica decidiran la concessi\u00f3 del Memorial a una de les candidatures proposades o b\u00e9, si es considera oport\u00fa, a dues d\u2019elles simult\u00e0niament. La concessi\u00f3 del Memorial no es podr\u00e0 declarar deserta.<\/p>\n<p>c) Durant el mes de gener es far\u00e0 p\u00fablic el nom del guanyador del Memorial i el format de l\u2019acte de proclamaci\u00f3 i lliurament.<\/p>\n<p>d) En una data entorn del 10 de febrer tindr\u00e0 lloc l\u2019acte p\u00fablic de proclamaci\u00f3 i lliurament del Memorial.<\/p>\n<h2>Proclamaci\u00f3 i lliurament del Memorial<\/h2>\n<p>La proclamaci\u00f3 i lliurament del Memorial es dur\u00e0 a terme cada any en un acte p\u00fablic entorn de la data del 10 de febrer, aniversari de la mort del bisbe Pere. La concessi\u00f3 del Memorial comportar\u00e0 la publicaci\u00f3 en el primer n\u00famero de l\u2019any de la revista \u00abPhase\u00bb del nom del seu receptor o receptora i la ressenya de les motivacions de la seva concessi\u00f3.<\/p>\n<p><img decoding=\"async\" src=\"https:\/\/www.cpl.es\/wp-content\/uploads\/pastoral-liturgica-300x445.jpg\" \/ loading=\"lazy\" fetchpriority=\"low\"><\/p>\n<\/div>\n<\/div><\/div><\/div><\/div><\/div>","protected":false},"excerpt":{"rendered":"<p>Per qu\u00e8 aquest Memorial? L\u2019any 2014 l\u2019Assemblea del Centre de Pastoral Lit\u00fargica de Barcelona va crear el Memorial Pere Tena de Pastoral Lit\u00fargica per dur a terme un reconeixement, una vegada a l\u2019any, a una persona, grup de persones, entitat, activitat, obra o publicaci\u00f3, que hagi estat o sigui significativa en la tasca de la [&hellip;]<\/p>\n","protected":false},"author":1,"featured_media":0,"parent":11101,"menu_order":2,"comment_status":"closed","ping_status":"closed","template":"","meta":{"_acf_changed":false,"inline_featured_image":false,"footnotes":""},"class_list":["post-11928","page","type-page","status-publish","hentry"],"acf":[],"yoast_head":"<!-- This site is optimized with the Yoast SEO plugin v27.3 - https:\/\/yoast.com\/product\/yoast-seo-wordpress\/ -->\n<title>Memorial Pere Tena - CPL<\/title>\n<meta name=\"robots\" content=\"index, follow, max-snippet:-1, max-image-preview:large, max-video-preview:-1\" \/>\n<link rel=\"canonical\" href=\"https:\/\/www.cpl.es\/ca\/blog\/memorial-pere-tena\/memorial-pere-tena\/\" \/>\n<meta property=\"og:locale\" content=\"ca_ES\" \/>\n<meta property=\"og:type\" content=\"article\" \/>\n<meta property=\"og:title\" content=\"Memorial Pere Tena - CPL\" \/>\n<meta property=\"og:description\" content=\"Per qu\u00e8 aquest Memorial? L\u2019any 2014 l\u2019Assemblea del Centre de Pastoral Lit\u00fargica de Barcelona va crear el Memorial Pere Tena de Pastoral Lit\u00fargica per dur a terme un reconeixement, una vegada a l\u2019any, a una persona, grup de persones, entitat, activitat, obra o publicaci\u00f3, que hagi estat o sigui significativa en la tasca de la [&hellip;]\" \/>\n<meta property=\"og:url\" content=\"https:\/\/www.cpl.es\/ca\/blog\/memorial-pere-tena\/memorial-pere-tena\/\" \/>\n<meta property=\"og:site_name\" content=\"CPL\" \/>\n<meta property=\"article:modified_time\" content=\"2024-04-25T14:30:13+00:00\" \/>\n<meta property=\"og:image\" content=\"https:\/\/www.cpl.es\/wp-content\/uploads\/DSCN1099-scaled-2-300x200.jpg\" \/>\n<meta name=\"twitter:card\" content=\"summary_large_image\" \/>\n<meta name=\"twitter:label1\" content=\"Temps estimat de lectura\" \/>\n\t<meta name=\"twitter:data1\" content=\"3 minuts\" \/>\n<script type=\"application\/ld+json\" class=\"yoast-schema-graph\">{\"@context\":\"https:\\\/\\\/schema.org\",\"@graph\":[{\"@type\":\"WebPage\",\"@id\":\"https:\\\/\\\/www.cpl.es\\\/ca\\\/blog\\\/memorial-pere-tena\\\/memorial-pere-tena\\\/\",\"url\":\"https:\\\/\\\/www.cpl.es\\\/ca\\\/blog\\\/memorial-pere-tena\\\/memorial-pere-tena\\\/\",\"name\":\"Memorial Pere Tena - CPL\",\"isPartOf\":{\"@id\":\"https:\\\/\\\/www.cpl.es\\\/#website\"},\"primaryImageOfPage\":{\"@id\":\"https:\\\/\\\/www.cpl.es\\\/ca\\\/blog\\\/memorial-pere-tena\\\/memorial-pere-tena\\\/#primaryimage\"},\"image\":{\"@id\":\"https:\\\/\\\/www.cpl.es\\\/ca\\\/blog\\\/memorial-pere-tena\\\/memorial-pere-tena\\\/#primaryimage\"},\"thumbnailUrl\":\"https:\\\/\\\/www.cpl.es\\\/wp-content\\\/uploads\\\/DSCN1099-scaled-2-300x200.jpg\",\"datePublished\":\"2023-11-30T07:00:24+00:00\",\"dateModified\":\"2024-04-25T14:30:13+00:00\",\"breadcrumb\":{\"@id\":\"https:\\\/\\\/www.cpl.es\\\/ca\\\/blog\\\/memorial-pere-tena\\\/memorial-pere-tena\\\/#breadcrumb\"},\"inLanguage\":\"ca\",\"potentialAction\":[{\"@type\":\"ReadAction\",\"target\":[\"https:\\\/\\\/www.cpl.es\\\/ca\\\/blog\\\/memorial-pere-tena\\\/memorial-pere-tena\\\/\"]}]},{\"@type\":\"ImageObject\",\"inLanguage\":\"ca\",\"@id\":\"https:\\\/\\\/www.cpl.es\\\/ca\\\/blog\\\/memorial-pere-tena\\\/memorial-pere-tena\\\/#primaryimage\",\"url\":\"https:\\\/\\\/www.cpl.es\\\/wp-content\\\/uploads\\\/DSCN1099-scaled-2-300x200.jpg\",\"contentUrl\":\"https:\\\/\\\/www.cpl.es\\\/wp-content\\\/uploads\\\/DSCN1099-scaled-2-300x200.jpg\"},{\"@type\":\"BreadcrumbList\",\"@id\":\"https:\\\/\\\/www.cpl.es\\\/ca\\\/blog\\\/memorial-pere-tena\\\/memorial-pere-tena\\\/#breadcrumb\",\"itemListElement\":[{\"@type\":\"ListItem\",\"position\":1,\"name\":\"Portada\",\"item\":\"https:\\\/\\\/www.cpl.es\\\/ca\\\/\"},{\"@type\":\"ListItem\",\"position\":2,\"name\":\"Blog\",\"item\":\"https:\\\/\\\/www.cpl.es\\\/ca\\\/blog\\\/\"},{\"@type\":\"ListItem\",\"position\":3,\"name\":\"Memorial Pere Tena\",\"item\":\"https:\\\/\\\/www.cpl.es\\\/ca\\\/blog\\\/memorial-pere-tena\\\/\"},{\"@type\":\"ListItem\",\"position\":4,\"name\":\"Memorial Pere Tena\"}]},{\"@type\":\"WebSite\",\"@id\":\"https:\\\/\\\/www.cpl.es\\\/#website\",\"url\":\"https:\\\/\\\/www.cpl.es\\\/\",\"name\":\"CPL\",\"description\":\"Centre de Pastoral Lit\u00fargica de Barcelona\",\"publisher\":{\"@id\":\"https:\\\/\\\/www.cpl.es\\\/#organization\"},\"alternateName\":\"Centre de Pastoral Lit\u00fargica\",\"potentialAction\":[{\"@type\":\"SearchAction\",\"target\":{\"@type\":\"EntryPoint\",\"urlTemplate\":\"https:\\\/\\\/www.cpl.es\\\/?s={search_term_string}\"},\"query-input\":{\"@type\":\"PropertyValueSpecification\",\"valueRequired\":true,\"valueName\":\"search_term_string\"}}],\"inLanguage\":\"ca\"},{\"@type\":\"Organization\",\"@id\":\"https:\\\/\\\/www.cpl.es\\\/#organization\",\"name\":\"Centre de Pastoral Lit\u00fargica\",\"alternateName\":\"Centre de Pastoral Lit\u00fargica de Barcelona\",\"url\":\"https:\\\/\\\/www.cpl.es\\\/\",\"logo\":{\"@type\":\"ImageObject\",\"inLanguage\":\"ca\",\"@id\":\"https:\\\/\\\/www.cpl.es\\\/#\\\/schema\\\/logo\\\/image\\\/\",\"url\":\"https:\\\/\\\/www.cpl.es\\\/wp-content\\\/uploads\\\/logo-cpl.svg\",\"contentUrl\":\"https:\\\/\\\/www.cpl.es\\\/wp-content\\\/uploads\\\/logo-cpl.svg\",\"caption\":\"Centre de Pastoral Lit\u00fargica\"},\"image\":{\"@id\":\"https:\\\/\\\/www.cpl.es\\\/#\\\/schema\\\/logo\\\/image\\\/\"}}]}<\/script>\n<!-- \/ Yoast SEO plugin. -->","yoast_head_json":{"title":"Memorial Pere Tena - CPL","robots":{"index":"index","follow":"follow","max-snippet":"max-snippet:-1","max-image-preview":"max-image-preview:large","max-video-preview":"max-video-preview:-1"},"canonical":"https:\/\/www.cpl.es\/ca\/blog\/memorial-pere-tena\/memorial-pere-tena\/","og_locale":"ca_ES","og_type":"article","og_title":"Memorial Pere Tena - CPL","og_description":"Per qu\u00e8 aquest Memorial? L\u2019any 2014 l\u2019Assemblea del Centre de Pastoral Lit\u00fargica de Barcelona va crear el Memorial Pere Tena de Pastoral Lit\u00fargica per dur a terme un reconeixement, una vegada a l\u2019any, a una persona, grup de persones, entitat, activitat, obra o publicaci\u00f3, que hagi estat o sigui significativa en la tasca de la [&hellip;]","og_url":"https:\/\/www.cpl.es\/ca\/blog\/memorial-pere-tena\/memorial-pere-tena\/","og_site_name":"CPL","article_modified_time":"2024-04-25T14:30:13+00:00","og_image":[{"url":"https:\/\/www.cpl.es\/wp-content\/uploads\/DSCN1099-scaled-2-300x200.jpg","type":"","width":"","height":""}],"twitter_card":"summary_large_image","twitter_misc":{"Temps estimat de lectura":"3 minuts"},"schema":{"@context":"https:\/\/schema.org","@graph":[{"@type":"WebPage","@id":"https:\/\/www.cpl.es\/ca\/blog\/memorial-pere-tena\/memorial-pere-tena\/","url":"https:\/\/www.cpl.es\/ca\/blog\/memorial-pere-tena\/memorial-pere-tena\/","name":"Memorial Pere Tena - CPL","isPartOf":{"@id":"https:\/\/www.cpl.es\/#website"},"primaryImageOfPage":{"@id":"https:\/\/www.cpl.es\/ca\/blog\/memorial-pere-tena\/memorial-pere-tena\/#primaryimage"},"image":{"@id":"https:\/\/www.cpl.es\/ca\/blog\/memorial-pere-tena\/memorial-pere-tena\/#primaryimage"},"thumbnailUrl":"https:\/\/www.cpl.es\/wp-content\/uploads\/DSCN1099-scaled-2-300x200.jpg","datePublished":"2023-11-30T07:00:24+00:00","dateModified":"2024-04-25T14:30:13+00:00","breadcrumb":{"@id":"https:\/\/www.cpl.es\/ca\/blog\/memorial-pere-tena\/memorial-pere-tena\/#breadcrumb"},"inLanguage":"ca","potentialAction":[{"@type":"ReadAction","target":["https:\/\/www.cpl.es\/ca\/blog\/memorial-pere-tena\/memorial-pere-tena\/"]}]},{"@type":"ImageObject","inLanguage":"ca","@id":"https:\/\/www.cpl.es\/ca\/blog\/memorial-pere-tena\/memorial-pere-tena\/#primaryimage","url":"https:\/\/www.cpl.es\/wp-content\/uploads\/DSCN1099-scaled-2-300x200.jpg","contentUrl":"https:\/\/www.cpl.es\/wp-content\/uploads\/DSCN1099-scaled-2-300x200.jpg"},{"@type":"BreadcrumbList","@id":"https:\/\/www.cpl.es\/ca\/blog\/memorial-pere-tena\/memorial-pere-tena\/#breadcrumb","itemListElement":[{"@type":"ListItem","position":1,"name":"Portada","item":"https:\/\/www.cpl.es\/ca\/"},{"@type":"ListItem","position":2,"name":"Blog","item":"https:\/\/www.cpl.es\/ca\/blog\/"},{"@type":"ListItem","position":3,"name":"Memorial Pere Tena","item":"https:\/\/www.cpl.es\/ca\/blog\/memorial-pere-tena\/"},{"@type":"ListItem","position":4,"name":"Memorial Pere Tena"}]},{"@type":"WebSite","@id":"https:\/\/www.cpl.es\/#website","url":"https:\/\/www.cpl.es\/","name":"CPL","description":"Centre de Pastoral Lit\u00fargica de Barcelona","publisher":{"@id":"https:\/\/www.cpl.es\/#organization"},"alternateName":"Centre de Pastoral Lit\u00fargica","potentialAction":[{"@type":"SearchAction","target":{"@type":"EntryPoint","urlTemplate":"https:\/\/www.cpl.es\/?s={search_term_string}"},"query-input":{"@type":"PropertyValueSpecification","valueRequired":true,"valueName":"search_term_string"}}],"inLanguage":"ca"},{"@type":"Organization","@id":"https:\/\/www.cpl.es\/#organization","name":"Centre de Pastoral Lit\u00fargica","alternateName":"Centre de Pastoral Lit\u00fargica de Barcelona","url":"https:\/\/www.cpl.es\/","logo":{"@type":"ImageObject","inLanguage":"ca","@id":"https:\/\/www.cpl.es\/#\/schema\/logo\/image\/","url":"https:\/\/www.cpl.es\/wp-content\/uploads\/logo-cpl.svg","contentUrl":"https:\/\/www.cpl.es\/wp-content\/uploads\/logo-cpl.svg","caption":"Centre de Pastoral Lit\u00fargica"},"image":{"@id":"https:\/\/www.cpl.es\/#\/schema\/logo\/image\/"}}]}},"_links":{"self":[{"href":"https:\/\/www.cpl.es\/ca\/wp-json\/wp\/v2\/pages\/11928","targetHints":{"allow":["GET"]}}],"collection":[{"href":"https:\/\/www.cpl.es\/ca\/wp-json\/wp\/v2\/pages"}],"about":[{"href":"https:\/\/www.cpl.es\/ca\/wp-json\/wp\/v2\/types\/page"}],"author":[{"embeddable":true,"href":"https:\/\/www.cpl.es\/ca\/wp-json\/wp\/v2\/users\/1"}],"replies":[{"embeddable":true,"href":"https:\/\/www.cpl.es\/ca\/wp-json\/wp\/v2\/comments?post=11928"}],"version-history":[{"count":4,"href":"https:\/\/www.cpl.es\/ca\/wp-json\/wp\/v2\/pages\/11928\/revisions"}],"predecessor-version":[{"id":14874,"href":"https:\/\/www.cpl.es\/ca\/wp-json\/wp\/v2\/pages\/11928\/revisions\/14874"}],"up":[{"embeddable":true,"href":"https:\/\/www.cpl.es\/ca\/wp-json\/wp\/v2\/pages\/11101"}],"wp:attachment":[{"href":"https:\/\/www.cpl.es\/ca\/wp-json\/wp\/v2\/media?parent=11928"}],"curies":[{"name":"wp","href":"https:\/\/api.w.org\/{rel}","templated":true}]}}