{"id":11926,"date":"2023-11-30T07:56:50","date_gmt":"2023-11-30T06:56:50","guid":{"rendered":"https:\/\/nuevaweb.cpl.es\/?page_id=11926"},"modified":"2023-12-14T22:33:48","modified_gmt":"2023-12-14T21:33:48","slug":"reconeixement-i-memoria","status":"publish","type":"page","link":"https:\/\/www.cpl.es\/ca\/blog\/memorial-pere-tena\/pere-tena-garriga-1928-2014\/reconeixement-i-memoria\/","title":{"rendered":"Reconeixement i mem\u00f2ria"},"content":{"rendered":"<div id=\"pl-11926\"  class=\"panel-layout\" ><div id=\"pg-11926-0\"  class=\"panel-grid panel-no-style\" ><div id=\"pgc-11926-0-0\"  class=\"panel-grid-cell\" ><div id=\"panel-11926-0-0-0\" class=\"so-panel widget widget_sow-editor panel-first-child panel-last-child\" data-index=\"0\" ><div\n\t\t\t\n\t\t\tclass=\"so-widget-sow-editor so-widget-sow-editor-base\"\n\t\t\t\n\t\t>\n<div class=\"siteorigin-widget-tinymce textwidget\">\n\t<h2><b style=\"font-size: 16px;\"><span lang=\"CA\">Jornada de l\u2019Institut Superior de Lit\u00fargia sobre Mons. Pere Tena<\/span><\/b><b style=\"font-size: 16px;\"><span lang=\"CA\">\u00a0 (2016)<\/span><\/b><\/h2>\n<div class=\"global indent\">\n<div class=\"container\">\n<div class=\"row\">\n<article class=\"col-lg-9 col-md-9 col-sm-12\">\n<div class=\"thumb-pad2\">\n<div class=\"thumbnail\">\n<div class=\"caption\">\n<p class=\"x_MsoNormal\"><span lang=\"CA\">El dia 4 de maig va tenir lloc a Barcelona, a la seu de l\u2019Institut Superior de Lit\u00fargia de Barcelona, una Jornada d\u2019estudi sobre\u00a0<b><i>\u201cPere Tena, te\u00f2leg i pedagog de la lit\u00fargia\u201d<\/i><\/b>, organitzada per l\u2019Institut amb la col\u00b7laboraci\u00f3 del Centre de Pastoral Lit\u00fargica de Barcelona.<\/span><span lang=\"CA\">\u00a0<\/span><\/p>\n<p class=\"x_MsoNormal\"><span lang=\"CA\">Hi van participar amb sengles pon\u00e8ncies el Dr. Joan Josep Mor\u00e9 SDB, que parl\u00e0 de<i>\u201cPere Tena, te\u00f2leg de la lit\u00fargia\u201d,<\/i>\u00a0el Dr. Gabriel Ramis, que desenrotll\u00e0 el tema<i>\u201cL\u2019aportaci\u00f3 del bisbe Tena a la teologia lit\u00fargica<\/i>\u201d, i finalment la pon\u00e8ncia de Mons. Corrado Maggioni SMM, subsecretari de la Congregaci\u00f3 per al Culte div\u00ed i la disciplina dels sagraments, que dissert\u00e0 sobre\u00a0<i>\u201cEls anys romans de Pere Tena al servei de la lit\u00fargia\u201d.<\/i><\/span><span lang=\"CA\">\u00a0<\/span><\/p>\n<p class=\"x_MsoNormal\"><span lang=\"CA\">Presid\u00ed l\u2019acte el Director de l\u2019Institut, Dr. Jaume Gonz\u00e1lez Padr\u00f3s, i van ser-hi presents l\u2019arquebisbe em\u00e8rit de Barcelona, Cardenal Llu\u00eds Mart\u00ednez Sistach, l\u2019arquebisbe d\u2019Urgell Mons. Joan-Enric Vives, i el bisbe em\u00e8rit de Solsona Mons. Jaume Traserra, aix\u00ed com un bon grup d\u2019autoritats acad\u00e8miques, professors i alumnes, i amants de la lit\u00fargia.<\/span><\/p>\n<\/div>\n<\/div>\n<\/div>\n<\/article>\n<\/div>\n<\/div>\n<\/div>\n<\/div>\n<\/div><\/div><\/div><\/div><\/div>","protected":false},"excerpt":{"rendered":"<p>Jornada de l\u2019Institut Superior de Lit\u00fargia sobre Mons. Pere Tena\u00a0 (2016) El dia 4 de maig va tenir lloc a Barcelona, a la seu de l\u2019Institut Superior de Lit\u00fargia de Barcelona, una Jornada d\u2019estudi sobre\u00a0\u201cPere Tena, te\u00f2leg i pedagog de la lit\u00fargia\u201d, organitzada per l\u2019Institut amb la col\u00b7laboraci\u00f3 del Centre de Pastoral Lit\u00fargica de Barcelona.\u00a0 [&hellip;]<\/p>\n","protected":false},"author":1,"featured_media":0,"parent":11924,"menu_order":1,"comment_status":"closed","ping_status":"closed","template":"","meta":{"_acf_changed":false,"inline_featured_image":false,"footnotes":""},"class_list":["post-11926","page","type-page","status-publish","hentry"],"acf":[],"yoast_head":"<!-- This site is optimized with the Yoast SEO plugin v27.5 - https:\/\/yoast.com\/product\/yoast-seo-wordpress\/ -->\n<title>Reconeixement i mem\u00f2ria - CPL<\/title>\n<meta name=\"robots\" content=\"index, follow, max-snippet:-1, max-image-preview:large, max-video-preview:-1\" \/>\n<link rel=\"canonical\" href=\"https:\/\/www.cpl.es\/ca\/blog\/memorial-pere-tena\/pere-tena-garriga-1928-2014\/reconeixement-i-memoria\/\" \/>\n<meta property=\"og:locale\" content=\"ca_ES\" \/>\n<meta property=\"og:type\" content=\"article\" \/>\n<meta property=\"og:title\" content=\"Reconeixement i mem\u00f2ria - CPL\" \/>\n<meta property=\"og:description\" content=\"Jornada de l\u2019Institut Superior de Lit\u00fargia sobre Mons. Pere Tena\u00a0 (2016) El dia 4 de maig va tenir lloc a Barcelona, a la seu de l\u2019Institut Superior de Lit\u00fargia de Barcelona, una Jornada d\u2019estudi sobre\u00a0\u201cPere Tena, te\u00f2leg i pedagog de la lit\u00fargia\u201d, organitzada per l\u2019Institut amb la col\u00b7laboraci\u00f3 del Centre de Pastoral Lit\u00fargica de Barcelona.\u00a0 [&hellip;]\" \/>\n<meta property=\"og:url\" content=\"https:\/\/www.cpl.es\/ca\/blog\/memorial-pere-tena\/pere-tena-garriga-1928-2014\/reconeixement-i-memoria\/\" \/>\n<meta property=\"og:site_name\" content=\"CPL\" \/>\n<meta property=\"article:modified_time\" content=\"2023-12-14T21:33:48+00:00\" \/>\n<meta name=\"twitter:card\" content=\"summary_large_image\" \/>\n<meta name=\"twitter:label1\" content=\"Temps estimat de lectura\" \/>\n\t<meta name=\"twitter:data1\" content=\"1 minut\" \/>\n<script type=\"application\/ld+json\" class=\"yoast-schema-graph\">{\"@context\":\"https:\\\/\\\/schema.org\",\"@graph\":[{\"@type\":\"WebPage\",\"@id\":\"https:\\\/\\\/www.cpl.es\\\/ca\\\/blog\\\/memorial-pere-tena\\\/pere-tena-garriga-1928-2014\\\/reconeixement-i-memoria\\\/\",\"url\":\"https:\\\/\\\/www.cpl.es\\\/ca\\\/blog\\\/memorial-pere-tena\\\/pere-tena-garriga-1928-2014\\\/reconeixement-i-memoria\\\/\",\"name\":\"Reconeixement i mem\u00f2ria - CPL\",\"isPartOf\":{\"@id\":\"https:\\\/\\\/www.cpl.es\\\/#website\"},\"datePublished\":\"2023-11-30T06:56:50+00:00\",\"dateModified\":\"2023-12-14T21:33:48+00:00\",\"breadcrumb\":{\"@id\":\"https:\\\/\\\/www.cpl.es\\\/ca\\\/blog\\\/memorial-pere-tena\\\/pere-tena-garriga-1928-2014\\\/reconeixement-i-memoria\\\/#breadcrumb\"},\"inLanguage\":\"ca\",\"potentialAction\":[{\"@type\":\"ReadAction\",\"target\":[\"https:\\\/\\\/www.cpl.es\\\/ca\\\/blog\\\/memorial-pere-tena\\\/pere-tena-garriga-1928-2014\\\/reconeixement-i-memoria\\\/\"]}]},{\"@type\":\"BreadcrumbList\",\"@id\":\"https:\\\/\\\/www.cpl.es\\\/ca\\\/blog\\\/memorial-pere-tena\\\/pere-tena-garriga-1928-2014\\\/reconeixement-i-memoria\\\/#breadcrumb\",\"itemListElement\":[{\"@type\":\"ListItem\",\"position\":1,\"name\":\"Portada\",\"item\":\"https:\\\/\\\/www.cpl.es\\\/ca\\\/\"},{\"@type\":\"ListItem\",\"position\":2,\"name\":\"Blog\",\"item\":\"https:\\\/\\\/www.cpl.es\\\/ca\\\/blog\\\/\"},{\"@type\":\"ListItem\",\"position\":3,\"name\":\"Memorial Pere Tena\",\"item\":\"https:\\\/\\\/www.cpl.es\\\/ca\\\/blog\\\/memorial-pere-tena\\\/\"},{\"@type\":\"ListItem\",\"position\":4,\"name\":\"Pere Tena Garriga (1928-2014)\",\"item\":\"https:\\\/\\\/www.cpl.es\\\/ca\\\/blog\\\/memorial-pere-tena\\\/pere-tena-garriga-1928-2014\\\/\"},{\"@type\":\"ListItem\",\"position\":5,\"name\":\"Reconeixement i mem\u00f2ria\"}]},{\"@type\":\"WebSite\",\"@id\":\"https:\\\/\\\/www.cpl.es\\\/#website\",\"url\":\"https:\\\/\\\/www.cpl.es\\\/\",\"name\":\"CPL\",\"description\":\"Centre de Pastoral Lit\u00fargica de Barcelona\",\"publisher\":{\"@id\":\"https:\\\/\\\/www.cpl.es\\\/#organization\"},\"alternateName\":\"Centre de Pastoral Lit\u00fargica\",\"potentialAction\":[{\"@type\":\"SearchAction\",\"target\":{\"@type\":\"EntryPoint\",\"urlTemplate\":\"https:\\\/\\\/www.cpl.es\\\/?s={search_term_string}\"},\"query-input\":{\"@type\":\"PropertyValueSpecification\",\"valueRequired\":true,\"valueName\":\"search_term_string\"}}],\"inLanguage\":\"ca\"},{\"@type\":\"Organization\",\"@id\":\"https:\\\/\\\/www.cpl.es\\\/#organization\",\"name\":\"Centre de Pastoral Lit\u00fargica\",\"alternateName\":\"Centre de Pastoral Lit\u00fargica de Barcelona\",\"url\":\"https:\\\/\\\/www.cpl.es\\\/\",\"logo\":{\"@type\":\"ImageObject\",\"inLanguage\":\"ca\",\"@id\":\"https:\\\/\\\/www.cpl.es\\\/#\\\/schema\\\/logo\\\/image\\\/\",\"url\":\"https:\\\/\\\/www.cpl.es\\\/wp-content\\\/uploads\\\/logo-cpl.svg\",\"contentUrl\":\"https:\\\/\\\/www.cpl.es\\\/wp-content\\\/uploads\\\/logo-cpl.svg\",\"caption\":\"Centre de Pastoral Lit\u00fargica\"},\"image\":{\"@id\":\"https:\\\/\\\/www.cpl.es\\\/#\\\/schema\\\/logo\\\/image\\\/\"}}]}<\/script>\n<!-- \/ Yoast SEO plugin. -->","yoast_head_json":{"title":"Reconeixement i mem\u00f2ria - CPL","robots":{"index":"index","follow":"follow","max-snippet":"max-snippet:-1","max-image-preview":"max-image-preview:large","max-video-preview":"max-video-preview:-1"},"canonical":"https:\/\/www.cpl.es\/ca\/blog\/memorial-pere-tena\/pere-tena-garriga-1928-2014\/reconeixement-i-memoria\/","og_locale":"ca_ES","og_type":"article","og_title":"Reconeixement i mem\u00f2ria - CPL","og_description":"Jornada de l\u2019Institut Superior de Lit\u00fargia sobre Mons. Pere Tena\u00a0 (2016) El dia 4 de maig va tenir lloc a Barcelona, a la seu de l\u2019Institut Superior de Lit\u00fargia de Barcelona, una Jornada d\u2019estudi sobre\u00a0\u201cPere Tena, te\u00f2leg i pedagog de la lit\u00fargia\u201d, organitzada per l\u2019Institut amb la col\u00b7laboraci\u00f3 del Centre de Pastoral Lit\u00fargica de Barcelona.\u00a0 [&hellip;]","og_url":"https:\/\/www.cpl.es\/ca\/blog\/memorial-pere-tena\/pere-tena-garriga-1928-2014\/reconeixement-i-memoria\/","og_site_name":"CPL","article_modified_time":"2023-12-14T21:33:48+00:00","twitter_card":"summary_large_image","twitter_misc":{"Temps estimat de lectura":"1 minut"},"schema":{"@context":"https:\/\/schema.org","@graph":[{"@type":"WebPage","@id":"https:\/\/www.cpl.es\/ca\/blog\/memorial-pere-tena\/pere-tena-garriga-1928-2014\/reconeixement-i-memoria\/","url":"https:\/\/www.cpl.es\/ca\/blog\/memorial-pere-tena\/pere-tena-garriga-1928-2014\/reconeixement-i-memoria\/","name":"Reconeixement i mem\u00f2ria - CPL","isPartOf":{"@id":"https:\/\/www.cpl.es\/#website"},"datePublished":"2023-11-30T06:56:50+00:00","dateModified":"2023-12-14T21:33:48+00:00","breadcrumb":{"@id":"https:\/\/www.cpl.es\/ca\/blog\/memorial-pere-tena\/pere-tena-garriga-1928-2014\/reconeixement-i-memoria\/#breadcrumb"},"inLanguage":"ca","potentialAction":[{"@type":"ReadAction","target":["https:\/\/www.cpl.es\/ca\/blog\/memorial-pere-tena\/pere-tena-garriga-1928-2014\/reconeixement-i-memoria\/"]}]},{"@type":"BreadcrumbList","@id":"https:\/\/www.cpl.es\/ca\/blog\/memorial-pere-tena\/pere-tena-garriga-1928-2014\/reconeixement-i-memoria\/#breadcrumb","itemListElement":[{"@type":"ListItem","position":1,"name":"Portada","item":"https:\/\/www.cpl.es\/ca\/"},{"@type":"ListItem","position":2,"name":"Blog","item":"https:\/\/www.cpl.es\/ca\/blog\/"},{"@type":"ListItem","position":3,"name":"Memorial Pere Tena","item":"https:\/\/www.cpl.es\/ca\/blog\/memorial-pere-tena\/"},{"@type":"ListItem","position":4,"name":"Pere Tena Garriga (1928-2014)","item":"https:\/\/www.cpl.es\/ca\/blog\/memorial-pere-tena\/pere-tena-garriga-1928-2014\/"},{"@type":"ListItem","position":5,"name":"Reconeixement i mem\u00f2ria"}]},{"@type":"WebSite","@id":"https:\/\/www.cpl.es\/#website","url":"https:\/\/www.cpl.es\/","name":"CPL","description":"Centre de Pastoral Lit\u00fargica de Barcelona","publisher":{"@id":"https:\/\/www.cpl.es\/#organization"},"alternateName":"Centre de Pastoral Lit\u00fargica","potentialAction":[{"@type":"SearchAction","target":{"@type":"EntryPoint","urlTemplate":"https:\/\/www.cpl.es\/?s={search_term_string}"},"query-input":{"@type":"PropertyValueSpecification","valueRequired":true,"valueName":"search_term_string"}}],"inLanguage":"ca"},{"@type":"Organization","@id":"https:\/\/www.cpl.es\/#organization","name":"Centre de Pastoral Lit\u00fargica","alternateName":"Centre de Pastoral Lit\u00fargica de Barcelona","url":"https:\/\/www.cpl.es\/","logo":{"@type":"ImageObject","inLanguage":"ca","@id":"https:\/\/www.cpl.es\/#\/schema\/logo\/image\/","url":"https:\/\/www.cpl.es\/wp-content\/uploads\/logo-cpl.svg","contentUrl":"https:\/\/www.cpl.es\/wp-content\/uploads\/logo-cpl.svg","caption":"Centre de Pastoral Lit\u00fargica"},"image":{"@id":"https:\/\/www.cpl.es\/#\/schema\/logo\/image\/"}}]}},"_links":{"self":[{"href":"https:\/\/www.cpl.es\/ca\/wp-json\/wp\/v2\/pages\/11926","targetHints":{"allow":["GET"]}}],"collection":[{"href":"https:\/\/www.cpl.es\/ca\/wp-json\/wp\/v2\/pages"}],"about":[{"href":"https:\/\/www.cpl.es\/ca\/wp-json\/wp\/v2\/types\/page"}],"author":[{"embeddable":true,"href":"https:\/\/www.cpl.es\/ca\/wp-json\/wp\/v2\/users\/1"}],"replies":[{"embeddable":true,"href":"https:\/\/www.cpl.es\/ca\/wp-json\/wp\/v2\/comments?post=11926"}],"version-history":[{"count":1,"href":"https:\/\/www.cpl.es\/ca\/wp-json\/wp\/v2\/pages\/11926\/revisions"}],"predecessor-version":[{"id":11927,"href":"https:\/\/www.cpl.es\/ca\/wp-json\/wp\/v2\/pages\/11926\/revisions\/11927"}],"up":[{"embeddable":true,"href":"https:\/\/www.cpl.es\/ca\/wp-json\/wp\/v2\/pages\/11924"}],"wp:attachment":[{"href":"https:\/\/www.cpl.es\/ca\/wp-json\/wp\/v2\/media?parent=11926"}],"curies":[{"name":"wp","href":"https:\/\/api.w.org\/{rel}","templated":true}]}}