{"id":11753,"date":"2023-11-30T07:16:43","date_gmt":"2023-11-30T06:16:43","guid":{"rendered":"https:\/\/nuevaweb.cpl.es\/?page_id=11753"},"modified":"2023-12-14T21:25:58","modified_gmt":"2023-12-14T20:25:58","slug":"coses-a-tenir-en-compte","status":"publish","type":"page","link":"https:\/\/www.cpl.es\/ca\/blog\/vida-liturgica\/assemblea-dominical-en-absencia-de-prevere\/coses-a-tenir-en-compte\/","title":{"rendered":"Coses a tenir en compte"},"content":{"rendered":"<div id=\"pl-11753\"  class=\"panel-layout\" ><div id=\"pg-11753-0\"  class=\"panel-grid panel-no-style\" ><div id=\"pgc-11753-0-0\"  class=\"panel-grid-cell\" ><div id=\"panel-11753-0-0-0\" class=\"so-panel widget widget_sow-editor panel-first-child panel-last-child\" data-index=\"0\" ><div\n\t\t\t\n\t\t\tclass=\"so-widget-sow-editor so-widget-sow-editor-base\"\n\t\t\t\n\t\t>\n<div class=\"siteorigin-widget-tinymce textwidget\">\n\t<p>Quan es facin aquestes celebracions, cal programar un\u00a0<strong>pla pastoral<\/strong>\u00a0en qu\u00e8 algunes comunitats tenen una celebraci\u00f3 sense prevere algun diumenge al mes, alternant amb altres parr\u00f2quies ve\u00efnes els diumenges en qu\u00e8 s\u00ed que hi ha celebraci\u00f3 de l\u2019<strong>Eucaristia<\/strong>. Cal programar les celebracions a partir dels criteris del propi\u00a0<strong>bisbat<\/strong>, amb l\u2019assessorament de la Delegaci\u00f3 de Lit\u00fargia, i de forma coordinada en cada arxiprestat i\/o agrupaci\u00f3 de\u00a0<strong>parr\u00f2quies<\/strong>.<\/p>\n<p>Tamb\u00e9 cal donar als fidels la informaci\u00f3 exacta de quan i on hi ha missa i ADAP.<\/p>\n<p>En les grans festes cal intentar assegurar l\u2019Eucaristia a totes les\u00a0<strong>comunitats<\/strong>; i si no \u00e9s possible, agrupar diverses comunitats per celebrar conjuntament la\u00a0<strong>missa<\/strong>\u00a0aquell dia.<\/p>\n<p>Tamb\u00e9 cal vetllar en no caure en abusos com que en una mateixa parr\u00f2quia hi hagi en una mateixa festa (en una altra hora o la vig\u00edlia) una\u00a0<strong>ADAP<\/strong>. Les celebracions en abs\u00e8ncia de prevere nom\u00e9s s\u00f3n per als casos que en una comunitat no hi pugui haver\u00a0<strong>missa<\/strong>\u00a0aquell\u00a0<strong>diumenge<\/strong>\u00a0o festa.<\/p>\n<p>Diversos bisbats ofereixen rituals per al desenvolupament d\u2019aquestes celebracions. Tamb\u00e9 el\u00a0<a href=\"http:\/\/pastoral.cpl.es\/index.php\/assemblea-dominical-en-absencia-de-prevere\/materials-per-a-%E2%80%A6ebracio-de-ladap\/\" target=\"_blank\" rel=\"noopener\">Centre de Pastoral Lit\u00fargica<\/a>\u00a0disposa de materials per a la seva preparaci\u00f3 i celebraci\u00f3. Recordem que cal utilitzar el Leccionari, per\u00f2 no el\u00a0<em>Missal<\/em>; en aquest cas, el Ritual per a les ADAP es pot complementar amb el full per a la celebraci\u00f3 de\u00a0<em>Missa Dominical<\/em>.<\/p>\n<\/div>\n<\/div><\/div><\/div><\/div><\/div>","protected":false},"excerpt":{"rendered":"<p>Quan es facin aquestes celebracions, cal programar un\u00a0pla pastoral\u00a0en qu\u00e8 algunes comunitats tenen una celebraci\u00f3 sense prevere algun diumenge al mes, alternant amb altres parr\u00f2quies ve\u00efnes els diumenges en qu\u00e8 s\u00ed que hi ha celebraci\u00f3 de l\u2019Eucaristia. Cal programar les celebracions a partir dels criteris del propi\u00a0bisbat, amb l\u2019assessorament de la Delegaci\u00f3 de Lit\u00fargia, i [&hellip;]<\/p>\n","protected":false},"author":1,"featured_media":0,"parent":11744,"menu_order":2,"comment_status":"closed","ping_status":"closed","template":"","meta":{"_acf_changed":false,"inline_featured_image":false,"footnotes":""},"class_list":["post-11753","page","type-page","status-publish","hentry"],"acf":[],"yoast_head":"<!-- This site is optimized with the Yoast SEO plugin v27.3 - https:\/\/yoast.com\/product\/yoast-seo-wordpress\/ -->\n<title>Coses a tenir en compte - CPL<\/title>\n<meta name=\"robots\" content=\"index, follow, max-snippet:-1, max-image-preview:large, max-video-preview:-1\" \/>\n<link rel=\"canonical\" href=\"https:\/\/www.cpl.es\/ca\/blog\/vida-liturgica\/assemblea-dominical-en-absencia-de-prevere\/coses-a-tenir-en-compte\/\" \/>\n<meta property=\"og:locale\" content=\"ca_ES\" \/>\n<meta property=\"og:type\" content=\"article\" \/>\n<meta property=\"og:title\" content=\"Coses a tenir en compte - CPL\" \/>\n<meta property=\"og:description\" content=\"Quan es facin aquestes celebracions, cal programar un\u00a0pla pastoral\u00a0en qu\u00e8 algunes comunitats tenen una celebraci\u00f3 sense prevere algun diumenge al mes, alternant amb altres parr\u00f2quies ve\u00efnes els diumenges en qu\u00e8 s\u00ed que hi ha celebraci\u00f3 de l\u2019Eucaristia. Cal programar les celebracions a partir dels criteris del propi\u00a0bisbat, amb l\u2019assessorament de la Delegaci\u00f3 de Lit\u00fargia, i [&hellip;]\" \/>\n<meta property=\"og:url\" content=\"https:\/\/www.cpl.es\/ca\/blog\/vida-liturgica\/assemblea-dominical-en-absencia-de-prevere\/coses-a-tenir-en-compte\/\" \/>\n<meta property=\"og:site_name\" content=\"CPL\" \/>\n<meta property=\"article:modified_time\" content=\"2023-12-14T20:25:58+00:00\" \/>\n<meta name=\"twitter:card\" content=\"summary_large_image\" \/>\n<meta name=\"twitter:label1\" content=\"Temps estimat de lectura\" \/>\n\t<meta name=\"twitter:data1\" content=\"1 minut\" \/>\n<script type=\"application\/ld+json\" class=\"yoast-schema-graph\">{\"@context\":\"https:\\\/\\\/schema.org\",\"@graph\":[{\"@type\":\"WebPage\",\"@id\":\"https:\\\/\\\/www.cpl.es\\\/ca\\\/blog\\\/vida-liturgica\\\/assemblea-dominical-en-absencia-de-prevere\\\/coses-a-tenir-en-compte\\\/\",\"url\":\"https:\\\/\\\/www.cpl.es\\\/ca\\\/blog\\\/vida-liturgica\\\/assemblea-dominical-en-absencia-de-prevere\\\/coses-a-tenir-en-compte\\\/\",\"name\":\"Coses a tenir en compte - CPL\",\"isPartOf\":{\"@id\":\"https:\\\/\\\/www.cpl.es\\\/#website\"},\"datePublished\":\"2023-11-30T06:16:43+00:00\",\"dateModified\":\"2023-12-14T20:25:58+00:00\",\"breadcrumb\":{\"@id\":\"https:\\\/\\\/www.cpl.es\\\/ca\\\/blog\\\/vida-liturgica\\\/assemblea-dominical-en-absencia-de-prevere\\\/coses-a-tenir-en-compte\\\/#breadcrumb\"},\"inLanguage\":\"ca\",\"potentialAction\":[{\"@type\":\"ReadAction\",\"target\":[\"https:\\\/\\\/www.cpl.es\\\/ca\\\/blog\\\/vida-liturgica\\\/assemblea-dominical-en-absencia-de-prevere\\\/coses-a-tenir-en-compte\\\/\"]}]},{\"@type\":\"BreadcrumbList\",\"@id\":\"https:\\\/\\\/www.cpl.es\\\/ca\\\/blog\\\/vida-liturgica\\\/assemblea-dominical-en-absencia-de-prevere\\\/coses-a-tenir-en-compte\\\/#breadcrumb\",\"itemListElement\":[{\"@type\":\"ListItem\",\"position\":1,\"name\":\"Portada\",\"item\":\"https:\\\/\\\/www.cpl.es\\\/ca\\\/\"},{\"@type\":\"ListItem\",\"position\":2,\"name\":\"Blog\",\"item\":\"https:\\\/\\\/www.cpl.es\\\/ca\\\/blog\\\/\"},{\"@type\":\"ListItem\",\"position\":3,\"name\":\"Vida lit\u00fargica\",\"item\":\"https:\\\/\\\/www.cpl.es\\\/ca\\\/blog\\\/vida-liturgica\\\/\"},{\"@type\":\"ListItem\",\"position\":4,\"name\":\"Assemblea dominical en abs\u00e8ncia de prevere\",\"item\":\"https:\\\/\\\/www.cpl.es\\\/ca\\\/blog\\\/vida-liturgica\\\/assemblea-dominical-en-absencia-de-prevere\\\/\"},{\"@type\":\"ListItem\",\"position\":5,\"name\":\"Coses a tenir en compte\"}]},{\"@type\":\"WebSite\",\"@id\":\"https:\\\/\\\/www.cpl.es\\\/#website\",\"url\":\"https:\\\/\\\/www.cpl.es\\\/\",\"name\":\"CPL\",\"description\":\"Centre de Pastoral Lit\u00fargica de Barcelona\",\"publisher\":{\"@id\":\"https:\\\/\\\/www.cpl.es\\\/#organization\"},\"alternateName\":\"Centre de Pastoral Lit\u00fargica\",\"potentialAction\":[{\"@type\":\"SearchAction\",\"target\":{\"@type\":\"EntryPoint\",\"urlTemplate\":\"https:\\\/\\\/www.cpl.es\\\/?s={search_term_string}\"},\"query-input\":{\"@type\":\"PropertyValueSpecification\",\"valueRequired\":true,\"valueName\":\"search_term_string\"}}],\"inLanguage\":\"ca\"},{\"@type\":\"Organization\",\"@id\":\"https:\\\/\\\/www.cpl.es\\\/#organization\",\"name\":\"Centre de Pastoral Lit\u00fargica\",\"alternateName\":\"Centre de Pastoral Lit\u00fargica de Barcelona\",\"url\":\"https:\\\/\\\/www.cpl.es\\\/\",\"logo\":{\"@type\":\"ImageObject\",\"inLanguage\":\"ca\",\"@id\":\"https:\\\/\\\/www.cpl.es\\\/#\\\/schema\\\/logo\\\/image\\\/\",\"url\":\"https:\\\/\\\/www.cpl.es\\\/wp-content\\\/uploads\\\/logo-cpl.svg\",\"contentUrl\":\"https:\\\/\\\/www.cpl.es\\\/wp-content\\\/uploads\\\/logo-cpl.svg\",\"caption\":\"Centre de Pastoral Lit\u00fargica\"},\"image\":{\"@id\":\"https:\\\/\\\/www.cpl.es\\\/#\\\/schema\\\/logo\\\/image\\\/\"}}]}<\/script>\n<!-- \/ Yoast SEO plugin. -->","yoast_head_json":{"title":"Coses a tenir en compte - CPL","robots":{"index":"index","follow":"follow","max-snippet":"max-snippet:-1","max-image-preview":"max-image-preview:large","max-video-preview":"max-video-preview:-1"},"canonical":"https:\/\/www.cpl.es\/ca\/blog\/vida-liturgica\/assemblea-dominical-en-absencia-de-prevere\/coses-a-tenir-en-compte\/","og_locale":"ca_ES","og_type":"article","og_title":"Coses a tenir en compte - CPL","og_description":"Quan es facin aquestes celebracions, cal programar un\u00a0pla pastoral\u00a0en qu\u00e8 algunes comunitats tenen una celebraci\u00f3 sense prevere algun diumenge al mes, alternant amb altres parr\u00f2quies ve\u00efnes els diumenges en qu\u00e8 s\u00ed que hi ha celebraci\u00f3 de l\u2019Eucaristia. Cal programar les celebracions a partir dels criteris del propi\u00a0bisbat, amb l\u2019assessorament de la Delegaci\u00f3 de Lit\u00fargia, i [&hellip;]","og_url":"https:\/\/www.cpl.es\/ca\/blog\/vida-liturgica\/assemblea-dominical-en-absencia-de-prevere\/coses-a-tenir-en-compte\/","og_site_name":"CPL","article_modified_time":"2023-12-14T20:25:58+00:00","twitter_card":"summary_large_image","twitter_misc":{"Temps estimat de lectura":"1 minut"},"schema":{"@context":"https:\/\/schema.org","@graph":[{"@type":"WebPage","@id":"https:\/\/www.cpl.es\/ca\/blog\/vida-liturgica\/assemblea-dominical-en-absencia-de-prevere\/coses-a-tenir-en-compte\/","url":"https:\/\/www.cpl.es\/ca\/blog\/vida-liturgica\/assemblea-dominical-en-absencia-de-prevere\/coses-a-tenir-en-compte\/","name":"Coses a tenir en compte - CPL","isPartOf":{"@id":"https:\/\/www.cpl.es\/#website"},"datePublished":"2023-11-30T06:16:43+00:00","dateModified":"2023-12-14T20:25:58+00:00","breadcrumb":{"@id":"https:\/\/www.cpl.es\/ca\/blog\/vida-liturgica\/assemblea-dominical-en-absencia-de-prevere\/coses-a-tenir-en-compte\/#breadcrumb"},"inLanguage":"ca","potentialAction":[{"@type":"ReadAction","target":["https:\/\/www.cpl.es\/ca\/blog\/vida-liturgica\/assemblea-dominical-en-absencia-de-prevere\/coses-a-tenir-en-compte\/"]}]},{"@type":"BreadcrumbList","@id":"https:\/\/www.cpl.es\/ca\/blog\/vida-liturgica\/assemblea-dominical-en-absencia-de-prevere\/coses-a-tenir-en-compte\/#breadcrumb","itemListElement":[{"@type":"ListItem","position":1,"name":"Portada","item":"https:\/\/www.cpl.es\/ca\/"},{"@type":"ListItem","position":2,"name":"Blog","item":"https:\/\/www.cpl.es\/ca\/blog\/"},{"@type":"ListItem","position":3,"name":"Vida lit\u00fargica","item":"https:\/\/www.cpl.es\/ca\/blog\/vida-liturgica\/"},{"@type":"ListItem","position":4,"name":"Assemblea dominical en abs\u00e8ncia de prevere","item":"https:\/\/www.cpl.es\/ca\/blog\/vida-liturgica\/assemblea-dominical-en-absencia-de-prevere\/"},{"@type":"ListItem","position":5,"name":"Coses a tenir en compte"}]},{"@type":"WebSite","@id":"https:\/\/www.cpl.es\/#website","url":"https:\/\/www.cpl.es\/","name":"CPL","description":"Centre de Pastoral Lit\u00fargica de Barcelona","publisher":{"@id":"https:\/\/www.cpl.es\/#organization"},"alternateName":"Centre de Pastoral Lit\u00fargica","potentialAction":[{"@type":"SearchAction","target":{"@type":"EntryPoint","urlTemplate":"https:\/\/www.cpl.es\/?s={search_term_string}"},"query-input":{"@type":"PropertyValueSpecification","valueRequired":true,"valueName":"search_term_string"}}],"inLanguage":"ca"},{"@type":"Organization","@id":"https:\/\/www.cpl.es\/#organization","name":"Centre de Pastoral Lit\u00fargica","alternateName":"Centre de Pastoral Lit\u00fargica de Barcelona","url":"https:\/\/www.cpl.es\/","logo":{"@type":"ImageObject","inLanguage":"ca","@id":"https:\/\/www.cpl.es\/#\/schema\/logo\/image\/","url":"https:\/\/www.cpl.es\/wp-content\/uploads\/logo-cpl.svg","contentUrl":"https:\/\/www.cpl.es\/wp-content\/uploads\/logo-cpl.svg","caption":"Centre de Pastoral Lit\u00fargica"},"image":{"@id":"https:\/\/www.cpl.es\/#\/schema\/logo\/image\/"}}]}},"_links":{"self":[{"href":"https:\/\/www.cpl.es\/ca\/wp-json\/wp\/v2\/pages\/11753","targetHints":{"allow":["GET"]}}],"collection":[{"href":"https:\/\/www.cpl.es\/ca\/wp-json\/wp\/v2\/pages"}],"about":[{"href":"https:\/\/www.cpl.es\/ca\/wp-json\/wp\/v2\/types\/page"}],"author":[{"embeddable":true,"href":"https:\/\/www.cpl.es\/ca\/wp-json\/wp\/v2\/users\/1"}],"replies":[{"embeddable":true,"href":"https:\/\/www.cpl.es\/ca\/wp-json\/wp\/v2\/comments?post=11753"}],"version-history":[{"count":1,"href":"https:\/\/www.cpl.es\/ca\/wp-json\/wp\/v2\/pages\/11753\/revisions"}],"predecessor-version":[{"id":11754,"href":"https:\/\/www.cpl.es\/ca\/wp-json\/wp\/v2\/pages\/11753\/revisions\/11754"}],"up":[{"embeddable":true,"href":"https:\/\/www.cpl.es\/ca\/wp-json\/wp\/v2\/pages\/11744"}],"wp:attachment":[{"href":"https:\/\/www.cpl.es\/ca\/wp-json\/wp\/v2\/media?parent=11753"}],"curies":[{"name":"wp","href":"https:\/\/api.w.org\/{rel}","templated":true}]}}