{"id":11749,"date":"2023-11-30T07:16:25","date_gmt":"2023-11-30T06:16:25","guid":{"rendered":"https:\/\/nuevaweb.cpl.es\/?page_id=11749"},"modified":"2023-12-14T21:25:16","modified_gmt":"2023-12-14T20:25:16","slug":"com-se-celebra-ladap","status":"publish","type":"page","link":"https:\/\/www.cpl.es\/ca\/blog\/vida-liturgica\/assemblea-dominical-en-absencia-de-prevere\/com-se-celebra-ladap\/","title":{"rendered":"Com se celebra l\u2019ADAP?"},"content":{"rendered":"<div id=\"pl-11749\"  class=\"panel-layout\" ><div id=\"pg-11749-0\"  class=\"panel-grid panel-no-style\" ><div id=\"pgc-11749-0-0\"  class=\"panel-grid-cell\" ><div id=\"panel-11749-0-0-0\" class=\"so-panel widget widget_sow-editor panel-first-child panel-last-child\" data-index=\"0\" ><div\n\t\t\t\n\t\t\tclass=\"so-widget-sow-editor so-widget-sow-editor-base\"\n\t\t\t\n\t\t>\n<div class=\"siteorigin-widget-tinymce textwidget\">\n\t<p>La difer\u00e8ncia fonamental \u00e9s que la celebraci\u00f3 no la presideix un\u00a0<strong>prevere<\/strong>, i per tant no pot haver-hi\u00a0<strong>preg\u00e0ria eucar\u00edstica<\/strong>\u00a0ni consagraci\u00f3. Per\u00f2 la comuni\u00f3 tamb\u00e9 ser\u00e0 possible, perqu\u00e8 el pa ja \u00e9s consagrat en una\u00a0<strong>Eucaristia<\/strong>\u00a0anterior (i guardat al sagrari). S\u00ed que hi ha, en canvi, tota la part introduct\u00f2ria de la celebraci\u00f3, la\u00a0<strong>lit\u00fargia de la Paraula<\/strong>, amb una homilia llegida que ha preparat pr\u00e8viament el moss\u00e8n, la preg\u00e0ria dels fidels, la comuni\u00f3. I, evidentment, els cants i les oracions pr\u00f2pies de la\u00a0<strong>celebraci\u00f3 dominical<\/strong>.<\/p>\n<h2>Materials per a la preparaci\u00f3 i celebraci\u00f3 de l\u2019ADAP<\/h2>\n<p><a href=\"https:\/\/www.cpl.es\/ca\/producto\/celebracions-quan-no-hi-ha-capella-9788498051803\/\" target=\"_blank\" rel=\"noopener\"><em>Celebracions en abs\u00e8ncia de prevere<\/em><\/a>\u00a0(Celebrar 74), de Josep Lligadas.<br \/>\n<a href=\"https:\/\/www.cpl.es\/ca\/producto\/les-celebracions-dominicals-en-absencia-de-prevere-9788498051704\/\" target=\"_blank\" rel=\"noopener\"><em>Les celebracions dominicals en abs\u00e8ncia de prevere<\/em><\/a>\u00a0(Lit\u00fargia B\u00e0sica 34), de Xavier Aymeric.<br \/>\n<em><a href=\"https:\/\/www.cpl.es\/ca\/producto\/ministeris-9788491651185\/\" target=\"_blank\" rel=\"noopener\">Ministeris<\/a>,\u00a0<\/em>\u201cQuan el capell\u00e0 no hi \u00e9s\u201d (Dossiers CPL 147), pp. 51-66, de M. Rosa Roca.<br \/>\n<em><a href=\"https:\/\/www.cpl.es\/wp-content\/uploads\/Celebracio-de-la-Paraula-i-Comunio.pdf\" target=\"_blank\" rel=\"noopener\">Celebraci\u00f3 de la Paraula i Comuni\u00f3,\u00a0dirigida per un laic\u00a0els dies feiners<\/a><\/em>, Full verd 33 Sagraments (pdf).<\/p>\n<\/div>\n<\/div><\/div><\/div><\/div><\/div>","protected":false},"excerpt":{"rendered":"<p>La difer\u00e8ncia fonamental \u00e9s que la celebraci\u00f3 no la presideix un\u00a0prevere, i per tant no pot haver-hi\u00a0preg\u00e0ria eucar\u00edstica\u00a0ni consagraci\u00f3. Per\u00f2 la comuni\u00f3 tamb\u00e9 ser\u00e0 possible, perqu\u00e8 el pa ja \u00e9s consagrat en una\u00a0Eucaristia\u00a0anterior (i guardat al sagrari). S\u00ed que hi ha, en canvi, tota la part introduct\u00f2ria de la celebraci\u00f3, la\u00a0lit\u00fargia de la Paraula, amb [&hellip;]<\/p>\n","protected":false},"author":1,"featured_media":0,"parent":11744,"menu_order":1,"comment_status":"closed","ping_status":"closed","template":"","meta":{"_acf_changed":false,"inline_featured_image":false,"footnotes":""},"class_list":["post-11749","page","type-page","status-publish","hentry"],"acf":[],"yoast_head":"<!-- This site is optimized with the Yoast SEO plugin v27.3 - https:\/\/yoast.com\/product\/yoast-seo-wordpress\/ -->\n<title>Com se celebra l\u2019ADAP? - CPL<\/title>\n<meta name=\"robots\" content=\"index, follow, max-snippet:-1, max-image-preview:large, max-video-preview:-1\" \/>\n<link rel=\"canonical\" href=\"https:\/\/www.cpl.es\/ca\/blog\/vida-liturgica\/assemblea-dominical-en-absencia-de-prevere\/com-se-celebra-ladap\/\" \/>\n<meta property=\"og:locale\" content=\"ca_ES\" \/>\n<meta property=\"og:type\" content=\"article\" \/>\n<meta property=\"og:title\" content=\"Com se celebra l\u2019ADAP? - CPL\" \/>\n<meta property=\"og:description\" content=\"La difer\u00e8ncia fonamental \u00e9s que la celebraci\u00f3 no la presideix un\u00a0prevere, i per tant no pot haver-hi\u00a0preg\u00e0ria eucar\u00edstica\u00a0ni consagraci\u00f3. Per\u00f2 la comuni\u00f3 tamb\u00e9 ser\u00e0 possible, perqu\u00e8 el pa ja \u00e9s consagrat en una\u00a0Eucaristia\u00a0anterior (i guardat al sagrari). S\u00ed que hi ha, en canvi, tota la part introduct\u00f2ria de la celebraci\u00f3, la\u00a0lit\u00fargia de la Paraula, amb [&hellip;]\" \/>\n<meta property=\"og:url\" content=\"https:\/\/www.cpl.es\/ca\/blog\/vida-liturgica\/assemblea-dominical-en-absencia-de-prevere\/com-se-celebra-ladap\/\" \/>\n<meta property=\"og:site_name\" content=\"CPL\" \/>\n<meta property=\"article:modified_time\" content=\"2023-12-14T20:25:16+00:00\" \/>\n<meta name=\"twitter:card\" content=\"summary_large_image\" \/>\n<meta name=\"twitter:label1\" content=\"Temps estimat de lectura\" \/>\n\t<meta name=\"twitter:data1\" content=\"1 minut\" \/>\n<script type=\"application\/ld+json\" class=\"yoast-schema-graph\">{\"@context\":\"https:\\\/\\\/schema.org\",\"@graph\":[{\"@type\":\"WebPage\",\"@id\":\"https:\\\/\\\/www.cpl.es\\\/ca\\\/blog\\\/vida-liturgica\\\/assemblea-dominical-en-absencia-de-prevere\\\/com-se-celebra-ladap\\\/\",\"url\":\"https:\\\/\\\/www.cpl.es\\\/ca\\\/blog\\\/vida-liturgica\\\/assemblea-dominical-en-absencia-de-prevere\\\/com-se-celebra-ladap\\\/\",\"name\":\"Com se celebra l\u2019ADAP? - CPL\",\"isPartOf\":{\"@id\":\"https:\\\/\\\/www.cpl.es\\\/#website\"},\"datePublished\":\"2023-11-30T06:16:25+00:00\",\"dateModified\":\"2023-12-14T20:25:16+00:00\",\"breadcrumb\":{\"@id\":\"https:\\\/\\\/www.cpl.es\\\/ca\\\/blog\\\/vida-liturgica\\\/assemblea-dominical-en-absencia-de-prevere\\\/com-se-celebra-ladap\\\/#breadcrumb\"},\"inLanguage\":\"ca\",\"potentialAction\":[{\"@type\":\"ReadAction\",\"target\":[\"https:\\\/\\\/www.cpl.es\\\/ca\\\/blog\\\/vida-liturgica\\\/assemblea-dominical-en-absencia-de-prevere\\\/com-se-celebra-ladap\\\/\"]}]},{\"@type\":\"BreadcrumbList\",\"@id\":\"https:\\\/\\\/www.cpl.es\\\/ca\\\/blog\\\/vida-liturgica\\\/assemblea-dominical-en-absencia-de-prevere\\\/com-se-celebra-ladap\\\/#breadcrumb\",\"itemListElement\":[{\"@type\":\"ListItem\",\"position\":1,\"name\":\"Portada\",\"item\":\"https:\\\/\\\/www.cpl.es\\\/ca\\\/\"},{\"@type\":\"ListItem\",\"position\":2,\"name\":\"Blog\",\"item\":\"https:\\\/\\\/www.cpl.es\\\/ca\\\/blog\\\/\"},{\"@type\":\"ListItem\",\"position\":3,\"name\":\"Vida lit\u00fargica\",\"item\":\"https:\\\/\\\/www.cpl.es\\\/ca\\\/blog\\\/vida-liturgica\\\/\"},{\"@type\":\"ListItem\",\"position\":4,\"name\":\"Assemblea dominical en abs\u00e8ncia de prevere\",\"item\":\"https:\\\/\\\/www.cpl.es\\\/ca\\\/blog\\\/vida-liturgica\\\/assemblea-dominical-en-absencia-de-prevere\\\/\"},{\"@type\":\"ListItem\",\"position\":5,\"name\":\"Com se celebra l\u2019ADAP?\"}]},{\"@type\":\"WebSite\",\"@id\":\"https:\\\/\\\/www.cpl.es\\\/#website\",\"url\":\"https:\\\/\\\/www.cpl.es\\\/\",\"name\":\"CPL\",\"description\":\"Centre de Pastoral Lit\u00fargica de Barcelona\",\"publisher\":{\"@id\":\"https:\\\/\\\/www.cpl.es\\\/#organization\"},\"alternateName\":\"Centre de Pastoral Lit\u00fargica\",\"potentialAction\":[{\"@type\":\"SearchAction\",\"target\":{\"@type\":\"EntryPoint\",\"urlTemplate\":\"https:\\\/\\\/www.cpl.es\\\/?s={search_term_string}\"},\"query-input\":{\"@type\":\"PropertyValueSpecification\",\"valueRequired\":true,\"valueName\":\"search_term_string\"}}],\"inLanguage\":\"ca\"},{\"@type\":\"Organization\",\"@id\":\"https:\\\/\\\/www.cpl.es\\\/#organization\",\"name\":\"Centre de Pastoral Lit\u00fargica\",\"alternateName\":\"Centre de Pastoral Lit\u00fargica de Barcelona\",\"url\":\"https:\\\/\\\/www.cpl.es\\\/\",\"logo\":{\"@type\":\"ImageObject\",\"inLanguage\":\"ca\",\"@id\":\"https:\\\/\\\/www.cpl.es\\\/#\\\/schema\\\/logo\\\/image\\\/\",\"url\":\"https:\\\/\\\/www.cpl.es\\\/wp-content\\\/uploads\\\/logo-cpl.svg\",\"contentUrl\":\"https:\\\/\\\/www.cpl.es\\\/wp-content\\\/uploads\\\/logo-cpl.svg\",\"caption\":\"Centre de Pastoral Lit\u00fargica\"},\"image\":{\"@id\":\"https:\\\/\\\/www.cpl.es\\\/#\\\/schema\\\/logo\\\/image\\\/\"}}]}<\/script>\n<!-- \/ Yoast SEO plugin. -->","yoast_head_json":{"title":"Com se celebra l\u2019ADAP? - CPL","robots":{"index":"index","follow":"follow","max-snippet":"max-snippet:-1","max-image-preview":"max-image-preview:large","max-video-preview":"max-video-preview:-1"},"canonical":"https:\/\/www.cpl.es\/ca\/blog\/vida-liturgica\/assemblea-dominical-en-absencia-de-prevere\/com-se-celebra-ladap\/","og_locale":"ca_ES","og_type":"article","og_title":"Com se celebra l\u2019ADAP? - CPL","og_description":"La difer\u00e8ncia fonamental \u00e9s que la celebraci\u00f3 no la presideix un\u00a0prevere, i per tant no pot haver-hi\u00a0preg\u00e0ria eucar\u00edstica\u00a0ni consagraci\u00f3. Per\u00f2 la comuni\u00f3 tamb\u00e9 ser\u00e0 possible, perqu\u00e8 el pa ja \u00e9s consagrat en una\u00a0Eucaristia\u00a0anterior (i guardat al sagrari). S\u00ed que hi ha, en canvi, tota la part introduct\u00f2ria de la celebraci\u00f3, la\u00a0lit\u00fargia de la Paraula, amb [&hellip;]","og_url":"https:\/\/www.cpl.es\/ca\/blog\/vida-liturgica\/assemblea-dominical-en-absencia-de-prevere\/com-se-celebra-ladap\/","og_site_name":"CPL","article_modified_time":"2023-12-14T20:25:16+00:00","twitter_card":"summary_large_image","twitter_misc":{"Temps estimat de lectura":"1 minut"},"schema":{"@context":"https:\/\/schema.org","@graph":[{"@type":"WebPage","@id":"https:\/\/www.cpl.es\/ca\/blog\/vida-liturgica\/assemblea-dominical-en-absencia-de-prevere\/com-se-celebra-ladap\/","url":"https:\/\/www.cpl.es\/ca\/blog\/vida-liturgica\/assemblea-dominical-en-absencia-de-prevere\/com-se-celebra-ladap\/","name":"Com se celebra l\u2019ADAP? - CPL","isPartOf":{"@id":"https:\/\/www.cpl.es\/#website"},"datePublished":"2023-11-30T06:16:25+00:00","dateModified":"2023-12-14T20:25:16+00:00","breadcrumb":{"@id":"https:\/\/www.cpl.es\/ca\/blog\/vida-liturgica\/assemblea-dominical-en-absencia-de-prevere\/com-se-celebra-ladap\/#breadcrumb"},"inLanguage":"ca","potentialAction":[{"@type":"ReadAction","target":["https:\/\/www.cpl.es\/ca\/blog\/vida-liturgica\/assemblea-dominical-en-absencia-de-prevere\/com-se-celebra-ladap\/"]}]},{"@type":"BreadcrumbList","@id":"https:\/\/www.cpl.es\/ca\/blog\/vida-liturgica\/assemblea-dominical-en-absencia-de-prevere\/com-se-celebra-ladap\/#breadcrumb","itemListElement":[{"@type":"ListItem","position":1,"name":"Portada","item":"https:\/\/www.cpl.es\/ca\/"},{"@type":"ListItem","position":2,"name":"Blog","item":"https:\/\/www.cpl.es\/ca\/blog\/"},{"@type":"ListItem","position":3,"name":"Vida lit\u00fargica","item":"https:\/\/www.cpl.es\/ca\/blog\/vida-liturgica\/"},{"@type":"ListItem","position":4,"name":"Assemblea dominical en abs\u00e8ncia de prevere","item":"https:\/\/www.cpl.es\/ca\/blog\/vida-liturgica\/assemblea-dominical-en-absencia-de-prevere\/"},{"@type":"ListItem","position":5,"name":"Com se celebra l\u2019ADAP?"}]},{"@type":"WebSite","@id":"https:\/\/www.cpl.es\/#website","url":"https:\/\/www.cpl.es\/","name":"CPL","description":"Centre de Pastoral Lit\u00fargica de Barcelona","publisher":{"@id":"https:\/\/www.cpl.es\/#organization"},"alternateName":"Centre de Pastoral Lit\u00fargica","potentialAction":[{"@type":"SearchAction","target":{"@type":"EntryPoint","urlTemplate":"https:\/\/www.cpl.es\/?s={search_term_string}"},"query-input":{"@type":"PropertyValueSpecification","valueRequired":true,"valueName":"search_term_string"}}],"inLanguage":"ca"},{"@type":"Organization","@id":"https:\/\/www.cpl.es\/#organization","name":"Centre de Pastoral Lit\u00fargica","alternateName":"Centre de Pastoral Lit\u00fargica de Barcelona","url":"https:\/\/www.cpl.es\/","logo":{"@type":"ImageObject","inLanguage":"ca","@id":"https:\/\/www.cpl.es\/#\/schema\/logo\/image\/","url":"https:\/\/www.cpl.es\/wp-content\/uploads\/logo-cpl.svg","contentUrl":"https:\/\/www.cpl.es\/wp-content\/uploads\/logo-cpl.svg","caption":"Centre de Pastoral Lit\u00fargica"},"image":{"@id":"https:\/\/www.cpl.es\/#\/schema\/logo\/image\/"}}]}},"_links":{"self":[{"href":"https:\/\/www.cpl.es\/ca\/wp-json\/wp\/v2\/pages\/11749","targetHints":{"allow":["GET"]}}],"collection":[{"href":"https:\/\/www.cpl.es\/ca\/wp-json\/wp\/v2\/pages"}],"about":[{"href":"https:\/\/www.cpl.es\/ca\/wp-json\/wp\/v2\/types\/page"}],"author":[{"embeddable":true,"href":"https:\/\/www.cpl.es\/ca\/wp-json\/wp\/v2\/users\/1"}],"replies":[{"embeddable":true,"href":"https:\/\/www.cpl.es\/ca\/wp-json\/wp\/v2\/comments?post=11749"}],"version-history":[{"count":1,"href":"https:\/\/www.cpl.es\/ca\/wp-json\/wp\/v2\/pages\/11749\/revisions"}],"predecessor-version":[{"id":11752,"href":"https:\/\/www.cpl.es\/ca\/wp-json\/wp\/v2\/pages\/11749\/revisions\/11752"}],"up":[{"embeddable":true,"href":"https:\/\/www.cpl.es\/ca\/wp-json\/wp\/v2\/pages\/11744"}],"wp:attachment":[{"href":"https:\/\/www.cpl.es\/ca\/wp-json\/wp\/v2\/media?parent=11749"}],"curies":[{"name":"wp","href":"https:\/\/api.w.org\/{rel}","templated":true}]}}