{"id":11744,"date":"2023-11-28T17:17:44","date_gmt":"2023-11-28T16:17:44","guid":{"rendered":"https:\/\/nuevaweb.cpl.es\/?page_id=11744"},"modified":"2023-12-14T21:22:46","modified_gmt":"2023-12-14T20:22:46","slug":"assemblea-dominical-en-absencia-de-prevere","status":"publish","type":"page","link":"https:\/\/www.cpl.es\/ca\/blog\/vida-liturgica\/assemblea-dominical-en-absencia-de-prevere\/","title":{"rendered":"Assemblea dominical en abs\u00e8ncia de prevere"},"content":{"rendered":"<div id=\"pl-11744\"  class=\"panel-layout\" ><div id=\"pg-11744-0\"  class=\"panel-grid panel-no-style\" ><div id=\"pgc-11744-0-0\"  class=\"panel-grid-cell\" ><div id=\"panel-11744-0-0-0\" class=\"so-panel widget widget_sow-editor panel-first-child\" data-index=\"0\" ><div\n\t\t\t\n\t\t\tclass=\"so-widget-sow-editor so-widget-sow-editor-base\"\n\t\t\t\n\t\t>\n<div class=\"siteorigin-widget-tinymce textwidget\">\n\t<p>La celebraci\u00f3 de l\u2019<strong>Eucaristia dominical<\/strong>\u00a0\u00e9s el centre de la\u00a0<strong>vida cristiana<\/strong>\u00a0i el nucli de la vida de la comunitat. Cal recordar aquesta import\u00e0ncia i potenciar la celebraci\u00f3 de la missa del diumenge a totes les parr\u00f2quies; els fidels hi tenen dret, i cal fer tot el possible per assegurar-la. Per\u00f2, en els nostres dies, i especialment en alguns llocs del m\u00f3n comarcal, no sempre \u00e9s possible assegurar cada diumenge la celebraci\u00f3 de l\u2019Eucaristia, degut a la manca de preveres. I els pocs que hi ha no arriben a tot arreu; tenen encomanades m\u00e9s parr\u00f2quies de les que poden atendre cada diumenge; hi ha molts pobles on no hi ha un rector resident. Tamb\u00e9 pot passar que el prevere estigui malalt, o absent per alguna altra causa raonable, i no es pugui assumir la supl\u00e8ncia. \u00bfQu\u00e8 cal fer el diumenge que el prevere no pot ser present en una comunitat, i per tant no hi pot haver missa?<\/p>\n<p>Si es pot, \u00e9s correcte despla\u00e7ar-se a una altra esgl\u00e9sia per celebrar l\u2019Eucaristia. En els llocs on no es pugui celebrar l\u2019Eucaristia, cal anunciar-ho amb temps, i facilitar els horaris de les misses en els llocs ve\u00efns. Per\u00f2 tamb\u00e9 \u00e9s una opci\u00f3 molt recomanable que la comunitat es pugui reunir per celebrar la fe, per celebrar el diumenge. \u00c9s en aquests casos que es pot i \u00e9s recomanable celebrar una\u00a0<strong>\u201cAssemblea Dominical en Abs\u00e8ncia de Prevere (ADAP)\u201d<\/strong>. Aquestes celebracions estan previstes en el\u00a0<em>Codi de Dret Can\u00f2nic<\/em>\u00a0(c.1248,2), recomanades pel\u00a0<a href=\"http:\/\/www.tarraconense.cat\/pdfs\/CPT_1995.pdf\" target=\"_blank\" rel=\"noopener\">Concili Provincial Tarraconense<\/a>\u00a0(n\u00fam. 65), i existeix un\u00a0<em>Directori per a les celebracions dominicals en abs\u00e8ncia de prevere<\/em>, publicat per la Congregaci\u00f3 per al Culte Div\u00ed l\u2019any 1988, on es donen les orientacions, criteris i normes per a les esmentades celebracions (en catal\u00e0, es pot trobar a\u00a0<em><a href=\"https:\/\/www.cpl.es\/wp-content\/uploads\/Documents-Esglesia-adap.pdf\" target=\"_blank\" rel=\"noopener\">Documents d\u2019Esgl\u00e9sia 1988<\/a><\/em>, p\u00e0g. 1045-1058).<\/p>\n<p>Aquestes celebracions poden ser presidides per un\u00a0<strong>diaca<\/strong>, o b\u00e9 dirigides per un\u00a0<strong>religi\u00f3s<\/strong>,\u00a0<strong>religiosa<\/strong>,\u00a0<strong>laic<\/strong>\u00a0o\u00a0<strong>laica<\/strong>, amb l\u2019enc\u00e0rrec corresponent del bisbe, amb la deguda preparaci\u00f3 conjuntament amb el rector, i amb la participaci\u00f3 de l\u2019equip de lit\u00fargia o consell pastoral on sigui possible. Els diversos bisbats ofereixen formaci\u00f3 i materials perqu\u00e8 es pugui desenvolupar correctament aquest servei a les comunitats.<\/p>\n<p>Aquestes celebracions dominicals permeten a la comunitat\u00a0<strong>reunir-se en nom del Senyor<\/strong>\u00a0ressuscitat, escoltar i acollir la<strong>\u00a0Paraula de D\u00e9u<\/strong>, pregar amb tota l\u2019Esgl\u00e9sia, compartir la\u00a0<strong>Comuni\u00f3<\/strong>, i sentir-se enviats al m\u00f3n a donar testimoni. Aquestes celebracions ajuden a sentir-se\u00a0<strong>Poble de D\u00e9u<\/strong>, membres actius i corresponsables tots de l\u2019Esgl\u00e9sia.<\/p>\n<p>Certament, la celebraci\u00f3 dominical en abs\u00e8ncia de prevere no substitueix l\u2019Eucaristia. Quan un diumenge una comunitat es reuneix en una celebraci\u00f3 sense prevere, \u00e9s com una continuaci\u00f3 de la missa que es va celebrar el diumenge anterior o l\u2019\u00faltima vegada, i que conv\u00e9 que sigui el m\u00e9s sovint possible. Les celebracions en abs\u00e8ncia de prevere no s\u00f3n el mateix que l\u2019Eucaristia, per\u00f2 \u00e9s una bona manera per celebrar el diumenge quan no podem participar de la missa. Les ADAP tampoc no tenen la intenci\u00f3 de substituir el moss\u00e8n, sin\u00f3 de continuar mantenint la\u00a0<strong>trobada cristiana dels diumenges<\/strong>, encara que el prevere aquell dia no pugui ser-hi. Per aix\u00f2 \u00e9s bo que en totes les ADAP es faci una preg\u00e0ria per les vocacions al ministeri ordenat.<\/p>\n<\/div>\n<\/div><\/div><ul class=\"loop-paginas\"><li><a href=\"https:\/\/www.cpl.es\/ca\/blog\/vida-liturgica\/assemblea-dominical-en-absencia-de-prevere\/com-se-celebra-ladap\/\">Com se celebra l\u2019ADAP?<\/a><\/li><li><a href=\"https:\/\/www.cpl.es\/ca\/blog\/vida-liturgica\/assemblea-dominical-en-absencia-de-prevere\/coses-a-tenir-en-compte\/\">Coses a tenir en compte<\/a><\/li><li><a href=\"https:\/\/www.cpl.es\/ca\/blog\/vida-liturgica\/assemblea-dominical-en-absencia-de-prevere\/materials-per-a-la-preparacio-i-celebracio-de-ladap\/\">Materials per a la preparaci\u00f3 i celebraci\u00f3 de l\u2019ADAP<\/a><\/li><\/ul><div id=\"panel-11744-0-0-1\" class=\"so-panel widget widget_sow-editor panel-last-child\" data-index=\"1\" ><div\n\t\t\t\n\t\t\tclass=\"so-widget-sow-editor so-widget-sow-editor-base\"\n\t\t\t\n\t\t>\n<div class=\"siteorigin-widget-tinymce textwidget\">\n\t\n<\/div>\n<\/div><\/div><\/div><\/div><\/div>","protected":false},"excerpt":{"rendered":"<p>La celebraci\u00f3 de l\u2019Eucaristia dominical\u00a0\u00e9s el centre de la\u00a0vida cristiana\u00a0i el nucli de la vida de la comunitat. Cal recordar aquesta import\u00e0ncia i potenciar la celebraci\u00f3 de la missa del diumenge a totes les parr\u00f2quies; els fidels hi tenen dret, i cal fer tot el possible per assegurar-la. Per\u00f2, en els nostres dies, i especialment [&hellip;]<\/p>\n","protected":false},"author":1,"featured_media":0,"parent":11099,"menu_order":8,"comment_status":"closed","ping_status":"closed","template":"","meta":{"_acf_changed":false,"inline_featured_image":false,"footnotes":""},"class_list":["post-11744","page","type-page","status-publish","hentry"],"acf":[],"yoast_head":"<!-- This site is optimized with the Yoast SEO plugin v27.3 - https:\/\/yoast.com\/product\/yoast-seo-wordpress\/ -->\n<title>Assemblea dominical en abs\u00e8ncia de prevere - CPL<\/title>\n<meta name=\"robots\" content=\"index, follow, max-snippet:-1, max-image-preview:large, max-video-preview:-1\" \/>\n<link rel=\"canonical\" href=\"https:\/\/www.cpl.es\/ca\/blog\/vida-liturgica\/assemblea-dominical-en-absencia-de-prevere\/\" \/>\n<meta property=\"og:locale\" content=\"ca_ES\" \/>\n<meta property=\"og:type\" content=\"article\" \/>\n<meta property=\"og:title\" content=\"Assemblea dominical en abs\u00e8ncia de prevere - CPL\" \/>\n<meta property=\"og:description\" content=\"La celebraci\u00f3 de l\u2019Eucaristia dominical\u00a0\u00e9s el centre de la\u00a0vida cristiana\u00a0i el nucli de la vida de la comunitat. Cal recordar aquesta import\u00e0ncia i potenciar la celebraci\u00f3 de la missa del diumenge a totes les parr\u00f2quies; els fidels hi tenen dret, i cal fer tot el possible per assegurar-la. Per\u00f2, en els nostres dies, i especialment [&hellip;]\" \/>\n<meta property=\"og:url\" content=\"https:\/\/www.cpl.es\/ca\/blog\/vida-liturgica\/assemblea-dominical-en-absencia-de-prevere\/\" \/>\n<meta property=\"og:site_name\" content=\"CPL\" \/>\n<meta property=\"article:modified_time\" content=\"2023-12-14T20:22:46+00:00\" \/>\n<meta name=\"twitter:card\" content=\"summary_large_image\" \/>\n<meta name=\"twitter:label1\" content=\"Temps estimat de lectura\" \/>\n\t<meta name=\"twitter:data1\" content=\"3 minuts\" \/>\n<script type=\"application\/ld+json\" class=\"yoast-schema-graph\">{\"@context\":\"https:\\\/\\\/schema.org\",\"@graph\":[{\"@type\":\"WebPage\",\"@id\":\"https:\\\/\\\/www.cpl.es\\\/ca\\\/blog\\\/vida-liturgica\\\/assemblea-dominical-en-absencia-de-prevere\\\/\",\"url\":\"https:\\\/\\\/www.cpl.es\\\/ca\\\/blog\\\/vida-liturgica\\\/assemblea-dominical-en-absencia-de-prevere\\\/\",\"name\":\"Assemblea dominical en abs\u00e8ncia de prevere - CPL\",\"isPartOf\":{\"@id\":\"https:\\\/\\\/www.cpl.es\\\/#website\"},\"datePublished\":\"2023-11-28T16:17:44+00:00\",\"dateModified\":\"2023-12-14T20:22:46+00:00\",\"breadcrumb\":{\"@id\":\"https:\\\/\\\/www.cpl.es\\\/ca\\\/blog\\\/vida-liturgica\\\/assemblea-dominical-en-absencia-de-prevere\\\/#breadcrumb\"},\"inLanguage\":\"ca\",\"potentialAction\":[{\"@type\":\"ReadAction\",\"target\":[\"https:\\\/\\\/www.cpl.es\\\/ca\\\/blog\\\/vida-liturgica\\\/assemblea-dominical-en-absencia-de-prevere\\\/\"]}]},{\"@type\":\"BreadcrumbList\",\"@id\":\"https:\\\/\\\/www.cpl.es\\\/ca\\\/blog\\\/vida-liturgica\\\/assemblea-dominical-en-absencia-de-prevere\\\/#breadcrumb\",\"itemListElement\":[{\"@type\":\"ListItem\",\"position\":1,\"name\":\"Portada\",\"item\":\"https:\\\/\\\/www.cpl.es\\\/ca\\\/\"},{\"@type\":\"ListItem\",\"position\":2,\"name\":\"Blog\",\"item\":\"https:\\\/\\\/www.cpl.es\\\/ca\\\/blog\\\/\"},{\"@type\":\"ListItem\",\"position\":3,\"name\":\"Vida lit\u00fargica\",\"item\":\"https:\\\/\\\/www.cpl.es\\\/ca\\\/blog\\\/vida-liturgica\\\/\"},{\"@type\":\"ListItem\",\"position\":4,\"name\":\"Assemblea dominical en abs\u00e8ncia de prevere\"}]},{\"@type\":\"WebSite\",\"@id\":\"https:\\\/\\\/www.cpl.es\\\/#website\",\"url\":\"https:\\\/\\\/www.cpl.es\\\/\",\"name\":\"CPL\",\"description\":\"Centre de Pastoral Lit\u00fargica de Barcelona\",\"publisher\":{\"@id\":\"https:\\\/\\\/www.cpl.es\\\/#organization\"},\"alternateName\":\"Centre de Pastoral Lit\u00fargica\",\"potentialAction\":[{\"@type\":\"SearchAction\",\"target\":{\"@type\":\"EntryPoint\",\"urlTemplate\":\"https:\\\/\\\/www.cpl.es\\\/?s={search_term_string}\"},\"query-input\":{\"@type\":\"PropertyValueSpecification\",\"valueRequired\":true,\"valueName\":\"search_term_string\"}}],\"inLanguage\":\"ca\"},{\"@type\":\"Organization\",\"@id\":\"https:\\\/\\\/www.cpl.es\\\/#organization\",\"name\":\"Centre de Pastoral Lit\u00fargica\",\"alternateName\":\"Centre de Pastoral Lit\u00fargica de Barcelona\",\"url\":\"https:\\\/\\\/www.cpl.es\\\/\",\"logo\":{\"@type\":\"ImageObject\",\"inLanguage\":\"ca\",\"@id\":\"https:\\\/\\\/www.cpl.es\\\/#\\\/schema\\\/logo\\\/image\\\/\",\"url\":\"https:\\\/\\\/www.cpl.es\\\/wp-content\\\/uploads\\\/logo-cpl.svg\",\"contentUrl\":\"https:\\\/\\\/www.cpl.es\\\/wp-content\\\/uploads\\\/logo-cpl.svg\",\"caption\":\"Centre de Pastoral Lit\u00fargica\"},\"image\":{\"@id\":\"https:\\\/\\\/www.cpl.es\\\/#\\\/schema\\\/logo\\\/image\\\/\"}}]}<\/script>\n<!-- \/ Yoast SEO plugin. -->","yoast_head_json":{"title":"Assemblea dominical en abs\u00e8ncia de prevere - CPL","robots":{"index":"index","follow":"follow","max-snippet":"max-snippet:-1","max-image-preview":"max-image-preview:large","max-video-preview":"max-video-preview:-1"},"canonical":"https:\/\/www.cpl.es\/ca\/blog\/vida-liturgica\/assemblea-dominical-en-absencia-de-prevere\/","og_locale":"ca_ES","og_type":"article","og_title":"Assemblea dominical en abs\u00e8ncia de prevere - CPL","og_description":"La celebraci\u00f3 de l\u2019Eucaristia dominical\u00a0\u00e9s el centre de la\u00a0vida cristiana\u00a0i el nucli de la vida de la comunitat. Cal recordar aquesta import\u00e0ncia i potenciar la celebraci\u00f3 de la missa del diumenge a totes les parr\u00f2quies; els fidels hi tenen dret, i cal fer tot el possible per assegurar-la. Per\u00f2, en els nostres dies, i especialment [&hellip;]","og_url":"https:\/\/www.cpl.es\/ca\/blog\/vida-liturgica\/assemblea-dominical-en-absencia-de-prevere\/","og_site_name":"CPL","article_modified_time":"2023-12-14T20:22:46+00:00","twitter_card":"summary_large_image","twitter_misc":{"Temps estimat de lectura":"3 minuts"},"schema":{"@context":"https:\/\/schema.org","@graph":[{"@type":"WebPage","@id":"https:\/\/www.cpl.es\/ca\/blog\/vida-liturgica\/assemblea-dominical-en-absencia-de-prevere\/","url":"https:\/\/www.cpl.es\/ca\/blog\/vida-liturgica\/assemblea-dominical-en-absencia-de-prevere\/","name":"Assemblea dominical en abs\u00e8ncia de prevere - CPL","isPartOf":{"@id":"https:\/\/www.cpl.es\/#website"},"datePublished":"2023-11-28T16:17:44+00:00","dateModified":"2023-12-14T20:22:46+00:00","breadcrumb":{"@id":"https:\/\/www.cpl.es\/ca\/blog\/vida-liturgica\/assemblea-dominical-en-absencia-de-prevere\/#breadcrumb"},"inLanguage":"ca","potentialAction":[{"@type":"ReadAction","target":["https:\/\/www.cpl.es\/ca\/blog\/vida-liturgica\/assemblea-dominical-en-absencia-de-prevere\/"]}]},{"@type":"BreadcrumbList","@id":"https:\/\/www.cpl.es\/ca\/blog\/vida-liturgica\/assemblea-dominical-en-absencia-de-prevere\/#breadcrumb","itemListElement":[{"@type":"ListItem","position":1,"name":"Portada","item":"https:\/\/www.cpl.es\/ca\/"},{"@type":"ListItem","position":2,"name":"Blog","item":"https:\/\/www.cpl.es\/ca\/blog\/"},{"@type":"ListItem","position":3,"name":"Vida lit\u00fargica","item":"https:\/\/www.cpl.es\/ca\/blog\/vida-liturgica\/"},{"@type":"ListItem","position":4,"name":"Assemblea dominical en abs\u00e8ncia de prevere"}]},{"@type":"WebSite","@id":"https:\/\/www.cpl.es\/#website","url":"https:\/\/www.cpl.es\/","name":"CPL","description":"Centre de Pastoral Lit\u00fargica de Barcelona","publisher":{"@id":"https:\/\/www.cpl.es\/#organization"},"alternateName":"Centre de Pastoral Lit\u00fargica","potentialAction":[{"@type":"SearchAction","target":{"@type":"EntryPoint","urlTemplate":"https:\/\/www.cpl.es\/?s={search_term_string}"},"query-input":{"@type":"PropertyValueSpecification","valueRequired":true,"valueName":"search_term_string"}}],"inLanguage":"ca"},{"@type":"Organization","@id":"https:\/\/www.cpl.es\/#organization","name":"Centre de Pastoral Lit\u00fargica","alternateName":"Centre de Pastoral Lit\u00fargica de Barcelona","url":"https:\/\/www.cpl.es\/","logo":{"@type":"ImageObject","inLanguage":"ca","@id":"https:\/\/www.cpl.es\/#\/schema\/logo\/image\/","url":"https:\/\/www.cpl.es\/wp-content\/uploads\/logo-cpl.svg","contentUrl":"https:\/\/www.cpl.es\/wp-content\/uploads\/logo-cpl.svg","caption":"Centre de Pastoral Lit\u00fargica"},"image":{"@id":"https:\/\/www.cpl.es\/#\/schema\/logo\/image\/"}}]}},"_links":{"self":[{"href":"https:\/\/www.cpl.es\/ca\/wp-json\/wp\/v2\/pages\/11744","targetHints":{"allow":["GET"]}}],"collection":[{"href":"https:\/\/www.cpl.es\/ca\/wp-json\/wp\/v2\/pages"}],"about":[{"href":"https:\/\/www.cpl.es\/ca\/wp-json\/wp\/v2\/types\/page"}],"author":[{"embeddable":true,"href":"https:\/\/www.cpl.es\/ca\/wp-json\/wp\/v2\/users\/1"}],"replies":[{"embeddable":true,"href":"https:\/\/www.cpl.es\/ca\/wp-json\/wp\/v2\/comments?post=11744"}],"version-history":[{"count":2,"href":"https:\/\/www.cpl.es\/ca\/wp-json\/wp\/v2\/pages\/11744\/revisions"}],"predecessor-version":[{"id":11748,"href":"https:\/\/www.cpl.es\/ca\/wp-json\/wp\/v2\/pages\/11744\/revisions\/11748"}],"up":[{"embeddable":true,"href":"https:\/\/www.cpl.es\/ca\/wp-json\/wp\/v2\/pages\/11099"}],"wp:attachment":[{"href":"https:\/\/www.cpl.es\/ca\/wp-json\/wp\/v2\/media?parent=11744"}],"curies":[{"name":"wp","href":"https:\/\/api.w.org\/{rel}","templated":true}]}}