{"id":11701,"date":"2023-11-29T20:01:43","date_gmt":"2023-11-29T19:01:43","guid":{"rendered":"https:\/\/nuevaweb.cpl.es\/?page_id=11701"},"modified":"2023-12-14T17:33:43","modified_gmt":"2023-12-14T16:33:43","slug":"la-hora-menor","status":"publish","type":"page","link":"https:\/\/www.cpl.es\/ca\/blog\/vida-liturgica\/la-liturgia-de-les-hores\/la-hora-menor\/","title":{"rendered":"La Hora Menor"},"content":{"rendered":"<div id=\"pl-11701\"  class=\"panel-layout\" ><div id=\"pg-11701-0\"  class=\"panel-grid panel-no-style\" ><div id=\"pgc-11701-0-0\"  class=\"panel-grid-cell\" ><div id=\"panel-11701-0-0-0\" class=\"so-panel widget widget_sow-editor panel-first-child panel-last-child\" data-index=\"0\" ><div\n\t\t\t\n\t\t\tclass=\"so-widget-sow-editor so-widget-sow-editor-base\"\n\t\t\t\n\t\t>\n<div class=\"siteorigin-widget-tinymce textwidget\">\n\t<p><img decoding=\"async\" class=\"alignnone size-full wp-image-9670\" src=\"https:\/\/www.cpl.es\/wp-content\/uploads\/5-4-sexta-300x210-1.jpg\" alt=\"\" width=\"300\" height=\"210\" \/ fetchpriority=\"high\"><\/p>\n<div id=\"container\">\n<section id=\"content\" class=\"column twothirdcol\">\n<article id=\"post-493\" class=\"post-493 page type-page status-publish hentry column onecol\">\n<div class=\"entry\">\n<div class=\"entry-content\">\n<h2>L\u2019Hora d\u2019entre dia (o Hora menor): T\u00e8rcia, Sexta i Nona<\/h2>\n<p>Segons una tradici\u00f3 molt antiga, els cristians fonamentaren el costum de pregar determinats moments del dia, en forma privada, fins i tot enmig del treball, a imitaci\u00f3 de l\u2019Esgl\u00e9sia apost\u00f2lica; aquesta tradici\u00f3 es va expressar de maneres diverses i, en el decurs dels segles, cristal\u00b7litz\u00e0 finalment en formularis lit\u00fargics. La praxi lit\u00fargica oriental i occidental ha conservat l\u2019oraci\u00f3 de T\u00e8rcia, Sexta i Nona, principalment perqu\u00e8 aquestes Hores enlla\u00e7aven amb el record de la passi\u00f3 del Senyor i de la primera predicaci\u00f3 de l\u2019Evangeli.<\/p>\n<p><strong>El Concili Vatic\u00e0 II va determinar que es conservessin en l\u2019Ofici coral les Hores menors, T\u00e8rcia, Sexta i Nona<\/strong>. Cal que l\u2019\u00fas lit\u00fargic de recitar les tres Hores es conservi per part d\u2019aquells que menen vida contemplativa; s\u2019aconsella tamb\u00e9 a tothom, especialment en l\u2019ocasi\u00f3 d\u2019un rec\u00e9s espiritual o de reunions pastorals.<\/p>\n<p>Fora d\u2019aquests casos, es pot escollir una sola d\u2019aquestes tres Hores, la m\u00e9s apropiada a l\u2019hora del dia en qu\u00e8 es resa, de manera que es conservi la tradici\u00f3 de pregar durant el dia enmig del treball.<\/p>\n<p>La disposici\u00f3 de les Hores de T\u00e8rcia, Sexta i Nona t\u00e9 en compte els qui nom\u00e9s celebren una Hora (\u201cHora d\u2019entre dia\u201d) i els qui per deure o per lliure elecci\u00f3 les celebren totes tres.<\/p>\n<p>La T\u00e8rcia, Sexta i Nona o l\u2019hora d\u2019entre dia es comen\u00e7a pel vers \u201cSigueu amb nosaltres\u201d amb el \u201cGl\u00f2ria al Pare. Com era\u201d, i fora del temps de Quaresma, amb l\u2019al\u00b7leluia. Despr\u00e9s es diu l\u2019himne apropiat a l\u2019Hora. Es recita a continuaci\u00f3 la salm\u00f2dia, es fa la lectura breu i es diu el vers. L\u2019Hora s\u2019acaba amb l\u2019oraci\u00f3 conclusiva i, almenys en la celebraci\u00f3 comunit\u00e0ria, amb l\u2019aclamaci\u00f3 \u201cBene\u00efm el Senyor\u201d i la resposta \u201cDonem gr\u00e0cies a D\u00e9u\u201d.<\/p>\n<p>A cada Hora s\u2019assignen himnes i oracions que, d\u2019acord amb la tradici\u00f3, responguin al temps real, per facilitar millor la santificaci\u00f3 de cada temps i moment; per aix\u00f2, els qui resen nom\u00e9s una Hora han d\u2019escollir els formularis que li s\u00f3n m\u00e9s propis. Les lectures breus i les oracions, a m\u00e9s, varien segons el dia, el temps o la festa.<\/p>\n<p>Es proposen dues salm\u00f2dies: l\u2019ordin\u00e0ria i la complement\u00e0ria. Si nom\u00e9s es diu una Hora, es recita l\u2019ordin\u00e0ria. Si se\u2019n diuen m\u00e9s, en una de les Hores es recita l\u2019ordin\u00e0ria i en les altres es pot emprar o b\u00e9 la salm\u00f2dia complement\u00e0ria o b\u00e9, en una Hora, la salm\u00f2dia ordin\u00e0ria de la setmana anterior i, en l\u2019altra Hora, la salm\u00f2dia ordin\u00e0ria de la setmana seg\u00fcent.<\/p>\n<p>La salm\u00f2dia ordin\u00e0ria consta de tres salms, o de tres fragments de salms, quan serien massa llargs, que figuren al cicle de les quatre setmanes i tenen ant\u00edfones pr\u00f2pies, si no s\u2019indica altra cosa al seu lloc. En les solemnitats, el Tridu Pasqual i els dies dintre l\u2019octava de Pasqua, les ant\u00edfones s\u00f3n pr\u00f2pies i els salms es prenen de la salm\u00f2dia complement\u00e0ria, si no \u00e9s que hi hagi salms especials o la solemnitat se celebri en diumenge, en el qual cas, els salms es prenen del diumenge de la setmana I.<\/p>\n<p>La salm\u00f2dia complement\u00e0ria consta de tres ternes de salms, escollits d\u2019entre els anomenats \u201csalms graduals\u201d.<\/p>\n<\/div>\n<\/div>\n<\/article>\n<\/section>\n<\/div>\n<\/div>\n<\/div><\/div><\/div><\/div><\/div>","protected":false},"excerpt":{"rendered":"<p>L\u2019Hora d\u2019entre dia (o Hora menor): T\u00e8rcia, Sexta i Nona Segons una tradici\u00f3 molt antiga, els cristians fonamentaren el costum de pregar determinats moments del dia, en forma privada, fins i tot enmig del treball, a imitaci\u00f3 de l\u2019Esgl\u00e9sia apost\u00f2lica; aquesta tradici\u00f3 es va expressar de maneres diverses i, en el decurs dels segles, cristal\u00b7litz\u00e0 [&hellip;]<\/p>\n","protected":false},"author":1,"featured_media":0,"parent":11690,"menu_order":4,"comment_status":"closed","ping_status":"closed","template":"","meta":{"_acf_changed":false,"inline_featured_image":false,"footnotes":""},"class_list":["post-11701","page","type-page","status-publish","hentry"],"acf":[],"yoast_head":"<!-- This site is optimized with the Yoast SEO plugin v27.0 - https:\/\/yoast.com\/product\/yoast-seo-wordpress\/ -->\n<title>La Hora Menor - CPL<\/title>\n<meta name=\"robots\" content=\"index, follow, max-snippet:-1, max-image-preview:large, max-video-preview:-1\" \/>\n<link rel=\"canonical\" href=\"https:\/\/www.cpl.es\/ca\/blog\/vida-liturgica\/la-liturgia-de-les-hores\/la-hora-menor\/\" \/>\n<meta property=\"og:locale\" content=\"ca_ES\" \/>\n<meta property=\"og:type\" content=\"article\" \/>\n<meta property=\"og:title\" content=\"La Hora Menor - CPL\" \/>\n<meta property=\"og:description\" content=\"L\u2019Hora d\u2019entre dia (o Hora menor): T\u00e8rcia, Sexta i Nona Segons una tradici\u00f3 molt antiga, els cristians fonamentaren el costum de pregar determinats moments del dia, en forma privada, fins i tot enmig del treball, a imitaci\u00f3 de l\u2019Esgl\u00e9sia apost\u00f2lica; aquesta tradici\u00f3 es va expressar de maneres diverses i, en el decurs dels segles, cristal\u00b7litz\u00e0 [&hellip;]\" \/>\n<meta property=\"og:url\" content=\"https:\/\/www.cpl.es\/ca\/blog\/vida-liturgica\/la-liturgia-de-les-hores\/la-hora-menor\/\" \/>\n<meta property=\"og:site_name\" content=\"CPL\" \/>\n<meta property=\"article:modified_time\" content=\"2023-12-14T16:33:43+00:00\" \/>\n<meta property=\"og:image\" content=\"https:\/\/www.cpl.es\/wp-content\/uploads\/5-4-sexta-300x210-1.jpg\" \/>\n\t<meta property=\"og:image:width\" content=\"300\" \/>\n\t<meta property=\"og:image:height\" content=\"210\" \/>\n\t<meta property=\"og:image:type\" content=\"image\/jpeg\" \/>\n<meta name=\"twitter:card\" content=\"summary_large_image\" \/>\n<meta name=\"twitter:label1\" content=\"Temps estimat de lectura\" \/>\n\t<meta name=\"twitter:data1\" content=\"3 minuts\" \/>\n<script type=\"application\/ld+json\" class=\"yoast-schema-graph\">{\"@context\":\"https:\/\/schema.org\",\"@graph\":[{\"@type\":\"WebPage\",\"@id\":\"https:\/\/www.cpl.es\/ca\/blog\/vida-liturgica\/la-liturgia-de-les-hores\/la-hora-menor\/\",\"url\":\"https:\/\/www.cpl.es\/ca\/blog\/vida-liturgica\/la-liturgia-de-les-hores\/la-hora-menor\/\",\"name\":\"La Hora Menor - CPL\",\"isPartOf\":{\"@id\":\"https:\/\/www.cpl.es\/#website\"},\"primaryImageOfPage\":{\"@id\":\"https:\/\/www.cpl.es\/ca\/blog\/vida-liturgica\/la-liturgia-de-les-hores\/la-hora-menor\/#primaryimage\"},\"image\":{\"@id\":\"https:\/\/www.cpl.es\/ca\/blog\/vida-liturgica\/la-liturgia-de-les-hores\/la-hora-menor\/#primaryimage\"},\"thumbnailUrl\":\"https:\/\/www.cpl.es\/wp-content\/uploads\/5-4-sexta-300x210-1.jpg\",\"datePublished\":\"2023-11-29T19:01:43+00:00\",\"dateModified\":\"2023-12-14T16:33:43+00:00\",\"breadcrumb\":{\"@id\":\"https:\/\/www.cpl.es\/ca\/blog\/vida-liturgica\/la-liturgia-de-les-hores\/la-hora-menor\/#breadcrumb\"},\"inLanguage\":\"ca\",\"potentialAction\":[{\"@type\":\"ReadAction\",\"target\":[\"https:\/\/www.cpl.es\/ca\/blog\/vida-liturgica\/la-liturgia-de-les-hores\/la-hora-menor\/\"]}]},{\"@type\":\"ImageObject\",\"inLanguage\":\"ca\",\"@id\":\"https:\/\/www.cpl.es\/ca\/blog\/vida-liturgica\/la-liturgia-de-les-hores\/la-hora-menor\/#primaryimage\",\"url\":\"https:\/\/www.cpl.es\/wp-content\/uploads\/5-4-sexta-300x210-1.jpg\",\"contentUrl\":\"https:\/\/www.cpl.es\/wp-content\/uploads\/5-4-sexta-300x210-1.jpg\"},{\"@type\":\"BreadcrumbList\",\"@id\":\"https:\/\/www.cpl.es\/ca\/blog\/vida-liturgica\/la-liturgia-de-les-hores\/la-hora-menor\/#breadcrumb\",\"itemListElement\":[{\"@type\":\"ListItem\",\"position\":1,\"name\":\"Portada\",\"item\":\"https:\/\/www.cpl.es\/ca\/\"},{\"@type\":\"ListItem\",\"position\":2,\"name\":\"Blog\",\"item\":\"https:\/\/www.cpl.es\/ca\/blog\/\"},{\"@type\":\"ListItem\",\"position\":3,\"name\":\"Vida lit\u00fargica\",\"item\":\"https:\/\/www.cpl.es\/ca\/blog\/vida-liturgica\/\"},{\"@type\":\"ListItem\",\"position\":4,\"name\":\"La Lit\u00fargia de les Hores\",\"item\":\"https:\/\/www.cpl.es\/ca\/blog\/vida-liturgica\/la-liturgia-de-les-hores\/\"},{\"@type\":\"ListItem\",\"position\":5,\"name\":\"La Hora Menor\"}]},{\"@type\":\"WebSite\",\"@id\":\"https:\/\/www.cpl.es\/#website\",\"url\":\"https:\/\/www.cpl.es\/\",\"name\":\"CPL\",\"description\":\"Centre de Pastoral Lit\u00fargica de Barcelona\",\"publisher\":{\"@id\":\"https:\/\/www.cpl.es\/#organization\"},\"alternateName\":\"Centre de Pastoral Lit\u00fargica\",\"potentialAction\":[{\"@type\":\"SearchAction\",\"target\":{\"@type\":\"EntryPoint\",\"urlTemplate\":\"https:\/\/www.cpl.es\/?s={search_term_string}\"},\"query-input\":{\"@type\":\"PropertyValueSpecification\",\"valueRequired\":true,\"valueName\":\"search_term_string\"}}],\"inLanguage\":\"ca\"},{\"@type\":\"Organization\",\"@id\":\"https:\/\/www.cpl.es\/#organization\",\"name\":\"Centre de Pastoral Lit\u00fargica\",\"alternateName\":\"Centre de Pastoral Lit\u00fargica de Barcelona\",\"url\":\"https:\/\/www.cpl.es\/\",\"logo\":{\"@type\":\"ImageObject\",\"inLanguage\":\"ca\",\"@id\":\"https:\/\/www.cpl.es\/#\/schema\/logo\/image\/\",\"url\":\"https:\/\/www.cpl.es\/wp-content\/uploads\/logo-cpl.svg\",\"contentUrl\":\"https:\/\/www.cpl.es\/wp-content\/uploads\/logo-cpl.svg\",\"caption\":\"Centre de Pastoral Lit\u00fargica\"},\"image\":{\"@id\":\"https:\/\/www.cpl.es\/#\/schema\/logo\/image\/\"}}]}<\/script>\n<!-- \/ Yoast SEO plugin. -->","yoast_head_json":{"title":"La Hora Menor - CPL","robots":{"index":"index","follow":"follow","max-snippet":"max-snippet:-1","max-image-preview":"max-image-preview:large","max-video-preview":"max-video-preview:-1"},"canonical":"https:\/\/www.cpl.es\/ca\/blog\/vida-liturgica\/la-liturgia-de-les-hores\/la-hora-menor\/","og_locale":"ca_ES","og_type":"article","og_title":"La Hora Menor - CPL","og_description":"L\u2019Hora d\u2019entre dia (o Hora menor): T\u00e8rcia, Sexta i Nona Segons una tradici\u00f3 molt antiga, els cristians fonamentaren el costum de pregar determinats moments del dia, en forma privada, fins i tot enmig del treball, a imitaci\u00f3 de l\u2019Esgl\u00e9sia apost\u00f2lica; aquesta tradici\u00f3 es va expressar de maneres diverses i, en el decurs dels segles, cristal\u00b7litz\u00e0 [&hellip;]","og_url":"https:\/\/www.cpl.es\/ca\/blog\/vida-liturgica\/la-liturgia-de-les-hores\/la-hora-menor\/","og_site_name":"CPL","article_modified_time":"2023-12-14T16:33:43+00:00","og_image":[{"width":300,"height":210,"url":"https:\/\/www.cpl.es\/wp-content\/uploads\/5-4-sexta-300x210-1.jpg","type":"image\/jpeg"}],"twitter_card":"summary_large_image","twitter_misc":{"Temps estimat de lectura":"3 minuts"},"schema":{"@context":"https:\/\/schema.org","@graph":[{"@type":"WebPage","@id":"https:\/\/www.cpl.es\/ca\/blog\/vida-liturgica\/la-liturgia-de-les-hores\/la-hora-menor\/","url":"https:\/\/www.cpl.es\/ca\/blog\/vida-liturgica\/la-liturgia-de-les-hores\/la-hora-menor\/","name":"La Hora Menor - CPL","isPartOf":{"@id":"https:\/\/www.cpl.es\/#website"},"primaryImageOfPage":{"@id":"https:\/\/www.cpl.es\/ca\/blog\/vida-liturgica\/la-liturgia-de-les-hores\/la-hora-menor\/#primaryimage"},"image":{"@id":"https:\/\/www.cpl.es\/ca\/blog\/vida-liturgica\/la-liturgia-de-les-hores\/la-hora-menor\/#primaryimage"},"thumbnailUrl":"https:\/\/www.cpl.es\/wp-content\/uploads\/5-4-sexta-300x210-1.jpg","datePublished":"2023-11-29T19:01:43+00:00","dateModified":"2023-12-14T16:33:43+00:00","breadcrumb":{"@id":"https:\/\/www.cpl.es\/ca\/blog\/vida-liturgica\/la-liturgia-de-les-hores\/la-hora-menor\/#breadcrumb"},"inLanguage":"ca","potentialAction":[{"@type":"ReadAction","target":["https:\/\/www.cpl.es\/ca\/blog\/vida-liturgica\/la-liturgia-de-les-hores\/la-hora-menor\/"]}]},{"@type":"ImageObject","inLanguage":"ca","@id":"https:\/\/www.cpl.es\/ca\/blog\/vida-liturgica\/la-liturgia-de-les-hores\/la-hora-menor\/#primaryimage","url":"https:\/\/www.cpl.es\/wp-content\/uploads\/5-4-sexta-300x210-1.jpg","contentUrl":"https:\/\/www.cpl.es\/wp-content\/uploads\/5-4-sexta-300x210-1.jpg"},{"@type":"BreadcrumbList","@id":"https:\/\/www.cpl.es\/ca\/blog\/vida-liturgica\/la-liturgia-de-les-hores\/la-hora-menor\/#breadcrumb","itemListElement":[{"@type":"ListItem","position":1,"name":"Portada","item":"https:\/\/www.cpl.es\/ca\/"},{"@type":"ListItem","position":2,"name":"Blog","item":"https:\/\/www.cpl.es\/ca\/blog\/"},{"@type":"ListItem","position":3,"name":"Vida lit\u00fargica","item":"https:\/\/www.cpl.es\/ca\/blog\/vida-liturgica\/"},{"@type":"ListItem","position":4,"name":"La Lit\u00fargia de les Hores","item":"https:\/\/www.cpl.es\/ca\/blog\/vida-liturgica\/la-liturgia-de-les-hores\/"},{"@type":"ListItem","position":5,"name":"La Hora Menor"}]},{"@type":"WebSite","@id":"https:\/\/www.cpl.es\/#website","url":"https:\/\/www.cpl.es\/","name":"CPL","description":"Centre de Pastoral Lit\u00fargica de Barcelona","publisher":{"@id":"https:\/\/www.cpl.es\/#organization"},"alternateName":"Centre de Pastoral Lit\u00fargica","potentialAction":[{"@type":"SearchAction","target":{"@type":"EntryPoint","urlTemplate":"https:\/\/www.cpl.es\/?s={search_term_string}"},"query-input":{"@type":"PropertyValueSpecification","valueRequired":true,"valueName":"search_term_string"}}],"inLanguage":"ca"},{"@type":"Organization","@id":"https:\/\/www.cpl.es\/#organization","name":"Centre de Pastoral Lit\u00fargica","alternateName":"Centre de Pastoral Lit\u00fargica de Barcelona","url":"https:\/\/www.cpl.es\/","logo":{"@type":"ImageObject","inLanguage":"ca","@id":"https:\/\/www.cpl.es\/#\/schema\/logo\/image\/","url":"https:\/\/www.cpl.es\/wp-content\/uploads\/logo-cpl.svg","contentUrl":"https:\/\/www.cpl.es\/wp-content\/uploads\/logo-cpl.svg","caption":"Centre de Pastoral Lit\u00fargica"},"image":{"@id":"https:\/\/www.cpl.es\/#\/schema\/logo\/image\/"}}]}},"_links":{"self":[{"href":"https:\/\/www.cpl.es\/ca\/wp-json\/wp\/v2\/pages\/11701","targetHints":{"allow":["GET"]}}],"collection":[{"href":"https:\/\/www.cpl.es\/ca\/wp-json\/wp\/v2\/pages"}],"about":[{"href":"https:\/\/www.cpl.es\/ca\/wp-json\/wp\/v2\/types\/page"}],"author":[{"embeddable":true,"href":"https:\/\/www.cpl.es\/ca\/wp-json\/wp\/v2\/users\/1"}],"replies":[{"embeddable":true,"href":"https:\/\/www.cpl.es\/ca\/wp-json\/wp\/v2\/comments?post=11701"}],"version-history":[{"count":1,"href":"https:\/\/www.cpl.es\/ca\/wp-json\/wp\/v2\/pages\/11701\/revisions"}],"predecessor-version":[{"id":11702,"href":"https:\/\/www.cpl.es\/ca\/wp-json\/wp\/v2\/pages\/11701\/revisions\/11702"}],"up":[{"embeddable":true,"href":"https:\/\/www.cpl.es\/ca\/wp-json\/wp\/v2\/pages\/11690"}],"wp:attachment":[{"href":"https:\/\/www.cpl.es\/ca\/wp-json\/wp\/v2\/media?parent=11701"}],"curies":[{"name":"wp","href":"https:\/\/api.w.org\/{rel}","templated":true}]}}