{"id":11696,"date":"2023-11-29T20:00:47","date_gmt":"2023-11-29T19:00:47","guid":{"rendered":"https:\/\/nuevaweb.cpl.es\/?page_id=11696"},"modified":"2023-12-14T17:32:11","modified_gmt":"2023-12-14T16:32:11","slug":"lofici-de-lectura","status":"publish","type":"page","link":"https:\/\/www.cpl.es\/ca\/blog\/vida-liturgica\/la-liturgia-de-les-hores\/lofici-de-lectura\/","title":{"rendered":"L\u2019Ofici de Lectura"},"content":{"rendered":"<div id=\"pl-11696\"  class=\"panel-layout\" ><div id=\"pg-11696-0\"  class=\"panel-grid panel-no-style\" ><div id=\"pgc-11696-0-0\"  class=\"panel-grid-cell\" ><div id=\"panel-11696-0-0-0\" class=\"so-panel widget widget_sow-editor panel-first-child panel-last-child\" data-index=\"0\" ><div\n\t\t\t\n\t\t\tclass=\"so-widget-sow-editor so-widget-sow-editor-base\"\n\t\t\t\n\t\t>\n<div class=\"siteorigin-widget-tinymce textwidget\">\n\t<p><img decoding=\"async\" class=\"alignnone size-full wp-image-9666\" src=\"https:\/\/www.cpl.es\/wp-content\/uploads\/5-2-ofici-de-lectura.jpg\" alt=\"\" width=\"275\" height=\"183\" \/ fetchpriority=\"high\"><\/p>\n<p><strong>L\u2019Ofici de Lectura facilita al poble de D\u00e9u, i m\u00e9s particularment als qui s\u00f3n consagrats al Senyor d\u2019una manera especial, l\u2019oportunitat d\u2019una meditaci\u00f3 m\u00e9s abundosa de la Sagrada Escriptura i de les p\u00e0gines millors dels autors espirituals.<\/strong>\u00a0Si b\u00e9 la lectura continuada de la Sagrada Escriptura en la missa \u00e9s ara m\u00e9s rica que abans, el tresor de revelaci\u00f3 i tradici\u00f3 de l\u2019Ofici de Lectura ser\u00e0 tamb\u00e9 de gran profit espiritual per als qui el celebrin.<\/p>\n<p>L\u2019oraci\u00f3 ha d\u2019acompanyar \u201cla lectura b\u00edblica perqu\u00e8 sigui un veritable col\u00b7loqui entre D\u00e9u i l\u2019home, ja que\u00a0<em>quan preguem, parlem amb D\u00e9u, i l\u2019escoltem, quan llegim les paraules inspirades<\/em>\u201d; per aix\u00f2, l\u2019Ofici de Lectura consta de salms, himne, oraci\u00f3 i altres f\u00f3rmules, de manera que t\u00e9 l\u2019\u00edndole de veritable preg\u00e0ria.<\/p>\n<p>L\u2019Ofici de Lectura, d\u2019acord amb la constituci\u00f3\u00a0<em>Sacrosantum Concilium<\/em>, \u201cencara que en el cor conservi el car\u00e0cter de lloan\u00e7a nocturna, ha de ser acomodat de manera que pugui ser recitat en qualsevol hora del dia, tingui menys salms que en l\u2019oraci\u00f3 anterior i, en canvi, les lectures siguin m\u00e9s llargues\u201d. Finalment, pot ser recitat l\u2019Ofici de Lectura a qualsevol hora del dia, fins i tot durant les hores nocturnes del dia precedent, un cop resades les Vespres.<\/p>\n<h2>Estructura<\/h2>\n<p>Si l\u2019Ofici de Lectura precedeix els Laudes, es diu abans l\u2019Invitatori. Altrament, es comen\u00e7a pel vers: \u201cSigueu amb nosaltres\u201d amb el \u201cGl\u00f2ria al Pare. Com era\u201d, i, fora del temps de Quaresma, amb l\u2019al\u00b7leluia. Despr\u00e9s es canta l\u2019himne, que, en el temps de durant l\u2019any, s\u2019escull, o b\u00e9 de la s\u00e8rie nocturna o b\u00e9 de la s\u00e8rie di\u00fcrna, d\u2019acord amb l\u2019hora real.<\/p>\n<p>Es recita a continuaci\u00f3 la salm\u00f2dia, que consta de tres salms, o de tres fragments de salms, quan serien massa llargs. En el Tridu Pasqual, els dies dintre les octaves de Pasqua i de Nadal i en les solemnitats i les festes, hi ha salms propis amb les seves pr\u00f2pies ant\u00edfones. Els diumenges i les f\u00e8ries es diuen els salms i les ant\u00edfones del dia corresponent al cicle de les quatre setmanes. En les mem\u00f2ries dels sants, si no tenen salms o ant\u00edfones propis, es diuen tamb\u00e9 els del dia corresponent al cicle de les quatre setmanes. El vers, com \u00e9s costum, es diu abans de les lectures, com una transici\u00f3 dels salms a l\u2019audici\u00f3 de la Paraula de D\u00e9u.<\/p>\n<p>Hi ha dues lectures: la primera \u00e9s b\u00edblica, l\u2019altra \u00e9s de les obres dels Pares o dels Escriptors eclesi\u00e0stics, o hagiogr\u00e0fica. Despr\u00e9s de cada lectura es diu el responsori.<\/p>\n<p>La lectura b\u00edblica \u00e9s la que figura en el propi del temps, i en les solemnitats i les festes, la lectura b\u00edblica \u00e9s del propi o del com\u00fa.<\/p>\n<p>La lectura segona amb el seu responsori es pren del llibre de la Lit\u00fargia de les Hores o del Leccionari facultatiu. Ordin\u00e0riament \u00e9s la que correspon al temps. En les solemnitats i les festes dels sants, es llegeix la lectura pr\u00f2pia hagiogr\u00e0fica; si no n\u2019hi ha, es diu la segona lectura del com\u00fa respectiu. En les mem\u00f2ries dels sants no impedides, la lectura hagiogr\u00e0fica ocupa tamb\u00e9 el lloc de la lectura segona del temps.<\/p>\n<p>Quan una mem\u00f2ria cau en el temps de Quaresma, se celebra com a commemoraci\u00f3. Aleshores, despr\u00e9s de la segona lectura, s\u2019hi afegeix una tercera, que \u00e9s la patr\u00edstica o la hagiogr\u00e0fica de la mem\u00f2ria.<\/p>\n<p>Els diumenges, fora de la Quaresma, els dies dintre les octaves de Pasqua i de Nadal i en les solemnitats i les festes, despr\u00e9s de la lectura segona, amb el seu responsori, es diu l\u2019himne \u201cOh D\u00e9u us lloem\u201d. Aquest himne s\u2019omet en les mem\u00f2ries i en les f\u00e8ries.<\/p>\n<p>L\u2019Ofici de Lectura s\u2019acaba normalment amb l\u2019oraci\u00f3 pr\u00f2pia del dia i, almenys en la celebraci\u00f3 comunit\u00e0ria, amb l\u2019aclamaci\u00f3: \u201cBene\u00efm el Senyor\u201d, i la resposta: \u201cDonem gr\u00e0cies a D\u00e9u\u201d.<\/p>\n<\/div>\n<\/div><\/div><\/div><\/div><\/div>","protected":false},"excerpt":{"rendered":"<p>L\u2019Ofici de Lectura facilita al poble de D\u00e9u, i m\u00e9s particularment als qui s\u00f3n consagrats al Senyor d\u2019una manera especial, l\u2019oportunitat d\u2019una meditaci\u00f3 m\u00e9s abundosa de la Sagrada Escriptura i de les p\u00e0gines millors dels autors espirituals.\u00a0Si b\u00e9 la lectura continuada de la Sagrada Escriptura en la missa \u00e9s ara m\u00e9s rica que abans, el [&hellip;]<\/p>\n","protected":false},"author":1,"featured_media":0,"parent":11690,"menu_order":2,"comment_status":"closed","ping_status":"closed","template":"","meta":{"_acf_changed":false,"inline_featured_image":false,"footnotes":""},"class_list":["post-11696","page","type-page","status-publish","hentry"],"acf":[],"yoast_head":"<!-- This site is optimized with the Yoast SEO plugin v27.3 - https:\/\/yoast.com\/product\/yoast-seo-wordpress\/ -->\n<title>L\u2019Ofici de Lectura - CPL<\/title>\n<meta name=\"robots\" content=\"index, follow, max-snippet:-1, max-image-preview:large, max-video-preview:-1\" \/>\n<link rel=\"canonical\" href=\"https:\/\/www.cpl.es\/ca\/blog\/vida-liturgica\/la-liturgia-de-les-hores\/lofici-de-lectura\/\" \/>\n<meta property=\"og:locale\" content=\"ca_ES\" \/>\n<meta property=\"og:type\" content=\"article\" \/>\n<meta property=\"og:title\" content=\"L\u2019Ofici de Lectura - CPL\" \/>\n<meta property=\"og:description\" content=\"L\u2019Ofici de Lectura facilita al poble de D\u00e9u, i m\u00e9s particularment als qui s\u00f3n consagrats al Senyor d\u2019una manera especial, l\u2019oportunitat d\u2019una meditaci\u00f3 m\u00e9s abundosa de la Sagrada Escriptura i de les p\u00e0gines millors dels autors espirituals.\u00a0Si b\u00e9 la lectura continuada de la Sagrada Escriptura en la missa \u00e9s ara m\u00e9s rica que abans, el [&hellip;]\" \/>\n<meta property=\"og:url\" content=\"https:\/\/www.cpl.es\/ca\/blog\/vida-liturgica\/la-liturgia-de-les-hores\/lofici-de-lectura\/\" \/>\n<meta property=\"og:site_name\" content=\"CPL\" \/>\n<meta property=\"article:modified_time\" content=\"2023-12-14T16:32:11+00:00\" \/>\n<meta property=\"og:image\" content=\"https:\/\/www.cpl.es\/wp-content\/uploads\/5-2-ofici-de-lectura.jpg\" \/>\n\t<meta property=\"og:image:width\" content=\"275\" \/>\n\t<meta property=\"og:image:height\" content=\"183\" \/>\n\t<meta property=\"og:image:type\" content=\"image\/jpeg\" \/>\n<meta name=\"twitter:card\" content=\"summary_large_image\" \/>\n<meta name=\"twitter:label1\" content=\"Temps estimat de lectura\" \/>\n\t<meta name=\"twitter:data1\" content=\"4 minuts\" \/>\n<script type=\"application\/ld+json\" class=\"yoast-schema-graph\">{\"@context\":\"https:\\\/\\\/schema.org\",\"@graph\":[{\"@type\":\"WebPage\",\"@id\":\"https:\\\/\\\/www.cpl.es\\\/ca\\\/blog\\\/vida-liturgica\\\/la-liturgia-de-les-hores\\\/lofici-de-lectura\\\/\",\"url\":\"https:\\\/\\\/www.cpl.es\\\/ca\\\/blog\\\/vida-liturgica\\\/la-liturgia-de-les-hores\\\/lofici-de-lectura\\\/\",\"name\":\"L\u2019Ofici de Lectura - CPL\",\"isPartOf\":{\"@id\":\"https:\\\/\\\/www.cpl.es\\\/#website\"},\"primaryImageOfPage\":{\"@id\":\"https:\\\/\\\/www.cpl.es\\\/ca\\\/blog\\\/vida-liturgica\\\/la-liturgia-de-les-hores\\\/lofici-de-lectura\\\/#primaryimage\"},\"image\":{\"@id\":\"https:\\\/\\\/www.cpl.es\\\/ca\\\/blog\\\/vida-liturgica\\\/la-liturgia-de-les-hores\\\/lofici-de-lectura\\\/#primaryimage\"},\"thumbnailUrl\":\"https:\\\/\\\/www.cpl.es\\\/wp-content\\\/uploads\\\/5-2-ofici-de-lectura.jpg\",\"datePublished\":\"2023-11-29T19:00:47+00:00\",\"dateModified\":\"2023-12-14T16:32:11+00:00\",\"breadcrumb\":{\"@id\":\"https:\\\/\\\/www.cpl.es\\\/ca\\\/blog\\\/vida-liturgica\\\/la-liturgia-de-les-hores\\\/lofici-de-lectura\\\/#breadcrumb\"},\"inLanguage\":\"ca\",\"potentialAction\":[{\"@type\":\"ReadAction\",\"target\":[\"https:\\\/\\\/www.cpl.es\\\/ca\\\/blog\\\/vida-liturgica\\\/la-liturgia-de-les-hores\\\/lofici-de-lectura\\\/\"]}]},{\"@type\":\"ImageObject\",\"inLanguage\":\"ca\",\"@id\":\"https:\\\/\\\/www.cpl.es\\\/ca\\\/blog\\\/vida-liturgica\\\/la-liturgia-de-les-hores\\\/lofici-de-lectura\\\/#primaryimage\",\"url\":\"https:\\\/\\\/www.cpl.es\\\/wp-content\\\/uploads\\\/5-2-ofici-de-lectura.jpg\",\"contentUrl\":\"https:\\\/\\\/www.cpl.es\\\/wp-content\\\/uploads\\\/5-2-ofici-de-lectura.jpg\"},{\"@type\":\"BreadcrumbList\",\"@id\":\"https:\\\/\\\/www.cpl.es\\\/ca\\\/blog\\\/vida-liturgica\\\/la-liturgia-de-les-hores\\\/lofici-de-lectura\\\/#breadcrumb\",\"itemListElement\":[{\"@type\":\"ListItem\",\"position\":1,\"name\":\"Portada\",\"item\":\"https:\\\/\\\/www.cpl.es\\\/ca\\\/\"},{\"@type\":\"ListItem\",\"position\":2,\"name\":\"Blog\",\"item\":\"https:\\\/\\\/www.cpl.es\\\/ca\\\/blog\\\/\"},{\"@type\":\"ListItem\",\"position\":3,\"name\":\"Vida lit\u00fargica\",\"item\":\"https:\\\/\\\/www.cpl.es\\\/ca\\\/blog\\\/vida-liturgica\\\/\"},{\"@type\":\"ListItem\",\"position\":4,\"name\":\"La Lit\u00fargia de les Hores\",\"item\":\"https:\\\/\\\/www.cpl.es\\\/ca\\\/blog\\\/vida-liturgica\\\/la-liturgia-de-les-hores\\\/\"},{\"@type\":\"ListItem\",\"position\":5,\"name\":\"L\u2019Ofici de Lectura\"}]},{\"@type\":\"WebSite\",\"@id\":\"https:\\\/\\\/www.cpl.es\\\/#website\",\"url\":\"https:\\\/\\\/www.cpl.es\\\/\",\"name\":\"CPL\",\"description\":\"Centre de Pastoral Lit\u00fargica de Barcelona\",\"publisher\":{\"@id\":\"https:\\\/\\\/www.cpl.es\\\/#organization\"},\"alternateName\":\"Centre de Pastoral Lit\u00fargica\",\"potentialAction\":[{\"@type\":\"SearchAction\",\"target\":{\"@type\":\"EntryPoint\",\"urlTemplate\":\"https:\\\/\\\/www.cpl.es\\\/?s={search_term_string}\"},\"query-input\":{\"@type\":\"PropertyValueSpecification\",\"valueRequired\":true,\"valueName\":\"search_term_string\"}}],\"inLanguage\":\"ca\"},{\"@type\":\"Organization\",\"@id\":\"https:\\\/\\\/www.cpl.es\\\/#organization\",\"name\":\"Centre de Pastoral Lit\u00fargica\",\"alternateName\":\"Centre de Pastoral Lit\u00fargica de Barcelona\",\"url\":\"https:\\\/\\\/www.cpl.es\\\/\",\"logo\":{\"@type\":\"ImageObject\",\"inLanguage\":\"ca\",\"@id\":\"https:\\\/\\\/www.cpl.es\\\/#\\\/schema\\\/logo\\\/image\\\/\",\"url\":\"https:\\\/\\\/www.cpl.es\\\/wp-content\\\/uploads\\\/logo-cpl.svg\",\"contentUrl\":\"https:\\\/\\\/www.cpl.es\\\/wp-content\\\/uploads\\\/logo-cpl.svg\",\"caption\":\"Centre de Pastoral Lit\u00fargica\"},\"image\":{\"@id\":\"https:\\\/\\\/www.cpl.es\\\/#\\\/schema\\\/logo\\\/image\\\/\"}}]}<\/script>\n<!-- \/ Yoast SEO plugin. -->","yoast_head_json":{"title":"L\u2019Ofici de Lectura - CPL","robots":{"index":"index","follow":"follow","max-snippet":"max-snippet:-1","max-image-preview":"max-image-preview:large","max-video-preview":"max-video-preview:-1"},"canonical":"https:\/\/www.cpl.es\/ca\/blog\/vida-liturgica\/la-liturgia-de-les-hores\/lofici-de-lectura\/","og_locale":"ca_ES","og_type":"article","og_title":"L\u2019Ofici de Lectura - CPL","og_description":"L\u2019Ofici de Lectura facilita al poble de D\u00e9u, i m\u00e9s particularment als qui s\u00f3n consagrats al Senyor d\u2019una manera especial, l\u2019oportunitat d\u2019una meditaci\u00f3 m\u00e9s abundosa de la Sagrada Escriptura i de les p\u00e0gines millors dels autors espirituals.\u00a0Si b\u00e9 la lectura continuada de la Sagrada Escriptura en la missa \u00e9s ara m\u00e9s rica que abans, el [&hellip;]","og_url":"https:\/\/www.cpl.es\/ca\/blog\/vida-liturgica\/la-liturgia-de-les-hores\/lofici-de-lectura\/","og_site_name":"CPL","article_modified_time":"2023-12-14T16:32:11+00:00","og_image":[{"width":275,"height":183,"url":"https:\/\/www.cpl.es\/wp-content\/uploads\/5-2-ofici-de-lectura.jpg","type":"image\/jpeg"}],"twitter_card":"summary_large_image","twitter_misc":{"Temps estimat de lectura":"4 minuts"},"schema":{"@context":"https:\/\/schema.org","@graph":[{"@type":"WebPage","@id":"https:\/\/www.cpl.es\/ca\/blog\/vida-liturgica\/la-liturgia-de-les-hores\/lofici-de-lectura\/","url":"https:\/\/www.cpl.es\/ca\/blog\/vida-liturgica\/la-liturgia-de-les-hores\/lofici-de-lectura\/","name":"L\u2019Ofici de Lectura - CPL","isPartOf":{"@id":"https:\/\/www.cpl.es\/#website"},"primaryImageOfPage":{"@id":"https:\/\/www.cpl.es\/ca\/blog\/vida-liturgica\/la-liturgia-de-les-hores\/lofici-de-lectura\/#primaryimage"},"image":{"@id":"https:\/\/www.cpl.es\/ca\/blog\/vida-liturgica\/la-liturgia-de-les-hores\/lofici-de-lectura\/#primaryimage"},"thumbnailUrl":"https:\/\/www.cpl.es\/wp-content\/uploads\/5-2-ofici-de-lectura.jpg","datePublished":"2023-11-29T19:00:47+00:00","dateModified":"2023-12-14T16:32:11+00:00","breadcrumb":{"@id":"https:\/\/www.cpl.es\/ca\/blog\/vida-liturgica\/la-liturgia-de-les-hores\/lofici-de-lectura\/#breadcrumb"},"inLanguage":"ca","potentialAction":[{"@type":"ReadAction","target":["https:\/\/www.cpl.es\/ca\/blog\/vida-liturgica\/la-liturgia-de-les-hores\/lofici-de-lectura\/"]}]},{"@type":"ImageObject","inLanguage":"ca","@id":"https:\/\/www.cpl.es\/ca\/blog\/vida-liturgica\/la-liturgia-de-les-hores\/lofici-de-lectura\/#primaryimage","url":"https:\/\/www.cpl.es\/wp-content\/uploads\/5-2-ofici-de-lectura.jpg","contentUrl":"https:\/\/www.cpl.es\/wp-content\/uploads\/5-2-ofici-de-lectura.jpg"},{"@type":"BreadcrumbList","@id":"https:\/\/www.cpl.es\/ca\/blog\/vida-liturgica\/la-liturgia-de-les-hores\/lofici-de-lectura\/#breadcrumb","itemListElement":[{"@type":"ListItem","position":1,"name":"Portada","item":"https:\/\/www.cpl.es\/ca\/"},{"@type":"ListItem","position":2,"name":"Blog","item":"https:\/\/www.cpl.es\/ca\/blog\/"},{"@type":"ListItem","position":3,"name":"Vida lit\u00fargica","item":"https:\/\/www.cpl.es\/ca\/blog\/vida-liturgica\/"},{"@type":"ListItem","position":4,"name":"La Lit\u00fargia de les Hores","item":"https:\/\/www.cpl.es\/ca\/blog\/vida-liturgica\/la-liturgia-de-les-hores\/"},{"@type":"ListItem","position":5,"name":"L\u2019Ofici de Lectura"}]},{"@type":"WebSite","@id":"https:\/\/www.cpl.es\/#website","url":"https:\/\/www.cpl.es\/","name":"CPL","description":"Centre de Pastoral Lit\u00fargica de Barcelona","publisher":{"@id":"https:\/\/www.cpl.es\/#organization"},"alternateName":"Centre de Pastoral Lit\u00fargica","potentialAction":[{"@type":"SearchAction","target":{"@type":"EntryPoint","urlTemplate":"https:\/\/www.cpl.es\/?s={search_term_string}"},"query-input":{"@type":"PropertyValueSpecification","valueRequired":true,"valueName":"search_term_string"}}],"inLanguage":"ca"},{"@type":"Organization","@id":"https:\/\/www.cpl.es\/#organization","name":"Centre de Pastoral Lit\u00fargica","alternateName":"Centre de Pastoral Lit\u00fargica de Barcelona","url":"https:\/\/www.cpl.es\/","logo":{"@type":"ImageObject","inLanguage":"ca","@id":"https:\/\/www.cpl.es\/#\/schema\/logo\/image\/","url":"https:\/\/www.cpl.es\/wp-content\/uploads\/logo-cpl.svg","contentUrl":"https:\/\/www.cpl.es\/wp-content\/uploads\/logo-cpl.svg","caption":"Centre de Pastoral Lit\u00fargica"},"image":{"@id":"https:\/\/www.cpl.es\/#\/schema\/logo\/image\/"}}]}},"_links":{"self":[{"href":"https:\/\/www.cpl.es\/ca\/wp-json\/wp\/v2\/pages\/11696","targetHints":{"allow":["GET"]}}],"collection":[{"href":"https:\/\/www.cpl.es\/ca\/wp-json\/wp\/v2\/pages"}],"about":[{"href":"https:\/\/www.cpl.es\/ca\/wp-json\/wp\/v2\/types\/page"}],"author":[{"embeddable":true,"href":"https:\/\/www.cpl.es\/ca\/wp-json\/wp\/v2\/users\/1"}],"replies":[{"embeddable":true,"href":"https:\/\/www.cpl.es\/ca\/wp-json\/wp\/v2\/comments?post=11696"}],"version-history":[{"count":2,"href":"https:\/\/www.cpl.es\/ca\/wp-json\/wp\/v2\/pages\/11696\/revisions"}],"predecessor-version":[{"id":11698,"href":"https:\/\/www.cpl.es\/ca\/wp-json\/wp\/v2\/pages\/11696\/revisions\/11698"}],"up":[{"embeddable":true,"href":"https:\/\/www.cpl.es\/ca\/wp-json\/wp\/v2\/pages\/11690"}],"wp:attachment":[{"href":"https:\/\/www.cpl.es\/ca\/wp-json\/wp\/v2\/media?parent=11696"}],"curies":[{"name":"wp","href":"https:\/\/api.w.org\/{rel}","templated":true}]}}