{"id":11649,"date":"2023-11-29T19:02:50","date_gmt":"2023-11-29T18:02:50","guid":{"rendered":"https:\/\/nuevaweb.cpl.es\/?page_id=11649"},"modified":"2023-12-14T17:14:13","modified_gmt":"2023-12-14T16:14:13","slug":"el-matrimoni","status":"publish","type":"page","link":"https:\/\/www.cpl.es\/ca\/blog\/vida-liturgica\/sagraments-i-exequies\/el-matrimoni\/","title":{"rendered":"El Matrimoni"},"content":{"rendered":"<div id=\"pl-11649\"  class=\"panel-layout\" ><div id=\"pg-11649-0\"  class=\"panel-grid panel-no-style\" ><div id=\"pgc-11649-0-0\"  class=\"panel-grid-cell\" ><div id=\"panel-11649-0-0-0\" class=\"so-panel widget widget_sow-editor panel-first-child panel-last-child\" data-index=\"0\" ><div\n\t\t\t\n\t\t\tclass=\"so-widget-sow-editor so-widget-sow-editor-base\"\n\t\t\t\n\t\t>\n<div class=\"siteorigin-widget-tinymce textwidget\">\n\t<p><img decoding=\"async\" class=\"alignnone size-medium wp-image-9590\" src=\"https:\/\/www.cpl.es\/wp-content\/uploads\/4-8-matrimoni-300x335.jpg\" alt=\"\" width=\"300\" height=\"335\" srcset=\"https:\/\/www.cpl.es\/wp-content\/uploads\/\/4-8-matrimoni-300x335.jpg 300w, https:\/\/www.cpl.es\/wp-content\/uploads\/\/4-8-matrimoni.jpg 350w\" sizes=\"auto, (max-width: 300px) 100vw, 300px\" \/ fetchpriority=\"high\"><\/p>\n<p><strong>En el sagrament del Matrimoni, l\u2019Esgl\u00e9sia confessa i celebra l\u2019alian\u00e7a d\u2019amor entre Crist i l\u2019Esgl\u00e9sia en l\u2019amor dels esposos.<\/strong>\u00a0Expressa, alhora, que l\u2019amor el rebem de D\u00e9u en l\u2019altre; aix\u00ed, l\u2019altre es converteix, en la seva diversitat i llibertat, en un do de D\u00e9u per a mi. Aix\u00f2 se significa en el moment del consentiment dels nuvis i en el moment de rebre la benedicci\u00f3 de D\u00e9u. En concret, el sagrament del Matrimoni \u00e9s un do de D\u00e9u, el do de ser amb l\u2019altre un de sol en l\u2019amor rebut i donat, sense deixar de ser el que cadasc\u00fa \u00e9s.<\/p>\n<p>El do de D\u00e9u queda segellat en la comuni\u00f3 de vida, que crea l\u2019amor lliurement prom\u00e8s i professat entre tots dos esposos, en el qual D\u00e9u s\u2019implica perqu\u00e8 tingui \u00e8xit, doni fruit i sigui signe i instrument del seu amor manifestat plenament en el seu Fill Jesucrist per obra de l\u2019Esperit Sant.\u00a0<strong>Certament, l\u2019amor de D\u00e9u envigoreix i fa cr\u00e9ixer l\u2019amor dels esposos, amb l\u2019esperan\u00e7a certa que res ni ning\u00fa no pot separar-los de l\u2019amor de D\u00e9u vessat en els seus cors i una vegada per sempre en Jesucrist i en l\u2019Esperit.<\/strong><\/p>\n<p>L\u2019amor esponsal de Jes\u00fas per la seva Esposa, l\u2019Esgl\u00e9sia, \u00e9s fonament visible i exemple de l\u2019amor esponsal entre marit i muller cristians. Jes\u00fas ressuscitat \u00e9s l\u2019esp\u00f2s que surt a rebre la humanitat perqu\u00e8 sigui la seva esposa en l\u2019Esgl\u00e9sia. Ara i aqu\u00ed, l\u2019Esgl\u00e9sia confessa i celebra que \u201cel Salvador dels homes i Esp\u00f2s de l\u2019Esgl\u00e9sia, per mitj\u00e0 del sagrament del Matrimoni, surt a l\u2019encontre dels esposos cristians\u201d.<\/p>\n<h2>Com se celebra el Sagrament del Matrimoni<\/h2>\n<p>Es pot celebrar sigui dins la celebraci\u00f3 de l\u2019Eucaristia, sigui fora de la celebraci\u00f3 eucar\u00edstica.<\/p>\n<p>La celebraci\u00f3 s\u2019inicia amb una benvinguda i una oraci\u00f3 col\u00b7lecta, com \u00e9s costum en totes les celebracions lit\u00fargiques. A continuaci\u00f3 t\u00e9 lloc la Lit\u00fargia de la Paraula. Finalitzada la homilia, t\u00e9 lloc el Ritu propi del Matrimoni. S\u2019inicia amb un interrogatori per part del ministre ordenat als nuvis i segueix amb el consentiment, comen\u00e7ant primer el nuvi i seguint despr\u00e9s la n\u00favia. Un cop fet el consentiment, hi ha la benedicci\u00f3 i entrega dels anells.<\/p>\n<p>A continuaci\u00f3, hi ha la preg\u00e0ria dels fidels. Si hi ha Eucaristia, segueix la Lit\u00fargia de l\u2019Eucaristia fins a l\u2019embolisme del Parenostre. Si no hi ha Eucaristia, t\u00e9 lloc la benedicci\u00f3 nupcial, que en el cas que hi hagi missa es fa just despr\u00e9s de l\u2019embolisme del Parenostre.<\/p>\n<p>Acabada la benedicci\u00f3 nupcial, si hi ha missa segueix com de costum i si no n\u2019hi ha es resa el Parenostre, seguit de la benedicci\u00f3 final.<\/p>\n<p>Acabada la celebraci\u00f3, t\u00e9 lloc la signatura per part dels nuvis, testimonis i ministre ordenat.<\/p>\n<h2>Coses a tenir en compte<\/h2>\n<p>El ministre del sagrament del matrimoni, a difer\u00e8ncia dels altres sagraments, s\u00f3n els propis nuvis. El ministre ordenat actua com a testimoni qualificat.<\/p>\n<p>Cal mirar que sigui una veritable celebraci\u00f3 lit\u00fargica i no una mera celebraci\u00f3 social. Per aix\u00f2 cal vetllar per una adequada ornamentaci\u00f3 i uns cants adequats, aix\u00ed com fer que la Paraula de D\u00e9u tingui el relleu que li correspon davant altres possibles escrits no b\u00edblica, de tal manera que es vegi ben clar que celebrem un sagrament i no nom\u00e9s una festa social.<\/p>\n<\/div>\n<\/div><\/div><\/div><\/div><\/div>","protected":false},"excerpt":{"rendered":"<p>En el sagrament del Matrimoni, l\u2019Esgl\u00e9sia confessa i celebra l\u2019alian\u00e7a d\u2019amor entre Crist i l\u2019Esgl\u00e9sia en l\u2019amor dels esposos.\u00a0Expressa, alhora, que l\u2019amor el rebem de D\u00e9u en l\u2019altre; aix\u00ed, l\u2019altre es converteix, en la seva diversitat i llibertat, en un do de D\u00e9u per a mi. Aix\u00f2 se significa en el moment del consentiment dels [&hellip;]<\/p>\n","protected":false},"author":1,"featured_media":0,"parent":11627,"menu_order":8,"comment_status":"closed","ping_status":"closed","template":"","meta":{"_acf_changed":false,"inline_featured_image":false,"footnotes":""},"class_list":["post-11649","page","type-page","status-publish","hentry"],"acf":[],"yoast_head":"<!-- This site is optimized with the Yoast SEO plugin v27.3 - https:\/\/yoast.com\/product\/yoast-seo-wordpress\/ -->\n<title>El Matrimoni - CPL<\/title>\n<meta name=\"robots\" content=\"index, follow, max-snippet:-1, max-image-preview:large, max-video-preview:-1\" \/>\n<link rel=\"canonical\" href=\"https:\/\/www.cpl.es\/ca\/blog\/vida-liturgica\/sagraments-i-exequies\/el-matrimoni\/\" \/>\n<meta property=\"og:locale\" content=\"ca_ES\" \/>\n<meta property=\"og:type\" content=\"article\" \/>\n<meta property=\"og:title\" content=\"El Matrimoni - CPL\" \/>\n<meta property=\"og:description\" content=\"En el sagrament del Matrimoni, l\u2019Esgl\u00e9sia confessa i celebra l\u2019alian\u00e7a d\u2019amor entre Crist i l\u2019Esgl\u00e9sia en l\u2019amor dels esposos.\u00a0Expressa, alhora, que l\u2019amor el rebem de D\u00e9u en l\u2019altre; aix\u00ed, l\u2019altre es converteix, en la seva diversitat i llibertat, en un do de D\u00e9u per a mi. Aix\u00f2 se significa en el moment del consentiment dels [&hellip;]\" \/>\n<meta property=\"og:url\" content=\"https:\/\/www.cpl.es\/ca\/blog\/vida-liturgica\/sagraments-i-exequies\/el-matrimoni\/\" \/>\n<meta property=\"og:site_name\" content=\"CPL\" \/>\n<meta property=\"article:modified_time\" content=\"2023-12-14T16:14:13+00:00\" \/>\n<meta property=\"og:image\" content=\"https:\/\/www.cpl.es\/wp-content\/uploads\/4-8-matrimoni.jpg\" \/>\n\t<meta property=\"og:image:width\" content=\"350\" \/>\n\t<meta property=\"og:image:height\" content=\"391\" \/>\n\t<meta property=\"og:image:type\" content=\"image\/jpeg\" \/>\n<meta name=\"twitter:card\" content=\"summary_large_image\" \/>\n<meta name=\"twitter:label1\" content=\"Temps estimat de lectura\" \/>\n\t<meta name=\"twitter:data1\" content=\"3 minuts\" \/>\n<script type=\"application\/ld+json\" class=\"yoast-schema-graph\">{\"@context\":\"https:\\\/\\\/schema.org\",\"@graph\":[{\"@type\":\"WebPage\",\"@id\":\"https:\\\/\\\/www.cpl.es\\\/ca\\\/blog\\\/vida-liturgica\\\/sagraments-i-exequies\\\/el-matrimoni\\\/\",\"url\":\"https:\\\/\\\/www.cpl.es\\\/ca\\\/blog\\\/vida-liturgica\\\/sagraments-i-exequies\\\/el-matrimoni\\\/\",\"name\":\"El Matrimoni - CPL\",\"isPartOf\":{\"@id\":\"https:\\\/\\\/www.cpl.es\\\/#website\"},\"primaryImageOfPage\":{\"@id\":\"https:\\\/\\\/www.cpl.es\\\/ca\\\/blog\\\/vida-liturgica\\\/sagraments-i-exequies\\\/el-matrimoni\\\/#primaryimage\"},\"image\":{\"@id\":\"https:\\\/\\\/www.cpl.es\\\/ca\\\/blog\\\/vida-liturgica\\\/sagraments-i-exequies\\\/el-matrimoni\\\/#primaryimage\"},\"thumbnailUrl\":\"https:\\\/\\\/www.cpl.es\\\/wp-content\\\/uploads\\\/4-8-matrimoni-300x335.jpg\",\"datePublished\":\"2023-11-29T18:02:50+00:00\",\"dateModified\":\"2023-12-14T16:14:13+00:00\",\"breadcrumb\":{\"@id\":\"https:\\\/\\\/www.cpl.es\\\/ca\\\/blog\\\/vida-liturgica\\\/sagraments-i-exequies\\\/el-matrimoni\\\/#breadcrumb\"},\"inLanguage\":\"ca\",\"potentialAction\":[{\"@type\":\"ReadAction\",\"target\":[\"https:\\\/\\\/www.cpl.es\\\/ca\\\/blog\\\/vida-liturgica\\\/sagraments-i-exequies\\\/el-matrimoni\\\/\"]}]},{\"@type\":\"ImageObject\",\"inLanguage\":\"ca\",\"@id\":\"https:\\\/\\\/www.cpl.es\\\/ca\\\/blog\\\/vida-liturgica\\\/sagraments-i-exequies\\\/el-matrimoni\\\/#primaryimage\",\"url\":\"https:\\\/\\\/www.cpl.es\\\/wp-content\\\/uploads\\\/4-8-matrimoni-300x335.jpg\",\"contentUrl\":\"https:\\\/\\\/www.cpl.es\\\/wp-content\\\/uploads\\\/4-8-matrimoni-300x335.jpg\"},{\"@type\":\"BreadcrumbList\",\"@id\":\"https:\\\/\\\/www.cpl.es\\\/ca\\\/blog\\\/vida-liturgica\\\/sagraments-i-exequies\\\/el-matrimoni\\\/#breadcrumb\",\"itemListElement\":[{\"@type\":\"ListItem\",\"position\":1,\"name\":\"Portada\",\"item\":\"https:\\\/\\\/www.cpl.es\\\/ca\\\/\"},{\"@type\":\"ListItem\",\"position\":2,\"name\":\"Blog\",\"item\":\"https:\\\/\\\/www.cpl.es\\\/ca\\\/blog\\\/\"},{\"@type\":\"ListItem\",\"position\":3,\"name\":\"Vida lit\u00fargica\",\"item\":\"https:\\\/\\\/www.cpl.es\\\/ca\\\/blog\\\/vida-liturgica\\\/\"},{\"@type\":\"ListItem\",\"position\":4,\"name\":\"Sagraments i ex\u00e8quies\",\"item\":\"https:\\\/\\\/www.cpl.es\\\/ca\\\/blog\\\/vida-liturgica\\\/sagraments-i-exequies\\\/\"},{\"@type\":\"ListItem\",\"position\":5,\"name\":\"El Matrimoni\"}]},{\"@type\":\"WebSite\",\"@id\":\"https:\\\/\\\/www.cpl.es\\\/#website\",\"url\":\"https:\\\/\\\/www.cpl.es\\\/\",\"name\":\"CPL\",\"description\":\"Centre de Pastoral Lit\u00fargica de Barcelona\",\"publisher\":{\"@id\":\"https:\\\/\\\/www.cpl.es\\\/#organization\"},\"alternateName\":\"Centre de Pastoral Lit\u00fargica\",\"potentialAction\":[{\"@type\":\"SearchAction\",\"target\":{\"@type\":\"EntryPoint\",\"urlTemplate\":\"https:\\\/\\\/www.cpl.es\\\/?s={search_term_string}\"},\"query-input\":{\"@type\":\"PropertyValueSpecification\",\"valueRequired\":true,\"valueName\":\"search_term_string\"}}],\"inLanguage\":\"ca\"},{\"@type\":\"Organization\",\"@id\":\"https:\\\/\\\/www.cpl.es\\\/#organization\",\"name\":\"Centre de Pastoral Lit\u00fargica\",\"alternateName\":\"Centre de Pastoral Lit\u00fargica de Barcelona\",\"url\":\"https:\\\/\\\/www.cpl.es\\\/\",\"logo\":{\"@type\":\"ImageObject\",\"inLanguage\":\"ca\",\"@id\":\"https:\\\/\\\/www.cpl.es\\\/#\\\/schema\\\/logo\\\/image\\\/\",\"url\":\"https:\\\/\\\/www.cpl.es\\\/wp-content\\\/uploads\\\/logo-cpl.svg\",\"contentUrl\":\"https:\\\/\\\/www.cpl.es\\\/wp-content\\\/uploads\\\/logo-cpl.svg\",\"caption\":\"Centre de Pastoral Lit\u00fargica\"},\"image\":{\"@id\":\"https:\\\/\\\/www.cpl.es\\\/#\\\/schema\\\/logo\\\/image\\\/\"}}]}<\/script>\n<!-- \/ Yoast SEO plugin. -->","yoast_head_json":{"title":"El Matrimoni - CPL","robots":{"index":"index","follow":"follow","max-snippet":"max-snippet:-1","max-image-preview":"max-image-preview:large","max-video-preview":"max-video-preview:-1"},"canonical":"https:\/\/www.cpl.es\/ca\/blog\/vida-liturgica\/sagraments-i-exequies\/el-matrimoni\/","og_locale":"ca_ES","og_type":"article","og_title":"El Matrimoni - CPL","og_description":"En el sagrament del Matrimoni, l\u2019Esgl\u00e9sia confessa i celebra l\u2019alian\u00e7a d\u2019amor entre Crist i l\u2019Esgl\u00e9sia en l\u2019amor dels esposos.\u00a0Expressa, alhora, que l\u2019amor el rebem de D\u00e9u en l\u2019altre; aix\u00ed, l\u2019altre es converteix, en la seva diversitat i llibertat, en un do de D\u00e9u per a mi. Aix\u00f2 se significa en el moment del consentiment dels [&hellip;]","og_url":"https:\/\/www.cpl.es\/ca\/blog\/vida-liturgica\/sagraments-i-exequies\/el-matrimoni\/","og_site_name":"CPL","article_modified_time":"2023-12-14T16:14:13+00:00","og_image":[{"width":350,"height":391,"url":"https:\/\/www.cpl.es\/wp-content\/uploads\/4-8-matrimoni.jpg","type":"image\/jpeg"}],"twitter_card":"summary_large_image","twitter_misc":{"Temps estimat de lectura":"3 minuts"},"schema":{"@context":"https:\/\/schema.org","@graph":[{"@type":"WebPage","@id":"https:\/\/www.cpl.es\/ca\/blog\/vida-liturgica\/sagraments-i-exequies\/el-matrimoni\/","url":"https:\/\/www.cpl.es\/ca\/blog\/vida-liturgica\/sagraments-i-exequies\/el-matrimoni\/","name":"El Matrimoni - CPL","isPartOf":{"@id":"https:\/\/www.cpl.es\/#website"},"primaryImageOfPage":{"@id":"https:\/\/www.cpl.es\/ca\/blog\/vida-liturgica\/sagraments-i-exequies\/el-matrimoni\/#primaryimage"},"image":{"@id":"https:\/\/www.cpl.es\/ca\/blog\/vida-liturgica\/sagraments-i-exequies\/el-matrimoni\/#primaryimage"},"thumbnailUrl":"https:\/\/www.cpl.es\/wp-content\/uploads\/4-8-matrimoni-300x335.jpg","datePublished":"2023-11-29T18:02:50+00:00","dateModified":"2023-12-14T16:14:13+00:00","breadcrumb":{"@id":"https:\/\/www.cpl.es\/ca\/blog\/vida-liturgica\/sagraments-i-exequies\/el-matrimoni\/#breadcrumb"},"inLanguage":"ca","potentialAction":[{"@type":"ReadAction","target":["https:\/\/www.cpl.es\/ca\/blog\/vida-liturgica\/sagraments-i-exequies\/el-matrimoni\/"]}]},{"@type":"ImageObject","inLanguage":"ca","@id":"https:\/\/www.cpl.es\/ca\/blog\/vida-liturgica\/sagraments-i-exequies\/el-matrimoni\/#primaryimage","url":"https:\/\/www.cpl.es\/wp-content\/uploads\/4-8-matrimoni-300x335.jpg","contentUrl":"https:\/\/www.cpl.es\/wp-content\/uploads\/4-8-matrimoni-300x335.jpg"},{"@type":"BreadcrumbList","@id":"https:\/\/www.cpl.es\/ca\/blog\/vida-liturgica\/sagraments-i-exequies\/el-matrimoni\/#breadcrumb","itemListElement":[{"@type":"ListItem","position":1,"name":"Portada","item":"https:\/\/www.cpl.es\/ca\/"},{"@type":"ListItem","position":2,"name":"Blog","item":"https:\/\/www.cpl.es\/ca\/blog\/"},{"@type":"ListItem","position":3,"name":"Vida lit\u00fargica","item":"https:\/\/www.cpl.es\/ca\/blog\/vida-liturgica\/"},{"@type":"ListItem","position":4,"name":"Sagraments i ex\u00e8quies","item":"https:\/\/www.cpl.es\/ca\/blog\/vida-liturgica\/sagraments-i-exequies\/"},{"@type":"ListItem","position":5,"name":"El Matrimoni"}]},{"@type":"WebSite","@id":"https:\/\/www.cpl.es\/#website","url":"https:\/\/www.cpl.es\/","name":"CPL","description":"Centre de Pastoral Lit\u00fargica de Barcelona","publisher":{"@id":"https:\/\/www.cpl.es\/#organization"},"alternateName":"Centre de Pastoral Lit\u00fargica","potentialAction":[{"@type":"SearchAction","target":{"@type":"EntryPoint","urlTemplate":"https:\/\/www.cpl.es\/?s={search_term_string}"},"query-input":{"@type":"PropertyValueSpecification","valueRequired":true,"valueName":"search_term_string"}}],"inLanguage":"ca"},{"@type":"Organization","@id":"https:\/\/www.cpl.es\/#organization","name":"Centre de Pastoral Lit\u00fargica","alternateName":"Centre de Pastoral Lit\u00fargica de Barcelona","url":"https:\/\/www.cpl.es\/","logo":{"@type":"ImageObject","inLanguage":"ca","@id":"https:\/\/www.cpl.es\/#\/schema\/logo\/image\/","url":"https:\/\/www.cpl.es\/wp-content\/uploads\/logo-cpl.svg","contentUrl":"https:\/\/www.cpl.es\/wp-content\/uploads\/logo-cpl.svg","caption":"Centre de Pastoral Lit\u00fargica"},"image":{"@id":"https:\/\/www.cpl.es\/#\/schema\/logo\/image\/"}}]}},"_links":{"self":[{"href":"https:\/\/www.cpl.es\/ca\/wp-json\/wp\/v2\/pages\/11649","targetHints":{"allow":["GET"]}}],"collection":[{"href":"https:\/\/www.cpl.es\/ca\/wp-json\/wp\/v2\/pages"}],"about":[{"href":"https:\/\/www.cpl.es\/ca\/wp-json\/wp\/v2\/types\/page"}],"author":[{"embeddable":true,"href":"https:\/\/www.cpl.es\/ca\/wp-json\/wp\/v2\/users\/1"}],"replies":[{"embeddable":true,"href":"https:\/\/www.cpl.es\/ca\/wp-json\/wp\/v2\/comments?post=11649"}],"version-history":[{"count":1,"href":"https:\/\/www.cpl.es\/ca\/wp-json\/wp\/v2\/pages\/11649\/revisions"}],"predecessor-version":[{"id":11650,"href":"https:\/\/www.cpl.es\/ca\/wp-json\/wp\/v2\/pages\/11649\/revisions\/11650"}],"up":[{"embeddable":true,"href":"https:\/\/www.cpl.es\/ca\/wp-json\/wp\/v2\/pages\/11627"}],"wp:attachment":[{"href":"https:\/\/www.cpl.es\/ca\/wp-json\/wp\/v2\/media?parent=11649"}],"curies":[{"name":"wp","href":"https:\/\/api.w.org\/{rel}","templated":true}]}}