{"id":11645,"date":"2023-11-29T19:02:09","date_gmt":"2023-11-29T18:02:09","guid":{"rendered":"https:\/\/nuevaweb.cpl.es\/?page_id=11645"},"modified":"2023-12-14T17:12:40","modified_gmt":"2023-12-14T16:12:40","slug":"la-uncio-dels-malalts","status":"publish","type":"page","link":"https:\/\/www.cpl.es\/ca\/blog\/vida-liturgica\/sagraments-i-exequies\/la-uncio-dels-malalts\/","title":{"rendered":"La Unci\u00f3 dels malalts"},"content":{"rendered":"<div id=\"pl-11645\"  class=\"panel-layout\" ><div id=\"pg-11645-0\"  class=\"panel-grid panel-no-style\" ><div id=\"pgc-11645-0-0\"  class=\"panel-grid-cell\" ><div id=\"panel-11645-0-0-0\" class=\"so-panel widget widget_sow-editor panel-first-child panel-last-child\" data-index=\"0\" ><div\n\t\t\t\n\t\t\tclass=\"so-widget-sow-editor so-widget-sow-editor-base\"\n\t\t\t\n\t\t>\n<div class=\"siteorigin-widget-tinymce textwidget\">\n\t<p><img decoding=\"async\" class=\"alignnone wp-image-9586 size-medium\" src=\"https:\/\/www.cpl.es\/wp-content\/uploads\/4-6-uncion-300x257.jpg\" alt=\"\" width=\"300\" height=\"257\" srcset=\"https:\/\/www.cpl.es\/wp-content\/uploads\/\/4-6-uncion-300x257.jpg 300w, https:\/\/www.cpl.es\/wp-content\/uploads\/\/4-6-uncion.jpg 304w\" sizes=\"auto, (max-width: 300px) 100vw, 300px\" \/ fetchpriority=\"high\"><\/p>\n<p><strong>Ben aviat, la comunitat cristiana primitiva va expressar la cura pastoral dels malalts en les paraules de la carta de sant Jaume<\/strong>\u00a0(5,13-16). Aquestes consignes han esdevingut al llarg de la hist\u00f2ria de l\u2019Esgl\u00e9sia, la norma lit\u00fargica de la unci\u00f3 dels malalts i la teologia de la unci\u00f3, tot i que no en parli expl\u00edcitament.<\/p>\n<p>\u201cSi alg\u00fa de vosaltres sofreix, que pregui. Si est\u00e0 content, que canti lloances a D\u00e9u. Si entre vosaltres hi ha alg\u00fa que est\u00e0 malalt, que faci cridar els preveres perqu\u00e8 l\u2019ungeixin amb oli en nom del Senyor i que preguin per ell. Aquesta preg\u00e0ria, feta amb fe, salvar\u00e0 el malalt: el Senyor el posar\u00e0 bo i li perdonar\u00e0 els pecats que hagi com\u00e8s. Confesseu els uns als altres els vostres pecats, i pregueu els uns pels altres, perqu\u00e8 sigueu guarits. La preg\u00e0ria insistent d\u2019un just \u00e9s molt poderosa\u201d (Jaume 5,13-16).<\/p>\n<p>Com assenyala el Ritual de la Unci\u00f3 i la cura pastoral dels malalts, la persona malalta \u201cen la seva integritat rep ajut per a la salvaci\u00f3, s\u2019anima amb la confian\u00e7a en D\u00e9u i esdev\u00e9 fort contra les temptacions del maligne i l\u2019ansietat de la mort, fins a poder no solament tolerar els mals, sin\u00f3 combatre\u2019ls i aconseguir la salut si conv\u00e9 per a la seva salvaci\u00f3; li d\u00f3na, a m\u00e9s, si cal, el perd\u00f3 dels pecats, i porta a terme el cam\u00ed penitencial del cristi\u00e0\u201d (n\u00fam. 6).<\/p>\n<h2>Com se celebra<\/h2>\n<p>S\u2019inicia amb uns ritus introductoris, com s\u00f3n una salutaci\u00f3 lit\u00fargica, seguida \u2013si es vol\u2013 de l\u2019aspersi\u00f3 i unes paraules inicials i s\u2019acaba aquesta part amb l\u2019acte penitencial. A continuaci\u00f3 t\u00e9 lloc la lit\u00fargia de la Paraula. Acabada la breu homilia, t\u00e9 lloc la lit\u00fargia del sagrament, comen\u00e7ant amb una preg\u00e0ria pel malalt, la imposici\u00f3 de les mans en silenci sobre el cap del malalt, la preg\u00e0ria despr\u00e9s de la imposici\u00f3 de les mans (si es vol), l\u2019acci\u00f3 de gr\u00e0cies sobre l\u2019oli (o benedicci\u00f3), la santa unci\u00f3 al front i a les mans, la oraci\u00f3 despr\u00e9s de la unci\u00f3 i els ritus conclusius amb el Parenostre i la benedicci\u00f3 final.<\/p>\n<p>La f\u00f3rmula de la santa unci\u00f3 diu: \u201cQue per aquesta santa Unci\u00f3 i per la seva gran miseric\u00f2rdia el Senyor t\u2019ajudi amb la gr\u00e0cia de l\u2019Esperit Sant (Am\u00e9n). Perqu\u00e8, alliberat dels pecats et salvi i bondadosament alleugi les teves sofrences (Am\u00e9n)\u201d.<\/p>\n<h2>Coses a tenir en compte<\/h2>\n<p><strong>La unci\u00f3 cal donar-la a aquelles persones que estan en perill per ra\u00f3 de malaltia o ancianitat. Per tant, en perill de mort.<\/strong><\/p>\n<p>Es pot repetir la unci\u00f3: sigui perqu\u00e8 el malalt es ref\u00e0 despr\u00e9s de rebre\u2019l i m\u00e9s tard torna a recaure, sigui perqu\u00e8, en el curs de la malaltia, augmenta greument el perill.<\/p>\n<p>Tamb\u00e9 es pot administrar abans d\u2019una operaci\u00f3 quir\u00fargica ocasionada per una malaltia perillosa.<\/p>\n<p>No s\u2019ha d\u2019administrar la unci\u00f3 a un malalt que ja \u00e9s mort: el que cal fer \u00e9s encomanar-lo a D\u00e9u perqu\u00e8 li perdoni els pecats i l\u2019admeti al seu Regne.<\/p>\n<p>Els ministres propis de la unci\u00f3 s\u00f3n el bisbe i el prevere.<\/p>\n<p>La unci\u00f3 es fa amb oli d\u2019oliva, bene\u00eft pel bisbe en el curs de la Missa Crismal.<\/p>\n<\/div>\n<\/div><\/div><\/div><\/div><\/div>","protected":false},"excerpt":{"rendered":"<p>Ben aviat, la comunitat cristiana primitiva va expressar la cura pastoral dels malalts en les paraules de la carta de sant Jaume\u00a0(5,13-16). Aquestes consignes han esdevingut al llarg de la hist\u00f2ria de l\u2019Esgl\u00e9sia, la norma lit\u00fargica de la unci\u00f3 dels malalts i la teologia de la unci\u00f3, tot i que no en parli expl\u00edcitament. \u201cSi [&hellip;]<\/p>\n","protected":false},"author":1,"featured_media":0,"parent":11627,"menu_order":6,"comment_status":"closed","ping_status":"closed","template":"","meta":{"_acf_changed":false,"inline_featured_image":false,"footnotes":""},"class_list":["post-11645","page","type-page","status-publish","hentry"],"acf":[],"yoast_head":"<!-- This site is optimized with the Yoast SEO plugin v27.5 - https:\/\/yoast.com\/product\/yoast-seo-wordpress\/ -->\n<title>La Unci\u00f3 dels malalts - CPL<\/title>\n<meta name=\"robots\" content=\"index, follow, max-snippet:-1, max-image-preview:large, max-video-preview:-1\" \/>\n<link rel=\"canonical\" href=\"https:\/\/www.cpl.es\/ca\/blog\/vida-liturgica\/sagraments-i-exequies\/la-uncio-dels-malalts\/\" \/>\n<meta property=\"og:locale\" content=\"ca_ES\" \/>\n<meta property=\"og:type\" content=\"article\" \/>\n<meta property=\"og:title\" content=\"La Unci\u00f3 dels malalts - CPL\" \/>\n<meta property=\"og:description\" content=\"Ben aviat, la comunitat cristiana primitiva va expressar la cura pastoral dels malalts en les paraules de la carta de sant Jaume\u00a0(5,13-16). Aquestes consignes han esdevingut al llarg de la hist\u00f2ria de l\u2019Esgl\u00e9sia, la norma lit\u00fargica de la unci\u00f3 dels malalts i la teologia de la unci\u00f3, tot i que no en parli expl\u00edcitament. \u201cSi [&hellip;]\" \/>\n<meta property=\"og:url\" content=\"https:\/\/www.cpl.es\/ca\/blog\/vida-liturgica\/sagraments-i-exequies\/la-uncio-dels-malalts\/\" \/>\n<meta property=\"og:site_name\" content=\"CPL\" \/>\n<meta property=\"article:modified_time\" content=\"2023-12-14T16:12:40+00:00\" \/>\n<meta property=\"og:image\" content=\"https:\/\/www.cpl.es\/wp-content\/uploads\/4-6-uncion.jpg\" \/>\n\t<meta property=\"og:image:width\" content=\"304\" \/>\n\t<meta property=\"og:image:height\" content=\"260\" \/>\n\t<meta property=\"og:image:type\" content=\"image\/jpeg\" \/>\n<meta name=\"twitter:card\" content=\"summary_large_image\" \/>\n<meta name=\"twitter:label1\" content=\"Temps estimat de lectura\" \/>\n\t<meta name=\"twitter:data1\" content=\"3 minuts\" \/>\n<script type=\"application\/ld+json\" class=\"yoast-schema-graph\">{\"@context\":\"https:\\\/\\\/schema.org\",\"@graph\":[{\"@type\":\"WebPage\",\"@id\":\"https:\\\/\\\/www.cpl.es\\\/ca\\\/blog\\\/vida-liturgica\\\/sagraments-i-exequies\\\/la-uncio-dels-malalts\\\/\",\"url\":\"https:\\\/\\\/www.cpl.es\\\/ca\\\/blog\\\/vida-liturgica\\\/sagraments-i-exequies\\\/la-uncio-dels-malalts\\\/\",\"name\":\"La Unci\u00f3 dels malalts - CPL\",\"isPartOf\":{\"@id\":\"https:\\\/\\\/www.cpl.es\\\/#website\"},\"primaryImageOfPage\":{\"@id\":\"https:\\\/\\\/www.cpl.es\\\/ca\\\/blog\\\/vida-liturgica\\\/sagraments-i-exequies\\\/la-uncio-dels-malalts\\\/#primaryimage\"},\"image\":{\"@id\":\"https:\\\/\\\/www.cpl.es\\\/ca\\\/blog\\\/vida-liturgica\\\/sagraments-i-exequies\\\/la-uncio-dels-malalts\\\/#primaryimage\"},\"thumbnailUrl\":\"https:\\\/\\\/www.cpl.es\\\/wp-content\\\/uploads\\\/4-6-uncion-300x257.jpg\",\"datePublished\":\"2023-11-29T18:02:09+00:00\",\"dateModified\":\"2023-12-14T16:12:40+00:00\",\"breadcrumb\":{\"@id\":\"https:\\\/\\\/www.cpl.es\\\/ca\\\/blog\\\/vida-liturgica\\\/sagraments-i-exequies\\\/la-uncio-dels-malalts\\\/#breadcrumb\"},\"inLanguage\":\"ca\",\"potentialAction\":[{\"@type\":\"ReadAction\",\"target\":[\"https:\\\/\\\/www.cpl.es\\\/ca\\\/blog\\\/vida-liturgica\\\/sagraments-i-exequies\\\/la-uncio-dels-malalts\\\/\"]}]},{\"@type\":\"ImageObject\",\"inLanguage\":\"ca\",\"@id\":\"https:\\\/\\\/www.cpl.es\\\/ca\\\/blog\\\/vida-liturgica\\\/sagraments-i-exequies\\\/la-uncio-dels-malalts\\\/#primaryimage\",\"url\":\"https:\\\/\\\/www.cpl.es\\\/wp-content\\\/uploads\\\/4-6-uncion-300x257.jpg\",\"contentUrl\":\"https:\\\/\\\/www.cpl.es\\\/wp-content\\\/uploads\\\/4-6-uncion-300x257.jpg\"},{\"@type\":\"BreadcrumbList\",\"@id\":\"https:\\\/\\\/www.cpl.es\\\/ca\\\/blog\\\/vida-liturgica\\\/sagraments-i-exequies\\\/la-uncio-dels-malalts\\\/#breadcrumb\",\"itemListElement\":[{\"@type\":\"ListItem\",\"position\":1,\"name\":\"Portada\",\"item\":\"https:\\\/\\\/www.cpl.es\\\/ca\\\/\"},{\"@type\":\"ListItem\",\"position\":2,\"name\":\"Blog\",\"item\":\"https:\\\/\\\/www.cpl.es\\\/ca\\\/blog\\\/\"},{\"@type\":\"ListItem\",\"position\":3,\"name\":\"Vida lit\u00fargica\",\"item\":\"https:\\\/\\\/www.cpl.es\\\/ca\\\/blog\\\/vida-liturgica\\\/\"},{\"@type\":\"ListItem\",\"position\":4,\"name\":\"Sagraments i ex\u00e8quies\",\"item\":\"https:\\\/\\\/www.cpl.es\\\/ca\\\/blog\\\/vida-liturgica\\\/sagraments-i-exequies\\\/\"},{\"@type\":\"ListItem\",\"position\":5,\"name\":\"La Unci\u00f3 dels malalts\"}]},{\"@type\":\"WebSite\",\"@id\":\"https:\\\/\\\/www.cpl.es\\\/#website\",\"url\":\"https:\\\/\\\/www.cpl.es\\\/\",\"name\":\"CPL\",\"description\":\"Centre de Pastoral Lit\u00fargica de Barcelona\",\"publisher\":{\"@id\":\"https:\\\/\\\/www.cpl.es\\\/#organization\"},\"alternateName\":\"Centre de Pastoral Lit\u00fargica\",\"potentialAction\":[{\"@type\":\"SearchAction\",\"target\":{\"@type\":\"EntryPoint\",\"urlTemplate\":\"https:\\\/\\\/www.cpl.es\\\/?s={search_term_string}\"},\"query-input\":{\"@type\":\"PropertyValueSpecification\",\"valueRequired\":true,\"valueName\":\"search_term_string\"}}],\"inLanguage\":\"ca\"},{\"@type\":\"Organization\",\"@id\":\"https:\\\/\\\/www.cpl.es\\\/#organization\",\"name\":\"Centre de Pastoral Lit\u00fargica\",\"alternateName\":\"Centre de Pastoral Lit\u00fargica de Barcelona\",\"url\":\"https:\\\/\\\/www.cpl.es\\\/\",\"logo\":{\"@type\":\"ImageObject\",\"inLanguage\":\"ca\",\"@id\":\"https:\\\/\\\/www.cpl.es\\\/#\\\/schema\\\/logo\\\/image\\\/\",\"url\":\"https:\\\/\\\/www.cpl.es\\\/wp-content\\\/uploads\\\/logo-cpl.svg\",\"contentUrl\":\"https:\\\/\\\/www.cpl.es\\\/wp-content\\\/uploads\\\/logo-cpl.svg\",\"caption\":\"Centre de Pastoral Lit\u00fargica\"},\"image\":{\"@id\":\"https:\\\/\\\/www.cpl.es\\\/#\\\/schema\\\/logo\\\/image\\\/\"}}]}<\/script>\n<!-- \/ Yoast SEO plugin. -->","yoast_head_json":{"title":"La Unci\u00f3 dels malalts - CPL","robots":{"index":"index","follow":"follow","max-snippet":"max-snippet:-1","max-image-preview":"max-image-preview:large","max-video-preview":"max-video-preview:-1"},"canonical":"https:\/\/www.cpl.es\/ca\/blog\/vida-liturgica\/sagraments-i-exequies\/la-uncio-dels-malalts\/","og_locale":"ca_ES","og_type":"article","og_title":"La Unci\u00f3 dels malalts - CPL","og_description":"Ben aviat, la comunitat cristiana primitiva va expressar la cura pastoral dels malalts en les paraules de la carta de sant Jaume\u00a0(5,13-16). Aquestes consignes han esdevingut al llarg de la hist\u00f2ria de l\u2019Esgl\u00e9sia, la norma lit\u00fargica de la unci\u00f3 dels malalts i la teologia de la unci\u00f3, tot i que no en parli expl\u00edcitament. \u201cSi [&hellip;]","og_url":"https:\/\/www.cpl.es\/ca\/blog\/vida-liturgica\/sagraments-i-exequies\/la-uncio-dels-malalts\/","og_site_name":"CPL","article_modified_time":"2023-12-14T16:12:40+00:00","og_image":[{"width":304,"height":260,"url":"https:\/\/www.cpl.es\/wp-content\/uploads\/4-6-uncion.jpg","type":"image\/jpeg"}],"twitter_card":"summary_large_image","twitter_misc":{"Temps estimat de lectura":"3 minuts"},"schema":{"@context":"https:\/\/schema.org","@graph":[{"@type":"WebPage","@id":"https:\/\/www.cpl.es\/ca\/blog\/vida-liturgica\/sagraments-i-exequies\/la-uncio-dels-malalts\/","url":"https:\/\/www.cpl.es\/ca\/blog\/vida-liturgica\/sagraments-i-exequies\/la-uncio-dels-malalts\/","name":"La Unci\u00f3 dels malalts - CPL","isPartOf":{"@id":"https:\/\/www.cpl.es\/#website"},"primaryImageOfPage":{"@id":"https:\/\/www.cpl.es\/ca\/blog\/vida-liturgica\/sagraments-i-exequies\/la-uncio-dels-malalts\/#primaryimage"},"image":{"@id":"https:\/\/www.cpl.es\/ca\/blog\/vida-liturgica\/sagraments-i-exequies\/la-uncio-dels-malalts\/#primaryimage"},"thumbnailUrl":"https:\/\/www.cpl.es\/wp-content\/uploads\/4-6-uncion-300x257.jpg","datePublished":"2023-11-29T18:02:09+00:00","dateModified":"2023-12-14T16:12:40+00:00","breadcrumb":{"@id":"https:\/\/www.cpl.es\/ca\/blog\/vida-liturgica\/sagraments-i-exequies\/la-uncio-dels-malalts\/#breadcrumb"},"inLanguage":"ca","potentialAction":[{"@type":"ReadAction","target":["https:\/\/www.cpl.es\/ca\/blog\/vida-liturgica\/sagraments-i-exequies\/la-uncio-dels-malalts\/"]}]},{"@type":"ImageObject","inLanguage":"ca","@id":"https:\/\/www.cpl.es\/ca\/blog\/vida-liturgica\/sagraments-i-exequies\/la-uncio-dels-malalts\/#primaryimage","url":"https:\/\/www.cpl.es\/wp-content\/uploads\/4-6-uncion-300x257.jpg","contentUrl":"https:\/\/www.cpl.es\/wp-content\/uploads\/4-6-uncion-300x257.jpg"},{"@type":"BreadcrumbList","@id":"https:\/\/www.cpl.es\/ca\/blog\/vida-liturgica\/sagraments-i-exequies\/la-uncio-dels-malalts\/#breadcrumb","itemListElement":[{"@type":"ListItem","position":1,"name":"Portada","item":"https:\/\/www.cpl.es\/ca\/"},{"@type":"ListItem","position":2,"name":"Blog","item":"https:\/\/www.cpl.es\/ca\/blog\/"},{"@type":"ListItem","position":3,"name":"Vida lit\u00fargica","item":"https:\/\/www.cpl.es\/ca\/blog\/vida-liturgica\/"},{"@type":"ListItem","position":4,"name":"Sagraments i ex\u00e8quies","item":"https:\/\/www.cpl.es\/ca\/blog\/vida-liturgica\/sagraments-i-exequies\/"},{"@type":"ListItem","position":5,"name":"La Unci\u00f3 dels malalts"}]},{"@type":"WebSite","@id":"https:\/\/www.cpl.es\/#website","url":"https:\/\/www.cpl.es\/","name":"CPL","description":"Centre de Pastoral Lit\u00fargica de Barcelona","publisher":{"@id":"https:\/\/www.cpl.es\/#organization"},"alternateName":"Centre de Pastoral Lit\u00fargica","potentialAction":[{"@type":"SearchAction","target":{"@type":"EntryPoint","urlTemplate":"https:\/\/www.cpl.es\/?s={search_term_string}"},"query-input":{"@type":"PropertyValueSpecification","valueRequired":true,"valueName":"search_term_string"}}],"inLanguage":"ca"},{"@type":"Organization","@id":"https:\/\/www.cpl.es\/#organization","name":"Centre de Pastoral Lit\u00fargica","alternateName":"Centre de Pastoral Lit\u00fargica de Barcelona","url":"https:\/\/www.cpl.es\/","logo":{"@type":"ImageObject","inLanguage":"ca","@id":"https:\/\/www.cpl.es\/#\/schema\/logo\/image\/","url":"https:\/\/www.cpl.es\/wp-content\/uploads\/logo-cpl.svg","contentUrl":"https:\/\/www.cpl.es\/wp-content\/uploads\/logo-cpl.svg","caption":"Centre de Pastoral Lit\u00fargica"},"image":{"@id":"https:\/\/www.cpl.es\/#\/schema\/logo\/image\/"}}]}},"_links":{"self":[{"href":"https:\/\/www.cpl.es\/ca\/wp-json\/wp\/v2\/pages\/11645","targetHints":{"allow":["GET"]}}],"collection":[{"href":"https:\/\/www.cpl.es\/ca\/wp-json\/wp\/v2\/pages"}],"about":[{"href":"https:\/\/www.cpl.es\/ca\/wp-json\/wp\/v2\/types\/page"}],"author":[{"embeddable":true,"href":"https:\/\/www.cpl.es\/ca\/wp-json\/wp\/v2\/users\/1"}],"replies":[{"embeddable":true,"href":"https:\/\/www.cpl.es\/ca\/wp-json\/wp\/v2\/comments?post=11645"}],"version-history":[{"count":1,"href":"https:\/\/www.cpl.es\/ca\/wp-json\/wp\/v2\/pages\/11645\/revisions"}],"predecessor-version":[{"id":11646,"href":"https:\/\/www.cpl.es\/ca\/wp-json\/wp\/v2\/pages\/11645\/revisions\/11646"}],"up":[{"embeddable":true,"href":"https:\/\/www.cpl.es\/ca\/wp-json\/wp\/v2\/pages\/11627"}],"wp:attachment":[{"href":"https:\/\/www.cpl.es\/ca\/wp-json\/wp\/v2\/media?parent=11645"}],"curies":[{"name":"wp","href":"https:\/\/api.w.org\/{rel}","templated":true}]}}