{"id":11633,"date":"2023-11-29T18:53:24","date_gmt":"2023-11-29T17:53:24","guid":{"rendered":"https:\/\/nuevaweb.cpl.es\/?page_id=11633"},"modified":"2023-12-14T17:08:08","modified_gmt":"2023-12-14T16:08:08","slug":"el-baptisme","status":"publish","type":"page","link":"https:\/\/www.cpl.es\/ca\/blog\/vida-liturgica\/sagraments-i-exequies\/el-baptisme\/","title":{"rendered":"El Baptisme"},"content":{"rendered":"<div id=\"pl-11633\"  class=\"panel-layout\" ><div id=\"pg-11633-0\"  class=\"panel-grid panel-no-style\" ><div id=\"pgc-11633-0-0\"  class=\"panel-grid-cell\" ><div id=\"panel-11633-0-0-0\" class=\"so-panel widget widget_sow-editor panel-first-child panel-last-child\" data-index=\"0\" ><div\n\t\t\t\n\t\t\tclass=\"so-widget-sow-editor so-widget-sow-editor-base\"\n\t\t\t\n\t\t>\n<div class=\"siteorigin-widget-tinymce textwidget\">\n\t<figure id=\"attachment_11634\" aria-describedby=\"caption-attachment-11634\" style=\"width: 260px\" class=\"wp-caption alignnone\"><img decoding=\"async\" class=\"wp-image-11634 size-full\" src=\"https:\/\/www.cpl.es\/wp-content\/uploads\/4-2-Baptisme.jpg\" alt=\"\" width=\"260\" height=\"366\" \/ fetchpriority=\"high\"><figcaption id=\"caption-attachment-11634\" class=\"wp-caption-text\">Cartell MD: Baptisme. Aigua que d\u00f3na vida!<\/figcaption><\/figure>\n<p>&nbsp;<\/p>\n<p><strong>El Baptisme \u00e9s el primer dels set sagraments de l\u2019Esgl\u00e9sia, ja que pel Baptisme entrem en la vida nova dels fills de D\u00e9u en el si de l\u2019Esgl\u00e9sia.<\/strong>\u00a0\u00c9s la porta per la qual entrem a formar part de la gran fam\u00edlia eclesial i comencem el cam\u00ed per a esdevenir sincerament deixebles del Crist.<\/p>\n<p>Rebre el Baptisme significa comen\u00e7ar una vida nova, la vida dels fills i filles de D\u00e9u. \u00c9s com un nou naixement, en qu\u00e8 D\u00e9u Pare acull el seu fill i l\u2019omple de la seva gr\u00e0cia, del seu amor. D\u00e9u estima entranyablement tots els homes i dones, vol que tots se salvin, i ens ofereix uns mitjans per tal d\u2019assolir aquesta felicitat en Ell. El Baptisme renta la persona, de manera que queda lliure del pecat original, i pot comen\u00e7ar el cam\u00ed d\u2019una vida nova amb la for\u00e7a de la gr\u00e0cia de D\u00e9u; s\u2019ha convertit en una nova criatura, submergida i empeltada en el cam\u00ed de Jes\u00fas.<\/p>\n<p>Pel Baptisme,\u00a0<strong>el cristi\u00e0 queda m\u00e9s unit a Jes\u00fas<\/strong>, rep la for\u00e7a de l\u2019Esperit Sant per viure tal com ell ens va ensenyar. Com ens diu sant Pau, el batejat ha mort amb Crist a la vida antiga i ha ressuscitat amb Crist a la vida nova (Rm 6,3-4), alhora que tamb\u00e9 ha estat revestit de Crist. En definitiva, el batejat ha quedat configurat a Crist amb una marca espiritual inesborrable, que \u00e9s el segell de l\u2019Esperit Sant.<\/p>\n<p>Per altra banda, el Baptisme ens incorpora en la gran fam\u00edlia dels cristians, que \u00e9s l\u2019Esgl\u00e9sia. Com a membre de Crist, forma part de la comunitat eclesial, que \u00e9s el Cos de Crist. Ha esdevingut, per tant, germ\u00e0 de tots els altres batejats.<\/p>\n<p>Cal dir, tamb\u00e9, que el baptisme \u00e9s el sagrament m\u00e9s comunament acceptat per totes les confessions cristianes, fins al punt que \u00e9s el m\u00e9s reconegut rec\u00edprocament.<\/p>\n<p>Finalment, el Baptisme \u00e9s el sagrament pel qual es fa present el testimoni de la fe, que es va transmetent de generaci\u00f3 en generaci\u00f3, \u00e9s a dir, l\u2019evangelitzaci\u00f3, l\u2019anunci de la Bona nova i el nostre arrelament de la fe en el D\u00e9u Trinitat:\u00a0<strong>Pare, Fill i Esperit Sant<\/strong>, fe en la qual som batejats.<\/p>\n<\/div>\n<\/div><\/div><\/div><\/div><\/div>","protected":false},"excerpt":{"rendered":"<p>&nbsp; El Baptisme \u00e9s el primer dels set sagraments de l\u2019Esgl\u00e9sia, ja que pel Baptisme entrem en la vida nova dels fills de D\u00e9u en el si de l\u2019Esgl\u00e9sia.\u00a0\u00c9s la porta per la qual entrem a formar part de la gran fam\u00edlia eclesial i comencem el cam\u00ed per a esdevenir sincerament deixebles del Crist. Rebre [&hellip;]<\/p>\n","protected":false},"author":1,"featured_media":0,"parent":11627,"menu_order":2,"comment_status":"closed","ping_status":"closed","template":"","meta":{"_acf_changed":false,"inline_featured_image":false,"footnotes":""},"class_list":["post-11633","page","type-page","status-publish","hentry"],"acf":[],"yoast_head":"<!-- This site is optimized with the Yoast SEO plugin v27.3 - https:\/\/yoast.com\/product\/yoast-seo-wordpress\/ -->\n<title>El Baptisme - CPL<\/title>\n<meta name=\"robots\" content=\"index, follow, max-snippet:-1, max-image-preview:large, max-video-preview:-1\" \/>\n<link rel=\"canonical\" href=\"https:\/\/www.cpl.es\/ca\/blog\/vida-liturgica\/sagraments-i-exequies\/el-baptisme\/\" \/>\n<meta property=\"og:locale\" content=\"ca_ES\" \/>\n<meta property=\"og:type\" content=\"article\" \/>\n<meta property=\"og:title\" content=\"El Baptisme - CPL\" \/>\n<meta property=\"og:description\" content=\"&nbsp; El Baptisme \u00e9s el primer dels set sagraments de l\u2019Esgl\u00e9sia, ja que pel Baptisme entrem en la vida nova dels fills de D\u00e9u en el si de l\u2019Esgl\u00e9sia.\u00a0\u00c9s la porta per la qual entrem a formar part de la gran fam\u00edlia eclesial i comencem el cam\u00ed per a esdevenir sincerament deixebles del Crist. Rebre [&hellip;]\" \/>\n<meta property=\"og:url\" content=\"https:\/\/www.cpl.es\/ca\/blog\/vida-liturgica\/sagraments-i-exequies\/el-baptisme\/\" \/>\n<meta property=\"og:site_name\" content=\"CPL\" \/>\n<meta property=\"article:modified_time\" content=\"2023-12-14T16:08:08+00:00\" \/>\n<meta property=\"og:image\" content=\"https:\/\/www.cpl.es\/wp-content\/uploads\/4-2-Baptisme.jpg\" \/>\n\t<meta property=\"og:image:width\" content=\"260\" \/>\n\t<meta property=\"og:image:height\" content=\"366\" \/>\n\t<meta property=\"og:image:type\" content=\"image\/jpeg\" \/>\n<meta name=\"twitter:card\" content=\"summary_large_image\" \/>\n<meta name=\"twitter:label1\" content=\"Temps estimat de lectura\" \/>\n\t<meta name=\"twitter:data1\" content=\"2 minuts\" \/>\n<script type=\"application\/ld+json\" class=\"yoast-schema-graph\">{\"@context\":\"https:\\\/\\\/schema.org\",\"@graph\":[{\"@type\":\"WebPage\",\"@id\":\"https:\\\/\\\/www.cpl.es\\\/ca\\\/blog\\\/vida-liturgica\\\/sagraments-i-exequies\\\/el-baptisme\\\/\",\"url\":\"https:\\\/\\\/www.cpl.es\\\/ca\\\/blog\\\/vida-liturgica\\\/sagraments-i-exequies\\\/el-baptisme\\\/\",\"name\":\"El Baptisme - CPL\",\"isPartOf\":{\"@id\":\"https:\\\/\\\/www.cpl.es\\\/#website\"},\"primaryImageOfPage\":{\"@id\":\"https:\\\/\\\/www.cpl.es\\\/ca\\\/blog\\\/vida-liturgica\\\/sagraments-i-exequies\\\/el-baptisme\\\/#primaryimage\"},\"image\":{\"@id\":\"https:\\\/\\\/www.cpl.es\\\/ca\\\/blog\\\/vida-liturgica\\\/sagraments-i-exequies\\\/el-baptisme\\\/#primaryimage\"},\"thumbnailUrl\":\"https:\\\/\\\/www.cpl.es\\\/wp-content\\\/uploads\\\/4-2-Baptisme.jpg\",\"datePublished\":\"2023-11-29T17:53:24+00:00\",\"dateModified\":\"2023-12-14T16:08:08+00:00\",\"breadcrumb\":{\"@id\":\"https:\\\/\\\/www.cpl.es\\\/ca\\\/blog\\\/vida-liturgica\\\/sagraments-i-exequies\\\/el-baptisme\\\/#breadcrumb\"},\"inLanguage\":\"ca\",\"potentialAction\":[{\"@type\":\"ReadAction\",\"target\":[\"https:\\\/\\\/www.cpl.es\\\/ca\\\/blog\\\/vida-liturgica\\\/sagraments-i-exequies\\\/el-baptisme\\\/\"]}]},{\"@type\":\"ImageObject\",\"inLanguage\":\"ca\",\"@id\":\"https:\\\/\\\/www.cpl.es\\\/ca\\\/blog\\\/vida-liturgica\\\/sagraments-i-exequies\\\/el-baptisme\\\/#primaryimage\",\"url\":\"https:\\\/\\\/www.cpl.es\\\/wp-content\\\/uploads\\\/4-2-Baptisme.jpg\",\"contentUrl\":\"https:\\\/\\\/www.cpl.es\\\/wp-content\\\/uploads\\\/4-2-Baptisme.jpg\"},{\"@type\":\"BreadcrumbList\",\"@id\":\"https:\\\/\\\/www.cpl.es\\\/ca\\\/blog\\\/vida-liturgica\\\/sagraments-i-exequies\\\/el-baptisme\\\/#breadcrumb\",\"itemListElement\":[{\"@type\":\"ListItem\",\"position\":1,\"name\":\"Portada\",\"item\":\"https:\\\/\\\/www.cpl.es\\\/ca\\\/\"},{\"@type\":\"ListItem\",\"position\":2,\"name\":\"Blog\",\"item\":\"https:\\\/\\\/www.cpl.es\\\/ca\\\/blog\\\/\"},{\"@type\":\"ListItem\",\"position\":3,\"name\":\"Vida lit\u00fargica\",\"item\":\"https:\\\/\\\/www.cpl.es\\\/ca\\\/blog\\\/vida-liturgica\\\/\"},{\"@type\":\"ListItem\",\"position\":4,\"name\":\"Sagraments i ex\u00e8quies\",\"item\":\"https:\\\/\\\/www.cpl.es\\\/ca\\\/blog\\\/vida-liturgica\\\/sagraments-i-exequies\\\/\"},{\"@type\":\"ListItem\",\"position\":5,\"name\":\"El Baptisme\"}]},{\"@type\":\"WebSite\",\"@id\":\"https:\\\/\\\/www.cpl.es\\\/#website\",\"url\":\"https:\\\/\\\/www.cpl.es\\\/\",\"name\":\"CPL\",\"description\":\"Centre de Pastoral Lit\u00fargica de Barcelona\",\"publisher\":{\"@id\":\"https:\\\/\\\/www.cpl.es\\\/#organization\"},\"alternateName\":\"Centre de Pastoral Lit\u00fargica\",\"potentialAction\":[{\"@type\":\"SearchAction\",\"target\":{\"@type\":\"EntryPoint\",\"urlTemplate\":\"https:\\\/\\\/www.cpl.es\\\/?s={search_term_string}\"},\"query-input\":{\"@type\":\"PropertyValueSpecification\",\"valueRequired\":true,\"valueName\":\"search_term_string\"}}],\"inLanguage\":\"ca\"},{\"@type\":\"Organization\",\"@id\":\"https:\\\/\\\/www.cpl.es\\\/#organization\",\"name\":\"Centre de Pastoral Lit\u00fargica\",\"alternateName\":\"Centre de Pastoral Lit\u00fargica de Barcelona\",\"url\":\"https:\\\/\\\/www.cpl.es\\\/\",\"logo\":{\"@type\":\"ImageObject\",\"inLanguage\":\"ca\",\"@id\":\"https:\\\/\\\/www.cpl.es\\\/#\\\/schema\\\/logo\\\/image\\\/\",\"url\":\"https:\\\/\\\/www.cpl.es\\\/wp-content\\\/uploads\\\/logo-cpl.svg\",\"contentUrl\":\"https:\\\/\\\/www.cpl.es\\\/wp-content\\\/uploads\\\/logo-cpl.svg\",\"caption\":\"Centre de Pastoral Lit\u00fargica\"},\"image\":{\"@id\":\"https:\\\/\\\/www.cpl.es\\\/#\\\/schema\\\/logo\\\/image\\\/\"}}]}<\/script>\n<!-- \/ Yoast SEO plugin. -->","yoast_head_json":{"title":"El Baptisme - CPL","robots":{"index":"index","follow":"follow","max-snippet":"max-snippet:-1","max-image-preview":"max-image-preview:large","max-video-preview":"max-video-preview:-1"},"canonical":"https:\/\/www.cpl.es\/ca\/blog\/vida-liturgica\/sagraments-i-exequies\/el-baptisme\/","og_locale":"ca_ES","og_type":"article","og_title":"El Baptisme - CPL","og_description":"&nbsp; El Baptisme \u00e9s el primer dels set sagraments de l\u2019Esgl\u00e9sia, ja que pel Baptisme entrem en la vida nova dels fills de D\u00e9u en el si de l\u2019Esgl\u00e9sia.\u00a0\u00c9s la porta per la qual entrem a formar part de la gran fam\u00edlia eclesial i comencem el cam\u00ed per a esdevenir sincerament deixebles del Crist. Rebre [&hellip;]","og_url":"https:\/\/www.cpl.es\/ca\/blog\/vida-liturgica\/sagraments-i-exequies\/el-baptisme\/","og_site_name":"CPL","article_modified_time":"2023-12-14T16:08:08+00:00","og_image":[{"width":260,"height":366,"url":"https:\/\/www.cpl.es\/wp-content\/uploads\/4-2-Baptisme.jpg","type":"image\/jpeg"}],"twitter_card":"summary_large_image","twitter_misc":{"Temps estimat de lectura":"2 minuts"},"schema":{"@context":"https:\/\/schema.org","@graph":[{"@type":"WebPage","@id":"https:\/\/www.cpl.es\/ca\/blog\/vida-liturgica\/sagraments-i-exequies\/el-baptisme\/","url":"https:\/\/www.cpl.es\/ca\/blog\/vida-liturgica\/sagraments-i-exequies\/el-baptisme\/","name":"El Baptisme - CPL","isPartOf":{"@id":"https:\/\/www.cpl.es\/#website"},"primaryImageOfPage":{"@id":"https:\/\/www.cpl.es\/ca\/blog\/vida-liturgica\/sagraments-i-exequies\/el-baptisme\/#primaryimage"},"image":{"@id":"https:\/\/www.cpl.es\/ca\/blog\/vida-liturgica\/sagraments-i-exequies\/el-baptisme\/#primaryimage"},"thumbnailUrl":"https:\/\/www.cpl.es\/wp-content\/uploads\/4-2-Baptisme.jpg","datePublished":"2023-11-29T17:53:24+00:00","dateModified":"2023-12-14T16:08:08+00:00","breadcrumb":{"@id":"https:\/\/www.cpl.es\/ca\/blog\/vida-liturgica\/sagraments-i-exequies\/el-baptisme\/#breadcrumb"},"inLanguage":"ca","potentialAction":[{"@type":"ReadAction","target":["https:\/\/www.cpl.es\/ca\/blog\/vida-liturgica\/sagraments-i-exequies\/el-baptisme\/"]}]},{"@type":"ImageObject","inLanguage":"ca","@id":"https:\/\/www.cpl.es\/ca\/blog\/vida-liturgica\/sagraments-i-exequies\/el-baptisme\/#primaryimage","url":"https:\/\/www.cpl.es\/wp-content\/uploads\/4-2-Baptisme.jpg","contentUrl":"https:\/\/www.cpl.es\/wp-content\/uploads\/4-2-Baptisme.jpg"},{"@type":"BreadcrumbList","@id":"https:\/\/www.cpl.es\/ca\/blog\/vida-liturgica\/sagraments-i-exequies\/el-baptisme\/#breadcrumb","itemListElement":[{"@type":"ListItem","position":1,"name":"Portada","item":"https:\/\/www.cpl.es\/ca\/"},{"@type":"ListItem","position":2,"name":"Blog","item":"https:\/\/www.cpl.es\/ca\/blog\/"},{"@type":"ListItem","position":3,"name":"Vida lit\u00fargica","item":"https:\/\/www.cpl.es\/ca\/blog\/vida-liturgica\/"},{"@type":"ListItem","position":4,"name":"Sagraments i ex\u00e8quies","item":"https:\/\/www.cpl.es\/ca\/blog\/vida-liturgica\/sagraments-i-exequies\/"},{"@type":"ListItem","position":5,"name":"El Baptisme"}]},{"@type":"WebSite","@id":"https:\/\/www.cpl.es\/#website","url":"https:\/\/www.cpl.es\/","name":"CPL","description":"Centre de Pastoral Lit\u00fargica de Barcelona","publisher":{"@id":"https:\/\/www.cpl.es\/#organization"},"alternateName":"Centre de Pastoral Lit\u00fargica","potentialAction":[{"@type":"SearchAction","target":{"@type":"EntryPoint","urlTemplate":"https:\/\/www.cpl.es\/?s={search_term_string}"},"query-input":{"@type":"PropertyValueSpecification","valueRequired":true,"valueName":"search_term_string"}}],"inLanguage":"ca"},{"@type":"Organization","@id":"https:\/\/www.cpl.es\/#organization","name":"Centre de Pastoral Lit\u00fargica","alternateName":"Centre de Pastoral Lit\u00fargica de Barcelona","url":"https:\/\/www.cpl.es\/","logo":{"@type":"ImageObject","inLanguage":"ca","@id":"https:\/\/www.cpl.es\/#\/schema\/logo\/image\/","url":"https:\/\/www.cpl.es\/wp-content\/uploads\/logo-cpl.svg","contentUrl":"https:\/\/www.cpl.es\/wp-content\/uploads\/logo-cpl.svg","caption":"Centre de Pastoral Lit\u00fargica"},"image":{"@id":"https:\/\/www.cpl.es\/#\/schema\/logo\/image\/"}}]}},"_links":{"self":[{"href":"https:\/\/www.cpl.es\/ca\/wp-json\/wp\/v2\/pages\/11633","targetHints":{"allow":["GET"]}}],"collection":[{"href":"https:\/\/www.cpl.es\/ca\/wp-json\/wp\/v2\/pages"}],"about":[{"href":"https:\/\/www.cpl.es\/ca\/wp-json\/wp\/v2\/types\/page"}],"author":[{"embeddable":true,"href":"https:\/\/www.cpl.es\/ca\/wp-json\/wp\/v2\/users\/1"}],"replies":[{"embeddable":true,"href":"https:\/\/www.cpl.es\/ca\/wp-json\/wp\/v2\/comments?post=11633"}],"version-history":[{"count":1,"href":"https:\/\/www.cpl.es\/ca\/wp-json\/wp\/v2\/pages\/11633\/revisions"}],"predecessor-version":[{"id":11636,"href":"https:\/\/www.cpl.es\/ca\/wp-json\/wp\/v2\/pages\/11633\/revisions\/11636"}],"up":[{"embeddable":true,"href":"https:\/\/www.cpl.es\/ca\/wp-json\/wp\/v2\/pages\/11627"}],"wp:attachment":[{"href":"https:\/\/www.cpl.es\/ca\/wp-json\/wp\/v2\/media?parent=11633"}],"curies":[{"name":"wp","href":"https:\/\/api.w.org\/{rel}","templated":true}]}}