{"id":11631,"date":"2023-11-29T18:53:20","date_gmt":"2023-11-29T17:53:20","guid":{"rendered":"https:\/\/nuevaweb.cpl.es\/?page_id=11631"},"modified":"2023-12-14T17:06:54","modified_gmt":"2023-12-14T16:06:54","slug":"que-es-un-sagrament","status":"publish","type":"page","link":"https:\/\/www.cpl.es\/ca\/blog\/vida-liturgica\/sagraments-i-exequies\/que-es-un-sagrament\/","title":{"rendered":"Qu\u00e8 \u00e9s un sagrament"},"content":{"rendered":"<div id=\"pl-11631\"  class=\"panel-layout\" ><div id=\"pg-11631-0\"  class=\"panel-grid panel-no-style\" ><div id=\"pgc-11631-0-0\"  class=\"panel-grid-cell\" ><div id=\"panel-11631-0-0-0\" class=\"so-panel widget widget_sow-editor panel-first-child panel-last-child\" data-index=\"0\" ><div\n\t\t\t\n\t\t\tclass=\"so-widget-sow-editor so-widget-sow-editor-base\"\n\t\t\t\n\t\t>\n<div class=\"siteorigin-widget-tinymce textwidget\">\n\t<p><img decoding=\"async\" class=\"alignnone size-full wp-image-9563\" src=\"https:\/\/www.cpl.es\/wp-content\/uploads\/4-1-que-es-un-sacramento-300x190-1.jpg\" alt=\"\" width=\"300\" height=\"190\" \/ fetchpriority=\"high\"><\/p>\n<p><strong>Un sagrament \u00e9s un signe visible d\u2019una realitat invisible (el do de l\u2019amor de D\u00e9u), per\u00f2 alhora \u00e9s una confessi\u00f3 de fe (\u00e9s a dir, un memorial de l\u2019obra de l\u2019amor de D\u00e9u en la hist\u00f2ria) i una promesa (\u00e9s a dir, una penyora del Regne de D\u00e9u inaugurat i esperat).<\/strong>\u00a0Cada sagrament, amb uns ritus i unes preg\u00e0ries (d\u2019una manera visible) expressa el que creiem i anticipa el que esperem, de manera que esdev\u00e9 una icona del Regne inaugurat i esperat. El llenguatge simb\u00f2lic de tota l\u2019acci\u00f3 sacramental el rebem de l\u2019Esgl\u00e9sia i s\u2019emmarca dins el dinamisme de l\u2019Esperit Sant; aix\u00ed queda ben clar que els sagraments no ens els fem ni es fan per art de m\u00e0gia.<\/p>\n<p>\u00c9s un do de l\u2019amor de D\u00e9u Pare a la humanitat des de l\u2019Esgl\u00e9sia i per mitj\u00e0 del seu Fill Jesucrist i amb la for\u00e7a de l\u2019Esperit Sant. Un do que es visualitza amb uns gestos i unes paraules, que esdevenen ritus i preg\u00e0ries. Els sagraments ens relacionen amb el Pare, amb el Fill i amb l\u2019Esperit Sant; tamb\u00e9 amb tota l\u2019Esgl\u00e9sia.<\/p>\n<p><strong>I aquest do de D\u00e9u esdev\u00e9 regal per la seva visibilitat en ritus i en preg\u00e0ries,<\/strong>\u00a0que tenen com a autors invisibles les dues mans amb qu\u00e8 actua D\u00e9u Pare en la hist\u00f2ria, \u00e9s a dir, el seu Fill Jesucrist i l\u2019Esperit Sant. L\u2019autor visible \u00e9s l\u2019Esgl\u00e9sia, una visibilitat manifestada en els qui han rebut el sagrament de l\u2019Orde i en els qui han rebut els sagraments de la iniciaci\u00f3 cristiana. I la fe dels qui reben els sagraments acull i confessa aquest regal de l\u2019amor de D\u00e9u a la humanitat, que fa a trav\u00e9s de l\u2019Esgl\u00e9sia, el poble que el Pare s\u2019ha escollit perqu\u00e8 sigui el signe i instrument de la unitat de tota la humanitat amb la Sant\u00edssima Trinitat.<\/p>\n<p>Els sagraments de l\u2019Esgl\u00e9sia ens concedeixen anticipadament el que esperem des de la fe, at\u00e8s que la fe ens fa \u201ccon\u00e8ixer realitats que no veiem\u201d (He 11,1). No es tracta de m\u00e0gia, per aix\u00f2 els sagraments s\u00f3n rebuts de l\u2019Esgl\u00e9sia i en el seu si. Per aix\u00f2 els sagraments s\u2019emmarquen dins del teixit de la fe que vincula esdeveniment i promesa. La fe, per\u00f2, no fa el sagrament, per\u00f2 reconeix la realitat nova que tastem.<\/p>\n<p>Alhora, els sagraments ens situen en l\u2019esdeveniment pasqual de Crist i ens fan tastar les promeses que D\u00e9u Pare ens ha regalat en la mort i resurrecci\u00f3 del seu Fill amb el do de l\u2019Esperit Sant.<\/p>\n<p>Finalment,\u00a0<strong>els sagraments de l\u2019Esgl\u00e9sia apareixen com a narracions de l\u2019obra de l\u2019amor de D\u00e9u manifestat,<\/strong>\u00a0un cop per sempre, en la mort i resurrecci\u00f3 i ascensi\u00f3 al cel de Jesucrist i en el do de l\u2019Esperit sant. Per\u00f2 tamb\u00e9 com a tast del mateix esdeveniment narrat i fet present; en efecte, assaborim el mateix do de l\u2019amor de D\u00e9u i anticipem el Regne regalat en Jes\u00fas i en l\u2019Esperit.<\/p>\n<\/div>\n<\/div><\/div><\/div><\/div><\/div>","protected":false},"excerpt":{"rendered":"<p>Un sagrament \u00e9s un signe visible d\u2019una realitat invisible (el do de l\u2019amor de D\u00e9u), per\u00f2 alhora \u00e9s una confessi\u00f3 de fe (\u00e9s a dir, un memorial de l\u2019obra de l\u2019amor de D\u00e9u en la hist\u00f2ria) i una promesa (\u00e9s a dir, una penyora del Regne de D\u00e9u inaugurat i esperat).\u00a0Cada sagrament, amb uns ritus [&hellip;]<\/p>\n","protected":false},"author":1,"featured_media":0,"parent":11627,"menu_order":1,"comment_status":"closed","ping_status":"closed","template":"","meta":{"_acf_changed":false,"inline_featured_image":false,"footnotes":""},"class_list":["post-11631","page","type-page","status-publish","hentry"],"acf":[],"yoast_head":"<!-- This site is optimized with the Yoast SEO plugin v27.3 - https:\/\/yoast.com\/product\/yoast-seo-wordpress\/ -->\n<title>Qu\u00e8 \u00e9s un sagrament - CPL<\/title>\n<meta name=\"robots\" content=\"index, follow, max-snippet:-1, max-image-preview:large, max-video-preview:-1\" \/>\n<link rel=\"canonical\" href=\"https:\/\/www.cpl.es\/ca\/blog\/vida-liturgica\/sagraments-i-exequies\/que-es-un-sagrament\/\" \/>\n<meta property=\"og:locale\" content=\"ca_ES\" \/>\n<meta property=\"og:type\" content=\"article\" \/>\n<meta property=\"og:title\" content=\"Qu\u00e8 \u00e9s un sagrament - CPL\" \/>\n<meta property=\"og:description\" content=\"Un sagrament \u00e9s un signe visible d\u2019una realitat invisible (el do de l\u2019amor de D\u00e9u), per\u00f2 alhora \u00e9s una confessi\u00f3 de fe (\u00e9s a dir, un memorial de l\u2019obra de l\u2019amor de D\u00e9u en la hist\u00f2ria) i una promesa (\u00e9s a dir, una penyora del Regne de D\u00e9u inaugurat i esperat).\u00a0Cada sagrament, amb uns ritus [&hellip;]\" \/>\n<meta property=\"og:url\" content=\"https:\/\/www.cpl.es\/ca\/blog\/vida-liturgica\/sagraments-i-exequies\/que-es-un-sagrament\/\" \/>\n<meta property=\"og:site_name\" content=\"CPL\" \/>\n<meta property=\"article:modified_time\" content=\"2023-12-14T16:06:54+00:00\" \/>\n<meta property=\"og:image\" content=\"https:\/\/www.cpl.es\/wp-content\/uploads\/4-1-que-es-un-sacramento-300x190-1.jpg\" \/>\n\t<meta property=\"og:image:width\" content=\"300\" \/>\n\t<meta property=\"og:image:height\" content=\"190\" \/>\n\t<meta property=\"og:image:type\" content=\"image\/jpeg\" \/>\n<meta name=\"twitter:card\" content=\"summary_large_image\" \/>\n<meta name=\"twitter:label1\" content=\"Temps estimat de lectura\" \/>\n\t<meta name=\"twitter:data1\" content=\"3 minuts\" \/>\n<script type=\"application\/ld+json\" class=\"yoast-schema-graph\">{\"@context\":\"https:\\\/\\\/schema.org\",\"@graph\":[{\"@type\":\"WebPage\",\"@id\":\"https:\\\/\\\/www.cpl.es\\\/ca\\\/blog\\\/vida-liturgica\\\/sagraments-i-exequies\\\/que-es-un-sagrament\\\/\",\"url\":\"https:\\\/\\\/www.cpl.es\\\/ca\\\/blog\\\/vida-liturgica\\\/sagraments-i-exequies\\\/que-es-un-sagrament\\\/\",\"name\":\"Qu\u00e8 \u00e9s un sagrament - CPL\",\"isPartOf\":{\"@id\":\"https:\\\/\\\/www.cpl.es\\\/#website\"},\"primaryImageOfPage\":{\"@id\":\"https:\\\/\\\/www.cpl.es\\\/ca\\\/blog\\\/vida-liturgica\\\/sagraments-i-exequies\\\/que-es-un-sagrament\\\/#primaryimage\"},\"image\":{\"@id\":\"https:\\\/\\\/www.cpl.es\\\/ca\\\/blog\\\/vida-liturgica\\\/sagraments-i-exequies\\\/que-es-un-sagrament\\\/#primaryimage\"},\"thumbnailUrl\":\"https:\\\/\\\/www.cpl.es\\\/wp-content\\\/uploads\\\/4-1-que-es-un-sacramento-300x190-1.jpg\",\"datePublished\":\"2023-11-29T17:53:20+00:00\",\"dateModified\":\"2023-12-14T16:06:54+00:00\",\"breadcrumb\":{\"@id\":\"https:\\\/\\\/www.cpl.es\\\/ca\\\/blog\\\/vida-liturgica\\\/sagraments-i-exequies\\\/que-es-un-sagrament\\\/#breadcrumb\"},\"inLanguage\":\"ca\",\"potentialAction\":[{\"@type\":\"ReadAction\",\"target\":[\"https:\\\/\\\/www.cpl.es\\\/ca\\\/blog\\\/vida-liturgica\\\/sagraments-i-exequies\\\/que-es-un-sagrament\\\/\"]}]},{\"@type\":\"ImageObject\",\"inLanguage\":\"ca\",\"@id\":\"https:\\\/\\\/www.cpl.es\\\/ca\\\/blog\\\/vida-liturgica\\\/sagraments-i-exequies\\\/que-es-un-sagrament\\\/#primaryimage\",\"url\":\"https:\\\/\\\/www.cpl.es\\\/wp-content\\\/uploads\\\/4-1-que-es-un-sacramento-300x190-1.jpg\",\"contentUrl\":\"https:\\\/\\\/www.cpl.es\\\/wp-content\\\/uploads\\\/4-1-que-es-un-sacramento-300x190-1.jpg\"},{\"@type\":\"BreadcrumbList\",\"@id\":\"https:\\\/\\\/www.cpl.es\\\/ca\\\/blog\\\/vida-liturgica\\\/sagraments-i-exequies\\\/que-es-un-sagrament\\\/#breadcrumb\",\"itemListElement\":[{\"@type\":\"ListItem\",\"position\":1,\"name\":\"Portada\",\"item\":\"https:\\\/\\\/www.cpl.es\\\/ca\\\/\"},{\"@type\":\"ListItem\",\"position\":2,\"name\":\"Blog\",\"item\":\"https:\\\/\\\/www.cpl.es\\\/ca\\\/blog\\\/\"},{\"@type\":\"ListItem\",\"position\":3,\"name\":\"Vida lit\u00fargica\",\"item\":\"https:\\\/\\\/www.cpl.es\\\/ca\\\/blog\\\/vida-liturgica\\\/\"},{\"@type\":\"ListItem\",\"position\":4,\"name\":\"Sagraments i ex\u00e8quies\",\"item\":\"https:\\\/\\\/www.cpl.es\\\/ca\\\/blog\\\/vida-liturgica\\\/sagraments-i-exequies\\\/\"},{\"@type\":\"ListItem\",\"position\":5,\"name\":\"Qu\u00e8 \u00e9s un sagrament\"}]},{\"@type\":\"WebSite\",\"@id\":\"https:\\\/\\\/www.cpl.es\\\/#website\",\"url\":\"https:\\\/\\\/www.cpl.es\\\/\",\"name\":\"CPL\",\"description\":\"Centre de Pastoral Lit\u00fargica de Barcelona\",\"publisher\":{\"@id\":\"https:\\\/\\\/www.cpl.es\\\/#organization\"},\"alternateName\":\"Centre de Pastoral Lit\u00fargica\",\"potentialAction\":[{\"@type\":\"SearchAction\",\"target\":{\"@type\":\"EntryPoint\",\"urlTemplate\":\"https:\\\/\\\/www.cpl.es\\\/?s={search_term_string}\"},\"query-input\":{\"@type\":\"PropertyValueSpecification\",\"valueRequired\":true,\"valueName\":\"search_term_string\"}}],\"inLanguage\":\"ca\"},{\"@type\":\"Organization\",\"@id\":\"https:\\\/\\\/www.cpl.es\\\/#organization\",\"name\":\"Centre de Pastoral Lit\u00fargica\",\"alternateName\":\"Centre de Pastoral Lit\u00fargica de Barcelona\",\"url\":\"https:\\\/\\\/www.cpl.es\\\/\",\"logo\":{\"@type\":\"ImageObject\",\"inLanguage\":\"ca\",\"@id\":\"https:\\\/\\\/www.cpl.es\\\/#\\\/schema\\\/logo\\\/image\\\/\",\"url\":\"https:\\\/\\\/www.cpl.es\\\/wp-content\\\/uploads\\\/logo-cpl.svg\",\"contentUrl\":\"https:\\\/\\\/www.cpl.es\\\/wp-content\\\/uploads\\\/logo-cpl.svg\",\"caption\":\"Centre de Pastoral Lit\u00fargica\"},\"image\":{\"@id\":\"https:\\\/\\\/www.cpl.es\\\/#\\\/schema\\\/logo\\\/image\\\/\"}}]}<\/script>\n<!-- \/ Yoast SEO plugin. -->","yoast_head_json":{"title":"Qu\u00e8 \u00e9s un sagrament - CPL","robots":{"index":"index","follow":"follow","max-snippet":"max-snippet:-1","max-image-preview":"max-image-preview:large","max-video-preview":"max-video-preview:-1"},"canonical":"https:\/\/www.cpl.es\/ca\/blog\/vida-liturgica\/sagraments-i-exequies\/que-es-un-sagrament\/","og_locale":"ca_ES","og_type":"article","og_title":"Qu\u00e8 \u00e9s un sagrament - CPL","og_description":"Un sagrament \u00e9s un signe visible d\u2019una realitat invisible (el do de l\u2019amor de D\u00e9u), per\u00f2 alhora \u00e9s una confessi\u00f3 de fe (\u00e9s a dir, un memorial de l\u2019obra de l\u2019amor de D\u00e9u en la hist\u00f2ria) i una promesa (\u00e9s a dir, una penyora del Regne de D\u00e9u inaugurat i esperat).\u00a0Cada sagrament, amb uns ritus [&hellip;]","og_url":"https:\/\/www.cpl.es\/ca\/blog\/vida-liturgica\/sagraments-i-exequies\/que-es-un-sagrament\/","og_site_name":"CPL","article_modified_time":"2023-12-14T16:06:54+00:00","og_image":[{"width":300,"height":190,"url":"https:\/\/www.cpl.es\/wp-content\/uploads\/4-1-que-es-un-sacramento-300x190-1.jpg","type":"image\/jpeg"}],"twitter_card":"summary_large_image","twitter_misc":{"Temps estimat de lectura":"3 minuts"},"schema":{"@context":"https:\/\/schema.org","@graph":[{"@type":"WebPage","@id":"https:\/\/www.cpl.es\/ca\/blog\/vida-liturgica\/sagraments-i-exequies\/que-es-un-sagrament\/","url":"https:\/\/www.cpl.es\/ca\/blog\/vida-liturgica\/sagraments-i-exequies\/que-es-un-sagrament\/","name":"Qu\u00e8 \u00e9s un sagrament - CPL","isPartOf":{"@id":"https:\/\/www.cpl.es\/#website"},"primaryImageOfPage":{"@id":"https:\/\/www.cpl.es\/ca\/blog\/vida-liturgica\/sagraments-i-exequies\/que-es-un-sagrament\/#primaryimage"},"image":{"@id":"https:\/\/www.cpl.es\/ca\/blog\/vida-liturgica\/sagraments-i-exequies\/que-es-un-sagrament\/#primaryimage"},"thumbnailUrl":"https:\/\/www.cpl.es\/wp-content\/uploads\/4-1-que-es-un-sacramento-300x190-1.jpg","datePublished":"2023-11-29T17:53:20+00:00","dateModified":"2023-12-14T16:06:54+00:00","breadcrumb":{"@id":"https:\/\/www.cpl.es\/ca\/blog\/vida-liturgica\/sagraments-i-exequies\/que-es-un-sagrament\/#breadcrumb"},"inLanguage":"ca","potentialAction":[{"@type":"ReadAction","target":["https:\/\/www.cpl.es\/ca\/blog\/vida-liturgica\/sagraments-i-exequies\/que-es-un-sagrament\/"]}]},{"@type":"ImageObject","inLanguage":"ca","@id":"https:\/\/www.cpl.es\/ca\/blog\/vida-liturgica\/sagraments-i-exequies\/que-es-un-sagrament\/#primaryimage","url":"https:\/\/www.cpl.es\/wp-content\/uploads\/4-1-que-es-un-sacramento-300x190-1.jpg","contentUrl":"https:\/\/www.cpl.es\/wp-content\/uploads\/4-1-que-es-un-sacramento-300x190-1.jpg"},{"@type":"BreadcrumbList","@id":"https:\/\/www.cpl.es\/ca\/blog\/vida-liturgica\/sagraments-i-exequies\/que-es-un-sagrament\/#breadcrumb","itemListElement":[{"@type":"ListItem","position":1,"name":"Portada","item":"https:\/\/www.cpl.es\/ca\/"},{"@type":"ListItem","position":2,"name":"Blog","item":"https:\/\/www.cpl.es\/ca\/blog\/"},{"@type":"ListItem","position":3,"name":"Vida lit\u00fargica","item":"https:\/\/www.cpl.es\/ca\/blog\/vida-liturgica\/"},{"@type":"ListItem","position":4,"name":"Sagraments i ex\u00e8quies","item":"https:\/\/www.cpl.es\/ca\/blog\/vida-liturgica\/sagraments-i-exequies\/"},{"@type":"ListItem","position":5,"name":"Qu\u00e8 \u00e9s un sagrament"}]},{"@type":"WebSite","@id":"https:\/\/www.cpl.es\/#website","url":"https:\/\/www.cpl.es\/","name":"CPL","description":"Centre de Pastoral Lit\u00fargica de Barcelona","publisher":{"@id":"https:\/\/www.cpl.es\/#organization"},"alternateName":"Centre de Pastoral Lit\u00fargica","potentialAction":[{"@type":"SearchAction","target":{"@type":"EntryPoint","urlTemplate":"https:\/\/www.cpl.es\/?s={search_term_string}"},"query-input":{"@type":"PropertyValueSpecification","valueRequired":true,"valueName":"search_term_string"}}],"inLanguage":"ca"},{"@type":"Organization","@id":"https:\/\/www.cpl.es\/#organization","name":"Centre de Pastoral Lit\u00fargica","alternateName":"Centre de Pastoral Lit\u00fargica de Barcelona","url":"https:\/\/www.cpl.es\/","logo":{"@type":"ImageObject","inLanguage":"ca","@id":"https:\/\/www.cpl.es\/#\/schema\/logo\/image\/","url":"https:\/\/www.cpl.es\/wp-content\/uploads\/logo-cpl.svg","contentUrl":"https:\/\/www.cpl.es\/wp-content\/uploads\/logo-cpl.svg","caption":"Centre de Pastoral Lit\u00fargica"},"image":{"@id":"https:\/\/www.cpl.es\/#\/schema\/logo\/image\/"}}]}},"_links":{"self":[{"href":"https:\/\/www.cpl.es\/ca\/wp-json\/wp\/v2\/pages\/11631","targetHints":{"allow":["GET"]}}],"collection":[{"href":"https:\/\/www.cpl.es\/ca\/wp-json\/wp\/v2\/pages"}],"about":[{"href":"https:\/\/www.cpl.es\/ca\/wp-json\/wp\/v2\/types\/page"}],"author":[{"embeddable":true,"href":"https:\/\/www.cpl.es\/ca\/wp-json\/wp\/v2\/users\/1"}],"replies":[{"embeddable":true,"href":"https:\/\/www.cpl.es\/ca\/wp-json\/wp\/v2\/comments?post=11631"}],"version-history":[{"count":1,"href":"https:\/\/www.cpl.es\/ca\/wp-json\/wp\/v2\/pages\/11631\/revisions"}],"predecessor-version":[{"id":11632,"href":"https:\/\/www.cpl.es\/ca\/wp-json\/wp\/v2\/pages\/11631\/revisions\/11632"}],"up":[{"embeddable":true,"href":"https:\/\/www.cpl.es\/ca\/wp-json\/wp\/v2\/pages\/11627"}],"wp:attachment":[{"href":"https:\/\/www.cpl.es\/ca\/wp-json\/wp\/v2\/media?parent=11631"}],"curies":[{"name":"wp","href":"https:\/\/api.w.org\/{rel}","templated":true}]}}