{"id":11625,"date":"2023-11-29T18:43:53","date_gmt":"2023-11-29T17:43:53","guid":{"rendered":"https:\/\/nuevaweb.cpl.es\/?page_id=11625"},"modified":"2023-12-14T17:04:55","modified_gmt":"2023-12-14T16:04:55","slug":"la-liturgia-de-leucaristia-la-comunio","status":"publish","type":"page","link":"https:\/\/www.cpl.es\/ca\/blog\/vida-liturgica\/la-missa\/la-liturgia-de-leucaristia-la-comunio\/","title":{"rendered":"La Lit\u00fargia de l\u2019Eucaristia: la Comuni\u00f3"},"content":{"rendered":"<div id=\"pl-11625\"  class=\"panel-layout\" ><div id=\"pg-11625-0\"  class=\"panel-grid panel-no-style\" ><div id=\"pgc-11625-0-0\"  class=\"panel-grid-cell\" ><div id=\"panel-11625-0-0-0\" class=\"so-panel widget widget_sow-editor panel-first-child panel-last-child\" data-index=\"0\" ><div\n\t\t\t\n\t\t\tclass=\"so-widget-sow-editor so-widget-sow-editor-base\"\n\t\t\t\n\t\t>\n<div class=\"siteorigin-widget-tinymce textwidget\">\n\t<p><img decoding=\"async\" class=\"alignnone size-full wp-image-9543\" src=\"https:\/\/www.cpl.es\/wp-content\/uploads\/2-5-La-Comunio-300x171-1.jpg\" alt=\"\" width=\"300\" height=\"171\" \/ fetchpriority=\"high\"><\/p>\n<p>Aquesta part de la missa, centrada en la recepci\u00f3 del Cos i de la Sang de Crist, t\u00e9 el seu inici amb la recitaci\u00f3 de l\u2019oraci\u00f3 del Senyor, o sigui, la preg\u00e0ria del Parenostre, que tota l\u2019assemblea recita. Quan finalitza el Parenostre, el celebrant tot sol recita l\u2019embolisme, una oraci\u00f3 conclusiva demanant la pau i l\u2019alliberament del mal tot esperant el retorn glori\u00f3s del Senyor. El poble respon amb una aclamaci\u00f3 glorificant D\u00e9u.<\/p>\n<p>Segueix una oraci\u00f3 que, aparentment, t\u00e9 poc significat per\u00f2 que \u00e9s molt simb\u00f2lica, ja que \u00e9s la \u00fanica oraci\u00f3 de la missa que va dirigida directament a Jes\u00fas: \u201cSenyor nostre Jesucrist, que digu\u00e9reu als ap\u00f2stols\u2026\u201d. Acabada aquesta oraci\u00f3 s\u2019introdueix al ritu de la pau, on l\u2019assemblea es d\u00f3na la pau de Crist.<\/p>\n<p>Quan finalitza el gest de pau, t\u00e9 lloc el ritu de la fracci\u00f3 del Pa, tot trencant el Pa i mentrestant, l\u2019assemblea canta o recita la lletania \u201cAnyell de D\u00e9u, que lleveu el pecat del m\u00f3n\u201d. Quan el celebrant ha trencat a trossos el Pa consagrat, llen\u00e7a una part\u00edcula dins el calze, simbolitzant la uni\u00f3 m\u00edstica del Cos i de la Sang de Jesucrist, tot i que tamb\u00e9 t\u00e9 un origen hist\u00f2ric: en els primers segles del cristianisme, les comunitats estaven establertes principalment a les ciutats, per\u00f2 m\u00e9s tard anaren a viure fora de la ciutat i, per tant, els era m\u00e9s dificult\u00f3s poder assistir a la missa presidida pel bisbe. A l\u2019Esgl\u00e9sia de Roma, en la missa papal, un diaca prenia del papa una part\u00edcula del pa consagrat i la portava a la comunitat de fora la ciutat i el prevere que presidia la celebraci\u00f3, posava dins el calze aquesta part\u00edcula consagrada pel papa per tal de simbolitzar que aquella eucaristia estava en plena comuni\u00f3 amb el bisbe de Roma.<\/p>\n<p>Abans de combregar, el celebrant agafa amb una m\u00e0 una part\u00edcula del pa consagrat i amb l\u2019altra la patena o el calze i diu \u201cMireu l\u2019Anyell de D\u00e9u\u2026\u201d i el poble respon \u201cSenyor, jo no s\u00f3c digne\u2026\u201d i combrega primer el president de la celebraci\u00f3 i despr\u00e9s l\u2019assemblea, tot fent una process\u00f3 fins als peus del presbiteri, on reben l\u2019eucaristia. Mentrestant, es canta algun cant, preferentment eucar\u00edstic.<\/p>\n<p>Un cop ha finalitzat la process\u00f3 per a rebre la comuni\u00f3, \u00e9s molt recomanable deixar uns moments de silenci per a la reflexi\u00f3 i preg\u00e0ria personal. Seguidament, el celebrant diu l\u2019oraci\u00f3 de postcomuni\u00f3, seguida de la benedicci\u00f3 final, fent el senyal de la creu. La celebraci\u00f3 acaba amb les paraules de comiat \u201cGermans, aneu-vos-en en pau\u201d i el poble respon \u201cDonem gr\u00e0cies a D\u00e9u\u201d. I els ministres se\u2019n tornen a la sagristia, mentre l\u2019assemblea canta o es toca m\u00fasica instrumental.<\/p>\n<\/div>\n<\/div><\/div><\/div><\/div><\/div>","protected":false},"excerpt":{"rendered":"<p>Aquesta part de la missa, centrada en la recepci\u00f3 del Cos i de la Sang de Crist, t\u00e9 el seu inici amb la recitaci\u00f3 de l\u2019oraci\u00f3 del Senyor, o sigui, la preg\u00e0ria del Parenostre, que tota l\u2019assemblea recita. Quan finalitza el Parenostre, el celebrant tot sol recita l\u2019embolisme, una oraci\u00f3 conclusiva demanant la pau i [&hellip;]<\/p>\n","protected":false},"author":1,"featured_media":0,"parent":11613,"menu_order":5,"comment_status":"closed","ping_status":"closed","template":"","meta":{"_acf_changed":false,"inline_featured_image":false,"footnotes":""},"class_list":["post-11625","page","type-page","status-publish","hentry"],"acf":[],"yoast_head":"<!-- This site is optimized with the Yoast SEO plugin v27.3 - https:\/\/yoast.com\/product\/yoast-seo-wordpress\/ -->\n<title>La Lit\u00fargia de l\u2019Eucaristia: la Comuni\u00f3 - CPL<\/title>\n<meta name=\"robots\" content=\"index, follow, max-snippet:-1, max-image-preview:large, max-video-preview:-1\" \/>\n<link rel=\"canonical\" href=\"https:\/\/www.cpl.es\/ca\/blog\/vida-liturgica\/la-missa\/la-liturgia-de-leucaristia-la-comunio\/\" \/>\n<meta property=\"og:locale\" content=\"ca_ES\" \/>\n<meta property=\"og:type\" content=\"article\" \/>\n<meta property=\"og:title\" content=\"La Lit\u00fargia de l\u2019Eucaristia: la Comuni\u00f3 - CPL\" \/>\n<meta property=\"og:description\" content=\"Aquesta part de la missa, centrada en la recepci\u00f3 del Cos i de la Sang de Crist, t\u00e9 el seu inici amb la recitaci\u00f3 de l\u2019oraci\u00f3 del Senyor, o sigui, la preg\u00e0ria del Parenostre, que tota l\u2019assemblea recita. Quan finalitza el Parenostre, el celebrant tot sol recita l\u2019embolisme, una oraci\u00f3 conclusiva demanant la pau i [&hellip;]\" \/>\n<meta property=\"og:url\" content=\"https:\/\/www.cpl.es\/ca\/blog\/vida-liturgica\/la-missa\/la-liturgia-de-leucaristia-la-comunio\/\" \/>\n<meta property=\"og:site_name\" content=\"CPL\" \/>\n<meta property=\"article:modified_time\" content=\"2023-12-14T16:04:55+00:00\" \/>\n<meta property=\"og:image\" content=\"https:\/\/www.cpl.es\/wp-content\/uploads\/2-5-La-Comunio-300x171-1.jpg\" \/>\n\t<meta property=\"og:image:width\" content=\"300\" \/>\n\t<meta property=\"og:image:height\" content=\"171\" \/>\n\t<meta property=\"og:image:type\" content=\"image\/jpeg\" \/>\n<meta name=\"twitter:card\" content=\"summary_large_image\" \/>\n<meta name=\"twitter:label1\" content=\"Temps estimat de lectura\" \/>\n\t<meta name=\"twitter:data1\" content=\"2 minuts\" \/>\n<script type=\"application\/ld+json\" class=\"yoast-schema-graph\">{\"@context\":\"https:\\\/\\\/schema.org\",\"@graph\":[{\"@type\":\"WebPage\",\"@id\":\"https:\\\/\\\/www.cpl.es\\\/ca\\\/blog\\\/vida-liturgica\\\/la-missa\\\/la-liturgia-de-leucaristia-la-comunio\\\/\",\"url\":\"https:\\\/\\\/www.cpl.es\\\/ca\\\/blog\\\/vida-liturgica\\\/la-missa\\\/la-liturgia-de-leucaristia-la-comunio\\\/\",\"name\":\"La Lit\u00fargia de l\u2019Eucaristia: la Comuni\u00f3 - CPL\",\"isPartOf\":{\"@id\":\"https:\\\/\\\/www.cpl.es\\\/#website\"},\"primaryImageOfPage\":{\"@id\":\"https:\\\/\\\/www.cpl.es\\\/ca\\\/blog\\\/vida-liturgica\\\/la-missa\\\/la-liturgia-de-leucaristia-la-comunio\\\/#primaryimage\"},\"image\":{\"@id\":\"https:\\\/\\\/www.cpl.es\\\/ca\\\/blog\\\/vida-liturgica\\\/la-missa\\\/la-liturgia-de-leucaristia-la-comunio\\\/#primaryimage\"},\"thumbnailUrl\":\"https:\\\/\\\/www.cpl.es\\\/wp-content\\\/uploads\\\/2-5-La-Comunio-300x171-1.jpg\",\"datePublished\":\"2023-11-29T17:43:53+00:00\",\"dateModified\":\"2023-12-14T16:04:55+00:00\",\"breadcrumb\":{\"@id\":\"https:\\\/\\\/www.cpl.es\\\/ca\\\/blog\\\/vida-liturgica\\\/la-missa\\\/la-liturgia-de-leucaristia-la-comunio\\\/#breadcrumb\"},\"inLanguage\":\"ca\",\"potentialAction\":[{\"@type\":\"ReadAction\",\"target\":[\"https:\\\/\\\/www.cpl.es\\\/ca\\\/blog\\\/vida-liturgica\\\/la-missa\\\/la-liturgia-de-leucaristia-la-comunio\\\/\"]}]},{\"@type\":\"ImageObject\",\"inLanguage\":\"ca\",\"@id\":\"https:\\\/\\\/www.cpl.es\\\/ca\\\/blog\\\/vida-liturgica\\\/la-missa\\\/la-liturgia-de-leucaristia-la-comunio\\\/#primaryimage\",\"url\":\"https:\\\/\\\/www.cpl.es\\\/wp-content\\\/uploads\\\/2-5-La-Comunio-300x171-1.jpg\",\"contentUrl\":\"https:\\\/\\\/www.cpl.es\\\/wp-content\\\/uploads\\\/2-5-La-Comunio-300x171-1.jpg\"},{\"@type\":\"BreadcrumbList\",\"@id\":\"https:\\\/\\\/www.cpl.es\\\/ca\\\/blog\\\/vida-liturgica\\\/la-missa\\\/la-liturgia-de-leucaristia-la-comunio\\\/#breadcrumb\",\"itemListElement\":[{\"@type\":\"ListItem\",\"position\":1,\"name\":\"Portada\",\"item\":\"https:\\\/\\\/www.cpl.es\\\/ca\\\/\"},{\"@type\":\"ListItem\",\"position\":2,\"name\":\"Blog\",\"item\":\"https:\\\/\\\/www.cpl.es\\\/ca\\\/blog\\\/\"},{\"@type\":\"ListItem\",\"position\":3,\"name\":\"Vida lit\u00fargica\",\"item\":\"https:\\\/\\\/www.cpl.es\\\/ca\\\/blog\\\/vida-liturgica\\\/\"},{\"@type\":\"ListItem\",\"position\":4,\"name\":\"La missa\",\"item\":\"https:\\\/\\\/www.cpl.es\\\/ca\\\/blog\\\/vida-liturgica\\\/la-missa\\\/\"},{\"@type\":\"ListItem\",\"position\":5,\"name\":\"La Lit\u00fargia de l\u2019Eucaristia: la Comuni\u00f3\"}]},{\"@type\":\"WebSite\",\"@id\":\"https:\\\/\\\/www.cpl.es\\\/#website\",\"url\":\"https:\\\/\\\/www.cpl.es\\\/\",\"name\":\"CPL\",\"description\":\"Centre de Pastoral Lit\u00fargica de Barcelona\",\"publisher\":{\"@id\":\"https:\\\/\\\/www.cpl.es\\\/#organization\"},\"alternateName\":\"Centre de Pastoral Lit\u00fargica\",\"potentialAction\":[{\"@type\":\"SearchAction\",\"target\":{\"@type\":\"EntryPoint\",\"urlTemplate\":\"https:\\\/\\\/www.cpl.es\\\/?s={search_term_string}\"},\"query-input\":{\"@type\":\"PropertyValueSpecification\",\"valueRequired\":true,\"valueName\":\"search_term_string\"}}],\"inLanguage\":\"ca\"},{\"@type\":\"Organization\",\"@id\":\"https:\\\/\\\/www.cpl.es\\\/#organization\",\"name\":\"Centre de Pastoral Lit\u00fargica\",\"alternateName\":\"Centre de Pastoral Lit\u00fargica de Barcelona\",\"url\":\"https:\\\/\\\/www.cpl.es\\\/\",\"logo\":{\"@type\":\"ImageObject\",\"inLanguage\":\"ca\",\"@id\":\"https:\\\/\\\/www.cpl.es\\\/#\\\/schema\\\/logo\\\/image\\\/\",\"url\":\"https:\\\/\\\/www.cpl.es\\\/wp-content\\\/uploads\\\/logo-cpl.svg\",\"contentUrl\":\"https:\\\/\\\/www.cpl.es\\\/wp-content\\\/uploads\\\/logo-cpl.svg\",\"caption\":\"Centre de Pastoral Lit\u00fargica\"},\"image\":{\"@id\":\"https:\\\/\\\/www.cpl.es\\\/#\\\/schema\\\/logo\\\/image\\\/\"}}]}<\/script>\n<!-- \/ Yoast SEO plugin. -->","yoast_head_json":{"title":"La Lit\u00fargia de l\u2019Eucaristia: la Comuni\u00f3 - CPL","robots":{"index":"index","follow":"follow","max-snippet":"max-snippet:-1","max-image-preview":"max-image-preview:large","max-video-preview":"max-video-preview:-1"},"canonical":"https:\/\/www.cpl.es\/ca\/blog\/vida-liturgica\/la-missa\/la-liturgia-de-leucaristia-la-comunio\/","og_locale":"ca_ES","og_type":"article","og_title":"La Lit\u00fargia de l\u2019Eucaristia: la Comuni\u00f3 - CPL","og_description":"Aquesta part de la missa, centrada en la recepci\u00f3 del Cos i de la Sang de Crist, t\u00e9 el seu inici amb la recitaci\u00f3 de l\u2019oraci\u00f3 del Senyor, o sigui, la preg\u00e0ria del Parenostre, que tota l\u2019assemblea recita. Quan finalitza el Parenostre, el celebrant tot sol recita l\u2019embolisme, una oraci\u00f3 conclusiva demanant la pau i [&hellip;]","og_url":"https:\/\/www.cpl.es\/ca\/blog\/vida-liturgica\/la-missa\/la-liturgia-de-leucaristia-la-comunio\/","og_site_name":"CPL","article_modified_time":"2023-12-14T16:04:55+00:00","og_image":[{"width":300,"height":171,"url":"https:\/\/www.cpl.es\/wp-content\/uploads\/2-5-La-Comunio-300x171-1.jpg","type":"image\/jpeg"}],"twitter_card":"summary_large_image","twitter_misc":{"Temps estimat de lectura":"2 minuts"},"schema":{"@context":"https:\/\/schema.org","@graph":[{"@type":"WebPage","@id":"https:\/\/www.cpl.es\/ca\/blog\/vida-liturgica\/la-missa\/la-liturgia-de-leucaristia-la-comunio\/","url":"https:\/\/www.cpl.es\/ca\/blog\/vida-liturgica\/la-missa\/la-liturgia-de-leucaristia-la-comunio\/","name":"La Lit\u00fargia de l\u2019Eucaristia: la Comuni\u00f3 - CPL","isPartOf":{"@id":"https:\/\/www.cpl.es\/#website"},"primaryImageOfPage":{"@id":"https:\/\/www.cpl.es\/ca\/blog\/vida-liturgica\/la-missa\/la-liturgia-de-leucaristia-la-comunio\/#primaryimage"},"image":{"@id":"https:\/\/www.cpl.es\/ca\/blog\/vida-liturgica\/la-missa\/la-liturgia-de-leucaristia-la-comunio\/#primaryimage"},"thumbnailUrl":"https:\/\/www.cpl.es\/wp-content\/uploads\/2-5-La-Comunio-300x171-1.jpg","datePublished":"2023-11-29T17:43:53+00:00","dateModified":"2023-12-14T16:04:55+00:00","breadcrumb":{"@id":"https:\/\/www.cpl.es\/ca\/blog\/vida-liturgica\/la-missa\/la-liturgia-de-leucaristia-la-comunio\/#breadcrumb"},"inLanguage":"ca","potentialAction":[{"@type":"ReadAction","target":["https:\/\/www.cpl.es\/ca\/blog\/vida-liturgica\/la-missa\/la-liturgia-de-leucaristia-la-comunio\/"]}]},{"@type":"ImageObject","inLanguage":"ca","@id":"https:\/\/www.cpl.es\/ca\/blog\/vida-liturgica\/la-missa\/la-liturgia-de-leucaristia-la-comunio\/#primaryimage","url":"https:\/\/www.cpl.es\/wp-content\/uploads\/2-5-La-Comunio-300x171-1.jpg","contentUrl":"https:\/\/www.cpl.es\/wp-content\/uploads\/2-5-La-Comunio-300x171-1.jpg"},{"@type":"BreadcrumbList","@id":"https:\/\/www.cpl.es\/ca\/blog\/vida-liturgica\/la-missa\/la-liturgia-de-leucaristia-la-comunio\/#breadcrumb","itemListElement":[{"@type":"ListItem","position":1,"name":"Portada","item":"https:\/\/www.cpl.es\/ca\/"},{"@type":"ListItem","position":2,"name":"Blog","item":"https:\/\/www.cpl.es\/ca\/blog\/"},{"@type":"ListItem","position":3,"name":"Vida lit\u00fargica","item":"https:\/\/www.cpl.es\/ca\/blog\/vida-liturgica\/"},{"@type":"ListItem","position":4,"name":"La missa","item":"https:\/\/www.cpl.es\/ca\/blog\/vida-liturgica\/la-missa\/"},{"@type":"ListItem","position":5,"name":"La Lit\u00fargia de l\u2019Eucaristia: la Comuni\u00f3"}]},{"@type":"WebSite","@id":"https:\/\/www.cpl.es\/#website","url":"https:\/\/www.cpl.es\/","name":"CPL","description":"Centre de Pastoral Lit\u00fargica de Barcelona","publisher":{"@id":"https:\/\/www.cpl.es\/#organization"},"alternateName":"Centre de Pastoral Lit\u00fargica","potentialAction":[{"@type":"SearchAction","target":{"@type":"EntryPoint","urlTemplate":"https:\/\/www.cpl.es\/?s={search_term_string}"},"query-input":{"@type":"PropertyValueSpecification","valueRequired":true,"valueName":"search_term_string"}}],"inLanguage":"ca"},{"@type":"Organization","@id":"https:\/\/www.cpl.es\/#organization","name":"Centre de Pastoral Lit\u00fargica","alternateName":"Centre de Pastoral Lit\u00fargica de Barcelona","url":"https:\/\/www.cpl.es\/","logo":{"@type":"ImageObject","inLanguage":"ca","@id":"https:\/\/www.cpl.es\/#\/schema\/logo\/image\/","url":"https:\/\/www.cpl.es\/wp-content\/uploads\/logo-cpl.svg","contentUrl":"https:\/\/www.cpl.es\/wp-content\/uploads\/logo-cpl.svg","caption":"Centre de Pastoral Lit\u00fargica"},"image":{"@id":"https:\/\/www.cpl.es\/#\/schema\/logo\/image\/"}}]}},"_links":{"self":[{"href":"https:\/\/www.cpl.es\/ca\/wp-json\/wp\/v2\/pages\/11625","targetHints":{"allow":["GET"]}}],"collection":[{"href":"https:\/\/www.cpl.es\/ca\/wp-json\/wp\/v2\/pages"}],"about":[{"href":"https:\/\/www.cpl.es\/ca\/wp-json\/wp\/v2\/types\/page"}],"author":[{"embeddable":true,"href":"https:\/\/www.cpl.es\/ca\/wp-json\/wp\/v2\/users\/1"}],"replies":[{"embeddable":true,"href":"https:\/\/www.cpl.es\/ca\/wp-json\/wp\/v2\/comments?post=11625"}],"version-history":[{"count":1,"href":"https:\/\/www.cpl.es\/ca\/wp-json\/wp\/v2\/pages\/11625\/revisions"}],"predecessor-version":[{"id":11626,"href":"https:\/\/www.cpl.es\/ca\/wp-json\/wp\/v2\/pages\/11625\/revisions\/11626"}],"up":[{"embeddable":true,"href":"https:\/\/www.cpl.es\/ca\/wp-json\/wp\/v2\/pages\/11613"}],"wp:attachment":[{"href":"https:\/\/www.cpl.es\/ca\/wp-json\/wp\/v2\/media?parent=11625"}],"curies":[{"name":"wp","href":"https:\/\/api.w.org\/{rel}","templated":true}]}}