{"id":11623,"date":"2023-11-29T18:42:55","date_gmt":"2023-11-29T17:42:55","guid":{"rendered":"https:\/\/nuevaweb.cpl.es\/?page_id=11623"},"modified":"2023-12-14T17:04:23","modified_gmt":"2023-12-14T16:04:23","slug":"la-liturgia-de-leucaristia-la-pregaria-eucaristica","status":"publish","type":"page","link":"https:\/\/www.cpl.es\/ca\/blog\/vida-liturgica\/la-missa\/la-liturgia-de-leucaristia-la-pregaria-eucaristica\/","title":{"rendered":"La Lit\u00fargia de l\u2019Eucaristia: la Preg\u00e0ria Eucar\u00edstica"},"content":{"rendered":"<div id=\"pl-11623\"  class=\"panel-layout\" ><div id=\"pg-11623-0\"  class=\"panel-grid panel-no-style\" ><div id=\"pgc-11623-0-0\"  class=\"panel-grid-cell\" ><div id=\"panel-11623-0-0-0\" class=\"so-panel widget widget_sow-editor panel-first-child panel-last-child\" data-index=\"0\" ><div\n\t\t\t\n\t\t\tclass=\"so-widget-sow-editor so-widget-sow-editor-base\"\n\t\t\t\n\t\t>\n<div class=\"siteorigin-widget-tinymce textwidget\">\n\t<p><img decoding=\"async\" class=\"alignnone size-full wp-image-9540\" src=\"https:\/\/www.cpl.es\/wp-content\/uploads\/2-4-Pere-Tena-300x170-1.jpg\" alt=\"\" width=\"300\" height=\"170\" \/ fetchpriority=\"high\"><\/p>\n<p>La Lit\u00fargia de l\u2019Eucaristia \u00e9s la part m\u00e9s important de tota la missa, ja que t\u00e9 lloc el Memorial del Senyor.<\/p>\n<p>S\u2019inicia amb una process\u00f3 d\u2019ofrenes, que es porten a l\u2019altar. Aquestes ofrenes s\u00f3n, fonamentalment, el pa, el vi i l\u2019aigua per a l\u2019Eucaristia, si b\u00e9 tamb\u00e9 es poden oferir altres coses, com ara ciris o flors. Tamb\u00e9 \u00e9s important, en aquest moment, fer l\u2019ofrena pels pobres i per les necessitats de l\u2019esgl\u00e9sia. Mentrestant, es prepara l\u2019altar, disposant el pa i el vi i tot el necessari per a l\u2019Eucaristia. El celebrant, quan arriba a l\u2019altar, presenta les ofrenes al Pare i en d\u00f3na gr\u00e0cies. Seguidament, si s\u2019escau, s\u2019encensa les ofrenes, la creu i l\u2019altar i finalment s\u2019encensa el celebrant, els ministres i l\u2019assemblea. Finalment, el celebrant es renta les mans amb el ritu del lavabo, tot demanant a D\u00e9u la purificaci\u00f3 interior.<\/p>\n<p>Un cop feta la presentaci\u00f3 dels dons, el celebrant invita l\u2019assemblea a pregar perqu\u00e8 l\u2019eucaristia que anem a celebrar agradi a D\u00e9u i segueix amb una oraci\u00f3 sobre les ofrenes, demanant que es transformin en el Cos i en la Sang del Senyor.<\/p>\n<p>Aleshores, s\u2019inicia la preg\u00e0ria eucar\u00edstica, amb la salutaci\u00f3 \u201cEl Senyor sigui amb vosaltres\u201d i el celebrant proclama el prefaci, que \u00e9s una oraci\u00f3 d\u2019acci\u00f3 de gr\u00e0cies a D\u00e9u que ens introdueix a la celebraci\u00f3 del memorial del Senyor. Es diu \u201cprefaci\u201d perqu\u00e8 significa \u201cabans de l\u2019acci\u00f3\u201d, \u201cpre-facere\u201d. Un cop recitat el prefaci, t\u00e9 lloc el cant del Sanctus. Seguidament, t\u00e9 lloc la consagraci\u00f3 amb l\u2019epiclesi (invocaci\u00f3), on es demana l\u2019acci\u00f3 de l\u2019Esperit Sant perqu\u00e8 el pa i el vi es converteixin en el Cos i en la Sang de Jes\u00fas. I es recita la narraci\u00f3 de l\u2019\u00faltim sopar amb les paraules que Jes\u00fas va dir als ap\u00f2stols, tot mostrant el pa i seguidament el vi.<\/p>\n<p>Un cop realitzada la consagraci\u00f3 el celebrant convida a proclamar el misteri de la fe, o sigui la mort i la resurrecci\u00f3 de Jes\u00fas, tot esperant el seu retorn glori\u00f3s.<\/p>\n<p>Segueix la preg\u00e0ria eucar\u00edstica amb l\u2019anamnesi, en la qual oferim al Pare el Cos i la Sang del Senyor i tamb\u00e9 l\u2019ofrena de nosaltres mateixos i es torna a invocar l\u2019Esperit Sant perqu\u00e8 ens congregui en la unitat. Aleshores, t\u00e9 lloc unes intencions particulars, com s\u00f3n la preg\u00e0ria pel papa, pel bisbe dioces\u00e0 \u2013i coadjutors i auxiliars, no altres bisbes\u2013 i pels altres ministres, per tot el poble i finalment pels difunts, tot demanant la intercessi\u00f3 de la Mare de D\u00e9u, de sant Josep \u2013introdu\u00eft en les preg\u00e0ries II, III i IV pel papa Francesc\u2013 i dels sants.<\/p>\n<p>La preg\u00e0ria eucar\u00edstica finalitza amb la doxologia final on, elevant la patena i el calze, donem gl\u00f2ria a la Trinitat, amb la oraci\u00f3 \u201cPer ell, amb ell i en ell\u2026\u201d<\/p>\n<p>Amb el gran \u201cAm\u00e9n\u201d del poble finalitza la preg\u00e0ria eucar\u00edstica. La Lit\u00fargia de l\u2019Eucaristia continua aleshores amb la Comuni\u00f3.<\/p>\n<\/div>\n<\/div><\/div><\/div><\/div><\/div>","protected":false},"excerpt":{"rendered":"<p>La Lit\u00fargia de l\u2019Eucaristia \u00e9s la part m\u00e9s important de tota la missa, ja que t\u00e9 lloc el Memorial del Senyor. S\u2019inicia amb una process\u00f3 d\u2019ofrenes, que es porten a l\u2019altar. Aquestes ofrenes s\u00f3n, fonamentalment, el pa, el vi i l\u2019aigua per a l\u2019Eucaristia, si b\u00e9 tamb\u00e9 es poden oferir altres coses, com ara ciris [&hellip;]<\/p>\n","protected":false},"author":1,"featured_media":0,"parent":11613,"menu_order":4,"comment_status":"closed","ping_status":"closed","template":"","meta":{"_acf_changed":false,"inline_featured_image":false,"footnotes":""},"class_list":["post-11623","page","type-page","status-publish","hentry"],"acf":[],"yoast_head":"<!-- This site is optimized with the Yoast SEO plugin v27.5 - https:\/\/yoast.com\/product\/yoast-seo-wordpress\/ -->\n<title>La Lit\u00fargia de l\u2019Eucaristia: la Preg\u00e0ria Eucar\u00edstica - CPL<\/title>\n<meta name=\"robots\" content=\"index, follow, max-snippet:-1, max-image-preview:large, max-video-preview:-1\" \/>\n<link rel=\"canonical\" href=\"https:\/\/www.cpl.es\/ca\/blog\/vida-liturgica\/la-missa\/la-liturgia-de-leucaristia-la-pregaria-eucaristica\/\" \/>\n<meta property=\"og:locale\" content=\"ca_ES\" \/>\n<meta property=\"og:type\" content=\"article\" \/>\n<meta property=\"og:title\" content=\"La Lit\u00fargia de l\u2019Eucaristia: la Preg\u00e0ria Eucar\u00edstica - CPL\" \/>\n<meta property=\"og:description\" content=\"La Lit\u00fargia de l\u2019Eucaristia \u00e9s la part m\u00e9s important de tota la missa, ja que t\u00e9 lloc el Memorial del Senyor. S\u2019inicia amb una process\u00f3 d\u2019ofrenes, que es porten a l\u2019altar. Aquestes ofrenes s\u00f3n, fonamentalment, el pa, el vi i l\u2019aigua per a l\u2019Eucaristia, si b\u00e9 tamb\u00e9 es poden oferir altres coses, com ara ciris [&hellip;]\" \/>\n<meta property=\"og:url\" content=\"https:\/\/www.cpl.es\/ca\/blog\/vida-liturgica\/la-missa\/la-liturgia-de-leucaristia-la-pregaria-eucaristica\/\" \/>\n<meta property=\"og:site_name\" content=\"CPL\" \/>\n<meta property=\"article:modified_time\" content=\"2023-12-14T16:04:23+00:00\" \/>\n<meta property=\"og:image\" content=\"https:\/\/www.cpl.es\/wp-content\/uploads\/2-4-Pere-Tena-300x170-1.jpg\" \/>\n\t<meta property=\"og:image:width\" content=\"300\" \/>\n\t<meta property=\"og:image:height\" content=\"170\" \/>\n\t<meta property=\"og:image:type\" content=\"image\/jpeg\" \/>\n<meta name=\"twitter:card\" content=\"summary_large_image\" \/>\n<meta name=\"twitter:label1\" content=\"Temps estimat de lectura\" \/>\n\t<meta name=\"twitter:data1\" content=\"3 minuts\" \/>\n<script type=\"application\/ld+json\" class=\"yoast-schema-graph\">{\"@context\":\"https:\\\/\\\/schema.org\",\"@graph\":[{\"@type\":\"WebPage\",\"@id\":\"https:\\\/\\\/www.cpl.es\\\/ca\\\/blog\\\/vida-liturgica\\\/la-missa\\\/la-liturgia-de-leucaristia-la-pregaria-eucaristica\\\/\",\"url\":\"https:\\\/\\\/www.cpl.es\\\/ca\\\/blog\\\/vida-liturgica\\\/la-missa\\\/la-liturgia-de-leucaristia-la-pregaria-eucaristica\\\/\",\"name\":\"La Lit\u00fargia de l\u2019Eucaristia: la Preg\u00e0ria Eucar\u00edstica - CPL\",\"isPartOf\":{\"@id\":\"https:\\\/\\\/www.cpl.es\\\/#website\"},\"primaryImageOfPage\":{\"@id\":\"https:\\\/\\\/www.cpl.es\\\/ca\\\/blog\\\/vida-liturgica\\\/la-missa\\\/la-liturgia-de-leucaristia-la-pregaria-eucaristica\\\/#primaryimage\"},\"image\":{\"@id\":\"https:\\\/\\\/www.cpl.es\\\/ca\\\/blog\\\/vida-liturgica\\\/la-missa\\\/la-liturgia-de-leucaristia-la-pregaria-eucaristica\\\/#primaryimage\"},\"thumbnailUrl\":\"https:\\\/\\\/www.cpl.es\\\/wp-content\\\/uploads\\\/2-4-Pere-Tena-300x170-1.jpg\",\"datePublished\":\"2023-11-29T17:42:55+00:00\",\"dateModified\":\"2023-12-14T16:04:23+00:00\",\"breadcrumb\":{\"@id\":\"https:\\\/\\\/www.cpl.es\\\/ca\\\/blog\\\/vida-liturgica\\\/la-missa\\\/la-liturgia-de-leucaristia-la-pregaria-eucaristica\\\/#breadcrumb\"},\"inLanguage\":\"ca\",\"potentialAction\":[{\"@type\":\"ReadAction\",\"target\":[\"https:\\\/\\\/www.cpl.es\\\/ca\\\/blog\\\/vida-liturgica\\\/la-missa\\\/la-liturgia-de-leucaristia-la-pregaria-eucaristica\\\/\"]}]},{\"@type\":\"ImageObject\",\"inLanguage\":\"ca\",\"@id\":\"https:\\\/\\\/www.cpl.es\\\/ca\\\/blog\\\/vida-liturgica\\\/la-missa\\\/la-liturgia-de-leucaristia-la-pregaria-eucaristica\\\/#primaryimage\",\"url\":\"https:\\\/\\\/www.cpl.es\\\/wp-content\\\/uploads\\\/2-4-Pere-Tena-300x170-1.jpg\",\"contentUrl\":\"https:\\\/\\\/www.cpl.es\\\/wp-content\\\/uploads\\\/2-4-Pere-Tena-300x170-1.jpg\"},{\"@type\":\"BreadcrumbList\",\"@id\":\"https:\\\/\\\/www.cpl.es\\\/ca\\\/blog\\\/vida-liturgica\\\/la-missa\\\/la-liturgia-de-leucaristia-la-pregaria-eucaristica\\\/#breadcrumb\",\"itemListElement\":[{\"@type\":\"ListItem\",\"position\":1,\"name\":\"Portada\",\"item\":\"https:\\\/\\\/www.cpl.es\\\/ca\\\/\"},{\"@type\":\"ListItem\",\"position\":2,\"name\":\"Blog\",\"item\":\"https:\\\/\\\/www.cpl.es\\\/ca\\\/blog\\\/\"},{\"@type\":\"ListItem\",\"position\":3,\"name\":\"Vida lit\u00fargica\",\"item\":\"https:\\\/\\\/www.cpl.es\\\/ca\\\/blog\\\/vida-liturgica\\\/\"},{\"@type\":\"ListItem\",\"position\":4,\"name\":\"La missa\",\"item\":\"https:\\\/\\\/www.cpl.es\\\/ca\\\/blog\\\/vida-liturgica\\\/la-missa\\\/\"},{\"@type\":\"ListItem\",\"position\":5,\"name\":\"La Lit\u00fargia de l\u2019Eucaristia: la Preg\u00e0ria Eucar\u00edstica\"}]},{\"@type\":\"WebSite\",\"@id\":\"https:\\\/\\\/www.cpl.es\\\/#website\",\"url\":\"https:\\\/\\\/www.cpl.es\\\/\",\"name\":\"CPL\",\"description\":\"Centre de Pastoral Lit\u00fargica de Barcelona\",\"publisher\":{\"@id\":\"https:\\\/\\\/www.cpl.es\\\/#organization\"},\"alternateName\":\"Centre de Pastoral Lit\u00fargica\",\"potentialAction\":[{\"@type\":\"SearchAction\",\"target\":{\"@type\":\"EntryPoint\",\"urlTemplate\":\"https:\\\/\\\/www.cpl.es\\\/?s={search_term_string}\"},\"query-input\":{\"@type\":\"PropertyValueSpecification\",\"valueRequired\":true,\"valueName\":\"search_term_string\"}}],\"inLanguage\":\"ca\"},{\"@type\":\"Organization\",\"@id\":\"https:\\\/\\\/www.cpl.es\\\/#organization\",\"name\":\"Centre de Pastoral Lit\u00fargica\",\"alternateName\":\"Centre de Pastoral Lit\u00fargica de Barcelona\",\"url\":\"https:\\\/\\\/www.cpl.es\\\/\",\"logo\":{\"@type\":\"ImageObject\",\"inLanguage\":\"ca\",\"@id\":\"https:\\\/\\\/www.cpl.es\\\/#\\\/schema\\\/logo\\\/image\\\/\",\"url\":\"https:\\\/\\\/www.cpl.es\\\/wp-content\\\/uploads\\\/logo-cpl.svg\",\"contentUrl\":\"https:\\\/\\\/www.cpl.es\\\/wp-content\\\/uploads\\\/logo-cpl.svg\",\"caption\":\"Centre de Pastoral Lit\u00fargica\"},\"image\":{\"@id\":\"https:\\\/\\\/www.cpl.es\\\/#\\\/schema\\\/logo\\\/image\\\/\"}}]}<\/script>\n<!-- \/ Yoast SEO plugin. -->","yoast_head_json":{"title":"La Lit\u00fargia de l\u2019Eucaristia: la Preg\u00e0ria Eucar\u00edstica - CPL","robots":{"index":"index","follow":"follow","max-snippet":"max-snippet:-1","max-image-preview":"max-image-preview:large","max-video-preview":"max-video-preview:-1"},"canonical":"https:\/\/www.cpl.es\/ca\/blog\/vida-liturgica\/la-missa\/la-liturgia-de-leucaristia-la-pregaria-eucaristica\/","og_locale":"ca_ES","og_type":"article","og_title":"La Lit\u00fargia de l\u2019Eucaristia: la Preg\u00e0ria Eucar\u00edstica - CPL","og_description":"La Lit\u00fargia de l\u2019Eucaristia \u00e9s la part m\u00e9s important de tota la missa, ja que t\u00e9 lloc el Memorial del Senyor. S\u2019inicia amb una process\u00f3 d\u2019ofrenes, que es porten a l\u2019altar. Aquestes ofrenes s\u00f3n, fonamentalment, el pa, el vi i l\u2019aigua per a l\u2019Eucaristia, si b\u00e9 tamb\u00e9 es poden oferir altres coses, com ara ciris [&hellip;]","og_url":"https:\/\/www.cpl.es\/ca\/blog\/vida-liturgica\/la-missa\/la-liturgia-de-leucaristia-la-pregaria-eucaristica\/","og_site_name":"CPL","article_modified_time":"2023-12-14T16:04:23+00:00","og_image":[{"width":300,"height":170,"url":"https:\/\/www.cpl.es\/wp-content\/uploads\/2-4-Pere-Tena-300x170-1.jpg","type":"image\/jpeg"}],"twitter_card":"summary_large_image","twitter_misc":{"Temps estimat de lectura":"3 minuts"},"schema":{"@context":"https:\/\/schema.org","@graph":[{"@type":"WebPage","@id":"https:\/\/www.cpl.es\/ca\/blog\/vida-liturgica\/la-missa\/la-liturgia-de-leucaristia-la-pregaria-eucaristica\/","url":"https:\/\/www.cpl.es\/ca\/blog\/vida-liturgica\/la-missa\/la-liturgia-de-leucaristia-la-pregaria-eucaristica\/","name":"La Lit\u00fargia de l\u2019Eucaristia: la Preg\u00e0ria Eucar\u00edstica - CPL","isPartOf":{"@id":"https:\/\/www.cpl.es\/#website"},"primaryImageOfPage":{"@id":"https:\/\/www.cpl.es\/ca\/blog\/vida-liturgica\/la-missa\/la-liturgia-de-leucaristia-la-pregaria-eucaristica\/#primaryimage"},"image":{"@id":"https:\/\/www.cpl.es\/ca\/blog\/vida-liturgica\/la-missa\/la-liturgia-de-leucaristia-la-pregaria-eucaristica\/#primaryimage"},"thumbnailUrl":"https:\/\/www.cpl.es\/wp-content\/uploads\/2-4-Pere-Tena-300x170-1.jpg","datePublished":"2023-11-29T17:42:55+00:00","dateModified":"2023-12-14T16:04:23+00:00","breadcrumb":{"@id":"https:\/\/www.cpl.es\/ca\/blog\/vida-liturgica\/la-missa\/la-liturgia-de-leucaristia-la-pregaria-eucaristica\/#breadcrumb"},"inLanguage":"ca","potentialAction":[{"@type":"ReadAction","target":["https:\/\/www.cpl.es\/ca\/blog\/vida-liturgica\/la-missa\/la-liturgia-de-leucaristia-la-pregaria-eucaristica\/"]}]},{"@type":"ImageObject","inLanguage":"ca","@id":"https:\/\/www.cpl.es\/ca\/blog\/vida-liturgica\/la-missa\/la-liturgia-de-leucaristia-la-pregaria-eucaristica\/#primaryimage","url":"https:\/\/www.cpl.es\/wp-content\/uploads\/2-4-Pere-Tena-300x170-1.jpg","contentUrl":"https:\/\/www.cpl.es\/wp-content\/uploads\/2-4-Pere-Tena-300x170-1.jpg"},{"@type":"BreadcrumbList","@id":"https:\/\/www.cpl.es\/ca\/blog\/vida-liturgica\/la-missa\/la-liturgia-de-leucaristia-la-pregaria-eucaristica\/#breadcrumb","itemListElement":[{"@type":"ListItem","position":1,"name":"Portada","item":"https:\/\/www.cpl.es\/ca\/"},{"@type":"ListItem","position":2,"name":"Blog","item":"https:\/\/www.cpl.es\/ca\/blog\/"},{"@type":"ListItem","position":3,"name":"Vida lit\u00fargica","item":"https:\/\/www.cpl.es\/ca\/blog\/vida-liturgica\/"},{"@type":"ListItem","position":4,"name":"La missa","item":"https:\/\/www.cpl.es\/ca\/blog\/vida-liturgica\/la-missa\/"},{"@type":"ListItem","position":5,"name":"La Lit\u00fargia de l\u2019Eucaristia: la Preg\u00e0ria Eucar\u00edstica"}]},{"@type":"WebSite","@id":"https:\/\/www.cpl.es\/#website","url":"https:\/\/www.cpl.es\/","name":"CPL","description":"Centre de Pastoral Lit\u00fargica de Barcelona","publisher":{"@id":"https:\/\/www.cpl.es\/#organization"},"alternateName":"Centre de Pastoral Lit\u00fargica","potentialAction":[{"@type":"SearchAction","target":{"@type":"EntryPoint","urlTemplate":"https:\/\/www.cpl.es\/?s={search_term_string}"},"query-input":{"@type":"PropertyValueSpecification","valueRequired":true,"valueName":"search_term_string"}}],"inLanguage":"ca"},{"@type":"Organization","@id":"https:\/\/www.cpl.es\/#organization","name":"Centre de Pastoral Lit\u00fargica","alternateName":"Centre de Pastoral Lit\u00fargica de Barcelona","url":"https:\/\/www.cpl.es\/","logo":{"@type":"ImageObject","inLanguage":"ca","@id":"https:\/\/www.cpl.es\/#\/schema\/logo\/image\/","url":"https:\/\/www.cpl.es\/wp-content\/uploads\/logo-cpl.svg","contentUrl":"https:\/\/www.cpl.es\/wp-content\/uploads\/logo-cpl.svg","caption":"Centre de Pastoral Lit\u00fargica"},"image":{"@id":"https:\/\/www.cpl.es\/#\/schema\/logo\/image\/"}}]}},"_links":{"self":[{"href":"https:\/\/www.cpl.es\/ca\/wp-json\/wp\/v2\/pages\/11623","targetHints":{"allow":["GET"]}}],"collection":[{"href":"https:\/\/www.cpl.es\/ca\/wp-json\/wp\/v2\/pages"}],"about":[{"href":"https:\/\/www.cpl.es\/ca\/wp-json\/wp\/v2\/types\/page"}],"author":[{"embeddable":true,"href":"https:\/\/www.cpl.es\/ca\/wp-json\/wp\/v2\/users\/1"}],"replies":[{"embeddable":true,"href":"https:\/\/www.cpl.es\/ca\/wp-json\/wp\/v2\/comments?post=11623"}],"version-history":[{"count":1,"href":"https:\/\/www.cpl.es\/ca\/wp-json\/wp\/v2\/pages\/11623\/revisions"}],"predecessor-version":[{"id":11624,"href":"https:\/\/www.cpl.es\/ca\/wp-json\/wp\/v2\/pages\/11623\/revisions\/11624"}],"up":[{"embeddable":true,"href":"https:\/\/www.cpl.es\/ca\/wp-json\/wp\/v2\/pages\/11613"}],"wp:attachment":[{"href":"https:\/\/www.cpl.es\/ca\/wp-json\/wp\/v2\/media?parent=11623"}],"curies":[{"name":"wp","href":"https:\/\/api.w.org\/{rel}","templated":true}]}}