{"id":11619,"date":"2023-11-29T18:40:45","date_gmt":"2023-11-29T17:40:45","guid":{"rendered":"https:\/\/nuevaweb.cpl.es\/?page_id=11619"},"modified":"2023-12-14T17:02:55","modified_gmt":"2023-12-14T16:02:55","slug":"els-ritus-introductoris","status":"publish","type":"page","link":"https:\/\/www.cpl.es\/ca\/blog\/vida-liturgica\/la-missa\/els-ritus-introductoris\/","title":{"rendered":"Els ritus introductoris"},"content":{"rendered":"<div id=\"pl-11619\"  class=\"panel-layout\" ><div id=\"pg-11619-0\"  class=\"panel-grid panel-no-style\" ><div id=\"pgc-11619-0-0\"  class=\"panel-grid-cell\" ><div id=\"panel-11619-0-0-0\" class=\"so-panel widget widget_sow-editor panel-first-child panel-last-child\" data-index=\"0\" ><div\n\t\t\t\n\t\t\tclass=\"so-widget-sow-editor so-widget-sow-editor-base\"\n\t\t\t\n\t\t>\n<div class=\"siteorigin-widget-tinymce textwidget\">\n\t<p><img decoding=\"async\" class=\"alignnone size-medium wp-image-9533\" src=\"https:\/\/www.cpl.es\/wp-content\/uploads\/2-2-Ritus-introductoris-e1434642385435-300x171.jpg\" alt=\"\" width=\"300\" height=\"171\" srcset=\"https:\/\/www.cpl.es\/wp-content\/uploads\/\/2-2-Ritus-introductoris-e1434642385435-300x171.jpg 300w, https:\/\/www.cpl.es\/wp-content\/uploads\/\/2-2-Ritus-introductoris-e1434642385435.jpg 334w\" sizes=\"auto, (max-width: 300px) 100vw, 300px\" \/ fetchpriority=\"high\"><\/p>\n<p>La missa sempre s\u2019inicia amb una process\u00f3 per part dels ministres des de la sagristia fins el presbiteri. Mentrestant, es canta una ant\u00edfona o cant d\u2019entrada, que es pot prendre del mateix Missal Rom\u00e0 o b\u00e9 dels cantorals lit\u00fargics. Quan els ministres arriben al presbiteri, fan rever\u00e8ncia a l\u2019altar inclinant el cos i els ministres ordenats besen l\u2019altar. Seguidament, si s\u2019escau, s\u2019encensa l\u2019altar, la creu i la imatge del titular del temple o de la Mare de D\u00e9u, si es vol.<\/p>\n<p>El president de la celebraci\u00f3 eucar\u00edstica inicia la missa amb el senyal de la creu i amb la salutaci\u00f3 lit\u00fargica: \u201cEl Senyor sigui amb vosaltres\u201d o les altres salutacions que figuren en el Missal. En el cas del bisbe, saluda dient: \u201cLa pau sigui amb vosaltres\u201d.<\/p>\n<p>Seguidament, s\u2019introdueix els fidels a la celebraci\u00f3 i s\u2019invita a realitzar l\u2019acte penitencial, tot fent uns moments de silenci. L\u2019acte penitencial es pot realitzar de tres maneres, encara que en destacarem dues: una primera opci\u00f3, en la qual es recita el \u201cJo confesso\u201d i el celebrant d\u00f3na l\u2019absoluci\u00f3, seguint les invocacions \u201cSenyor, tingueu pietat. Crist, tingueu pietat. Senyor, tingueu pietat.\u201d. En l\u2019altra opci\u00f3, es realitzen tres invocacions, seguides del \u201cSenyor tingueu pietat\u201d; \u201cCrist, tingueu pietat\u201d; \u201cSenyor, tingueu pietat\u201d. Seguidament, es d\u00f3na l\u2019absoluci\u00f3.<\/p>\n<p>Un cop finalitzat l\u2019acte penitencial, els diumenges \u2013fora de l\u2019Advent i de la Quaresma\u2013 i en les festes i solemnitats, es canta o recita l\u2019himne \u201cGl\u00f2ria a D\u00e9u a dalt del cel\u201d.<\/p>\n<p>Quan acaba l\u2019himne del \u201cGl\u00f2ria\u201d, el celebrant introdueix a la preg\u00e0ria anomenada \u201ccol\u00b7lecta\u201d dient: \u201cPreguem\u201d. I es deixa uns instants de silenci, per tal de permetre a l\u2019assemblea de poder pregar interiorment. Aleshores, el celebrant segueix amb una oraci\u00f3 que recull les preg\u00e0ries que l\u2019assemblea a fet en silenci interiorment i que per aix\u00f2 s\u2019anomena a aquesta oraci\u00f3 com a \u201ccol\u00b7lecta\u201d. Cal dir que aquesta oraci\u00f3 va en conson\u00e0ncia amb el fil conductor de la lit\u00fargia del dia. Aquesta oraci\u00f3 acaba amb una invocaci\u00f3 i lloan\u00e7a (\u201cdoxologia\u201d) a la Trinitat, en qu\u00e8 s\u2019expressa que all\u00f2 que demanem ho fem per mitj\u00e0 de les tres persones divines, Pare, Fill i Esperit Sant.<\/p>\n<p>Un cop finalitzada l\u2019oraci\u00f3 col\u00b7lecta, tothom seu i aix\u00ed acaba aquesta primera part de la missa, donant pas a la Lit\u00fargia de la Paraula.<\/p>\n<\/div>\n<\/div><\/div><\/div><\/div><\/div>","protected":false},"excerpt":{"rendered":"<p>La missa sempre s\u2019inicia amb una process\u00f3 per part dels ministres des de la sagristia fins el presbiteri. Mentrestant, es canta una ant\u00edfona o cant d\u2019entrada, que es pot prendre del mateix Missal Rom\u00e0 o b\u00e9 dels cantorals lit\u00fargics. Quan els ministres arriben al presbiteri, fan rever\u00e8ncia a l\u2019altar inclinant el cos i els ministres [&hellip;]<\/p>\n","protected":false},"author":1,"featured_media":0,"parent":11613,"menu_order":2,"comment_status":"closed","ping_status":"closed","template":"","meta":{"_acf_changed":false,"inline_featured_image":false,"footnotes":""},"class_list":["post-11619","page","type-page","status-publish","hentry"],"acf":[],"yoast_head":"<!-- This site is optimized with the Yoast SEO plugin v27.3 - https:\/\/yoast.com\/product\/yoast-seo-wordpress\/ -->\n<title>Els ritus introductoris - CPL<\/title>\n<meta name=\"robots\" content=\"index, follow, max-snippet:-1, max-image-preview:large, max-video-preview:-1\" \/>\n<link rel=\"canonical\" href=\"https:\/\/www.cpl.es\/ca\/blog\/vida-liturgica\/la-missa\/els-ritus-introductoris\/\" \/>\n<meta property=\"og:locale\" content=\"ca_ES\" \/>\n<meta property=\"og:type\" content=\"article\" \/>\n<meta property=\"og:title\" content=\"Els ritus introductoris - CPL\" \/>\n<meta property=\"og:description\" content=\"La missa sempre s\u2019inicia amb una process\u00f3 per part dels ministres des de la sagristia fins el presbiteri. Mentrestant, es canta una ant\u00edfona o cant d\u2019entrada, que es pot prendre del mateix Missal Rom\u00e0 o b\u00e9 dels cantorals lit\u00fargics. Quan els ministres arriben al presbiteri, fan rever\u00e8ncia a l\u2019altar inclinant el cos i els ministres [&hellip;]\" \/>\n<meta property=\"og:url\" content=\"https:\/\/www.cpl.es\/ca\/blog\/vida-liturgica\/la-missa\/els-ritus-introductoris\/\" \/>\n<meta property=\"og:site_name\" content=\"CPL\" \/>\n<meta property=\"article:modified_time\" content=\"2023-12-14T16:02:55+00:00\" \/>\n<meta property=\"og:image\" content=\"https:\/\/www.cpl.es\/wp-content\/uploads\/2-2-Ritus-introductoris-e1434642385435.jpg\" \/>\n\t<meta property=\"og:image:width\" content=\"334\" \/>\n\t<meta property=\"og:image:height\" content=\"190\" \/>\n\t<meta property=\"og:image:type\" content=\"image\/jpeg\" \/>\n<meta name=\"twitter:card\" content=\"summary_large_image\" \/>\n<meta name=\"twitter:label1\" content=\"Temps estimat de lectura\" \/>\n\t<meta name=\"twitter:data1\" content=\"2 minuts\" \/>\n<script type=\"application\/ld+json\" class=\"yoast-schema-graph\">{\"@context\":\"https:\\\/\\\/schema.org\",\"@graph\":[{\"@type\":\"WebPage\",\"@id\":\"https:\\\/\\\/www.cpl.es\\\/ca\\\/blog\\\/vida-liturgica\\\/la-missa\\\/els-ritus-introductoris\\\/\",\"url\":\"https:\\\/\\\/www.cpl.es\\\/ca\\\/blog\\\/vida-liturgica\\\/la-missa\\\/els-ritus-introductoris\\\/\",\"name\":\"Els ritus introductoris - CPL\",\"isPartOf\":{\"@id\":\"https:\\\/\\\/www.cpl.es\\\/#website\"},\"primaryImageOfPage\":{\"@id\":\"https:\\\/\\\/www.cpl.es\\\/ca\\\/blog\\\/vida-liturgica\\\/la-missa\\\/els-ritus-introductoris\\\/#primaryimage\"},\"image\":{\"@id\":\"https:\\\/\\\/www.cpl.es\\\/ca\\\/blog\\\/vida-liturgica\\\/la-missa\\\/els-ritus-introductoris\\\/#primaryimage\"},\"thumbnailUrl\":\"https:\\\/\\\/www.cpl.es\\\/wp-content\\\/uploads\\\/2-2-Ritus-introductoris-e1434642385435-300x171.jpg\",\"datePublished\":\"2023-11-29T17:40:45+00:00\",\"dateModified\":\"2023-12-14T16:02:55+00:00\",\"breadcrumb\":{\"@id\":\"https:\\\/\\\/www.cpl.es\\\/ca\\\/blog\\\/vida-liturgica\\\/la-missa\\\/els-ritus-introductoris\\\/#breadcrumb\"},\"inLanguage\":\"ca\",\"potentialAction\":[{\"@type\":\"ReadAction\",\"target\":[\"https:\\\/\\\/www.cpl.es\\\/ca\\\/blog\\\/vida-liturgica\\\/la-missa\\\/els-ritus-introductoris\\\/\"]}]},{\"@type\":\"ImageObject\",\"inLanguage\":\"ca\",\"@id\":\"https:\\\/\\\/www.cpl.es\\\/ca\\\/blog\\\/vida-liturgica\\\/la-missa\\\/els-ritus-introductoris\\\/#primaryimage\",\"url\":\"https:\\\/\\\/www.cpl.es\\\/wp-content\\\/uploads\\\/2-2-Ritus-introductoris-e1434642385435-300x171.jpg\",\"contentUrl\":\"https:\\\/\\\/www.cpl.es\\\/wp-content\\\/uploads\\\/2-2-Ritus-introductoris-e1434642385435-300x171.jpg\"},{\"@type\":\"BreadcrumbList\",\"@id\":\"https:\\\/\\\/www.cpl.es\\\/ca\\\/blog\\\/vida-liturgica\\\/la-missa\\\/els-ritus-introductoris\\\/#breadcrumb\",\"itemListElement\":[{\"@type\":\"ListItem\",\"position\":1,\"name\":\"Portada\",\"item\":\"https:\\\/\\\/www.cpl.es\\\/ca\\\/\"},{\"@type\":\"ListItem\",\"position\":2,\"name\":\"Blog\",\"item\":\"https:\\\/\\\/www.cpl.es\\\/ca\\\/blog\\\/\"},{\"@type\":\"ListItem\",\"position\":3,\"name\":\"Vida lit\u00fargica\",\"item\":\"https:\\\/\\\/www.cpl.es\\\/ca\\\/blog\\\/vida-liturgica\\\/\"},{\"@type\":\"ListItem\",\"position\":4,\"name\":\"La missa\",\"item\":\"https:\\\/\\\/www.cpl.es\\\/ca\\\/blog\\\/vida-liturgica\\\/la-missa\\\/\"},{\"@type\":\"ListItem\",\"position\":5,\"name\":\"Els ritus introductoris\"}]},{\"@type\":\"WebSite\",\"@id\":\"https:\\\/\\\/www.cpl.es\\\/#website\",\"url\":\"https:\\\/\\\/www.cpl.es\\\/\",\"name\":\"CPL\",\"description\":\"Centre de Pastoral Lit\u00fargica de Barcelona\",\"publisher\":{\"@id\":\"https:\\\/\\\/www.cpl.es\\\/#organization\"},\"alternateName\":\"Centre de Pastoral Lit\u00fargica\",\"potentialAction\":[{\"@type\":\"SearchAction\",\"target\":{\"@type\":\"EntryPoint\",\"urlTemplate\":\"https:\\\/\\\/www.cpl.es\\\/?s={search_term_string}\"},\"query-input\":{\"@type\":\"PropertyValueSpecification\",\"valueRequired\":true,\"valueName\":\"search_term_string\"}}],\"inLanguage\":\"ca\"},{\"@type\":\"Organization\",\"@id\":\"https:\\\/\\\/www.cpl.es\\\/#organization\",\"name\":\"Centre de Pastoral Lit\u00fargica\",\"alternateName\":\"Centre de Pastoral Lit\u00fargica de Barcelona\",\"url\":\"https:\\\/\\\/www.cpl.es\\\/\",\"logo\":{\"@type\":\"ImageObject\",\"inLanguage\":\"ca\",\"@id\":\"https:\\\/\\\/www.cpl.es\\\/#\\\/schema\\\/logo\\\/image\\\/\",\"url\":\"https:\\\/\\\/www.cpl.es\\\/wp-content\\\/uploads\\\/logo-cpl.svg\",\"contentUrl\":\"https:\\\/\\\/www.cpl.es\\\/wp-content\\\/uploads\\\/logo-cpl.svg\",\"caption\":\"Centre de Pastoral Lit\u00fargica\"},\"image\":{\"@id\":\"https:\\\/\\\/www.cpl.es\\\/#\\\/schema\\\/logo\\\/image\\\/\"}}]}<\/script>\n<!-- \/ Yoast SEO plugin. -->","yoast_head_json":{"title":"Els ritus introductoris - CPL","robots":{"index":"index","follow":"follow","max-snippet":"max-snippet:-1","max-image-preview":"max-image-preview:large","max-video-preview":"max-video-preview:-1"},"canonical":"https:\/\/www.cpl.es\/ca\/blog\/vida-liturgica\/la-missa\/els-ritus-introductoris\/","og_locale":"ca_ES","og_type":"article","og_title":"Els ritus introductoris - CPL","og_description":"La missa sempre s\u2019inicia amb una process\u00f3 per part dels ministres des de la sagristia fins el presbiteri. Mentrestant, es canta una ant\u00edfona o cant d\u2019entrada, que es pot prendre del mateix Missal Rom\u00e0 o b\u00e9 dels cantorals lit\u00fargics. Quan els ministres arriben al presbiteri, fan rever\u00e8ncia a l\u2019altar inclinant el cos i els ministres [&hellip;]","og_url":"https:\/\/www.cpl.es\/ca\/blog\/vida-liturgica\/la-missa\/els-ritus-introductoris\/","og_site_name":"CPL","article_modified_time":"2023-12-14T16:02:55+00:00","og_image":[{"width":334,"height":190,"url":"https:\/\/www.cpl.es\/wp-content\/uploads\/2-2-Ritus-introductoris-e1434642385435.jpg","type":"image\/jpeg"}],"twitter_card":"summary_large_image","twitter_misc":{"Temps estimat de lectura":"2 minuts"},"schema":{"@context":"https:\/\/schema.org","@graph":[{"@type":"WebPage","@id":"https:\/\/www.cpl.es\/ca\/blog\/vida-liturgica\/la-missa\/els-ritus-introductoris\/","url":"https:\/\/www.cpl.es\/ca\/blog\/vida-liturgica\/la-missa\/els-ritus-introductoris\/","name":"Els ritus introductoris - CPL","isPartOf":{"@id":"https:\/\/www.cpl.es\/#website"},"primaryImageOfPage":{"@id":"https:\/\/www.cpl.es\/ca\/blog\/vida-liturgica\/la-missa\/els-ritus-introductoris\/#primaryimage"},"image":{"@id":"https:\/\/www.cpl.es\/ca\/blog\/vida-liturgica\/la-missa\/els-ritus-introductoris\/#primaryimage"},"thumbnailUrl":"https:\/\/www.cpl.es\/wp-content\/uploads\/2-2-Ritus-introductoris-e1434642385435-300x171.jpg","datePublished":"2023-11-29T17:40:45+00:00","dateModified":"2023-12-14T16:02:55+00:00","breadcrumb":{"@id":"https:\/\/www.cpl.es\/ca\/blog\/vida-liturgica\/la-missa\/els-ritus-introductoris\/#breadcrumb"},"inLanguage":"ca","potentialAction":[{"@type":"ReadAction","target":["https:\/\/www.cpl.es\/ca\/blog\/vida-liturgica\/la-missa\/els-ritus-introductoris\/"]}]},{"@type":"ImageObject","inLanguage":"ca","@id":"https:\/\/www.cpl.es\/ca\/blog\/vida-liturgica\/la-missa\/els-ritus-introductoris\/#primaryimage","url":"https:\/\/www.cpl.es\/wp-content\/uploads\/2-2-Ritus-introductoris-e1434642385435-300x171.jpg","contentUrl":"https:\/\/www.cpl.es\/wp-content\/uploads\/2-2-Ritus-introductoris-e1434642385435-300x171.jpg"},{"@type":"BreadcrumbList","@id":"https:\/\/www.cpl.es\/ca\/blog\/vida-liturgica\/la-missa\/els-ritus-introductoris\/#breadcrumb","itemListElement":[{"@type":"ListItem","position":1,"name":"Portada","item":"https:\/\/www.cpl.es\/ca\/"},{"@type":"ListItem","position":2,"name":"Blog","item":"https:\/\/www.cpl.es\/ca\/blog\/"},{"@type":"ListItem","position":3,"name":"Vida lit\u00fargica","item":"https:\/\/www.cpl.es\/ca\/blog\/vida-liturgica\/"},{"@type":"ListItem","position":4,"name":"La missa","item":"https:\/\/www.cpl.es\/ca\/blog\/vida-liturgica\/la-missa\/"},{"@type":"ListItem","position":5,"name":"Els ritus introductoris"}]},{"@type":"WebSite","@id":"https:\/\/www.cpl.es\/#website","url":"https:\/\/www.cpl.es\/","name":"CPL","description":"Centre de Pastoral Lit\u00fargica de Barcelona","publisher":{"@id":"https:\/\/www.cpl.es\/#organization"},"alternateName":"Centre de Pastoral Lit\u00fargica","potentialAction":[{"@type":"SearchAction","target":{"@type":"EntryPoint","urlTemplate":"https:\/\/www.cpl.es\/?s={search_term_string}"},"query-input":{"@type":"PropertyValueSpecification","valueRequired":true,"valueName":"search_term_string"}}],"inLanguage":"ca"},{"@type":"Organization","@id":"https:\/\/www.cpl.es\/#organization","name":"Centre de Pastoral Lit\u00fargica","alternateName":"Centre de Pastoral Lit\u00fargica de Barcelona","url":"https:\/\/www.cpl.es\/","logo":{"@type":"ImageObject","inLanguage":"ca","@id":"https:\/\/www.cpl.es\/#\/schema\/logo\/image\/","url":"https:\/\/www.cpl.es\/wp-content\/uploads\/logo-cpl.svg","contentUrl":"https:\/\/www.cpl.es\/wp-content\/uploads\/logo-cpl.svg","caption":"Centre de Pastoral Lit\u00fargica"},"image":{"@id":"https:\/\/www.cpl.es\/#\/schema\/logo\/image\/"}}]}},"_links":{"self":[{"href":"https:\/\/www.cpl.es\/ca\/wp-json\/wp\/v2\/pages\/11619","targetHints":{"allow":["GET"]}}],"collection":[{"href":"https:\/\/www.cpl.es\/ca\/wp-json\/wp\/v2\/pages"}],"about":[{"href":"https:\/\/www.cpl.es\/ca\/wp-json\/wp\/v2\/types\/page"}],"author":[{"embeddable":true,"href":"https:\/\/www.cpl.es\/ca\/wp-json\/wp\/v2\/users\/1"}],"replies":[{"embeddable":true,"href":"https:\/\/www.cpl.es\/ca\/wp-json\/wp\/v2\/comments?post=11619"}],"version-history":[{"count":1,"href":"https:\/\/www.cpl.es\/ca\/wp-json\/wp\/v2\/pages\/11619\/revisions"}],"predecessor-version":[{"id":11620,"href":"https:\/\/www.cpl.es\/ca\/wp-json\/wp\/v2\/pages\/11619\/revisions\/11620"}],"up":[{"embeddable":true,"href":"https:\/\/www.cpl.es\/ca\/wp-json\/wp\/v2\/pages\/11613"}],"wp:attachment":[{"href":"https:\/\/www.cpl.es\/ca\/wp-json\/wp\/v2\/media?parent=11619"}],"curies":[{"name":"wp","href":"https:\/\/api.w.org\/{rel}","templated":true}]}}