{"id":11613,"date":"2023-11-28T17:12:35","date_gmt":"2023-11-28T16:12:35","guid":{"rendered":"https:\/\/nuevaweb.cpl.es\/?page_id=11613"},"modified":"2023-12-14T17:01:32","modified_gmt":"2023-12-14T16:01:32","slug":"la-missa","status":"publish","type":"page","link":"https:\/\/www.cpl.es\/ca\/blog\/vida-liturgica\/la-missa\/","title":{"rendered":"La missa"},"content":{"rendered":"<div id=\"pl-11613\"  class=\"panel-layout\" ><div id=\"pg-11613-0\"  class=\"panel-grid panel-no-style\" ><div id=\"pgc-11613-0-0\"  class=\"panel-grid-cell\" ><div id=\"panel-11613-0-0-0\" class=\"so-panel widget widget_sow-editor panel-first-child\" data-index=\"0\" ><div\n\t\t\t\n\t\t\tclass=\"so-widget-sow-editor so-widget-sow-editor-base\"\n\t\t\t\n\t\t>\n<div class=\"siteorigin-widget-tinymce textwidget\">\n\t<figure id=\"attachment_11614\" aria-describedby=\"caption-attachment-11614\" style=\"width: 259px\" class=\"wp-caption alignnone\"><img decoding=\"async\" class=\"wp-image-11614 size-full\" src=\"https:\/\/www.cpl.es\/wp-content\/uploads\/312-Al-principi-nomes-el-diumenge-2-e1434641947993.jpg\" alt=\"\" width=\"259\" height=\"371\" \/ fetchpriority=\"high\"><figcaption id=\"caption-attachment-11614\" class=\"wp-caption-text\">Cartell MD: Diumenge. El dia del Senyor.<\/figcaption><\/figure>\n<\/div>\n<\/div><\/div><ul class=\"loop-paginas\"><li><a href=\"https:\/\/www.cpl.es\/ca\/blog\/vida-liturgica\/la-missa\/que-es-la-missa\/\">Qu\u00e8 \u00e9s la missa<\/a><\/li><li><a href=\"https:\/\/www.cpl.es\/ca\/blog\/vida-liturgica\/la-missa\/els-ritus-introductoris\/\">Els ritus introductoris<\/a><\/li><li><a href=\"https:\/\/www.cpl.es\/ca\/blog\/vida-liturgica\/la-missa\/la-liturgia-de-la-paraula\/\">La Lit\u00fargia de la Paraula<\/a><\/li><li><a href=\"https:\/\/www.cpl.es\/ca\/blog\/vida-liturgica\/la-missa\/la-liturgia-de-leucaristia-la-pregaria-eucaristica\/\">La Lit\u00fargia de l\u2019Eucaristia: la Preg\u00e0ria Eucar\u00edstica<\/a><\/li><li><a href=\"https:\/\/www.cpl.es\/ca\/blog\/vida-liturgica\/la-missa\/la-liturgia-de-leucaristia-la-comunio\/\">La Lit\u00fargia de l\u2019Eucaristia: la Comuni\u00f3<\/a><\/li><\/ul><div id=\"panel-11613-0-0-1\" class=\"so-panel widget widget_sow-editor panel-last-child\" data-index=\"1\" ><div\n\t\t\t\n\t\t\tclass=\"so-widget-sow-editor so-widget-sow-editor-base\"\n\t\t\t\n\t\t>\n<div class=\"siteorigin-widget-tinymce textwidget\">\n\t\n<\/div>\n<\/div><\/div><\/div><\/div><\/div>","protected":false},"excerpt":{"rendered":"<p>Cartell MD: Diumenge. El dia del Senyor. Qu\u00e8 \u00e9s la missaEls ritus introductorisLa Lit\u00fargia de la ParaulaLa Lit\u00fargia de l\u2019Eucaristia: la Preg\u00e0ria Eucar\u00edsticaLa Lit\u00fargia de l\u2019Eucaristia: la Comuni\u00f3<\/p>\n","protected":false},"author":1,"featured_media":0,"parent":11099,"menu_order":4,"comment_status":"closed","ping_status":"closed","template":"","meta":{"_acf_changed":false,"inline_featured_image":false,"footnotes":""},"class_list":["post-11613","page","type-page","status-publish","hentry"],"acf":[],"yoast_head":"<!-- This site is optimized with the Yoast SEO plugin v27.3 - https:\/\/yoast.com\/product\/yoast-seo-wordpress\/ -->\n<title>La missa - CPL<\/title>\n<meta name=\"robots\" content=\"index, follow, max-snippet:-1, max-image-preview:large, max-video-preview:-1\" \/>\n<link rel=\"canonical\" href=\"https:\/\/www.cpl.es\/ca\/blog\/vida-liturgica\/la-missa\/\" \/>\n<meta property=\"og:locale\" content=\"ca_ES\" \/>\n<meta property=\"og:type\" content=\"article\" \/>\n<meta property=\"og:title\" content=\"La missa - CPL\" \/>\n<meta property=\"og:description\" content=\"Cartell MD: Diumenge. El dia del Senyor. Qu\u00e8 \u00e9s la missaEls ritus introductorisLa Lit\u00fargia de la ParaulaLa Lit\u00fargia de l\u2019Eucaristia: la Preg\u00e0ria Eucar\u00edsticaLa Lit\u00fargia de l\u2019Eucaristia: la Comuni\u00f3\" \/>\n<meta property=\"og:url\" content=\"https:\/\/www.cpl.es\/ca\/blog\/vida-liturgica\/la-missa\/\" \/>\n<meta property=\"og:site_name\" content=\"CPL\" \/>\n<meta property=\"article:modified_time\" content=\"2023-12-14T16:01:32+00:00\" \/>\n<meta property=\"og:image\" content=\"https:\/\/www.cpl.es\/wp-content\/uploads\/312-Al-principi-nomes-el-diumenge-2-e1434641947993.jpg\" \/>\n\t<meta property=\"og:image:width\" content=\"259\" \/>\n\t<meta property=\"og:image:height\" content=\"371\" \/>\n\t<meta property=\"og:image:type\" content=\"image\/jpeg\" \/>\n<meta name=\"twitter:card\" content=\"summary_large_image\" \/>\n<script type=\"application\/ld+json\" class=\"yoast-schema-graph\">{\"@context\":\"https:\\\/\\\/schema.org\",\"@graph\":[{\"@type\":\"WebPage\",\"@id\":\"https:\\\/\\\/www.cpl.es\\\/ca\\\/blog\\\/vida-liturgica\\\/la-missa\\\/\",\"url\":\"https:\\\/\\\/www.cpl.es\\\/ca\\\/blog\\\/vida-liturgica\\\/la-missa\\\/\",\"name\":\"La missa - CPL\",\"isPartOf\":{\"@id\":\"https:\\\/\\\/www.cpl.es\\\/#website\"},\"primaryImageOfPage\":{\"@id\":\"https:\\\/\\\/www.cpl.es\\\/ca\\\/blog\\\/vida-liturgica\\\/la-missa\\\/#primaryimage\"},\"image\":{\"@id\":\"https:\\\/\\\/www.cpl.es\\\/ca\\\/blog\\\/vida-liturgica\\\/la-missa\\\/#primaryimage\"},\"thumbnailUrl\":\"https:\\\/\\\/www.cpl.es\\\/wp-content\\\/uploads\\\/312-Al-principi-nomes-el-diumenge-2-e1434641947993.jpg\",\"datePublished\":\"2023-11-28T16:12:35+00:00\",\"dateModified\":\"2023-12-14T16:01:32+00:00\",\"breadcrumb\":{\"@id\":\"https:\\\/\\\/www.cpl.es\\\/ca\\\/blog\\\/vida-liturgica\\\/la-missa\\\/#breadcrumb\"},\"inLanguage\":\"ca\",\"potentialAction\":[{\"@type\":\"ReadAction\",\"target\":[\"https:\\\/\\\/www.cpl.es\\\/ca\\\/blog\\\/vida-liturgica\\\/la-missa\\\/\"]}]},{\"@type\":\"ImageObject\",\"inLanguage\":\"ca\",\"@id\":\"https:\\\/\\\/www.cpl.es\\\/ca\\\/blog\\\/vida-liturgica\\\/la-missa\\\/#primaryimage\",\"url\":\"https:\\\/\\\/www.cpl.es\\\/wp-content\\\/uploads\\\/312-Al-principi-nomes-el-diumenge-2-e1434641947993.jpg\",\"contentUrl\":\"https:\\\/\\\/www.cpl.es\\\/wp-content\\\/uploads\\\/312-Al-principi-nomes-el-diumenge-2-e1434641947993.jpg\"},{\"@type\":\"BreadcrumbList\",\"@id\":\"https:\\\/\\\/www.cpl.es\\\/ca\\\/blog\\\/vida-liturgica\\\/la-missa\\\/#breadcrumb\",\"itemListElement\":[{\"@type\":\"ListItem\",\"position\":1,\"name\":\"Portada\",\"item\":\"https:\\\/\\\/www.cpl.es\\\/ca\\\/\"},{\"@type\":\"ListItem\",\"position\":2,\"name\":\"Blog\",\"item\":\"https:\\\/\\\/www.cpl.es\\\/ca\\\/blog\\\/\"},{\"@type\":\"ListItem\",\"position\":3,\"name\":\"Vida lit\u00fargica\",\"item\":\"https:\\\/\\\/www.cpl.es\\\/ca\\\/blog\\\/vida-liturgica\\\/\"},{\"@type\":\"ListItem\",\"position\":4,\"name\":\"La missa\"}]},{\"@type\":\"WebSite\",\"@id\":\"https:\\\/\\\/www.cpl.es\\\/#website\",\"url\":\"https:\\\/\\\/www.cpl.es\\\/\",\"name\":\"CPL\",\"description\":\"Centre de Pastoral Lit\u00fargica de Barcelona\",\"publisher\":{\"@id\":\"https:\\\/\\\/www.cpl.es\\\/#organization\"},\"alternateName\":\"Centre de Pastoral Lit\u00fargica\",\"potentialAction\":[{\"@type\":\"SearchAction\",\"target\":{\"@type\":\"EntryPoint\",\"urlTemplate\":\"https:\\\/\\\/www.cpl.es\\\/?s={search_term_string}\"},\"query-input\":{\"@type\":\"PropertyValueSpecification\",\"valueRequired\":true,\"valueName\":\"search_term_string\"}}],\"inLanguage\":\"ca\"},{\"@type\":\"Organization\",\"@id\":\"https:\\\/\\\/www.cpl.es\\\/#organization\",\"name\":\"Centre de Pastoral Lit\u00fargica\",\"alternateName\":\"Centre de Pastoral Lit\u00fargica de Barcelona\",\"url\":\"https:\\\/\\\/www.cpl.es\\\/\",\"logo\":{\"@type\":\"ImageObject\",\"inLanguage\":\"ca\",\"@id\":\"https:\\\/\\\/www.cpl.es\\\/#\\\/schema\\\/logo\\\/image\\\/\",\"url\":\"https:\\\/\\\/www.cpl.es\\\/wp-content\\\/uploads\\\/logo-cpl.svg\",\"contentUrl\":\"https:\\\/\\\/www.cpl.es\\\/wp-content\\\/uploads\\\/logo-cpl.svg\",\"caption\":\"Centre de Pastoral Lit\u00fargica\"},\"image\":{\"@id\":\"https:\\\/\\\/www.cpl.es\\\/#\\\/schema\\\/logo\\\/image\\\/\"}}]}<\/script>\n<!-- \/ Yoast SEO plugin. -->","yoast_head_json":{"title":"La missa - CPL","robots":{"index":"index","follow":"follow","max-snippet":"max-snippet:-1","max-image-preview":"max-image-preview:large","max-video-preview":"max-video-preview:-1"},"canonical":"https:\/\/www.cpl.es\/ca\/blog\/vida-liturgica\/la-missa\/","og_locale":"ca_ES","og_type":"article","og_title":"La missa - CPL","og_description":"Cartell MD: Diumenge. El dia del Senyor. Qu\u00e8 \u00e9s la missaEls ritus introductorisLa Lit\u00fargia de la ParaulaLa Lit\u00fargia de l\u2019Eucaristia: la Preg\u00e0ria Eucar\u00edsticaLa Lit\u00fargia de l\u2019Eucaristia: la Comuni\u00f3","og_url":"https:\/\/www.cpl.es\/ca\/blog\/vida-liturgica\/la-missa\/","og_site_name":"CPL","article_modified_time":"2023-12-14T16:01:32+00:00","og_image":[{"width":259,"height":371,"url":"https:\/\/www.cpl.es\/wp-content\/uploads\/312-Al-principi-nomes-el-diumenge-2-e1434641947993.jpg","type":"image\/jpeg"}],"twitter_card":"summary_large_image","schema":{"@context":"https:\/\/schema.org","@graph":[{"@type":"WebPage","@id":"https:\/\/www.cpl.es\/ca\/blog\/vida-liturgica\/la-missa\/","url":"https:\/\/www.cpl.es\/ca\/blog\/vida-liturgica\/la-missa\/","name":"La missa - CPL","isPartOf":{"@id":"https:\/\/www.cpl.es\/#website"},"primaryImageOfPage":{"@id":"https:\/\/www.cpl.es\/ca\/blog\/vida-liturgica\/la-missa\/#primaryimage"},"image":{"@id":"https:\/\/www.cpl.es\/ca\/blog\/vida-liturgica\/la-missa\/#primaryimage"},"thumbnailUrl":"https:\/\/www.cpl.es\/wp-content\/uploads\/312-Al-principi-nomes-el-diumenge-2-e1434641947993.jpg","datePublished":"2023-11-28T16:12:35+00:00","dateModified":"2023-12-14T16:01:32+00:00","breadcrumb":{"@id":"https:\/\/www.cpl.es\/ca\/blog\/vida-liturgica\/la-missa\/#breadcrumb"},"inLanguage":"ca","potentialAction":[{"@type":"ReadAction","target":["https:\/\/www.cpl.es\/ca\/blog\/vida-liturgica\/la-missa\/"]}]},{"@type":"ImageObject","inLanguage":"ca","@id":"https:\/\/www.cpl.es\/ca\/blog\/vida-liturgica\/la-missa\/#primaryimage","url":"https:\/\/www.cpl.es\/wp-content\/uploads\/312-Al-principi-nomes-el-diumenge-2-e1434641947993.jpg","contentUrl":"https:\/\/www.cpl.es\/wp-content\/uploads\/312-Al-principi-nomes-el-diumenge-2-e1434641947993.jpg"},{"@type":"BreadcrumbList","@id":"https:\/\/www.cpl.es\/ca\/blog\/vida-liturgica\/la-missa\/#breadcrumb","itemListElement":[{"@type":"ListItem","position":1,"name":"Portada","item":"https:\/\/www.cpl.es\/ca\/"},{"@type":"ListItem","position":2,"name":"Blog","item":"https:\/\/www.cpl.es\/ca\/blog\/"},{"@type":"ListItem","position":3,"name":"Vida lit\u00fargica","item":"https:\/\/www.cpl.es\/ca\/blog\/vida-liturgica\/"},{"@type":"ListItem","position":4,"name":"La missa"}]},{"@type":"WebSite","@id":"https:\/\/www.cpl.es\/#website","url":"https:\/\/www.cpl.es\/","name":"CPL","description":"Centre de Pastoral Lit\u00fargica de Barcelona","publisher":{"@id":"https:\/\/www.cpl.es\/#organization"},"alternateName":"Centre de Pastoral Lit\u00fargica","potentialAction":[{"@type":"SearchAction","target":{"@type":"EntryPoint","urlTemplate":"https:\/\/www.cpl.es\/?s={search_term_string}"},"query-input":{"@type":"PropertyValueSpecification","valueRequired":true,"valueName":"search_term_string"}}],"inLanguage":"ca"},{"@type":"Organization","@id":"https:\/\/www.cpl.es\/#organization","name":"Centre de Pastoral Lit\u00fargica","alternateName":"Centre de Pastoral Lit\u00fargica de Barcelona","url":"https:\/\/www.cpl.es\/","logo":{"@type":"ImageObject","inLanguage":"ca","@id":"https:\/\/www.cpl.es\/#\/schema\/logo\/image\/","url":"https:\/\/www.cpl.es\/wp-content\/uploads\/logo-cpl.svg","contentUrl":"https:\/\/www.cpl.es\/wp-content\/uploads\/logo-cpl.svg","caption":"Centre de Pastoral Lit\u00fargica"},"image":{"@id":"https:\/\/www.cpl.es\/#\/schema\/logo\/image\/"}}]}},"_links":{"self":[{"href":"https:\/\/www.cpl.es\/ca\/wp-json\/wp\/v2\/pages\/11613","targetHints":{"allow":["GET"]}}],"collection":[{"href":"https:\/\/www.cpl.es\/ca\/wp-json\/wp\/v2\/pages"}],"about":[{"href":"https:\/\/www.cpl.es\/ca\/wp-json\/wp\/v2\/types\/page"}],"author":[{"embeddable":true,"href":"https:\/\/www.cpl.es\/ca\/wp-json\/wp\/v2\/users\/1"}],"replies":[{"embeddable":true,"href":"https:\/\/www.cpl.es\/ca\/wp-json\/wp\/v2\/comments?post=11613"}],"version-history":[{"count":1,"href":"https:\/\/www.cpl.es\/ca\/wp-json\/wp\/v2\/pages\/11613\/revisions"}],"predecessor-version":[{"id":11616,"href":"https:\/\/www.cpl.es\/ca\/wp-json\/wp\/v2\/pages\/11613\/revisions\/11616"}],"up":[{"embeddable":true,"href":"https:\/\/www.cpl.es\/ca\/wp-json\/wp\/v2\/pages\/11099"}],"wp:attachment":[{"href":"https:\/\/www.cpl.es\/ca\/wp-json\/wp\/v2\/media?parent=11613"}],"curies":[{"name":"wp","href":"https:\/\/api.w.org\/{rel}","templated":true}]}}