{"id":11611,"date":"2023-11-29T18:23:13","date_gmt":"2023-11-29T17:23:13","guid":{"rendered":"https:\/\/nuevaweb.cpl.es\/?page_id=11611"},"modified":"2023-12-14T16:56:40","modified_gmt":"2023-12-14T15:56:40","slug":"materials-per-a-la-trinitat-i-corpus","status":"publish","type":"page","link":"https:\/\/www.cpl.es\/ca\/blog\/vida-liturgica\/temps-liturgics\/materials-recomanats-segons-els-temps-liturgics\/materials-per-a-la-trinitat-i-corpus\/","title":{"rendered":"Materials per a la Trinitat i Corpus"},"content":{"rendered":"<div id=\"pl-11611\"  class=\"panel-layout\" ><div id=\"pg-11611-0\"  class=\"panel-grid panel-no-style\" ><div id=\"pgc-11611-0-0\"  class=\"panel-grid-cell\" ><div id=\"panel-11611-0-0-0\" class=\"so-panel widget widget_sow-editor panel-first-child panel-last-child\" data-index=\"0\" ><div\n\t\t\t\n\t\t\tclass=\"so-widget-sow-editor so-widget-sow-editor-base\"\n\t\t\t\n\t\t>\n<div class=\"siteorigin-widget-tinymce textwidget\">\n\t<p>Els dos primers diumenges del temps de durant l\u2019any, un cop acabada la Cinquantena Pasqual, celebrem dues festes lit\u00fargiques importants: la Sant\u00edssima Trinitat i Corpus. En els fulls per a la celebraci\u00f3 corresponents hi ha els suggeriments principals, per\u00f2 aqu\u00ed us n\u2019oferim alguns m\u00e9s:<\/p>\n<p>Per a la solemnitat de la\u00a0<strong>Sant\u00edssima Trinitat<\/strong>\u00a0tenim el\u00a0<strong>full verd<\/strong>\u00a0titulat \u00abCinc claus per participar en la Trinitat\u00bb\u00a0(<em>Any cristi\u00e0<\/em>, 48) que es pot utilitzar com a catequesi sobre el sentit d\u2019aquesta festa lit\u00fargica i del que significa la Sant\u00edssima Trinitat en la fe i en la vida cristianes.<\/p>\n<p>Per a la solemnitat del\u00a0<strong>Sant\u00edssim Cos i Sang de Crist<\/strong>\u00a0(aquest \u00e9s el nom oficial de la festa segons la 3\u00aa edici\u00f3 del\u00a0<em>Missal Rom\u00e0<\/em>), en el full per a la celebraci\u00f3 proposem un senzill signe d\u2019adoraci\u00f3 eucar\u00edstica per fer al final de totes les misses, amb un moment de preg\u00e0ria deixant damunt de l\u2019altar la patena o el cop\u00f3, despr\u00e9s de la comuni\u00f3, abans de la reserva. Tenim, per\u00f2, altres propostes per al final de la missa de Corpus que es poden incorporar si es veuen adients:<\/p>\n<ul>\n<li>En el\u00a0<strong>full verd<\/strong>\u00a0<em>Any cristi\u00e0<\/em>, 49 es proposa una prolongaci\u00f3 d\u2019aquest mateix acte al final de la missa amb estona m\u00e9s llarga de preg\u00e0ria davant l\u2019Eucaristia amb textos, oracions, cants\u2026 i al final es dona la benedicci\u00f3 amb el Sant\u00edssim.<\/li>\n<li>En el\u00a0<strong>full verd<\/strong>\u00a0<em>Any cristi\u00e0<\/em>, 52 es proposa una process\u00f3 per dins de l\u2019esgl\u00e9sia al final de la missa de Corpus, amb cust\u00f2dia, encens i benedicci\u00f3 amb el Sant\u00edssim.<\/li>\n<li>Altres\u00a0<strong>fulls verds<\/strong>\u00a0que poden ser \u00fatils: una proposta de \u00abVetlla de preg\u00e0ria davant el Sant\u00edssim fora de la missa entorn a la festa de Corpus\u00bb (<em>Any cristi\u00e0<\/em>, 28 i 29); una explicaci\u00f3 de l\u2019himne \u00abPange lingua\u00bb (<em>Any cristi\u00e0<\/em>, 36); una estona de preg\u00e0ria davant l\u2019Eucaristia (<em>Preg\u00e0ria<\/em>, 29).<\/li>\n<li>Finalment, el\u00a0<a href=\"https:\/\/bit.ly\/3vfdlYX\"><strong>cartell\u00a0<\/strong><\/a>\u00abEucaristia: Pa i Vi, aliment i pres\u00e8ncia per sempre\u00bb (<em>Sagraments<\/em>, 4).<\/li>\n<\/ul>\n<p>Poden accedir a altres\u00a0<strong>materials descarregables<\/strong>\u00a0i en obert clicant\u00a0<a href=\"https:\/\/www.cpl.es\/ca\/blog\/vida-liturgica\/temps-liturgics\/descarrega-de-materials-del-cpl-en-relacio-amb-els-temps-liturgics\/\">aqu\u00ed<\/a>.<\/p>\n<\/div>\n<\/div><\/div><\/div><\/div><\/div>","protected":false},"excerpt":{"rendered":"<p>Els dos primers diumenges del temps de durant l\u2019any, un cop acabada la Cinquantena Pasqual, celebrem dues festes lit\u00fargiques importants: la Sant\u00edssima Trinitat i Corpus. En els fulls per a la celebraci\u00f3 corresponents hi ha els suggeriments principals, per\u00f2 aqu\u00ed us n\u2019oferim alguns m\u00e9s: Per a la solemnitat de la\u00a0Sant\u00edssima Trinitat\u00a0tenim el\u00a0full verd\u00a0titulat \u00abCinc claus [&hellip;]<\/p>\n","protected":false},"author":1,"featured_media":0,"parent":11569,"menu_order":7,"comment_status":"closed","ping_status":"closed","template":"","meta":{"_acf_changed":false,"inline_featured_image":false,"footnotes":""},"class_list":["post-11611","page","type-page","status-publish","hentry"],"acf":[],"yoast_head":"<!-- This site is optimized with the Yoast SEO plugin v27.3 - https:\/\/yoast.com\/product\/yoast-seo-wordpress\/ -->\n<title>Materials per a la Trinitat i Corpus - CPL<\/title>\n<meta name=\"robots\" content=\"index, follow, max-snippet:-1, max-image-preview:large, max-video-preview:-1\" \/>\n<link rel=\"canonical\" href=\"https:\/\/www.cpl.es\/ca\/blog\/vida-liturgica\/temps-liturgics\/materials-recomanats-segons-els-temps-liturgics\/materials-per-a-la-trinitat-i-corpus\/\" \/>\n<meta property=\"og:locale\" content=\"ca_ES\" \/>\n<meta property=\"og:type\" content=\"article\" \/>\n<meta property=\"og:title\" content=\"Materials per a la Trinitat i Corpus - CPL\" \/>\n<meta property=\"og:description\" content=\"Els dos primers diumenges del temps de durant l\u2019any, un cop acabada la Cinquantena Pasqual, celebrem dues festes lit\u00fargiques importants: la Sant\u00edssima Trinitat i Corpus. En els fulls per a la celebraci\u00f3 corresponents hi ha els suggeriments principals, per\u00f2 aqu\u00ed us n\u2019oferim alguns m\u00e9s: Per a la solemnitat de la\u00a0Sant\u00edssima Trinitat\u00a0tenim el\u00a0full verd\u00a0titulat \u00abCinc claus [&hellip;]\" \/>\n<meta property=\"og:url\" content=\"https:\/\/www.cpl.es\/ca\/blog\/vida-liturgica\/temps-liturgics\/materials-recomanats-segons-els-temps-liturgics\/materials-per-a-la-trinitat-i-corpus\/\" \/>\n<meta property=\"og:site_name\" content=\"CPL\" \/>\n<meta property=\"article:modified_time\" content=\"2023-12-14T15:56:40+00:00\" \/>\n<meta name=\"twitter:card\" content=\"summary_large_image\" \/>\n<meta name=\"twitter:label1\" content=\"Temps estimat de lectura\" \/>\n\t<meta name=\"twitter:data1\" content=\"2 minuts\" \/>\n<script type=\"application\/ld+json\" class=\"yoast-schema-graph\">{\"@context\":\"https:\\\/\\\/schema.org\",\"@graph\":[{\"@type\":\"WebPage\",\"@id\":\"https:\\\/\\\/www.cpl.es\\\/ca\\\/blog\\\/vida-liturgica\\\/temps-liturgics\\\/materials-recomanats-segons-els-temps-liturgics\\\/materials-per-a-la-trinitat-i-corpus\\\/\",\"url\":\"https:\\\/\\\/www.cpl.es\\\/ca\\\/blog\\\/vida-liturgica\\\/temps-liturgics\\\/materials-recomanats-segons-els-temps-liturgics\\\/materials-per-a-la-trinitat-i-corpus\\\/\",\"name\":\"Materials per a la Trinitat i Corpus - CPL\",\"isPartOf\":{\"@id\":\"https:\\\/\\\/www.cpl.es\\\/#website\"},\"datePublished\":\"2023-11-29T17:23:13+00:00\",\"dateModified\":\"2023-12-14T15:56:40+00:00\",\"breadcrumb\":{\"@id\":\"https:\\\/\\\/www.cpl.es\\\/ca\\\/blog\\\/vida-liturgica\\\/temps-liturgics\\\/materials-recomanats-segons-els-temps-liturgics\\\/materials-per-a-la-trinitat-i-corpus\\\/#breadcrumb\"},\"inLanguage\":\"ca\",\"potentialAction\":[{\"@type\":\"ReadAction\",\"target\":[\"https:\\\/\\\/www.cpl.es\\\/ca\\\/blog\\\/vida-liturgica\\\/temps-liturgics\\\/materials-recomanats-segons-els-temps-liturgics\\\/materials-per-a-la-trinitat-i-corpus\\\/\"]}]},{\"@type\":\"BreadcrumbList\",\"@id\":\"https:\\\/\\\/www.cpl.es\\\/ca\\\/blog\\\/vida-liturgica\\\/temps-liturgics\\\/materials-recomanats-segons-els-temps-liturgics\\\/materials-per-a-la-trinitat-i-corpus\\\/#breadcrumb\",\"itemListElement\":[{\"@type\":\"ListItem\",\"position\":1,\"name\":\"Portada\",\"item\":\"https:\\\/\\\/www.cpl.es\\\/ca\\\/\"},{\"@type\":\"ListItem\",\"position\":2,\"name\":\"Blog\",\"item\":\"https:\\\/\\\/www.cpl.es\\\/ca\\\/blog\\\/\"},{\"@type\":\"ListItem\",\"position\":3,\"name\":\"Vida lit\u00fargica\",\"item\":\"https:\\\/\\\/www.cpl.es\\\/ca\\\/blog\\\/vida-liturgica\\\/\"},{\"@type\":\"ListItem\",\"position\":4,\"name\":\"Temps lit\u00fargics\",\"item\":\"https:\\\/\\\/www.cpl.es\\\/ca\\\/blog\\\/vida-liturgica\\\/temps-liturgics\\\/\"},{\"@type\":\"ListItem\",\"position\":5,\"name\":\"Materials recomanats segons els temps lit\u00fargics\",\"item\":\"https:\\\/\\\/www.cpl.es\\\/ca\\\/blog\\\/vida-liturgica\\\/temps-liturgics\\\/materials-recomanats-segons-els-temps-liturgics\\\/\"},{\"@type\":\"ListItem\",\"position\":6,\"name\":\"Materials per a la Trinitat i Corpus\"}]},{\"@type\":\"WebSite\",\"@id\":\"https:\\\/\\\/www.cpl.es\\\/#website\",\"url\":\"https:\\\/\\\/www.cpl.es\\\/\",\"name\":\"CPL\",\"description\":\"Centre de Pastoral Lit\u00fargica de Barcelona\",\"publisher\":{\"@id\":\"https:\\\/\\\/www.cpl.es\\\/#organization\"},\"alternateName\":\"Centre de Pastoral Lit\u00fargica\",\"potentialAction\":[{\"@type\":\"SearchAction\",\"target\":{\"@type\":\"EntryPoint\",\"urlTemplate\":\"https:\\\/\\\/www.cpl.es\\\/?s={search_term_string}\"},\"query-input\":{\"@type\":\"PropertyValueSpecification\",\"valueRequired\":true,\"valueName\":\"search_term_string\"}}],\"inLanguage\":\"ca\"},{\"@type\":\"Organization\",\"@id\":\"https:\\\/\\\/www.cpl.es\\\/#organization\",\"name\":\"Centre de Pastoral Lit\u00fargica\",\"alternateName\":\"Centre de Pastoral Lit\u00fargica de Barcelona\",\"url\":\"https:\\\/\\\/www.cpl.es\\\/\",\"logo\":{\"@type\":\"ImageObject\",\"inLanguage\":\"ca\",\"@id\":\"https:\\\/\\\/www.cpl.es\\\/#\\\/schema\\\/logo\\\/image\\\/\",\"url\":\"https:\\\/\\\/www.cpl.es\\\/wp-content\\\/uploads\\\/logo-cpl.svg\",\"contentUrl\":\"https:\\\/\\\/www.cpl.es\\\/wp-content\\\/uploads\\\/logo-cpl.svg\",\"caption\":\"Centre de Pastoral Lit\u00fargica\"},\"image\":{\"@id\":\"https:\\\/\\\/www.cpl.es\\\/#\\\/schema\\\/logo\\\/image\\\/\"}}]}<\/script>\n<!-- \/ Yoast SEO plugin. -->","yoast_head_json":{"title":"Materials per a la Trinitat i Corpus - CPL","robots":{"index":"index","follow":"follow","max-snippet":"max-snippet:-1","max-image-preview":"max-image-preview:large","max-video-preview":"max-video-preview:-1"},"canonical":"https:\/\/www.cpl.es\/ca\/blog\/vida-liturgica\/temps-liturgics\/materials-recomanats-segons-els-temps-liturgics\/materials-per-a-la-trinitat-i-corpus\/","og_locale":"ca_ES","og_type":"article","og_title":"Materials per a la Trinitat i Corpus - CPL","og_description":"Els dos primers diumenges del temps de durant l\u2019any, un cop acabada la Cinquantena Pasqual, celebrem dues festes lit\u00fargiques importants: la Sant\u00edssima Trinitat i Corpus. En els fulls per a la celebraci\u00f3 corresponents hi ha els suggeriments principals, per\u00f2 aqu\u00ed us n\u2019oferim alguns m\u00e9s: Per a la solemnitat de la\u00a0Sant\u00edssima Trinitat\u00a0tenim el\u00a0full verd\u00a0titulat \u00abCinc claus [&hellip;]","og_url":"https:\/\/www.cpl.es\/ca\/blog\/vida-liturgica\/temps-liturgics\/materials-recomanats-segons-els-temps-liturgics\/materials-per-a-la-trinitat-i-corpus\/","og_site_name":"CPL","article_modified_time":"2023-12-14T15:56:40+00:00","twitter_card":"summary_large_image","twitter_misc":{"Temps estimat de lectura":"2 minuts"},"schema":{"@context":"https:\/\/schema.org","@graph":[{"@type":"WebPage","@id":"https:\/\/www.cpl.es\/ca\/blog\/vida-liturgica\/temps-liturgics\/materials-recomanats-segons-els-temps-liturgics\/materials-per-a-la-trinitat-i-corpus\/","url":"https:\/\/www.cpl.es\/ca\/blog\/vida-liturgica\/temps-liturgics\/materials-recomanats-segons-els-temps-liturgics\/materials-per-a-la-trinitat-i-corpus\/","name":"Materials per a la Trinitat i Corpus - CPL","isPartOf":{"@id":"https:\/\/www.cpl.es\/#website"},"datePublished":"2023-11-29T17:23:13+00:00","dateModified":"2023-12-14T15:56:40+00:00","breadcrumb":{"@id":"https:\/\/www.cpl.es\/ca\/blog\/vida-liturgica\/temps-liturgics\/materials-recomanats-segons-els-temps-liturgics\/materials-per-a-la-trinitat-i-corpus\/#breadcrumb"},"inLanguage":"ca","potentialAction":[{"@type":"ReadAction","target":["https:\/\/www.cpl.es\/ca\/blog\/vida-liturgica\/temps-liturgics\/materials-recomanats-segons-els-temps-liturgics\/materials-per-a-la-trinitat-i-corpus\/"]}]},{"@type":"BreadcrumbList","@id":"https:\/\/www.cpl.es\/ca\/blog\/vida-liturgica\/temps-liturgics\/materials-recomanats-segons-els-temps-liturgics\/materials-per-a-la-trinitat-i-corpus\/#breadcrumb","itemListElement":[{"@type":"ListItem","position":1,"name":"Portada","item":"https:\/\/www.cpl.es\/ca\/"},{"@type":"ListItem","position":2,"name":"Blog","item":"https:\/\/www.cpl.es\/ca\/blog\/"},{"@type":"ListItem","position":3,"name":"Vida lit\u00fargica","item":"https:\/\/www.cpl.es\/ca\/blog\/vida-liturgica\/"},{"@type":"ListItem","position":4,"name":"Temps lit\u00fargics","item":"https:\/\/www.cpl.es\/ca\/blog\/vida-liturgica\/temps-liturgics\/"},{"@type":"ListItem","position":5,"name":"Materials recomanats segons els temps lit\u00fargics","item":"https:\/\/www.cpl.es\/ca\/blog\/vida-liturgica\/temps-liturgics\/materials-recomanats-segons-els-temps-liturgics\/"},{"@type":"ListItem","position":6,"name":"Materials per a la Trinitat i Corpus"}]},{"@type":"WebSite","@id":"https:\/\/www.cpl.es\/#website","url":"https:\/\/www.cpl.es\/","name":"CPL","description":"Centre de Pastoral Lit\u00fargica de Barcelona","publisher":{"@id":"https:\/\/www.cpl.es\/#organization"},"alternateName":"Centre de Pastoral Lit\u00fargica","potentialAction":[{"@type":"SearchAction","target":{"@type":"EntryPoint","urlTemplate":"https:\/\/www.cpl.es\/?s={search_term_string}"},"query-input":{"@type":"PropertyValueSpecification","valueRequired":true,"valueName":"search_term_string"}}],"inLanguage":"ca"},{"@type":"Organization","@id":"https:\/\/www.cpl.es\/#organization","name":"Centre de Pastoral Lit\u00fargica","alternateName":"Centre de Pastoral Lit\u00fargica de Barcelona","url":"https:\/\/www.cpl.es\/","logo":{"@type":"ImageObject","inLanguage":"ca","@id":"https:\/\/www.cpl.es\/#\/schema\/logo\/image\/","url":"https:\/\/www.cpl.es\/wp-content\/uploads\/logo-cpl.svg","contentUrl":"https:\/\/www.cpl.es\/wp-content\/uploads\/logo-cpl.svg","caption":"Centre de Pastoral Lit\u00fargica"},"image":{"@id":"https:\/\/www.cpl.es\/#\/schema\/logo\/image\/"}}]}},"_links":{"self":[{"href":"https:\/\/www.cpl.es\/ca\/wp-json\/wp\/v2\/pages\/11611","targetHints":{"allow":["GET"]}}],"collection":[{"href":"https:\/\/www.cpl.es\/ca\/wp-json\/wp\/v2\/pages"}],"about":[{"href":"https:\/\/www.cpl.es\/ca\/wp-json\/wp\/v2\/types\/page"}],"author":[{"embeddable":true,"href":"https:\/\/www.cpl.es\/ca\/wp-json\/wp\/v2\/users\/1"}],"replies":[{"embeddable":true,"href":"https:\/\/www.cpl.es\/ca\/wp-json\/wp\/v2\/comments?post=11611"}],"version-history":[{"count":1,"href":"https:\/\/www.cpl.es\/ca\/wp-json\/wp\/v2\/pages\/11611\/revisions"}],"predecessor-version":[{"id":11612,"href":"https:\/\/www.cpl.es\/ca\/wp-json\/wp\/v2\/pages\/11611\/revisions\/11612"}],"up":[{"embeddable":true,"href":"https:\/\/www.cpl.es\/ca\/wp-json\/wp\/v2\/pages\/11569"}],"wp:attachment":[{"href":"https:\/\/www.cpl.es\/ca\/wp-json\/wp\/v2\/media?parent=11611"}],"curies":[{"name":"wp","href":"https:\/\/api.w.org\/{rel}","templated":true}]}}