{"id":11609,"date":"2023-11-29T18:22:46","date_gmt":"2023-11-29T17:22:46","guid":{"rendered":"https:\/\/nuevaweb.cpl.es\/?page_id=11609"},"modified":"2023-12-14T11:01:20","modified_gmt":"2023-12-14T10:01:20","slug":"materials-per-a-lascensio-i-pentecosta","status":"publish","type":"page","link":"https:\/\/www.cpl.es\/ca\/blog\/vida-liturgica\/temps-liturgics\/materials-recomanats-segons-els-temps-liturgics\/materials-per-a-lascensio-i-pentecosta\/","title":{"rendered":"Materials per a l\u2019Ascensi\u00f3 i Pentecosta"},"content":{"rendered":"<div id=\"pl-11609\"  class=\"panel-layout\" ><div id=\"pg-11609-0\"  class=\"panel-grid panel-no-style\" ><div id=\"pgc-11609-0-0\"  class=\"panel-grid-cell\" ><div id=\"panel-11609-0-0-0\" class=\"so-panel widget widget_sow-editor panel-first-child panel-last-child\" data-index=\"0\" ><div\n\t\t\t\n\t\t\tclass=\"so-widget-sow-editor so-widget-sow-editor-base\"\n\t\t\t\n\t\t>\n<div class=\"siteorigin-widget-tinymce textwidget\">\n\t<p>\u00c9s cert que en la recta final de la cinquantena pasqual celebrem aquestes dues solemnitats que tenen identitat pr\u00f2pia, i que ens ajuden tamb\u00e9 a mantenir el to joi\u00f3s i festiu. Per aix\u00f2 us recordem alguns materials espec\u00edfics per a aquestes dues festes:<\/p>\n<p><strong>L\u2019ASCENSI\u00d3<\/strong><\/p>\n<ul>\n<li>Recentment hem editat un nou\u00a0<a href=\"https:\/\/www.cpl.es\/ca\/blog\/vida-liturgica\/cartells-i-targetons-md\/\"><strong>cartell<\/strong>\u00a0<\/a>precisament sobre la festa de l\u2019Ascensi\u00f3 (<em>Temps lit\u00fargics<\/em>, 11). Us el vam presentar a MD4 juntament amb el\u00a0<a href=\"https:\/\/www.cpl.es\/ca\/blog\/vida-liturgica\/cartells-i-targetons-md\/\"><strong>cartell<\/strong>\u00a0<\/a>i el\u00a0<a href=\"https:\/\/www.cpl.es\/ca\/blog\/vida-liturgica\/cartells-i-targetons-md\/\"><strong>target\u00f3<\/strong>\u00a0<\/a>sobre \u00abEl bon samarit\u00e0\u00bb amb motiu de l\u2019enc\u00edclica\u00a0<em>Fratelli tutti.<\/em><\/li>\n<li>Tamb\u00e9 tenim un\u00a0<strong>full verd<\/strong>\u00a0amb una catequesi sobre la festa de l\u2019Ascensi\u00f3 (<em>Any cristi\u00e0<\/em>, 46).<\/li>\n<\/ul>\n<p><strong>PENTECOSTA<\/strong><\/p>\n<ul>\n<li>Tenim un\u00a0<a href=\"https:\/\/www.cpl.es\/ca\/blog\/vida-liturgica\/cartells-i-targetons-md\/\"><strong>cartell<\/strong>\u00a0<\/a>amb la Seq\u00fc\u00e8ncia de Pentecosta (<em>Preg\u00e0ries<\/em>, 7) i el seu corresponent\u00a0<a href=\"https:\/\/www.cpl.es\/ca\/blog\/vida-liturgica\/cartells-i-targetons-md\/\"><strong>target\u00f3<\/strong><\/a>.<\/li>\n<\/ul>\n<p>Pel que fa als\u00a0<strong>fulls verds<\/strong>, en tenim diversos:<\/p>\n<ul>\n<li>La culminaci\u00f3 de la Pasqua, la Pentecosta (<em>Any cristi\u00e0<\/em>, 26)<\/li>\n<li>Veniu Esperit Sant (<em>Any cristi\u00e0<\/em>, 27)<\/li>\n<li>Els noms de l\u2019Esperit Sant (<em>Any cristi\u00e0<\/em>, 61)<\/li>\n<li>Preg\u00e0ria a partir dels dons de l\u2019Esperit Sant (<em>Preg\u00e0ria<\/em>, 25)<\/li>\n<li>Invocacions a l\u2019Esperit Sant (<em>Preg\u00e0ria<\/em>, 67)<\/li>\n<li>Les formes de l\u2019Esperit Sant (<em>Any cristi\u00e0<\/em>, 66).<\/li>\n<\/ul>\n<p>Poden accedir a altres materials descarregables i en obert clicant\u00a0<a href=\"https:\/\/www.cpl.es\/ca\/blog\/vida-liturgica\/temps-liturgics\/descarrega-de-materials-del-cpl-en-relacio-amb-els-temps-liturgics\/\">aqu\u00ed<\/a>.<\/p>\n<\/div>\n<\/div><\/div><\/div><\/div><\/div>","protected":false},"excerpt":{"rendered":"<p>\u00c9s cert que en la recta final de la cinquantena pasqual celebrem aquestes dues solemnitats que tenen identitat pr\u00f2pia, i que ens ajuden tamb\u00e9 a mantenir el to joi\u00f3s i festiu. Per aix\u00f2 us recordem alguns materials espec\u00edfics per a aquestes dues festes: L\u2019ASCENSI\u00d3 Recentment hem editat un nou\u00a0cartell\u00a0precisament sobre la festa de l\u2019Ascensi\u00f3 (Temps [&hellip;]<\/p>\n","protected":false},"author":1,"featured_media":0,"parent":11569,"menu_order":6,"comment_status":"closed","ping_status":"closed","template":"","meta":{"_acf_changed":false,"inline_featured_image":false,"footnotes":""},"class_list":["post-11609","page","type-page","status-publish","hentry"],"acf":[],"yoast_head":"<!-- This site is optimized with the Yoast SEO plugin v27.3 - https:\/\/yoast.com\/product\/yoast-seo-wordpress\/ -->\n<title>Materials per a l\u2019Ascensi\u00f3 i Pentecosta - CPL<\/title>\n<meta name=\"robots\" content=\"index, follow, max-snippet:-1, max-image-preview:large, max-video-preview:-1\" \/>\n<link rel=\"canonical\" href=\"https:\/\/www.cpl.es\/ca\/blog\/vida-liturgica\/temps-liturgics\/materials-recomanats-segons-els-temps-liturgics\/materials-per-a-lascensio-i-pentecosta\/\" \/>\n<meta property=\"og:locale\" content=\"ca_ES\" \/>\n<meta property=\"og:type\" content=\"article\" \/>\n<meta property=\"og:title\" content=\"Materials per a l\u2019Ascensi\u00f3 i Pentecosta - CPL\" \/>\n<meta property=\"og:description\" content=\"\u00c9s cert que en la recta final de la cinquantena pasqual celebrem aquestes dues solemnitats que tenen identitat pr\u00f2pia, i que ens ajuden tamb\u00e9 a mantenir el to joi\u00f3s i festiu. Per aix\u00f2 us recordem alguns materials espec\u00edfics per a aquestes dues festes: L\u2019ASCENSI\u00d3 Recentment hem editat un nou\u00a0cartell\u00a0precisament sobre la festa de l\u2019Ascensi\u00f3 (Temps [&hellip;]\" \/>\n<meta property=\"og:url\" content=\"https:\/\/www.cpl.es\/ca\/blog\/vida-liturgica\/temps-liturgics\/materials-recomanats-segons-els-temps-liturgics\/materials-per-a-lascensio-i-pentecosta\/\" \/>\n<meta property=\"og:site_name\" content=\"CPL\" \/>\n<meta property=\"article:modified_time\" content=\"2023-12-14T10:01:20+00:00\" \/>\n<meta name=\"twitter:card\" content=\"summary_large_image\" \/>\n<meta name=\"twitter:label1\" content=\"Temps estimat de lectura\" \/>\n\t<meta name=\"twitter:data1\" content=\"1 minut\" \/>\n<script type=\"application\/ld+json\" class=\"yoast-schema-graph\">{\"@context\":\"https:\\\/\\\/schema.org\",\"@graph\":[{\"@type\":\"WebPage\",\"@id\":\"https:\\\/\\\/www.cpl.es\\\/ca\\\/blog\\\/vida-liturgica\\\/temps-liturgics\\\/materials-recomanats-segons-els-temps-liturgics\\\/materials-per-a-lascensio-i-pentecosta\\\/\",\"url\":\"https:\\\/\\\/www.cpl.es\\\/ca\\\/blog\\\/vida-liturgica\\\/temps-liturgics\\\/materials-recomanats-segons-els-temps-liturgics\\\/materials-per-a-lascensio-i-pentecosta\\\/\",\"name\":\"Materials per a l\u2019Ascensi\u00f3 i Pentecosta - CPL\",\"isPartOf\":{\"@id\":\"https:\\\/\\\/www.cpl.es\\\/#website\"},\"datePublished\":\"2023-11-29T17:22:46+00:00\",\"dateModified\":\"2023-12-14T10:01:20+00:00\",\"breadcrumb\":{\"@id\":\"https:\\\/\\\/www.cpl.es\\\/ca\\\/blog\\\/vida-liturgica\\\/temps-liturgics\\\/materials-recomanats-segons-els-temps-liturgics\\\/materials-per-a-lascensio-i-pentecosta\\\/#breadcrumb\"},\"inLanguage\":\"ca\",\"potentialAction\":[{\"@type\":\"ReadAction\",\"target\":[\"https:\\\/\\\/www.cpl.es\\\/ca\\\/blog\\\/vida-liturgica\\\/temps-liturgics\\\/materials-recomanats-segons-els-temps-liturgics\\\/materials-per-a-lascensio-i-pentecosta\\\/\"]}]},{\"@type\":\"BreadcrumbList\",\"@id\":\"https:\\\/\\\/www.cpl.es\\\/ca\\\/blog\\\/vida-liturgica\\\/temps-liturgics\\\/materials-recomanats-segons-els-temps-liturgics\\\/materials-per-a-lascensio-i-pentecosta\\\/#breadcrumb\",\"itemListElement\":[{\"@type\":\"ListItem\",\"position\":1,\"name\":\"Portada\",\"item\":\"https:\\\/\\\/www.cpl.es\\\/ca\\\/\"},{\"@type\":\"ListItem\",\"position\":2,\"name\":\"Blog\",\"item\":\"https:\\\/\\\/www.cpl.es\\\/ca\\\/blog\\\/\"},{\"@type\":\"ListItem\",\"position\":3,\"name\":\"Vida lit\u00fargica\",\"item\":\"https:\\\/\\\/www.cpl.es\\\/ca\\\/blog\\\/vida-liturgica\\\/\"},{\"@type\":\"ListItem\",\"position\":4,\"name\":\"Temps lit\u00fargics\",\"item\":\"https:\\\/\\\/www.cpl.es\\\/ca\\\/blog\\\/vida-liturgica\\\/temps-liturgics\\\/\"},{\"@type\":\"ListItem\",\"position\":5,\"name\":\"Materials recomanats segons els temps lit\u00fargics\",\"item\":\"https:\\\/\\\/www.cpl.es\\\/ca\\\/blog\\\/vida-liturgica\\\/temps-liturgics\\\/materials-recomanats-segons-els-temps-liturgics\\\/\"},{\"@type\":\"ListItem\",\"position\":6,\"name\":\"Materials per a l\u2019Ascensi\u00f3 i Pentecosta\"}]},{\"@type\":\"WebSite\",\"@id\":\"https:\\\/\\\/www.cpl.es\\\/#website\",\"url\":\"https:\\\/\\\/www.cpl.es\\\/\",\"name\":\"CPL\",\"description\":\"Centre de Pastoral Lit\u00fargica de Barcelona\",\"publisher\":{\"@id\":\"https:\\\/\\\/www.cpl.es\\\/#organization\"},\"alternateName\":\"Centre de Pastoral Lit\u00fargica\",\"potentialAction\":[{\"@type\":\"SearchAction\",\"target\":{\"@type\":\"EntryPoint\",\"urlTemplate\":\"https:\\\/\\\/www.cpl.es\\\/?s={search_term_string}\"},\"query-input\":{\"@type\":\"PropertyValueSpecification\",\"valueRequired\":true,\"valueName\":\"search_term_string\"}}],\"inLanguage\":\"ca\"},{\"@type\":\"Organization\",\"@id\":\"https:\\\/\\\/www.cpl.es\\\/#organization\",\"name\":\"Centre de Pastoral Lit\u00fargica\",\"alternateName\":\"Centre de Pastoral Lit\u00fargica de Barcelona\",\"url\":\"https:\\\/\\\/www.cpl.es\\\/\",\"logo\":{\"@type\":\"ImageObject\",\"inLanguage\":\"ca\",\"@id\":\"https:\\\/\\\/www.cpl.es\\\/#\\\/schema\\\/logo\\\/image\\\/\",\"url\":\"https:\\\/\\\/www.cpl.es\\\/wp-content\\\/uploads\\\/logo-cpl.svg\",\"contentUrl\":\"https:\\\/\\\/www.cpl.es\\\/wp-content\\\/uploads\\\/logo-cpl.svg\",\"caption\":\"Centre de Pastoral Lit\u00fargica\"},\"image\":{\"@id\":\"https:\\\/\\\/www.cpl.es\\\/#\\\/schema\\\/logo\\\/image\\\/\"}}]}<\/script>\n<!-- \/ Yoast SEO plugin. -->","yoast_head_json":{"title":"Materials per a l\u2019Ascensi\u00f3 i Pentecosta - CPL","robots":{"index":"index","follow":"follow","max-snippet":"max-snippet:-1","max-image-preview":"max-image-preview:large","max-video-preview":"max-video-preview:-1"},"canonical":"https:\/\/www.cpl.es\/ca\/blog\/vida-liturgica\/temps-liturgics\/materials-recomanats-segons-els-temps-liturgics\/materials-per-a-lascensio-i-pentecosta\/","og_locale":"ca_ES","og_type":"article","og_title":"Materials per a l\u2019Ascensi\u00f3 i Pentecosta - CPL","og_description":"\u00c9s cert que en la recta final de la cinquantena pasqual celebrem aquestes dues solemnitats que tenen identitat pr\u00f2pia, i que ens ajuden tamb\u00e9 a mantenir el to joi\u00f3s i festiu. Per aix\u00f2 us recordem alguns materials espec\u00edfics per a aquestes dues festes: L\u2019ASCENSI\u00d3 Recentment hem editat un nou\u00a0cartell\u00a0precisament sobre la festa de l\u2019Ascensi\u00f3 (Temps [&hellip;]","og_url":"https:\/\/www.cpl.es\/ca\/blog\/vida-liturgica\/temps-liturgics\/materials-recomanats-segons-els-temps-liturgics\/materials-per-a-lascensio-i-pentecosta\/","og_site_name":"CPL","article_modified_time":"2023-12-14T10:01:20+00:00","twitter_card":"summary_large_image","twitter_misc":{"Temps estimat de lectura":"1 minut"},"schema":{"@context":"https:\/\/schema.org","@graph":[{"@type":"WebPage","@id":"https:\/\/www.cpl.es\/ca\/blog\/vida-liturgica\/temps-liturgics\/materials-recomanats-segons-els-temps-liturgics\/materials-per-a-lascensio-i-pentecosta\/","url":"https:\/\/www.cpl.es\/ca\/blog\/vida-liturgica\/temps-liturgics\/materials-recomanats-segons-els-temps-liturgics\/materials-per-a-lascensio-i-pentecosta\/","name":"Materials per a l\u2019Ascensi\u00f3 i Pentecosta - CPL","isPartOf":{"@id":"https:\/\/www.cpl.es\/#website"},"datePublished":"2023-11-29T17:22:46+00:00","dateModified":"2023-12-14T10:01:20+00:00","breadcrumb":{"@id":"https:\/\/www.cpl.es\/ca\/blog\/vida-liturgica\/temps-liturgics\/materials-recomanats-segons-els-temps-liturgics\/materials-per-a-lascensio-i-pentecosta\/#breadcrumb"},"inLanguage":"ca","potentialAction":[{"@type":"ReadAction","target":["https:\/\/www.cpl.es\/ca\/blog\/vida-liturgica\/temps-liturgics\/materials-recomanats-segons-els-temps-liturgics\/materials-per-a-lascensio-i-pentecosta\/"]}]},{"@type":"BreadcrumbList","@id":"https:\/\/www.cpl.es\/ca\/blog\/vida-liturgica\/temps-liturgics\/materials-recomanats-segons-els-temps-liturgics\/materials-per-a-lascensio-i-pentecosta\/#breadcrumb","itemListElement":[{"@type":"ListItem","position":1,"name":"Portada","item":"https:\/\/www.cpl.es\/ca\/"},{"@type":"ListItem","position":2,"name":"Blog","item":"https:\/\/www.cpl.es\/ca\/blog\/"},{"@type":"ListItem","position":3,"name":"Vida lit\u00fargica","item":"https:\/\/www.cpl.es\/ca\/blog\/vida-liturgica\/"},{"@type":"ListItem","position":4,"name":"Temps lit\u00fargics","item":"https:\/\/www.cpl.es\/ca\/blog\/vida-liturgica\/temps-liturgics\/"},{"@type":"ListItem","position":5,"name":"Materials recomanats segons els temps lit\u00fargics","item":"https:\/\/www.cpl.es\/ca\/blog\/vida-liturgica\/temps-liturgics\/materials-recomanats-segons-els-temps-liturgics\/"},{"@type":"ListItem","position":6,"name":"Materials per a l\u2019Ascensi\u00f3 i Pentecosta"}]},{"@type":"WebSite","@id":"https:\/\/www.cpl.es\/#website","url":"https:\/\/www.cpl.es\/","name":"CPL","description":"Centre de Pastoral Lit\u00fargica de Barcelona","publisher":{"@id":"https:\/\/www.cpl.es\/#organization"},"alternateName":"Centre de Pastoral Lit\u00fargica","potentialAction":[{"@type":"SearchAction","target":{"@type":"EntryPoint","urlTemplate":"https:\/\/www.cpl.es\/?s={search_term_string}"},"query-input":{"@type":"PropertyValueSpecification","valueRequired":true,"valueName":"search_term_string"}}],"inLanguage":"ca"},{"@type":"Organization","@id":"https:\/\/www.cpl.es\/#organization","name":"Centre de Pastoral Lit\u00fargica","alternateName":"Centre de Pastoral Lit\u00fargica de Barcelona","url":"https:\/\/www.cpl.es\/","logo":{"@type":"ImageObject","inLanguage":"ca","@id":"https:\/\/www.cpl.es\/#\/schema\/logo\/image\/","url":"https:\/\/www.cpl.es\/wp-content\/uploads\/logo-cpl.svg","contentUrl":"https:\/\/www.cpl.es\/wp-content\/uploads\/logo-cpl.svg","caption":"Centre de Pastoral Lit\u00fargica"},"image":{"@id":"https:\/\/www.cpl.es\/#\/schema\/logo\/image\/"}}]}},"_links":{"self":[{"href":"https:\/\/www.cpl.es\/ca\/wp-json\/wp\/v2\/pages\/11609","targetHints":{"allow":["GET"]}}],"collection":[{"href":"https:\/\/www.cpl.es\/ca\/wp-json\/wp\/v2\/pages"}],"about":[{"href":"https:\/\/www.cpl.es\/ca\/wp-json\/wp\/v2\/types\/page"}],"author":[{"embeddable":true,"href":"https:\/\/www.cpl.es\/ca\/wp-json\/wp\/v2\/users\/1"}],"replies":[{"embeddable":true,"href":"https:\/\/www.cpl.es\/ca\/wp-json\/wp\/v2\/comments?post=11609"}],"version-history":[{"count":1,"href":"https:\/\/www.cpl.es\/ca\/wp-json\/wp\/v2\/pages\/11609\/revisions"}],"predecessor-version":[{"id":11610,"href":"https:\/\/www.cpl.es\/ca\/wp-json\/wp\/v2\/pages\/11609\/revisions\/11610"}],"up":[{"embeddable":true,"href":"https:\/\/www.cpl.es\/ca\/wp-json\/wp\/v2\/pages\/11569"}],"wp:attachment":[{"href":"https:\/\/www.cpl.es\/ca\/wp-json\/wp\/v2\/media?parent=11609"}],"curies":[{"name":"wp","href":"https:\/\/api.w.org\/{rel}","templated":true}]}}