{"id":11607,"date":"2023-11-29T18:21:45","date_gmt":"2023-11-29T17:21:45","guid":{"rendered":"https:\/\/nuevaweb.cpl.es\/?page_id=11607"},"modified":"2023-12-14T10:59:44","modified_gmt":"2023-12-14T09:59:44","slug":"materials-per-a-la-pasqua","status":"publish","type":"page","link":"https:\/\/www.cpl.es\/ca\/blog\/vida-liturgica\/temps-liturgics\/materials-recomanats-segons-els-temps-liturgics\/materials-per-a-la-pasqua\/","title":{"rendered":"Materials per a la Pasqua"},"content":{"rendered":"<div id=\"pl-11607\"  class=\"panel-layout\" ><div id=\"pg-11607-0\"  class=\"panel-grid panel-no-style\" ><div id=\"pgc-11607-0-0\"  class=\"panel-grid-cell\" ><div id=\"panel-11607-0-0-0\" class=\"so-panel widget widget_sow-editor panel-first-child panel-last-child\" data-index=\"0\" ><div\n\t\t\t\n\t\t\tclass=\"so-widget-sow-editor so-widget-sow-editor-base\"\n\t\t\t\n\t\t>\n<div class=\"siteorigin-widget-tinymce textwidget\">\n\t<p>El temps de Pasqua contrasta amb el de Quaresma. Si durant els 40 dies preparatoris de la Setmana Santa subratll\u00e0vem l\u2019austeritat i l\u2019actitud penitencial, ara subratllarem la joia i l\u2019entusiasme. La dualitat mort \u2013 vida que hem celebrat per Setmana Santa ens porta ara a destacar l\u2019alegria per la vida nova que ens ha guanyat Jesucrist amb la seva resurrecci\u00f3. Fins i tot ens hi ajuda el paral\u00b7lelisme amb la natura que esclata de vida amb l\u2019arribada de la primavera. Aquestes actituds espirituals es reflecteixen en molts aspectes lit\u00fargics, com l\u2019ambientaci\u00f3 festiva, les flors, els cants, el color blanc\u2026 El cant de l\u2019al\u00b7leluia que hem om\u00e8s durant la Quaresma (com tamb\u00e9 l\u2019himne del Gl\u00f2ria) resumeix molt b\u00e9 aquest to. Per cert, cal mantenir aquest ambient festiu durant tota la Pasqua, que dura 50 dies, fins a Pentecosta, en qu\u00e8 celebrarem el gran do de Jes\u00fas ressuscitat: l\u2019Esperit Sant.<\/p>\n<p>La Pasqua \u00e9s el temps propi per celebrar els sagraments, sobretot els sagraments de la iniciaci\u00f3 cristiana (Baptisme, Primera Eucaristia, Confirmaci\u00f3), que ens incorporen a la vida nova de Jes\u00fas ressuscitat. Per\u00f2 tamb\u00e9 els altres, com la Unci\u00f3 dels Malalts (pot ser bo programar-ne una celebraci\u00f3 comunit\u00e0ria, per exemple pels volts de la Pasqua del Malalt, el sis\u00e8 Diumenge de Pasqua), fins i tot el Matrimoni. Perqu\u00e8 \u00e9s de la Pasqua de Jes\u00fas d\u2019on sorgeixen els sagraments que ens donen l\u2019Esperit Sant.<\/p>\n<p>Finalment, recordem que el ciri pasqual que estrenem en la Vetlla pasqual ha d\u2019estar ben visible en el presbiteri, proper a l\u2019amb\u00f3 de la Paraula durant tota la cinquantena. I potser tamb\u00e9 acompanyat d\u2019un recipient amb l\u2019aigua que vam beneir en la Vetlla Pasqual i que ens servir\u00e0 per als baptismes i per a l\u2019aspersi\u00f3 al principi de la missa dels Diumenges de Pasqua (si \u00e9s que aquest any es pot fer). S\u00f3n signes que ens ajuden a viure l\u2019esperit pasqual, la joia per la resurrecci\u00f3 de Jes\u00fas i, en definitiva, per viure tamb\u00e9 nosaltres com a fills i filles de D\u00e9u, \u00abrenovats pel seu Esperit, ressuscitats amb Crist en la llum de la vida\u00bb (oraci\u00f3 col\u00b7lecta del Diumenge de Pasqua).<\/p>\n<p><strong>Recordem alguns materials de MD que ens poden ser \u00fatils:<\/strong><\/p>\n<p><a href=\"https:\/\/www.cpl.es\/ca\/blog\/vida-liturgica\/cartells-i-targetons-md\/\"><strong>Cartells:<\/strong><\/a><\/p>\n<ul>\n<li>Pasqua (<em>Temps lit\u00fargics<\/em>\u00a04)<\/li>\n<li>Sagraments: Baptisme (<em>Sagraments<\/em>\u00a02), Confirmaci\u00f3 (3), Eucaristia (4), Unci\u00f3 dels malalts (6), Iniciaci\u00f3 cristiana (10)<\/li>\n<\/ul>\n<p><strong>Fulls verds:<\/strong><\/p>\n<p>Es poden utilitzar en sessions de formaci\u00f3 lit\u00fargica, en grups d\u2019adults, catequistes, responsables de les celebracions\u2026 Tamb\u00e9 es poden fotocopiar i repartir als fidels.<\/p>\n<ul>\n<li>Pasqua, el Senyor ha ressuscitat (<em>Any cristi\u00e0<\/em>, 22)<\/li>\n<li>La cinquantena pasqual (<em>Any cristi\u00e0<\/em>, 23)<\/li>\n<li>Vocabulari pasqual (<em>Any cristi\u00e0<\/em>, 24)<\/li>\n<li>\u00c9s Pasqua, per pregar a casa (<em>Any cristi\u00e0<\/em>, 25)<\/li>\n<li>El ciri pasqual (<em>Any cristi\u00e0<\/em>, 47)<\/li>\n<\/ul>\n<p>Recordem tamb\u00e9 que la proposta de tots els\u00a0<strong>cants<\/strong>\u00a0per al temps de Pasqua estan recollits en el full verd \u00ab<a href=\"http:\/\/pastoral.cpl.es\/wp-content\/uploads\/2019\/03\/Cants-Pasqua.pdf\">Cants per a les misses dominicals del temps de Pasqua<\/a>\u00bb (Any cristi\u00e0, 54).<\/p>\n<p>Poden accedir a altres\u00a0<strong>materials descarregables<\/strong>\u00a0i en obert clicant\u00a0<a href=\"https:\/\/www.cpl.es\/ca\/blog\/vida-liturgica\/temps-liturgics\/descarrega-de-materials-del-cpl-en-relacio-amb-els-temps-liturgics\/\">aqu\u00ed<\/a>.<\/p>\n<\/div>\n<\/div><\/div><\/div><\/div><\/div>","protected":false},"excerpt":{"rendered":"<p>El temps de Pasqua contrasta amb el de Quaresma. Si durant els 40 dies preparatoris de la Setmana Santa subratll\u00e0vem l\u2019austeritat i l\u2019actitud penitencial, ara subratllarem la joia i l\u2019entusiasme. La dualitat mort \u2013 vida que hem celebrat per Setmana Santa ens porta ara a destacar l\u2019alegria per la vida nova que ens ha guanyat [&hellip;]<\/p>\n","protected":false},"author":1,"featured_media":0,"parent":11569,"menu_order":5,"comment_status":"closed","ping_status":"closed","template":"","meta":{"_acf_changed":false,"inline_featured_image":false,"footnotes":""},"class_list":["post-11607","page","type-page","status-publish","hentry"],"acf":[],"yoast_head":"<!-- This site is optimized with the Yoast SEO plugin v27.3 - https:\/\/yoast.com\/product\/yoast-seo-wordpress\/ -->\n<title>Materials per a la Pasqua - CPL<\/title>\n<meta name=\"robots\" content=\"index, follow, max-snippet:-1, max-image-preview:large, max-video-preview:-1\" \/>\n<link rel=\"canonical\" href=\"https:\/\/www.cpl.es\/ca\/blog\/vida-liturgica\/temps-liturgics\/materials-recomanats-segons-els-temps-liturgics\/materials-per-a-la-pasqua\/\" \/>\n<meta property=\"og:locale\" content=\"ca_ES\" \/>\n<meta property=\"og:type\" content=\"article\" \/>\n<meta property=\"og:title\" content=\"Materials per a la Pasqua - CPL\" \/>\n<meta property=\"og:description\" content=\"El temps de Pasqua contrasta amb el de Quaresma. Si durant els 40 dies preparatoris de la Setmana Santa subratll\u00e0vem l\u2019austeritat i l\u2019actitud penitencial, ara subratllarem la joia i l\u2019entusiasme. La dualitat mort \u2013 vida que hem celebrat per Setmana Santa ens porta ara a destacar l\u2019alegria per la vida nova que ens ha guanyat [&hellip;]\" \/>\n<meta property=\"og:url\" content=\"https:\/\/www.cpl.es\/ca\/blog\/vida-liturgica\/temps-liturgics\/materials-recomanats-segons-els-temps-liturgics\/materials-per-a-la-pasqua\/\" \/>\n<meta property=\"og:site_name\" content=\"CPL\" \/>\n<meta property=\"article:modified_time\" content=\"2023-12-14T09:59:44+00:00\" \/>\n<meta name=\"twitter:card\" content=\"summary_large_image\" \/>\n<meta name=\"twitter:label1\" content=\"Temps estimat de lectura\" \/>\n\t<meta name=\"twitter:data1\" content=\"3 minuts\" \/>\n<script type=\"application\/ld+json\" class=\"yoast-schema-graph\">{\"@context\":\"https:\\\/\\\/schema.org\",\"@graph\":[{\"@type\":\"WebPage\",\"@id\":\"https:\\\/\\\/www.cpl.es\\\/ca\\\/blog\\\/vida-liturgica\\\/temps-liturgics\\\/materials-recomanats-segons-els-temps-liturgics\\\/materials-per-a-la-pasqua\\\/\",\"url\":\"https:\\\/\\\/www.cpl.es\\\/ca\\\/blog\\\/vida-liturgica\\\/temps-liturgics\\\/materials-recomanats-segons-els-temps-liturgics\\\/materials-per-a-la-pasqua\\\/\",\"name\":\"Materials per a la Pasqua - CPL\",\"isPartOf\":{\"@id\":\"https:\\\/\\\/www.cpl.es\\\/#website\"},\"datePublished\":\"2023-11-29T17:21:45+00:00\",\"dateModified\":\"2023-12-14T09:59:44+00:00\",\"breadcrumb\":{\"@id\":\"https:\\\/\\\/www.cpl.es\\\/ca\\\/blog\\\/vida-liturgica\\\/temps-liturgics\\\/materials-recomanats-segons-els-temps-liturgics\\\/materials-per-a-la-pasqua\\\/#breadcrumb\"},\"inLanguage\":\"ca\",\"potentialAction\":[{\"@type\":\"ReadAction\",\"target\":[\"https:\\\/\\\/www.cpl.es\\\/ca\\\/blog\\\/vida-liturgica\\\/temps-liturgics\\\/materials-recomanats-segons-els-temps-liturgics\\\/materials-per-a-la-pasqua\\\/\"]}]},{\"@type\":\"BreadcrumbList\",\"@id\":\"https:\\\/\\\/www.cpl.es\\\/ca\\\/blog\\\/vida-liturgica\\\/temps-liturgics\\\/materials-recomanats-segons-els-temps-liturgics\\\/materials-per-a-la-pasqua\\\/#breadcrumb\",\"itemListElement\":[{\"@type\":\"ListItem\",\"position\":1,\"name\":\"Portada\",\"item\":\"https:\\\/\\\/www.cpl.es\\\/ca\\\/\"},{\"@type\":\"ListItem\",\"position\":2,\"name\":\"Blog\",\"item\":\"https:\\\/\\\/www.cpl.es\\\/ca\\\/blog\\\/\"},{\"@type\":\"ListItem\",\"position\":3,\"name\":\"Vida lit\u00fargica\",\"item\":\"https:\\\/\\\/www.cpl.es\\\/ca\\\/blog\\\/vida-liturgica\\\/\"},{\"@type\":\"ListItem\",\"position\":4,\"name\":\"Temps lit\u00fargics\",\"item\":\"https:\\\/\\\/www.cpl.es\\\/ca\\\/blog\\\/vida-liturgica\\\/temps-liturgics\\\/\"},{\"@type\":\"ListItem\",\"position\":5,\"name\":\"Materials recomanats segons els temps lit\u00fargics\",\"item\":\"https:\\\/\\\/www.cpl.es\\\/ca\\\/blog\\\/vida-liturgica\\\/temps-liturgics\\\/materials-recomanats-segons-els-temps-liturgics\\\/\"},{\"@type\":\"ListItem\",\"position\":6,\"name\":\"Materials per a la Pasqua\"}]},{\"@type\":\"WebSite\",\"@id\":\"https:\\\/\\\/www.cpl.es\\\/#website\",\"url\":\"https:\\\/\\\/www.cpl.es\\\/\",\"name\":\"CPL\",\"description\":\"Centre de Pastoral Lit\u00fargica de Barcelona\",\"publisher\":{\"@id\":\"https:\\\/\\\/www.cpl.es\\\/#organization\"},\"alternateName\":\"Centre de Pastoral Lit\u00fargica\",\"potentialAction\":[{\"@type\":\"SearchAction\",\"target\":{\"@type\":\"EntryPoint\",\"urlTemplate\":\"https:\\\/\\\/www.cpl.es\\\/?s={search_term_string}\"},\"query-input\":{\"@type\":\"PropertyValueSpecification\",\"valueRequired\":true,\"valueName\":\"search_term_string\"}}],\"inLanguage\":\"ca\"},{\"@type\":\"Organization\",\"@id\":\"https:\\\/\\\/www.cpl.es\\\/#organization\",\"name\":\"Centre de Pastoral Lit\u00fargica\",\"alternateName\":\"Centre de Pastoral Lit\u00fargica de Barcelona\",\"url\":\"https:\\\/\\\/www.cpl.es\\\/\",\"logo\":{\"@type\":\"ImageObject\",\"inLanguage\":\"ca\",\"@id\":\"https:\\\/\\\/www.cpl.es\\\/#\\\/schema\\\/logo\\\/image\\\/\",\"url\":\"https:\\\/\\\/www.cpl.es\\\/wp-content\\\/uploads\\\/logo-cpl.svg\",\"contentUrl\":\"https:\\\/\\\/www.cpl.es\\\/wp-content\\\/uploads\\\/logo-cpl.svg\",\"caption\":\"Centre de Pastoral Lit\u00fargica\"},\"image\":{\"@id\":\"https:\\\/\\\/www.cpl.es\\\/#\\\/schema\\\/logo\\\/image\\\/\"}}]}<\/script>\n<!-- \/ Yoast SEO plugin. -->","yoast_head_json":{"title":"Materials per a la Pasqua - CPL","robots":{"index":"index","follow":"follow","max-snippet":"max-snippet:-1","max-image-preview":"max-image-preview:large","max-video-preview":"max-video-preview:-1"},"canonical":"https:\/\/www.cpl.es\/ca\/blog\/vida-liturgica\/temps-liturgics\/materials-recomanats-segons-els-temps-liturgics\/materials-per-a-la-pasqua\/","og_locale":"ca_ES","og_type":"article","og_title":"Materials per a la Pasqua - CPL","og_description":"El temps de Pasqua contrasta amb el de Quaresma. Si durant els 40 dies preparatoris de la Setmana Santa subratll\u00e0vem l\u2019austeritat i l\u2019actitud penitencial, ara subratllarem la joia i l\u2019entusiasme. La dualitat mort \u2013 vida que hem celebrat per Setmana Santa ens porta ara a destacar l\u2019alegria per la vida nova que ens ha guanyat [&hellip;]","og_url":"https:\/\/www.cpl.es\/ca\/blog\/vida-liturgica\/temps-liturgics\/materials-recomanats-segons-els-temps-liturgics\/materials-per-a-la-pasqua\/","og_site_name":"CPL","article_modified_time":"2023-12-14T09:59:44+00:00","twitter_card":"summary_large_image","twitter_misc":{"Temps estimat de lectura":"3 minuts"},"schema":{"@context":"https:\/\/schema.org","@graph":[{"@type":"WebPage","@id":"https:\/\/www.cpl.es\/ca\/blog\/vida-liturgica\/temps-liturgics\/materials-recomanats-segons-els-temps-liturgics\/materials-per-a-la-pasqua\/","url":"https:\/\/www.cpl.es\/ca\/blog\/vida-liturgica\/temps-liturgics\/materials-recomanats-segons-els-temps-liturgics\/materials-per-a-la-pasqua\/","name":"Materials per a la Pasqua - CPL","isPartOf":{"@id":"https:\/\/www.cpl.es\/#website"},"datePublished":"2023-11-29T17:21:45+00:00","dateModified":"2023-12-14T09:59:44+00:00","breadcrumb":{"@id":"https:\/\/www.cpl.es\/ca\/blog\/vida-liturgica\/temps-liturgics\/materials-recomanats-segons-els-temps-liturgics\/materials-per-a-la-pasqua\/#breadcrumb"},"inLanguage":"ca","potentialAction":[{"@type":"ReadAction","target":["https:\/\/www.cpl.es\/ca\/blog\/vida-liturgica\/temps-liturgics\/materials-recomanats-segons-els-temps-liturgics\/materials-per-a-la-pasqua\/"]}]},{"@type":"BreadcrumbList","@id":"https:\/\/www.cpl.es\/ca\/blog\/vida-liturgica\/temps-liturgics\/materials-recomanats-segons-els-temps-liturgics\/materials-per-a-la-pasqua\/#breadcrumb","itemListElement":[{"@type":"ListItem","position":1,"name":"Portada","item":"https:\/\/www.cpl.es\/ca\/"},{"@type":"ListItem","position":2,"name":"Blog","item":"https:\/\/www.cpl.es\/ca\/blog\/"},{"@type":"ListItem","position":3,"name":"Vida lit\u00fargica","item":"https:\/\/www.cpl.es\/ca\/blog\/vida-liturgica\/"},{"@type":"ListItem","position":4,"name":"Temps lit\u00fargics","item":"https:\/\/www.cpl.es\/ca\/blog\/vida-liturgica\/temps-liturgics\/"},{"@type":"ListItem","position":5,"name":"Materials recomanats segons els temps lit\u00fargics","item":"https:\/\/www.cpl.es\/ca\/blog\/vida-liturgica\/temps-liturgics\/materials-recomanats-segons-els-temps-liturgics\/"},{"@type":"ListItem","position":6,"name":"Materials per a la Pasqua"}]},{"@type":"WebSite","@id":"https:\/\/www.cpl.es\/#website","url":"https:\/\/www.cpl.es\/","name":"CPL","description":"Centre de Pastoral Lit\u00fargica de Barcelona","publisher":{"@id":"https:\/\/www.cpl.es\/#organization"},"alternateName":"Centre de Pastoral Lit\u00fargica","potentialAction":[{"@type":"SearchAction","target":{"@type":"EntryPoint","urlTemplate":"https:\/\/www.cpl.es\/?s={search_term_string}"},"query-input":{"@type":"PropertyValueSpecification","valueRequired":true,"valueName":"search_term_string"}}],"inLanguage":"ca"},{"@type":"Organization","@id":"https:\/\/www.cpl.es\/#organization","name":"Centre de Pastoral Lit\u00fargica","alternateName":"Centre de Pastoral Lit\u00fargica de Barcelona","url":"https:\/\/www.cpl.es\/","logo":{"@type":"ImageObject","inLanguage":"ca","@id":"https:\/\/www.cpl.es\/#\/schema\/logo\/image\/","url":"https:\/\/www.cpl.es\/wp-content\/uploads\/logo-cpl.svg","contentUrl":"https:\/\/www.cpl.es\/wp-content\/uploads\/logo-cpl.svg","caption":"Centre de Pastoral Lit\u00fargica"},"image":{"@id":"https:\/\/www.cpl.es\/#\/schema\/logo\/image\/"}}]}},"_links":{"self":[{"href":"https:\/\/www.cpl.es\/ca\/wp-json\/wp\/v2\/pages\/11607","targetHints":{"allow":["GET"]}}],"collection":[{"href":"https:\/\/www.cpl.es\/ca\/wp-json\/wp\/v2\/pages"}],"about":[{"href":"https:\/\/www.cpl.es\/ca\/wp-json\/wp\/v2\/types\/page"}],"author":[{"embeddable":true,"href":"https:\/\/www.cpl.es\/ca\/wp-json\/wp\/v2\/users\/1"}],"replies":[{"embeddable":true,"href":"https:\/\/www.cpl.es\/ca\/wp-json\/wp\/v2\/comments?post=11607"}],"version-history":[{"count":1,"href":"https:\/\/www.cpl.es\/ca\/wp-json\/wp\/v2\/pages\/11607\/revisions"}],"predecessor-version":[{"id":11608,"href":"https:\/\/www.cpl.es\/ca\/wp-json\/wp\/v2\/pages\/11607\/revisions\/11608"}],"up":[{"embeddable":true,"href":"https:\/\/www.cpl.es\/ca\/wp-json\/wp\/v2\/pages\/11569"}],"wp:attachment":[{"href":"https:\/\/www.cpl.es\/ca\/wp-json\/wp\/v2\/media?parent=11607"}],"curies":[{"name":"wp","href":"https:\/\/api.w.org\/{rel}","templated":true}]}}