{"id":11599,"date":"2023-12-14T10:28:12","date_gmt":"2023-12-14T09:28:12","guid":{"rendered":"https:\/\/nuevaweb.cpl.es\/?page_id=11599"},"modified":"2026-01-27T09:39:32","modified_gmt":"2026-01-27T08:39:32","slug":"materials-per-al-temps-dadvent","status":"publish","type":"page","link":"https:\/\/www.cpl.es\/ca\/blog\/vida-liturgica\/temps-liturgics\/materials-recomanats-segons-els-temps-liturgics\/materials-per-al-temps-dadvent\/","title":{"rendered":"Materials per al Temps d\u2019Advent"},"content":{"rendered":"<div id=\"pl-11599\"  class=\"panel-layout\" ><div id=\"pg-11599-0\"  class=\"panel-grid panel-no-style\" ><div id=\"pgc-11599-0-0\"  class=\"panel-grid-cell\" ><div id=\"panel-11599-0-0-0\" class=\"so-panel widget widget_sow-editor panel-first-child panel-last-child\" data-index=\"0\" ><div\n\t\t\t\n\t\t\tclass=\"so-widget-sow-editor so-widget-sow-editor-base\"\n\t\t\t\n\t\t>\n<div class=\"siteorigin-widget-tinymce textwidget\">\n\t<p><strong>Fulls verds<\/strong><\/p>\n<ul>\n<li>Veniu, Senyor Jes\u00fas (Any cristi\u00e0, 1)<\/li>\n<li>La corona d\u2019Advent (Any cristi\u00e0, 2)<\/li>\n<li>El Senyor \u00e9s a prop (Any cristi\u00e0, 3)<\/li>\n<li>Reconciliar-se a l\u2019Advent (Any cristi\u00e0, 4)<\/li>\n<\/ul>\n<p><strong><a href=\"http:\/\/pastoral.cpl.es\/index.php\/cartells-md\/\">Cartells<\/a>\u00a0del temps d\u2019Advent i Nadal<\/strong><\/p>\n<ul>\n<li>Veniu, Senyor Jes\u00fas (Temps lit\u00fargics, 1)<\/li>\n<li>D\u00e9u es fa home (Temps lit\u00fargics, 2)<\/li>\n<li>Estrella lluminosa per a tots els pobles (Temps lit\u00fargics, 7)<\/li>\n<li>Baptisme del Senyor (Temps lit\u00fargics, 12)<\/li>\n<\/ul>\n<p><strong>1<\/strong><\/p>\n<p>Recordem tamb\u00e9 que la proposta de tots els\u00a0<strong>cants<\/strong>\u00a0per al temps d\u2019Advent estan recollits en el full verd \u00ab<a href=\"https:\/\/www.cpl.es\/wp-content\/uploads\/Full-verd-cants-Advent_mod.pdf\" target=\"_blank\" rel=\"noopener\">Cants per als diumenges d\u2019Advent i la Pur\u00edssima<\/a>\u00bb (Any cristi\u00e0, 55)<\/p>\n<p>Poden accedir a altres\u00a0<strong>materials descarregables<\/strong>\u00a0i en obert clicant\u00a0<a href=\"https:\/\/www.cpl.es\/ca\/blog\/vida-liturgica\/temps-liturgics\/descarrega-de-materials-del-cpl-en-relacio-amb-els-temps-liturgics\/\">aqu\u00ed<\/a>.<\/p>\n<\/div>\n<\/div><\/div><\/div><\/div><\/div>","protected":false},"excerpt":{"rendered":"<p>Fulls verds Veniu, Senyor Jes\u00fas (Any cristi\u00e0, 1) La corona d\u2019Advent (Any cristi\u00e0, 2) El Senyor \u00e9s a prop (Any cristi\u00e0, 3) Reconciliar-se a l\u2019Advent (Any cristi\u00e0, 4) Cartells\u00a0del temps d\u2019Advent i Nadal Veniu, Senyor Jes\u00fas (Temps lit\u00fargics, 1) D\u00e9u es fa home (Temps lit\u00fargics, 2) Estrella lluminosa per a tots els pobles (Temps lit\u00fargics, [&hellip;]<\/p>\n","protected":false},"author":1,"featured_media":0,"parent":11569,"menu_order":1,"comment_status":"closed","ping_status":"closed","template":"","meta":{"_acf_changed":false,"inline_featured_image":false,"footnotes":""},"class_list":["post-11599","page","type-page","status-publish","hentry"],"acf":[],"yoast_head":"<!-- This site is optimized with the Yoast SEO plugin v27.3 - https:\/\/yoast.com\/product\/yoast-seo-wordpress\/ -->\n<title>Materials per al Temps d\u2019Advent - CPL<\/title>\n<meta name=\"robots\" content=\"index, follow, max-snippet:-1, max-image-preview:large, max-video-preview:-1\" \/>\n<link rel=\"canonical\" href=\"https:\/\/www.cpl.es\/ca\/blog\/vida-liturgica\/temps-liturgics\/materials-recomanats-segons-els-temps-liturgics\/materials-per-al-temps-dadvent\/\" \/>\n<meta property=\"og:locale\" content=\"ca_ES\" \/>\n<meta property=\"og:type\" content=\"article\" \/>\n<meta property=\"og:title\" content=\"Materials per al Temps d\u2019Advent - CPL\" \/>\n<meta property=\"og:description\" content=\"Fulls verds Veniu, Senyor Jes\u00fas (Any cristi\u00e0, 1) La corona d\u2019Advent (Any cristi\u00e0, 2) El Senyor \u00e9s a prop (Any cristi\u00e0, 3) Reconciliar-se a l\u2019Advent (Any cristi\u00e0, 4) Cartells\u00a0del temps d\u2019Advent i Nadal Veniu, Senyor Jes\u00fas (Temps lit\u00fargics, 1) D\u00e9u es fa home (Temps lit\u00fargics, 2) Estrella lluminosa per a tots els pobles (Temps lit\u00fargics, [&hellip;]\" \/>\n<meta property=\"og:url\" content=\"https:\/\/www.cpl.es\/ca\/blog\/vida-liturgica\/temps-liturgics\/materials-recomanats-segons-els-temps-liturgics\/materials-per-al-temps-dadvent\/\" \/>\n<meta property=\"og:site_name\" content=\"CPL\" \/>\n<meta property=\"article:modified_time\" content=\"2026-01-27T08:39:32+00:00\" \/>\n<meta name=\"twitter:card\" content=\"summary_large_image\" \/>\n<meta name=\"twitter:label1\" content=\"Temps estimat de lectura\" \/>\n\t<meta name=\"twitter:data1\" content=\"1 minut\" \/>\n<script type=\"application\/ld+json\" class=\"yoast-schema-graph\">{\"@context\":\"https:\\\/\\\/schema.org\",\"@graph\":[{\"@type\":\"WebPage\",\"@id\":\"https:\\\/\\\/www.cpl.es\\\/ca\\\/blog\\\/vida-liturgica\\\/temps-liturgics\\\/materials-recomanats-segons-els-temps-liturgics\\\/materials-per-al-temps-dadvent\\\/\",\"url\":\"https:\\\/\\\/www.cpl.es\\\/ca\\\/blog\\\/vida-liturgica\\\/temps-liturgics\\\/materials-recomanats-segons-els-temps-liturgics\\\/materials-per-al-temps-dadvent\\\/\",\"name\":\"Materials per al Temps d\u2019Advent - CPL\",\"isPartOf\":{\"@id\":\"https:\\\/\\\/www.cpl.es\\\/#website\"},\"datePublished\":\"2023-12-14T09:28:12+00:00\",\"dateModified\":\"2026-01-27T08:39:32+00:00\",\"breadcrumb\":{\"@id\":\"https:\\\/\\\/www.cpl.es\\\/ca\\\/blog\\\/vida-liturgica\\\/temps-liturgics\\\/materials-recomanats-segons-els-temps-liturgics\\\/materials-per-al-temps-dadvent\\\/#breadcrumb\"},\"inLanguage\":\"ca\",\"potentialAction\":[{\"@type\":\"ReadAction\",\"target\":[\"https:\\\/\\\/www.cpl.es\\\/ca\\\/blog\\\/vida-liturgica\\\/temps-liturgics\\\/materials-recomanats-segons-els-temps-liturgics\\\/materials-per-al-temps-dadvent\\\/\"]}]},{\"@type\":\"BreadcrumbList\",\"@id\":\"https:\\\/\\\/www.cpl.es\\\/ca\\\/blog\\\/vida-liturgica\\\/temps-liturgics\\\/materials-recomanats-segons-els-temps-liturgics\\\/materials-per-al-temps-dadvent\\\/#breadcrumb\",\"itemListElement\":[{\"@type\":\"ListItem\",\"position\":1,\"name\":\"Portada\",\"item\":\"https:\\\/\\\/www.cpl.es\\\/ca\\\/\"},{\"@type\":\"ListItem\",\"position\":2,\"name\":\"Blog\",\"item\":\"https:\\\/\\\/www.cpl.es\\\/ca\\\/blog\\\/\"},{\"@type\":\"ListItem\",\"position\":3,\"name\":\"Vida lit\u00fargica\",\"item\":\"https:\\\/\\\/www.cpl.es\\\/ca\\\/blog\\\/vida-liturgica\\\/\"},{\"@type\":\"ListItem\",\"position\":4,\"name\":\"Temps lit\u00fargics\",\"item\":\"https:\\\/\\\/www.cpl.es\\\/ca\\\/blog\\\/vida-liturgica\\\/temps-liturgics\\\/\"},{\"@type\":\"ListItem\",\"position\":5,\"name\":\"Materials recomanats segons els temps lit\u00fargics\",\"item\":\"https:\\\/\\\/www.cpl.es\\\/ca\\\/blog\\\/vida-liturgica\\\/temps-liturgics\\\/materials-recomanats-segons-els-temps-liturgics\\\/\"},{\"@type\":\"ListItem\",\"position\":6,\"name\":\"Materials per al Temps d\u2019Advent\"}]},{\"@type\":\"WebSite\",\"@id\":\"https:\\\/\\\/www.cpl.es\\\/#website\",\"url\":\"https:\\\/\\\/www.cpl.es\\\/\",\"name\":\"CPL\",\"description\":\"Centre de Pastoral Lit\u00fargica de Barcelona\",\"publisher\":{\"@id\":\"https:\\\/\\\/www.cpl.es\\\/#organization\"},\"alternateName\":\"Centre de Pastoral Lit\u00fargica\",\"potentialAction\":[{\"@type\":\"SearchAction\",\"target\":{\"@type\":\"EntryPoint\",\"urlTemplate\":\"https:\\\/\\\/www.cpl.es\\\/?s={search_term_string}\"},\"query-input\":{\"@type\":\"PropertyValueSpecification\",\"valueRequired\":true,\"valueName\":\"search_term_string\"}}],\"inLanguage\":\"ca\"},{\"@type\":\"Organization\",\"@id\":\"https:\\\/\\\/www.cpl.es\\\/#organization\",\"name\":\"Centre de Pastoral Lit\u00fargica\",\"alternateName\":\"Centre de Pastoral Lit\u00fargica de Barcelona\",\"url\":\"https:\\\/\\\/www.cpl.es\\\/\",\"logo\":{\"@type\":\"ImageObject\",\"inLanguage\":\"ca\",\"@id\":\"https:\\\/\\\/www.cpl.es\\\/#\\\/schema\\\/logo\\\/image\\\/\",\"url\":\"https:\\\/\\\/www.cpl.es\\\/wp-content\\\/uploads\\\/logo-cpl.svg\",\"contentUrl\":\"https:\\\/\\\/www.cpl.es\\\/wp-content\\\/uploads\\\/logo-cpl.svg\",\"caption\":\"Centre de Pastoral Lit\u00fargica\"},\"image\":{\"@id\":\"https:\\\/\\\/www.cpl.es\\\/#\\\/schema\\\/logo\\\/image\\\/\"}}]}<\/script>\n<!-- \/ Yoast SEO plugin. -->","yoast_head_json":{"title":"Materials per al Temps d\u2019Advent - CPL","robots":{"index":"index","follow":"follow","max-snippet":"max-snippet:-1","max-image-preview":"max-image-preview:large","max-video-preview":"max-video-preview:-1"},"canonical":"https:\/\/www.cpl.es\/ca\/blog\/vida-liturgica\/temps-liturgics\/materials-recomanats-segons-els-temps-liturgics\/materials-per-al-temps-dadvent\/","og_locale":"ca_ES","og_type":"article","og_title":"Materials per al Temps d\u2019Advent - CPL","og_description":"Fulls verds Veniu, Senyor Jes\u00fas (Any cristi\u00e0, 1) La corona d\u2019Advent (Any cristi\u00e0, 2) El Senyor \u00e9s a prop (Any cristi\u00e0, 3) Reconciliar-se a l\u2019Advent (Any cristi\u00e0, 4) Cartells\u00a0del temps d\u2019Advent i Nadal Veniu, Senyor Jes\u00fas (Temps lit\u00fargics, 1) D\u00e9u es fa home (Temps lit\u00fargics, 2) Estrella lluminosa per a tots els pobles (Temps lit\u00fargics, [&hellip;]","og_url":"https:\/\/www.cpl.es\/ca\/blog\/vida-liturgica\/temps-liturgics\/materials-recomanats-segons-els-temps-liturgics\/materials-per-al-temps-dadvent\/","og_site_name":"CPL","article_modified_time":"2026-01-27T08:39:32+00:00","twitter_card":"summary_large_image","twitter_misc":{"Temps estimat de lectura":"1 minut"},"schema":{"@context":"https:\/\/schema.org","@graph":[{"@type":"WebPage","@id":"https:\/\/www.cpl.es\/ca\/blog\/vida-liturgica\/temps-liturgics\/materials-recomanats-segons-els-temps-liturgics\/materials-per-al-temps-dadvent\/","url":"https:\/\/www.cpl.es\/ca\/blog\/vida-liturgica\/temps-liturgics\/materials-recomanats-segons-els-temps-liturgics\/materials-per-al-temps-dadvent\/","name":"Materials per al Temps d\u2019Advent - CPL","isPartOf":{"@id":"https:\/\/www.cpl.es\/#website"},"datePublished":"2023-12-14T09:28:12+00:00","dateModified":"2026-01-27T08:39:32+00:00","breadcrumb":{"@id":"https:\/\/www.cpl.es\/ca\/blog\/vida-liturgica\/temps-liturgics\/materials-recomanats-segons-els-temps-liturgics\/materials-per-al-temps-dadvent\/#breadcrumb"},"inLanguage":"ca","potentialAction":[{"@type":"ReadAction","target":["https:\/\/www.cpl.es\/ca\/blog\/vida-liturgica\/temps-liturgics\/materials-recomanats-segons-els-temps-liturgics\/materials-per-al-temps-dadvent\/"]}]},{"@type":"BreadcrumbList","@id":"https:\/\/www.cpl.es\/ca\/blog\/vida-liturgica\/temps-liturgics\/materials-recomanats-segons-els-temps-liturgics\/materials-per-al-temps-dadvent\/#breadcrumb","itemListElement":[{"@type":"ListItem","position":1,"name":"Portada","item":"https:\/\/www.cpl.es\/ca\/"},{"@type":"ListItem","position":2,"name":"Blog","item":"https:\/\/www.cpl.es\/ca\/blog\/"},{"@type":"ListItem","position":3,"name":"Vida lit\u00fargica","item":"https:\/\/www.cpl.es\/ca\/blog\/vida-liturgica\/"},{"@type":"ListItem","position":4,"name":"Temps lit\u00fargics","item":"https:\/\/www.cpl.es\/ca\/blog\/vida-liturgica\/temps-liturgics\/"},{"@type":"ListItem","position":5,"name":"Materials recomanats segons els temps lit\u00fargics","item":"https:\/\/www.cpl.es\/ca\/blog\/vida-liturgica\/temps-liturgics\/materials-recomanats-segons-els-temps-liturgics\/"},{"@type":"ListItem","position":6,"name":"Materials per al Temps d\u2019Advent"}]},{"@type":"WebSite","@id":"https:\/\/www.cpl.es\/#website","url":"https:\/\/www.cpl.es\/","name":"CPL","description":"Centre de Pastoral Lit\u00fargica de Barcelona","publisher":{"@id":"https:\/\/www.cpl.es\/#organization"},"alternateName":"Centre de Pastoral Lit\u00fargica","potentialAction":[{"@type":"SearchAction","target":{"@type":"EntryPoint","urlTemplate":"https:\/\/www.cpl.es\/?s={search_term_string}"},"query-input":{"@type":"PropertyValueSpecification","valueRequired":true,"valueName":"search_term_string"}}],"inLanguage":"ca"},{"@type":"Organization","@id":"https:\/\/www.cpl.es\/#organization","name":"Centre de Pastoral Lit\u00fargica","alternateName":"Centre de Pastoral Lit\u00fargica de Barcelona","url":"https:\/\/www.cpl.es\/","logo":{"@type":"ImageObject","inLanguage":"ca","@id":"https:\/\/www.cpl.es\/#\/schema\/logo\/image\/","url":"https:\/\/www.cpl.es\/wp-content\/uploads\/logo-cpl.svg","contentUrl":"https:\/\/www.cpl.es\/wp-content\/uploads\/logo-cpl.svg","caption":"Centre de Pastoral Lit\u00fargica"},"image":{"@id":"https:\/\/www.cpl.es\/#\/schema\/logo\/image\/"}}]}},"_links":{"self":[{"href":"https:\/\/www.cpl.es\/ca\/wp-json\/wp\/v2\/pages\/11599","targetHints":{"allow":["GET"]}}],"collection":[{"href":"https:\/\/www.cpl.es\/ca\/wp-json\/wp\/v2\/pages"}],"about":[{"href":"https:\/\/www.cpl.es\/ca\/wp-json\/wp\/v2\/types\/page"}],"author":[{"embeddable":true,"href":"https:\/\/www.cpl.es\/ca\/wp-json\/wp\/v2\/users\/1"}],"replies":[{"embeddable":true,"href":"https:\/\/www.cpl.es\/ca\/wp-json\/wp\/v2\/comments?post=11599"}],"version-history":[{"count":3,"href":"https:\/\/www.cpl.es\/ca\/wp-json\/wp\/v2\/pages\/11599\/revisions"}],"predecessor-version":[{"id":23147,"href":"https:\/\/www.cpl.es\/ca\/wp-json\/wp\/v2\/pages\/11599\/revisions\/23147"}],"up":[{"embeddable":true,"href":"https:\/\/www.cpl.es\/ca\/wp-json\/wp\/v2\/pages\/11569"}],"wp:attachment":[{"href":"https:\/\/www.cpl.es\/ca\/wp-json\/wp\/v2\/media?parent=11599"}],"curies":[{"name":"wp","href":"https:\/\/api.w.org\/{rel}","templated":true}]}}