{"id":11575,"date":"2023-11-29T16:28:31","date_gmt":"2023-11-29T15:28:31","guid":{"rendered":"https:\/\/nuevaweb.cpl.es\/?page_id=11575"},"modified":"2026-01-27T09:47:58","modified_gmt":"2026-01-27T08:47:58","slug":"descarrega-de-materials-del-cpl-en-relacio-amb-els-temps-liturgics","status":"publish","type":"page","link":"https:\/\/www.cpl.es\/ca\/blog\/vida-liturgica\/temps-liturgics\/descarrega-de-materials-del-cpl-en-relacio-amb-els-temps-liturgics\/","title":{"rendered":"Desc\u00e0rrega de materials del CPL en relaci\u00f3 amb els temps lit\u00fargics"},"content":{"rendered":"<div id=\"pl-11575\"  class=\"panel-layout\" ><div id=\"pg-11575-0\"  class=\"panel-grid panel-no-style\" ><div id=\"pgc-11575-0-0\"  class=\"panel-grid-cell\" ><div id=\"panel-11575-0-0-0\" class=\"so-panel widget widget_sow-editor panel-first-child panel-last-child\" data-index=\"0\" ><div\n\t\t\t\n\t\t\tclass=\"so-widget-sow-editor so-widget-sow-editor-base\"\n\t\t\t\n\t\t>\n<div class=\"siteorigin-widget-tinymce textwidget\">\n\t<ul>\n<li><a href=\"\/wp-content\/uploads\/SantJosep.pdf\" target=\"_blank\" rel=\"noopener\">Solemnitat de Sant Josep. Orientacions, notes exeg\u00e8tiques, projectes d\u2019homilia, fulls per a la celebraci\u00f3, cant<\/a><\/li>\n<li><a href=\"https:\/\/www.cpl.es\/wp-content\/uploads\/Tots-sants-i-fidels-difunts.pdf\" target=\"_blank\" rel=\"noopener\">Tots Sants i Fidels Difunts<\/a><\/li>\n<li><a href=\"https:\/\/www.cpl.es\/wp-content\/uploads\/Full-verd-cants-Advent_mod.pdf\" target=\"_blank\" rel=\"noopener\">Cants per a les celebracions d\u2019Advent i la Pur\u00edssima<\/a><\/li>\n<li><a href=\"https:\/\/www.cpl.es\/wp-content\/uploads\/Full-verd-cants-Nadal.pdf\" target=\"_blank\" rel=\"noopener\">Cants per a les celebracions de Nadal<\/a><\/li>\n<li><a href=\"\/wp-content\/uploads\/Lectures-SF-Baptisme-cicle-C.pdf\" target=\"_blank\" rel=\"noopener\">Lectures Sagrada Fam\u00edlia i Baptisme del Senyor Cicle C<\/a><\/li>\n<li><a href=\"\/wp-content\/uploads\/Cants-Quaresma.pdf\" target=\"_blank\" rel=\"noopener\">Cants per a les misses del temps de Quaresma<\/a><\/li>\n<li><a href=\"\/wp-content\/uploads\/Via-crucis-infantil.pdf\" target=\"_blank\" rel=\"noopener\">Viacrucis per a infants<\/a><\/li>\n<li><a href=\"\/wp-content\/uploads\/Cants-Setmana-Santa.pdf\" target=\"_blank\" rel=\"noopener\">Cants per a les celebracions de Setmana Santa<\/a><\/li>\n<li><a href=\"\/wp-content\/uploads\/Per-vostra-passio-sagrada.pdf\" target=\"_blank\" rel=\"attachment noopener wp-att-821\">Per vostra passi\u00f3 sagrada, una nova versi\u00f3 per al moment actual<\/a><\/li>\n<li><a href=\"\/wp-content\/uploads\/Cants-Pasqua.pdf\" target=\"_blank\" rel=\"noopener\">Cants per a les celebracions de Pasqua<\/a><\/li>\n<\/ul>\n<h2>Fulls verds \u201cAny cristi\u00e0\u201d<\/h2>\n<ul>\n<li><a href=\"\/wp-content\/uploads\/01-Advent.pdf\" target=\"_blank\" rel=\"noopener\">Advent. Veniu, Se\u00f1or Jes\u00fas!<\/a><br \/>\nUs esperem ara, per Nadal, infant petit a Betlem. Us esperem dia rere dia, en el cam\u00ed de les nostres vides. Us esperem al fi nal de tot, en la vida plena del Regne.<\/li>\n<li><a href=\"\/wp-content\/uploads\/02-Es-Nadal.pdf\" target=\"_blank\" rel=\"noopener\">\u00c9s Nadal!<\/a><br \/>\nPer Nadal celebrem, amb tot el goig, que aquell que \u00e9s la Llum i la\u00a0Vida, el Sentit de tot, \u00e9s aqu\u00ed\u2026<\/li>\n<li><a href=\"\/wp-content\/uploads\/03-Nadal-familia.pdf\" target=\"_blank\" rel=\"noopener\">Nadal en fam\u00edlia<\/a><br \/>\nEl pessebre, la imatge del Nen Jes\u00fas, l\u2019arbre\u2026<\/li>\n<li><a href=\"\/wp-content\/uploads\/04-Nadal.pdf\" target=\"_blank\" rel=\"noopener\">Qu\u00e8 \u00e9s Nadal\u00a0<\/a><br \/>\nNadal \u00e9s un misteri amarat de pobresa.\u00a0Nadal \u00e9s un misteri que reclama la fe. Nadal \u00e9s un misteri que ens convida a ser contemplatius.\u00a0Nadal \u00e9s un misteri ple d\u2019amor.<\/li>\n<\/ul>\n<p><a href=\"https:\/\/www.cpl.es\/ca\/blog\/vida-liturgica\/cartells-i-targetons-md\/\" target=\"_blank\" rel=\"noopener\">Aqu\u00ed trobar\u00e0s els cartells i targetons MD: any lit\u00fargic, sagraments, vida cristiana, preg\u00e0ries.<\/a><\/p>\n<\/div>\n<\/div><\/div><\/div><\/div><\/div>","protected":false},"excerpt":{"rendered":"<p>Solemnitat de Sant Josep. Orientacions, notes exeg\u00e8tiques, projectes d\u2019homilia, fulls per a la celebraci\u00f3, cant Tots Sants i Fidels Difunts Cants per a les celebracions d\u2019Advent i la Pur\u00edssima Cants per a les celebracions de Nadal Lectures Sagrada Fam\u00edlia i Baptisme del Senyor Cicle C Cants per a les misses del temps de Quaresma Viacrucis [&hellip;]<\/p>\n","protected":false},"author":1,"featured_media":0,"parent":11490,"menu_order":8,"comment_status":"closed","ping_status":"closed","template":"","meta":{"_acf_changed":false,"inline_featured_image":false,"footnotes":""},"class_list":["post-11575","page","type-page","status-publish","hentry"],"acf":[],"yoast_head":"<!-- This site is optimized with the Yoast SEO plugin v27.3 - https:\/\/yoast.com\/product\/yoast-seo-wordpress\/ -->\n<title>Desc\u00e0rrega de materials del CPL en relaci\u00f3 amb els temps lit\u00fargics - CPL<\/title>\n<meta name=\"robots\" content=\"index, follow, max-snippet:-1, max-image-preview:large, max-video-preview:-1\" \/>\n<link rel=\"canonical\" href=\"https:\/\/www.cpl.es\/ca\/blog\/vida-liturgica\/temps-liturgics\/descarrega-de-materials-del-cpl-en-relacio-amb-els-temps-liturgics\/\" \/>\n<meta property=\"og:locale\" content=\"ca_ES\" \/>\n<meta property=\"og:type\" content=\"article\" \/>\n<meta property=\"og:title\" content=\"Desc\u00e0rrega de materials del CPL en relaci\u00f3 amb els temps lit\u00fargics - CPL\" \/>\n<meta property=\"og:description\" content=\"Solemnitat de Sant Josep. Orientacions, notes exeg\u00e8tiques, projectes d\u2019homilia, fulls per a la celebraci\u00f3, cant Tots Sants i Fidels Difunts Cants per a les celebracions d\u2019Advent i la Pur\u00edssima Cants per a les celebracions de Nadal Lectures Sagrada Fam\u00edlia i Baptisme del Senyor Cicle C Cants per a les misses del temps de Quaresma Viacrucis [&hellip;]\" \/>\n<meta property=\"og:url\" content=\"https:\/\/www.cpl.es\/ca\/blog\/vida-liturgica\/temps-liturgics\/descarrega-de-materials-del-cpl-en-relacio-amb-els-temps-liturgics\/\" \/>\n<meta property=\"og:site_name\" content=\"CPL\" \/>\n<meta property=\"article:modified_time\" content=\"2026-01-27T08:47:58+00:00\" \/>\n<meta name=\"twitter:card\" content=\"summary_large_image\" \/>\n<meta name=\"twitter:label1\" content=\"Temps estimat de lectura\" \/>\n\t<meta name=\"twitter:data1\" content=\"2 minuts\" \/>\n<script type=\"application\/ld+json\" class=\"yoast-schema-graph\">{\"@context\":\"https:\\\/\\\/schema.org\",\"@graph\":[{\"@type\":\"WebPage\",\"@id\":\"https:\\\/\\\/www.cpl.es\\\/ca\\\/blog\\\/vida-liturgica\\\/temps-liturgics\\\/descarrega-de-materials-del-cpl-en-relacio-amb-els-temps-liturgics\\\/\",\"url\":\"https:\\\/\\\/www.cpl.es\\\/ca\\\/blog\\\/vida-liturgica\\\/temps-liturgics\\\/descarrega-de-materials-del-cpl-en-relacio-amb-els-temps-liturgics\\\/\",\"name\":\"Desc\u00e0rrega de materials del CPL en relaci\u00f3 amb els temps lit\u00fargics - CPL\",\"isPartOf\":{\"@id\":\"https:\\\/\\\/www.cpl.es\\\/#website\"},\"datePublished\":\"2023-11-29T15:28:31+00:00\",\"dateModified\":\"2026-01-27T08:47:58+00:00\",\"breadcrumb\":{\"@id\":\"https:\\\/\\\/www.cpl.es\\\/ca\\\/blog\\\/vida-liturgica\\\/temps-liturgics\\\/descarrega-de-materials-del-cpl-en-relacio-amb-els-temps-liturgics\\\/#breadcrumb\"},\"inLanguage\":\"ca\",\"potentialAction\":[{\"@type\":\"ReadAction\",\"target\":[\"https:\\\/\\\/www.cpl.es\\\/ca\\\/blog\\\/vida-liturgica\\\/temps-liturgics\\\/descarrega-de-materials-del-cpl-en-relacio-amb-els-temps-liturgics\\\/\"]}]},{\"@type\":\"BreadcrumbList\",\"@id\":\"https:\\\/\\\/www.cpl.es\\\/ca\\\/blog\\\/vida-liturgica\\\/temps-liturgics\\\/descarrega-de-materials-del-cpl-en-relacio-amb-els-temps-liturgics\\\/#breadcrumb\",\"itemListElement\":[{\"@type\":\"ListItem\",\"position\":1,\"name\":\"Portada\",\"item\":\"https:\\\/\\\/www.cpl.es\\\/ca\\\/\"},{\"@type\":\"ListItem\",\"position\":2,\"name\":\"Blog\",\"item\":\"https:\\\/\\\/www.cpl.es\\\/ca\\\/blog\\\/\"},{\"@type\":\"ListItem\",\"position\":3,\"name\":\"Vida lit\u00fargica\",\"item\":\"https:\\\/\\\/www.cpl.es\\\/ca\\\/blog\\\/vida-liturgica\\\/\"},{\"@type\":\"ListItem\",\"position\":4,\"name\":\"Temps lit\u00fargics\",\"item\":\"https:\\\/\\\/www.cpl.es\\\/ca\\\/blog\\\/vida-liturgica\\\/temps-liturgics\\\/\"},{\"@type\":\"ListItem\",\"position\":5,\"name\":\"Desc\u00e0rrega de materials del CPL en relaci\u00f3 amb els temps lit\u00fargics\"}]},{\"@type\":\"WebSite\",\"@id\":\"https:\\\/\\\/www.cpl.es\\\/#website\",\"url\":\"https:\\\/\\\/www.cpl.es\\\/\",\"name\":\"CPL\",\"description\":\"Centre de Pastoral Lit\u00fargica de Barcelona\",\"publisher\":{\"@id\":\"https:\\\/\\\/www.cpl.es\\\/#organization\"},\"alternateName\":\"Centre de Pastoral Lit\u00fargica\",\"potentialAction\":[{\"@type\":\"SearchAction\",\"target\":{\"@type\":\"EntryPoint\",\"urlTemplate\":\"https:\\\/\\\/www.cpl.es\\\/?s={search_term_string}\"},\"query-input\":{\"@type\":\"PropertyValueSpecification\",\"valueRequired\":true,\"valueName\":\"search_term_string\"}}],\"inLanguage\":\"ca\"},{\"@type\":\"Organization\",\"@id\":\"https:\\\/\\\/www.cpl.es\\\/#organization\",\"name\":\"Centre de Pastoral Lit\u00fargica\",\"alternateName\":\"Centre de Pastoral Lit\u00fargica de Barcelona\",\"url\":\"https:\\\/\\\/www.cpl.es\\\/\",\"logo\":{\"@type\":\"ImageObject\",\"inLanguage\":\"ca\",\"@id\":\"https:\\\/\\\/www.cpl.es\\\/#\\\/schema\\\/logo\\\/image\\\/\",\"url\":\"https:\\\/\\\/www.cpl.es\\\/wp-content\\\/uploads\\\/logo-cpl.svg\",\"contentUrl\":\"https:\\\/\\\/www.cpl.es\\\/wp-content\\\/uploads\\\/logo-cpl.svg\",\"caption\":\"Centre de Pastoral Lit\u00fargica\"},\"image\":{\"@id\":\"https:\\\/\\\/www.cpl.es\\\/#\\\/schema\\\/logo\\\/image\\\/\"}}]}<\/script>\n<!-- \/ Yoast SEO plugin. -->","yoast_head_json":{"title":"Desc\u00e0rrega de materials del CPL en relaci\u00f3 amb els temps lit\u00fargics - CPL","robots":{"index":"index","follow":"follow","max-snippet":"max-snippet:-1","max-image-preview":"max-image-preview:large","max-video-preview":"max-video-preview:-1"},"canonical":"https:\/\/www.cpl.es\/ca\/blog\/vida-liturgica\/temps-liturgics\/descarrega-de-materials-del-cpl-en-relacio-amb-els-temps-liturgics\/","og_locale":"ca_ES","og_type":"article","og_title":"Desc\u00e0rrega de materials del CPL en relaci\u00f3 amb els temps lit\u00fargics - CPL","og_description":"Solemnitat de Sant Josep. Orientacions, notes exeg\u00e8tiques, projectes d\u2019homilia, fulls per a la celebraci\u00f3, cant Tots Sants i Fidels Difunts Cants per a les celebracions d\u2019Advent i la Pur\u00edssima Cants per a les celebracions de Nadal Lectures Sagrada Fam\u00edlia i Baptisme del Senyor Cicle C Cants per a les misses del temps de Quaresma Viacrucis [&hellip;]","og_url":"https:\/\/www.cpl.es\/ca\/blog\/vida-liturgica\/temps-liturgics\/descarrega-de-materials-del-cpl-en-relacio-amb-els-temps-liturgics\/","og_site_name":"CPL","article_modified_time":"2026-01-27T08:47:58+00:00","twitter_card":"summary_large_image","twitter_misc":{"Temps estimat de lectura":"2 minuts"},"schema":{"@context":"https:\/\/schema.org","@graph":[{"@type":"WebPage","@id":"https:\/\/www.cpl.es\/ca\/blog\/vida-liturgica\/temps-liturgics\/descarrega-de-materials-del-cpl-en-relacio-amb-els-temps-liturgics\/","url":"https:\/\/www.cpl.es\/ca\/blog\/vida-liturgica\/temps-liturgics\/descarrega-de-materials-del-cpl-en-relacio-amb-els-temps-liturgics\/","name":"Desc\u00e0rrega de materials del CPL en relaci\u00f3 amb els temps lit\u00fargics - CPL","isPartOf":{"@id":"https:\/\/www.cpl.es\/#website"},"datePublished":"2023-11-29T15:28:31+00:00","dateModified":"2026-01-27T08:47:58+00:00","breadcrumb":{"@id":"https:\/\/www.cpl.es\/ca\/blog\/vida-liturgica\/temps-liturgics\/descarrega-de-materials-del-cpl-en-relacio-amb-els-temps-liturgics\/#breadcrumb"},"inLanguage":"ca","potentialAction":[{"@type":"ReadAction","target":["https:\/\/www.cpl.es\/ca\/blog\/vida-liturgica\/temps-liturgics\/descarrega-de-materials-del-cpl-en-relacio-amb-els-temps-liturgics\/"]}]},{"@type":"BreadcrumbList","@id":"https:\/\/www.cpl.es\/ca\/blog\/vida-liturgica\/temps-liturgics\/descarrega-de-materials-del-cpl-en-relacio-amb-els-temps-liturgics\/#breadcrumb","itemListElement":[{"@type":"ListItem","position":1,"name":"Portada","item":"https:\/\/www.cpl.es\/ca\/"},{"@type":"ListItem","position":2,"name":"Blog","item":"https:\/\/www.cpl.es\/ca\/blog\/"},{"@type":"ListItem","position":3,"name":"Vida lit\u00fargica","item":"https:\/\/www.cpl.es\/ca\/blog\/vida-liturgica\/"},{"@type":"ListItem","position":4,"name":"Temps lit\u00fargics","item":"https:\/\/www.cpl.es\/ca\/blog\/vida-liturgica\/temps-liturgics\/"},{"@type":"ListItem","position":5,"name":"Desc\u00e0rrega de materials del CPL en relaci\u00f3 amb els temps lit\u00fargics"}]},{"@type":"WebSite","@id":"https:\/\/www.cpl.es\/#website","url":"https:\/\/www.cpl.es\/","name":"CPL","description":"Centre de Pastoral Lit\u00fargica de Barcelona","publisher":{"@id":"https:\/\/www.cpl.es\/#organization"},"alternateName":"Centre de Pastoral Lit\u00fargica","potentialAction":[{"@type":"SearchAction","target":{"@type":"EntryPoint","urlTemplate":"https:\/\/www.cpl.es\/?s={search_term_string}"},"query-input":{"@type":"PropertyValueSpecification","valueRequired":true,"valueName":"search_term_string"}}],"inLanguage":"ca"},{"@type":"Organization","@id":"https:\/\/www.cpl.es\/#organization","name":"Centre de Pastoral Lit\u00fargica","alternateName":"Centre de Pastoral Lit\u00fargica de Barcelona","url":"https:\/\/www.cpl.es\/","logo":{"@type":"ImageObject","inLanguage":"ca","@id":"https:\/\/www.cpl.es\/#\/schema\/logo\/image\/","url":"https:\/\/www.cpl.es\/wp-content\/uploads\/logo-cpl.svg","contentUrl":"https:\/\/www.cpl.es\/wp-content\/uploads\/logo-cpl.svg","caption":"Centre de Pastoral Lit\u00fargica"},"image":{"@id":"https:\/\/www.cpl.es\/#\/schema\/logo\/image\/"}}]}},"_links":{"self":[{"href":"https:\/\/www.cpl.es\/ca\/wp-json\/wp\/v2\/pages\/11575","targetHints":{"allow":["GET"]}}],"collection":[{"href":"https:\/\/www.cpl.es\/ca\/wp-json\/wp\/v2\/pages"}],"about":[{"href":"https:\/\/www.cpl.es\/ca\/wp-json\/wp\/v2\/types\/page"}],"author":[{"embeddable":true,"href":"https:\/\/www.cpl.es\/ca\/wp-json\/wp\/v2\/users\/1"}],"replies":[{"embeddable":true,"href":"https:\/\/www.cpl.es\/ca\/wp-json\/wp\/v2\/comments?post=11575"}],"version-history":[{"count":3,"href":"https:\/\/www.cpl.es\/ca\/wp-json\/wp\/v2\/pages\/11575\/revisions"}],"predecessor-version":[{"id":23151,"href":"https:\/\/www.cpl.es\/ca\/wp-json\/wp\/v2\/pages\/11575\/revisions\/23151"}],"up":[{"embeddable":true,"href":"https:\/\/www.cpl.es\/ca\/wp-json\/wp\/v2\/pages\/11490"}],"wp:attachment":[{"href":"https:\/\/www.cpl.es\/ca\/wp-json\/wp\/v2\/media?parent=11575"}],"curies":[{"name":"wp","href":"https:\/\/api.w.org\/{rel}","templated":true}]}}