{"id":11567,"date":"2023-11-29T18:12:38","date_gmt":"2023-11-29T17:12:38","guid":{"rendered":"https:\/\/nuevaweb.cpl.es\/?page_id=11567"},"modified":"2023-12-14T10:08:51","modified_gmt":"2023-12-14T09:08:51","slug":"les-lectures-ferials-del-temps-de-durant-lany","status":"publish","type":"page","link":"https:\/\/www.cpl.es\/ca\/blog\/vida-liturgica\/temps-liturgics\/el-temps-de-durant-lany\/les-lectures-ferials-del-temps-de-durant-lany\/","title":{"rendered":"Les lectures ferials del temps de durant l\u2019any"},"content":{"rendered":"<div id=\"pl-11567\"  class=\"panel-layout\" ><div id=\"pg-11567-0\"  class=\"panel-grid panel-no-style\" ><div id=\"pgc-11567-0-0\"  class=\"panel-grid-cell\" ><div id=\"panel-11567-0-0-0\" class=\"so-panel widget widget_sow-editor panel-first-child panel-last-child\" data-index=\"0\" ><div\n\t\t\t\n\t\t\tclass=\"so-widget-sow-editor so-widget-sow-editor-base\"\n\t\t\t\n\t\t>\n<div class=\"siteorigin-widget-tinymce textwidget\">\n\t<p><img decoding=\"async\" class=\"alignnone size-full wp-image-9505\" src=\"https:\/\/www.cpl.es\/wp-content\/uploads\/373-les-lectures-ferials-e1436781907908.jpg\" alt=\"\" width=\"372\" height=\"212\" srcset=\"https:\/\/www.cpl.es\/wp-content\/uploads\/\/373-les-lectures-ferials-e1436781907908.jpg 372w, https:\/\/www.cpl.es\/wp-content\/uploads\/\/373-les-lectures-ferials-e1436781907908-300x171.jpg 300w\" sizes=\"auto, (max-width: 372px) 100vw, 372px\" \/ fetchpriority=\"high\"><\/p>\n<p>En els dies feiners del temps de durant l\u2019any (tamb\u00e9 anomenats \u201cdies ferials\u201d), les lectures estan organitzades en un seguit de trenta-quatre setmanes. A difer\u00e8ncia dels diumenges, els dies ferials nom\u00e9s tenen una primera lectura i l\u2019evangeli. Cal dir que ambdues lectures segueixen dues l\u00ednies diferents i sense relaci\u00f3.<\/p>\n<p>L\u2019evangeli es repeteix cada any igual i ens ofereix una lectura cont\u00ednua dels tres evang\u00e8lics sin\u00f2ptics, un darrere l\u2019altre. Comencem per Marc \u2013amb una lectura que dura nou setmanes\u2013, perqu\u00e8 \u00e9s el m\u00e9s antic, seguim amb Mateu \u2013que dura dotze setmanes\u2013 i acabem amb Lluc \u2013que dura tretze setmanes\u2013. No llegim els textos de la passi\u00f3 i la resurrecci\u00f3, com tampoc els evangelis de la inf\u00e0ncia de Jes\u00fas, que es llegeixen en els seus temps propis. Tamb\u00e9 se salten alguns passatges que estan repetits en tots tres evangelis o en dos d\u2019ells.<\/p>\n<p>En canvi, la primera lectura, est\u00e0 distribu\u00efda al llarg de dos anys, en qu\u00e8 es llegeixen llibres tant de l\u2019Antic Testament com del Nou Testament. Els llibres de l\u2019Antic Testament com els del Nou Testament no es llegeixen seguint l\u2019ordre de la B\u00edblia, sin\u00f3 que es van alternant, per tal de tenir una mirada \u00e0mplia i variada del missatge de salvaci\u00f3. De tot aquest conjunt de llibres se n\u2019han seleccionat els passatges m\u00e9s rellevants, si b\u00e9 amb diferent criteri: en el cas de les cartes apost\u00f2liques (Nou Testament) es mira d\u2019anar seguint el fil de cada carta; en els llibres de l\u2019Antic Testament, la selecci\u00f3 \u00e9s m\u00e9s una tria de passatges significatius.<\/p>\n<\/div>\n<\/div><\/div><\/div><\/div><\/div>","protected":false},"excerpt":{"rendered":"<p>En els dies feiners del temps de durant l\u2019any (tamb\u00e9 anomenats \u201cdies ferials\u201d), les lectures estan organitzades en un seguit de trenta-quatre setmanes. A difer\u00e8ncia dels diumenges, els dies ferials nom\u00e9s tenen una primera lectura i l\u2019evangeli. Cal dir que ambdues lectures segueixen dues l\u00ednies diferents i sense relaci\u00f3. L\u2019evangeli es repeteix cada any igual [&hellip;]<\/p>\n","protected":false},"author":1,"featured_media":0,"parent":11561,"menu_order":3,"comment_status":"closed","ping_status":"closed","template":"","meta":{"_acf_changed":false,"inline_featured_image":false,"footnotes":""},"class_list":["post-11567","page","type-page","status-publish","hentry"],"acf":[],"yoast_head":"<!-- This site is optimized with the Yoast SEO plugin v27.3 - https:\/\/yoast.com\/product\/yoast-seo-wordpress\/ -->\n<title>Les lectures ferials del temps de durant l\u2019any - CPL<\/title>\n<meta name=\"robots\" content=\"index, follow, max-snippet:-1, max-image-preview:large, max-video-preview:-1\" \/>\n<link rel=\"canonical\" href=\"https:\/\/www.cpl.es\/ca\/blog\/vida-liturgica\/temps-liturgics\/el-temps-de-durant-lany\/les-lectures-ferials-del-temps-de-durant-lany\/\" \/>\n<meta property=\"og:locale\" content=\"ca_ES\" \/>\n<meta property=\"og:type\" content=\"article\" \/>\n<meta property=\"og:title\" content=\"Les lectures ferials del temps de durant l\u2019any - CPL\" \/>\n<meta property=\"og:description\" content=\"En els dies feiners del temps de durant l\u2019any (tamb\u00e9 anomenats \u201cdies ferials\u201d), les lectures estan organitzades en un seguit de trenta-quatre setmanes. A difer\u00e8ncia dels diumenges, els dies ferials nom\u00e9s tenen una primera lectura i l\u2019evangeli. Cal dir que ambdues lectures segueixen dues l\u00ednies diferents i sense relaci\u00f3. L\u2019evangeli es repeteix cada any igual [&hellip;]\" \/>\n<meta property=\"og:url\" content=\"https:\/\/www.cpl.es\/ca\/blog\/vida-liturgica\/temps-liturgics\/el-temps-de-durant-lany\/les-lectures-ferials-del-temps-de-durant-lany\/\" \/>\n<meta property=\"og:site_name\" content=\"CPL\" \/>\n<meta property=\"article:modified_time\" content=\"2023-12-14T09:08:51+00:00\" \/>\n<meta property=\"og:image\" content=\"https:\/\/www.cpl.es\/wp-content\/uploads\/373-les-lectures-ferials-e1436781907908.jpg\" \/>\n\t<meta property=\"og:image:width\" content=\"372\" \/>\n\t<meta property=\"og:image:height\" content=\"212\" \/>\n\t<meta property=\"og:image:type\" content=\"image\/jpeg\" \/>\n<meta name=\"twitter:card\" content=\"summary_large_image\" \/>\n<meta name=\"twitter:label1\" content=\"Temps estimat de lectura\" \/>\n\t<meta name=\"twitter:data1\" content=\"1 minut\" \/>\n<script type=\"application\/ld+json\" class=\"yoast-schema-graph\">{\"@context\":\"https:\\\/\\\/schema.org\",\"@graph\":[{\"@type\":\"WebPage\",\"@id\":\"https:\\\/\\\/www.cpl.es\\\/ca\\\/blog\\\/vida-liturgica\\\/temps-liturgics\\\/el-temps-de-durant-lany\\\/les-lectures-ferials-del-temps-de-durant-lany\\\/\",\"url\":\"https:\\\/\\\/www.cpl.es\\\/ca\\\/blog\\\/vida-liturgica\\\/temps-liturgics\\\/el-temps-de-durant-lany\\\/les-lectures-ferials-del-temps-de-durant-lany\\\/\",\"name\":\"Les lectures ferials del temps de durant l\u2019any - CPL\",\"isPartOf\":{\"@id\":\"https:\\\/\\\/www.cpl.es\\\/#website\"},\"primaryImageOfPage\":{\"@id\":\"https:\\\/\\\/www.cpl.es\\\/ca\\\/blog\\\/vida-liturgica\\\/temps-liturgics\\\/el-temps-de-durant-lany\\\/les-lectures-ferials-del-temps-de-durant-lany\\\/#primaryimage\"},\"image\":{\"@id\":\"https:\\\/\\\/www.cpl.es\\\/ca\\\/blog\\\/vida-liturgica\\\/temps-liturgics\\\/el-temps-de-durant-lany\\\/les-lectures-ferials-del-temps-de-durant-lany\\\/#primaryimage\"},\"thumbnailUrl\":\"https:\\\/\\\/www.cpl.es\\\/wp-content\\\/uploads\\\/373-les-lectures-ferials-e1436781907908.jpg\",\"datePublished\":\"2023-11-29T17:12:38+00:00\",\"dateModified\":\"2023-12-14T09:08:51+00:00\",\"breadcrumb\":{\"@id\":\"https:\\\/\\\/www.cpl.es\\\/ca\\\/blog\\\/vida-liturgica\\\/temps-liturgics\\\/el-temps-de-durant-lany\\\/les-lectures-ferials-del-temps-de-durant-lany\\\/#breadcrumb\"},\"inLanguage\":\"ca\",\"potentialAction\":[{\"@type\":\"ReadAction\",\"target\":[\"https:\\\/\\\/www.cpl.es\\\/ca\\\/blog\\\/vida-liturgica\\\/temps-liturgics\\\/el-temps-de-durant-lany\\\/les-lectures-ferials-del-temps-de-durant-lany\\\/\"]}]},{\"@type\":\"ImageObject\",\"inLanguage\":\"ca\",\"@id\":\"https:\\\/\\\/www.cpl.es\\\/ca\\\/blog\\\/vida-liturgica\\\/temps-liturgics\\\/el-temps-de-durant-lany\\\/les-lectures-ferials-del-temps-de-durant-lany\\\/#primaryimage\",\"url\":\"https:\\\/\\\/www.cpl.es\\\/wp-content\\\/uploads\\\/373-les-lectures-ferials-e1436781907908.jpg\",\"contentUrl\":\"https:\\\/\\\/www.cpl.es\\\/wp-content\\\/uploads\\\/373-les-lectures-ferials-e1436781907908.jpg\"},{\"@type\":\"BreadcrumbList\",\"@id\":\"https:\\\/\\\/www.cpl.es\\\/ca\\\/blog\\\/vida-liturgica\\\/temps-liturgics\\\/el-temps-de-durant-lany\\\/les-lectures-ferials-del-temps-de-durant-lany\\\/#breadcrumb\",\"itemListElement\":[{\"@type\":\"ListItem\",\"position\":1,\"name\":\"Portada\",\"item\":\"https:\\\/\\\/www.cpl.es\\\/ca\\\/\"},{\"@type\":\"ListItem\",\"position\":2,\"name\":\"Blog\",\"item\":\"https:\\\/\\\/www.cpl.es\\\/ca\\\/blog\\\/\"},{\"@type\":\"ListItem\",\"position\":3,\"name\":\"Vida lit\u00fargica\",\"item\":\"https:\\\/\\\/www.cpl.es\\\/ca\\\/blog\\\/vida-liturgica\\\/\"},{\"@type\":\"ListItem\",\"position\":4,\"name\":\"Temps lit\u00fargics\",\"item\":\"https:\\\/\\\/www.cpl.es\\\/ca\\\/blog\\\/vida-liturgica\\\/temps-liturgics\\\/\"},{\"@type\":\"ListItem\",\"position\":5,\"name\":\"El temps de durant l\u2019any\",\"item\":\"https:\\\/\\\/www.cpl.es\\\/ca\\\/blog\\\/vida-liturgica\\\/temps-liturgics\\\/el-temps-de-durant-lany\\\/\"},{\"@type\":\"ListItem\",\"position\":6,\"name\":\"Les lectures ferials del temps de durant l\u2019any\"}]},{\"@type\":\"WebSite\",\"@id\":\"https:\\\/\\\/www.cpl.es\\\/#website\",\"url\":\"https:\\\/\\\/www.cpl.es\\\/\",\"name\":\"CPL\",\"description\":\"Centre de Pastoral Lit\u00fargica de Barcelona\",\"publisher\":{\"@id\":\"https:\\\/\\\/www.cpl.es\\\/#organization\"},\"alternateName\":\"Centre de Pastoral Lit\u00fargica\",\"potentialAction\":[{\"@type\":\"SearchAction\",\"target\":{\"@type\":\"EntryPoint\",\"urlTemplate\":\"https:\\\/\\\/www.cpl.es\\\/?s={search_term_string}\"},\"query-input\":{\"@type\":\"PropertyValueSpecification\",\"valueRequired\":true,\"valueName\":\"search_term_string\"}}],\"inLanguage\":\"ca\"},{\"@type\":\"Organization\",\"@id\":\"https:\\\/\\\/www.cpl.es\\\/#organization\",\"name\":\"Centre de Pastoral Lit\u00fargica\",\"alternateName\":\"Centre de Pastoral Lit\u00fargica de Barcelona\",\"url\":\"https:\\\/\\\/www.cpl.es\\\/\",\"logo\":{\"@type\":\"ImageObject\",\"inLanguage\":\"ca\",\"@id\":\"https:\\\/\\\/www.cpl.es\\\/#\\\/schema\\\/logo\\\/image\\\/\",\"url\":\"https:\\\/\\\/www.cpl.es\\\/wp-content\\\/uploads\\\/logo-cpl.svg\",\"contentUrl\":\"https:\\\/\\\/www.cpl.es\\\/wp-content\\\/uploads\\\/logo-cpl.svg\",\"caption\":\"Centre de Pastoral Lit\u00fargica\"},\"image\":{\"@id\":\"https:\\\/\\\/www.cpl.es\\\/#\\\/schema\\\/logo\\\/image\\\/\"}}]}<\/script>\n<!-- \/ Yoast SEO plugin. -->","yoast_head_json":{"title":"Les lectures ferials del temps de durant l\u2019any - CPL","robots":{"index":"index","follow":"follow","max-snippet":"max-snippet:-1","max-image-preview":"max-image-preview:large","max-video-preview":"max-video-preview:-1"},"canonical":"https:\/\/www.cpl.es\/ca\/blog\/vida-liturgica\/temps-liturgics\/el-temps-de-durant-lany\/les-lectures-ferials-del-temps-de-durant-lany\/","og_locale":"ca_ES","og_type":"article","og_title":"Les lectures ferials del temps de durant l\u2019any - CPL","og_description":"En els dies feiners del temps de durant l\u2019any (tamb\u00e9 anomenats \u201cdies ferials\u201d), les lectures estan organitzades en un seguit de trenta-quatre setmanes. A difer\u00e8ncia dels diumenges, els dies ferials nom\u00e9s tenen una primera lectura i l\u2019evangeli. Cal dir que ambdues lectures segueixen dues l\u00ednies diferents i sense relaci\u00f3. L\u2019evangeli es repeteix cada any igual [&hellip;]","og_url":"https:\/\/www.cpl.es\/ca\/blog\/vida-liturgica\/temps-liturgics\/el-temps-de-durant-lany\/les-lectures-ferials-del-temps-de-durant-lany\/","og_site_name":"CPL","article_modified_time":"2023-12-14T09:08:51+00:00","og_image":[{"width":372,"height":212,"url":"https:\/\/www.cpl.es\/wp-content\/uploads\/373-les-lectures-ferials-e1436781907908.jpg","type":"image\/jpeg"}],"twitter_card":"summary_large_image","twitter_misc":{"Temps estimat de lectura":"1 minut"},"schema":{"@context":"https:\/\/schema.org","@graph":[{"@type":"WebPage","@id":"https:\/\/www.cpl.es\/ca\/blog\/vida-liturgica\/temps-liturgics\/el-temps-de-durant-lany\/les-lectures-ferials-del-temps-de-durant-lany\/","url":"https:\/\/www.cpl.es\/ca\/blog\/vida-liturgica\/temps-liturgics\/el-temps-de-durant-lany\/les-lectures-ferials-del-temps-de-durant-lany\/","name":"Les lectures ferials del temps de durant l\u2019any - CPL","isPartOf":{"@id":"https:\/\/www.cpl.es\/#website"},"primaryImageOfPage":{"@id":"https:\/\/www.cpl.es\/ca\/blog\/vida-liturgica\/temps-liturgics\/el-temps-de-durant-lany\/les-lectures-ferials-del-temps-de-durant-lany\/#primaryimage"},"image":{"@id":"https:\/\/www.cpl.es\/ca\/blog\/vida-liturgica\/temps-liturgics\/el-temps-de-durant-lany\/les-lectures-ferials-del-temps-de-durant-lany\/#primaryimage"},"thumbnailUrl":"https:\/\/www.cpl.es\/wp-content\/uploads\/373-les-lectures-ferials-e1436781907908.jpg","datePublished":"2023-11-29T17:12:38+00:00","dateModified":"2023-12-14T09:08:51+00:00","breadcrumb":{"@id":"https:\/\/www.cpl.es\/ca\/blog\/vida-liturgica\/temps-liturgics\/el-temps-de-durant-lany\/les-lectures-ferials-del-temps-de-durant-lany\/#breadcrumb"},"inLanguage":"ca","potentialAction":[{"@type":"ReadAction","target":["https:\/\/www.cpl.es\/ca\/blog\/vida-liturgica\/temps-liturgics\/el-temps-de-durant-lany\/les-lectures-ferials-del-temps-de-durant-lany\/"]}]},{"@type":"ImageObject","inLanguage":"ca","@id":"https:\/\/www.cpl.es\/ca\/blog\/vida-liturgica\/temps-liturgics\/el-temps-de-durant-lany\/les-lectures-ferials-del-temps-de-durant-lany\/#primaryimage","url":"https:\/\/www.cpl.es\/wp-content\/uploads\/373-les-lectures-ferials-e1436781907908.jpg","contentUrl":"https:\/\/www.cpl.es\/wp-content\/uploads\/373-les-lectures-ferials-e1436781907908.jpg"},{"@type":"BreadcrumbList","@id":"https:\/\/www.cpl.es\/ca\/blog\/vida-liturgica\/temps-liturgics\/el-temps-de-durant-lany\/les-lectures-ferials-del-temps-de-durant-lany\/#breadcrumb","itemListElement":[{"@type":"ListItem","position":1,"name":"Portada","item":"https:\/\/www.cpl.es\/ca\/"},{"@type":"ListItem","position":2,"name":"Blog","item":"https:\/\/www.cpl.es\/ca\/blog\/"},{"@type":"ListItem","position":3,"name":"Vida lit\u00fargica","item":"https:\/\/www.cpl.es\/ca\/blog\/vida-liturgica\/"},{"@type":"ListItem","position":4,"name":"Temps lit\u00fargics","item":"https:\/\/www.cpl.es\/ca\/blog\/vida-liturgica\/temps-liturgics\/"},{"@type":"ListItem","position":5,"name":"El temps de durant l\u2019any","item":"https:\/\/www.cpl.es\/ca\/blog\/vida-liturgica\/temps-liturgics\/el-temps-de-durant-lany\/"},{"@type":"ListItem","position":6,"name":"Les lectures ferials del temps de durant l\u2019any"}]},{"@type":"WebSite","@id":"https:\/\/www.cpl.es\/#website","url":"https:\/\/www.cpl.es\/","name":"CPL","description":"Centre de Pastoral Lit\u00fargica de Barcelona","publisher":{"@id":"https:\/\/www.cpl.es\/#organization"},"alternateName":"Centre de Pastoral Lit\u00fargica","potentialAction":[{"@type":"SearchAction","target":{"@type":"EntryPoint","urlTemplate":"https:\/\/www.cpl.es\/?s={search_term_string}"},"query-input":{"@type":"PropertyValueSpecification","valueRequired":true,"valueName":"search_term_string"}}],"inLanguage":"ca"},{"@type":"Organization","@id":"https:\/\/www.cpl.es\/#organization","name":"Centre de Pastoral Lit\u00fargica","alternateName":"Centre de Pastoral Lit\u00fargica de Barcelona","url":"https:\/\/www.cpl.es\/","logo":{"@type":"ImageObject","inLanguage":"ca","@id":"https:\/\/www.cpl.es\/#\/schema\/logo\/image\/","url":"https:\/\/www.cpl.es\/wp-content\/uploads\/logo-cpl.svg","contentUrl":"https:\/\/www.cpl.es\/wp-content\/uploads\/logo-cpl.svg","caption":"Centre de Pastoral Lit\u00fargica"},"image":{"@id":"https:\/\/www.cpl.es\/#\/schema\/logo\/image\/"}}]}},"_links":{"self":[{"href":"https:\/\/www.cpl.es\/ca\/wp-json\/wp\/v2\/pages\/11567","targetHints":{"allow":["GET"]}}],"collection":[{"href":"https:\/\/www.cpl.es\/ca\/wp-json\/wp\/v2\/pages"}],"about":[{"href":"https:\/\/www.cpl.es\/ca\/wp-json\/wp\/v2\/types\/page"}],"author":[{"embeddable":true,"href":"https:\/\/www.cpl.es\/ca\/wp-json\/wp\/v2\/users\/1"}],"replies":[{"embeddable":true,"href":"https:\/\/www.cpl.es\/ca\/wp-json\/wp\/v2\/comments?post=11567"}],"version-history":[{"count":1,"href":"https:\/\/www.cpl.es\/ca\/wp-json\/wp\/v2\/pages\/11567\/revisions"}],"predecessor-version":[{"id":11568,"href":"https:\/\/www.cpl.es\/ca\/wp-json\/wp\/v2\/pages\/11567\/revisions\/11568"}],"up":[{"embeddable":true,"href":"https:\/\/www.cpl.es\/ca\/wp-json\/wp\/v2\/pages\/11561"}],"wp:attachment":[{"href":"https:\/\/www.cpl.es\/ca\/wp-json\/wp\/v2\/media?parent=11567"}],"curies":[{"name":"wp","href":"https:\/\/api.w.org\/{rel}","templated":true}]}}