{"id":11565,"date":"2023-11-29T18:11:49","date_gmt":"2023-11-29T17:11:49","guid":{"rendered":"https:\/\/nuevaweb.cpl.es\/?page_id=11565"},"modified":"2023-12-14T10:07:07","modified_gmt":"2023-12-14T09:07:07","slug":"les-lectures-dels-diumenges-de-durant-lany","status":"publish","type":"page","link":"https:\/\/www.cpl.es\/ca\/blog\/vida-liturgica\/temps-liturgics\/el-temps-de-durant-lany\/les-lectures-dels-diumenges-de-durant-lany\/","title":{"rendered":"Les lectures dels diumenges de durant l\u2019any"},"content":{"rendered":"<div id=\"pl-11565\"  class=\"panel-layout\" ><div id=\"pg-11565-0\"  class=\"panel-grid panel-no-style\" ><div id=\"pgc-11565-0-0\"  class=\"panel-grid-cell\" ><div id=\"panel-11565-0-0-0\" class=\"so-panel widget widget_sow-editor panel-first-child panel-last-child\" data-index=\"0\" ><div\n\t\t\t\n\t\t\tclass=\"so-widget-sow-editor so-widget-sow-editor-base\"\n\t\t\t\n\t\t>\n<div class=\"siteorigin-widget-tinymce textwidget\">\n\t<p><img decoding=\"async\" class=\"alignnone size-full wp-image-9501\" src=\"https:\/\/www.cpl.es\/wp-content\/uploads\/372-les-lectures-de-diumenge-e1436781840914.jpg\" alt=\"\" width=\"372\" height=\"212\" srcset=\"https:\/\/www.cpl.es\/wp-content\/uploads\/\/372-les-lectures-de-diumenge-e1436781840914.jpg 372w, https:\/\/www.cpl.es\/wp-content\/uploads\/\/372-les-lectures-de-diumenge-e1436781840914-300x171.jpg 300w\" sizes=\"auto, (max-width: 372px) 100vw, 372px\" \/ fetchpriority=\"high\"><\/p>\n<p>Les lectures dels diumenges de durant l\u2019any, a difer\u00e8ncia dels temps forts \u2013que estan triades per destacar all\u00f2 que se celebra en aquell temps\u2013 segueixen el criteri de la \u201clectura cont\u00ednua\u201d, \u00e9s a dir, que els evangelis es llegeixen de manera seguida, tal i com l\u2019evangelista els va escriure, de manera, que enllacem el diumenge el relat del diumenge anterior. I els llegim en tres anys o cicles: l\u2019anomenat cicle A, en qu\u00e8 llegim l\u2019evangeli de Mateu; el cicle B, en qu\u00e8 llegim l\u2019evangeli de Marc; i el cicle C, en qu\u00e8 llegim l\u2019evangeli de Lluc. L\u2019evangeli de Joan es llegeix en general en els temps de Quaresma i Pasqua.<\/p>\n<p>Cal dir que en aquesta lectura continuada a vegades se\u2019n salten trossos, per no repetir escenes que ja surten en altres anys o perqu\u00e8 aquells relats es llegeixen en un temps lit\u00fargic espec\u00edfic (com ara les temptacions o la transfiguraci\u00f3, que es llegeixen a la Quaresma). I, en el cas de l\u2019evangeli de Marc, que \u00e9s molt curt, s\u2019hi intercalen a m\u00e9s durant alguns diumenges els fragments del cap\u00edtol sis\u00e8 de l\u2019evangeli de Joan, que \u00e9s el discurs de Jes\u00fas que es presenta com el Pa de vida.<\/p>\n<p>En el cas de l\u2019evangeli de Mateu, tenim un escrit que, prenent com a referent l\u2019escrit de Marc, incorpora una colla d\u2019ensenyaments que Marc no recollia i ampli aix\u00ed amb noves riqueses el coneixement de Jes\u00fas, com s\u00f3n el serm\u00f3 de la muntanya amb les benaurances, les par\u00e0boles, etc. Se\u2019ns vol dir que la fe es basa en paraules per\u00f2 en conson\u00e0ncia amb els fets. \u00c9s un text en qu\u00e8 es nota que l\u2019autor est\u00e0 vinculat al judaisme, i vol fer-nos veure que Jes\u00fas \u00e9s l\u2019enviat de D\u00e9u per complir les esperances d\u2019Israel.<\/p>\n<p>En l\u2019evangeli de Marc, ens trobem amb el relat evang\u00e8lic m\u00e9s curt. \u00c9s un escrit breu, \u00e0gil, en el qual es recullen, sobretot, fets i actuacions de Jes\u00fas, i pocs ensenyaments. I a trav\u00e9s d\u2019aquests fets i actuacions ens mostra un home totalment llan\u00e7at al servei dels altres, que proclama que la for\u00e7a de D\u00e9u es fa present en l\u2019amor i no en el poder, fins al punt de donar la vida. I ens diu que aquest home \u00e9s el Messies, el Fill de D\u00e9u, al qual hem de buscar i trobar.<\/p>\n<p>I en l\u2019evangeli de Lluc, trobem un text que parteix del relat de Marc, si b\u00e9 incorpora ensenyaments d\u2019altres fonts, entre els que destaquen les escenes del bon samarit\u00e0, el fill pr\u00f2dig i Zaqueu. Ell ens presenta una Bona Nova de miseric\u00f2rdia, d\u2019alegria, d\u2019humanitat, d\u2019atenci\u00f3 als pobres, de preg\u00e0ria confiada.<\/p>\n<p>Pel que fa a la primera lectura dels diumenges de durant l\u2019any, est\u00e0 triada en funci\u00f3 de l\u2019evangeli que es proclamar\u00e0. La lectura ens presenta un relat de l\u2019Antic Testament que tingui relaci\u00f3 amb l\u2019evangeli que llegirem i ens hi introdueix. Pot ser una escena de l\u2019Antic Testament, una profecia que anunci\u00ef all\u00f2 que va fer Jes\u00fas, o una explicaci\u00f3 que ajudi a comprendre all\u00f2 que llegirem a l\u2019evangeli.<\/p>\n<p>Finalment, la segona lectura no est\u00e0 triada en funci\u00f3 de l\u2019evangeli, sin\u00f3 que s\u00f3n una selecci\u00f3 de fragments de les cartes de sant Pau i de les altres cartes apost\u00f2liques, de manera m\u00e9s o menys continuada. \u00c9s com un acompanyament de la lectura evang\u00e8lica, si b\u00e9 sense tenir-hi relaci\u00f3.<\/p>\n<\/div>\n<\/div><\/div><\/div><\/div><\/div>","protected":false},"excerpt":{"rendered":"<p>Les lectures dels diumenges de durant l\u2019any, a difer\u00e8ncia dels temps forts \u2013que estan triades per destacar all\u00f2 que se celebra en aquell temps\u2013 segueixen el criteri de la \u201clectura cont\u00ednua\u201d, \u00e9s a dir, que els evangelis es llegeixen de manera seguida, tal i com l\u2019evangelista els va escriure, de manera, que enllacem el diumenge [&hellip;]<\/p>\n","protected":false},"author":1,"featured_media":0,"parent":11561,"menu_order":2,"comment_status":"closed","ping_status":"closed","template":"","meta":{"_acf_changed":false,"inline_featured_image":false,"footnotes":""},"class_list":["post-11565","page","type-page","status-publish","hentry"],"acf":[],"yoast_head":"<!-- This site is optimized with the Yoast SEO plugin v27.3 - https:\/\/yoast.com\/product\/yoast-seo-wordpress\/ -->\n<title>Les lectures dels diumenges de durant l\u2019any - CPL<\/title>\n<meta name=\"robots\" content=\"index, follow, max-snippet:-1, max-image-preview:large, max-video-preview:-1\" \/>\n<link rel=\"canonical\" href=\"https:\/\/www.cpl.es\/ca\/blog\/vida-liturgica\/temps-liturgics\/el-temps-de-durant-lany\/les-lectures-dels-diumenges-de-durant-lany\/\" \/>\n<meta property=\"og:locale\" content=\"ca_ES\" \/>\n<meta property=\"og:type\" content=\"article\" \/>\n<meta property=\"og:title\" content=\"Les lectures dels diumenges de durant l\u2019any - CPL\" \/>\n<meta property=\"og:description\" content=\"Les lectures dels diumenges de durant l\u2019any, a difer\u00e8ncia dels temps forts \u2013que estan triades per destacar all\u00f2 que se celebra en aquell temps\u2013 segueixen el criteri de la \u201clectura cont\u00ednua\u201d, \u00e9s a dir, que els evangelis es llegeixen de manera seguida, tal i com l\u2019evangelista els va escriure, de manera, que enllacem el diumenge [&hellip;]\" \/>\n<meta property=\"og:url\" content=\"https:\/\/www.cpl.es\/ca\/blog\/vida-liturgica\/temps-liturgics\/el-temps-de-durant-lany\/les-lectures-dels-diumenges-de-durant-lany\/\" \/>\n<meta property=\"og:site_name\" content=\"CPL\" \/>\n<meta property=\"article:modified_time\" content=\"2023-12-14T09:07:07+00:00\" \/>\n<meta property=\"og:image\" content=\"https:\/\/www.cpl.es\/wp-content\/uploads\/372-les-lectures-de-diumenge-e1436781840914.jpg\" \/>\n\t<meta property=\"og:image:width\" content=\"372\" \/>\n\t<meta property=\"og:image:height\" content=\"212\" \/>\n\t<meta property=\"og:image:type\" content=\"image\/jpeg\" \/>\n<meta name=\"twitter:card\" content=\"summary_large_image\" \/>\n<meta name=\"twitter:label1\" content=\"Temps estimat de lectura\" \/>\n\t<meta name=\"twitter:data1\" content=\"3 minuts\" \/>\n<script type=\"application\/ld+json\" class=\"yoast-schema-graph\">{\"@context\":\"https:\\\/\\\/schema.org\",\"@graph\":[{\"@type\":\"WebPage\",\"@id\":\"https:\\\/\\\/www.cpl.es\\\/ca\\\/blog\\\/vida-liturgica\\\/temps-liturgics\\\/el-temps-de-durant-lany\\\/les-lectures-dels-diumenges-de-durant-lany\\\/\",\"url\":\"https:\\\/\\\/www.cpl.es\\\/ca\\\/blog\\\/vida-liturgica\\\/temps-liturgics\\\/el-temps-de-durant-lany\\\/les-lectures-dels-diumenges-de-durant-lany\\\/\",\"name\":\"Les lectures dels diumenges de durant l\u2019any - CPL\",\"isPartOf\":{\"@id\":\"https:\\\/\\\/www.cpl.es\\\/#website\"},\"primaryImageOfPage\":{\"@id\":\"https:\\\/\\\/www.cpl.es\\\/ca\\\/blog\\\/vida-liturgica\\\/temps-liturgics\\\/el-temps-de-durant-lany\\\/les-lectures-dels-diumenges-de-durant-lany\\\/#primaryimage\"},\"image\":{\"@id\":\"https:\\\/\\\/www.cpl.es\\\/ca\\\/blog\\\/vida-liturgica\\\/temps-liturgics\\\/el-temps-de-durant-lany\\\/les-lectures-dels-diumenges-de-durant-lany\\\/#primaryimage\"},\"thumbnailUrl\":\"https:\\\/\\\/www.cpl.es\\\/wp-content\\\/uploads\\\/372-les-lectures-de-diumenge-e1436781840914.jpg\",\"datePublished\":\"2023-11-29T17:11:49+00:00\",\"dateModified\":\"2023-12-14T09:07:07+00:00\",\"breadcrumb\":{\"@id\":\"https:\\\/\\\/www.cpl.es\\\/ca\\\/blog\\\/vida-liturgica\\\/temps-liturgics\\\/el-temps-de-durant-lany\\\/les-lectures-dels-diumenges-de-durant-lany\\\/#breadcrumb\"},\"inLanguage\":\"ca\",\"potentialAction\":[{\"@type\":\"ReadAction\",\"target\":[\"https:\\\/\\\/www.cpl.es\\\/ca\\\/blog\\\/vida-liturgica\\\/temps-liturgics\\\/el-temps-de-durant-lany\\\/les-lectures-dels-diumenges-de-durant-lany\\\/\"]}]},{\"@type\":\"ImageObject\",\"inLanguage\":\"ca\",\"@id\":\"https:\\\/\\\/www.cpl.es\\\/ca\\\/blog\\\/vida-liturgica\\\/temps-liturgics\\\/el-temps-de-durant-lany\\\/les-lectures-dels-diumenges-de-durant-lany\\\/#primaryimage\",\"url\":\"https:\\\/\\\/www.cpl.es\\\/wp-content\\\/uploads\\\/372-les-lectures-de-diumenge-e1436781840914.jpg\",\"contentUrl\":\"https:\\\/\\\/www.cpl.es\\\/wp-content\\\/uploads\\\/372-les-lectures-de-diumenge-e1436781840914.jpg\"},{\"@type\":\"BreadcrumbList\",\"@id\":\"https:\\\/\\\/www.cpl.es\\\/ca\\\/blog\\\/vida-liturgica\\\/temps-liturgics\\\/el-temps-de-durant-lany\\\/les-lectures-dels-diumenges-de-durant-lany\\\/#breadcrumb\",\"itemListElement\":[{\"@type\":\"ListItem\",\"position\":1,\"name\":\"Portada\",\"item\":\"https:\\\/\\\/www.cpl.es\\\/ca\\\/\"},{\"@type\":\"ListItem\",\"position\":2,\"name\":\"Blog\",\"item\":\"https:\\\/\\\/www.cpl.es\\\/ca\\\/blog\\\/\"},{\"@type\":\"ListItem\",\"position\":3,\"name\":\"Vida lit\u00fargica\",\"item\":\"https:\\\/\\\/www.cpl.es\\\/ca\\\/blog\\\/vida-liturgica\\\/\"},{\"@type\":\"ListItem\",\"position\":4,\"name\":\"Temps lit\u00fargics\",\"item\":\"https:\\\/\\\/www.cpl.es\\\/ca\\\/blog\\\/vida-liturgica\\\/temps-liturgics\\\/\"},{\"@type\":\"ListItem\",\"position\":5,\"name\":\"El temps de durant l\u2019any\",\"item\":\"https:\\\/\\\/www.cpl.es\\\/ca\\\/blog\\\/vida-liturgica\\\/temps-liturgics\\\/el-temps-de-durant-lany\\\/\"},{\"@type\":\"ListItem\",\"position\":6,\"name\":\"Les lectures dels diumenges de durant l\u2019any\"}]},{\"@type\":\"WebSite\",\"@id\":\"https:\\\/\\\/www.cpl.es\\\/#website\",\"url\":\"https:\\\/\\\/www.cpl.es\\\/\",\"name\":\"CPL\",\"description\":\"Centre de Pastoral Lit\u00fargica de Barcelona\",\"publisher\":{\"@id\":\"https:\\\/\\\/www.cpl.es\\\/#organization\"},\"alternateName\":\"Centre de Pastoral Lit\u00fargica\",\"potentialAction\":[{\"@type\":\"SearchAction\",\"target\":{\"@type\":\"EntryPoint\",\"urlTemplate\":\"https:\\\/\\\/www.cpl.es\\\/?s={search_term_string}\"},\"query-input\":{\"@type\":\"PropertyValueSpecification\",\"valueRequired\":true,\"valueName\":\"search_term_string\"}}],\"inLanguage\":\"ca\"},{\"@type\":\"Organization\",\"@id\":\"https:\\\/\\\/www.cpl.es\\\/#organization\",\"name\":\"Centre de Pastoral Lit\u00fargica\",\"alternateName\":\"Centre de Pastoral Lit\u00fargica de Barcelona\",\"url\":\"https:\\\/\\\/www.cpl.es\\\/\",\"logo\":{\"@type\":\"ImageObject\",\"inLanguage\":\"ca\",\"@id\":\"https:\\\/\\\/www.cpl.es\\\/#\\\/schema\\\/logo\\\/image\\\/\",\"url\":\"https:\\\/\\\/www.cpl.es\\\/wp-content\\\/uploads\\\/logo-cpl.svg\",\"contentUrl\":\"https:\\\/\\\/www.cpl.es\\\/wp-content\\\/uploads\\\/logo-cpl.svg\",\"caption\":\"Centre de Pastoral Lit\u00fargica\"},\"image\":{\"@id\":\"https:\\\/\\\/www.cpl.es\\\/#\\\/schema\\\/logo\\\/image\\\/\"}}]}<\/script>\n<!-- \/ Yoast SEO plugin. -->","yoast_head_json":{"title":"Les lectures dels diumenges de durant l\u2019any - CPL","robots":{"index":"index","follow":"follow","max-snippet":"max-snippet:-1","max-image-preview":"max-image-preview:large","max-video-preview":"max-video-preview:-1"},"canonical":"https:\/\/www.cpl.es\/ca\/blog\/vida-liturgica\/temps-liturgics\/el-temps-de-durant-lany\/les-lectures-dels-diumenges-de-durant-lany\/","og_locale":"ca_ES","og_type":"article","og_title":"Les lectures dels diumenges de durant l\u2019any - CPL","og_description":"Les lectures dels diumenges de durant l\u2019any, a difer\u00e8ncia dels temps forts \u2013que estan triades per destacar all\u00f2 que se celebra en aquell temps\u2013 segueixen el criteri de la \u201clectura cont\u00ednua\u201d, \u00e9s a dir, que els evangelis es llegeixen de manera seguida, tal i com l\u2019evangelista els va escriure, de manera, que enllacem el diumenge [&hellip;]","og_url":"https:\/\/www.cpl.es\/ca\/blog\/vida-liturgica\/temps-liturgics\/el-temps-de-durant-lany\/les-lectures-dels-diumenges-de-durant-lany\/","og_site_name":"CPL","article_modified_time":"2023-12-14T09:07:07+00:00","og_image":[{"width":372,"height":212,"url":"https:\/\/www.cpl.es\/wp-content\/uploads\/372-les-lectures-de-diumenge-e1436781840914.jpg","type":"image\/jpeg"}],"twitter_card":"summary_large_image","twitter_misc":{"Temps estimat de lectura":"3 minuts"},"schema":{"@context":"https:\/\/schema.org","@graph":[{"@type":"WebPage","@id":"https:\/\/www.cpl.es\/ca\/blog\/vida-liturgica\/temps-liturgics\/el-temps-de-durant-lany\/les-lectures-dels-diumenges-de-durant-lany\/","url":"https:\/\/www.cpl.es\/ca\/blog\/vida-liturgica\/temps-liturgics\/el-temps-de-durant-lany\/les-lectures-dels-diumenges-de-durant-lany\/","name":"Les lectures dels diumenges de durant l\u2019any - CPL","isPartOf":{"@id":"https:\/\/www.cpl.es\/#website"},"primaryImageOfPage":{"@id":"https:\/\/www.cpl.es\/ca\/blog\/vida-liturgica\/temps-liturgics\/el-temps-de-durant-lany\/les-lectures-dels-diumenges-de-durant-lany\/#primaryimage"},"image":{"@id":"https:\/\/www.cpl.es\/ca\/blog\/vida-liturgica\/temps-liturgics\/el-temps-de-durant-lany\/les-lectures-dels-diumenges-de-durant-lany\/#primaryimage"},"thumbnailUrl":"https:\/\/www.cpl.es\/wp-content\/uploads\/372-les-lectures-de-diumenge-e1436781840914.jpg","datePublished":"2023-11-29T17:11:49+00:00","dateModified":"2023-12-14T09:07:07+00:00","breadcrumb":{"@id":"https:\/\/www.cpl.es\/ca\/blog\/vida-liturgica\/temps-liturgics\/el-temps-de-durant-lany\/les-lectures-dels-diumenges-de-durant-lany\/#breadcrumb"},"inLanguage":"ca","potentialAction":[{"@type":"ReadAction","target":["https:\/\/www.cpl.es\/ca\/blog\/vida-liturgica\/temps-liturgics\/el-temps-de-durant-lany\/les-lectures-dels-diumenges-de-durant-lany\/"]}]},{"@type":"ImageObject","inLanguage":"ca","@id":"https:\/\/www.cpl.es\/ca\/blog\/vida-liturgica\/temps-liturgics\/el-temps-de-durant-lany\/les-lectures-dels-diumenges-de-durant-lany\/#primaryimage","url":"https:\/\/www.cpl.es\/wp-content\/uploads\/372-les-lectures-de-diumenge-e1436781840914.jpg","contentUrl":"https:\/\/www.cpl.es\/wp-content\/uploads\/372-les-lectures-de-diumenge-e1436781840914.jpg"},{"@type":"BreadcrumbList","@id":"https:\/\/www.cpl.es\/ca\/blog\/vida-liturgica\/temps-liturgics\/el-temps-de-durant-lany\/les-lectures-dels-diumenges-de-durant-lany\/#breadcrumb","itemListElement":[{"@type":"ListItem","position":1,"name":"Portada","item":"https:\/\/www.cpl.es\/ca\/"},{"@type":"ListItem","position":2,"name":"Blog","item":"https:\/\/www.cpl.es\/ca\/blog\/"},{"@type":"ListItem","position":3,"name":"Vida lit\u00fargica","item":"https:\/\/www.cpl.es\/ca\/blog\/vida-liturgica\/"},{"@type":"ListItem","position":4,"name":"Temps lit\u00fargics","item":"https:\/\/www.cpl.es\/ca\/blog\/vida-liturgica\/temps-liturgics\/"},{"@type":"ListItem","position":5,"name":"El temps de durant l\u2019any","item":"https:\/\/www.cpl.es\/ca\/blog\/vida-liturgica\/temps-liturgics\/el-temps-de-durant-lany\/"},{"@type":"ListItem","position":6,"name":"Les lectures dels diumenges de durant l\u2019any"}]},{"@type":"WebSite","@id":"https:\/\/www.cpl.es\/#website","url":"https:\/\/www.cpl.es\/","name":"CPL","description":"Centre de Pastoral Lit\u00fargica de Barcelona","publisher":{"@id":"https:\/\/www.cpl.es\/#organization"},"alternateName":"Centre de Pastoral Lit\u00fargica","potentialAction":[{"@type":"SearchAction","target":{"@type":"EntryPoint","urlTemplate":"https:\/\/www.cpl.es\/?s={search_term_string}"},"query-input":{"@type":"PropertyValueSpecification","valueRequired":true,"valueName":"search_term_string"}}],"inLanguage":"ca"},{"@type":"Organization","@id":"https:\/\/www.cpl.es\/#organization","name":"Centre de Pastoral Lit\u00fargica","alternateName":"Centre de Pastoral Lit\u00fargica de Barcelona","url":"https:\/\/www.cpl.es\/","logo":{"@type":"ImageObject","inLanguage":"ca","@id":"https:\/\/www.cpl.es\/#\/schema\/logo\/image\/","url":"https:\/\/www.cpl.es\/wp-content\/uploads\/logo-cpl.svg","contentUrl":"https:\/\/www.cpl.es\/wp-content\/uploads\/logo-cpl.svg","caption":"Centre de Pastoral Lit\u00fargica"},"image":{"@id":"https:\/\/www.cpl.es\/#\/schema\/logo\/image\/"}}]}},"_links":{"self":[{"href":"https:\/\/www.cpl.es\/ca\/wp-json\/wp\/v2\/pages\/11565","targetHints":{"allow":["GET"]}}],"collection":[{"href":"https:\/\/www.cpl.es\/ca\/wp-json\/wp\/v2\/pages"}],"about":[{"href":"https:\/\/www.cpl.es\/ca\/wp-json\/wp\/v2\/types\/page"}],"author":[{"embeddable":true,"href":"https:\/\/www.cpl.es\/ca\/wp-json\/wp\/v2\/users\/1"}],"replies":[{"embeddable":true,"href":"https:\/\/www.cpl.es\/ca\/wp-json\/wp\/v2\/comments?post=11565"}],"version-history":[{"count":1,"href":"https:\/\/www.cpl.es\/ca\/wp-json\/wp\/v2\/pages\/11565\/revisions"}],"predecessor-version":[{"id":11566,"href":"https:\/\/www.cpl.es\/ca\/wp-json\/wp\/v2\/pages\/11565\/revisions\/11566"}],"up":[{"embeddable":true,"href":"https:\/\/www.cpl.es\/ca\/wp-json\/wp\/v2\/pages\/11561"}],"wp:attachment":[{"href":"https:\/\/www.cpl.es\/ca\/wp-json\/wp\/v2\/media?parent=11565"}],"curies":[{"name":"wp","href":"https:\/\/api.w.org\/{rel}","templated":true}]}}