{"id":11553,"date":"2023-11-29T18:03:47","date_gmt":"2023-11-29T17:03:47","guid":{"rendered":"https:\/\/nuevaweb.cpl.es\/?page_id=11553"},"modified":"2023-12-14T10:00:38","modified_gmt":"2023-12-14T09:00:38","slug":"els-cinquanta-dies-de-pasqua","status":"publish","type":"page","link":"https:\/\/www.cpl.es\/ca\/blog\/vida-liturgica\/temps-liturgics\/el-temps-de-pasqua\/els-cinquanta-dies-de-pasqua\/","title":{"rendered":"Els cinquanta dies de Pasqua"},"content":{"rendered":"<div id=\"pl-11553\"  class=\"panel-layout\" ><div id=\"pg-11553-0\"  class=\"panel-grid panel-no-style\" ><div id=\"pgc-11553-0-0\"  class=\"panel-grid-cell\" ><div id=\"panel-11553-0-0-0\" class=\"so-panel widget widget_sow-editor panel-first-child panel-last-child\" data-index=\"0\" ><div\n\t\t\t\n\t\t\tclass=\"so-widget-sow-editor so-widget-sow-editor-base\"\n\t\t\t\n\t\t>\n<div class=\"siteorigin-widget-tinymce textwidget\">\n\t<p><img decoding=\"async\" class=\"alignnone wp-image-9480 size-full\" src=\"https:\/\/www.cpl.es\/wp-content\/uploads\/311-Els-cinquanta-dies-171x300-1.jpg\" alt=\"\" width=\"171\" height=\"300\" \/ fetchpriority=\"high\"><\/p>\n<h2>Sentit<\/h2>\n<p>El temps de Pasqua \u00e9s el m\u00e9s important de tots els temps lit\u00fargics, ja que celebrem el centre la nostra fe cristiana, que \u00e9s la mort i resurrecci\u00f3 de Jes\u00fas. Tal i com ens diuen les Normes sobre el calendari, en el n\u00famero 22: \u201cEls cinquanta dies que van del diumenge de Resurrecci\u00f3 fins el de Pentecosta s\u2019han de celebrar amb alegria i joia, com si es tract\u00e9s d\u2019un sol i \u00fanic dia festiu, com un gran diumenge\u201d.<\/p>\n<p>De fet, la Pasqua \u00e9s la festa m\u00e9s antiga que l\u2019Esgl\u00e9sia celebra, ja que es va comen\u00e7ar a celebrar el mateix dia de la resurrecci\u00f3 de Jes\u00fas, el diumenge. Aix\u00ed doncs, diumenge rere diumenge, la comunitat cristiana celebrava la resurrecci\u00f3 de Jes\u00fas. Segles m\u00e9s tard es comen\u00e7ar\u00e0 a celebrar la solemnitat del Nadal del Senyor (segle IV) i aix\u00ed s\u2019aniran constituint els temps lit\u00fargics, tenint com a centre de tot l\u2019any la solemnitat de la Pasqua.<\/p>\n<h2>Desenvolupament<\/h2>\n<p>El temps de Pasqua t\u00e9 el seu inici en la nit sant\u00edssima de la Vetlla Pasqual, que ja es considera diumenge. El mateix diumenge, ja de dia, celebrem el Diumenge de Pasqua i, a partir d\u2019aqu\u00ed, se succeeixen cinc diumenges m\u00e9s, anomenats segon, tercer, quart, cinqu\u00e8 i sis\u00e8. El dijous seg\u00fcent al diumenge sis\u00e8 de Pasqua se celebrava la festa de l\u2019Ascensi\u00f3 del Senyor, traslladada al diumenge perqu\u00e8 el dijous no \u00e9s dia festiu; aleshores, el diumenge seg\u00fcent a l\u2019Ascensi\u00f3 en dijous se celebrava el diumenge set\u00e8 de Pasqua. Finalment, el diumenge seg\u00fcent al diumenge de l\u2019Ascensi\u00f3, celebrem la gran solemnitat de la Pentecosta, la vinguda de l\u2019Esperit Sant i, amb ella, acaba el temps lit\u00fargic de Pasqua.<\/p>\n<p>Alhora, hi ha uns elements externs que cal tenir en compte en aquest temps lit\u00fargic de Pasqua: en primer lloc, la pres\u00e8ncia del ciri pasqual, entronitzat la nit sant\u00edssima de la Vetlla Pasqual, amb el foc nou bene\u00eft. El ciri pasqual \u00e9s el signe de la llum de Crist, mort i ressuscitat. Un altre element important \u00e9s la pres\u00e8ncia de flors i llums, aix\u00ed com el color blanc dels ornaments, que simbolitzen la llum de la nova vida que Crist ens ha inaugurat amb la seva mort i la seva resurrecci\u00f3.<\/p>\n<h2>En la vida cristiana<\/h2>\n<p>La Pasqua ha de tenir en nosaltres una repercussi\u00f3 per a la nostra vida cristiana. Celebrem que la vida ha ven\u00e7ut la mort, que tot reneix, que floreix nova vida, la nova vida que Jes\u00fas ens d\u00f3na. I aix\u00f2 s\u2019ha de notar en la nostra vida, vivint-la amb alegria, renovant el nostre comprom\u00eds baptismal, cr\u00e9ixer en la fe, en l\u2019esperan\u00e7a i en la caritat cristianes, malgrat les dificultats i problemes que podem tenir.<\/p>\n<p>Hem de prendre consci\u00e8ncia que som un poble de salvats i redimits i, en conseq\u00fc\u00e8ncia, hem d\u2019anunciar aquesta vida nova que Jes\u00fas ens d\u00f3na als nostres germans i germanes i als qui no coneixen D\u00e9u. \u00c9s, en definitiva, estimar com Crist ens ha estimat, viure la vida que Jes\u00fas ens ha ensenyat, una vida d\u2019amor, d\u2019estimaci\u00f3, de pau, de perd\u00f3\u2026<\/p>\n<\/div>\n<\/div><\/div><\/div><\/div><\/div>","protected":false},"excerpt":{"rendered":"<p>Sentit El temps de Pasqua \u00e9s el m\u00e9s important de tots els temps lit\u00fargics, ja que celebrem el centre la nostra fe cristiana, que \u00e9s la mort i resurrecci\u00f3 de Jes\u00fas. Tal i com ens diuen les Normes sobre el calendari, en el n\u00famero 22: \u201cEls cinquanta dies que van del diumenge de Resurrecci\u00f3 fins [&hellip;]<\/p>\n","protected":false},"author":1,"featured_media":0,"parent":11549,"menu_order":1,"comment_status":"closed","ping_status":"closed","template":"","meta":{"_acf_changed":false,"inline_featured_image":false,"footnotes":""},"class_list":["post-11553","page","type-page","status-publish","hentry"],"acf":[],"yoast_head":"<!-- This site is optimized with the Yoast SEO plugin v27.0 - https:\/\/yoast.com\/product\/yoast-seo-wordpress\/ -->\n<title>Els cinquanta dies de Pasqua - CPL<\/title>\n<meta name=\"robots\" content=\"index, follow, max-snippet:-1, max-image-preview:large, max-video-preview:-1\" \/>\n<link rel=\"canonical\" href=\"https:\/\/www.cpl.es\/ca\/blog\/vida-liturgica\/temps-liturgics\/el-temps-de-pasqua\/els-cinquanta-dies-de-pasqua\/\" \/>\n<meta property=\"og:locale\" content=\"ca_ES\" \/>\n<meta property=\"og:type\" content=\"article\" \/>\n<meta property=\"og:title\" content=\"Els cinquanta dies de Pasqua - CPL\" \/>\n<meta property=\"og:description\" content=\"Sentit El temps de Pasqua \u00e9s el m\u00e9s important de tots els temps lit\u00fargics, ja que celebrem el centre la nostra fe cristiana, que \u00e9s la mort i resurrecci\u00f3 de Jes\u00fas. Tal i com ens diuen les Normes sobre el calendari, en el n\u00famero 22: \u201cEls cinquanta dies que van del diumenge de Resurrecci\u00f3 fins [&hellip;]\" \/>\n<meta property=\"og:url\" content=\"https:\/\/www.cpl.es\/ca\/blog\/vida-liturgica\/temps-liturgics\/el-temps-de-pasqua\/els-cinquanta-dies-de-pasqua\/\" \/>\n<meta property=\"og:site_name\" content=\"CPL\" \/>\n<meta property=\"article:modified_time\" content=\"2023-12-14T09:00:38+00:00\" \/>\n<meta property=\"og:image\" content=\"https:\/\/www.cpl.es\/wp-content\/uploads\/311-Els-cinquanta-dies-171x300-1.jpg\" \/>\n\t<meta property=\"og:image:width\" content=\"171\" \/>\n\t<meta property=\"og:image:height\" content=\"300\" \/>\n\t<meta property=\"og:image:type\" content=\"image\/jpeg\" \/>\n<meta name=\"twitter:card\" content=\"summary_large_image\" \/>\n<meta name=\"twitter:label1\" content=\"Temps estimat de lectura\" \/>\n\t<meta name=\"twitter:data1\" content=\"3 minuts\" \/>\n<script type=\"application\/ld+json\" class=\"yoast-schema-graph\">{\"@context\":\"https:\/\/schema.org\",\"@graph\":[{\"@type\":\"WebPage\",\"@id\":\"https:\/\/www.cpl.es\/ca\/blog\/vida-liturgica\/temps-liturgics\/el-temps-de-pasqua\/els-cinquanta-dies-de-pasqua\/\",\"url\":\"https:\/\/www.cpl.es\/ca\/blog\/vida-liturgica\/temps-liturgics\/el-temps-de-pasqua\/els-cinquanta-dies-de-pasqua\/\",\"name\":\"Els cinquanta dies de Pasqua - CPL\",\"isPartOf\":{\"@id\":\"https:\/\/www.cpl.es\/#website\"},\"primaryImageOfPage\":{\"@id\":\"https:\/\/www.cpl.es\/ca\/blog\/vida-liturgica\/temps-liturgics\/el-temps-de-pasqua\/els-cinquanta-dies-de-pasqua\/#primaryimage\"},\"image\":{\"@id\":\"https:\/\/www.cpl.es\/ca\/blog\/vida-liturgica\/temps-liturgics\/el-temps-de-pasqua\/els-cinquanta-dies-de-pasqua\/#primaryimage\"},\"thumbnailUrl\":\"https:\/\/www.cpl.es\/wp-content\/uploads\/311-Els-cinquanta-dies-171x300-1.jpg\",\"datePublished\":\"2023-11-29T17:03:47+00:00\",\"dateModified\":\"2023-12-14T09:00:38+00:00\",\"breadcrumb\":{\"@id\":\"https:\/\/www.cpl.es\/ca\/blog\/vida-liturgica\/temps-liturgics\/el-temps-de-pasqua\/els-cinquanta-dies-de-pasqua\/#breadcrumb\"},\"inLanguage\":\"ca\",\"potentialAction\":[{\"@type\":\"ReadAction\",\"target\":[\"https:\/\/www.cpl.es\/ca\/blog\/vida-liturgica\/temps-liturgics\/el-temps-de-pasqua\/els-cinquanta-dies-de-pasqua\/\"]}]},{\"@type\":\"ImageObject\",\"inLanguage\":\"ca\",\"@id\":\"https:\/\/www.cpl.es\/ca\/blog\/vida-liturgica\/temps-liturgics\/el-temps-de-pasqua\/els-cinquanta-dies-de-pasqua\/#primaryimage\",\"url\":\"https:\/\/www.cpl.es\/wp-content\/uploads\/311-Els-cinquanta-dies-171x300-1.jpg\",\"contentUrl\":\"https:\/\/www.cpl.es\/wp-content\/uploads\/311-Els-cinquanta-dies-171x300-1.jpg\"},{\"@type\":\"BreadcrumbList\",\"@id\":\"https:\/\/www.cpl.es\/ca\/blog\/vida-liturgica\/temps-liturgics\/el-temps-de-pasqua\/els-cinquanta-dies-de-pasqua\/#breadcrumb\",\"itemListElement\":[{\"@type\":\"ListItem\",\"position\":1,\"name\":\"Portada\",\"item\":\"https:\/\/www.cpl.es\/ca\/\"},{\"@type\":\"ListItem\",\"position\":2,\"name\":\"Blog\",\"item\":\"https:\/\/www.cpl.es\/ca\/blog\/\"},{\"@type\":\"ListItem\",\"position\":3,\"name\":\"Vida lit\u00fargica\",\"item\":\"https:\/\/www.cpl.es\/ca\/blog\/vida-liturgica\/\"},{\"@type\":\"ListItem\",\"position\":4,\"name\":\"Temps lit\u00fargics\",\"item\":\"https:\/\/www.cpl.es\/ca\/blog\/vida-liturgica\/temps-liturgics\/\"},{\"@type\":\"ListItem\",\"position\":5,\"name\":\"El temps de Pasqua\",\"item\":\"https:\/\/www.cpl.es\/ca\/blog\/vida-liturgica\/temps-liturgics\/el-temps-de-pasqua\/\"},{\"@type\":\"ListItem\",\"position\":6,\"name\":\"Els cinquanta dies de Pasqua\"}]},{\"@type\":\"WebSite\",\"@id\":\"https:\/\/www.cpl.es\/#website\",\"url\":\"https:\/\/www.cpl.es\/\",\"name\":\"CPL\",\"description\":\"Centre de Pastoral Lit\u00fargica de Barcelona\",\"publisher\":{\"@id\":\"https:\/\/www.cpl.es\/#organization\"},\"alternateName\":\"Centre de Pastoral Lit\u00fargica\",\"potentialAction\":[{\"@type\":\"SearchAction\",\"target\":{\"@type\":\"EntryPoint\",\"urlTemplate\":\"https:\/\/www.cpl.es\/?s={search_term_string}\"},\"query-input\":{\"@type\":\"PropertyValueSpecification\",\"valueRequired\":true,\"valueName\":\"search_term_string\"}}],\"inLanguage\":\"ca\"},{\"@type\":\"Organization\",\"@id\":\"https:\/\/www.cpl.es\/#organization\",\"name\":\"Centre de Pastoral Lit\u00fargica\",\"alternateName\":\"Centre de Pastoral Lit\u00fargica de Barcelona\",\"url\":\"https:\/\/www.cpl.es\/\",\"logo\":{\"@type\":\"ImageObject\",\"inLanguage\":\"ca\",\"@id\":\"https:\/\/www.cpl.es\/#\/schema\/logo\/image\/\",\"url\":\"https:\/\/www.cpl.es\/wp-content\/uploads\/logo-cpl.svg\",\"contentUrl\":\"https:\/\/www.cpl.es\/wp-content\/uploads\/logo-cpl.svg\",\"caption\":\"Centre de Pastoral Lit\u00fargica\"},\"image\":{\"@id\":\"https:\/\/www.cpl.es\/#\/schema\/logo\/image\/\"}}]}<\/script>\n<!-- \/ Yoast SEO plugin. -->","yoast_head_json":{"title":"Els cinquanta dies de Pasqua - CPL","robots":{"index":"index","follow":"follow","max-snippet":"max-snippet:-1","max-image-preview":"max-image-preview:large","max-video-preview":"max-video-preview:-1"},"canonical":"https:\/\/www.cpl.es\/ca\/blog\/vida-liturgica\/temps-liturgics\/el-temps-de-pasqua\/els-cinquanta-dies-de-pasqua\/","og_locale":"ca_ES","og_type":"article","og_title":"Els cinquanta dies de Pasqua - CPL","og_description":"Sentit El temps de Pasqua \u00e9s el m\u00e9s important de tots els temps lit\u00fargics, ja que celebrem el centre la nostra fe cristiana, que \u00e9s la mort i resurrecci\u00f3 de Jes\u00fas. Tal i com ens diuen les Normes sobre el calendari, en el n\u00famero 22: \u201cEls cinquanta dies que van del diumenge de Resurrecci\u00f3 fins [&hellip;]","og_url":"https:\/\/www.cpl.es\/ca\/blog\/vida-liturgica\/temps-liturgics\/el-temps-de-pasqua\/els-cinquanta-dies-de-pasqua\/","og_site_name":"CPL","article_modified_time":"2023-12-14T09:00:38+00:00","og_image":[{"width":171,"height":300,"url":"https:\/\/www.cpl.es\/wp-content\/uploads\/311-Els-cinquanta-dies-171x300-1.jpg","type":"image\/jpeg"}],"twitter_card":"summary_large_image","twitter_misc":{"Temps estimat de lectura":"3 minuts"},"schema":{"@context":"https:\/\/schema.org","@graph":[{"@type":"WebPage","@id":"https:\/\/www.cpl.es\/ca\/blog\/vida-liturgica\/temps-liturgics\/el-temps-de-pasqua\/els-cinquanta-dies-de-pasqua\/","url":"https:\/\/www.cpl.es\/ca\/blog\/vida-liturgica\/temps-liturgics\/el-temps-de-pasqua\/els-cinquanta-dies-de-pasqua\/","name":"Els cinquanta dies de Pasqua - CPL","isPartOf":{"@id":"https:\/\/www.cpl.es\/#website"},"primaryImageOfPage":{"@id":"https:\/\/www.cpl.es\/ca\/blog\/vida-liturgica\/temps-liturgics\/el-temps-de-pasqua\/els-cinquanta-dies-de-pasqua\/#primaryimage"},"image":{"@id":"https:\/\/www.cpl.es\/ca\/blog\/vida-liturgica\/temps-liturgics\/el-temps-de-pasqua\/els-cinquanta-dies-de-pasqua\/#primaryimage"},"thumbnailUrl":"https:\/\/www.cpl.es\/wp-content\/uploads\/311-Els-cinquanta-dies-171x300-1.jpg","datePublished":"2023-11-29T17:03:47+00:00","dateModified":"2023-12-14T09:00:38+00:00","breadcrumb":{"@id":"https:\/\/www.cpl.es\/ca\/blog\/vida-liturgica\/temps-liturgics\/el-temps-de-pasqua\/els-cinquanta-dies-de-pasqua\/#breadcrumb"},"inLanguage":"ca","potentialAction":[{"@type":"ReadAction","target":["https:\/\/www.cpl.es\/ca\/blog\/vida-liturgica\/temps-liturgics\/el-temps-de-pasqua\/els-cinquanta-dies-de-pasqua\/"]}]},{"@type":"ImageObject","inLanguage":"ca","@id":"https:\/\/www.cpl.es\/ca\/blog\/vida-liturgica\/temps-liturgics\/el-temps-de-pasqua\/els-cinquanta-dies-de-pasqua\/#primaryimage","url":"https:\/\/www.cpl.es\/wp-content\/uploads\/311-Els-cinquanta-dies-171x300-1.jpg","contentUrl":"https:\/\/www.cpl.es\/wp-content\/uploads\/311-Els-cinquanta-dies-171x300-1.jpg"},{"@type":"BreadcrumbList","@id":"https:\/\/www.cpl.es\/ca\/blog\/vida-liturgica\/temps-liturgics\/el-temps-de-pasqua\/els-cinquanta-dies-de-pasqua\/#breadcrumb","itemListElement":[{"@type":"ListItem","position":1,"name":"Portada","item":"https:\/\/www.cpl.es\/ca\/"},{"@type":"ListItem","position":2,"name":"Blog","item":"https:\/\/www.cpl.es\/ca\/blog\/"},{"@type":"ListItem","position":3,"name":"Vida lit\u00fargica","item":"https:\/\/www.cpl.es\/ca\/blog\/vida-liturgica\/"},{"@type":"ListItem","position":4,"name":"Temps lit\u00fargics","item":"https:\/\/www.cpl.es\/ca\/blog\/vida-liturgica\/temps-liturgics\/"},{"@type":"ListItem","position":5,"name":"El temps de Pasqua","item":"https:\/\/www.cpl.es\/ca\/blog\/vida-liturgica\/temps-liturgics\/el-temps-de-pasqua\/"},{"@type":"ListItem","position":6,"name":"Els cinquanta dies de Pasqua"}]},{"@type":"WebSite","@id":"https:\/\/www.cpl.es\/#website","url":"https:\/\/www.cpl.es\/","name":"CPL","description":"Centre de Pastoral Lit\u00fargica de Barcelona","publisher":{"@id":"https:\/\/www.cpl.es\/#organization"},"alternateName":"Centre de Pastoral Lit\u00fargica","potentialAction":[{"@type":"SearchAction","target":{"@type":"EntryPoint","urlTemplate":"https:\/\/www.cpl.es\/?s={search_term_string}"},"query-input":{"@type":"PropertyValueSpecification","valueRequired":true,"valueName":"search_term_string"}}],"inLanguage":"ca"},{"@type":"Organization","@id":"https:\/\/www.cpl.es\/#organization","name":"Centre de Pastoral Lit\u00fargica","alternateName":"Centre de Pastoral Lit\u00fargica de Barcelona","url":"https:\/\/www.cpl.es\/","logo":{"@type":"ImageObject","inLanguage":"ca","@id":"https:\/\/www.cpl.es\/#\/schema\/logo\/image\/","url":"https:\/\/www.cpl.es\/wp-content\/uploads\/logo-cpl.svg","contentUrl":"https:\/\/www.cpl.es\/wp-content\/uploads\/logo-cpl.svg","caption":"Centre de Pastoral Lit\u00fargica"},"image":{"@id":"https:\/\/www.cpl.es\/#\/schema\/logo\/image\/"}}]}},"_links":{"self":[{"href":"https:\/\/www.cpl.es\/ca\/wp-json\/wp\/v2\/pages\/11553","targetHints":{"allow":["GET"]}}],"collection":[{"href":"https:\/\/www.cpl.es\/ca\/wp-json\/wp\/v2\/pages"}],"about":[{"href":"https:\/\/www.cpl.es\/ca\/wp-json\/wp\/v2\/types\/page"}],"author":[{"embeddable":true,"href":"https:\/\/www.cpl.es\/ca\/wp-json\/wp\/v2\/users\/1"}],"replies":[{"embeddable":true,"href":"https:\/\/www.cpl.es\/ca\/wp-json\/wp\/v2\/comments?post=11553"}],"version-history":[{"count":1,"href":"https:\/\/www.cpl.es\/ca\/wp-json\/wp\/v2\/pages\/11553\/revisions"}],"predecessor-version":[{"id":11554,"href":"https:\/\/www.cpl.es\/ca\/wp-json\/wp\/v2\/pages\/11553\/revisions\/11554"}],"up":[{"embeddable":true,"href":"https:\/\/www.cpl.es\/ca\/wp-json\/wp\/v2\/pages\/11549"}],"wp:attachment":[{"href":"https:\/\/www.cpl.es\/ca\/wp-json\/wp\/v2\/media?parent=11553"}],"curies":[{"name":"wp","href":"https:\/\/api.w.org\/{rel}","templated":true}]}}