{"id":11547,"date":"2023-11-29T17:51:19","date_gmt":"2023-11-29T16:51:19","guid":{"rendered":"https:\/\/nuevaweb.cpl.es\/?page_id=11547"},"modified":"2023-12-14T09:58:23","modified_gmt":"2023-12-14T08:58:23","slug":"els-dies-centrals-de-lany","status":"publish","type":"page","link":"https:\/\/www.cpl.es\/ca\/blog\/vida-liturgica\/temps-liturgics\/la-setmana-santa\/els-dies-centrals-de-lany\/","title":{"rendered":"Els dies centrals de l\u2019any"},"content":{"rendered":"<div id=\"pl-11547\"  class=\"panel-layout\" ><div id=\"pg-11547-0\"  class=\"panel-grid panel-no-style\" ><div id=\"pgc-11547-0-0\"  class=\"panel-grid-cell\" ><div id=\"panel-11547-0-0-0\" class=\"so-panel widget widget_sow-editor panel-first-child panel-last-child\" data-index=\"0\" ><div\n\t\t\t\n\t\t\tclass=\"so-widget-sow-editor so-widget-sow-editor-base\"\n\t\t\t\n\t\t>\n<div class=\"siteorigin-widget-tinymce textwidget\">\n\t<p><img decoding=\"async\" class=\"alignnone size-full wp-image-9475\" src=\"https:\/\/www.cpl.es\/wp-content\/uploads\/351-els-dies-centrals-de-lany-e1436781239229.jpg\" alt=\"\" width=\"317\" height=\"180\" srcset=\"https:\/\/www.cpl.es\/wp-content\/uploads\/\/351-els-dies-centrals-de-lany-e1436781239229.jpg 317w, https:\/\/www.cpl.es\/wp-content\/uploads\/\/351-els-dies-centrals-de-lany-e1436781239229-300x170.jpg 300w\" sizes=\"auto, (max-width: 317px) 100vw, 317px\" \/ fetchpriority=\"high\"><\/p>\n<h2>Els dies centrals de l\u2019any<\/h2>\n<p>Aquests dies s\u00f3n els m\u00e9s importants de tot l\u2019any lit\u00fargic, sobretot el Tridu Pasqual \u2013Dijous Sant, Divendres Sant i Vetlla Pasqual\u2013. Els altres dies anteriors en s\u00f3n una preparaci\u00f3.<\/p>\n<p>La Setmana Santa t\u00e9 el seu p\u00f2rtic i el seu inici en el Diumenge de Rams o de la Passi\u00f3 del Senyor. En ell, commemorem, en primer lloc, l\u2019entrada solemne de Jes\u00fas a Jerusalem on \u00e9s aclamat pel poble com a rei d\u2019Israel i bene\u00eft en nom del Senyor. Seguiran el Dilluns Sant, el Dimarts Sant i el Dimecres Sant, en qu\u00e8 ens anirem preparant vers la passi\u00f3, la mort i la resurrecci\u00f3 de Crist. Seguidament tindrem el Dijous Sant al mat\u00ed i ja finalment, el Tridu Pasqual des de Dijous Sant al vespre fins el Diumenge de Pasqua de resurrecci\u00f3.<\/p>\n<h2>Diumenge de Rams<\/h2>\n<p>\u00c9s el dia que obre el p\u00f2rtic de la Setmana Santa, el Diumenge en qu\u00e8 commemorem dos fets: l\u2019entrada solemne de Jes\u00fas a Jerusalem, aclamat pel poble i, en segon lloc, la seva passi\u00f3 i mort en creu. D\u2019aqu\u00ed ve que aquest diumenge tingui dos t\u00edtols: \u201cDiumenge de Rams\u201d i \u201cDiumenge de la Passi\u00f3 del Senyor\u201d.<\/p>\n<p>La lit\u00fargia d\u2019aquest diumenge \u00e9s molt variada i comen\u00e7a amb la benedicci\u00f3 dels rams o palmes i palmons, tot llegint l\u2019evangeli que parla de l\u2019entrada triomfal de Jes\u00fas a Jerusalem. En canvi, en l\u2019eucaristia que segueix, contemplem la passi\u00f3 i la mort de Jes\u00fas, segons l\u2019evangelista que toqui en cada cicle. El color dels ornaments \u00e9s el vermell.<\/p>\n<h2>Dilluns Sant, Dimarts Sant, Dimecres Sant<\/h2>\n<p>S\u00f3n les f\u00e8ries de la Setmana Santa i no \u00e9s perm\u00e8s de celebrar cap solemnitat, festa o mem\u00f2ria. Formen part de la Quaresma i els textos ens parlen dels preparatius per al sopar pasqual i l\u2019anunci de la tra\u00efci\u00f3 de Jes\u00fas per part de Judes Iscariot. El color dels ornaments \u00e9s el morat.<\/p>\n<h2>Dijous Sant (mat\u00ed)<\/h2>\n<p>El Dijous Sant al mat\u00ed no t\u00e9 missa ferial. Per tant, en les comunitats parroquials o conventuals no hi ha eucaristia, si b\u00e9 s\u00ed que hi ha una sola missa en cada di\u00f2cesi: la Missa del Crisma o Missa Crismal. Se celebra a l\u2019esgl\u00e9sia catedral pr\u00f2pia de cada di\u00f2cesi, presidida pel bisbe dioces\u00e0. En ella, el bisbe i els preveres renoven les seves promeses sacerdotals que van fer un dia en llurs ordenacions i, a la vegada, es beneeix l\u2019oli dels catec\u00famens i l\u2019oli dels malalts i es consagra el sant Crisma. Aquesta missa, per\u00f2, si es veu convenient, es pot traslladar a un dels dies anteriors.<\/p>\n<h2>Dijous Sant (tarda)<\/h2>\n<p>El Dijous Sant a la tarda o al vespre ens reunim per commemorar el darrer sopar de Jes\u00fas, que \u00e9s com un resum o una introducci\u00f3 a tot el que viurem els tres dies seg\u00fcents. Jes\u00fas, en aquell sopar darrer, mostra amb el signe del rentament dels peus quin era el sentit de la seva vida, i quin volia que fos el sentit de la vida dels seus deixebles: l\u2019entrega total pels altres. I despr\u00e9s, els deixa un altre signe que \u00e9s una invitaci\u00f3 a la fe i a la confian\u00e7a: els d\u00f3na el pa i el vi anunciant-los que cada cop que es reuneixin i celebrin aquell mateix signe, ell es far\u00e0 present enmig seu com a font de vida per sempre. Recordar i reviure aquests fets \u00e9s una invitaci\u00f3 a viure l\u2019entrega de Jes\u00fas, a valorar l\u2019Eucaristia i tamb\u00e9 el ministeri dels qui la presideixen, a posar l\u2019amor per damunt de tot, a no oblidar mai la crida a servir els pobres. Al final de la celebraci\u00f3, reservem l\u2019Eucaristia per a la comuni\u00f3 de dem\u00e0, i aquest acte \u00e9s per a tots una invitaci\u00f3 a manifestar la nostra fe en la pres\u00e8ncia de Jes\u00fas.<\/p>\n<h2>Divendres Sant<\/h2>\n<p>El Divendres Sant commemorem la passi\u00f3 i la mort de Jes\u00fas. Ho fem, sobretot, mitjan\u00e7ant la celebraci\u00f3 lit\u00fargica d\u2019aquest dia, que \u00e9s una celebraci\u00f3 de caracter\u00edstiques especials. Avui, en efecte, no celebrem l\u2019Eucaristia, perqu\u00e8 esperem poder celebrar-la amb tot el goig la Nit de Pasqua. El color de la celebraci\u00f3 d\u2019avui \u00e9s el vermell, perqu\u00e8 no celebrem el funeral de Jes\u00fas, sin\u00f3 el seu testimoni fidel fins al final. A la celebraci\u00f3, despr\u00e9s d\u2019una entrada en silenci, plena d\u2019emoci\u00f3 i esperit de preg\u00e0ria, escoltem les lectures, entre les quals destaca la de la passi\u00f3; despr\u00e9s, fem la preg\u00e0ria universal, ben \u00e0mplia i oberta al m\u00f3n sencer; despr\u00e9s, en el moment central de la celebraci\u00f3, adorem amb fe i agra\u00efment la creu de Jes\u00fas; i finalment combreguem del pa consagrat ahir. Avui \u00e9s un dia, doncs, per refermar la nostra adhesi\u00f3 al cam\u00ed de Jes\u00fas, el nostrre convenciment que nom\u00e9s en ell trobem la salvaci\u00f3, i la nostra solidaritat amb tots els dolors que tants homes i dones pateixen en aquest m\u00f3n nostre.<\/p>\n<h2>Dissabte Sant<\/h2>\n<p>Avui \u00e9s el dia del silenci i de l\u2019espera. Jes\u00fas \u00e9s al sepulcre, i tota l\u2019Esgl\u00e9sia acompanya el seu Senyor que ha entrtegat la vida, amb la confian\u00e7a que aquesta vida donar\u00e0 un fruit inesgotable. Avui \u00e9s el dia, diuen els textos antics, en qu\u00e8 Jes\u00fas \u201cdavall\u00e0 als inferns\u201d: no ens volen dir que Jes\u00fas va anar al lloc dels condemnats, sin\u00f3 que, antigament, la paraula \u201cinferns\u201d es referia al lloc on els morts esperaven alguna llum que els alliber\u00e9s. Jes\u00fas baixa al lloc de la mort, com tots els homes i dones, per\u00f2 la seva baixada \u00e9s per cridar tothom a iniciar una nova vida, la vida nova de la resurrecci\u00f3.<\/p>\n<h2>Vetlla Pasqual<\/h2>\n<p>Aquesta \u00e9s la gran nit, la mare de totes les vig\u00edlies, la missa m\u00e9s important de l\u2019any. En ella commemorem la resurrecci\u00f3 de Jesucrist. S\u2019inicia amb el temple a fosques i es beneeix el foc nou fora de l\u2019esgl\u00e9sia i es marca el ciri pasqual, el qual \u00e9s il\u00b7luminat amb el foc nou i, a partir d\u2019ell, s\u2019il\u00b7luminen les candeles que l\u2019assemblea porta. Acte seguit s\u2019inicia la process\u00f3 fins a l\u2019interior del temple, amb la llum del ciri pasqual i el fum de l\u2019encens, que recuerda la columna de foc i la columna de n\u00favol en que el poble d\u2019Israel feia la seva travessia pel desert, cam\u00ed de la terra promesa. Seguidament t\u00e9 lloc el cant del preg\u00f3 pasqual, que fa un elogi, no de la resurrecci\u00f3 sin\u00f3 d\u2019aquesta nit sant\u00edssima i del ciri en s\u00ed mateix.<\/p>\n<p>La segona part de la Vetlla Pasqual \u00e9s la lit\u00fargia de la Paraula, amb un total de set lectures del Antic Testament, amb un salm i una oraci\u00f3. Despr\u00e9s de la setena lectura t\u00e9 lloc el cant del gl\u00f2ria i s\u2019encenen els llums de l\u2019esgl\u00e9sia i es toquen les campanes, per tal d\u2019anunciar que Jesucrist ha ressuscitat. A continuaci\u00f3 es llegeix la lectura del Nou Testament i es canta solemnement el cant de l\u2019Al\u00b7leluia, amb un salm. Finalment es proclama l\u2019evangeli i seguidament l\u2019homilia.<\/p>\n<p>La tercera part d\u2019aquesta celebraci\u00f3 \u00e9s la lit\u00fargia de l\u2019aigua o del baptisme. En ella bene\u00efm les fonts baptismals i l\u2019aigua, renovem les promeses baptismals, si es d\u00f3na el cas t\u00e9 lloc la recepci\u00f3 dels sagraments de la iniciaci\u00f3 cristiana i finalment som aspergits amb l\u2019aigua bene\u00efda com a renovaci\u00f3 del nostre baptisme i finalitza aquesta part amb la preg\u00e0ria dels fidels.<\/p>\n<p>Finalment, la quarta part de la Vetlla Pasqual \u00e9s la lit\u00fargia de l\u2019Eucaristia, la m\u00e9s important de l\u2019any, en qu\u00e8 el Senyor ressuscitat es fa aliment de vida per al seu poble. La celebraci\u00f3 finalitza amb el comiat \u201cAneu-vos-en en pau\u201d tot afegint \u201cal\u00b7leluia, al\u00b7leluia\u201d i l\u2019assemblea respon \u201cDonem gr\u00e0cies a D\u00e9u, al\u00b7leluia, al\u00b7leluia\u201d. I aix\u00ed s\u2019acomiadar\u00e0 al poble fins al segon diumenge de Pasqua i finalment el diumenge de Pentecosta.<\/p>\n<h2>Diumenge de Pasqua<\/h2>\n<p>\u00c9s la missa solemne de la resurrecci\u00f3 del Senyor, tot i que la m\u00e9s rellevant i important \u00e9s la de la nit. En ella llegim el relat de la resurrecci\u00f3 segons sant Joan. Abans de l\u2019al\u00b7leluia es canta o llegeix la seq\u00fc\u00e8ncia de Pasqua.<\/p>\n<\/div>\n<\/div><\/div><\/div><\/div><\/div>","protected":false},"excerpt":{"rendered":"<p>Els dies centrals de l\u2019any Aquests dies s\u00f3n els m\u00e9s importants de tot l\u2019any lit\u00fargic, sobretot el Tridu Pasqual \u2013Dijous Sant, Divendres Sant i Vetlla Pasqual\u2013. Els altres dies anteriors en s\u00f3n una preparaci\u00f3. La Setmana Santa t\u00e9 el seu p\u00f2rtic i el seu inici en el Diumenge de Rams o de la Passi\u00f3 del [&hellip;]<\/p>\n","protected":false},"author":1,"featured_media":0,"parent":11543,"menu_order":1,"comment_status":"closed","ping_status":"closed","template":"","meta":{"_acf_changed":false,"inline_featured_image":false,"footnotes":""},"class_list":["post-11547","page","type-page","status-publish","hentry"],"acf":[],"yoast_head":"<!-- This site is optimized with the Yoast SEO plugin v27.3 - https:\/\/yoast.com\/product\/yoast-seo-wordpress\/ -->\n<title>Els dies centrals de l\u2019any - CPL<\/title>\n<meta name=\"robots\" content=\"index, follow, max-snippet:-1, max-image-preview:large, max-video-preview:-1\" \/>\n<link rel=\"canonical\" href=\"https:\/\/www.cpl.es\/ca\/blog\/vida-liturgica\/temps-liturgics\/la-setmana-santa\/els-dies-centrals-de-lany\/\" \/>\n<meta property=\"og:locale\" content=\"ca_ES\" \/>\n<meta property=\"og:type\" content=\"article\" \/>\n<meta property=\"og:title\" content=\"Els dies centrals de l\u2019any - CPL\" \/>\n<meta property=\"og:description\" content=\"Els dies centrals de l\u2019any Aquests dies s\u00f3n els m\u00e9s importants de tot l\u2019any lit\u00fargic, sobretot el Tridu Pasqual \u2013Dijous Sant, Divendres Sant i Vetlla Pasqual\u2013. Els altres dies anteriors en s\u00f3n una preparaci\u00f3. La Setmana Santa t\u00e9 el seu p\u00f2rtic i el seu inici en el Diumenge de Rams o de la Passi\u00f3 del [&hellip;]\" \/>\n<meta property=\"og:url\" content=\"https:\/\/www.cpl.es\/ca\/blog\/vida-liturgica\/temps-liturgics\/la-setmana-santa\/els-dies-centrals-de-lany\/\" \/>\n<meta property=\"og:site_name\" content=\"CPL\" \/>\n<meta property=\"article:modified_time\" content=\"2023-12-14T08:58:23+00:00\" \/>\n<meta property=\"og:image\" content=\"https:\/\/www.cpl.es\/wp-content\/uploads\/351-els-dies-centrals-de-lany-e1436781239229.jpg\" \/>\n\t<meta property=\"og:image:width\" content=\"317\" \/>\n\t<meta property=\"og:image:height\" content=\"180\" \/>\n\t<meta property=\"og:image:type\" content=\"image\/jpeg\" \/>\n<meta name=\"twitter:card\" content=\"summary_large_image\" \/>\n<meta name=\"twitter:label1\" content=\"Temps estimat de lectura\" \/>\n\t<meta name=\"twitter:data1\" content=\"7 minuts\" \/>\n<script type=\"application\/ld+json\" class=\"yoast-schema-graph\">{\"@context\":\"https:\\\/\\\/schema.org\",\"@graph\":[{\"@type\":\"WebPage\",\"@id\":\"https:\\\/\\\/www.cpl.es\\\/ca\\\/blog\\\/vida-liturgica\\\/temps-liturgics\\\/la-setmana-santa\\\/els-dies-centrals-de-lany\\\/\",\"url\":\"https:\\\/\\\/www.cpl.es\\\/ca\\\/blog\\\/vida-liturgica\\\/temps-liturgics\\\/la-setmana-santa\\\/els-dies-centrals-de-lany\\\/\",\"name\":\"Els dies centrals de l\u2019any - CPL\",\"isPartOf\":{\"@id\":\"https:\\\/\\\/www.cpl.es\\\/#website\"},\"primaryImageOfPage\":{\"@id\":\"https:\\\/\\\/www.cpl.es\\\/ca\\\/blog\\\/vida-liturgica\\\/temps-liturgics\\\/la-setmana-santa\\\/els-dies-centrals-de-lany\\\/#primaryimage\"},\"image\":{\"@id\":\"https:\\\/\\\/www.cpl.es\\\/ca\\\/blog\\\/vida-liturgica\\\/temps-liturgics\\\/la-setmana-santa\\\/els-dies-centrals-de-lany\\\/#primaryimage\"},\"thumbnailUrl\":\"https:\\\/\\\/www.cpl.es\\\/wp-content\\\/uploads\\\/351-els-dies-centrals-de-lany-e1436781239229.jpg\",\"datePublished\":\"2023-11-29T16:51:19+00:00\",\"dateModified\":\"2023-12-14T08:58:23+00:00\",\"breadcrumb\":{\"@id\":\"https:\\\/\\\/www.cpl.es\\\/ca\\\/blog\\\/vida-liturgica\\\/temps-liturgics\\\/la-setmana-santa\\\/els-dies-centrals-de-lany\\\/#breadcrumb\"},\"inLanguage\":\"ca\",\"potentialAction\":[{\"@type\":\"ReadAction\",\"target\":[\"https:\\\/\\\/www.cpl.es\\\/ca\\\/blog\\\/vida-liturgica\\\/temps-liturgics\\\/la-setmana-santa\\\/els-dies-centrals-de-lany\\\/\"]}]},{\"@type\":\"ImageObject\",\"inLanguage\":\"ca\",\"@id\":\"https:\\\/\\\/www.cpl.es\\\/ca\\\/blog\\\/vida-liturgica\\\/temps-liturgics\\\/la-setmana-santa\\\/els-dies-centrals-de-lany\\\/#primaryimage\",\"url\":\"https:\\\/\\\/www.cpl.es\\\/wp-content\\\/uploads\\\/351-els-dies-centrals-de-lany-e1436781239229.jpg\",\"contentUrl\":\"https:\\\/\\\/www.cpl.es\\\/wp-content\\\/uploads\\\/351-els-dies-centrals-de-lany-e1436781239229.jpg\"},{\"@type\":\"BreadcrumbList\",\"@id\":\"https:\\\/\\\/www.cpl.es\\\/ca\\\/blog\\\/vida-liturgica\\\/temps-liturgics\\\/la-setmana-santa\\\/els-dies-centrals-de-lany\\\/#breadcrumb\",\"itemListElement\":[{\"@type\":\"ListItem\",\"position\":1,\"name\":\"Portada\",\"item\":\"https:\\\/\\\/www.cpl.es\\\/ca\\\/\"},{\"@type\":\"ListItem\",\"position\":2,\"name\":\"Blog\",\"item\":\"https:\\\/\\\/www.cpl.es\\\/ca\\\/blog\\\/\"},{\"@type\":\"ListItem\",\"position\":3,\"name\":\"Vida lit\u00fargica\",\"item\":\"https:\\\/\\\/www.cpl.es\\\/ca\\\/blog\\\/vida-liturgica\\\/\"},{\"@type\":\"ListItem\",\"position\":4,\"name\":\"Temps lit\u00fargics\",\"item\":\"https:\\\/\\\/www.cpl.es\\\/ca\\\/blog\\\/vida-liturgica\\\/temps-liturgics\\\/\"},{\"@type\":\"ListItem\",\"position\":5,\"name\":\"La Setmana Santa\",\"item\":\"https:\\\/\\\/www.cpl.es\\\/ca\\\/blog\\\/vida-liturgica\\\/temps-liturgics\\\/la-setmana-santa\\\/\"},{\"@type\":\"ListItem\",\"position\":6,\"name\":\"Els dies centrals de l\u2019any\"}]},{\"@type\":\"WebSite\",\"@id\":\"https:\\\/\\\/www.cpl.es\\\/#website\",\"url\":\"https:\\\/\\\/www.cpl.es\\\/\",\"name\":\"CPL\",\"description\":\"Centre de Pastoral Lit\u00fargica de Barcelona\",\"publisher\":{\"@id\":\"https:\\\/\\\/www.cpl.es\\\/#organization\"},\"alternateName\":\"Centre de Pastoral Lit\u00fargica\",\"potentialAction\":[{\"@type\":\"SearchAction\",\"target\":{\"@type\":\"EntryPoint\",\"urlTemplate\":\"https:\\\/\\\/www.cpl.es\\\/?s={search_term_string}\"},\"query-input\":{\"@type\":\"PropertyValueSpecification\",\"valueRequired\":true,\"valueName\":\"search_term_string\"}}],\"inLanguage\":\"ca\"},{\"@type\":\"Organization\",\"@id\":\"https:\\\/\\\/www.cpl.es\\\/#organization\",\"name\":\"Centre de Pastoral Lit\u00fargica\",\"alternateName\":\"Centre de Pastoral Lit\u00fargica de Barcelona\",\"url\":\"https:\\\/\\\/www.cpl.es\\\/\",\"logo\":{\"@type\":\"ImageObject\",\"inLanguage\":\"ca\",\"@id\":\"https:\\\/\\\/www.cpl.es\\\/#\\\/schema\\\/logo\\\/image\\\/\",\"url\":\"https:\\\/\\\/www.cpl.es\\\/wp-content\\\/uploads\\\/logo-cpl.svg\",\"contentUrl\":\"https:\\\/\\\/www.cpl.es\\\/wp-content\\\/uploads\\\/logo-cpl.svg\",\"caption\":\"Centre de Pastoral Lit\u00fargica\"},\"image\":{\"@id\":\"https:\\\/\\\/www.cpl.es\\\/#\\\/schema\\\/logo\\\/image\\\/\"}}]}<\/script>\n<!-- \/ Yoast SEO plugin. -->","yoast_head_json":{"title":"Els dies centrals de l\u2019any - CPL","robots":{"index":"index","follow":"follow","max-snippet":"max-snippet:-1","max-image-preview":"max-image-preview:large","max-video-preview":"max-video-preview:-1"},"canonical":"https:\/\/www.cpl.es\/ca\/blog\/vida-liturgica\/temps-liturgics\/la-setmana-santa\/els-dies-centrals-de-lany\/","og_locale":"ca_ES","og_type":"article","og_title":"Els dies centrals de l\u2019any - CPL","og_description":"Els dies centrals de l\u2019any Aquests dies s\u00f3n els m\u00e9s importants de tot l\u2019any lit\u00fargic, sobretot el Tridu Pasqual \u2013Dijous Sant, Divendres Sant i Vetlla Pasqual\u2013. Els altres dies anteriors en s\u00f3n una preparaci\u00f3. La Setmana Santa t\u00e9 el seu p\u00f2rtic i el seu inici en el Diumenge de Rams o de la Passi\u00f3 del [&hellip;]","og_url":"https:\/\/www.cpl.es\/ca\/blog\/vida-liturgica\/temps-liturgics\/la-setmana-santa\/els-dies-centrals-de-lany\/","og_site_name":"CPL","article_modified_time":"2023-12-14T08:58:23+00:00","og_image":[{"width":317,"height":180,"url":"https:\/\/www.cpl.es\/wp-content\/uploads\/351-els-dies-centrals-de-lany-e1436781239229.jpg","type":"image\/jpeg"}],"twitter_card":"summary_large_image","twitter_misc":{"Temps estimat de lectura":"7 minuts"},"schema":{"@context":"https:\/\/schema.org","@graph":[{"@type":"WebPage","@id":"https:\/\/www.cpl.es\/ca\/blog\/vida-liturgica\/temps-liturgics\/la-setmana-santa\/els-dies-centrals-de-lany\/","url":"https:\/\/www.cpl.es\/ca\/blog\/vida-liturgica\/temps-liturgics\/la-setmana-santa\/els-dies-centrals-de-lany\/","name":"Els dies centrals de l\u2019any - CPL","isPartOf":{"@id":"https:\/\/www.cpl.es\/#website"},"primaryImageOfPage":{"@id":"https:\/\/www.cpl.es\/ca\/blog\/vida-liturgica\/temps-liturgics\/la-setmana-santa\/els-dies-centrals-de-lany\/#primaryimage"},"image":{"@id":"https:\/\/www.cpl.es\/ca\/blog\/vida-liturgica\/temps-liturgics\/la-setmana-santa\/els-dies-centrals-de-lany\/#primaryimage"},"thumbnailUrl":"https:\/\/www.cpl.es\/wp-content\/uploads\/351-els-dies-centrals-de-lany-e1436781239229.jpg","datePublished":"2023-11-29T16:51:19+00:00","dateModified":"2023-12-14T08:58:23+00:00","breadcrumb":{"@id":"https:\/\/www.cpl.es\/ca\/blog\/vida-liturgica\/temps-liturgics\/la-setmana-santa\/els-dies-centrals-de-lany\/#breadcrumb"},"inLanguage":"ca","potentialAction":[{"@type":"ReadAction","target":["https:\/\/www.cpl.es\/ca\/blog\/vida-liturgica\/temps-liturgics\/la-setmana-santa\/els-dies-centrals-de-lany\/"]}]},{"@type":"ImageObject","inLanguage":"ca","@id":"https:\/\/www.cpl.es\/ca\/blog\/vida-liturgica\/temps-liturgics\/la-setmana-santa\/els-dies-centrals-de-lany\/#primaryimage","url":"https:\/\/www.cpl.es\/wp-content\/uploads\/351-els-dies-centrals-de-lany-e1436781239229.jpg","contentUrl":"https:\/\/www.cpl.es\/wp-content\/uploads\/351-els-dies-centrals-de-lany-e1436781239229.jpg"},{"@type":"BreadcrumbList","@id":"https:\/\/www.cpl.es\/ca\/blog\/vida-liturgica\/temps-liturgics\/la-setmana-santa\/els-dies-centrals-de-lany\/#breadcrumb","itemListElement":[{"@type":"ListItem","position":1,"name":"Portada","item":"https:\/\/www.cpl.es\/ca\/"},{"@type":"ListItem","position":2,"name":"Blog","item":"https:\/\/www.cpl.es\/ca\/blog\/"},{"@type":"ListItem","position":3,"name":"Vida lit\u00fargica","item":"https:\/\/www.cpl.es\/ca\/blog\/vida-liturgica\/"},{"@type":"ListItem","position":4,"name":"Temps lit\u00fargics","item":"https:\/\/www.cpl.es\/ca\/blog\/vida-liturgica\/temps-liturgics\/"},{"@type":"ListItem","position":5,"name":"La Setmana Santa","item":"https:\/\/www.cpl.es\/ca\/blog\/vida-liturgica\/temps-liturgics\/la-setmana-santa\/"},{"@type":"ListItem","position":6,"name":"Els dies centrals de l\u2019any"}]},{"@type":"WebSite","@id":"https:\/\/www.cpl.es\/#website","url":"https:\/\/www.cpl.es\/","name":"CPL","description":"Centre de Pastoral Lit\u00fargica de Barcelona","publisher":{"@id":"https:\/\/www.cpl.es\/#organization"},"alternateName":"Centre de Pastoral Lit\u00fargica","potentialAction":[{"@type":"SearchAction","target":{"@type":"EntryPoint","urlTemplate":"https:\/\/www.cpl.es\/?s={search_term_string}"},"query-input":{"@type":"PropertyValueSpecification","valueRequired":true,"valueName":"search_term_string"}}],"inLanguage":"ca"},{"@type":"Organization","@id":"https:\/\/www.cpl.es\/#organization","name":"Centre de Pastoral Lit\u00fargica","alternateName":"Centre de Pastoral Lit\u00fargica de Barcelona","url":"https:\/\/www.cpl.es\/","logo":{"@type":"ImageObject","inLanguage":"ca","@id":"https:\/\/www.cpl.es\/#\/schema\/logo\/image\/","url":"https:\/\/www.cpl.es\/wp-content\/uploads\/logo-cpl.svg","contentUrl":"https:\/\/www.cpl.es\/wp-content\/uploads\/logo-cpl.svg","caption":"Centre de Pastoral Lit\u00fargica"},"image":{"@id":"https:\/\/www.cpl.es\/#\/schema\/logo\/image\/"}}]}},"_links":{"self":[{"href":"https:\/\/www.cpl.es\/ca\/wp-json\/wp\/v2\/pages\/11547","targetHints":{"allow":["GET"]}}],"collection":[{"href":"https:\/\/www.cpl.es\/ca\/wp-json\/wp\/v2\/pages"}],"about":[{"href":"https:\/\/www.cpl.es\/ca\/wp-json\/wp\/v2\/types\/page"}],"author":[{"embeddable":true,"href":"https:\/\/www.cpl.es\/ca\/wp-json\/wp\/v2\/users\/1"}],"replies":[{"embeddable":true,"href":"https:\/\/www.cpl.es\/ca\/wp-json\/wp\/v2\/comments?post=11547"}],"version-history":[{"count":1,"href":"https:\/\/www.cpl.es\/ca\/wp-json\/wp\/v2\/pages\/11547\/revisions"}],"predecessor-version":[{"id":11548,"href":"https:\/\/www.cpl.es\/ca\/wp-json\/wp\/v2\/pages\/11547\/revisions\/11548"}],"up":[{"embeddable":true,"href":"https:\/\/www.cpl.es\/ca\/wp-json\/wp\/v2\/pages\/11543"}],"wp:attachment":[{"href":"https:\/\/www.cpl.es\/ca\/wp-json\/wp\/v2\/media?parent=11547"}],"curies":[{"name":"wp","href":"https:\/\/api.w.org\/{rel}","templated":true}]}}