{"id":11531,"date":"2023-11-29T17:48:55","date_gmt":"2023-11-29T16:48:55","guid":{"rendered":"https:\/\/nuevaweb.cpl.es\/?page_id=11531"},"modified":"2023-12-14T09:55:32","modified_gmt":"2023-12-14T08:55:32","slug":"viacrucis-en-temps-de-pandemia","status":"publish","type":"page","link":"https:\/\/www.cpl.es\/ca\/blog\/vida-liturgica\/temps-liturgics\/el-temps-de-quaresma\/viacrucis-en-temps-de-pandemia\/","title":{"rendered":"Viacrucis, en temps de pand\u00e8mia"},"content":{"rendered":"<div id=\"pl-11531\"  class=\"panel-layout\" ><div id=\"pg-11531-0\"  class=\"panel-grid panel-no-style\" ><div id=\"pgc-11531-0-0\"  class=\"panel-grid-cell\" ><div id=\"panel-11531-0-0-0\" class=\"so-panel widget widget_sow-editor panel-first-child panel-last-child\" data-index=\"0\" ><div\n\t\t\t\n\t\t\tclass=\"so-widget-sow-editor so-widget-sow-editor-base\"\n\t\t\t\n\t\t>\n<div class=\"siteorigin-widget-tinymce textwidget\">\n\t<p><img decoding=\"async\" class=\"alignnone wp-image-9441 size-medium\" src=\"https:\/\/www.cpl.es\/wp-content\/uploads\/Viacrucis-300x279.jpg\" alt=\"\" width=\"300\" height=\"279\" srcset=\"https:\/\/www.cpl.es\/wp-content\/uploads\/\/Viacrucis-300x279.jpg 300w, https:\/\/www.cpl.es\/wp-content\/uploads\/\/Viacrucis-416x387.jpg 416w, https:\/\/www.cpl.es\/wp-content\/uploads\/\/Viacrucis.jpg 640w\" sizes=\"auto, (max-width: 300px) 100vw, 300px\" \/ fetchpriority=\"high\"><\/p>\n<p>Una bona pr\u00e0ctica per a viure la Quaresma \u00e9s la\u00a0<strong>preg\u00e0ria del viacrucis<\/strong>, en la qual contemplem els \u00faltims moments de la vida de Jes\u00fas, el seu cam\u00ed cap a la creu. \u00c9s una preg\u00e0ria que t\u00e9 diverses maneres de fer-la, si b\u00e9 normalment t\u00e9 catorze meditacions o estacions. En cadascuna d\u2019elles contemplem aquests fets de la passi\u00f3 de Jes\u00fas cam\u00ed de la creu i alhora el nostre desig de conversi\u00f3 davant aquest acte suprem d\u2019amor per part de Jes\u00fas.<\/p>\n<p>La Quaresma de 2021 est\u00e0 marcada pel dolor de la pand\u00e8mia que afligeix el m\u00f3n i que afecta la vida de cadasc\u00fa de nosaltres i de les nostres comunitats. \u00c9s per aix\u00f2 que el CPL ofereix textos de viacrucis adaptat al moment present i que Esgl\u00e9sies locals han compost.<\/p>\n<p><a href=\"https:\/\/www.cpl.es\/wp-content\/uploads\/VIACRUCIS-Divendres-Sant-Vatica-2020-1.pdf\">VIACRUCIS del Divendres Sant. Vatic\u00e0, 2020 (PDF)<\/a><\/p>\n<p>Viacrucis presidit pel Sant Pare Francesc en la pla\u00e7a de Sant Pere el\u00a010 d\u2019abril de 2020.<\/p>\n<p><a href=\"https:\/\/www.cpl.es\/wp-content\/uploads\/VIACRUCIS-Arquebisbat-de-Chieti-Vasto-1.pdf\">VIACRUCIS de l\u2019Arquebisbat de Chieti-Vasto (PDF)<\/a><\/p>\n<p>Per acompanyar el dolor de tantes persones en aquest temps de prova,\u00a0marcat per la propagaci\u00f3 del coronavirus, i per invocar l\u2019alliberament per a tothom<em>.<\/em><\/p>\n<p><a href=\"https:\/\/www.cpl.es\/wp-content\/uploads\/VIACRUCIS-Arquebisbat-de-Tarragona-1.pdf\">VIACRUCIS de l\u2019Arquebisbat de Tarragona (PDF)<\/a><\/p>\n<p>La Quaresma d\u2019enguany est\u00e0 marcada pel dolor de la pand\u00e8mia que afligeix el m\u00f3n i que afecta la vida de cadasc\u00fa de nosaltres i de les nostres comunitats.\u00a0Disposem-nos amb el cor desolat a meditar el cam\u00ed de la creu, segons l\u2019exercici piad\u00f3s del poble cristi\u00e0.<\/p>\n<p><a href=\"https:\/\/www.cpl.es\/wp-content\/uploads\/VIACRUCIS-Bisbat-de-Tortosa-1.pdf\" target=\"_blank\" rel=\"noopener\">VIACRUCIS del Bisbat de Tortosa (PDF)<\/a><\/p>\n<p>Ens disposem a contemplar la passi\u00f3 i mort del nostre Salvador.\u00a0Ho farem pensant en la creu en la que est\u00e0 clavada, avui, la humanitat: la pand\u00e8mia que ha trasbalsat la nostra vida i que produeix la mort a molts dels nostres germans humans.<\/p>\n<p><a href=\"https:\/\/www.cpl.es\/wp-content\/uploads\/VIACRUCIS-Arxiprestat-del-Garraf-1.pdf\">VIACRUCIS de l\u2019Arxiprestat de Garraf (PDF)<\/a><\/p>\n<p>El coronavirus ens situa davant d\u2019una de les creus que els \u00e9ssers humans hem d\u2019afrontar en el llarg de la nostra vida: la creu de la Malaltia. Preguem, al costat de la creu de Jes\u00fas, perqu\u00e8 el Senyor ens ajudi enmig d\u2019aquesta circumst\u00e0ncia excepcional que requereix de la col\u00b7laboraci\u00f3 de tots per poder superar-la.<\/p>\n<\/div>\n<\/div><\/div><\/div><\/div><\/div>","protected":false},"excerpt":{"rendered":"<p>Una bona pr\u00e0ctica per a viure la Quaresma \u00e9s la\u00a0preg\u00e0ria del viacrucis, en la qual contemplem els \u00faltims moments de la vida de Jes\u00fas, el seu cam\u00ed cap a la creu. \u00c9s una preg\u00e0ria que t\u00e9 diverses maneres de fer-la, si b\u00e9 normalment t\u00e9 catorze meditacions o estacions. En cadascuna d\u2019elles contemplem aquests fets de [&hellip;]<\/p>\n","protected":false},"author":1,"featured_media":0,"parent":11519,"menu_order":5,"comment_status":"closed","ping_status":"closed","template":"","meta":{"_acf_changed":false,"inline_featured_image":false,"footnotes":""},"class_list":["post-11531","page","type-page","status-publish","hentry"],"acf":[],"yoast_head":"<!-- This site is optimized with the Yoast SEO plugin v27.0 - https:\/\/yoast.com\/product\/yoast-seo-wordpress\/ -->\n<title>Viacrucis, en temps de pand\u00e8mia - CPL<\/title>\n<meta name=\"robots\" content=\"index, follow, max-snippet:-1, max-image-preview:large, max-video-preview:-1\" \/>\n<link rel=\"canonical\" href=\"https:\/\/www.cpl.es\/ca\/blog\/vida-liturgica\/temps-liturgics\/el-temps-de-quaresma\/viacrucis-en-temps-de-pandemia\/\" \/>\n<meta property=\"og:locale\" content=\"ca_ES\" \/>\n<meta property=\"og:type\" content=\"article\" \/>\n<meta property=\"og:title\" content=\"Viacrucis, en temps de pand\u00e8mia - CPL\" \/>\n<meta property=\"og:description\" content=\"Una bona pr\u00e0ctica per a viure la Quaresma \u00e9s la\u00a0preg\u00e0ria del viacrucis, en la qual contemplem els \u00faltims moments de la vida de Jes\u00fas, el seu cam\u00ed cap a la creu. \u00c9s una preg\u00e0ria que t\u00e9 diverses maneres de fer-la, si b\u00e9 normalment t\u00e9 catorze meditacions o estacions. En cadascuna d\u2019elles contemplem aquests fets de [&hellip;]\" \/>\n<meta property=\"og:url\" content=\"https:\/\/www.cpl.es\/ca\/blog\/vida-liturgica\/temps-liturgics\/el-temps-de-quaresma\/viacrucis-en-temps-de-pandemia\/\" \/>\n<meta property=\"og:site_name\" content=\"CPL\" \/>\n<meta property=\"article:modified_time\" content=\"2023-12-14T08:55:32+00:00\" \/>\n<meta property=\"og:image\" content=\"https:\/\/www.cpl.es\/wp-content\/uploads\/Viacrucis.jpg\" \/>\n\t<meta property=\"og:image:width\" content=\"640\" \/>\n\t<meta property=\"og:image:height\" content=\"595\" \/>\n\t<meta property=\"og:image:type\" content=\"image\/jpeg\" \/>\n<meta name=\"twitter:card\" content=\"summary_large_image\" \/>\n<meta name=\"twitter:label1\" content=\"Temps estimat de lectura\" \/>\n\t<meta name=\"twitter:data1\" content=\"2 minuts\" \/>\n<script type=\"application\/ld+json\" class=\"yoast-schema-graph\">{\"@context\":\"https:\/\/schema.org\",\"@graph\":[{\"@type\":\"WebPage\",\"@id\":\"https:\/\/www.cpl.es\/ca\/blog\/vida-liturgica\/temps-liturgics\/el-temps-de-quaresma\/viacrucis-en-temps-de-pandemia\/\",\"url\":\"https:\/\/www.cpl.es\/ca\/blog\/vida-liturgica\/temps-liturgics\/el-temps-de-quaresma\/viacrucis-en-temps-de-pandemia\/\",\"name\":\"Viacrucis, en temps de pand\u00e8mia - CPL\",\"isPartOf\":{\"@id\":\"https:\/\/www.cpl.es\/#website\"},\"primaryImageOfPage\":{\"@id\":\"https:\/\/www.cpl.es\/ca\/blog\/vida-liturgica\/temps-liturgics\/el-temps-de-quaresma\/viacrucis-en-temps-de-pandemia\/#primaryimage\"},\"image\":{\"@id\":\"https:\/\/www.cpl.es\/ca\/blog\/vida-liturgica\/temps-liturgics\/el-temps-de-quaresma\/viacrucis-en-temps-de-pandemia\/#primaryimage\"},\"thumbnailUrl\":\"https:\/\/www.cpl.es\/wp-content\/uploads\/Viacrucis-300x279.jpg\",\"datePublished\":\"2023-11-29T16:48:55+00:00\",\"dateModified\":\"2023-12-14T08:55:32+00:00\",\"breadcrumb\":{\"@id\":\"https:\/\/www.cpl.es\/ca\/blog\/vida-liturgica\/temps-liturgics\/el-temps-de-quaresma\/viacrucis-en-temps-de-pandemia\/#breadcrumb\"},\"inLanguage\":\"ca\",\"potentialAction\":[{\"@type\":\"ReadAction\",\"target\":[\"https:\/\/www.cpl.es\/ca\/blog\/vida-liturgica\/temps-liturgics\/el-temps-de-quaresma\/viacrucis-en-temps-de-pandemia\/\"]}]},{\"@type\":\"ImageObject\",\"inLanguage\":\"ca\",\"@id\":\"https:\/\/www.cpl.es\/ca\/blog\/vida-liturgica\/temps-liturgics\/el-temps-de-quaresma\/viacrucis-en-temps-de-pandemia\/#primaryimage\",\"url\":\"https:\/\/www.cpl.es\/wp-content\/uploads\/Viacrucis-300x279.jpg\",\"contentUrl\":\"https:\/\/www.cpl.es\/wp-content\/uploads\/Viacrucis-300x279.jpg\"},{\"@type\":\"BreadcrumbList\",\"@id\":\"https:\/\/www.cpl.es\/ca\/blog\/vida-liturgica\/temps-liturgics\/el-temps-de-quaresma\/viacrucis-en-temps-de-pandemia\/#breadcrumb\",\"itemListElement\":[{\"@type\":\"ListItem\",\"position\":1,\"name\":\"Portada\",\"item\":\"https:\/\/www.cpl.es\/ca\/\"},{\"@type\":\"ListItem\",\"position\":2,\"name\":\"Blog\",\"item\":\"https:\/\/www.cpl.es\/ca\/blog\/\"},{\"@type\":\"ListItem\",\"position\":3,\"name\":\"Vida lit\u00fargica\",\"item\":\"https:\/\/www.cpl.es\/ca\/blog\/vida-liturgica\/\"},{\"@type\":\"ListItem\",\"position\":4,\"name\":\"Temps lit\u00fargics\",\"item\":\"https:\/\/www.cpl.es\/ca\/blog\/vida-liturgica\/temps-liturgics\/\"},{\"@type\":\"ListItem\",\"position\":5,\"name\":\"El temps de Quaresma\",\"item\":\"https:\/\/www.cpl.es\/ca\/blog\/vida-liturgica\/temps-liturgics\/el-temps-de-quaresma\/\"},{\"@type\":\"ListItem\",\"position\":6,\"name\":\"Viacrucis, en temps de pand\u00e8mia\"}]},{\"@type\":\"WebSite\",\"@id\":\"https:\/\/www.cpl.es\/#website\",\"url\":\"https:\/\/www.cpl.es\/\",\"name\":\"CPL\",\"description\":\"Centre de Pastoral Lit\u00fargica de Barcelona\",\"publisher\":{\"@id\":\"https:\/\/www.cpl.es\/#organization\"},\"alternateName\":\"Centre de Pastoral Lit\u00fargica\",\"potentialAction\":[{\"@type\":\"SearchAction\",\"target\":{\"@type\":\"EntryPoint\",\"urlTemplate\":\"https:\/\/www.cpl.es\/?s={search_term_string}\"},\"query-input\":{\"@type\":\"PropertyValueSpecification\",\"valueRequired\":true,\"valueName\":\"search_term_string\"}}],\"inLanguage\":\"ca\"},{\"@type\":\"Organization\",\"@id\":\"https:\/\/www.cpl.es\/#organization\",\"name\":\"Centre de Pastoral Lit\u00fargica\",\"alternateName\":\"Centre de Pastoral Lit\u00fargica de Barcelona\",\"url\":\"https:\/\/www.cpl.es\/\",\"logo\":{\"@type\":\"ImageObject\",\"inLanguage\":\"ca\",\"@id\":\"https:\/\/www.cpl.es\/#\/schema\/logo\/image\/\",\"url\":\"https:\/\/www.cpl.es\/wp-content\/uploads\/logo-cpl.svg\",\"contentUrl\":\"https:\/\/www.cpl.es\/wp-content\/uploads\/logo-cpl.svg\",\"caption\":\"Centre de Pastoral Lit\u00fargica\"},\"image\":{\"@id\":\"https:\/\/www.cpl.es\/#\/schema\/logo\/image\/\"}}]}<\/script>\n<!-- \/ Yoast SEO plugin. -->","yoast_head_json":{"title":"Viacrucis, en temps de pand\u00e8mia - CPL","robots":{"index":"index","follow":"follow","max-snippet":"max-snippet:-1","max-image-preview":"max-image-preview:large","max-video-preview":"max-video-preview:-1"},"canonical":"https:\/\/www.cpl.es\/ca\/blog\/vida-liturgica\/temps-liturgics\/el-temps-de-quaresma\/viacrucis-en-temps-de-pandemia\/","og_locale":"ca_ES","og_type":"article","og_title":"Viacrucis, en temps de pand\u00e8mia - CPL","og_description":"Una bona pr\u00e0ctica per a viure la Quaresma \u00e9s la\u00a0preg\u00e0ria del viacrucis, en la qual contemplem els \u00faltims moments de la vida de Jes\u00fas, el seu cam\u00ed cap a la creu. \u00c9s una preg\u00e0ria que t\u00e9 diverses maneres de fer-la, si b\u00e9 normalment t\u00e9 catorze meditacions o estacions. En cadascuna d\u2019elles contemplem aquests fets de [&hellip;]","og_url":"https:\/\/www.cpl.es\/ca\/blog\/vida-liturgica\/temps-liturgics\/el-temps-de-quaresma\/viacrucis-en-temps-de-pandemia\/","og_site_name":"CPL","article_modified_time":"2023-12-14T08:55:32+00:00","og_image":[{"width":640,"height":595,"url":"https:\/\/www.cpl.es\/wp-content\/uploads\/Viacrucis.jpg","type":"image\/jpeg"}],"twitter_card":"summary_large_image","twitter_misc":{"Temps estimat de lectura":"2 minuts"},"schema":{"@context":"https:\/\/schema.org","@graph":[{"@type":"WebPage","@id":"https:\/\/www.cpl.es\/ca\/blog\/vida-liturgica\/temps-liturgics\/el-temps-de-quaresma\/viacrucis-en-temps-de-pandemia\/","url":"https:\/\/www.cpl.es\/ca\/blog\/vida-liturgica\/temps-liturgics\/el-temps-de-quaresma\/viacrucis-en-temps-de-pandemia\/","name":"Viacrucis, en temps de pand\u00e8mia - CPL","isPartOf":{"@id":"https:\/\/www.cpl.es\/#website"},"primaryImageOfPage":{"@id":"https:\/\/www.cpl.es\/ca\/blog\/vida-liturgica\/temps-liturgics\/el-temps-de-quaresma\/viacrucis-en-temps-de-pandemia\/#primaryimage"},"image":{"@id":"https:\/\/www.cpl.es\/ca\/blog\/vida-liturgica\/temps-liturgics\/el-temps-de-quaresma\/viacrucis-en-temps-de-pandemia\/#primaryimage"},"thumbnailUrl":"https:\/\/www.cpl.es\/wp-content\/uploads\/Viacrucis-300x279.jpg","datePublished":"2023-11-29T16:48:55+00:00","dateModified":"2023-12-14T08:55:32+00:00","breadcrumb":{"@id":"https:\/\/www.cpl.es\/ca\/blog\/vida-liturgica\/temps-liturgics\/el-temps-de-quaresma\/viacrucis-en-temps-de-pandemia\/#breadcrumb"},"inLanguage":"ca","potentialAction":[{"@type":"ReadAction","target":["https:\/\/www.cpl.es\/ca\/blog\/vida-liturgica\/temps-liturgics\/el-temps-de-quaresma\/viacrucis-en-temps-de-pandemia\/"]}]},{"@type":"ImageObject","inLanguage":"ca","@id":"https:\/\/www.cpl.es\/ca\/blog\/vida-liturgica\/temps-liturgics\/el-temps-de-quaresma\/viacrucis-en-temps-de-pandemia\/#primaryimage","url":"https:\/\/www.cpl.es\/wp-content\/uploads\/Viacrucis-300x279.jpg","contentUrl":"https:\/\/www.cpl.es\/wp-content\/uploads\/Viacrucis-300x279.jpg"},{"@type":"BreadcrumbList","@id":"https:\/\/www.cpl.es\/ca\/blog\/vida-liturgica\/temps-liturgics\/el-temps-de-quaresma\/viacrucis-en-temps-de-pandemia\/#breadcrumb","itemListElement":[{"@type":"ListItem","position":1,"name":"Portada","item":"https:\/\/www.cpl.es\/ca\/"},{"@type":"ListItem","position":2,"name":"Blog","item":"https:\/\/www.cpl.es\/ca\/blog\/"},{"@type":"ListItem","position":3,"name":"Vida lit\u00fargica","item":"https:\/\/www.cpl.es\/ca\/blog\/vida-liturgica\/"},{"@type":"ListItem","position":4,"name":"Temps lit\u00fargics","item":"https:\/\/www.cpl.es\/ca\/blog\/vida-liturgica\/temps-liturgics\/"},{"@type":"ListItem","position":5,"name":"El temps de Quaresma","item":"https:\/\/www.cpl.es\/ca\/blog\/vida-liturgica\/temps-liturgics\/el-temps-de-quaresma\/"},{"@type":"ListItem","position":6,"name":"Viacrucis, en temps de pand\u00e8mia"}]},{"@type":"WebSite","@id":"https:\/\/www.cpl.es\/#website","url":"https:\/\/www.cpl.es\/","name":"CPL","description":"Centre de Pastoral Lit\u00fargica de Barcelona","publisher":{"@id":"https:\/\/www.cpl.es\/#organization"},"alternateName":"Centre de Pastoral Lit\u00fargica","potentialAction":[{"@type":"SearchAction","target":{"@type":"EntryPoint","urlTemplate":"https:\/\/www.cpl.es\/?s={search_term_string}"},"query-input":{"@type":"PropertyValueSpecification","valueRequired":true,"valueName":"search_term_string"}}],"inLanguage":"ca"},{"@type":"Organization","@id":"https:\/\/www.cpl.es\/#organization","name":"Centre de Pastoral Lit\u00fargica","alternateName":"Centre de Pastoral Lit\u00fargica de Barcelona","url":"https:\/\/www.cpl.es\/","logo":{"@type":"ImageObject","inLanguage":"ca","@id":"https:\/\/www.cpl.es\/#\/schema\/logo\/image\/","url":"https:\/\/www.cpl.es\/wp-content\/uploads\/logo-cpl.svg","contentUrl":"https:\/\/www.cpl.es\/wp-content\/uploads\/logo-cpl.svg","caption":"Centre de Pastoral Lit\u00fargica"},"image":{"@id":"https:\/\/www.cpl.es\/#\/schema\/logo\/image\/"}}]}},"_links":{"self":[{"href":"https:\/\/www.cpl.es\/ca\/wp-json\/wp\/v2\/pages\/11531","targetHints":{"allow":["GET"]}}],"collection":[{"href":"https:\/\/www.cpl.es\/ca\/wp-json\/wp\/v2\/pages"}],"about":[{"href":"https:\/\/www.cpl.es\/ca\/wp-json\/wp\/v2\/types\/page"}],"author":[{"embeddable":true,"href":"https:\/\/www.cpl.es\/ca\/wp-json\/wp\/v2\/users\/1"}],"replies":[{"embeddable":true,"href":"https:\/\/www.cpl.es\/ca\/wp-json\/wp\/v2\/comments?post=11531"}],"version-history":[{"count":1,"href":"https:\/\/www.cpl.es\/ca\/wp-json\/wp\/v2\/pages\/11531\/revisions"}],"predecessor-version":[{"id":11542,"href":"https:\/\/www.cpl.es\/ca\/wp-json\/wp\/v2\/pages\/11531\/revisions\/11542"}],"up":[{"embeddable":true,"href":"https:\/\/www.cpl.es\/ca\/wp-json\/wp\/v2\/pages\/11519"}],"wp:attachment":[{"href":"https:\/\/www.cpl.es\/ca\/wp-json\/wp\/v2\/media?parent=11531"}],"curies":[{"name":"wp","href":"https:\/\/api.w.org\/{rel}","templated":true}]}}