{"id":11529,"date":"2023-11-29T17:43:34","date_gmt":"2023-11-29T16:43:34","guid":{"rendered":"https:\/\/nuevaweb.cpl.es\/?page_id=11529"},"modified":"2023-12-14T09:48:57","modified_gmt":"2023-12-14T08:48:57","slug":"els-signes-de-la-quaresma","status":"publish","type":"page","link":"https:\/\/www.cpl.es\/ca\/blog\/vida-liturgica\/temps-liturgics\/el-temps-de-quaresma\/els-signes-de-la-quaresma\/","title":{"rendered":"Els signes de la Quaresma"},"content":{"rendered":"<div id=\"pl-11529\"  class=\"panel-layout\" ><div id=\"pg-11529-0\"  class=\"panel-grid panel-no-style\" ><div id=\"pgc-11529-0-0\"  class=\"panel-grid-cell\" ><div id=\"panel-11529-0-0-0\" class=\"so-panel widget widget_sow-editor panel-first-child panel-last-child\" data-index=\"0\" ><div\n\t\t\t\n\t\t\tclass=\"so-widget-sow-editor so-widget-sow-editor-base\"\n\t\t\t\n\t\t>\n<div class=\"siteorigin-widget-tinymce textwidget\">\n\t<p><img decoding=\"async\" class=\"alignnone size-full wp-image-9433\" src=\"https:\/\/www.cpl.es\/wp-content\/uploads\/344-els-signes-de-la-quaresma.jpg\" alt=\"\" width=\"408\" height=\"232\" srcset=\"https:\/\/www.cpl.es\/wp-content\/uploads\/\/344-els-signes-de-la-quaresma.jpg 408w, https:\/\/www.cpl.es\/wp-content\/uploads\/\/344-els-signes-de-la-quaresma-300x171.jpg 300w\" sizes=\"auto, (max-width: 408px) 100vw, 408px\" \/ fetchpriority=\"high\"><\/p>\n<p>La Quaresma \u00e9s un temps de preparaci\u00f3 per a la Pasqua. \u00c9s un\u00a0<strong>temps marcadament penitencial, de preparaci\u00f3, de conversi\u00f3, de deser<\/strong>t. Demana una actitud interna de canvi, de \u201cmet\u00e0noia\u201d, de conversi\u00f3. Per aix\u00f2, la lit\u00fargia hi ajuda amb els signes externs, per tal que ajudin pedag\u00f2gicament a viure amb intensitat aquest temps lit\u00fargic fort.<\/p>\n<p>Aix\u00ed doncs, durant la Quaresma s\u2019omet l\u2019himne del \u201cGl\u00f2ria\u201d i el cant de l\u2019Al\u00b7leluia, que seran cantats solemnement en la Vetlla Pasqual. Al mateix temps, es demana de no tocar m\u00fasica instrumental, sin\u00f3 que l\u2019instrument toqui nom\u00e9s quan acompanya en el cant lit\u00fargic; per tant, en aquest temps predominen molt els silencis i l\u2019austeritat en els cants. Per altra banda, en els diumenges de Quaresma, en lloc del cant d\u2019entrada \u00e9s recomanable cantar la lletania dels Sants i supleix aix\u00ed el cant d\u2019entrada i l\u2019acte penitencial a la vegada que demanem la seva intercessi\u00f3 a aquests que han estat models de fe en Jesucrist. Tamb\u00e9, durant la Quaresma, es retiren totes les flors que hi ha a l\u2019esgl\u00e9sia, per tal de marcar l\u2019austeritat pr\u00f2pia d\u2019aquest temps. El color lit\u00fargic d\u2019aquest temps \u00e9s el morat, un color m\u00e9s aviat apaivagat i fosc, que contrastar\u00e0 amb la claror del blanc o el daurat de la Pasqua.<\/p>\n<p>Tamb\u00e9 \u00e9s molt recomanable que durant la Quaresma no se celebri el sagrament del baptisme, ja que \u00e9s m\u00e9s pedag\u00f2gic celebrar-los per Pasqua, ja que els sagraments \u2013sobretot el baptisme\u2013 brollen de la Pasqua.<\/p>\n<p>Per altra banda, tal i com l\u2019Esgl\u00e9sia demana durant la Quaresma, \u00e9s important intensificar\u00a0<strong>la preg\u00e0ria, fer almoina i tamb\u00e9 dejuni<\/strong>; s\u00f3n actituds externes que ens han d\u2019ajudar internament a convertir-nos i anar a l\u2019encontre de Crist, vivint com ell vivia.<\/p>\n<p>Una bona pr\u00e0ctica per a viure la Quaresma \u00e9s la\u00a0<strong>preg\u00e0ria del viacrucis<\/strong>, en la qual contemplem els \u00faltims moments de la vida de Jes\u00fas, el seu cam\u00ed cap a la creu. \u00c9s una preg\u00e0ria que t\u00e9 diverses maneres de fer-la, si b\u00e9 normalment t\u00e9 catorze meditacions o estacions. En cadascuna d\u2019elles contemplem aquests fets de la passi\u00f3 de Jes\u00fas cam\u00ed de la creu i alhora el nostre desig de conversi\u00f3 davant aquest acte suprem d\u2019amor per part de Jes\u00fas.<\/p>\n<p>Una altra bona pr\u00e0ctica per a viure la Quaresma, en vistes a la celebraci\u00f3 de la Pasqua \u00e9s rebre el sagrament de la reconciliaci\u00f3, per tal de demanar a D\u00e9u que ens perdoni les nostres faltes i rebre el seu perd\u00f3 i la seva pau.<\/p>\n<\/div>\n<\/div><\/div><\/div><\/div><\/div>","protected":false},"excerpt":{"rendered":"<p>La Quaresma \u00e9s un temps de preparaci\u00f3 per a la Pasqua. \u00c9s un\u00a0temps marcadament penitencial, de preparaci\u00f3, de conversi\u00f3, de desert. Demana una actitud interna de canvi, de \u201cmet\u00e0noia\u201d, de conversi\u00f3. Per aix\u00f2, la lit\u00fargia hi ajuda amb els signes externs, per tal que ajudin pedag\u00f2gicament a viure amb intensitat aquest temps lit\u00fargic fort. Aix\u00ed [&hellip;]<\/p>\n","protected":false},"author":1,"featured_media":0,"parent":11519,"menu_order":4,"comment_status":"closed","ping_status":"closed","template":"","meta":{"_acf_changed":false,"inline_featured_image":false,"footnotes":""},"class_list":["post-11529","page","type-page","status-publish","hentry"],"acf":[],"yoast_head":"<!-- This site is optimized with the Yoast SEO plugin v27.0 - https:\/\/yoast.com\/product\/yoast-seo-wordpress\/ -->\n<title>Els signes de la Quaresma - CPL<\/title>\n<meta name=\"robots\" content=\"index, follow, max-snippet:-1, max-image-preview:large, max-video-preview:-1\" \/>\n<link rel=\"canonical\" href=\"https:\/\/www.cpl.es\/ca\/blog\/vida-liturgica\/temps-liturgics\/el-temps-de-quaresma\/els-signes-de-la-quaresma\/\" \/>\n<meta property=\"og:locale\" content=\"ca_ES\" \/>\n<meta property=\"og:type\" content=\"article\" \/>\n<meta property=\"og:title\" content=\"Els signes de la Quaresma - CPL\" \/>\n<meta property=\"og:description\" content=\"La Quaresma \u00e9s un temps de preparaci\u00f3 per a la Pasqua. \u00c9s un\u00a0temps marcadament penitencial, de preparaci\u00f3, de conversi\u00f3, de desert. Demana una actitud interna de canvi, de \u201cmet\u00e0noia\u201d, de conversi\u00f3. Per aix\u00f2, la lit\u00fargia hi ajuda amb els signes externs, per tal que ajudin pedag\u00f2gicament a viure amb intensitat aquest temps lit\u00fargic fort. Aix\u00ed [&hellip;]\" \/>\n<meta property=\"og:url\" content=\"https:\/\/www.cpl.es\/ca\/blog\/vida-liturgica\/temps-liturgics\/el-temps-de-quaresma\/els-signes-de-la-quaresma\/\" \/>\n<meta property=\"og:site_name\" content=\"CPL\" \/>\n<meta property=\"article:modified_time\" content=\"2023-12-14T08:48:57+00:00\" \/>\n<meta property=\"og:image\" content=\"https:\/\/www.cpl.es\/wp-content\/uploads\/344-els-signes-de-la-quaresma.jpg\" \/>\n\t<meta property=\"og:image:width\" content=\"408\" \/>\n\t<meta property=\"og:image:height\" content=\"232\" \/>\n\t<meta property=\"og:image:type\" content=\"image\/jpeg\" \/>\n<meta name=\"twitter:card\" content=\"summary_large_image\" \/>\n<meta name=\"twitter:label1\" content=\"Temps estimat de lectura\" \/>\n\t<meta name=\"twitter:data1\" content=\"2 minuts\" \/>\n<script type=\"application\/ld+json\" class=\"yoast-schema-graph\">{\"@context\":\"https:\/\/schema.org\",\"@graph\":[{\"@type\":\"WebPage\",\"@id\":\"https:\/\/www.cpl.es\/ca\/blog\/vida-liturgica\/temps-liturgics\/el-temps-de-quaresma\/els-signes-de-la-quaresma\/\",\"url\":\"https:\/\/www.cpl.es\/ca\/blog\/vida-liturgica\/temps-liturgics\/el-temps-de-quaresma\/els-signes-de-la-quaresma\/\",\"name\":\"Els signes de la Quaresma - CPL\",\"isPartOf\":{\"@id\":\"https:\/\/www.cpl.es\/#website\"},\"primaryImageOfPage\":{\"@id\":\"https:\/\/www.cpl.es\/ca\/blog\/vida-liturgica\/temps-liturgics\/el-temps-de-quaresma\/els-signes-de-la-quaresma\/#primaryimage\"},\"image\":{\"@id\":\"https:\/\/www.cpl.es\/ca\/blog\/vida-liturgica\/temps-liturgics\/el-temps-de-quaresma\/els-signes-de-la-quaresma\/#primaryimage\"},\"thumbnailUrl\":\"https:\/\/www.cpl.es\/wp-content\/uploads\/344-els-signes-de-la-quaresma.jpg\",\"datePublished\":\"2023-11-29T16:43:34+00:00\",\"dateModified\":\"2023-12-14T08:48:57+00:00\",\"breadcrumb\":{\"@id\":\"https:\/\/www.cpl.es\/ca\/blog\/vida-liturgica\/temps-liturgics\/el-temps-de-quaresma\/els-signes-de-la-quaresma\/#breadcrumb\"},\"inLanguage\":\"ca\",\"potentialAction\":[{\"@type\":\"ReadAction\",\"target\":[\"https:\/\/www.cpl.es\/ca\/blog\/vida-liturgica\/temps-liturgics\/el-temps-de-quaresma\/els-signes-de-la-quaresma\/\"]}]},{\"@type\":\"ImageObject\",\"inLanguage\":\"ca\",\"@id\":\"https:\/\/www.cpl.es\/ca\/blog\/vida-liturgica\/temps-liturgics\/el-temps-de-quaresma\/els-signes-de-la-quaresma\/#primaryimage\",\"url\":\"https:\/\/www.cpl.es\/wp-content\/uploads\/344-els-signes-de-la-quaresma.jpg\",\"contentUrl\":\"https:\/\/www.cpl.es\/wp-content\/uploads\/344-els-signes-de-la-quaresma.jpg\"},{\"@type\":\"BreadcrumbList\",\"@id\":\"https:\/\/www.cpl.es\/ca\/blog\/vida-liturgica\/temps-liturgics\/el-temps-de-quaresma\/els-signes-de-la-quaresma\/#breadcrumb\",\"itemListElement\":[{\"@type\":\"ListItem\",\"position\":1,\"name\":\"Portada\",\"item\":\"https:\/\/www.cpl.es\/ca\/\"},{\"@type\":\"ListItem\",\"position\":2,\"name\":\"Blog\",\"item\":\"https:\/\/www.cpl.es\/ca\/blog\/\"},{\"@type\":\"ListItem\",\"position\":3,\"name\":\"Vida lit\u00fargica\",\"item\":\"https:\/\/www.cpl.es\/ca\/blog\/vida-liturgica\/\"},{\"@type\":\"ListItem\",\"position\":4,\"name\":\"Temps lit\u00fargics\",\"item\":\"https:\/\/www.cpl.es\/ca\/blog\/vida-liturgica\/temps-liturgics\/\"},{\"@type\":\"ListItem\",\"position\":5,\"name\":\"El temps de Quaresma\",\"item\":\"https:\/\/www.cpl.es\/ca\/blog\/vida-liturgica\/temps-liturgics\/el-temps-de-quaresma\/\"},{\"@type\":\"ListItem\",\"position\":6,\"name\":\"Els signes de la Quaresma\"}]},{\"@type\":\"WebSite\",\"@id\":\"https:\/\/www.cpl.es\/#website\",\"url\":\"https:\/\/www.cpl.es\/\",\"name\":\"CPL\",\"description\":\"Centre de Pastoral Lit\u00fargica de Barcelona\",\"publisher\":{\"@id\":\"https:\/\/www.cpl.es\/#organization\"},\"alternateName\":\"Centre de Pastoral Lit\u00fargica\",\"potentialAction\":[{\"@type\":\"SearchAction\",\"target\":{\"@type\":\"EntryPoint\",\"urlTemplate\":\"https:\/\/www.cpl.es\/?s={search_term_string}\"},\"query-input\":{\"@type\":\"PropertyValueSpecification\",\"valueRequired\":true,\"valueName\":\"search_term_string\"}}],\"inLanguage\":\"ca\"},{\"@type\":\"Organization\",\"@id\":\"https:\/\/www.cpl.es\/#organization\",\"name\":\"Centre de Pastoral Lit\u00fargica\",\"alternateName\":\"Centre de Pastoral Lit\u00fargica de Barcelona\",\"url\":\"https:\/\/www.cpl.es\/\",\"logo\":{\"@type\":\"ImageObject\",\"inLanguage\":\"ca\",\"@id\":\"https:\/\/www.cpl.es\/#\/schema\/logo\/image\/\",\"url\":\"https:\/\/www.cpl.es\/wp-content\/uploads\/logo-cpl.svg\",\"contentUrl\":\"https:\/\/www.cpl.es\/wp-content\/uploads\/logo-cpl.svg\",\"caption\":\"Centre de Pastoral Lit\u00fargica\"},\"image\":{\"@id\":\"https:\/\/www.cpl.es\/#\/schema\/logo\/image\/\"}}]}<\/script>\n<!-- \/ Yoast SEO plugin. -->","yoast_head_json":{"title":"Els signes de la Quaresma - CPL","robots":{"index":"index","follow":"follow","max-snippet":"max-snippet:-1","max-image-preview":"max-image-preview:large","max-video-preview":"max-video-preview:-1"},"canonical":"https:\/\/www.cpl.es\/ca\/blog\/vida-liturgica\/temps-liturgics\/el-temps-de-quaresma\/els-signes-de-la-quaresma\/","og_locale":"ca_ES","og_type":"article","og_title":"Els signes de la Quaresma - CPL","og_description":"La Quaresma \u00e9s un temps de preparaci\u00f3 per a la Pasqua. \u00c9s un\u00a0temps marcadament penitencial, de preparaci\u00f3, de conversi\u00f3, de desert. Demana una actitud interna de canvi, de \u201cmet\u00e0noia\u201d, de conversi\u00f3. Per aix\u00f2, la lit\u00fargia hi ajuda amb els signes externs, per tal que ajudin pedag\u00f2gicament a viure amb intensitat aquest temps lit\u00fargic fort. Aix\u00ed [&hellip;]","og_url":"https:\/\/www.cpl.es\/ca\/blog\/vida-liturgica\/temps-liturgics\/el-temps-de-quaresma\/els-signes-de-la-quaresma\/","og_site_name":"CPL","article_modified_time":"2023-12-14T08:48:57+00:00","og_image":[{"width":408,"height":232,"url":"https:\/\/www.cpl.es\/wp-content\/uploads\/344-els-signes-de-la-quaresma.jpg","type":"image\/jpeg"}],"twitter_card":"summary_large_image","twitter_misc":{"Temps estimat de lectura":"2 minuts"},"schema":{"@context":"https:\/\/schema.org","@graph":[{"@type":"WebPage","@id":"https:\/\/www.cpl.es\/ca\/blog\/vida-liturgica\/temps-liturgics\/el-temps-de-quaresma\/els-signes-de-la-quaresma\/","url":"https:\/\/www.cpl.es\/ca\/blog\/vida-liturgica\/temps-liturgics\/el-temps-de-quaresma\/els-signes-de-la-quaresma\/","name":"Els signes de la Quaresma - CPL","isPartOf":{"@id":"https:\/\/www.cpl.es\/#website"},"primaryImageOfPage":{"@id":"https:\/\/www.cpl.es\/ca\/blog\/vida-liturgica\/temps-liturgics\/el-temps-de-quaresma\/els-signes-de-la-quaresma\/#primaryimage"},"image":{"@id":"https:\/\/www.cpl.es\/ca\/blog\/vida-liturgica\/temps-liturgics\/el-temps-de-quaresma\/els-signes-de-la-quaresma\/#primaryimage"},"thumbnailUrl":"https:\/\/www.cpl.es\/wp-content\/uploads\/344-els-signes-de-la-quaresma.jpg","datePublished":"2023-11-29T16:43:34+00:00","dateModified":"2023-12-14T08:48:57+00:00","breadcrumb":{"@id":"https:\/\/www.cpl.es\/ca\/blog\/vida-liturgica\/temps-liturgics\/el-temps-de-quaresma\/els-signes-de-la-quaresma\/#breadcrumb"},"inLanguage":"ca","potentialAction":[{"@type":"ReadAction","target":["https:\/\/www.cpl.es\/ca\/blog\/vida-liturgica\/temps-liturgics\/el-temps-de-quaresma\/els-signes-de-la-quaresma\/"]}]},{"@type":"ImageObject","inLanguage":"ca","@id":"https:\/\/www.cpl.es\/ca\/blog\/vida-liturgica\/temps-liturgics\/el-temps-de-quaresma\/els-signes-de-la-quaresma\/#primaryimage","url":"https:\/\/www.cpl.es\/wp-content\/uploads\/344-els-signes-de-la-quaresma.jpg","contentUrl":"https:\/\/www.cpl.es\/wp-content\/uploads\/344-els-signes-de-la-quaresma.jpg"},{"@type":"BreadcrumbList","@id":"https:\/\/www.cpl.es\/ca\/blog\/vida-liturgica\/temps-liturgics\/el-temps-de-quaresma\/els-signes-de-la-quaresma\/#breadcrumb","itemListElement":[{"@type":"ListItem","position":1,"name":"Portada","item":"https:\/\/www.cpl.es\/ca\/"},{"@type":"ListItem","position":2,"name":"Blog","item":"https:\/\/www.cpl.es\/ca\/blog\/"},{"@type":"ListItem","position":3,"name":"Vida lit\u00fargica","item":"https:\/\/www.cpl.es\/ca\/blog\/vida-liturgica\/"},{"@type":"ListItem","position":4,"name":"Temps lit\u00fargics","item":"https:\/\/www.cpl.es\/ca\/blog\/vida-liturgica\/temps-liturgics\/"},{"@type":"ListItem","position":5,"name":"El temps de Quaresma","item":"https:\/\/www.cpl.es\/ca\/blog\/vida-liturgica\/temps-liturgics\/el-temps-de-quaresma\/"},{"@type":"ListItem","position":6,"name":"Els signes de la Quaresma"}]},{"@type":"WebSite","@id":"https:\/\/www.cpl.es\/#website","url":"https:\/\/www.cpl.es\/","name":"CPL","description":"Centre de Pastoral Lit\u00fargica de Barcelona","publisher":{"@id":"https:\/\/www.cpl.es\/#organization"},"alternateName":"Centre de Pastoral Lit\u00fargica","potentialAction":[{"@type":"SearchAction","target":{"@type":"EntryPoint","urlTemplate":"https:\/\/www.cpl.es\/?s={search_term_string}"},"query-input":{"@type":"PropertyValueSpecification","valueRequired":true,"valueName":"search_term_string"}}],"inLanguage":"ca"},{"@type":"Organization","@id":"https:\/\/www.cpl.es\/#organization","name":"Centre de Pastoral Lit\u00fargica","alternateName":"Centre de Pastoral Lit\u00fargica de Barcelona","url":"https:\/\/www.cpl.es\/","logo":{"@type":"ImageObject","inLanguage":"ca","@id":"https:\/\/www.cpl.es\/#\/schema\/logo\/image\/","url":"https:\/\/www.cpl.es\/wp-content\/uploads\/logo-cpl.svg","contentUrl":"https:\/\/www.cpl.es\/wp-content\/uploads\/logo-cpl.svg","caption":"Centre de Pastoral Lit\u00fargica"},"image":{"@id":"https:\/\/www.cpl.es\/#\/schema\/logo\/image\/"}}]}},"_links":{"self":[{"href":"https:\/\/www.cpl.es\/ca\/wp-json\/wp\/v2\/pages\/11529","targetHints":{"allow":["GET"]}}],"collection":[{"href":"https:\/\/www.cpl.es\/ca\/wp-json\/wp\/v2\/pages"}],"about":[{"href":"https:\/\/www.cpl.es\/ca\/wp-json\/wp\/v2\/types\/page"}],"author":[{"embeddable":true,"href":"https:\/\/www.cpl.es\/ca\/wp-json\/wp\/v2\/users\/1"}],"replies":[{"embeddable":true,"href":"https:\/\/www.cpl.es\/ca\/wp-json\/wp\/v2\/comments?post=11529"}],"version-history":[{"count":1,"href":"https:\/\/www.cpl.es\/ca\/wp-json\/wp\/v2\/pages\/11529\/revisions"}],"predecessor-version":[{"id":11530,"href":"https:\/\/www.cpl.es\/ca\/wp-json\/wp\/v2\/pages\/11529\/revisions\/11530"}],"up":[{"embeddable":true,"href":"https:\/\/www.cpl.es\/ca\/wp-json\/wp\/v2\/pages\/11519"}],"wp:attachment":[{"href":"https:\/\/www.cpl.es\/ca\/wp-json\/wp\/v2\/media?parent=11529"}],"curies":[{"name":"wp","href":"https:\/\/api.w.org\/{rel}","templated":true}]}}