{"id":11490,"date":"2023-11-28T17:08:06","date_gmt":"2023-11-28T16:08:06","guid":{"rendered":"https:\/\/nuevaweb.cpl.es\/?page_id=11490"},"modified":"2023-12-14T09:09:07","modified_gmt":"2023-12-14T08:09:07","slug":"temps-liturgics","status":"publish","type":"page","link":"https:\/\/www.cpl.es\/ca\/blog\/vida-liturgica\/temps-liturgics\/","title":{"rendered":"Temps lit\u00fargics"},"content":{"rendered":"<div id=\"pl-11490\"  class=\"panel-layout\" ><div id=\"pg-11490-0\"  class=\"panel-grid panel-no-style\" ><div id=\"pgc-11490-0-0\"  class=\"panel-grid-cell\" ><div id=\"panel-11490-0-0-0\" class=\"so-panel widget widget_sow-editor panel-first-child\" data-index=\"0\" ><div\n\t\t\t\n\t\t\tclass=\"so-widget-sow-editor so-widget-sow-editor-base\"\n\t\t\t\n\t\t>\n<div class=\"siteorigin-widget-tinymce textwidget\">\n\t<p><img decoding=\"async\" class=\"alignnone size-full wp-image-9150\" src=\"https:\/\/www.cpl.es\/wp-content\/uploads\/310-Com-es-forma-lany-liturgic.jpg\" alt=\"\" width=\"400\" height=\"227\" srcset=\"https:\/\/www.cpl.es\/wp-content\/uploads\/\/310-Com-es-forma-lany-liturgic.jpg 400w, https:\/\/www.cpl.es\/wp-content\/uploads\/\/310-Com-es-forma-lany-liturgic-300x170.jpg 300w\" sizes=\"auto, (max-width: 400px) 100vw, 400px\" \/ fetchpriority=\"high\"><\/p>\n<\/div>\n<\/div><\/div><ul class=\"loop-paginas\"><li><a href=\"https:\/\/www.cpl.es\/ca\/blog\/vida-liturgica\/temps-liturgics\/el-temps-dadvent\/\">El temps d\u2019Advent<\/a><\/li><li><a href=\"https:\/\/www.cpl.es\/ca\/blog\/vida-liturgica\/temps-liturgics\/el-temps-de-nadal\/\">El temps de Nadal<\/a><\/li><li><a href=\"https:\/\/www.cpl.es\/ca\/blog\/vida-liturgica\/temps-liturgics\/el-temps-de-quaresma\/\">El temps de Quaresma<\/a><\/li><li><a href=\"https:\/\/www.cpl.es\/ca\/blog\/vida-liturgica\/temps-liturgics\/la-setmana-santa\/\">La Setmana Santa<\/a><\/li><li><a href=\"https:\/\/www.cpl.es\/ca\/blog\/vida-liturgica\/temps-liturgics\/el-temps-de-pasqua\/\">El temps de Pasqua<\/a><\/li><li><a href=\"https:\/\/www.cpl.es\/ca\/blog\/vida-liturgica\/temps-liturgics\/el-temps-de-durant-lany\/\">El temps de durant l\u2019any<\/a><\/li><li><a href=\"https:\/\/www.cpl.es\/ca\/blog\/vida-liturgica\/temps-liturgics\/materials-recomanats-segons-els-temps-liturgics\/\">Materials recomanats segons els temps lit\u00fargics<\/a><\/li><li><a href=\"https:\/\/www.cpl.es\/ca\/blog\/vida-liturgica\/temps-liturgics\/descarrega-de-materials-del-cpl-en-relacio-amb-els-temps-liturgics\/\">Desc\u00e0rrega de materials del CPL en relaci\u00f3 amb els temps lit\u00fargics<\/a><\/li><\/ul><div id=\"panel-11490-0-0-1\" class=\"so-panel widget widget_sow-editor panel-last-child\" data-index=\"1\" ><div\n\t\t\t\n\t\t\tclass=\"so-widget-sow-editor so-widget-sow-editor-base\"\n\t\t\t\n\t\t>\n<div class=\"siteorigin-widget-tinymce textwidget\">\n\t\n<\/div>\n<\/div><\/div><\/div><\/div><\/div>","protected":false},"excerpt":{"rendered":"<p>El temps d\u2019AdventEl temps de NadalEl temps de QuaresmaLa Setmana SantaEl temps de PasquaEl temps de durant l\u2019anyMaterials recomanats segons els temps lit\u00fargicsDesc\u00e0rrega de materials del CPL en relaci\u00f3 amb els temps lit\u00fargics<\/p>\n","protected":false},"author":1,"featured_media":0,"parent":11099,"menu_order":3,"comment_status":"closed","ping_status":"closed","template":"","meta":{"_acf_changed":false,"inline_featured_image":false,"footnotes":""},"class_list":["post-11490","page","type-page","status-publish","hentry"],"acf":[],"yoast_head":"<!-- This site is optimized with the Yoast SEO plugin v27.3 - https:\/\/yoast.com\/product\/yoast-seo-wordpress\/ -->\n<title>Temps lit\u00fargics - CPL<\/title>\n<meta name=\"robots\" content=\"index, follow, max-snippet:-1, max-image-preview:large, max-video-preview:-1\" \/>\n<link rel=\"canonical\" href=\"https:\/\/www.cpl.es\/ca\/blog\/vida-liturgica\/temps-liturgics\/\" \/>\n<meta property=\"og:locale\" content=\"ca_ES\" \/>\n<meta property=\"og:type\" content=\"article\" \/>\n<meta property=\"og:title\" content=\"Temps lit\u00fargics - CPL\" \/>\n<meta property=\"og:description\" content=\"El temps d\u2019AdventEl temps de NadalEl temps de QuaresmaLa Setmana SantaEl temps de PasquaEl temps de durant l\u2019anyMaterials recomanats segons els temps lit\u00fargicsDesc\u00e0rrega de materials del CPL en relaci\u00f3 amb els temps lit\u00fargics\" \/>\n<meta property=\"og:url\" content=\"https:\/\/www.cpl.es\/ca\/blog\/vida-liturgica\/temps-liturgics\/\" \/>\n<meta property=\"og:site_name\" content=\"CPL\" \/>\n<meta property=\"article:modified_time\" content=\"2023-12-14T08:09:07+00:00\" \/>\n<meta property=\"og:image\" content=\"https:\/\/www.cpl.es\/wp-content\/uploads\/310-Com-es-forma-lany-liturgic.jpg\" \/>\n\t<meta property=\"og:image:width\" content=\"400\" \/>\n\t<meta property=\"og:image:height\" content=\"227\" \/>\n\t<meta property=\"og:image:type\" content=\"image\/jpeg\" \/>\n<meta name=\"twitter:card\" content=\"summary_large_image\" \/>\n<script type=\"application\/ld+json\" class=\"yoast-schema-graph\">{\"@context\":\"https:\\\/\\\/schema.org\",\"@graph\":[{\"@type\":\"WebPage\",\"@id\":\"https:\\\/\\\/www.cpl.es\\\/ca\\\/blog\\\/vida-liturgica\\\/temps-liturgics\\\/\",\"url\":\"https:\\\/\\\/www.cpl.es\\\/ca\\\/blog\\\/vida-liturgica\\\/temps-liturgics\\\/\",\"name\":\"Temps lit\u00fargics - CPL\",\"isPartOf\":{\"@id\":\"https:\\\/\\\/www.cpl.es\\\/#website\"},\"primaryImageOfPage\":{\"@id\":\"https:\\\/\\\/www.cpl.es\\\/ca\\\/blog\\\/vida-liturgica\\\/temps-liturgics\\\/#primaryimage\"},\"image\":{\"@id\":\"https:\\\/\\\/www.cpl.es\\\/ca\\\/blog\\\/vida-liturgica\\\/temps-liturgics\\\/#primaryimage\"},\"thumbnailUrl\":\"https:\\\/\\\/www.cpl.es\\\/wp-content\\\/uploads\\\/310-Com-es-forma-lany-liturgic.jpg\",\"datePublished\":\"2023-11-28T16:08:06+00:00\",\"dateModified\":\"2023-12-14T08:09:07+00:00\",\"breadcrumb\":{\"@id\":\"https:\\\/\\\/www.cpl.es\\\/ca\\\/blog\\\/vida-liturgica\\\/temps-liturgics\\\/#breadcrumb\"},\"inLanguage\":\"ca\",\"potentialAction\":[{\"@type\":\"ReadAction\",\"target\":[\"https:\\\/\\\/www.cpl.es\\\/ca\\\/blog\\\/vida-liturgica\\\/temps-liturgics\\\/\"]}]},{\"@type\":\"ImageObject\",\"inLanguage\":\"ca\",\"@id\":\"https:\\\/\\\/www.cpl.es\\\/ca\\\/blog\\\/vida-liturgica\\\/temps-liturgics\\\/#primaryimage\",\"url\":\"https:\\\/\\\/www.cpl.es\\\/wp-content\\\/uploads\\\/310-Com-es-forma-lany-liturgic.jpg\",\"contentUrl\":\"https:\\\/\\\/www.cpl.es\\\/wp-content\\\/uploads\\\/310-Com-es-forma-lany-liturgic.jpg\"},{\"@type\":\"BreadcrumbList\",\"@id\":\"https:\\\/\\\/www.cpl.es\\\/ca\\\/blog\\\/vida-liturgica\\\/temps-liturgics\\\/#breadcrumb\",\"itemListElement\":[{\"@type\":\"ListItem\",\"position\":1,\"name\":\"Portada\",\"item\":\"https:\\\/\\\/www.cpl.es\\\/ca\\\/\"},{\"@type\":\"ListItem\",\"position\":2,\"name\":\"Blog\",\"item\":\"https:\\\/\\\/www.cpl.es\\\/ca\\\/blog\\\/\"},{\"@type\":\"ListItem\",\"position\":3,\"name\":\"Vida lit\u00fargica\",\"item\":\"https:\\\/\\\/www.cpl.es\\\/ca\\\/blog\\\/vida-liturgica\\\/\"},{\"@type\":\"ListItem\",\"position\":4,\"name\":\"Temps lit\u00fargics\"}]},{\"@type\":\"WebSite\",\"@id\":\"https:\\\/\\\/www.cpl.es\\\/#website\",\"url\":\"https:\\\/\\\/www.cpl.es\\\/\",\"name\":\"CPL\",\"description\":\"Centre de Pastoral Lit\u00fargica de Barcelona\",\"publisher\":{\"@id\":\"https:\\\/\\\/www.cpl.es\\\/#organization\"},\"alternateName\":\"Centre de Pastoral Lit\u00fargica\",\"potentialAction\":[{\"@type\":\"SearchAction\",\"target\":{\"@type\":\"EntryPoint\",\"urlTemplate\":\"https:\\\/\\\/www.cpl.es\\\/?s={search_term_string}\"},\"query-input\":{\"@type\":\"PropertyValueSpecification\",\"valueRequired\":true,\"valueName\":\"search_term_string\"}}],\"inLanguage\":\"ca\"},{\"@type\":\"Organization\",\"@id\":\"https:\\\/\\\/www.cpl.es\\\/#organization\",\"name\":\"Centre de Pastoral Lit\u00fargica\",\"alternateName\":\"Centre de Pastoral Lit\u00fargica de Barcelona\",\"url\":\"https:\\\/\\\/www.cpl.es\\\/\",\"logo\":{\"@type\":\"ImageObject\",\"inLanguage\":\"ca\",\"@id\":\"https:\\\/\\\/www.cpl.es\\\/#\\\/schema\\\/logo\\\/image\\\/\",\"url\":\"https:\\\/\\\/www.cpl.es\\\/wp-content\\\/uploads\\\/logo-cpl.svg\",\"contentUrl\":\"https:\\\/\\\/www.cpl.es\\\/wp-content\\\/uploads\\\/logo-cpl.svg\",\"caption\":\"Centre de Pastoral Lit\u00fargica\"},\"image\":{\"@id\":\"https:\\\/\\\/www.cpl.es\\\/#\\\/schema\\\/logo\\\/image\\\/\"}}]}<\/script>\n<!-- \/ Yoast SEO plugin. -->","yoast_head_json":{"title":"Temps lit\u00fargics - CPL","robots":{"index":"index","follow":"follow","max-snippet":"max-snippet:-1","max-image-preview":"max-image-preview:large","max-video-preview":"max-video-preview:-1"},"canonical":"https:\/\/www.cpl.es\/ca\/blog\/vida-liturgica\/temps-liturgics\/","og_locale":"ca_ES","og_type":"article","og_title":"Temps lit\u00fargics - CPL","og_description":"El temps d\u2019AdventEl temps de NadalEl temps de QuaresmaLa Setmana SantaEl temps de PasquaEl temps de durant l\u2019anyMaterials recomanats segons els temps lit\u00fargicsDesc\u00e0rrega de materials del CPL en relaci\u00f3 amb els temps lit\u00fargics","og_url":"https:\/\/www.cpl.es\/ca\/blog\/vida-liturgica\/temps-liturgics\/","og_site_name":"CPL","article_modified_time":"2023-12-14T08:09:07+00:00","og_image":[{"width":400,"height":227,"url":"https:\/\/www.cpl.es\/wp-content\/uploads\/310-Com-es-forma-lany-liturgic.jpg","type":"image\/jpeg"}],"twitter_card":"summary_large_image","schema":{"@context":"https:\/\/schema.org","@graph":[{"@type":"WebPage","@id":"https:\/\/www.cpl.es\/ca\/blog\/vida-liturgica\/temps-liturgics\/","url":"https:\/\/www.cpl.es\/ca\/blog\/vida-liturgica\/temps-liturgics\/","name":"Temps lit\u00fargics - CPL","isPartOf":{"@id":"https:\/\/www.cpl.es\/#website"},"primaryImageOfPage":{"@id":"https:\/\/www.cpl.es\/ca\/blog\/vida-liturgica\/temps-liturgics\/#primaryimage"},"image":{"@id":"https:\/\/www.cpl.es\/ca\/blog\/vida-liturgica\/temps-liturgics\/#primaryimage"},"thumbnailUrl":"https:\/\/www.cpl.es\/wp-content\/uploads\/310-Com-es-forma-lany-liturgic.jpg","datePublished":"2023-11-28T16:08:06+00:00","dateModified":"2023-12-14T08:09:07+00:00","breadcrumb":{"@id":"https:\/\/www.cpl.es\/ca\/blog\/vida-liturgica\/temps-liturgics\/#breadcrumb"},"inLanguage":"ca","potentialAction":[{"@type":"ReadAction","target":["https:\/\/www.cpl.es\/ca\/blog\/vida-liturgica\/temps-liturgics\/"]}]},{"@type":"ImageObject","inLanguage":"ca","@id":"https:\/\/www.cpl.es\/ca\/blog\/vida-liturgica\/temps-liturgics\/#primaryimage","url":"https:\/\/www.cpl.es\/wp-content\/uploads\/310-Com-es-forma-lany-liturgic.jpg","contentUrl":"https:\/\/www.cpl.es\/wp-content\/uploads\/310-Com-es-forma-lany-liturgic.jpg"},{"@type":"BreadcrumbList","@id":"https:\/\/www.cpl.es\/ca\/blog\/vida-liturgica\/temps-liturgics\/#breadcrumb","itemListElement":[{"@type":"ListItem","position":1,"name":"Portada","item":"https:\/\/www.cpl.es\/ca\/"},{"@type":"ListItem","position":2,"name":"Blog","item":"https:\/\/www.cpl.es\/ca\/blog\/"},{"@type":"ListItem","position":3,"name":"Vida lit\u00fargica","item":"https:\/\/www.cpl.es\/ca\/blog\/vida-liturgica\/"},{"@type":"ListItem","position":4,"name":"Temps lit\u00fargics"}]},{"@type":"WebSite","@id":"https:\/\/www.cpl.es\/#website","url":"https:\/\/www.cpl.es\/","name":"CPL","description":"Centre de Pastoral Lit\u00fargica de Barcelona","publisher":{"@id":"https:\/\/www.cpl.es\/#organization"},"alternateName":"Centre de Pastoral Lit\u00fargica","potentialAction":[{"@type":"SearchAction","target":{"@type":"EntryPoint","urlTemplate":"https:\/\/www.cpl.es\/?s={search_term_string}"},"query-input":{"@type":"PropertyValueSpecification","valueRequired":true,"valueName":"search_term_string"}}],"inLanguage":"ca"},{"@type":"Organization","@id":"https:\/\/www.cpl.es\/#organization","name":"Centre de Pastoral Lit\u00fargica","alternateName":"Centre de Pastoral Lit\u00fargica de Barcelona","url":"https:\/\/www.cpl.es\/","logo":{"@type":"ImageObject","inLanguage":"ca","@id":"https:\/\/www.cpl.es\/#\/schema\/logo\/image\/","url":"https:\/\/www.cpl.es\/wp-content\/uploads\/logo-cpl.svg","contentUrl":"https:\/\/www.cpl.es\/wp-content\/uploads\/logo-cpl.svg","caption":"Centre de Pastoral Lit\u00fargica"},"image":{"@id":"https:\/\/www.cpl.es\/#\/schema\/logo\/image\/"}}]}},"_links":{"self":[{"href":"https:\/\/www.cpl.es\/ca\/wp-json\/wp\/v2\/pages\/11490","targetHints":{"allow":["GET"]}}],"collection":[{"href":"https:\/\/www.cpl.es\/ca\/wp-json\/wp\/v2\/pages"}],"about":[{"href":"https:\/\/www.cpl.es\/ca\/wp-json\/wp\/v2\/types\/page"}],"author":[{"embeddable":true,"href":"https:\/\/www.cpl.es\/ca\/wp-json\/wp\/v2\/users\/1"}],"replies":[{"embeddable":true,"href":"https:\/\/www.cpl.es\/ca\/wp-json\/wp\/v2\/comments?post=11490"}],"version-history":[{"count":1,"href":"https:\/\/www.cpl.es\/ca\/wp-json\/wp\/v2\/pages\/11490\/revisions"}],"predecessor-version":[{"id":11491,"href":"https:\/\/www.cpl.es\/ca\/wp-json\/wp\/v2\/pages\/11490\/revisions\/11491"}],"up":[{"embeddable":true,"href":"https:\/\/www.cpl.es\/ca\/wp-json\/wp\/v2\/pages\/11099"}],"wp:attachment":[{"href":"https:\/\/www.cpl.es\/ca\/wp-json\/wp\/v2\/media?parent=11490"}],"curies":[{"name":"wp","href":"https:\/\/api.w.org\/{rel}","templated":true}]}}