{"id":11488,"date":"2023-11-29T14:24:18","date_gmt":"2023-11-29T13:24:18","guid":{"rendered":"https:\/\/nuevaweb.cpl.es\/?page_id=11488"},"modified":"2023-12-14T09:08:11","modified_gmt":"2023-12-14T08:08:11","slug":"la-reforma-liturgica-del-concili-vatica-ii","status":"publish","type":"page","link":"https:\/\/www.cpl.es\/ca\/blog\/vida-liturgica\/com-es-forma-lany-liturgic\/la-reforma-liturgica-del-concili-vatica-ii\/","title":{"rendered":"La reforma lit\u00fargica del Concili Vatic\u00e0 II"},"content":{"rendered":"<div id=\"pl-11488\"  class=\"panel-layout\" ><div id=\"pg-11488-0\"  class=\"panel-grid panel-no-style\" ><div id=\"pgc-11488-0-0\"  class=\"panel-grid-cell\" ><div id=\"panel-11488-0-0-0\" class=\"so-panel widget widget_sow-editor panel-first-child panel-last-child\" data-index=\"0\" ><div\n\t\t\t\n\t\t\tclass=\"so-widget-sow-editor so-widget-sow-editor-base\"\n\t\t\t\n\t\t>\n<div class=\"siteorigin-widget-tinymce textwidget\">\n\t<p><img decoding=\"async\" class=\"alignnone size-full wp-image-9147\" src=\"https:\/\/www.cpl.es\/wp-content\/uploads\/318-la-reforma-liturgica-del-vatica-II.jpg\" alt=\"\" width=\"400\" height=\"227\" srcset=\"https:\/\/www.cpl.es\/wp-content\/uploads\/\/318-la-reforma-liturgica-del-vatica-II.jpg 400w, https:\/\/www.cpl.es\/wp-content\/uploads\/\/318-la-reforma-liturgica-del-vatica-II-300x170.jpg 300w\" sizes=\"auto, (max-width: 400px) 100vw, 400px\" \/ fetchpriority=\"high\"><\/p>\n<p>Al llarg dels segles, l\u2019any lit\u00fargic s\u2019ha anat desenvolupant i modificant en funci\u00f3 dels centres d\u2019inter\u00e8s que marcaven a cada moment la vida de l\u2019Esgl\u00e9sia. I cal dir que, molt sovint, aquestes modificacions anaven en detriment d\u2019all\u00f2 que, des de l\u2019experi\u00e8ncia de l\u2019Esgl\u00e9sia dels primers segles, era m\u00e9s central en la vida cristiana.<\/p>\n<p>L\u2019exemple m\u00e9s clar d\u2019aquest deteriorament dels aspectes m\u00e9s centrals de la celebraci\u00f3 cristiana \u00e9s, sens, dubte, l\u2019evoluci\u00f3 de la Vetlla Pasqual, que, de ser una celebraci\u00f3 que tenia lloc com una vetlla de nit en espera de la resurrecci\u00f3 del Senyor, va passar a celebrar-se el dissabte al mat\u00ed, de manera que el tridu de la mort, sepultura i resurrecci\u00f3 del Senyor va perdre el seu simbolisme m\u00e9s genu\u00ed.<\/p>\n<p>El moviment lit\u00fargic que ja des del segle XIX va obrir-se pas a l\u2019Esgl\u00e9sia va dur a terme una gran tasca de conscienciaci\u00f3 de cara a recuperar aquests aspectes m\u00e9s centrals i originaris de la lit\u00fargia cristiana, que es va traduir ben aviat en una colla de reformes dutes a terme pel papa Pius X a principis del segle XX, recuperant per exemple el cant gregori\u00e0 que permetia la participaci\u00f3 del poble, o fent que el diumenge recuper\u00e9s tamb\u00e9 el seu car\u00e0cter primordial i deix\u00e9s d\u2019estar ocupat per celebracions dels sants o altres tipus de festes, o promovent la comuni\u00f3 freq\u00fcent com a m\u00e0xima forma de participaci\u00f3 en l\u2019Eucaristia. Per\u00f2 sens dubte que el pas m\u00e9s visible d\u2019aquesta recuperaci\u00f3 lit\u00fargica va ser la reinstauraci\u00f3, per part del papa Pius XII l\u2019any 1955, de la celebraci\u00f3 de la Vetlla Pasqual a la nit. Tot un s\u00edmbol i una prim\u00edcia de la gran obra lit\u00fargica que al cap d\u2019uns anys duria a terme el Concili Vatic\u00e0 II.<\/p>\n<p>La reforma lit\u00fargica del Concili Vatic\u00e0 II va transformar, en efecte, el rostre de la lit\u00fargia cat\u00f2lica. El pas del llat\u00ed a les lleng\u00fces vives, la col\u00b7locaci\u00f3 del president de la celebraci\u00f3 de cara a l\u2019assemblea, i les diverses formes de participaci\u00f3 en la celebraci\u00f3 per part dels laics i laiques s\u00f3n, sens dubte, les adquisicions m\u00e9s visibles d\u2019aquesta transformaci\u00f3, que va retornar a all\u00f2 que la lit\u00fargia t\u00e9 de m\u00e9s originari i valu\u00f3s, i que al llarg dels segles s\u2019havia anat perdent. Per\u00f2 tamb\u00e9, encara que resultessin menys visibles i vistoses, les reformes que van afectar l\u2019any lit\u00fargic van ser igualment notables i importants.<\/p>\n<p>S\u00f3n especialment destacables, primer de tot, la consolidaci\u00f3 de les reformes que ja s\u2019havien realitzat en els anys anteriors i que ja hem esmentat abans. B\u00e0sicament, la recuperaci\u00f3 de la centralitat del diumenge com a celebraci\u00f3 setmanal de la resurrecci\u00f3 del Senyor, en el qual es van seguint pas per pas, al ritme dels diversos temps lit\u00fargics, els aspectes centrals de la hist\u00f2ria de la salvaci\u00f3, i que nom\u00e9s en casos excepcionals ha de ser substitu\u00eft per altres festes. I, juntament amb la centralitat setmanal del diumenge, la centralitat anual del Tridu Pasqual de la mort, la sepultura i la resurrecci\u00f3 del Senyor, amb la Vetlla Pasqual com a moment culminant.<\/p>\n<p>I, juntament amb aix\u00f2, cal destacar la remodelaci\u00f3 del conjunt dels temps lit\u00fargics, per posar a la llum totes les seves riqueses, i ajudar-los a viure amb m\u00e9s intensitat. Per a aconseguir-ho, sens dubte que la cosa m\u00e9s determinant ha estat el fet que, actualment, la lectura de la Paraula de D\u00e9u en les nostres celebracions \u00e9s abundant i variada, seguint el sentit de cada temps o seguint tamb\u00e9, quan s\u2019escau, una lectura continuada de l\u2019evangeli. Per a aix\u00f2, es van elaborar els llibres (anomenats \u201cleccionaris\u201d) amb les lectures corresponents per als diumenges, per als dies feiners de cada temps lit\u00fargic, i per a les celebracions dels sants. Els diumenges i les festes principals (anomenades \u201csolemnitats\u201d) les lectures s\u00f3n sempre tres; els dies feiners, en canvi, s\u00f3n nom\u00e9s dues.<\/p>\n<p>Les lectures dels diumenges estan distribu\u00efdes en tres cicles, anomenats A, B i C, en cada un dels quals es llegeixen lectures diferents, per assegurar aquesta pres\u00e8ncia abundant i variada de la Paraula de D\u00e9u de qu\u00e8 parl\u00e0vem. Cada cicle t\u00e9 un evangeli que \u00e9s el que es llegeix principalment: en el cicle A l\u2019evangeli de Mateu, en el B el de Marc i en el C el de Lluc; mentre que el de Joan es llegeix sobretot per Quaresma i Pasqua.<\/p>\n<p>En els dies feiners (anomenats \u201cdies ferials\u201d o \u201cf\u00e8ries\u201d), d\u2019altra banda, hi ha lectures pr\u00f2pies tamb\u00e9 per a cada dia. Durant els temps d\u2019Advent, Nadal, Quaresma i Pasqua les lectures es repeteixen cada any i destaquen els esdeveniments i actituds propis del temps; mentre que en el temps de durant l\u2019any la lectura evang\u00e8lica es repeteix cada any com una lectura cont\u00ednua, mentre que la primera lectura est\u00e0 distribu\u00efda en dues s\u00e8ries diferents per als anys parells i senars.<\/p>\n<p>Va b\u00e9 tenir-la a m\u00e0, tota aquesta riquesa de lectures. Per exemple, amb els missals manuals (el\u00a0<em>Missal festiu,<\/em>de Publicacions de l\u2019Abadia de Montserrat, per als diumenges i festes, i el\u00a0<em>Missal ferial,\u00a0<\/em>d\u2019Editorial Regina, per als dies feiners). O, per fer-ho m\u00e9s f\u00e0cil, la publicaci\u00f3 mensual\u00a0<em>La missa de cada dia,\u00a0<\/em>d\u2019Editorial Claret, que ofereix les lectures que corresponen a cada dia del mes.<\/p>\n<ul>\n<li>La reforma lit\u00fargica \u00e9s irreversible (Papa Francesc)<\/li>\n<\/ul>\n<\/div>\n<\/div><\/div><\/div><\/div><\/div>","protected":false},"excerpt":{"rendered":"<p>Al llarg dels segles, l\u2019any lit\u00fargic s\u2019ha anat desenvolupant i modificant en funci\u00f3 dels centres d\u2019inter\u00e8s que marcaven a cada moment la vida de l\u2019Esgl\u00e9sia. I cal dir que, molt sovint, aquestes modificacions anaven en detriment d\u2019all\u00f2 que, des de l\u2019experi\u00e8ncia de l\u2019Esgl\u00e9sia dels primers segles, era m\u00e9s central en la vida cristiana. L\u2019exemple m\u00e9s [&hellip;]<\/p>\n","protected":false},"author":1,"featured_media":0,"parent":11109,"menu_order":8,"comment_status":"closed","ping_status":"closed","template":"","meta":{"_acf_changed":false,"inline_featured_image":false,"footnotes":""},"class_list":["post-11488","page","type-page","status-publish","hentry"],"acf":[],"yoast_head":"<!-- This site is optimized with the Yoast SEO plugin v27.3 - https:\/\/yoast.com\/product\/yoast-seo-wordpress\/ -->\n<title>La reforma lit\u00fargica del Concili Vatic\u00e0 II - CPL<\/title>\n<meta name=\"robots\" content=\"index, follow, max-snippet:-1, max-image-preview:large, max-video-preview:-1\" \/>\n<link rel=\"canonical\" href=\"https:\/\/www.cpl.es\/ca\/blog\/vida-liturgica\/com-es-forma-lany-liturgic\/la-reforma-liturgica-del-concili-vatica-ii\/\" \/>\n<meta property=\"og:locale\" content=\"ca_ES\" \/>\n<meta property=\"og:type\" content=\"article\" \/>\n<meta property=\"og:title\" content=\"La reforma lit\u00fargica del Concili Vatic\u00e0 II - CPL\" \/>\n<meta property=\"og:description\" content=\"Al llarg dels segles, l\u2019any lit\u00fargic s\u2019ha anat desenvolupant i modificant en funci\u00f3 dels centres d\u2019inter\u00e8s que marcaven a cada moment la vida de l\u2019Esgl\u00e9sia. I cal dir que, molt sovint, aquestes modificacions anaven en detriment d\u2019all\u00f2 que, des de l\u2019experi\u00e8ncia de l\u2019Esgl\u00e9sia dels primers segles, era m\u00e9s central en la vida cristiana. L\u2019exemple m\u00e9s [&hellip;]\" \/>\n<meta property=\"og:url\" content=\"https:\/\/www.cpl.es\/ca\/blog\/vida-liturgica\/com-es-forma-lany-liturgic\/la-reforma-liturgica-del-concili-vatica-ii\/\" \/>\n<meta property=\"og:site_name\" content=\"CPL\" \/>\n<meta property=\"article:modified_time\" content=\"2023-12-14T08:08:11+00:00\" \/>\n<meta property=\"og:image\" content=\"https:\/\/www.cpl.es\/wp-content\/uploads\/318-la-reforma-liturgica-del-vatica-II.jpg\" \/>\n\t<meta property=\"og:image:width\" content=\"400\" \/>\n\t<meta property=\"og:image:height\" content=\"227\" \/>\n\t<meta property=\"og:image:type\" content=\"image\/jpeg\" \/>\n<meta name=\"twitter:card\" content=\"summary_large_image\" \/>\n<meta name=\"twitter:label1\" content=\"Temps estimat de lectura\" \/>\n\t<meta name=\"twitter:data1\" content=\"5 minuts\" \/>\n<script type=\"application\/ld+json\" class=\"yoast-schema-graph\">{\"@context\":\"https:\\\/\\\/schema.org\",\"@graph\":[{\"@type\":\"WebPage\",\"@id\":\"https:\\\/\\\/www.cpl.es\\\/ca\\\/blog\\\/vida-liturgica\\\/com-es-forma-lany-liturgic\\\/la-reforma-liturgica-del-concili-vatica-ii\\\/\",\"url\":\"https:\\\/\\\/www.cpl.es\\\/ca\\\/blog\\\/vida-liturgica\\\/com-es-forma-lany-liturgic\\\/la-reforma-liturgica-del-concili-vatica-ii\\\/\",\"name\":\"La reforma lit\u00fargica del Concili Vatic\u00e0 II - CPL\",\"isPartOf\":{\"@id\":\"https:\\\/\\\/www.cpl.es\\\/#website\"},\"primaryImageOfPage\":{\"@id\":\"https:\\\/\\\/www.cpl.es\\\/ca\\\/blog\\\/vida-liturgica\\\/com-es-forma-lany-liturgic\\\/la-reforma-liturgica-del-concili-vatica-ii\\\/#primaryimage\"},\"image\":{\"@id\":\"https:\\\/\\\/www.cpl.es\\\/ca\\\/blog\\\/vida-liturgica\\\/com-es-forma-lany-liturgic\\\/la-reforma-liturgica-del-concili-vatica-ii\\\/#primaryimage\"},\"thumbnailUrl\":\"https:\\\/\\\/www.cpl.es\\\/wp-content\\\/uploads\\\/318-la-reforma-liturgica-del-vatica-II.jpg\",\"datePublished\":\"2023-11-29T13:24:18+00:00\",\"dateModified\":\"2023-12-14T08:08:11+00:00\",\"breadcrumb\":{\"@id\":\"https:\\\/\\\/www.cpl.es\\\/ca\\\/blog\\\/vida-liturgica\\\/com-es-forma-lany-liturgic\\\/la-reforma-liturgica-del-concili-vatica-ii\\\/#breadcrumb\"},\"inLanguage\":\"ca\",\"potentialAction\":[{\"@type\":\"ReadAction\",\"target\":[\"https:\\\/\\\/www.cpl.es\\\/ca\\\/blog\\\/vida-liturgica\\\/com-es-forma-lany-liturgic\\\/la-reforma-liturgica-del-concili-vatica-ii\\\/\"]}]},{\"@type\":\"ImageObject\",\"inLanguage\":\"ca\",\"@id\":\"https:\\\/\\\/www.cpl.es\\\/ca\\\/blog\\\/vida-liturgica\\\/com-es-forma-lany-liturgic\\\/la-reforma-liturgica-del-concili-vatica-ii\\\/#primaryimage\",\"url\":\"https:\\\/\\\/www.cpl.es\\\/wp-content\\\/uploads\\\/318-la-reforma-liturgica-del-vatica-II.jpg\",\"contentUrl\":\"https:\\\/\\\/www.cpl.es\\\/wp-content\\\/uploads\\\/318-la-reforma-liturgica-del-vatica-II.jpg\"},{\"@type\":\"BreadcrumbList\",\"@id\":\"https:\\\/\\\/www.cpl.es\\\/ca\\\/blog\\\/vida-liturgica\\\/com-es-forma-lany-liturgic\\\/la-reforma-liturgica-del-concili-vatica-ii\\\/#breadcrumb\",\"itemListElement\":[{\"@type\":\"ListItem\",\"position\":1,\"name\":\"Portada\",\"item\":\"https:\\\/\\\/www.cpl.es\\\/ca\\\/\"},{\"@type\":\"ListItem\",\"position\":2,\"name\":\"Blog\",\"item\":\"https:\\\/\\\/www.cpl.es\\\/ca\\\/blog\\\/\"},{\"@type\":\"ListItem\",\"position\":3,\"name\":\"Vida lit\u00fargica\",\"item\":\"https:\\\/\\\/www.cpl.es\\\/ca\\\/blog\\\/vida-liturgica\\\/\"},{\"@type\":\"ListItem\",\"position\":4,\"name\":\"Com es forma l\u2019any lit\u00fargic\",\"item\":\"https:\\\/\\\/www.cpl.es\\\/ca\\\/blog\\\/vida-liturgica\\\/com-es-forma-lany-liturgic\\\/\"},{\"@type\":\"ListItem\",\"position\":5,\"name\":\"La reforma lit\u00fargica del Concili Vatic\u00e0 II\"}]},{\"@type\":\"WebSite\",\"@id\":\"https:\\\/\\\/www.cpl.es\\\/#website\",\"url\":\"https:\\\/\\\/www.cpl.es\\\/\",\"name\":\"CPL\",\"description\":\"Centre de Pastoral Lit\u00fargica de Barcelona\",\"publisher\":{\"@id\":\"https:\\\/\\\/www.cpl.es\\\/#organization\"},\"alternateName\":\"Centre de Pastoral Lit\u00fargica\",\"potentialAction\":[{\"@type\":\"SearchAction\",\"target\":{\"@type\":\"EntryPoint\",\"urlTemplate\":\"https:\\\/\\\/www.cpl.es\\\/?s={search_term_string}\"},\"query-input\":{\"@type\":\"PropertyValueSpecification\",\"valueRequired\":true,\"valueName\":\"search_term_string\"}}],\"inLanguage\":\"ca\"},{\"@type\":\"Organization\",\"@id\":\"https:\\\/\\\/www.cpl.es\\\/#organization\",\"name\":\"Centre de Pastoral Lit\u00fargica\",\"alternateName\":\"Centre de Pastoral Lit\u00fargica de Barcelona\",\"url\":\"https:\\\/\\\/www.cpl.es\\\/\",\"logo\":{\"@type\":\"ImageObject\",\"inLanguage\":\"ca\",\"@id\":\"https:\\\/\\\/www.cpl.es\\\/#\\\/schema\\\/logo\\\/image\\\/\",\"url\":\"https:\\\/\\\/www.cpl.es\\\/wp-content\\\/uploads\\\/logo-cpl.svg\",\"contentUrl\":\"https:\\\/\\\/www.cpl.es\\\/wp-content\\\/uploads\\\/logo-cpl.svg\",\"caption\":\"Centre de Pastoral Lit\u00fargica\"},\"image\":{\"@id\":\"https:\\\/\\\/www.cpl.es\\\/#\\\/schema\\\/logo\\\/image\\\/\"}}]}<\/script>\n<!-- \/ Yoast SEO plugin. -->","yoast_head_json":{"title":"La reforma lit\u00fargica del Concili Vatic\u00e0 II - CPL","robots":{"index":"index","follow":"follow","max-snippet":"max-snippet:-1","max-image-preview":"max-image-preview:large","max-video-preview":"max-video-preview:-1"},"canonical":"https:\/\/www.cpl.es\/ca\/blog\/vida-liturgica\/com-es-forma-lany-liturgic\/la-reforma-liturgica-del-concili-vatica-ii\/","og_locale":"ca_ES","og_type":"article","og_title":"La reforma lit\u00fargica del Concili Vatic\u00e0 II - CPL","og_description":"Al llarg dels segles, l\u2019any lit\u00fargic s\u2019ha anat desenvolupant i modificant en funci\u00f3 dels centres d\u2019inter\u00e8s que marcaven a cada moment la vida de l\u2019Esgl\u00e9sia. I cal dir que, molt sovint, aquestes modificacions anaven en detriment d\u2019all\u00f2 que, des de l\u2019experi\u00e8ncia de l\u2019Esgl\u00e9sia dels primers segles, era m\u00e9s central en la vida cristiana. L\u2019exemple m\u00e9s [&hellip;]","og_url":"https:\/\/www.cpl.es\/ca\/blog\/vida-liturgica\/com-es-forma-lany-liturgic\/la-reforma-liturgica-del-concili-vatica-ii\/","og_site_name":"CPL","article_modified_time":"2023-12-14T08:08:11+00:00","og_image":[{"width":400,"height":227,"url":"https:\/\/www.cpl.es\/wp-content\/uploads\/318-la-reforma-liturgica-del-vatica-II.jpg","type":"image\/jpeg"}],"twitter_card":"summary_large_image","twitter_misc":{"Temps estimat de lectura":"5 minuts"},"schema":{"@context":"https:\/\/schema.org","@graph":[{"@type":"WebPage","@id":"https:\/\/www.cpl.es\/ca\/blog\/vida-liturgica\/com-es-forma-lany-liturgic\/la-reforma-liturgica-del-concili-vatica-ii\/","url":"https:\/\/www.cpl.es\/ca\/blog\/vida-liturgica\/com-es-forma-lany-liturgic\/la-reforma-liturgica-del-concili-vatica-ii\/","name":"La reforma lit\u00fargica del Concili Vatic\u00e0 II - CPL","isPartOf":{"@id":"https:\/\/www.cpl.es\/#website"},"primaryImageOfPage":{"@id":"https:\/\/www.cpl.es\/ca\/blog\/vida-liturgica\/com-es-forma-lany-liturgic\/la-reforma-liturgica-del-concili-vatica-ii\/#primaryimage"},"image":{"@id":"https:\/\/www.cpl.es\/ca\/blog\/vida-liturgica\/com-es-forma-lany-liturgic\/la-reforma-liturgica-del-concili-vatica-ii\/#primaryimage"},"thumbnailUrl":"https:\/\/www.cpl.es\/wp-content\/uploads\/318-la-reforma-liturgica-del-vatica-II.jpg","datePublished":"2023-11-29T13:24:18+00:00","dateModified":"2023-12-14T08:08:11+00:00","breadcrumb":{"@id":"https:\/\/www.cpl.es\/ca\/blog\/vida-liturgica\/com-es-forma-lany-liturgic\/la-reforma-liturgica-del-concili-vatica-ii\/#breadcrumb"},"inLanguage":"ca","potentialAction":[{"@type":"ReadAction","target":["https:\/\/www.cpl.es\/ca\/blog\/vida-liturgica\/com-es-forma-lany-liturgic\/la-reforma-liturgica-del-concili-vatica-ii\/"]}]},{"@type":"ImageObject","inLanguage":"ca","@id":"https:\/\/www.cpl.es\/ca\/blog\/vida-liturgica\/com-es-forma-lany-liturgic\/la-reforma-liturgica-del-concili-vatica-ii\/#primaryimage","url":"https:\/\/www.cpl.es\/wp-content\/uploads\/318-la-reforma-liturgica-del-vatica-II.jpg","contentUrl":"https:\/\/www.cpl.es\/wp-content\/uploads\/318-la-reforma-liturgica-del-vatica-II.jpg"},{"@type":"BreadcrumbList","@id":"https:\/\/www.cpl.es\/ca\/blog\/vida-liturgica\/com-es-forma-lany-liturgic\/la-reforma-liturgica-del-concili-vatica-ii\/#breadcrumb","itemListElement":[{"@type":"ListItem","position":1,"name":"Portada","item":"https:\/\/www.cpl.es\/ca\/"},{"@type":"ListItem","position":2,"name":"Blog","item":"https:\/\/www.cpl.es\/ca\/blog\/"},{"@type":"ListItem","position":3,"name":"Vida lit\u00fargica","item":"https:\/\/www.cpl.es\/ca\/blog\/vida-liturgica\/"},{"@type":"ListItem","position":4,"name":"Com es forma l\u2019any lit\u00fargic","item":"https:\/\/www.cpl.es\/ca\/blog\/vida-liturgica\/com-es-forma-lany-liturgic\/"},{"@type":"ListItem","position":5,"name":"La reforma lit\u00fargica del Concili Vatic\u00e0 II"}]},{"@type":"WebSite","@id":"https:\/\/www.cpl.es\/#website","url":"https:\/\/www.cpl.es\/","name":"CPL","description":"Centre de Pastoral Lit\u00fargica de Barcelona","publisher":{"@id":"https:\/\/www.cpl.es\/#organization"},"alternateName":"Centre de Pastoral Lit\u00fargica","potentialAction":[{"@type":"SearchAction","target":{"@type":"EntryPoint","urlTemplate":"https:\/\/www.cpl.es\/?s={search_term_string}"},"query-input":{"@type":"PropertyValueSpecification","valueRequired":true,"valueName":"search_term_string"}}],"inLanguage":"ca"},{"@type":"Organization","@id":"https:\/\/www.cpl.es\/#organization","name":"Centre de Pastoral Lit\u00fargica","alternateName":"Centre de Pastoral Lit\u00fargica de Barcelona","url":"https:\/\/www.cpl.es\/","logo":{"@type":"ImageObject","inLanguage":"ca","@id":"https:\/\/www.cpl.es\/#\/schema\/logo\/image\/","url":"https:\/\/www.cpl.es\/wp-content\/uploads\/logo-cpl.svg","contentUrl":"https:\/\/www.cpl.es\/wp-content\/uploads\/logo-cpl.svg","caption":"Centre de Pastoral Lit\u00fargica"},"image":{"@id":"https:\/\/www.cpl.es\/#\/schema\/logo\/image\/"}}]}},"_links":{"self":[{"href":"https:\/\/www.cpl.es\/ca\/wp-json\/wp\/v2\/pages\/11488","targetHints":{"allow":["GET"]}}],"collection":[{"href":"https:\/\/www.cpl.es\/ca\/wp-json\/wp\/v2\/pages"}],"about":[{"href":"https:\/\/www.cpl.es\/ca\/wp-json\/wp\/v2\/types\/page"}],"author":[{"embeddable":true,"href":"https:\/\/www.cpl.es\/ca\/wp-json\/wp\/v2\/users\/1"}],"replies":[{"embeddable":true,"href":"https:\/\/www.cpl.es\/ca\/wp-json\/wp\/v2\/comments?post=11488"}],"version-history":[{"count":1,"href":"https:\/\/www.cpl.es\/ca\/wp-json\/wp\/v2\/pages\/11488\/revisions"}],"predecessor-version":[{"id":11489,"href":"https:\/\/www.cpl.es\/ca\/wp-json\/wp\/v2\/pages\/11488\/revisions\/11489"}],"up":[{"embeddable":true,"href":"https:\/\/www.cpl.es\/ca\/wp-json\/wp\/v2\/pages\/11109"}],"wp:attachment":[{"href":"https:\/\/www.cpl.es\/ca\/wp-json\/wp\/v2\/media?parent=11488"}],"curies":[{"name":"wp","href":"https:\/\/api.w.org\/{rel}","templated":true}]}}