{"id":11126,"date":"2023-11-29T14:23:28","date_gmt":"2023-11-29T13:23:28","guid":{"rendered":"https:\/\/nuevaweb.cpl.es\/?page_id=11126"},"modified":"2023-12-11T21:03:34","modified_gmt":"2023-12-11T20:03:34","slug":"les-festes-del-sants","status":"publish","type":"page","link":"https:\/\/www.cpl.es\/ca\/blog\/vida-liturgica\/com-es-forma-lany-liturgic\/les-festes-del-sants\/","title":{"rendered":"Les festes del sants"},"content":{"rendered":"<div id=\"pl-11126\"  class=\"panel-layout\" ><div id=\"pg-11126-0\"  class=\"panel-grid panel-no-style\" ><div id=\"pgc-11126-0-0\"  class=\"panel-grid-cell\" ><div id=\"panel-11126-0-0-0\" class=\"so-panel widget widget_sow-editor panel-first-child panel-last-child\" data-index=\"0\" ><div\n\t\t\t\n\t\t\tclass=\"so-widget-sow-editor so-widget-sow-editor-base\"\n\t\t\t\n\t\t>\n<div class=\"siteorigin-widget-tinymce textwidget\">\n\t<p><img decoding=\"async\" class=\"alignnone size-full wp-image-9143\" src=\"https:\/\/www.cpl.es\/wp-content\/uploads\/317-Les-festes-dels-sants.jpg\" alt=\"\" width=\"408\" height=\"232\" srcset=\"https:\/\/www.cpl.es\/wp-content\/uploads\/\/317-Les-festes-dels-sants.jpg 408w, https:\/\/www.cpl.es\/wp-content\/uploads\/\/317-Les-festes-dels-sants-300x171.jpg 300w\" sizes=\"auto, (max-width: 408px) 100vw, 408px\" \/ fetchpriority=\"high\"><\/p>\n<p>A m\u00e9s dels temps lit\u00fargics, dintre l\u2019any lit\u00fargic hi ha tamb\u00e9 un altre nivell de celebracions, que s\u00f3n les festes de la Mare de D\u00e9u i dels sants, i algunes altres festes referides a esdeveniments o devocions espec\u00edfiques. \u00c9s el que s\u2019anomena el Santoral.<\/p>\n<p>Era costum a Roma recordar els difunts amb reunions familiars entorn de les seves tombes en dies determinats. I va ser aquest costum el que va fer n\u00e9ixer el culte a aquells cristians i cristianes que havien donat la vida per la seva fe. Com feien les fam\u00edlies amb els seus difunts, la fam\u00edlia cristiana es reunia entorn de la tomba del m\u00e0rtir sobretot en l\u2019aniversari del martiri, que era el seu definitiu naixement a la vida de D\u00e9u, i all\u00e0 celebraven l\u2019Eucaristia. I a partir d\u2019aqu\u00ed, es van anar elaborant calendaris dels aniversaris del martiri per a les comunitats locals a les quals pertanyien aquells m\u00e0rtirs; i, quan es tractava de m\u00e0rtirs especialment coneguts i rellevants, la seva celebraci\u00f3 s\u2019incorporava tamb\u00e9 als calendaris d\u2019altres comunitats fora del lloc on havien mort.<\/p>\n<p>A poc a poc, tamb\u00e9, van passar a ser commemorats igualment aquells cristians que, sense haver mort violentament en les persecucions, havien patit exili, tortures o pres\u00f3 a causa de la fe. I despr\u00e9s, quan es van acabar les persecucions, aquesta commemoraci\u00f3 es va estendre als que havien dedicat plenament la vida a D\u00e9u, com \u00e9s el cas dels ascetes o les verges, i tamb\u00e9 als que havien estat bons guies de la comunitat cristiana, com \u00e9s el cas de determinats bisbes. I aix\u00ed, a poc a poc, es van anar construint els calendaris dels sants propis de cada lloc, als quals s\u2019afegien els sants m\u00e9s rellevants i coneguts d\u2019altres llocs, fins que amb el temps es va fer un calendari universal de tota l\u2019Esgl\u00e9sia.<\/p>\n<p>Juntament amb el culte dels m\u00e0rtirs va n\u00e9ixer tamb\u00e9, encara que una mica m\u00e9s tard, el culte a la Mare de D\u00e9u. Maria, certament, ja era invocada pels cristians de manera espont\u00e0nia des de ben antic, com mostren diverses inscripcions que s\u2019han trobat, i el seu record era tamb\u00e9 present en les celebracions del Nadal. Per\u00f2 ser\u00e0 a partir del concili d\u2019Efes, el concili que donar\u00e0 formalment a Maria el t\u00edtol de Mare de D\u00e9u, celebrat l\u2019any 431, que aquest culte rebr\u00e0 un impuls decisiu i s\u2019anir\u00e0 concretant amb diverses festes que s\u2019incorporaran tamb\u00e9 al calendari.<\/p>\n<p>I encara s\u2019afegiran tamb\u00e9 al calendari, en diverses\u00a0 ocasions i per diversos motius, altres tipus de festes, com poden ser la Transfiguraci\u00f3 del Senyor, o la Presentaci\u00f3 de Jes\u00fas al temple. O, tamb\u00e9, l\u2019aniversari de la dedicaci\u00f3 de la pr\u00f2pia esgl\u00e9sia, o de la catedral diocesana.<\/p>\n<p>I aix\u00ed s\u2019anir\u00e0 configurant, fins al dia d\u2019avui, el Santoral o Calendari dels Sants que nosaltres celebrem.<\/p>\n<\/div>\n<\/div><\/div><\/div><\/div><\/div>","protected":false},"excerpt":{"rendered":"<p>A m\u00e9s dels temps lit\u00fargics, dintre l\u2019any lit\u00fargic hi ha tamb\u00e9 un altre nivell de celebracions, que s\u00f3n les festes de la Mare de D\u00e9u i dels sants, i algunes altres festes referides a esdeveniments o devocions espec\u00edfiques. \u00c9s el que s\u2019anomena el Santoral. Era costum a Roma recordar els difunts amb reunions familiars entorn [&hellip;]<\/p>\n","protected":false},"author":1,"featured_media":0,"parent":11109,"menu_order":7,"comment_status":"closed","ping_status":"closed","template":"","meta":{"_acf_changed":false,"inline_featured_image":false,"footnotes":""},"class_list":["post-11126","page","type-page","status-publish","hentry"],"acf":[],"yoast_head":"<!-- This site is optimized with the Yoast SEO plugin v27.3 - https:\/\/yoast.com\/product\/yoast-seo-wordpress\/ -->\n<title>Les festes del sants - CPL<\/title>\n<meta name=\"robots\" content=\"index, follow, max-snippet:-1, max-image-preview:large, max-video-preview:-1\" \/>\n<link rel=\"canonical\" href=\"https:\/\/www.cpl.es\/ca\/blog\/vida-liturgica\/com-es-forma-lany-liturgic\/les-festes-del-sants\/\" \/>\n<meta property=\"og:locale\" content=\"ca_ES\" \/>\n<meta property=\"og:type\" content=\"article\" \/>\n<meta property=\"og:title\" content=\"Les festes del sants - CPL\" \/>\n<meta property=\"og:description\" content=\"A m\u00e9s dels temps lit\u00fargics, dintre l\u2019any lit\u00fargic hi ha tamb\u00e9 un altre nivell de celebracions, que s\u00f3n les festes de la Mare de D\u00e9u i dels sants, i algunes altres festes referides a esdeveniments o devocions espec\u00edfiques. \u00c9s el que s\u2019anomena el Santoral. Era costum a Roma recordar els difunts amb reunions familiars entorn [&hellip;]\" \/>\n<meta property=\"og:url\" content=\"https:\/\/www.cpl.es\/ca\/blog\/vida-liturgica\/com-es-forma-lany-liturgic\/les-festes-del-sants\/\" \/>\n<meta property=\"og:site_name\" content=\"CPL\" \/>\n<meta property=\"article:modified_time\" content=\"2023-12-11T20:03:34+00:00\" \/>\n<meta property=\"og:image\" content=\"https:\/\/www.cpl.es\/wp-content\/uploads\/317-Les-festes-dels-sants.jpg\" \/>\n\t<meta property=\"og:image:width\" content=\"408\" \/>\n\t<meta property=\"og:image:height\" content=\"232\" \/>\n\t<meta property=\"og:image:type\" content=\"image\/jpeg\" \/>\n<meta name=\"twitter:card\" content=\"summary_large_image\" \/>\n<meta name=\"twitter:label1\" content=\"Temps estimat de lectura\" \/>\n\t<meta name=\"twitter:data1\" content=\"3 minuts\" \/>\n<script type=\"application\/ld+json\" class=\"yoast-schema-graph\">{\"@context\":\"https:\\\/\\\/schema.org\",\"@graph\":[{\"@type\":\"WebPage\",\"@id\":\"https:\\\/\\\/www.cpl.es\\\/ca\\\/blog\\\/vida-liturgica\\\/com-es-forma-lany-liturgic\\\/les-festes-del-sants\\\/\",\"url\":\"https:\\\/\\\/www.cpl.es\\\/ca\\\/blog\\\/vida-liturgica\\\/com-es-forma-lany-liturgic\\\/les-festes-del-sants\\\/\",\"name\":\"Les festes del sants - CPL\",\"isPartOf\":{\"@id\":\"https:\\\/\\\/www.cpl.es\\\/#website\"},\"primaryImageOfPage\":{\"@id\":\"https:\\\/\\\/www.cpl.es\\\/ca\\\/blog\\\/vida-liturgica\\\/com-es-forma-lany-liturgic\\\/les-festes-del-sants\\\/#primaryimage\"},\"image\":{\"@id\":\"https:\\\/\\\/www.cpl.es\\\/ca\\\/blog\\\/vida-liturgica\\\/com-es-forma-lany-liturgic\\\/les-festes-del-sants\\\/#primaryimage\"},\"thumbnailUrl\":\"https:\\\/\\\/www.cpl.es\\\/wp-content\\\/uploads\\\/317-Les-festes-dels-sants.jpg\",\"datePublished\":\"2023-11-29T13:23:28+00:00\",\"dateModified\":\"2023-12-11T20:03:34+00:00\",\"breadcrumb\":{\"@id\":\"https:\\\/\\\/www.cpl.es\\\/ca\\\/blog\\\/vida-liturgica\\\/com-es-forma-lany-liturgic\\\/les-festes-del-sants\\\/#breadcrumb\"},\"inLanguage\":\"ca\",\"potentialAction\":[{\"@type\":\"ReadAction\",\"target\":[\"https:\\\/\\\/www.cpl.es\\\/ca\\\/blog\\\/vida-liturgica\\\/com-es-forma-lany-liturgic\\\/les-festes-del-sants\\\/\"]}]},{\"@type\":\"ImageObject\",\"inLanguage\":\"ca\",\"@id\":\"https:\\\/\\\/www.cpl.es\\\/ca\\\/blog\\\/vida-liturgica\\\/com-es-forma-lany-liturgic\\\/les-festes-del-sants\\\/#primaryimage\",\"url\":\"https:\\\/\\\/www.cpl.es\\\/wp-content\\\/uploads\\\/317-Les-festes-dels-sants.jpg\",\"contentUrl\":\"https:\\\/\\\/www.cpl.es\\\/wp-content\\\/uploads\\\/317-Les-festes-dels-sants.jpg\"},{\"@type\":\"BreadcrumbList\",\"@id\":\"https:\\\/\\\/www.cpl.es\\\/ca\\\/blog\\\/vida-liturgica\\\/com-es-forma-lany-liturgic\\\/les-festes-del-sants\\\/#breadcrumb\",\"itemListElement\":[{\"@type\":\"ListItem\",\"position\":1,\"name\":\"Portada\",\"item\":\"https:\\\/\\\/www.cpl.es\\\/ca\\\/\"},{\"@type\":\"ListItem\",\"position\":2,\"name\":\"Blog\",\"item\":\"https:\\\/\\\/www.cpl.es\\\/ca\\\/blog\\\/\"},{\"@type\":\"ListItem\",\"position\":3,\"name\":\"Vida lit\u00fargica\",\"item\":\"https:\\\/\\\/www.cpl.es\\\/ca\\\/blog\\\/vida-liturgica\\\/\"},{\"@type\":\"ListItem\",\"position\":4,\"name\":\"Com es forma l\u2019any lit\u00fargic\",\"item\":\"https:\\\/\\\/www.cpl.es\\\/ca\\\/blog\\\/vida-liturgica\\\/com-es-forma-lany-liturgic\\\/\"},{\"@type\":\"ListItem\",\"position\":5,\"name\":\"Les festes del sants\"}]},{\"@type\":\"WebSite\",\"@id\":\"https:\\\/\\\/www.cpl.es\\\/#website\",\"url\":\"https:\\\/\\\/www.cpl.es\\\/\",\"name\":\"CPL\",\"description\":\"Centre de Pastoral Lit\u00fargica de Barcelona\",\"publisher\":{\"@id\":\"https:\\\/\\\/www.cpl.es\\\/#organization\"},\"alternateName\":\"Centre de Pastoral Lit\u00fargica\",\"potentialAction\":[{\"@type\":\"SearchAction\",\"target\":{\"@type\":\"EntryPoint\",\"urlTemplate\":\"https:\\\/\\\/www.cpl.es\\\/?s={search_term_string}\"},\"query-input\":{\"@type\":\"PropertyValueSpecification\",\"valueRequired\":true,\"valueName\":\"search_term_string\"}}],\"inLanguage\":\"ca\"},{\"@type\":\"Organization\",\"@id\":\"https:\\\/\\\/www.cpl.es\\\/#organization\",\"name\":\"Centre de Pastoral Lit\u00fargica\",\"alternateName\":\"Centre de Pastoral Lit\u00fargica de Barcelona\",\"url\":\"https:\\\/\\\/www.cpl.es\\\/\",\"logo\":{\"@type\":\"ImageObject\",\"inLanguage\":\"ca\",\"@id\":\"https:\\\/\\\/www.cpl.es\\\/#\\\/schema\\\/logo\\\/image\\\/\",\"url\":\"https:\\\/\\\/www.cpl.es\\\/wp-content\\\/uploads\\\/logo-cpl.svg\",\"contentUrl\":\"https:\\\/\\\/www.cpl.es\\\/wp-content\\\/uploads\\\/logo-cpl.svg\",\"caption\":\"Centre de Pastoral Lit\u00fargica\"},\"image\":{\"@id\":\"https:\\\/\\\/www.cpl.es\\\/#\\\/schema\\\/logo\\\/image\\\/\"}}]}<\/script>\n<!-- \/ Yoast SEO plugin. -->","yoast_head_json":{"title":"Les festes del sants - CPL","robots":{"index":"index","follow":"follow","max-snippet":"max-snippet:-1","max-image-preview":"max-image-preview:large","max-video-preview":"max-video-preview:-1"},"canonical":"https:\/\/www.cpl.es\/ca\/blog\/vida-liturgica\/com-es-forma-lany-liturgic\/les-festes-del-sants\/","og_locale":"ca_ES","og_type":"article","og_title":"Les festes del sants - CPL","og_description":"A m\u00e9s dels temps lit\u00fargics, dintre l\u2019any lit\u00fargic hi ha tamb\u00e9 un altre nivell de celebracions, que s\u00f3n les festes de la Mare de D\u00e9u i dels sants, i algunes altres festes referides a esdeveniments o devocions espec\u00edfiques. \u00c9s el que s\u2019anomena el Santoral. Era costum a Roma recordar els difunts amb reunions familiars entorn [&hellip;]","og_url":"https:\/\/www.cpl.es\/ca\/blog\/vida-liturgica\/com-es-forma-lany-liturgic\/les-festes-del-sants\/","og_site_name":"CPL","article_modified_time":"2023-12-11T20:03:34+00:00","og_image":[{"width":408,"height":232,"url":"https:\/\/www.cpl.es\/wp-content\/uploads\/317-Les-festes-dels-sants.jpg","type":"image\/jpeg"}],"twitter_card":"summary_large_image","twitter_misc":{"Temps estimat de lectura":"3 minuts"},"schema":{"@context":"https:\/\/schema.org","@graph":[{"@type":"WebPage","@id":"https:\/\/www.cpl.es\/ca\/blog\/vida-liturgica\/com-es-forma-lany-liturgic\/les-festes-del-sants\/","url":"https:\/\/www.cpl.es\/ca\/blog\/vida-liturgica\/com-es-forma-lany-liturgic\/les-festes-del-sants\/","name":"Les festes del sants - CPL","isPartOf":{"@id":"https:\/\/www.cpl.es\/#website"},"primaryImageOfPage":{"@id":"https:\/\/www.cpl.es\/ca\/blog\/vida-liturgica\/com-es-forma-lany-liturgic\/les-festes-del-sants\/#primaryimage"},"image":{"@id":"https:\/\/www.cpl.es\/ca\/blog\/vida-liturgica\/com-es-forma-lany-liturgic\/les-festes-del-sants\/#primaryimage"},"thumbnailUrl":"https:\/\/www.cpl.es\/wp-content\/uploads\/317-Les-festes-dels-sants.jpg","datePublished":"2023-11-29T13:23:28+00:00","dateModified":"2023-12-11T20:03:34+00:00","breadcrumb":{"@id":"https:\/\/www.cpl.es\/ca\/blog\/vida-liturgica\/com-es-forma-lany-liturgic\/les-festes-del-sants\/#breadcrumb"},"inLanguage":"ca","potentialAction":[{"@type":"ReadAction","target":["https:\/\/www.cpl.es\/ca\/blog\/vida-liturgica\/com-es-forma-lany-liturgic\/les-festes-del-sants\/"]}]},{"@type":"ImageObject","inLanguage":"ca","@id":"https:\/\/www.cpl.es\/ca\/blog\/vida-liturgica\/com-es-forma-lany-liturgic\/les-festes-del-sants\/#primaryimage","url":"https:\/\/www.cpl.es\/wp-content\/uploads\/317-Les-festes-dels-sants.jpg","contentUrl":"https:\/\/www.cpl.es\/wp-content\/uploads\/317-Les-festes-dels-sants.jpg"},{"@type":"BreadcrumbList","@id":"https:\/\/www.cpl.es\/ca\/blog\/vida-liturgica\/com-es-forma-lany-liturgic\/les-festes-del-sants\/#breadcrumb","itemListElement":[{"@type":"ListItem","position":1,"name":"Portada","item":"https:\/\/www.cpl.es\/ca\/"},{"@type":"ListItem","position":2,"name":"Blog","item":"https:\/\/www.cpl.es\/ca\/blog\/"},{"@type":"ListItem","position":3,"name":"Vida lit\u00fargica","item":"https:\/\/www.cpl.es\/ca\/blog\/vida-liturgica\/"},{"@type":"ListItem","position":4,"name":"Com es forma l\u2019any lit\u00fargic","item":"https:\/\/www.cpl.es\/ca\/blog\/vida-liturgica\/com-es-forma-lany-liturgic\/"},{"@type":"ListItem","position":5,"name":"Les festes del sants"}]},{"@type":"WebSite","@id":"https:\/\/www.cpl.es\/#website","url":"https:\/\/www.cpl.es\/","name":"CPL","description":"Centre de Pastoral Lit\u00fargica de Barcelona","publisher":{"@id":"https:\/\/www.cpl.es\/#organization"},"alternateName":"Centre de Pastoral Lit\u00fargica","potentialAction":[{"@type":"SearchAction","target":{"@type":"EntryPoint","urlTemplate":"https:\/\/www.cpl.es\/?s={search_term_string}"},"query-input":{"@type":"PropertyValueSpecification","valueRequired":true,"valueName":"search_term_string"}}],"inLanguage":"ca"},{"@type":"Organization","@id":"https:\/\/www.cpl.es\/#organization","name":"Centre de Pastoral Lit\u00fargica","alternateName":"Centre de Pastoral Lit\u00fargica de Barcelona","url":"https:\/\/www.cpl.es\/","logo":{"@type":"ImageObject","inLanguage":"ca","@id":"https:\/\/www.cpl.es\/#\/schema\/logo\/image\/","url":"https:\/\/www.cpl.es\/wp-content\/uploads\/logo-cpl.svg","contentUrl":"https:\/\/www.cpl.es\/wp-content\/uploads\/logo-cpl.svg","caption":"Centre de Pastoral Lit\u00fargica"},"image":{"@id":"https:\/\/www.cpl.es\/#\/schema\/logo\/image\/"}}]}},"_links":{"self":[{"href":"https:\/\/www.cpl.es\/ca\/wp-json\/wp\/v2\/pages\/11126","targetHints":{"allow":["GET"]}}],"collection":[{"href":"https:\/\/www.cpl.es\/ca\/wp-json\/wp\/v2\/pages"}],"about":[{"href":"https:\/\/www.cpl.es\/ca\/wp-json\/wp\/v2\/types\/page"}],"author":[{"embeddable":true,"href":"https:\/\/www.cpl.es\/ca\/wp-json\/wp\/v2\/users\/1"}],"replies":[{"embeddable":true,"href":"https:\/\/www.cpl.es\/ca\/wp-json\/wp\/v2\/comments?post=11126"}],"version-history":[{"count":2,"href":"https:\/\/www.cpl.es\/ca\/wp-json\/wp\/v2\/pages\/11126\/revisions"}],"predecessor-version":[{"id":11128,"href":"https:\/\/www.cpl.es\/ca\/wp-json\/wp\/v2\/pages\/11126\/revisions\/11128"}],"up":[{"embeddable":true,"href":"https:\/\/www.cpl.es\/ca\/wp-json\/wp\/v2\/pages\/11109"}],"wp:attachment":[{"href":"https:\/\/www.cpl.es\/ca\/wp-json\/wp\/v2\/media?parent=11126"}],"curies":[{"name":"wp","href":"https:\/\/api.w.org\/{rel}","templated":true}]}}