{"id":11124,"date":"2023-11-29T14:22:36","date_gmt":"2023-11-29T13:22:36","guid":{"rendered":"https:\/\/nuevaweb.cpl.es\/?page_id=11124"},"modified":"2023-12-11T20:51:32","modified_gmt":"2023-12-11T19:51:32","slug":"lultim-temps-ladvent","status":"publish","type":"page","link":"https:\/\/www.cpl.es\/ca\/blog\/vida-liturgica\/com-es-forma-lany-liturgic\/lultim-temps-ladvent\/","title":{"rendered":"L\u2019\u00faltim temps: l\u2019Advent"},"content":{"rendered":"<div id=\"pl-11124\"  class=\"panel-layout\" ><div id=\"pg-11124-0\"  class=\"panel-grid panel-no-style\" ><div id=\"pgc-11124-0-0\"  class=\"panel-grid-cell\" ><div id=\"panel-11124-0-0-0\" class=\"so-panel widget widget_sow-editor panel-first-child panel-last-child\" data-index=\"0\" ><div\n\t\t\t\n\t\t\tclass=\"so-widget-sow-editor so-widget-sow-editor-base\"\n\t\t\t\n\t\t>\n<div class=\"siteorigin-widget-tinymce textwidget\">\n\t<p><img decoding=\"async\" class=\"alignnone size-full wp-image-9138\" src=\"https:\/\/www.cpl.es\/wp-content\/uploads\/316-ultim-temps.jpg\" alt=\"\" width=\"408\" height=\"232\" srcset=\"https:\/\/www.cpl.es\/wp-content\/uploads\/\/316-ultim-temps.jpg 408w, https:\/\/www.cpl.es\/wp-content\/uploads\/\/316-ultim-temps-300x171.jpg 300w\" sizes=\"auto, (max-width: 408px) 100vw, 408px\" \/ fetchpriority=\"high\"><\/p>\n<p>Ja a finals del segle IV i al llarg del segle V, a les Esgl\u00e9sies d\u2019Hisp\u00e0nia i de la G\u00e0l\u00b7lia es van comen\u00e7ar a muntar actes de preparaci\u00f3 de la festa de Nadal, una mica en la l\u00ednia de la preparaci\u00f3 quaresmal per a la Pasqua. Per\u00f2 no va ser fins al segle VI que aquesta preparaci\u00f3 es va organitzar lit\u00fargicament, primer amb un cicle de sis diumenges i despr\u00e9s amb un cicle de nom\u00e9s quatre. \u00c9s aix\u00ed com neix, doncs, el temps d\u2019Advent, l\u2019\u00faltim dels temps lit\u00fargics que va apar\u00e8ixer, i que uneix la preparaci\u00f3 de la vinguda del Senyor a Betlem amb l\u2019espera de la seva vinguda definitiva al final del temps.<\/p>\n<p>Amb l\u2019Advent, doncs, queda completat el cicle dels temps lit\u00fargics que anomenem \u201cforts\u201d, \u00e9s a dir, els que celebren algun aspecte o misteri de la nostra salvaci\u00f3. La resta de diumenges i la resta de setmanes formen el que s\u2019anomena el \u201ctemps de durant l\u2019any\u201d, \u00e9s a dir, el temps en qu\u00e8 no se celebra cap fet concret de la hist\u00f2ria de la salvaci\u00f3.<\/p>\n<\/div>\n<\/div><\/div><\/div><\/div><\/div>","protected":false},"excerpt":{"rendered":"<p>Ja a finals del segle IV i al llarg del segle V, a les Esgl\u00e9sies d\u2019Hisp\u00e0nia i de la G\u00e0l\u00b7lia es van comen\u00e7ar a muntar actes de preparaci\u00f3 de la festa de Nadal, una mica en la l\u00ednia de la preparaci\u00f3 quaresmal per a la Pasqua. Per\u00f2 no va ser fins al segle VI que [&hellip;]<\/p>\n","protected":false},"author":1,"featured_media":0,"parent":11109,"menu_order":6,"comment_status":"closed","ping_status":"closed","template":"","meta":{"_acf_changed":false,"inline_featured_image":false,"footnotes":""},"class_list":["post-11124","page","type-page","status-publish","hentry"],"acf":[],"yoast_head":"<!-- This site is optimized with the Yoast SEO plugin v27.5 - https:\/\/yoast.com\/product\/yoast-seo-wordpress\/ -->\n<title>L\u2019\u00faltim temps: l\u2019Advent - CPL<\/title>\n<meta name=\"robots\" content=\"index, follow, max-snippet:-1, max-image-preview:large, max-video-preview:-1\" \/>\n<link rel=\"canonical\" href=\"https:\/\/www.cpl.es\/ca\/blog\/vida-liturgica\/com-es-forma-lany-liturgic\/lultim-temps-ladvent\/\" \/>\n<meta property=\"og:locale\" content=\"ca_ES\" \/>\n<meta property=\"og:type\" content=\"article\" \/>\n<meta property=\"og:title\" content=\"L\u2019\u00faltim temps: l\u2019Advent - CPL\" \/>\n<meta property=\"og:description\" content=\"Ja a finals del segle IV i al llarg del segle V, a les Esgl\u00e9sies d\u2019Hisp\u00e0nia i de la G\u00e0l\u00b7lia es van comen\u00e7ar a muntar actes de preparaci\u00f3 de la festa de Nadal, una mica en la l\u00ednia de la preparaci\u00f3 quaresmal per a la Pasqua. Per\u00f2 no va ser fins al segle VI que [&hellip;]\" \/>\n<meta property=\"og:url\" content=\"https:\/\/www.cpl.es\/ca\/blog\/vida-liturgica\/com-es-forma-lany-liturgic\/lultim-temps-ladvent\/\" \/>\n<meta property=\"og:site_name\" content=\"CPL\" \/>\n<meta property=\"article:modified_time\" content=\"2023-12-11T19:51:32+00:00\" \/>\n<meta property=\"og:image\" content=\"https:\/\/www.cpl.es\/wp-content\/uploads\/316-ultim-temps.jpg\" \/>\n\t<meta property=\"og:image:width\" content=\"408\" \/>\n\t<meta property=\"og:image:height\" content=\"232\" \/>\n\t<meta property=\"og:image:type\" content=\"image\/jpeg\" \/>\n<meta name=\"twitter:card\" content=\"summary_large_image\" \/>\n<meta name=\"twitter:label1\" content=\"Temps estimat de lectura\" \/>\n\t<meta name=\"twitter:data1\" content=\"1 minut\" \/>\n<script type=\"application\/ld+json\" class=\"yoast-schema-graph\">{\"@context\":\"https:\\\/\\\/schema.org\",\"@graph\":[{\"@type\":\"WebPage\",\"@id\":\"https:\\\/\\\/www.cpl.es\\\/ca\\\/blog\\\/vida-liturgica\\\/com-es-forma-lany-liturgic\\\/lultim-temps-ladvent\\\/\",\"url\":\"https:\\\/\\\/www.cpl.es\\\/ca\\\/blog\\\/vida-liturgica\\\/com-es-forma-lany-liturgic\\\/lultim-temps-ladvent\\\/\",\"name\":\"L\u2019\u00faltim temps: l\u2019Advent - CPL\",\"isPartOf\":{\"@id\":\"https:\\\/\\\/www.cpl.es\\\/#website\"},\"primaryImageOfPage\":{\"@id\":\"https:\\\/\\\/www.cpl.es\\\/ca\\\/blog\\\/vida-liturgica\\\/com-es-forma-lany-liturgic\\\/lultim-temps-ladvent\\\/#primaryimage\"},\"image\":{\"@id\":\"https:\\\/\\\/www.cpl.es\\\/ca\\\/blog\\\/vida-liturgica\\\/com-es-forma-lany-liturgic\\\/lultim-temps-ladvent\\\/#primaryimage\"},\"thumbnailUrl\":\"https:\\\/\\\/www.cpl.es\\\/wp-content\\\/uploads\\\/316-ultim-temps.jpg\",\"datePublished\":\"2023-11-29T13:22:36+00:00\",\"dateModified\":\"2023-12-11T19:51:32+00:00\",\"breadcrumb\":{\"@id\":\"https:\\\/\\\/www.cpl.es\\\/ca\\\/blog\\\/vida-liturgica\\\/com-es-forma-lany-liturgic\\\/lultim-temps-ladvent\\\/#breadcrumb\"},\"inLanguage\":\"ca\",\"potentialAction\":[{\"@type\":\"ReadAction\",\"target\":[\"https:\\\/\\\/www.cpl.es\\\/ca\\\/blog\\\/vida-liturgica\\\/com-es-forma-lany-liturgic\\\/lultim-temps-ladvent\\\/\"]}]},{\"@type\":\"ImageObject\",\"inLanguage\":\"ca\",\"@id\":\"https:\\\/\\\/www.cpl.es\\\/ca\\\/blog\\\/vida-liturgica\\\/com-es-forma-lany-liturgic\\\/lultim-temps-ladvent\\\/#primaryimage\",\"url\":\"https:\\\/\\\/www.cpl.es\\\/wp-content\\\/uploads\\\/316-ultim-temps.jpg\",\"contentUrl\":\"https:\\\/\\\/www.cpl.es\\\/wp-content\\\/uploads\\\/316-ultim-temps.jpg\"},{\"@type\":\"BreadcrumbList\",\"@id\":\"https:\\\/\\\/www.cpl.es\\\/ca\\\/blog\\\/vida-liturgica\\\/com-es-forma-lany-liturgic\\\/lultim-temps-ladvent\\\/#breadcrumb\",\"itemListElement\":[{\"@type\":\"ListItem\",\"position\":1,\"name\":\"Portada\",\"item\":\"https:\\\/\\\/www.cpl.es\\\/ca\\\/\"},{\"@type\":\"ListItem\",\"position\":2,\"name\":\"Blog\",\"item\":\"https:\\\/\\\/www.cpl.es\\\/ca\\\/blog\\\/\"},{\"@type\":\"ListItem\",\"position\":3,\"name\":\"Vida lit\u00fargica\",\"item\":\"https:\\\/\\\/www.cpl.es\\\/ca\\\/blog\\\/vida-liturgica\\\/\"},{\"@type\":\"ListItem\",\"position\":4,\"name\":\"Com es forma l\u2019any lit\u00fargic\",\"item\":\"https:\\\/\\\/www.cpl.es\\\/ca\\\/blog\\\/vida-liturgica\\\/com-es-forma-lany-liturgic\\\/\"},{\"@type\":\"ListItem\",\"position\":5,\"name\":\"L\u2019\u00faltim temps: l\u2019Advent\"}]},{\"@type\":\"WebSite\",\"@id\":\"https:\\\/\\\/www.cpl.es\\\/#website\",\"url\":\"https:\\\/\\\/www.cpl.es\\\/\",\"name\":\"CPL\",\"description\":\"Centre de Pastoral Lit\u00fargica de Barcelona\",\"publisher\":{\"@id\":\"https:\\\/\\\/www.cpl.es\\\/#organization\"},\"alternateName\":\"Centre de Pastoral Lit\u00fargica\",\"potentialAction\":[{\"@type\":\"SearchAction\",\"target\":{\"@type\":\"EntryPoint\",\"urlTemplate\":\"https:\\\/\\\/www.cpl.es\\\/?s={search_term_string}\"},\"query-input\":{\"@type\":\"PropertyValueSpecification\",\"valueRequired\":true,\"valueName\":\"search_term_string\"}}],\"inLanguage\":\"ca\"},{\"@type\":\"Organization\",\"@id\":\"https:\\\/\\\/www.cpl.es\\\/#organization\",\"name\":\"Centre de Pastoral Lit\u00fargica\",\"alternateName\":\"Centre de Pastoral Lit\u00fargica de Barcelona\",\"url\":\"https:\\\/\\\/www.cpl.es\\\/\",\"logo\":{\"@type\":\"ImageObject\",\"inLanguage\":\"ca\",\"@id\":\"https:\\\/\\\/www.cpl.es\\\/#\\\/schema\\\/logo\\\/image\\\/\",\"url\":\"https:\\\/\\\/www.cpl.es\\\/wp-content\\\/uploads\\\/logo-cpl.svg\",\"contentUrl\":\"https:\\\/\\\/www.cpl.es\\\/wp-content\\\/uploads\\\/logo-cpl.svg\",\"caption\":\"Centre de Pastoral Lit\u00fargica\"},\"image\":{\"@id\":\"https:\\\/\\\/www.cpl.es\\\/#\\\/schema\\\/logo\\\/image\\\/\"}}]}<\/script>\n<!-- \/ Yoast SEO plugin. -->","yoast_head_json":{"title":"L\u2019\u00faltim temps: l\u2019Advent - CPL","robots":{"index":"index","follow":"follow","max-snippet":"max-snippet:-1","max-image-preview":"max-image-preview:large","max-video-preview":"max-video-preview:-1"},"canonical":"https:\/\/www.cpl.es\/ca\/blog\/vida-liturgica\/com-es-forma-lany-liturgic\/lultim-temps-ladvent\/","og_locale":"ca_ES","og_type":"article","og_title":"L\u2019\u00faltim temps: l\u2019Advent - CPL","og_description":"Ja a finals del segle IV i al llarg del segle V, a les Esgl\u00e9sies d\u2019Hisp\u00e0nia i de la G\u00e0l\u00b7lia es van comen\u00e7ar a muntar actes de preparaci\u00f3 de la festa de Nadal, una mica en la l\u00ednia de la preparaci\u00f3 quaresmal per a la Pasqua. Per\u00f2 no va ser fins al segle VI que [&hellip;]","og_url":"https:\/\/www.cpl.es\/ca\/blog\/vida-liturgica\/com-es-forma-lany-liturgic\/lultim-temps-ladvent\/","og_site_name":"CPL","article_modified_time":"2023-12-11T19:51:32+00:00","og_image":[{"width":408,"height":232,"url":"https:\/\/www.cpl.es\/wp-content\/uploads\/316-ultim-temps.jpg","type":"image\/jpeg"}],"twitter_card":"summary_large_image","twitter_misc":{"Temps estimat de lectura":"1 minut"},"schema":{"@context":"https:\/\/schema.org","@graph":[{"@type":"WebPage","@id":"https:\/\/www.cpl.es\/ca\/blog\/vida-liturgica\/com-es-forma-lany-liturgic\/lultim-temps-ladvent\/","url":"https:\/\/www.cpl.es\/ca\/blog\/vida-liturgica\/com-es-forma-lany-liturgic\/lultim-temps-ladvent\/","name":"L\u2019\u00faltim temps: l\u2019Advent - CPL","isPartOf":{"@id":"https:\/\/www.cpl.es\/#website"},"primaryImageOfPage":{"@id":"https:\/\/www.cpl.es\/ca\/blog\/vida-liturgica\/com-es-forma-lany-liturgic\/lultim-temps-ladvent\/#primaryimage"},"image":{"@id":"https:\/\/www.cpl.es\/ca\/blog\/vida-liturgica\/com-es-forma-lany-liturgic\/lultim-temps-ladvent\/#primaryimage"},"thumbnailUrl":"https:\/\/www.cpl.es\/wp-content\/uploads\/316-ultim-temps.jpg","datePublished":"2023-11-29T13:22:36+00:00","dateModified":"2023-12-11T19:51:32+00:00","breadcrumb":{"@id":"https:\/\/www.cpl.es\/ca\/blog\/vida-liturgica\/com-es-forma-lany-liturgic\/lultim-temps-ladvent\/#breadcrumb"},"inLanguage":"ca","potentialAction":[{"@type":"ReadAction","target":["https:\/\/www.cpl.es\/ca\/blog\/vida-liturgica\/com-es-forma-lany-liturgic\/lultim-temps-ladvent\/"]}]},{"@type":"ImageObject","inLanguage":"ca","@id":"https:\/\/www.cpl.es\/ca\/blog\/vida-liturgica\/com-es-forma-lany-liturgic\/lultim-temps-ladvent\/#primaryimage","url":"https:\/\/www.cpl.es\/wp-content\/uploads\/316-ultim-temps.jpg","contentUrl":"https:\/\/www.cpl.es\/wp-content\/uploads\/316-ultim-temps.jpg"},{"@type":"BreadcrumbList","@id":"https:\/\/www.cpl.es\/ca\/blog\/vida-liturgica\/com-es-forma-lany-liturgic\/lultim-temps-ladvent\/#breadcrumb","itemListElement":[{"@type":"ListItem","position":1,"name":"Portada","item":"https:\/\/www.cpl.es\/ca\/"},{"@type":"ListItem","position":2,"name":"Blog","item":"https:\/\/www.cpl.es\/ca\/blog\/"},{"@type":"ListItem","position":3,"name":"Vida lit\u00fargica","item":"https:\/\/www.cpl.es\/ca\/blog\/vida-liturgica\/"},{"@type":"ListItem","position":4,"name":"Com es forma l\u2019any lit\u00fargic","item":"https:\/\/www.cpl.es\/ca\/blog\/vida-liturgica\/com-es-forma-lany-liturgic\/"},{"@type":"ListItem","position":5,"name":"L\u2019\u00faltim temps: l\u2019Advent"}]},{"@type":"WebSite","@id":"https:\/\/www.cpl.es\/#website","url":"https:\/\/www.cpl.es\/","name":"CPL","description":"Centre de Pastoral Lit\u00fargica de Barcelona","publisher":{"@id":"https:\/\/www.cpl.es\/#organization"},"alternateName":"Centre de Pastoral Lit\u00fargica","potentialAction":[{"@type":"SearchAction","target":{"@type":"EntryPoint","urlTemplate":"https:\/\/www.cpl.es\/?s={search_term_string}"},"query-input":{"@type":"PropertyValueSpecification","valueRequired":true,"valueName":"search_term_string"}}],"inLanguage":"ca"},{"@type":"Organization","@id":"https:\/\/www.cpl.es\/#organization","name":"Centre de Pastoral Lit\u00fargica","alternateName":"Centre de Pastoral Lit\u00fargica de Barcelona","url":"https:\/\/www.cpl.es\/","logo":{"@type":"ImageObject","inLanguage":"ca","@id":"https:\/\/www.cpl.es\/#\/schema\/logo\/image\/","url":"https:\/\/www.cpl.es\/wp-content\/uploads\/logo-cpl.svg","contentUrl":"https:\/\/www.cpl.es\/wp-content\/uploads\/logo-cpl.svg","caption":"Centre de Pastoral Lit\u00fargica"},"image":{"@id":"https:\/\/www.cpl.es\/#\/schema\/logo\/image\/"}}]}},"_links":{"self":[{"href":"https:\/\/www.cpl.es\/ca\/wp-json\/wp\/v2\/pages\/11124","targetHints":{"allow":["GET"]}}],"collection":[{"href":"https:\/\/www.cpl.es\/ca\/wp-json\/wp\/v2\/pages"}],"about":[{"href":"https:\/\/www.cpl.es\/ca\/wp-json\/wp\/v2\/types\/page"}],"author":[{"embeddable":true,"href":"https:\/\/www.cpl.es\/ca\/wp-json\/wp\/v2\/users\/1"}],"replies":[{"embeddable":true,"href":"https:\/\/www.cpl.es\/ca\/wp-json\/wp\/v2\/comments?post=11124"}],"version-history":[{"count":1,"href":"https:\/\/www.cpl.es\/ca\/wp-json\/wp\/v2\/pages\/11124\/revisions"}],"predecessor-version":[{"id":11125,"href":"https:\/\/www.cpl.es\/ca\/wp-json\/wp\/v2\/pages\/11124\/revisions\/11125"}],"up":[{"embeddable":true,"href":"https:\/\/www.cpl.es\/ca\/wp-json\/wp\/v2\/pages\/11109"}],"wp:attachment":[{"href":"https:\/\/www.cpl.es\/ca\/wp-json\/wp\/v2\/media?parent=11124"}],"curies":[{"name":"wp","href":"https:\/\/api.w.org\/{rel}","templated":true}]}}