{"id":11122,"date":"2023-11-29T14:21:41","date_gmt":"2023-11-29T13:21:41","guid":{"rendered":"https:\/\/nuevaweb.cpl.es\/?page_id=11122"},"modified":"2023-12-11T20:50:10","modified_gmt":"2023-12-11T19:50:10","slug":"tambe-al-segle-iv-el-nadal-i-lepifania","status":"publish","type":"page","link":"https:\/\/www.cpl.es\/ca\/blog\/vida-liturgica\/com-es-forma-lany-liturgic\/tambe-al-segle-iv-el-nadal-i-lepifania\/","title":{"rendered":"Tamb\u00e9 al segle IV: el Nadal i l\u2019Epifania"},"content":{"rendered":"<div id=\"pl-11122\"  class=\"panel-layout\" ><div id=\"pg-11122-0\"  class=\"panel-grid panel-no-style\" ><div id=\"pgc-11122-0-0\"  class=\"panel-grid-cell\" ><div id=\"panel-11122-0-0-0\" class=\"so-panel widget widget_sow-editor panel-first-child panel-last-child\" data-index=\"0\" ><div\n\t\t\t\n\t\t\tclass=\"so-widget-sow-editor so-widget-sow-editor-base\"\n\t\t\t\n\t\t>\n<div class=\"siteorigin-widget-tinymce textwidget\">\n\t<p><img decoding=\"async\" class=\"alignnone size-full wp-image-9134\" src=\"https:\/\/www.cpl.es\/wp-content\/uploads\/315-Tambe-al-segle-IV.jpg\" alt=\"\" width=\"400\" height=\"228\" srcset=\"https:\/\/www.cpl.es\/wp-content\/uploads\/\/315-Tambe-al-segle-IV.jpg 400w, https:\/\/www.cpl.es\/wp-content\/uploads\/\/315-Tambe-al-segle-IV-300x171.jpg 300w\" sizes=\"auto, (max-width: 400px) 100vw, 400px\" \/ fetchpriority=\"high\"><\/p>\n<p>Juntament amb la Quaresma, la Setmana Santa, l\u2019Ascensi\u00f3 i la Pentecosta, de qu\u00e8 parlem en un altre apartat, en el segle IV t\u00e9 lloc tamb\u00e9 la incorporaci\u00f3 de les festes del Nadal i l\u2019Epifania. Totes els temps i festes que s\u2019havien incorporat fins a aquell moment giraven entorn de la Pasqua i per tant depenien de les variacions del dia de Pasqua, que es calcula segons el calendari lunar. Ara, aquestes noves festes es fixen en unes dates concretes del calendari solar. I aix\u00f2 fa que, mentre totes les altres celebracions varien de data cada any, les del cicle de Nadal, en canvi, s\u00f3n en un dia fix.<\/p>\n<p>\u00bfCom neixen aquestes festes? Feia ja temps que a dintre la comunitat cristiana s\u2019havia anat obrint pas el desig de celebrar l\u2019inici de la pres\u00e8ncia del Senyor enmig de la hist\u00f2ria humana. I al segle IV aquest desig passa ja a concretar-se en el calendari lit\u00fargic. Eren \u00e8poques de discussions dures amb els arrians, que negaven la divinitat de Jes\u00fas, i per tant celebrar que D\u00e9u s\u2019havia fet home era una manera de reivindicar joiosament aquesta divinitat q\u00fcestionada. I juntament amb aix\u00f2, hi havia tamb\u00e9 el fet que en els dies del solstici d\u2019hivern se celebraven a molts llocs festes en honor del Sol, considerat com una divinitat pel sector de la poblaci\u00f3 que encara continuava en el paganisme. De manera que situar en els dies d\u2019aquestes festes del Sol la celebraci\u00f3 de la vinguda al m\u00f3n del Sol veritable, Jes\u00fas, era una bona forma d\u2019unir-ho tot: l\u2019afirmaci\u00f3 de la divinitat de Jes\u00fas, i la reivindicaci\u00f3 de la fe cristiana davant el paganisme.<\/p>\n<p>I aix\u00ed \u00e9s com neix, a Roma, la festa de Nadal, el 25 de desembre, i a l\u2019Orient, la festa de l\u2019Epifania, el 6 de gener. Totes dues festes celebren el mateix: que D\u00e9u s\u2019ha fet home en aquell infant de Betlem, que D\u00e9u ha vingut a compartir la nostra hist\u00f2ria humana, i que s\u2019ha volgut manifestar com a llum i vida per a tothom.<\/p>\n<p>Amb el temps, per\u00f2, i a mesura que les diverses lit\u00fargies van incorporar totes dues festes, la del 25 de desembre va agafar m\u00e9s el car\u00e0cter de festa del naixement de Jes\u00fas i la manifestaci\u00f3 als pastors, i la del 6 de gener la de manifestaci\u00f3 de Jes\u00fas a tots els pobles de la terra, representats en aquells savis estrangers que arriben de l\u2019Orient.<\/p>\n<\/div>\n<\/div><\/div><\/div><\/div><\/div>","protected":false},"excerpt":{"rendered":"<p>Juntament amb la Quaresma, la Setmana Santa, l\u2019Ascensi\u00f3 i la Pentecosta, de qu\u00e8 parlem en un altre apartat, en el segle IV t\u00e9 lloc tamb\u00e9 la incorporaci\u00f3 de les festes del Nadal i l\u2019Epifania. Totes els temps i festes que s\u2019havien incorporat fins a aquell moment giraven entorn de la Pasqua i per tant depenien [&hellip;]<\/p>\n","protected":false},"author":1,"featured_media":0,"parent":11109,"menu_order":5,"comment_status":"closed","ping_status":"closed","template":"","meta":{"_acf_changed":false,"inline_featured_image":false,"footnotes":""},"class_list":["post-11122","page","type-page","status-publish","hentry"],"acf":[],"yoast_head":"<!-- This site is optimized with the Yoast SEO plugin v27.3 - https:\/\/yoast.com\/product\/yoast-seo-wordpress\/ -->\n<title>Tamb\u00e9 al segle IV: el Nadal i l\u2019Epifania - CPL<\/title>\n<meta name=\"robots\" content=\"index, follow, max-snippet:-1, max-image-preview:large, max-video-preview:-1\" \/>\n<link rel=\"canonical\" href=\"https:\/\/www.cpl.es\/ca\/blog\/vida-liturgica\/com-es-forma-lany-liturgic\/tambe-al-segle-iv-el-nadal-i-lepifania\/\" \/>\n<meta property=\"og:locale\" content=\"ca_ES\" \/>\n<meta property=\"og:type\" content=\"article\" \/>\n<meta property=\"og:title\" content=\"Tamb\u00e9 al segle IV: el Nadal i l\u2019Epifania - CPL\" \/>\n<meta property=\"og:description\" content=\"Juntament amb la Quaresma, la Setmana Santa, l\u2019Ascensi\u00f3 i la Pentecosta, de qu\u00e8 parlem en un altre apartat, en el segle IV t\u00e9 lloc tamb\u00e9 la incorporaci\u00f3 de les festes del Nadal i l\u2019Epifania. Totes els temps i festes que s\u2019havien incorporat fins a aquell moment giraven entorn de la Pasqua i per tant depenien [&hellip;]\" \/>\n<meta property=\"og:url\" content=\"https:\/\/www.cpl.es\/ca\/blog\/vida-liturgica\/com-es-forma-lany-liturgic\/tambe-al-segle-iv-el-nadal-i-lepifania\/\" \/>\n<meta property=\"og:site_name\" content=\"CPL\" \/>\n<meta property=\"article:modified_time\" content=\"2023-12-11T19:50:10+00:00\" \/>\n<meta property=\"og:image\" content=\"https:\/\/www.cpl.es\/wp-content\/uploads\/315-Tambe-al-segle-IV.jpg\" \/>\n\t<meta property=\"og:image:width\" content=\"400\" \/>\n\t<meta property=\"og:image:height\" content=\"228\" \/>\n\t<meta property=\"og:image:type\" content=\"image\/jpeg\" \/>\n<meta name=\"twitter:card\" content=\"summary_large_image\" \/>\n<meta name=\"twitter:label1\" content=\"Temps estimat de lectura\" \/>\n\t<meta name=\"twitter:data1\" content=\"2 minuts\" \/>\n<script type=\"application\/ld+json\" class=\"yoast-schema-graph\">{\"@context\":\"https:\\\/\\\/schema.org\",\"@graph\":[{\"@type\":\"WebPage\",\"@id\":\"https:\\\/\\\/www.cpl.es\\\/ca\\\/blog\\\/vida-liturgica\\\/com-es-forma-lany-liturgic\\\/tambe-al-segle-iv-el-nadal-i-lepifania\\\/\",\"url\":\"https:\\\/\\\/www.cpl.es\\\/ca\\\/blog\\\/vida-liturgica\\\/com-es-forma-lany-liturgic\\\/tambe-al-segle-iv-el-nadal-i-lepifania\\\/\",\"name\":\"Tamb\u00e9 al segle IV: el Nadal i l\u2019Epifania - CPL\",\"isPartOf\":{\"@id\":\"https:\\\/\\\/www.cpl.es\\\/#website\"},\"primaryImageOfPage\":{\"@id\":\"https:\\\/\\\/www.cpl.es\\\/ca\\\/blog\\\/vida-liturgica\\\/com-es-forma-lany-liturgic\\\/tambe-al-segle-iv-el-nadal-i-lepifania\\\/#primaryimage\"},\"image\":{\"@id\":\"https:\\\/\\\/www.cpl.es\\\/ca\\\/blog\\\/vida-liturgica\\\/com-es-forma-lany-liturgic\\\/tambe-al-segle-iv-el-nadal-i-lepifania\\\/#primaryimage\"},\"thumbnailUrl\":\"https:\\\/\\\/www.cpl.es\\\/wp-content\\\/uploads\\\/315-Tambe-al-segle-IV.jpg\",\"datePublished\":\"2023-11-29T13:21:41+00:00\",\"dateModified\":\"2023-12-11T19:50:10+00:00\",\"breadcrumb\":{\"@id\":\"https:\\\/\\\/www.cpl.es\\\/ca\\\/blog\\\/vida-liturgica\\\/com-es-forma-lany-liturgic\\\/tambe-al-segle-iv-el-nadal-i-lepifania\\\/#breadcrumb\"},\"inLanguage\":\"ca\",\"potentialAction\":[{\"@type\":\"ReadAction\",\"target\":[\"https:\\\/\\\/www.cpl.es\\\/ca\\\/blog\\\/vida-liturgica\\\/com-es-forma-lany-liturgic\\\/tambe-al-segle-iv-el-nadal-i-lepifania\\\/\"]}]},{\"@type\":\"ImageObject\",\"inLanguage\":\"ca\",\"@id\":\"https:\\\/\\\/www.cpl.es\\\/ca\\\/blog\\\/vida-liturgica\\\/com-es-forma-lany-liturgic\\\/tambe-al-segle-iv-el-nadal-i-lepifania\\\/#primaryimage\",\"url\":\"https:\\\/\\\/www.cpl.es\\\/wp-content\\\/uploads\\\/315-Tambe-al-segle-IV.jpg\",\"contentUrl\":\"https:\\\/\\\/www.cpl.es\\\/wp-content\\\/uploads\\\/315-Tambe-al-segle-IV.jpg\"},{\"@type\":\"BreadcrumbList\",\"@id\":\"https:\\\/\\\/www.cpl.es\\\/ca\\\/blog\\\/vida-liturgica\\\/com-es-forma-lany-liturgic\\\/tambe-al-segle-iv-el-nadal-i-lepifania\\\/#breadcrumb\",\"itemListElement\":[{\"@type\":\"ListItem\",\"position\":1,\"name\":\"Portada\",\"item\":\"https:\\\/\\\/www.cpl.es\\\/ca\\\/\"},{\"@type\":\"ListItem\",\"position\":2,\"name\":\"Blog\",\"item\":\"https:\\\/\\\/www.cpl.es\\\/ca\\\/blog\\\/\"},{\"@type\":\"ListItem\",\"position\":3,\"name\":\"Vida lit\u00fargica\",\"item\":\"https:\\\/\\\/www.cpl.es\\\/ca\\\/blog\\\/vida-liturgica\\\/\"},{\"@type\":\"ListItem\",\"position\":4,\"name\":\"Com es forma l\u2019any lit\u00fargic\",\"item\":\"https:\\\/\\\/www.cpl.es\\\/ca\\\/blog\\\/vida-liturgica\\\/com-es-forma-lany-liturgic\\\/\"},{\"@type\":\"ListItem\",\"position\":5,\"name\":\"Tamb\u00e9 al segle IV: el Nadal i l\u2019Epifania\"}]},{\"@type\":\"WebSite\",\"@id\":\"https:\\\/\\\/www.cpl.es\\\/#website\",\"url\":\"https:\\\/\\\/www.cpl.es\\\/\",\"name\":\"CPL\",\"description\":\"Centre de Pastoral Lit\u00fargica de Barcelona\",\"publisher\":{\"@id\":\"https:\\\/\\\/www.cpl.es\\\/#organization\"},\"alternateName\":\"Centre de Pastoral Lit\u00fargica\",\"potentialAction\":[{\"@type\":\"SearchAction\",\"target\":{\"@type\":\"EntryPoint\",\"urlTemplate\":\"https:\\\/\\\/www.cpl.es\\\/?s={search_term_string}\"},\"query-input\":{\"@type\":\"PropertyValueSpecification\",\"valueRequired\":true,\"valueName\":\"search_term_string\"}}],\"inLanguage\":\"ca\"},{\"@type\":\"Organization\",\"@id\":\"https:\\\/\\\/www.cpl.es\\\/#organization\",\"name\":\"Centre de Pastoral Lit\u00fargica\",\"alternateName\":\"Centre de Pastoral Lit\u00fargica de Barcelona\",\"url\":\"https:\\\/\\\/www.cpl.es\\\/\",\"logo\":{\"@type\":\"ImageObject\",\"inLanguage\":\"ca\",\"@id\":\"https:\\\/\\\/www.cpl.es\\\/#\\\/schema\\\/logo\\\/image\\\/\",\"url\":\"https:\\\/\\\/www.cpl.es\\\/wp-content\\\/uploads\\\/logo-cpl.svg\",\"contentUrl\":\"https:\\\/\\\/www.cpl.es\\\/wp-content\\\/uploads\\\/logo-cpl.svg\",\"caption\":\"Centre de Pastoral Lit\u00fargica\"},\"image\":{\"@id\":\"https:\\\/\\\/www.cpl.es\\\/#\\\/schema\\\/logo\\\/image\\\/\"}}]}<\/script>\n<!-- \/ Yoast SEO plugin. -->","yoast_head_json":{"title":"Tamb\u00e9 al segle IV: el Nadal i l\u2019Epifania - CPL","robots":{"index":"index","follow":"follow","max-snippet":"max-snippet:-1","max-image-preview":"max-image-preview:large","max-video-preview":"max-video-preview:-1"},"canonical":"https:\/\/www.cpl.es\/ca\/blog\/vida-liturgica\/com-es-forma-lany-liturgic\/tambe-al-segle-iv-el-nadal-i-lepifania\/","og_locale":"ca_ES","og_type":"article","og_title":"Tamb\u00e9 al segle IV: el Nadal i l\u2019Epifania - CPL","og_description":"Juntament amb la Quaresma, la Setmana Santa, l\u2019Ascensi\u00f3 i la Pentecosta, de qu\u00e8 parlem en un altre apartat, en el segle IV t\u00e9 lloc tamb\u00e9 la incorporaci\u00f3 de les festes del Nadal i l\u2019Epifania. Totes els temps i festes que s\u2019havien incorporat fins a aquell moment giraven entorn de la Pasqua i per tant depenien [&hellip;]","og_url":"https:\/\/www.cpl.es\/ca\/blog\/vida-liturgica\/com-es-forma-lany-liturgic\/tambe-al-segle-iv-el-nadal-i-lepifania\/","og_site_name":"CPL","article_modified_time":"2023-12-11T19:50:10+00:00","og_image":[{"width":400,"height":228,"url":"https:\/\/www.cpl.es\/wp-content\/uploads\/315-Tambe-al-segle-IV.jpg","type":"image\/jpeg"}],"twitter_card":"summary_large_image","twitter_misc":{"Temps estimat de lectura":"2 minuts"},"schema":{"@context":"https:\/\/schema.org","@graph":[{"@type":"WebPage","@id":"https:\/\/www.cpl.es\/ca\/blog\/vida-liturgica\/com-es-forma-lany-liturgic\/tambe-al-segle-iv-el-nadal-i-lepifania\/","url":"https:\/\/www.cpl.es\/ca\/blog\/vida-liturgica\/com-es-forma-lany-liturgic\/tambe-al-segle-iv-el-nadal-i-lepifania\/","name":"Tamb\u00e9 al segle IV: el Nadal i l\u2019Epifania - CPL","isPartOf":{"@id":"https:\/\/www.cpl.es\/#website"},"primaryImageOfPage":{"@id":"https:\/\/www.cpl.es\/ca\/blog\/vida-liturgica\/com-es-forma-lany-liturgic\/tambe-al-segle-iv-el-nadal-i-lepifania\/#primaryimage"},"image":{"@id":"https:\/\/www.cpl.es\/ca\/blog\/vida-liturgica\/com-es-forma-lany-liturgic\/tambe-al-segle-iv-el-nadal-i-lepifania\/#primaryimage"},"thumbnailUrl":"https:\/\/www.cpl.es\/wp-content\/uploads\/315-Tambe-al-segle-IV.jpg","datePublished":"2023-11-29T13:21:41+00:00","dateModified":"2023-12-11T19:50:10+00:00","breadcrumb":{"@id":"https:\/\/www.cpl.es\/ca\/blog\/vida-liturgica\/com-es-forma-lany-liturgic\/tambe-al-segle-iv-el-nadal-i-lepifania\/#breadcrumb"},"inLanguage":"ca","potentialAction":[{"@type":"ReadAction","target":["https:\/\/www.cpl.es\/ca\/blog\/vida-liturgica\/com-es-forma-lany-liturgic\/tambe-al-segle-iv-el-nadal-i-lepifania\/"]}]},{"@type":"ImageObject","inLanguage":"ca","@id":"https:\/\/www.cpl.es\/ca\/blog\/vida-liturgica\/com-es-forma-lany-liturgic\/tambe-al-segle-iv-el-nadal-i-lepifania\/#primaryimage","url":"https:\/\/www.cpl.es\/wp-content\/uploads\/315-Tambe-al-segle-IV.jpg","contentUrl":"https:\/\/www.cpl.es\/wp-content\/uploads\/315-Tambe-al-segle-IV.jpg"},{"@type":"BreadcrumbList","@id":"https:\/\/www.cpl.es\/ca\/blog\/vida-liturgica\/com-es-forma-lany-liturgic\/tambe-al-segle-iv-el-nadal-i-lepifania\/#breadcrumb","itemListElement":[{"@type":"ListItem","position":1,"name":"Portada","item":"https:\/\/www.cpl.es\/ca\/"},{"@type":"ListItem","position":2,"name":"Blog","item":"https:\/\/www.cpl.es\/ca\/blog\/"},{"@type":"ListItem","position":3,"name":"Vida lit\u00fargica","item":"https:\/\/www.cpl.es\/ca\/blog\/vida-liturgica\/"},{"@type":"ListItem","position":4,"name":"Com es forma l\u2019any lit\u00fargic","item":"https:\/\/www.cpl.es\/ca\/blog\/vida-liturgica\/com-es-forma-lany-liturgic\/"},{"@type":"ListItem","position":5,"name":"Tamb\u00e9 al segle IV: el Nadal i l\u2019Epifania"}]},{"@type":"WebSite","@id":"https:\/\/www.cpl.es\/#website","url":"https:\/\/www.cpl.es\/","name":"CPL","description":"Centre de Pastoral Lit\u00fargica de Barcelona","publisher":{"@id":"https:\/\/www.cpl.es\/#organization"},"alternateName":"Centre de Pastoral Lit\u00fargica","potentialAction":[{"@type":"SearchAction","target":{"@type":"EntryPoint","urlTemplate":"https:\/\/www.cpl.es\/?s={search_term_string}"},"query-input":{"@type":"PropertyValueSpecification","valueRequired":true,"valueName":"search_term_string"}}],"inLanguage":"ca"},{"@type":"Organization","@id":"https:\/\/www.cpl.es\/#organization","name":"Centre de Pastoral Lit\u00fargica","alternateName":"Centre de Pastoral Lit\u00fargica de Barcelona","url":"https:\/\/www.cpl.es\/","logo":{"@type":"ImageObject","inLanguage":"ca","@id":"https:\/\/www.cpl.es\/#\/schema\/logo\/image\/","url":"https:\/\/www.cpl.es\/wp-content\/uploads\/logo-cpl.svg","contentUrl":"https:\/\/www.cpl.es\/wp-content\/uploads\/logo-cpl.svg","caption":"Centre de Pastoral Lit\u00fargica"},"image":{"@id":"https:\/\/www.cpl.es\/#\/schema\/logo\/image\/"}}]}},"_links":{"self":[{"href":"https:\/\/www.cpl.es\/ca\/wp-json\/wp\/v2\/pages\/11122","targetHints":{"allow":["GET"]}}],"collection":[{"href":"https:\/\/www.cpl.es\/ca\/wp-json\/wp\/v2\/pages"}],"about":[{"href":"https:\/\/www.cpl.es\/ca\/wp-json\/wp\/v2\/types\/page"}],"author":[{"embeddable":true,"href":"https:\/\/www.cpl.es\/ca\/wp-json\/wp\/v2\/users\/1"}],"replies":[{"embeddable":true,"href":"https:\/\/www.cpl.es\/ca\/wp-json\/wp\/v2\/comments?post=11122"}],"version-history":[{"count":1,"href":"https:\/\/www.cpl.es\/ca\/wp-json\/wp\/v2\/pages\/11122\/revisions"}],"predecessor-version":[{"id":11123,"href":"https:\/\/www.cpl.es\/ca\/wp-json\/wp\/v2\/pages\/11122\/revisions\/11123"}],"up":[{"embeddable":true,"href":"https:\/\/www.cpl.es\/ca\/wp-json\/wp\/v2\/pages\/11109"}],"wp:attachment":[{"href":"https:\/\/www.cpl.es\/ca\/wp-json\/wp\/v2\/media?parent=11122"}],"curies":[{"name":"wp","href":"https:\/\/api.w.org\/{rel}","templated":true}]}}