{"id":11120,"date":"2023-11-29T14:21:00","date_gmt":"2023-11-29T13:21:00","guid":{"rendered":"https:\/\/nuevaweb.cpl.es\/?page_id=11120"},"modified":"2023-12-11T20:48:27","modified_gmt":"2023-12-11T19:48:27","slug":"al-segle-iv-la-quaresma-la-setmana-santa-lascensio-i-la-pentecosta","status":"publish","type":"page","link":"https:\/\/www.cpl.es\/ca\/blog\/vida-liturgica\/com-es-forma-lany-liturgic\/al-segle-iv-la-quaresma-la-setmana-santa-lascensio-i-la-pentecosta\/","title":{"rendered":"Al segle IV: la Quaresma, la Setmana Santa, l\u2019Ascensi\u00f3 i la Pentecosta"},"content":{"rendered":"<div id=\"pl-11120\"  class=\"panel-layout\" ><div id=\"pg-11120-0\"  class=\"panel-grid panel-no-style\" ><div id=\"pgc-11120-0-0\"  class=\"panel-grid-cell\" ><div id=\"panel-11120-0-0-0\" class=\"so-panel widget widget_sow-editor panel-first-child panel-last-child\" data-index=\"0\" ><div\n\t\t\t\n\t\t\tclass=\"so-widget-sow-editor so-widget-sow-editor-base\"\n\t\t\t\n\t\t>\n<div class=\"siteorigin-widget-tinymce textwidget\">\n\t<p><img decoding=\"async\" class=\"alignnone wp-image-9130 size-full\" src=\"https:\/\/www.cpl.es\/wp-content\/uploads\/314-al-Segle-IV.jpg\" alt=\"\" width=\"400\" height=\"227\" srcset=\"https:\/\/www.cpl.es\/wp-content\/uploads\/\/314-al-Segle-IV.jpg 400w, https:\/\/www.cpl.es\/wp-content\/uploads\/\/314-al-Segle-IV-300x170.jpg 300w\" sizes=\"auto, (max-width: 400px) 100vw, 400px\" \/ fetchpriority=\"high\"><\/p>\n<p>El segle IV, quan l\u2019emperador Constant\u00ed promulga el seu edicte donant llibertat a l\u2019Esgl\u00e9sia i acabant, per tant, l\u2019\u00e8poca de les persecucions, ser\u00e0 el moment a partir del qual l\u2019any lit\u00fargic s\u2019anir\u00e0 desenvolupant d\u2019una manera definitiva.<\/p>\n<p>Ser\u00e0 aleshores quan s\u2019introduir\u00e0 un temps de preparaci\u00f3 penitencial i de conversi\u00f3 per a poder celebrar adequadament la Pasqua: un temps que primer varia de llargada segons els llocs, per\u00f2 que finalment, prenent per model els dies que Jes\u00fas va estar al desert preparant-se per a la seva missi\u00f3, queda fixat en quaranta dies: \u00e9s el temps de Quaresma, que comen\u00e7a el primer diumenge de Quaresma i s\u2019acaba el Dijous Sant, a punt per comen\u00e7ar la celebraci\u00f3 de la mort i la resurrecci\u00f3 de Jes\u00fas. El nombre 40 expressa, en la simbologia jueva, un temps llarg, Aquest temps de preparaci\u00f3 per a tots els cristians tindr\u00e0 un valor especial per a tots aquells que es preparaven per al Baptisme: la Quaresma ser\u00e0, efectivament, el temps de preparaci\u00f3 immediata per al Baptisme que havien de rebre a la Vetlla Pasqual. Aix\u00f2 far\u00e0 que, per als ja batejats, la Quaresma agafi tamb\u00e9 un to de renovaci\u00f3 del propi Baptisme, que s\u2019expressar\u00e0 amb la renovaci\u00f3 de les promeses baptismals la nit de Pasqua. I tamb\u00e9, finalment, ser\u00e0 la Quaresma el temps en qu\u00e8 els pecadors que havien complert el seu temps de penit\u00e8ncia es preparaven per a ser reconciliats i reincorporats a la comunitat. (Temps despr\u00e9s, al segle VI, com que els diumenges no eren dies penitencials i es volien assegurar quaranta dies exactes de penit\u00e8ncia, s\u2019avan\u00e7ar\u00e0 l\u2019inici de la Quaresma al dimecres abans del primer diumenge, i aix\u00ed naixer\u00e0 el Dimecres de Cendra).<\/p>\n<p>Tamb\u00e9 ser\u00e0 en el segle IV que la Setmana Santa agafar\u00e0 la forma que t\u00e9 actualment. I ser\u00e0 a Jerusalem on s\u2019iniciaran les celebracions que ara coneixem del Divendres Sant, el Dijous Sant i el Diumenge de Rams. En efecte, els cristians de Jerusalem, que tenien tan a prop de casa els llocs on es van desenvolupar els darrers esdeveniments de la vida de Jes\u00fas, van comen\u00e7ar a rec\u00f3rrer en process\u00f3 aquests llocs: el Calvari, el Cenacle, la Muntanya de les Oliveres\u2026 I a cada lloc recordaven all\u00f2 que all\u00e0 s\u2019hi havia esdevingut, llegien els relats evang\u00e8lics d\u2019aquells fets, llegien tamb\u00e9 profecies que els evocaven, i pregaven junts. I de Jerusalem, aquests costums celebratius es van anar estenent per tota l\u2019Esgl\u00e9sia. En el cas del Diumenge de Rams, per\u00f2, es van unir dues tradicions: per una banda, la tradici\u00f3 de la process\u00f3 dels rams que es feia a Jerusalem, i per una altra, el costum que s\u2019havia iniciat a Roma de llegir la passi\u00f3 el diumenge abans de la Pasqua; de la uni\u00f3 d\u2019aquestes dues tradicions en va sortir la celebraci\u00f3 tal com la tenim ara.<\/p>\n<p>Una altra incorporaci\u00f3 lit\u00fargica del segle IV va ser la de les celebracions de l\u2019Ascensi\u00f3 del Senyor i de la Pentecosta com a conclusi\u00f3 del temps de Pasqua. Ja hem dit abans que, a l\u2019inici, quan es forma el temps de Pasqua durant el segle II, el darrer dia, el cinquant\u00e8, rep el nom de Pentecosta per\u00f2 no s\u2019hi celebra la vinguda de l\u2019Esperit sin\u00f3 nom\u00e9s la conclusi\u00f3 d\u2019aquells cinquanta dies de festa pasqual: els cinquanta dies s\u00f3n una \u00fanica festa, i en aquesta \u00fanica festa s\u2019hi inclou tot: la resurrecci\u00f3 de Jes\u00fas, la seva glorificaci\u00f3 en la vida de D\u00e9u, el do de l\u2019Esperit. Per\u00f2 ara, quan els temps lit\u00fargics van agafant m\u00e9s forma, els cristians volen recordar espec\u00edficament les diverses realitats pasquals. I per aix\u00f2, seguint el que explica el llibre dels Fets dels Ap\u00f2stols, comencen a celebrar l\u2019Ascensi\u00f3 del Senyor al cap de quaranta dies despr\u00e9s de la Pasqua, un dijous, i el do de l\u2019Esperit al cap de cinquanta dies, el diumenge de Pentecosta. (Actualment, en els llocs en qu\u00e8 el dijous de l\u2019Ascensi\u00f3 ha deixat de ser festiu, aquesta commemoraci\u00f3 ha passat al diumenge seg\u00fcent).<\/p>\n<\/div>\n<\/div><\/div><\/div><\/div><\/div>","protected":false},"excerpt":{"rendered":"<p>El segle IV, quan l\u2019emperador Constant\u00ed promulga el seu edicte donant llibertat a l\u2019Esgl\u00e9sia i acabant, per tant, l\u2019\u00e8poca de les persecucions, ser\u00e0 el moment a partir del qual l\u2019any lit\u00fargic s\u2019anir\u00e0 desenvolupant d\u2019una manera definitiva. Ser\u00e0 aleshores quan s\u2019introduir\u00e0 un temps de preparaci\u00f3 penitencial i de conversi\u00f3 per a poder celebrar adequadament la Pasqua: [&hellip;]<\/p>\n","protected":false},"author":1,"featured_media":0,"parent":11109,"menu_order":4,"comment_status":"closed","ping_status":"closed","template":"","meta":{"_acf_changed":false,"inline_featured_image":false,"footnotes":""},"class_list":["post-11120","page","type-page","status-publish","hentry"],"acf":[],"yoast_head":"<!-- This site is optimized with the Yoast SEO plugin v27.3 - https:\/\/yoast.com\/product\/yoast-seo-wordpress\/ -->\n<title>Al segle IV: la Quaresma, la Setmana Santa, l\u2019Ascensi\u00f3 i la Pentecosta - CPL<\/title>\n<meta name=\"robots\" content=\"index, follow, max-snippet:-1, max-image-preview:large, max-video-preview:-1\" \/>\n<link rel=\"canonical\" href=\"https:\/\/www.cpl.es\/ca\/blog\/vida-liturgica\/com-es-forma-lany-liturgic\/al-segle-iv-la-quaresma-la-setmana-santa-lascensio-i-la-pentecosta\/\" \/>\n<meta property=\"og:locale\" content=\"ca_ES\" \/>\n<meta property=\"og:type\" content=\"article\" \/>\n<meta property=\"og:title\" content=\"Al segle IV: la Quaresma, la Setmana Santa, l\u2019Ascensi\u00f3 i la Pentecosta - CPL\" \/>\n<meta property=\"og:description\" content=\"El segle IV, quan l\u2019emperador Constant\u00ed promulga el seu edicte donant llibertat a l\u2019Esgl\u00e9sia i acabant, per tant, l\u2019\u00e8poca de les persecucions, ser\u00e0 el moment a partir del qual l\u2019any lit\u00fargic s\u2019anir\u00e0 desenvolupant d\u2019una manera definitiva. Ser\u00e0 aleshores quan s\u2019introduir\u00e0 un temps de preparaci\u00f3 penitencial i de conversi\u00f3 per a poder celebrar adequadament la Pasqua: [&hellip;]\" \/>\n<meta property=\"og:url\" content=\"https:\/\/www.cpl.es\/ca\/blog\/vida-liturgica\/com-es-forma-lany-liturgic\/al-segle-iv-la-quaresma-la-setmana-santa-lascensio-i-la-pentecosta\/\" \/>\n<meta property=\"og:site_name\" content=\"CPL\" \/>\n<meta property=\"article:modified_time\" content=\"2023-12-11T19:48:27+00:00\" \/>\n<meta property=\"og:image\" content=\"https:\/\/www.cpl.es\/wp-content\/uploads\/314-al-Segle-IV.jpg\" \/>\n\t<meta property=\"og:image:width\" content=\"400\" \/>\n\t<meta property=\"og:image:height\" content=\"227\" \/>\n\t<meta property=\"og:image:type\" content=\"image\/jpeg\" \/>\n<meta name=\"twitter:card\" content=\"summary_large_image\" \/>\n<meta name=\"twitter:label1\" content=\"Temps estimat de lectura\" \/>\n\t<meta name=\"twitter:data1\" content=\"4 minuts\" \/>\n<script type=\"application\/ld+json\" class=\"yoast-schema-graph\">{\"@context\":\"https:\\\/\\\/schema.org\",\"@graph\":[{\"@type\":\"WebPage\",\"@id\":\"https:\\\/\\\/www.cpl.es\\\/ca\\\/blog\\\/vida-liturgica\\\/com-es-forma-lany-liturgic\\\/al-segle-iv-la-quaresma-la-setmana-santa-lascensio-i-la-pentecosta\\\/\",\"url\":\"https:\\\/\\\/www.cpl.es\\\/ca\\\/blog\\\/vida-liturgica\\\/com-es-forma-lany-liturgic\\\/al-segle-iv-la-quaresma-la-setmana-santa-lascensio-i-la-pentecosta\\\/\",\"name\":\"Al segle IV: la Quaresma, la Setmana Santa, l\u2019Ascensi\u00f3 i la Pentecosta - CPL\",\"isPartOf\":{\"@id\":\"https:\\\/\\\/www.cpl.es\\\/#website\"},\"primaryImageOfPage\":{\"@id\":\"https:\\\/\\\/www.cpl.es\\\/ca\\\/blog\\\/vida-liturgica\\\/com-es-forma-lany-liturgic\\\/al-segle-iv-la-quaresma-la-setmana-santa-lascensio-i-la-pentecosta\\\/#primaryimage\"},\"image\":{\"@id\":\"https:\\\/\\\/www.cpl.es\\\/ca\\\/blog\\\/vida-liturgica\\\/com-es-forma-lany-liturgic\\\/al-segle-iv-la-quaresma-la-setmana-santa-lascensio-i-la-pentecosta\\\/#primaryimage\"},\"thumbnailUrl\":\"https:\\\/\\\/www.cpl.es\\\/wp-content\\\/uploads\\\/314-al-Segle-IV.jpg\",\"datePublished\":\"2023-11-29T13:21:00+00:00\",\"dateModified\":\"2023-12-11T19:48:27+00:00\",\"breadcrumb\":{\"@id\":\"https:\\\/\\\/www.cpl.es\\\/ca\\\/blog\\\/vida-liturgica\\\/com-es-forma-lany-liturgic\\\/al-segle-iv-la-quaresma-la-setmana-santa-lascensio-i-la-pentecosta\\\/#breadcrumb\"},\"inLanguage\":\"ca\",\"potentialAction\":[{\"@type\":\"ReadAction\",\"target\":[\"https:\\\/\\\/www.cpl.es\\\/ca\\\/blog\\\/vida-liturgica\\\/com-es-forma-lany-liturgic\\\/al-segle-iv-la-quaresma-la-setmana-santa-lascensio-i-la-pentecosta\\\/\"]}]},{\"@type\":\"ImageObject\",\"inLanguage\":\"ca\",\"@id\":\"https:\\\/\\\/www.cpl.es\\\/ca\\\/blog\\\/vida-liturgica\\\/com-es-forma-lany-liturgic\\\/al-segle-iv-la-quaresma-la-setmana-santa-lascensio-i-la-pentecosta\\\/#primaryimage\",\"url\":\"https:\\\/\\\/www.cpl.es\\\/wp-content\\\/uploads\\\/314-al-Segle-IV.jpg\",\"contentUrl\":\"https:\\\/\\\/www.cpl.es\\\/wp-content\\\/uploads\\\/314-al-Segle-IV.jpg\"},{\"@type\":\"BreadcrumbList\",\"@id\":\"https:\\\/\\\/www.cpl.es\\\/ca\\\/blog\\\/vida-liturgica\\\/com-es-forma-lany-liturgic\\\/al-segle-iv-la-quaresma-la-setmana-santa-lascensio-i-la-pentecosta\\\/#breadcrumb\",\"itemListElement\":[{\"@type\":\"ListItem\",\"position\":1,\"name\":\"Portada\",\"item\":\"https:\\\/\\\/www.cpl.es\\\/ca\\\/\"},{\"@type\":\"ListItem\",\"position\":2,\"name\":\"Blog\",\"item\":\"https:\\\/\\\/www.cpl.es\\\/ca\\\/blog\\\/\"},{\"@type\":\"ListItem\",\"position\":3,\"name\":\"Vida lit\u00fargica\",\"item\":\"https:\\\/\\\/www.cpl.es\\\/ca\\\/blog\\\/vida-liturgica\\\/\"},{\"@type\":\"ListItem\",\"position\":4,\"name\":\"Com es forma l\u2019any lit\u00fargic\",\"item\":\"https:\\\/\\\/www.cpl.es\\\/ca\\\/blog\\\/vida-liturgica\\\/com-es-forma-lany-liturgic\\\/\"},{\"@type\":\"ListItem\",\"position\":5,\"name\":\"Al segle IV: la Quaresma, la Setmana Santa, l\u2019Ascensi\u00f3 i la Pentecosta\"}]},{\"@type\":\"WebSite\",\"@id\":\"https:\\\/\\\/www.cpl.es\\\/#website\",\"url\":\"https:\\\/\\\/www.cpl.es\\\/\",\"name\":\"CPL\",\"description\":\"Centre de Pastoral Lit\u00fargica de Barcelona\",\"publisher\":{\"@id\":\"https:\\\/\\\/www.cpl.es\\\/#organization\"},\"alternateName\":\"Centre de Pastoral Lit\u00fargica\",\"potentialAction\":[{\"@type\":\"SearchAction\",\"target\":{\"@type\":\"EntryPoint\",\"urlTemplate\":\"https:\\\/\\\/www.cpl.es\\\/?s={search_term_string}\"},\"query-input\":{\"@type\":\"PropertyValueSpecification\",\"valueRequired\":true,\"valueName\":\"search_term_string\"}}],\"inLanguage\":\"ca\"},{\"@type\":\"Organization\",\"@id\":\"https:\\\/\\\/www.cpl.es\\\/#organization\",\"name\":\"Centre de Pastoral Lit\u00fargica\",\"alternateName\":\"Centre de Pastoral Lit\u00fargica de Barcelona\",\"url\":\"https:\\\/\\\/www.cpl.es\\\/\",\"logo\":{\"@type\":\"ImageObject\",\"inLanguage\":\"ca\",\"@id\":\"https:\\\/\\\/www.cpl.es\\\/#\\\/schema\\\/logo\\\/image\\\/\",\"url\":\"https:\\\/\\\/www.cpl.es\\\/wp-content\\\/uploads\\\/logo-cpl.svg\",\"contentUrl\":\"https:\\\/\\\/www.cpl.es\\\/wp-content\\\/uploads\\\/logo-cpl.svg\",\"caption\":\"Centre de Pastoral Lit\u00fargica\"},\"image\":{\"@id\":\"https:\\\/\\\/www.cpl.es\\\/#\\\/schema\\\/logo\\\/image\\\/\"}}]}<\/script>\n<!-- \/ Yoast SEO plugin. -->","yoast_head_json":{"title":"Al segle IV: la Quaresma, la Setmana Santa, l\u2019Ascensi\u00f3 i la Pentecosta - CPL","robots":{"index":"index","follow":"follow","max-snippet":"max-snippet:-1","max-image-preview":"max-image-preview:large","max-video-preview":"max-video-preview:-1"},"canonical":"https:\/\/www.cpl.es\/ca\/blog\/vida-liturgica\/com-es-forma-lany-liturgic\/al-segle-iv-la-quaresma-la-setmana-santa-lascensio-i-la-pentecosta\/","og_locale":"ca_ES","og_type":"article","og_title":"Al segle IV: la Quaresma, la Setmana Santa, l\u2019Ascensi\u00f3 i la Pentecosta - CPL","og_description":"El segle IV, quan l\u2019emperador Constant\u00ed promulga el seu edicte donant llibertat a l\u2019Esgl\u00e9sia i acabant, per tant, l\u2019\u00e8poca de les persecucions, ser\u00e0 el moment a partir del qual l\u2019any lit\u00fargic s\u2019anir\u00e0 desenvolupant d\u2019una manera definitiva. Ser\u00e0 aleshores quan s\u2019introduir\u00e0 un temps de preparaci\u00f3 penitencial i de conversi\u00f3 per a poder celebrar adequadament la Pasqua: [&hellip;]","og_url":"https:\/\/www.cpl.es\/ca\/blog\/vida-liturgica\/com-es-forma-lany-liturgic\/al-segle-iv-la-quaresma-la-setmana-santa-lascensio-i-la-pentecosta\/","og_site_name":"CPL","article_modified_time":"2023-12-11T19:48:27+00:00","og_image":[{"width":400,"height":227,"url":"https:\/\/www.cpl.es\/wp-content\/uploads\/314-al-Segle-IV.jpg","type":"image\/jpeg"}],"twitter_card":"summary_large_image","twitter_misc":{"Temps estimat de lectura":"4 minuts"},"schema":{"@context":"https:\/\/schema.org","@graph":[{"@type":"WebPage","@id":"https:\/\/www.cpl.es\/ca\/blog\/vida-liturgica\/com-es-forma-lany-liturgic\/al-segle-iv-la-quaresma-la-setmana-santa-lascensio-i-la-pentecosta\/","url":"https:\/\/www.cpl.es\/ca\/blog\/vida-liturgica\/com-es-forma-lany-liturgic\/al-segle-iv-la-quaresma-la-setmana-santa-lascensio-i-la-pentecosta\/","name":"Al segle IV: la Quaresma, la Setmana Santa, l\u2019Ascensi\u00f3 i la Pentecosta - CPL","isPartOf":{"@id":"https:\/\/www.cpl.es\/#website"},"primaryImageOfPage":{"@id":"https:\/\/www.cpl.es\/ca\/blog\/vida-liturgica\/com-es-forma-lany-liturgic\/al-segle-iv-la-quaresma-la-setmana-santa-lascensio-i-la-pentecosta\/#primaryimage"},"image":{"@id":"https:\/\/www.cpl.es\/ca\/blog\/vida-liturgica\/com-es-forma-lany-liturgic\/al-segle-iv-la-quaresma-la-setmana-santa-lascensio-i-la-pentecosta\/#primaryimage"},"thumbnailUrl":"https:\/\/www.cpl.es\/wp-content\/uploads\/314-al-Segle-IV.jpg","datePublished":"2023-11-29T13:21:00+00:00","dateModified":"2023-12-11T19:48:27+00:00","breadcrumb":{"@id":"https:\/\/www.cpl.es\/ca\/blog\/vida-liturgica\/com-es-forma-lany-liturgic\/al-segle-iv-la-quaresma-la-setmana-santa-lascensio-i-la-pentecosta\/#breadcrumb"},"inLanguage":"ca","potentialAction":[{"@type":"ReadAction","target":["https:\/\/www.cpl.es\/ca\/blog\/vida-liturgica\/com-es-forma-lany-liturgic\/al-segle-iv-la-quaresma-la-setmana-santa-lascensio-i-la-pentecosta\/"]}]},{"@type":"ImageObject","inLanguage":"ca","@id":"https:\/\/www.cpl.es\/ca\/blog\/vida-liturgica\/com-es-forma-lany-liturgic\/al-segle-iv-la-quaresma-la-setmana-santa-lascensio-i-la-pentecosta\/#primaryimage","url":"https:\/\/www.cpl.es\/wp-content\/uploads\/314-al-Segle-IV.jpg","contentUrl":"https:\/\/www.cpl.es\/wp-content\/uploads\/314-al-Segle-IV.jpg"},{"@type":"BreadcrumbList","@id":"https:\/\/www.cpl.es\/ca\/blog\/vida-liturgica\/com-es-forma-lany-liturgic\/al-segle-iv-la-quaresma-la-setmana-santa-lascensio-i-la-pentecosta\/#breadcrumb","itemListElement":[{"@type":"ListItem","position":1,"name":"Portada","item":"https:\/\/www.cpl.es\/ca\/"},{"@type":"ListItem","position":2,"name":"Blog","item":"https:\/\/www.cpl.es\/ca\/blog\/"},{"@type":"ListItem","position":3,"name":"Vida lit\u00fargica","item":"https:\/\/www.cpl.es\/ca\/blog\/vida-liturgica\/"},{"@type":"ListItem","position":4,"name":"Com es forma l\u2019any lit\u00fargic","item":"https:\/\/www.cpl.es\/ca\/blog\/vida-liturgica\/com-es-forma-lany-liturgic\/"},{"@type":"ListItem","position":5,"name":"Al segle IV: la Quaresma, la Setmana Santa, l\u2019Ascensi\u00f3 i la Pentecosta"}]},{"@type":"WebSite","@id":"https:\/\/www.cpl.es\/#website","url":"https:\/\/www.cpl.es\/","name":"CPL","description":"Centre de Pastoral Lit\u00fargica de Barcelona","publisher":{"@id":"https:\/\/www.cpl.es\/#organization"},"alternateName":"Centre de Pastoral Lit\u00fargica","potentialAction":[{"@type":"SearchAction","target":{"@type":"EntryPoint","urlTemplate":"https:\/\/www.cpl.es\/?s={search_term_string}"},"query-input":{"@type":"PropertyValueSpecification","valueRequired":true,"valueName":"search_term_string"}}],"inLanguage":"ca"},{"@type":"Organization","@id":"https:\/\/www.cpl.es\/#organization","name":"Centre de Pastoral Lit\u00fargica","alternateName":"Centre de Pastoral Lit\u00fargica de Barcelona","url":"https:\/\/www.cpl.es\/","logo":{"@type":"ImageObject","inLanguage":"ca","@id":"https:\/\/www.cpl.es\/#\/schema\/logo\/image\/","url":"https:\/\/www.cpl.es\/wp-content\/uploads\/logo-cpl.svg","contentUrl":"https:\/\/www.cpl.es\/wp-content\/uploads\/logo-cpl.svg","caption":"Centre de Pastoral Lit\u00fargica"},"image":{"@id":"https:\/\/www.cpl.es\/#\/schema\/logo\/image\/"}}]}},"_links":{"self":[{"href":"https:\/\/www.cpl.es\/ca\/wp-json\/wp\/v2\/pages\/11120","targetHints":{"allow":["GET"]}}],"collection":[{"href":"https:\/\/www.cpl.es\/ca\/wp-json\/wp\/v2\/pages"}],"about":[{"href":"https:\/\/www.cpl.es\/ca\/wp-json\/wp\/v2\/types\/page"}],"author":[{"embeddable":true,"href":"https:\/\/www.cpl.es\/ca\/wp-json\/wp\/v2\/users\/1"}],"replies":[{"embeddable":true,"href":"https:\/\/www.cpl.es\/ca\/wp-json\/wp\/v2\/comments?post=11120"}],"version-history":[{"count":1,"href":"https:\/\/www.cpl.es\/ca\/wp-json\/wp\/v2\/pages\/11120\/revisions"}],"predecessor-version":[{"id":11121,"href":"https:\/\/www.cpl.es\/ca\/wp-json\/wp\/v2\/pages\/11120\/revisions\/11121"}],"up":[{"embeddable":true,"href":"https:\/\/www.cpl.es\/ca\/wp-json\/wp\/v2\/pages\/11109"}],"wp:attachment":[{"href":"https:\/\/www.cpl.es\/ca\/wp-json\/wp\/v2\/media?parent=11120"}],"curies":[{"name":"wp","href":"https:\/\/api.w.org\/{rel}","templated":true}]}}